{"id":1154,"date":"2022-04-15T13:54:21","date_gmt":"2022-04-15T05:54:21","guid":{"rendered":"https:\/\/www.tosunlux.eu\/?post_type=product&#038;p=1154"},"modified":"2022-04-19T13:34:57","modified_gmt":"2022-04-19T05:34:57","slug":"dual-function-time-relay-trt8-ec","status":"publish","type":"product","link":"https:\/\/www.tosunlux.eu\/pl\/products\/dual-function-time-relay-trt8-ec\/","title":{"rendered":"Przeka\u017anik czasowy dwufunkcyjny TRT8-EC"},"content":{"rendered":"<pre class=\"wp-block-verse\"><strong>Aplikacje<\/strong>\n\nDwufunkcyjny przeka\u017anik czasowy mo\u017ce by\u0107 stosowany w urz\u0105dzeniach przemys\u0142owych, do sterowania o\u015bwietleniem, elementami grzejnymi, silnikami i wentylatorami. Posiada dwa tryby op\u00f3\u017anienia, zakres op\u00f3\u017anienia wynosi od 0,1 sekundy do 10 dni.\n\n<\/pre>\n\n\n\n<pre class=\"wp-block-verse\"><strong>Funkcja<\/strong>\n\nMo\u017cna ustawi\u0107 dwa tryby op\u00f3\u017anienia. Obs\u0142uguje AC230V, AC\/DC24V dwa rodzaje napi\u0119cia roboczego. Bardzo szeroki zakres op\u00f3\u017anienia, 0,1 sekundy - 10 dni mo\u017cna ustawi\u0107. Stan roboczy przeka\u017anika jest wskazywany przez wska\u017anik LED. Bardzo ma\u0142y rozmiar, szeroko\u015b\u0107 tylko 18 mm, monta\u017c na szynie 35 mm.\n\n<strong>Parametry techniczne<\/strong>\n\n<\/pre>\n\n\n\n<figure class=\"wp-block-table\"><table><tbody><tr><td>Model<\/td><td>TRT8-EC<\/td><\/tr><tr><td>Funkcjonowa\u0107<\/td><td>Op\u00f3\u017anienie w\u0142\u0105czenia, op\u00f3\u017anienie wy\u0142\u0105czenia<\/td><\/tr><tr><td>Zaciski zasilaj\u0105ce<\/td><td>A1-A2 (pr\u0105d zmienny 230 V), A1-A3 (pr\u0105d zmienny\/pr\u0105d sta\u0142y 24 V)<\/td><\/tr><tr><td>Zakres napi\u0119cia<\/td><td>Pr\u0105d zmienny 230 V (50-60 Hz), pr\u0105d zmienny\/sta\u0142y 24 V<\/td><\/tr><tr><td>Moc wej\u015bciowa<\/td><td>Maksymalne nat\u0119\u017cenie pr\u0105du zmiennego 6VA\/1,3W<\/td><\/tr><tr><td>Tolerancja napi\u0119cia zasilania<\/td><td>-15%;+10%<\/td><\/tr><tr><td>Wskazanie dostawy<\/td><td>zielona dioda LED<\/td><\/tr><tr><td>Zakresy czasu<\/td><td>0,1 sek.-10 dni<\/td><\/tr><tr><td>Ustawienie czasu<\/td><td>miernik potencjometru<\/td><\/tr><tr><td>Odchylenie czasu<\/td><td>\u226410%<\/td><\/tr><tr><td>Powtarzalna dok\u0142adno\u015b\u0107<\/td><td>0,2%-stabilno\u015b\u0107 warto\u015bci zadanej<\/td><\/tr><tr><td>Wsp\u00f3\u0142czynnik temperaturowy<\/td><td>0,05%\/C, przy=20\u2103(0,05%\u00b0F, przy=68\u00b0F)<\/td><\/tr><tr><td>Wyj\u015bcie<\/td><td>1xSPDT<\/td><\/tr><tr><td>Obecna ocena<\/td><td>1x10A(AC1)<\/td><\/tr><tr><td>Napi\u0119cie prze\u0142\u0105czaj\u0105ce<\/td><td>250 V AC\/24 V DC<\/td><\/tr><tr><td>Min. zdolno\u015b\u0107 wy\u0142\u0105czania DC<\/td><td>500mW<\/td><\/tr><tr><td>Wska\u017anik wyj\u015bcia<\/td><td>czerwona dioda LED<\/td><\/tr><tr><td>\u017bywotno\u015b\u0107 mechaniczna<\/td><td>1&#215;10000000<\/td><\/tr><tr><td>\u017bywotno\u015b\u0107 elektryczna (AC1)<\/td><td>1&#215;100000<\/td><\/tr><tr><td>Zresetuj czas<\/td><td>maks. 200 ms<\/td><\/tr><tr><td>Temperatura pracy<\/td><td>&nbsp;-20 \u2103 do +55 \u2103 (-4 \u2109 do 131 \u2109)<\/td><\/tr><tr><td>Temperatura przechowywania<\/td><td>&nbsp;-35\u00b0\u2103 do +75\u00b0C (-22\u2109 do 158\u2109)<\/td><\/tr><\/tbody><\/table><\/figure>\n\n\n\n<p><\/p>\n\n\n<p><strong>Wymiar<\/strong><\/p>\n\n\n<figure class=\"wp-block-image size-large is-resized\"><img fetchpriority=\"high\" decoding=\"async\" src=\"https:\/\/www.tosunlux.eu\/wp-content\/uploads\/2022\/04\/DIMENSION-S2-2-1024x513.jpg\" alt=\"\" class=\"wp-image-1158\" width=\"554\" height=\"276\" srcset=\"https:\/\/www.tosunlux.eu\/wp-content\/uploads\/2022\/04\/DIMENSION-S2-2-300x150.jpg 300w, https:\/\/www.tosunlux.eu\/wp-content\/uploads\/2022\/04\/DIMENSION-S2-2-1536x769.jpg 1536w\" sizes=\"(max-width: 554px) 100vw, 554px\" \/><\/figure>\n\n\n\n<p><\/p>","protected":false},"parent":0,"template":"","product_category":[35,92],"class_list":["post-1154","product","type-product","status-publish","hentry","product_category-industrial-control-devices","product_category-timer-relay"],"yoast_head":"<!-- This site is optimized with the Yoast SEO plugin v27.3 - https:\/\/yoast.com\/product\/yoast-seo-wordpress\/ -->\n<title>WholesaleDual Function Time Relay TRT8-EC - TOSUNlux Official Site - Electrical Circuit Breaker Manufacturer in China Low Voltage Electrical Supplier | TOSUNlux<\/title>\n<meta name=\"description\" content=\"Dual Function Time Relay TRT8-EC Supplier - Wholesale direct from TOSUNlux, a trusted manufacturer since 1994. Get your B2B factory quote on our certified Low Voltage electrical products.\" \/>\n<meta name=\"robots\" content=\"index, follow, max-snippet:-1, max-image-preview:large, max-video-preview:-1\" \/>\n<link rel=\"canonical\" href=\"https:\/\/www.tosunlux.eu\/pl\/products\/dual-function-time-relay-trt8-ec\/\" \/>\n<meta property=\"og:locale\" content=\"pl_PL\" \/>\n<meta property=\"og:type\" content=\"article\" \/>\n<meta property=\"og:title\" content=\"WholesaleDual Function Time Relay TRT8-EC - TOSUNlux Official Site - Electrical Circuit Breaker Manufacturer in China Low Voltage Electrical Supplier | TOSUNlux\" \/>\n<meta property=\"og:description\" content=\"Dual Function Time Relay TRT8-EC Supplier - Wholesale direct from TOSUNlux, a trusted manufacturer since 1994. Get your B2B factory quote on our certified Low Voltage electrical products.\" \/>\n<meta property=\"og:url\" content=\"https:\/\/www.tosunlux.eu\/pl\/products\/dual-function-time-relay-trt8-ec\/\" \/>\n<meta property=\"og:site_name\" content=\"TOSUNlux Official Site - Electrical Circuit Breaker Manufacturer in China\" \/>\n<meta property=\"article:publisher\" content=\"https:\/\/www.facebook.com\/TOSUNelectric\/\" \/>\n<meta property=\"article:modified_time\" content=\"2022-04-19T05:34:57+00:00\" \/>\n<meta property=\"og:image\" content=\"https:\/\/www.tosunlux.eu\/wp-content\/uploads\/2022\/04\/DIMENSION-S2-2-1024x513.jpg\" \/>\n<meta name=\"twitter:card\" content=\"summary_large_image\" \/>\n<meta name=\"twitter:label1\" content=\"Szacowany czas czytania\" \/>\n\t<meta name=\"twitter:data1\" content=\"1 minuta\" \/>\n<script type=\"application\/ld+json\" class=\"yoast-schema-graph\">{\"@context\":\"https:\\\/\\\/schema.org\",\"@graph\":[{\"@type\":\"WebPage\",\"@id\":\"https:\\\/\\\/www.tosunlux.eu\\\/ar\\\/products\\\/dual-function-time-relay-trt8-ec\\\/\",\"url\":\"https:\\\/\\\/www.tosunlux.eu\\\/ar\\\/products\\\/dual-function-time-relay-trt8-ec\\\/\",\"name\":\"WholesaleDual Function Time Relay TRT8-EC - TOSUNlux Official Site - Electrical Circuit Breaker Manufacturer in China Low Voltage Electrical Supplier | TOSUNlux\",\"isPartOf\":{\"@id\":\"https:\\\/\\\/www.tosunlux.eu\\\/ru\\\/#website\"},\"primaryImageOfPage\":{\"@id\":\"https:\\\/\\\/www.tosunlux.eu\\\/ar\\\/products\\\/dual-function-time-relay-trt8-ec\\\/#primaryimage\"},\"image\":{\"@id\":\"https:\\\/\\\/www.tosunlux.eu\\\/ar\\\/products\\\/dual-function-time-relay-trt8-ec\\\/#primaryimage\"},\"thumbnailUrl\":\"https:\\\/\\\/www.tosunlux.eu\\\/wp-content\\\/uploads\\\/2022\\\/04\\\/DIMENSION-S2-2-1024x513.jpg\",\"datePublished\":\"2022-04-15T05:54:21+00:00\",\"dateModified\":\"2022-04-19T05:34:57+00:00\",\"description\":\"Dual Function Time Relay TRT8-EC Supplier - Wholesale direct from TOSUNlux, a trusted manufacturer since 1994. Get your B2B factory quote on our certified Low Voltage electrical products.\",\"breadcrumb\":{\"@id\":\"https:\\\/\\\/www.tosunlux.eu\\\/ar\\\/products\\\/dual-function-time-relay-trt8-ec\\\/#breadcrumb\"},\"inLanguage\":\"pl-PL\",\"potentialAction\":[{\"@type\":\"ReadAction\",\"target\":[\"https:\\\/\\\/www.tosunlux.eu\\\/ar\\\/products\\\/dual-function-time-relay-trt8-ec\\\/\"]}]},{\"@type\":\"ImageObject\",\"inLanguage\":\"pl-PL\",\"@id\":\"https:\\\/\\\/www.tosunlux.eu\\\/ar\\\/products\\\/dual-function-time-relay-trt8-ec\\\/#primaryimage\",\"url\":\"https:\\\/\\\/www.tosunlux.eu\\\/wp-content\\\/uploads\\\/2022\\\/04\\\/DIMENSION-S2-2-1024x513.jpg\",\"contentUrl\":\"https:\\\/\\\/www.tosunlux.eu\\\/wp-content\\\/uploads\\\/2022\\\/04\\\/DIMENSION-S2-2-1024x513.jpg\"},{\"@type\":\"BreadcrumbList\",\"@id\":\"https:\\\/\\\/www.tosunlux.eu\\\/ar\\\/products\\\/dual-function-time-relay-trt8-ec\\\/#breadcrumb\",\"itemListElement\":[{\"@type\":\"ListItem\",\"position\":1,\"name\":\"Home\",\"item\":\"https:\\\/\\\/www.tosunlux.eu\\\/ru\\\/\"},{\"@type\":\"ListItem\",\"position\":2,\"name\":\"Products\",\"item\":\"https:\\\/\\\/www.tosunlux.eu\\\/products\\\/\"},{\"@type\":\"ListItem\",\"position\":3,\"name\":\"Dual Function Time Relay TRT8-EC\"}]},{\"@type\":\"WebSite\",\"@id\":\"https:\\\/\\\/www.tosunlux.eu\\\/ru\\\/#website\",\"url\":\"https:\\\/\\\/www.tosunlux.eu\\\/ru\\\/\",\"name\":\"TOSUNlux Official Site - Electrical Circuit Breaker Manufacturer in China\",\"description\":\"Power Distribution System Supplier\",\"publisher\":{\"@id\":\"https:\\\/\\\/www.tosunlux.eu\\\/ru\\\/#organization\"},\"alternateName\":\"TOSUNlux\",\"potentialAction\":[{\"@type\":\"SearchAction\",\"target\":{\"@type\":\"EntryPoint\",\"urlTemplate\":\"https:\\\/\\\/www.tosunlux.eu\\\/ru\\\/?s={search_term_string}\"},\"query-input\":{\"@type\":\"PropertyValueSpecification\",\"valueRequired\":true,\"valueName\":\"search_term_string\"}}],\"inLanguage\":\"pl-PL\"},{\"@type\":\"Organization\",\"@id\":\"https:\\\/\\\/www.tosunlux.eu\\\/ru\\\/#organization\",\"name\":\"TOSUNlux\",\"url\":\"https:\\\/\\\/www.tosunlux.eu\\\/ru\\\/\",\"logo\":{\"@type\":\"ImageObject\",\"inLanguage\":\"pl-PL\",\"@id\":\"https:\\\/\\\/www.tosunlux.eu\\\/ru\\\/#\\\/schema\\\/logo\\\/image\\\/\",\"url\":\"https:\\\/\\\/www.tosunlux.eu\\\/wp-content\\\/uploads\\\/2022\\\/01\\\/LOGOSYSM.71762f1.png\",\"contentUrl\":\"https:\\\/\\\/www.tosunlux.eu\\\/wp-content\\\/uploads\\\/2022\\\/01\\\/LOGOSYSM.71762f1.png\",\"width\":153,\"height\":55,\"caption\":\"TOSUNlux\"},\"image\":{\"@id\":\"https:\\\/\\\/www.tosunlux.eu\\\/ru\\\/#\\\/schema\\\/logo\\\/image\\\/\"},\"sameAs\":[\"https:\\\/\\\/www.facebook.com\\\/TOSUNelectric\\\/\",\"https:\\\/\\\/www.linkedin.com\\\/company\\\/wenzhou-tosun-electric-co.-ltd\\\/\"]}]}<\/script>\n<!-- \/ Yoast SEO plugin. -->","yoast_head_json":{"title":"WholesaleDual Function Time Relay TRT8-EC - TOSUNlux Official Site - Electrical Circuit Breaker Manufacturer in China Low Voltage Electrical Supplier | TOSUNlux","description":"Dual Function Time Relay TRT8-EC Supplier - Wholesale direct from TOSUNlux, a trusted manufacturer since 1994. Get your B2B factory quote on our certified Low Voltage electrical products.","robots":{"index":"index","follow":"follow","max-snippet":"max-snippet:-1","max-image-preview":"max-image-preview:large","max-video-preview":"max-video-preview:-1"},"canonical":"https:\/\/www.tosunlux.eu\/pl\/products\/dual-function-time-relay-trt8-ec\/","og_locale":"pl_PL","og_type":"article","og_title":"WholesaleDual Function Time Relay TRT8-EC - TOSUNlux Official Site - Electrical Circuit Breaker Manufacturer in China Low Voltage Electrical Supplier | TOSUNlux","og_description":"Dual Function Time Relay TRT8-EC Supplier - Wholesale direct from TOSUNlux, a trusted manufacturer since 1994. Get your B2B factory quote on our certified Low Voltage electrical products.","og_url":"https:\/\/www.tosunlux.eu\/pl\/products\/dual-function-time-relay-trt8-ec\/","og_site_name":"TOSUNlux Official Site - Electrical Circuit Breaker Manufacturer in China","article_publisher":"https:\/\/www.facebook.com\/TOSUNelectric\/","article_modified_time":"2022-04-19T05:34:57+00:00","og_image":[{"url":"https:\/\/www.tosunlux.eu\/wp-content\/uploads\/2022\/04\/DIMENSION-S2-2-1024x513.jpg","type":"","width":"","height":""}],"twitter_card":"summary_large_image","twitter_misc":{"Szacowany czas czytania":"1 minuta"},"schema":{"@context":"https:\/\/schema.org","@graph":[{"@type":"WebPage","@id":"https:\/\/www.tosunlux.eu\/ar\/products\/dual-function-time-relay-trt8-ec\/","url":"https:\/\/www.tosunlux.eu\/ar\/products\/dual-function-time-relay-trt8-ec\/","name":"WholesaleDual Function Time Relay TRT8-EC - TOSUNlux Official Site - Electrical Circuit Breaker Manufacturer in China Low Voltage Electrical Supplier | TOSUNlux","isPartOf":{"@id":"https:\/\/www.tosunlux.eu\/ru\/#website"},"primaryImageOfPage":{"@id":"https:\/\/www.tosunlux.eu\/ar\/products\/dual-function-time-relay-trt8-ec\/#primaryimage"},"image":{"@id":"https:\/\/www.tosunlux.eu\/ar\/products\/dual-function-time-relay-trt8-ec\/#primaryimage"},"thumbnailUrl":"https:\/\/www.tosunlux.eu\/wp-content\/uploads\/2022\/04\/DIMENSION-S2-2-1024x513.jpg","datePublished":"2022-04-15T05:54:21+00:00","dateModified":"2022-04-19T05:34:57+00:00","description":"Dual Function Time Relay TRT8-EC Supplier - Wholesale direct from TOSUNlux, a trusted manufacturer since 1994. Get your B2B factory quote on our certified Low Voltage electrical products.","breadcrumb":{"@id":"https:\/\/www.tosunlux.eu\/ar\/products\/dual-function-time-relay-trt8-ec\/#breadcrumb"},"inLanguage":"pl-PL","potentialAction":[{"@type":"ReadAction","target":["https:\/\/www.tosunlux.eu\/ar\/products\/dual-function-time-relay-trt8-ec\/"]}]},{"@type":"ImageObject","inLanguage":"pl-PL","@id":"https:\/\/www.tosunlux.eu\/ar\/products\/dual-function-time-relay-trt8-ec\/#primaryimage","url":"https:\/\/www.tosunlux.eu\/wp-content\/uploads\/2022\/04\/DIMENSION-S2-2-1024x513.jpg","contentUrl":"https:\/\/www.tosunlux.eu\/wp-content\/uploads\/2022\/04\/DIMENSION-S2-2-1024x513.jpg"},{"@type":"BreadcrumbList","@id":"https:\/\/www.tosunlux.eu\/ar\/products\/dual-function-time-relay-trt8-ec\/#breadcrumb","itemListElement":[{"@type":"ListItem","position":1,"name":"Home","item":"https:\/\/www.tosunlux.eu\/ru\/"},{"@type":"ListItem","position":2,"name":"Products","item":"https:\/\/www.tosunlux.eu\/products\/"},{"@type":"ListItem","position":3,"name":"Dual Function Time Relay TRT8-EC"}]},{"@type":"WebSite","@id":"https:\/\/www.tosunlux.eu\/ru\/#website","url":"https:\/\/www.tosunlux.eu\/ru\/","name":"Oficjalna strona TOSUNlux - Producent wy\u0142\u0105cznik\u00f3w elektrycznych w Chinach","description":"Dostawca system\u00f3w dystrybucji energii","publisher":{"@id":"https:\/\/www.tosunlux.eu\/ru\/#organization"},"alternateName":"TOSUNlux","potentialAction":[{"@type":"SearchAction","target":{"@type":"EntryPoint","urlTemplate":"https:\/\/www.tosunlux.eu\/ru\/?s={search_term_string}"},"query-input":{"@type":"PropertyValueSpecification","valueRequired":true,"valueName":"search_term_string"}}],"inLanguage":"pl-PL"},{"@type":"Organization","@id":"https:\/\/www.tosunlux.eu\/ru\/#organization","name":"TOSUNlux","url":"https:\/\/www.tosunlux.eu\/ru\/","logo":{"@type":"ImageObject","inLanguage":"pl-PL","@id":"https:\/\/www.tosunlux.eu\/ru\/#\/schema\/logo\/image\/","url":"https:\/\/www.tosunlux.eu\/wp-content\/uploads\/2022\/01\/LOGOSYSM.71762f1.png","contentUrl":"https:\/\/www.tosunlux.eu\/wp-content\/uploads\/2022\/01\/LOGOSYSM.71762f1.png","width":153,"height":55,"caption":"TOSUNlux"},"image":{"@id":"https:\/\/www.tosunlux.eu\/ru\/#\/schema\/logo\/image\/"},"sameAs":["https:\/\/www.facebook.com\/TOSUNelectric\/","https:\/\/www.linkedin.com\/company\/wenzhou-tosun-electric-co.-ltd\/"]}]}},"_links":{"self":[{"href":"https:\/\/www.tosunlux.eu\/pl\/wp-json\/wp\/v2\/product\/1154","targetHints":{"allow":["GET"]}}],"collection":[{"href":"https:\/\/www.tosunlux.eu\/pl\/wp-json\/wp\/v2\/product"}],"about":[{"href":"https:\/\/www.tosunlux.eu\/pl\/wp-json\/wp\/v2\/types\/product"}],"version-history":[{"count":1,"href":"https:\/\/www.tosunlux.eu\/pl\/wp-json\/wp\/v2\/product\/1154\/revisions"}],"predecessor-version":[{"id":8044,"href":"https:\/\/www.tosunlux.eu\/pl\/wp-json\/wp\/v2\/product\/1154\/revisions\/8044"}],"wp:attachment":[{"href":"https:\/\/www.tosunlux.eu\/pl\/wp-json\/wp\/v2\/media?parent=1154"}],"wp:term":[{"taxonomy":"product_category","embeddable":true,"href":"https:\/\/www.tosunlux.eu\/pl\/wp-json\/wp\/v2\/product_category?post=1154"}],"curies":[{"name":"wp","href":"https:\/\/api.w.org\/{rel}","templated":true}]}}