{"id":1167,"date":"2022-04-15T16:36:56","date_gmt":"2022-04-15T08:36:56","guid":{"rendered":"https:\/\/www.tosunlux.eu\/?post_type=product&#038;p=1167"},"modified":"2025-11-24T13:56:40","modified_gmt":"2025-11-24T05:56:40","slug":"pulse-output-time-relay-trt8","status":"publish","type":"product","link":"https:\/\/www.tosunlux.eu\/pl\/products\/pulse-output-time-relay-trt8\/","title":{"rendered":"Przeka\u017anik czasowy wyj\u015bcia impulsowego TRT8"},"content":{"rendered":"<pre class=\"wp-block-verse\"><strong>Aplikacje<\/strong>\n\nS\u0142u\u017cy do op\u00f3\u017anienia i wygenerowania impulsu, kt\u00f3ry s\u0142u\u017cy do op\u00f3\u017anienia za\u0142\u0105czenia obci\u0105\u017cenia na okre\u015blony czas.\n\n<strong>Funkcja<\/strong>\n\nOddzielne ustawienie czasu op\u00f3\u017anienia i szeroko\u015bci impulsu mo\u017ce ustawi\u0107 inny czas op\u00f3\u017anienia. Skala czasu 0,1 s - 100 dni. Czas op\u00f3\u017anienia mo\u017cna zresetowa\u0107 przez zwarcie S-A1. Przy AC\/DC 12V-240V ultra szerokie specyfikacje napi\u0119cia roboczego s\u0105 opcjonalne. Stan przeka\u017anika jest wskazywany przez diod\u0119 LED. 1-MODU\u0141, monta\u017c na szynie DIN.\n\n<strong>Parametry techniczne<\/strong><\/pre>\n\n\n\n<figure class=\"wp-block-table\"><table class=\"has-fixed-layout\"><tbody><tr><td>Model<\/td><td>TRT8-P1<\/td><td>TRT8-P2<\/td><\/tr><tr><td>Funkcjonowa\u0107<\/td><td colspan=\"2\">Przeka\u017anik czasowy wyj\u015bcia impulsowego<\/td><\/tr><tr><td>Zaciski zasilaj\u0105ce<\/td><td colspan=\"2\">A1-A2<\/td><\/tr><tr><td>Zakres napi\u0119cia<\/td><td colspan=\"2\">Pr\u0105d zmienny\/sta\u0142y 12-240 V (50-60 Hz)<\/td><\/tr><tr><td>Ci\u0119\u017car<\/td><td colspan=\"2\">Pr\u0105d zmienny 0,09-3 VA\/pr\u0105d sta\u0142y 0,05-1,7 W<\/td><\/tr><tr><td>Zakres Voitage<\/td><td colspan=\"2\">Pr\u0105d zmienny 230 V (50-60 Hz)<\/td><\/tr><tr><td>Wej\u015bcie zasilania<\/td><td>Maksymalne nat\u0119\u017cenie pr\u0105du zmiennego 6VA\/1,3W<\/td><td>Maksymalne nat\u0119\u017cenie pr\u0105du zmiennego 6VA\/1,9W<\/td><\/tr><tr><td>Tolerancja napi\u0119cia zasilania<\/td><td colspan=\"2\">-15%;+10%<\/td><\/tr><tr><td>Wskazanie dostawy<\/td><td colspan=\"2\">zielona dioda LED<\/td><\/tr><tr><td>Zakresy czasu<\/td><td colspan=\"2\">0,1 s-100 dni<\/td><\/tr><tr><td>Ustawienie czasu<\/td><td colspan=\"2\">miernik potencjometru<\/td><\/tr><tr><td>Odchylenie czasu<\/td><td colspan=\"2\">10%-ustawienie mechaniczne<\/td><\/tr><tr><td>Powtarzalna dok\u0142adno\u015b\u0107<\/td><td colspan=\"2\">0,2%-stabilno\u015b\u0107 warto\u015bci zadanej<\/td><\/tr><tr><td>Wsp\u00f3\u0142czynnik temperaturowy<\/td><td colspan=\"2\">&nbsp;0,05%\/\u2103, przy=20\u00b0C(0,05%\u00b0F, przy=68\u00b0F<\/td><\/tr><tr><td>Wyj\u015bcie&nbsp;<\/td><td>1xSPDT<\/td><td>2xSPDT<\/td><\/tr><tr><td>Obecna ocena<\/td><td>1x16A(AC1)<\/td><td>2x16A(AC1)<\/td><\/tr><tr><td>Zmiana podr\u00f3\u017cy<\/td><td colspan=\"2\">250 V AC\/24 V DC<\/td><\/tr><tr><td>Min. zdolno\u015b\u0107 wy\u0142\u0105czania DC<\/td><td colspan=\"2\">500mW<\/td><\/tr><tr><td>Wska\u017anik wyj\u015bcia<\/td><td colspan=\"2\">czerwona dioda LED<\/td><\/tr><tr><td>\u017bywotno\u015b\u0107 mechaniczna<\/td><td colspan=\"2\">1&#215;10000000<\/td><\/tr><tr><td>\u017bywotno\u015b\u0107 elektryczna (AC1)<\/td><td colspan=\"2\">1&#215;100000<\/td><\/tr><tr><td>Zresetuj czas<\/td><td colspan=\"2\">maks. 200 ms<\/td><\/tr><tr><td>Temperatura pracy<\/td><td colspan=\"2\">&nbsp;-20 \u2103 do +55 \u2103 (-4 \u2109 do 131 \u2109)<\/td><\/tr><tr><td>Temperatura przechowywania<\/td><td colspan=\"2\">&nbsp;-35\u00b0\u2103 do +75\u00b0C (-22\u2109 do 158\u2109)<\/td><\/tr><\/tbody><\/table><\/figure>\n\n\n\n<p><strong>Wymiar<\/strong><\/p>\n\n\n\n<figure class=\"wp-block-image size-large is-resized\"><img fetchpriority=\"high\" decoding=\"async\" width=\"1024\" height=\"538\" src=\"https:\/\/www.tosunlux.eu\/wp-content\/uploads\/2022\/04\/DIMENSION-S2-5-1024x538.jpg\" alt=\"\" class=\"wp-image-1169\" style=\"width:479px;height:251px\" srcset=\"https:\/\/www.tosunlux.eu\/wp-content\/uploads\/2022\/04\/DIMENSION-S2-5-1024x538.jpg 1024w, https:\/\/www.tosunlux.eu\/wp-content\/uploads\/2022\/04\/DIMENSION-S2-5-300x158.jpg 300w, https:\/\/www.tosunlux.eu\/wp-content\/uploads\/2022\/04\/DIMENSION-S2-5-768x403.jpg 768w, https:\/\/www.tosunlux.eu\/wp-content\/uploads\/2022\/04\/DIMENSION-S2-5-1536x806.jpg 1536w, https:\/\/www.tosunlux.eu\/wp-content\/uploads\/2022\/04\/DIMENSION-S2-5.jpg 1600w\" sizes=\"(max-width: 1024px) 100vw, 1024px\" \/><\/figure>\n\n\n\n<p><\/p>","protected":false},"parent":0,"template":"","product_category":[35,92],"class_list":["post-1167","product","type-product","status-publish","hentry","product_category-industrial-control-devices","product_category-timer-relay"],"yoast_head":"<!-- This site is optimized with the Yoast SEO plugin v27.5 - https:\/\/yoast.com\/product\/yoast-seo-wordpress\/ -->\n<title>WholesalePulse Output Time Relay TRT8 - TOSUNlux Official Site - Electrical Circuit Breaker Manufacturer in China Low Voltage Electrical Supplier | TOSUNlux<\/title>\n<meta name=\"description\" content=\"Pulse Output Time Relay TRT8 Supplier - Wholesale direct from TOSUNlux, a trusted manufacturer since 1994. Get your B2B factory quote on our certified Low Voltage electrical products.\" \/>\n<meta name=\"robots\" content=\"index, follow, max-snippet:-1, max-image-preview:large, max-video-preview:-1\" \/>\n<link rel=\"canonical\" href=\"https:\/\/www.tosunlux.eu\/pl\/products\/pulse-output-time-relay-trt8\/\" \/>\n<meta property=\"og:locale\" content=\"pl_PL\" \/>\n<meta property=\"og:type\" content=\"article\" \/>\n<meta property=\"og:title\" content=\"WholesalePulse Output Time Relay TRT8 - TOSUNlux Official Site - Electrical Circuit Breaker Manufacturer in China Low Voltage Electrical Supplier | TOSUNlux\" \/>\n<meta property=\"og:description\" content=\"Pulse Output Time Relay TRT8 Supplier - Wholesale direct from TOSUNlux, a trusted manufacturer since 1994. Get your B2B factory quote on our certified Low Voltage electrical products.\" \/>\n<meta property=\"og:url\" content=\"https:\/\/www.tosunlux.eu\/pl\/products\/pulse-output-time-relay-trt8\/\" \/>\n<meta property=\"og:site_name\" content=\"TOSUNlux Official Site - Electrical Circuit Breaker Manufacturer in China\" \/>\n<meta property=\"article:publisher\" content=\"https:\/\/www.facebook.com\/TOSUNelectric\/\" \/>\n<meta property=\"article:modified_time\" content=\"2025-11-24T05:56:40+00:00\" \/>\n<meta property=\"og:image\" content=\"https:\/\/www.tosunlux.eu\/wp-content\/uploads\/2022\/04\/DIMENSION-S2-5-1024x538.jpg\" \/>\n<meta name=\"twitter:card\" content=\"summary_large_image\" \/>\n<meta name=\"twitter:label1\" content=\"Szacowany czas czytania\" \/>\n\t<meta name=\"twitter:data1\" content=\"1 minuta\" \/>\n<script type=\"application\/ld+json\" class=\"yoast-schema-graph\">{\"@context\":\"https:\\\/\\\/schema.org\",\"@graph\":[{\"@type\":\"WebPage\",\"@id\":\"https:\\\/\\\/www.tosunlux.eu\\\/hi\\\/products\\\/pulse-output-time-relay-trt8\\\/\",\"url\":\"https:\\\/\\\/www.tosunlux.eu\\\/hi\\\/products\\\/pulse-output-time-relay-trt8\\\/\",\"name\":\"WholesalePulse Output Time Relay TRT8 - TOSUNlux Official Site - Electrical Circuit Breaker Manufacturer in China Low Voltage Electrical Supplier | TOSUNlux\",\"isPartOf\":{\"@id\":\"https:\\\/\\\/www.tosunlux.eu\\\/ru\\\/#website\"},\"primaryImageOfPage\":{\"@id\":\"https:\\\/\\\/www.tosunlux.eu\\\/hi\\\/products\\\/pulse-output-time-relay-trt8\\\/#primaryimage\"},\"image\":{\"@id\":\"https:\\\/\\\/www.tosunlux.eu\\\/hi\\\/products\\\/pulse-output-time-relay-trt8\\\/#primaryimage\"},\"thumbnailUrl\":\"https:\\\/\\\/www.tosunlux.eu\\\/wp-content\\\/uploads\\\/2022\\\/04\\\/DIMENSION-S2-5-1024x538.jpg\",\"datePublished\":\"2022-04-15T08:36:56+00:00\",\"dateModified\":\"2025-11-24T05:56:40+00:00\",\"description\":\"Pulse Output Time Relay TRT8 Supplier - Wholesale direct from TOSUNlux, a trusted manufacturer since 1994. Get your B2B factory quote on our certified Low Voltage electrical products.\",\"breadcrumb\":{\"@id\":\"https:\\\/\\\/www.tosunlux.eu\\\/hi\\\/products\\\/pulse-output-time-relay-trt8\\\/#breadcrumb\"},\"inLanguage\":\"pl-PL\",\"potentialAction\":[{\"@type\":\"ReadAction\",\"target\":[\"https:\\\/\\\/www.tosunlux.eu\\\/hi\\\/products\\\/pulse-output-time-relay-trt8\\\/\"]}]},{\"@type\":\"ImageObject\",\"inLanguage\":\"pl-PL\",\"@id\":\"https:\\\/\\\/www.tosunlux.eu\\\/hi\\\/products\\\/pulse-output-time-relay-trt8\\\/#primaryimage\",\"url\":\"https:\\\/\\\/www.tosunlux.eu\\\/wp-content\\\/uploads\\\/2022\\\/04\\\/DIMENSION-S2-5-1024x538.jpg\",\"contentUrl\":\"https:\\\/\\\/www.tosunlux.eu\\\/wp-content\\\/uploads\\\/2022\\\/04\\\/DIMENSION-S2-5-1024x538.jpg\"},{\"@type\":\"BreadcrumbList\",\"@id\":\"https:\\\/\\\/www.tosunlux.eu\\\/hi\\\/products\\\/pulse-output-time-relay-trt8\\\/#breadcrumb\",\"itemListElement\":[{\"@type\":\"ListItem\",\"position\":1,\"name\":\"Home\",\"item\":\"https:\\\/\\\/www.tosunlux.eu\\\/ru\\\/\"},{\"@type\":\"ListItem\",\"position\":2,\"name\":\"Products\",\"item\":\"https:\\\/\\\/www.tosunlux.eu\\\/products\\\/\"},{\"@type\":\"ListItem\",\"position\":3,\"name\":\"Pulse Output Time Relay TRT8\"}]},{\"@type\":\"WebSite\",\"@id\":\"https:\\\/\\\/www.tosunlux.eu\\\/ru\\\/#website\",\"url\":\"https:\\\/\\\/www.tosunlux.eu\\\/ru\\\/\",\"name\":\"TOSUNlux Official Site - Electrical Circuit Breaker Manufacturer in China\",\"description\":\"Power Distribution System Supplier\",\"publisher\":{\"@id\":\"https:\\\/\\\/www.tosunlux.eu\\\/ru\\\/#organization\"},\"alternateName\":\"TOSUNlux\",\"potentialAction\":[{\"@type\":\"SearchAction\",\"target\":{\"@type\":\"EntryPoint\",\"urlTemplate\":\"https:\\\/\\\/www.tosunlux.eu\\\/ru\\\/?s={search_term_string}\"},\"query-input\":{\"@type\":\"PropertyValueSpecification\",\"valueRequired\":true,\"valueName\":\"search_term_string\"}}],\"inLanguage\":\"pl-PL\"},{\"@type\":\"Organization\",\"@id\":\"https:\\\/\\\/www.tosunlux.eu\\\/ru\\\/#organization\",\"name\":\"TOSUNlux\",\"url\":\"https:\\\/\\\/www.tosunlux.eu\\\/ru\\\/\",\"logo\":{\"@type\":\"ImageObject\",\"inLanguage\":\"pl-PL\",\"@id\":\"https:\\\/\\\/www.tosunlux.eu\\\/ru\\\/#\\\/schema\\\/logo\\\/image\\\/\",\"url\":\"https:\\\/\\\/www.tosunlux.eu\\\/wp-content\\\/uploads\\\/2022\\\/01\\\/LOGOSYSM.71762f1.png\",\"contentUrl\":\"https:\\\/\\\/www.tosunlux.eu\\\/wp-content\\\/uploads\\\/2022\\\/01\\\/LOGOSYSM.71762f1.png\",\"width\":153,\"height\":55,\"caption\":\"TOSUNlux\"},\"image\":{\"@id\":\"https:\\\/\\\/www.tosunlux.eu\\\/ru\\\/#\\\/schema\\\/logo\\\/image\\\/\"},\"sameAs\":[\"https:\\\/\\\/www.facebook.com\\\/TOSUNelectric\\\/\",\"https:\\\/\\\/www.linkedin.com\\\/company\\\/wenzhou-tosun-electric-co.-ltd\\\/\"]}]}<\/script>\n<!-- \/ Yoast SEO plugin. -->","yoast_head_json":{"title":"WholesalePulse Output Time Relay TRT8 - TOSUNlux Official Site - Electrical Circuit Breaker Manufacturer in China Low Voltage Electrical Supplier | TOSUNlux","description":"Pulse Output Time Relay TRT8 Supplier - Wholesale direct from TOSUNlux, a trusted manufacturer since 1994. Get your B2B factory quote on our certified Low Voltage electrical products.","robots":{"index":"index","follow":"follow","max-snippet":"max-snippet:-1","max-image-preview":"max-image-preview:large","max-video-preview":"max-video-preview:-1"},"canonical":"https:\/\/www.tosunlux.eu\/pl\/products\/pulse-output-time-relay-trt8\/","og_locale":"pl_PL","og_type":"article","og_title":"WholesalePulse Output Time Relay TRT8 - TOSUNlux Official Site - Electrical Circuit Breaker Manufacturer in China Low Voltage Electrical Supplier | TOSUNlux","og_description":"Pulse Output Time Relay TRT8 Supplier - Wholesale direct from TOSUNlux, a trusted manufacturer since 1994. Get your B2B factory quote on our certified Low Voltage electrical products.","og_url":"https:\/\/www.tosunlux.eu\/pl\/products\/pulse-output-time-relay-trt8\/","og_site_name":"TOSUNlux Official Site - Electrical Circuit Breaker Manufacturer in China","article_publisher":"https:\/\/www.facebook.com\/TOSUNelectric\/","article_modified_time":"2025-11-24T05:56:40+00:00","og_image":[{"url":"https:\/\/www.tosunlux.eu\/wp-content\/uploads\/2022\/04\/DIMENSION-S2-5-1024x538.jpg","type":"","width":"","height":""}],"twitter_card":"summary_large_image","twitter_misc":{"Szacowany czas czytania":"1 minuta"},"schema":{"@context":"https:\/\/schema.org","@graph":[{"@type":"WebPage","@id":"https:\/\/www.tosunlux.eu\/hi\/products\/pulse-output-time-relay-trt8\/","url":"https:\/\/www.tosunlux.eu\/hi\/products\/pulse-output-time-relay-trt8\/","name":"WholesalePulse Output Time Relay TRT8 - TOSUNlux Official Site - Electrical Circuit Breaker Manufacturer in China Low Voltage Electrical Supplier | TOSUNlux","isPartOf":{"@id":"https:\/\/www.tosunlux.eu\/ru\/#website"},"primaryImageOfPage":{"@id":"https:\/\/www.tosunlux.eu\/hi\/products\/pulse-output-time-relay-trt8\/#primaryimage"},"image":{"@id":"https:\/\/www.tosunlux.eu\/hi\/products\/pulse-output-time-relay-trt8\/#primaryimage"},"thumbnailUrl":"https:\/\/www.tosunlux.eu\/wp-content\/uploads\/2022\/04\/DIMENSION-S2-5-1024x538.jpg","datePublished":"2022-04-15T08:36:56+00:00","dateModified":"2025-11-24T05:56:40+00:00","description":"Pulse Output Time Relay TRT8 Supplier - Wholesale direct from TOSUNlux, a trusted manufacturer since 1994. Get your B2B factory quote on our certified Low Voltage electrical products.","breadcrumb":{"@id":"https:\/\/www.tosunlux.eu\/hi\/products\/pulse-output-time-relay-trt8\/#breadcrumb"},"inLanguage":"pl-PL","potentialAction":[{"@type":"ReadAction","target":["https:\/\/www.tosunlux.eu\/hi\/products\/pulse-output-time-relay-trt8\/"]}]},{"@type":"ImageObject","inLanguage":"pl-PL","@id":"https:\/\/www.tosunlux.eu\/hi\/products\/pulse-output-time-relay-trt8\/#primaryimage","url":"https:\/\/www.tosunlux.eu\/wp-content\/uploads\/2022\/04\/DIMENSION-S2-5-1024x538.jpg","contentUrl":"https:\/\/www.tosunlux.eu\/wp-content\/uploads\/2022\/04\/DIMENSION-S2-5-1024x538.jpg"},{"@type":"BreadcrumbList","@id":"https:\/\/www.tosunlux.eu\/hi\/products\/pulse-output-time-relay-trt8\/#breadcrumb","itemListElement":[{"@type":"ListItem","position":1,"name":"Home","item":"https:\/\/www.tosunlux.eu\/ru\/"},{"@type":"ListItem","position":2,"name":"Products","item":"https:\/\/www.tosunlux.eu\/products\/"},{"@type":"ListItem","position":3,"name":"Pulse Output Time Relay TRT8"}]},{"@type":"WebSite","@id":"https:\/\/www.tosunlux.eu\/ru\/#website","url":"https:\/\/www.tosunlux.eu\/ru\/","name":"Oficjalna strona TOSUNlux - Producent wy\u0142\u0105cznik\u00f3w elektrycznych w Chinach","description":"Dostawca system\u00f3w dystrybucji energii","publisher":{"@id":"https:\/\/www.tosunlux.eu\/ru\/#organization"},"alternateName":"TOSUNlux","potentialAction":[{"@type":"SearchAction","target":{"@type":"EntryPoint","urlTemplate":"https:\/\/www.tosunlux.eu\/ru\/?s={search_term_string}"},"query-input":{"@type":"PropertyValueSpecification","valueRequired":true,"valueName":"search_term_string"}}],"inLanguage":"pl-PL"},{"@type":"Organization","@id":"https:\/\/www.tosunlux.eu\/ru\/#organization","name":"TOSUNlux","url":"https:\/\/www.tosunlux.eu\/ru\/","logo":{"@type":"ImageObject","inLanguage":"pl-PL","@id":"https:\/\/www.tosunlux.eu\/ru\/#\/schema\/logo\/image\/","url":"https:\/\/www.tosunlux.eu\/wp-content\/uploads\/2022\/01\/LOGOSYSM.71762f1.png","contentUrl":"https:\/\/www.tosunlux.eu\/wp-content\/uploads\/2022\/01\/LOGOSYSM.71762f1.png","width":153,"height":55,"caption":"TOSUNlux"},"image":{"@id":"https:\/\/www.tosunlux.eu\/ru\/#\/schema\/logo\/image\/"},"sameAs":["https:\/\/www.facebook.com\/TOSUNelectric\/","https:\/\/www.linkedin.com\/company\/wenzhou-tosun-electric-co.-ltd\/"]}]}},"_links":{"self":[{"href":"https:\/\/www.tosunlux.eu\/pl\/wp-json\/wp\/v2\/product\/1167","targetHints":{"allow":["GET"]}}],"collection":[{"href":"https:\/\/www.tosunlux.eu\/pl\/wp-json\/wp\/v2\/product"}],"about":[{"href":"https:\/\/www.tosunlux.eu\/pl\/wp-json\/wp\/v2\/types\/product"}],"version-history":[{"count":3,"href":"https:\/\/www.tosunlux.eu\/pl\/wp-json\/wp\/v2\/product\/1167\/revisions"}],"predecessor-version":[{"id":15305,"href":"https:\/\/www.tosunlux.eu\/pl\/wp-json\/wp\/v2\/product\/1167\/revisions\/15305"}],"wp:attachment":[{"href":"https:\/\/www.tosunlux.eu\/pl\/wp-json\/wp\/v2\/media?parent=1167"}],"wp:term":[{"taxonomy":"product_category","embeddable":true,"href":"https:\/\/www.tosunlux.eu\/pl\/wp-json\/wp\/v2\/product_category?post=1167"}],"curies":[{"name":"wp","href":"https:\/\/api.w.org\/{rel}","templated":true}]}}