{"id":1172,"date":"2022-04-15T17:10:47","date_gmt":"2022-04-15T09:10:47","guid":{"rendered":"https:\/\/www.tosunlux.eu\/?post_type=product&#038;p=1172"},"modified":"2022-04-15T17:10:48","modified_gmt":"2022-04-15T09:10:48","slug":"staircase-switch-trt8","status":"publish","type":"product","link":"https:\/\/www.tosunlux.eu\/pl\/products\/staircase-switch-trt8\/","title":{"rendered":"Prze\u0142\u0105cznik schodowy TRT8"},"content":{"rendered":"<pre class=\"wp-block-verse\"><strong>Aplikacje<\/strong>\n\nPrzeka\u017anik czasowy Bluetooth mo\u017ce by\u0107 stosowany w urz\u0105dzeniach przemys\u0142owych, do sterowania o\u015bwietleniem, elementami grzejnymi, silnikami i wentylatorami, a tak\u017ce do regularnego w\u0142\u0105czania i wy\u0142\u0105czania obci\u0105\u017ce\u0144.\n\n<strong>Funkcja<\/strong>\n\n\nPrzeka\u017anik jest ustawiany przez po\u0142\u0105czenie Bluetooth aplikacji telefonu kom\u00f3rkowego, co jest proste i \u0142atwe w obs\u0142udze. Ustawienie czasu grupy 8\/16. Posiada dwa tryby pracy: automatyczny i r\u0119czny. Posiada ultra szerokie napi\u0119cie robocze AC \/ DC 24 V-240 V. Stan przeka\u017anika jest wskazywany przez diod\u0119 LED. 1-MODU\u0141, monta\u017c na szynie DIN.\n\n\n<strong>Parametry techniczne<\/strong>\n\n<\/pre>\n\n\n<table width=\"448\">\n<tbody>\n<tr>\n<td width=\"129\">Model<\/td>\n<td width=\"158\">TRT8-TS1\u00a0\u00a0\u00a0<\/td>\n<td width=\"161\">\u00a0\u00a0\u00a0\u00a0 TRT8-TS2<\/td>\n<\/tr>\n<tr>\n<td width=\"129\">Funkcjonowa\u0107<\/td>\n<td colspan=\"2\" width=\"319\">Przeka\u017anik steruj\u0105cy czasem Bluetooth<\/td>\n<\/tr>\n<tr>\n<td width=\"129\">Zaciski zasilaj\u0105ce<\/td>\n<td colspan=\"2\" width=\"319\">A1-A2<\/td>\n<\/tr>\n<tr>\n<td width=\"129\">Zakres napi\u0119cia<\/td>\n<td colspan=\"2\" width=\"319\">Pr\u0105d zmienny\/sta\u0142y 24-240 V 50 Hz<\/td>\n<\/tr>\n<tr>\n<td width=\"129\">Ci\u0119\u017car<\/td>\n<td colspan=\"2\" width=\"319\">Pr\u0105d zmienny 0,09-3 VA\/pr\u0105d sta\u0142y 0,05-1,7 W<\/td>\n<\/tr>\n<tr>\n<td width=\"129\">Tolerancja napi\u0119cia zasilania<\/td>\n<td colspan=\"2\" width=\"319\">-15%;+10%<\/td>\n<\/tr>\n<tr>\n<td width=\"129\">Wskazanie dostawy<\/td>\n<td colspan=\"2\" width=\"319\">zielona dioda LED<\/td>\n<\/tr>\n<tr>\n<td width=\"129\">Liczba timer\u00f3w<\/td>\n<td width=\"158\">8-W\u0141.\/8-WY\u0141.<\/td>\n<td width=\"161\">2\u00d78-W\u0141.\/2\u00d78-WY\u0141.<\/td>\n<\/tr>\n<tr>\n<td width=\"129\">Ustawienie czasu<\/td>\n<td colspan=\"2\" width=\"319\">APP (\u0141\u0105czno\u015b\u0107 Bluetooth)<\/td>\n<\/tr>\n<tr>\n<td width=\"129\">Odchylenie czasu<\/td>\n<td colspan=\"2\" width=\"319\">\u00b12s\/dzie\u0144<\/td>\n<\/tr>\n<tr>\n<td width=\"129\">Wyj\u015bcie<\/td>\n<td width=\"158\">1xSPDT<\/td>\n<td width=\"161\">2xSPDT<\/td>\n<\/tr>\n<tr>\n<td width=\"129\">Obecna ocena<\/td>\n<td colspan=\"2\" width=\"319\">1x16A(AC1)<\/td>\n<\/tr>\n<tr>\n<td width=\"129\">Min. zdolno\u015b\u0107 wy\u0142\u0105czania DC<\/td>\n<td colspan=\"2\" width=\"319\">500mW<\/td>\n<\/tr>\n<tr>\n<td width=\"129\">Wska\u017anik wyj\u015bcia<\/td>\n<td colspan=\"2\" width=\"319\">czerwona dioda LED<\/td>\n<\/tr>\n<tr>\n<td width=\"129\">\u017bywotno\u015b\u0107 mechaniczna<\/td>\n<td colspan=\"2\" width=\"319\">1&#215;10000000<\/td>\n<\/tr>\n<tr>\n<td width=\"129\">\u017bywotno\u015b\u0107 elektryczna (AC1)<\/td>\n<td colspan=\"2\" width=\"319\">1&#215;100000<\/td>\n<\/tr>\n<tr>\n<td width=\"129\">Temperatura pracy<\/td>\n<td colspan=\"2\" width=\"319\">-20\u2103~+55\u2103<\/td>\n<\/tr>\n<tr>\n<td width=\"129\">Temperatura przechowywania<\/td>\n<td colspan=\"2\" width=\"319\">\u00a0-35\u2103~+75\u2103<\/td>\n<\/tr>\n<\/tbody>\n<\/table>\n\n\n<p><\/p>\n\n\n\n<pre class=\"wp-block-verse\"><strong>Wymiar<\/strong>\n\n\n<\/pre>\n\n\n\n<figure class=\"wp-block-image size-large is-resized\"><img fetchpriority=\"high\" decoding=\"async\" src=\"https:\/\/www.tosunlux.eu\/wp-content\/uploads\/2022\/04\/DIMENSION-S2-6-1024x490.jpg\" alt=\"\" class=\"wp-image-1176\" width=\"494\" height=\"235\" srcset=\"https:\/\/www.tosunlux.eu\/wp-content\/uploads\/2022\/04\/DIMENSION-S2-6-1024x490.jpg 1024w, https:\/\/www.tosunlux.eu\/wp-content\/uploads\/2022\/04\/DIMENSION-S2-6-300x144.jpg 300w, https:\/\/www.tosunlux.eu\/wp-content\/uploads\/2022\/04\/DIMENSION-S2-6-768x367.jpg 768w, https:\/\/www.tosunlux.eu\/wp-content\/uploads\/2022\/04\/DIMENSION-S2-6-1536x735.jpg 1536w, https:\/\/www.tosunlux.eu\/wp-content\/uploads\/2022\/04\/DIMENSION-S2-6.jpg 1599w\" sizes=\"(max-width: 494px) 100vw, 494px\" \/><\/figure>","protected":false},"parent":0,"template":"","product_category":[35,92],"class_list":["post-1172","product","type-product","status-publish","hentry","product_category-industrial-control-devices","product_category-timer-relay"],"yoast_head":"<!-- This site is optimized with the Yoast SEO plugin v27.5 - https:\/\/yoast.com\/product\/yoast-seo-wordpress\/ -->\n<title>WholesaleStaircase Switch TRT8 - TOSUNlux Official Site - Electrical Circuit Breaker Manufacturer in China Low Voltage Electrical Supplier | TOSUNlux<\/title>\n<meta name=\"description\" content=\"Staircase Switch TRT8 Supplier - Wholesale direct from TOSUNlux, a trusted manufacturer since 1994. Get your B2B factory quote on our certified Low Voltage electrical products.\" \/>\n<meta name=\"robots\" content=\"index, follow, max-snippet:-1, max-image-preview:large, max-video-preview:-1\" \/>\n<link rel=\"canonical\" href=\"https:\/\/www.tosunlux.eu\/pl\/products\/staircase-switch-trt8\/\" \/>\n<meta property=\"og:locale\" content=\"pl_PL\" \/>\n<meta property=\"og:type\" content=\"article\" \/>\n<meta property=\"og:title\" content=\"WholesaleStaircase Switch TRT8 - TOSUNlux Official Site - Electrical Circuit Breaker Manufacturer in China Low Voltage Electrical Supplier | TOSUNlux\" \/>\n<meta property=\"og:description\" content=\"Staircase Switch TRT8 Supplier - Wholesale direct from TOSUNlux, a trusted manufacturer since 1994. Get your B2B factory quote on our certified Low Voltage electrical products.\" \/>\n<meta property=\"og:url\" content=\"https:\/\/www.tosunlux.eu\/pl\/products\/staircase-switch-trt8\/\" \/>\n<meta property=\"og:site_name\" content=\"TOSUNlux Official Site - Electrical Circuit Breaker Manufacturer in China\" \/>\n<meta property=\"article:publisher\" content=\"https:\/\/www.facebook.com\/TOSUNelectric\/\" \/>\n<meta property=\"article:modified_time\" content=\"2022-04-15T09:10:48+00:00\" \/>\n<meta property=\"og:image\" content=\"https:\/\/www.tosunlux.eu\/wp-content\/uploads\/2022\/04\/DIMENSION-S2-6-1024x490.jpg\" \/>\n<meta name=\"twitter:card\" content=\"summary_large_image\" \/>\n<meta name=\"twitter:label1\" content=\"Szacowany czas czytania\" \/>\n\t<meta name=\"twitter:data1\" content=\"1 minuta\" \/>\n<script type=\"application\/ld+json\" class=\"yoast-schema-graph\">{\"@context\":\"https:\\\/\\\/schema.org\",\"@graph\":[{\"@type\":\"WebPage\",\"@id\":\"https:\\\/\\\/www.tosunlux.eu\\\/fr\\\/products\\\/staircase-switch-trt8\\\/\",\"url\":\"https:\\\/\\\/www.tosunlux.eu\\\/fr\\\/products\\\/staircase-switch-trt8\\\/\",\"name\":\"WholesaleStaircase Switch TRT8 - TOSUNlux Official Site - Electrical Circuit Breaker Manufacturer in China Low Voltage Electrical Supplier | TOSUNlux\",\"isPartOf\":{\"@id\":\"https:\\\/\\\/www.tosunlux.eu\\\/ru\\\/#website\"},\"primaryImageOfPage\":{\"@id\":\"https:\\\/\\\/www.tosunlux.eu\\\/fr\\\/products\\\/staircase-switch-trt8\\\/#primaryimage\"},\"image\":{\"@id\":\"https:\\\/\\\/www.tosunlux.eu\\\/fr\\\/products\\\/staircase-switch-trt8\\\/#primaryimage\"},\"thumbnailUrl\":\"https:\\\/\\\/www.tosunlux.eu\\\/wp-content\\\/uploads\\\/2022\\\/04\\\/DIMENSION-S2-6-1024x490.jpg\",\"datePublished\":\"2022-04-15T09:10:47+00:00\",\"dateModified\":\"2022-04-15T09:10:48+00:00\",\"description\":\"Staircase Switch TRT8 Supplier - Wholesale direct from TOSUNlux, a trusted manufacturer since 1994. Get your B2B factory quote on our certified Low Voltage electrical products.\",\"breadcrumb\":{\"@id\":\"https:\\\/\\\/www.tosunlux.eu\\\/fr\\\/products\\\/staircase-switch-trt8\\\/#breadcrumb\"},\"inLanguage\":\"pl-PL\",\"potentialAction\":[{\"@type\":\"ReadAction\",\"target\":[\"https:\\\/\\\/www.tosunlux.eu\\\/fr\\\/products\\\/staircase-switch-trt8\\\/\"]}]},{\"@type\":\"ImageObject\",\"inLanguage\":\"pl-PL\",\"@id\":\"https:\\\/\\\/www.tosunlux.eu\\\/fr\\\/products\\\/staircase-switch-trt8\\\/#primaryimage\",\"url\":\"https:\\\/\\\/www.tosunlux.eu\\\/wp-content\\\/uploads\\\/2022\\\/04\\\/DIMENSION-S2-6-1024x490.jpg\",\"contentUrl\":\"https:\\\/\\\/www.tosunlux.eu\\\/wp-content\\\/uploads\\\/2022\\\/04\\\/DIMENSION-S2-6-1024x490.jpg\"},{\"@type\":\"BreadcrumbList\",\"@id\":\"https:\\\/\\\/www.tosunlux.eu\\\/fr\\\/products\\\/staircase-switch-trt8\\\/#breadcrumb\",\"itemListElement\":[{\"@type\":\"ListItem\",\"position\":1,\"name\":\"Home\",\"item\":\"https:\\\/\\\/www.tosunlux.eu\\\/ru\\\/\"},{\"@type\":\"ListItem\",\"position\":2,\"name\":\"Products\",\"item\":\"https:\\\/\\\/www.tosunlux.eu\\\/products\\\/\"},{\"@type\":\"ListItem\",\"position\":3,\"name\":\"Staircase Switch TRT8\"}]},{\"@type\":\"WebSite\",\"@id\":\"https:\\\/\\\/www.tosunlux.eu\\\/ru\\\/#website\",\"url\":\"https:\\\/\\\/www.tosunlux.eu\\\/ru\\\/\",\"name\":\"TOSUNlux Official Site - Electrical Circuit Breaker Manufacturer in China\",\"description\":\"Power Distribution System Supplier\",\"publisher\":{\"@id\":\"https:\\\/\\\/www.tosunlux.eu\\\/ru\\\/#organization\"},\"alternateName\":\"TOSUNlux\",\"potentialAction\":[{\"@type\":\"SearchAction\",\"target\":{\"@type\":\"EntryPoint\",\"urlTemplate\":\"https:\\\/\\\/www.tosunlux.eu\\\/ru\\\/?s={search_term_string}\"},\"query-input\":{\"@type\":\"PropertyValueSpecification\",\"valueRequired\":true,\"valueName\":\"search_term_string\"}}],\"inLanguage\":\"pl-PL\"},{\"@type\":\"Organization\",\"@id\":\"https:\\\/\\\/www.tosunlux.eu\\\/ru\\\/#organization\",\"name\":\"TOSUNlux\",\"url\":\"https:\\\/\\\/www.tosunlux.eu\\\/ru\\\/\",\"logo\":{\"@type\":\"ImageObject\",\"inLanguage\":\"pl-PL\",\"@id\":\"https:\\\/\\\/www.tosunlux.eu\\\/ru\\\/#\\\/schema\\\/logo\\\/image\\\/\",\"url\":\"https:\\\/\\\/www.tosunlux.eu\\\/wp-content\\\/uploads\\\/2022\\\/01\\\/LOGOSYSM.71762f1.png\",\"contentUrl\":\"https:\\\/\\\/www.tosunlux.eu\\\/wp-content\\\/uploads\\\/2022\\\/01\\\/LOGOSYSM.71762f1.png\",\"width\":153,\"height\":55,\"caption\":\"TOSUNlux\"},\"image\":{\"@id\":\"https:\\\/\\\/www.tosunlux.eu\\\/ru\\\/#\\\/schema\\\/logo\\\/image\\\/\"},\"sameAs\":[\"https:\\\/\\\/www.facebook.com\\\/TOSUNelectric\\\/\",\"https:\\\/\\\/www.linkedin.com\\\/company\\\/wenzhou-tosun-electric-co.-ltd\\\/\"]}]}<\/script>\n<!-- \/ Yoast SEO plugin. -->","yoast_head_json":{"title":"Hurtowy wy\u0142\u0105cznik schodowy TRT8 - Oficjalna strona TOSUNlux - Producent wy\u0142\u0105cznik\u00f3w elektrycznych w Chinach Dostawca urz\u0105dze\u0144 niskonapi\u0119ciowych | TOSUNlux","description":"Dostawca prze\u0142\u0105cznik\u00f3w schodowych TRT8 \u2014 sprzeda\u017c hurtowa bezpo\u015brednio od TOSUNlux, zaufanego producenta od 1994 roku. Uzyskaj wycen\u0119 fabryczn\u0105 B2B na nasze certyfikowane produkty elektryczne niskiego napi\u0119cia.","robots":{"index":"index","follow":"follow","max-snippet":"max-snippet:-1","max-image-preview":"max-image-preview:large","max-video-preview":"max-video-preview:-1"},"canonical":"https:\/\/www.tosunlux.eu\/pl\/products\/staircase-switch-trt8\/","og_locale":"pl_PL","og_type":"article","og_title":"WholesaleStaircase Switch TRT8 - TOSUNlux Official Site - Electrical Circuit Breaker Manufacturer in China Low Voltage Electrical Supplier | TOSUNlux","og_description":"Staircase Switch TRT8 Supplier - Wholesale direct from TOSUNlux, a trusted manufacturer since 1994. Get your B2B factory quote on our certified Low Voltage electrical products.","og_url":"https:\/\/www.tosunlux.eu\/pl\/products\/staircase-switch-trt8\/","og_site_name":"TOSUNlux Official Site - Electrical Circuit Breaker Manufacturer in China","article_publisher":"https:\/\/www.facebook.com\/TOSUNelectric\/","article_modified_time":"2022-04-15T09:10:48+00:00","og_image":[{"url":"https:\/\/www.tosunlux.eu\/wp-content\/uploads\/2022\/04\/DIMENSION-S2-6-1024x490.jpg","type":"","width":"","height":""}],"twitter_card":"summary_large_image","twitter_misc":{"Szacowany czas czytania":"1 minuta"},"schema":{"@context":"https:\/\/schema.org","@graph":[{"@type":"WebPage","@id":"https:\/\/www.tosunlux.eu\/fr\/products\/staircase-switch-trt8\/","url":"https:\/\/www.tosunlux.eu\/fr\/products\/staircase-switch-trt8\/","name":"Hurtowy wy\u0142\u0105cznik schodowy TRT8 - Oficjalna strona TOSUNlux - Producent wy\u0142\u0105cznik\u00f3w elektrycznych w Chinach Dostawca urz\u0105dze\u0144 niskonapi\u0119ciowych | TOSUNlux","isPartOf":{"@id":"https:\/\/www.tosunlux.eu\/ru\/#website"},"primaryImageOfPage":{"@id":"https:\/\/www.tosunlux.eu\/fr\/products\/staircase-switch-trt8\/#primaryimage"},"image":{"@id":"https:\/\/www.tosunlux.eu\/fr\/products\/staircase-switch-trt8\/#primaryimage"},"thumbnailUrl":"https:\/\/www.tosunlux.eu\/wp-content\/uploads\/2022\/04\/DIMENSION-S2-6-1024x490.jpg","datePublished":"2022-04-15T09:10:47+00:00","dateModified":"2022-04-15T09:10:48+00:00","description":"Dostawca prze\u0142\u0105cznik\u00f3w schodowych TRT8 \u2014 sprzeda\u017c hurtowa bezpo\u015brednio od TOSUNlux, zaufanego producenta od 1994 roku. Uzyskaj wycen\u0119 fabryczn\u0105 B2B na nasze certyfikowane produkty elektryczne niskiego napi\u0119cia.","breadcrumb":{"@id":"https:\/\/www.tosunlux.eu\/fr\/products\/staircase-switch-trt8\/#breadcrumb"},"inLanguage":"pl-PL","potentialAction":[{"@type":"ReadAction","target":["https:\/\/www.tosunlux.eu\/fr\/products\/staircase-switch-trt8\/"]}]},{"@type":"ImageObject","inLanguage":"pl-PL","@id":"https:\/\/www.tosunlux.eu\/fr\/products\/staircase-switch-trt8\/#primaryimage","url":"https:\/\/www.tosunlux.eu\/wp-content\/uploads\/2022\/04\/DIMENSION-S2-6-1024x490.jpg","contentUrl":"https:\/\/www.tosunlux.eu\/wp-content\/uploads\/2022\/04\/DIMENSION-S2-6-1024x490.jpg"},{"@type":"BreadcrumbList","@id":"https:\/\/www.tosunlux.eu\/fr\/products\/staircase-switch-trt8\/#breadcrumb","itemListElement":[{"@type":"ListItem","position":1,"name":"Home","item":"https:\/\/www.tosunlux.eu\/ru\/"},{"@type":"ListItem","position":2,"name":"Products","item":"https:\/\/www.tosunlux.eu\/products\/"},{"@type":"ListItem","position":3,"name":"Staircase Switch TRT8"}]},{"@type":"WebSite","@id":"https:\/\/www.tosunlux.eu\/ru\/#website","url":"https:\/\/www.tosunlux.eu\/ru\/","name":"Oficjalna strona TOSUNlux - Producent wy\u0142\u0105cznik\u00f3w elektrycznych w Chinach","description":"Dostawca system\u00f3w dystrybucji energii","publisher":{"@id":"https:\/\/www.tosunlux.eu\/ru\/#organization"},"alternateName":"TOSUNlux","potentialAction":[{"@type":"SearchAction","target":{"@type":"EntryPoint","urlTemplate":"https:\/\/www.tosunlux.eu\/ru\/?s={search_term_string}"},"query-input":{"@type":"PropertyValueSpecification","valueRequired":true,"valueName":"search_term_string"}}],"inLanguage":"pl-PL"},{"@type":"Organization","@id":"https:\/\/www.tosunlux.eu\/ru\/#organization","name":"TOSUNlux","url":"https:\/\/www.tosunlux.eu\/ru\/","logo":{"@type":"ImageObject","inLanguage":"pl-PL","@id":"https:\/\/www.tosunlux.eu\/ru\/#\/schema\/logo\/image\/","url":"https:\/\/www.tosunlux.eu\/wp-content\/uploads\/2022\/01\/LOGOSYSM.71762f1.png","contentUrl":"https:\/\/www.tosunlux.eu\/wp-content\/uploads\/2022\/01\/LOGOSYSM.71762f1.png","width":153,"height":55,"caption":"TOSUNlux"},"image":{"@id":"https:\/\/www.tosunlux.eu\/ru\/#\/schema\/logo\/image\/"},"sameAs":["https:\/\/www.facebook.com\/TOSUNelectric\/","https:\/\/www.linkedin.com\/company\/wenzhou-tosun-electric-co.-ltd\/"]}]}},"_links":{"self":[{"href":"https:\/\/www.tosunlux.eu\/pl\/wp-json\/wp\/v2\/product\/1172","targetHints":{"allow":["GET"]}}],"collection":[{"href":"https:\/\/www.tosunlux.eu\/pl\/wp-json\/wp\/v2\/product"}],"about":[{"href":"https:\/\/www.tosunlux.eu\/pl\/wp-json\/wp\/v2\/types\/product"}],"version-history":[{"count":0,"href":"https:\/\/www.tosunlux.eu\/pl\/wp-json\/wp\/v2\/product\/1172\/revisions"}],"wp:attachment":[{"href":"https:\/\/www.tosunlux.eu\/pl\/wp-json\/wp\/v2\/media?parent=1172"}],"wp:term":[{"taxonomy":"product_category","embeddable":true,"href":"https:\/\/www.tosunlux.eu\/pl\/wp-json\/wp\/v2\/product_category?post=1172"}],"curies":[{"name":"wp","href":"https:\/\/api.w.org\/{rel}","templated":true}]}}