{"id":12178,"date":"2025-01-02T14:41:42","date_gmt":"2025-01-02T06:41:42","guid":{"rendered":"https:\/\/www.tosunlux.eu\/?post_type=product&#038;p=12178"},"modified":"2025-01-02T14:41:43","modified_gmt":"2025-01-02T06:41:43","slug":"til2-modular-indicator","status":"publish","type":"product","link":"https:\/\/www.tosunlux.eu\/pl\/products\/til2-modular-indicator\/","title":{"rendered":"Wska\u017anik modu\u0142owy TIL2"},"content":{"rendered":"<p><strong>Aplikacja<\/strong><\/p>\n\n\n\n<p>Wska\u017anik modu\u0142owy TIL2 ma zastosowanie w obwodach do sygnalizacji wizualnej.<\/p>\n\n\n\n<p><\/p>\n\n\n\n<p><strong>Specyfikacja<\/strong><\/p>\n\n\n<table style=\"height: 865px;\" width=\"827\">\n<tbody>\n<tr>\n<td width=\"190\">Model<\/td>\n<td style=\"text-align: center;\" width=\"149\">TSAF1-40<\/td>\n<td style=\"text-align: center;\" width=\"149\">TSAF1-63<\/td>\n<\/tr>\n<tr>\n<td width=\"190\">Pr\u0105d znamionowy<\/td>\n<td style=\"text-align: center;\" width=\"149\">6A, 10A, 16A, 20A,<br \/>25A, 32A, 40A<\/td>\n<td style=\"text-align: center;\" width=\"149\">6A, 10A, 16A, 20A, 25A,<br \/>32A, 40A, 50A, 63A<\/td>\n<\/tr>\n<tr>\n<td width=\"190\">Typ sieci<\/td>\n<td style=\"text-align: center;\" colspan=\"2\" width=\"298\">pr\u0105d zmienny ~ \/A ~<\/td>\n<\/tr>\n<tr>\n<td width=\"190\">Napi\u0119cie znamionowe<\/td>\n<td style=\"text-align: center;\" colspan=\"2\" width=\"298\">230\/240V~<\/td>\n<\/tr>\n<tr>\n<td width=\"190\">Maksymalne napi\u0119cie robocze<\/td>\n<td style=\"text-align: center;\" colspan=\"2\" width=\"298\">1.1Nie<\/td>\n<\/tr>\n<tr>\n<td width=\"190\">Minimalne napi\u0119cie robocze<\/td>\n<td style=\"text-align: center;\" colspan=\"2\" width=\"298\">180 V<\/td>\n<\/tr>\n<tr>\n<td width=\"190\">Kod krzywej<\/td>\n<td style=\"text-align: center;\" colspan=\"2\" width=\"298\">B, C<\/td>\n<\/tr>\n<tr>\n<td width=\"190\">Znamionowa resztkowa zdolno\u015b\u0107 \u0142\u0105czeniowa i roz\u0142\u0105czania (I\u25b3m)<\/td>\n<td style=\"text-align: center;\" colspan=\"2\" width=\"298\">3000A<\/td>\n<\/tr>\n<tr>\n<td width=\"190\">Pr\u0105d znamionowy r\u00f3\u017cnicowy roboczy (I\u25b3n)<\/td>\n<td style=\"text-align: center;\" colspan=\"2\" width=\"298\">30mA, 100mA, 300mA<\/td>\n<\/tr>\n<tr>\n<td width=\"190\">Znamionowa pojemno\u015b\u0107 zwarciowa (Icn)<\/td>\n<td style=\"text-align: center;\" colspan=\"2\" width=\"298\">6000A<\/td>\n<\/tr>\n<tr>\n<td width=\"190\">Test AFDD oznacza<\/td>\n<td style=\"text-align: center;\" colspan=\"2\" width=\"298\">Funkcja automatycznego testu zgodnie z norm\u0105 IEC 62606<\/td>\n<\/tr>\n<tr>\n<td width=\"190\">Klasyfikacja zgodnie z norm\u0105 IEC 62606<\/td>\n<td style=\"text-align: center;\" colspan=\"2\" width=\"298\">4.1.2 \u2013 Jednostka AFDD zintegrowana w urz\u0105dzeniu zabezpieczaj\u0105cym<\/td>\n<\/tr>\n<tr>\n<td width=\"190\">Temperatura otoczenia podczas pracy<\/td>\n<td style=\"text-align: center;\" colspan=\"2\" width=\"298\">-25\u00b0C ~ 40\u00b0C<\/td>\n<\/tr>\n<tr>\n<td width=\"190\">Wska\u017anik gotowo\u015bci AFDD<\/td>\n<td style=\"text-align: center;\" colspan=\"2\" width=\"298\">Pojedyncza dioda LED wskazuj\u0105ca<\/td>\n<\/tr>\n<tr>\n<td width=\"190\">Funkcja przepi\u0119cia<\/td>\n<td style=\"text-align: center;\" colspan=\"2\" width=\"298\">Stan przepi\u0119cia rz\u0119du 270 Vrms do 300 Vrms przez 10 sekund spowoduje wy\u0142\u0105czenie urz\u0105dzenia.<br \/>Wska\u017anik LED informuj\u0105cy o przepi\u0119ciu zostanie wy\u015bwietlony po ponownym zablokowaniu produktu.<\/td>\n<\/tr>\n<tr>\n<td width=\"190\">Interwa\u0142 autotestu<\/td>\n<td style=\"text-align: center;\" colspan=\"2\" width=\"298\">1 godzina<\/td>\n<\/tr>\n<\/tbody>\n<\/table>\n\n\n<p><\/p>\n\n\n\n<p><strong>Schemat obwodu<\/strong><\/p>\n\n\n\n<figure class=\"wp-block-image size-full is-resized\"><img fetchpriority=\"high\" decoding=\"async\" src=\"https:\/\/www.tosunlux.eu\/wp-content\/uploads\/2025\/01\/1-7.jpg\" alt=\"\" class=\"wp-image-12179\" width=\"570\" height=\"165\" srcset=\"https:\/\/www.tosunlux.eu\/wp-content\/uploads\/2025\/01\/1-7.jpg 987w, https:\/\/www.tosunlux.eu\/wp-content\/uploads\/2025\/01\/1-7-300x87.jpg 300w, https:\/\/www.tosunlux.eu\/wp-content\/uploads\/2025\/01\/1-7-768x223.jpg 768w, https:\/\/www.tosunlux.eu\/wp-content\/uploads\/2025\/01\/1-7-18x5.jpg 18w\" sizes=\"(max-width: 570px) 100vw, 570px\" \/><\/figure>\n\n\n\n<p><\/p>\n\n\n\n<p><strong>Wymiary<\/strong><\/p>\n\n\n\n<figure class=\"wp-block-image size-full is-resized\"><img decoding=\"async\" src=\"https:\/\/www.tosunlux.eu\/wp-content\/uploads\/2025\/01\/2-2.jpg\" alt=\"\" class=\"wp-image-12180\" width=\"611\" height=\"330\" srcset=\"https:\/\/www.tosunlux.eu\/wp-content\/uploads\/2025\/01\/2-2.jpg 996w, https:\/\/www.tosunlux.eu\/wp-content\/uploads\/2025\/01\/2-2-300x162.jpg 300w, https:\/\/www.tosunlux.eu\/wp-content\/uploads\/2025\/01\/2-2-768x415.jpg 768w, https:\/\/www.tosunlux.eu\/wp-content\/uploads\/2025\/01\/2-2-18x10.jpg 18w\" sizes=\"(max-width: 611px) 100vw, 611px\" \/><\/figure>","protected":false},"parent":0,"template":"","product_category":[24,76],"class_list":["post-12178","product","type-product","status-publish","hentry","product_category-power-distribution-system","product_category-mcb"],"yoast_head":"<!-- This site is optimized with the Yoast SEO plugin v27.3 - https:\/\/yoast.com\/product\/yoast-seo-wordpress\/ -->\n<title>WholesaleTIL2 Modular Indicator - TOSUNlux Official Site - Electrical Circuit Breaker Manufacturer in China Low Voltage Electrical Supplier | TOSUNlux<\/title>\n<meta name=\"description\" content=\"TIL2 Modular Indicator Supplier - Wholesale direct from TOSUNlux, a trusted manufacturer since 1994. Get your B2B factory quote on our certified Low Voltage electrical products.\" \/>\n<meta name=\"robots\" content=\"index, follow, max-snippet:-1, max-image-preview:large, max-video-preview:-1\" \/>\n<link rel=\"canonical\" href=\"https:\/\/www.tosunlux.eu\/pl\/products\/til2-modular-indicator\/\" \/>\n<meta property=\"og:locale\" content=\"pl_PL\" \/>\n<meta property=\"og:type\" content=\"article\" \/>\n<meta property=\"og:title\" content=\"WholesaleTIL2 Modular Indicator - TOSUNlux Official Site - Electrical Circuit Breaker Manufacturer in China Low Voltage Electrical Supplier | TOSUNlux\" \/>\n<meta property=\"og:description\" content=\"TIL2 Modular Indicator Supplier - Wholesale direct from TOSUNlux, a trusted manufacturer since 1994. Get your B2B factory quote on our certified Low Voltage electrical products.\" \/>\n<meta property=\"og:url\" content=\"https:\/\/www.tosunlux.eu\/pl\/products\/til2-modular-indicator\/\" \/>\n<meta property=\"og:site_name\" content=\"TOSUNlux Official Site - Electrical Circuit Breaker Manufacturer in China\" \/>\n<meta property=\"article:publisher\" content=\"https:\/\/www.facebook.com\/TOSUNelectric\/\" \/>\n<meta property=\"article:modified_time\" content=\"2025-01-02T06:41:43+00:00\" \/>\n<meta property=\"og:image\" content=\"https:\/\/www.tosunlux.eu\/wp-content\/uploads\/2025\/01\/1-7.jpg\" \/>\n<meta name=\"twitter:card\" content=\"summary_large_image\" \/>\n<meta name=\"twitter:label1\" content=\"Szacowany czas czytania\" \/>\n\t<meta name=\"twitter:data1\" content=\"2 minuty\" \/>\n<script type=\"application\/ld+json\" class=\"yoast-schema-graph\">{\"@context\":\"https:\\\/\\\/schema.org\",\"@graph\":[{\"@type\":\"WebPage\",\"@id\":\"https:\\\/\\\/www.tosunlux.eu\\\/products\\\/til2-modular-indicator\\\/\",\"url\":\"https:\\\/\\\/www.tosunlux.eu\\\/products\\\/til2-modular-indicator\\\/\",\"name\":\"WholesaleTIL2 Modular Indicator - TOSUNlux Official Site - Electrical Circuit Breaker Manufacturer in China Low Voltage Electrical Supplier | TOSUNlux\",\"isPartOf\":{\"@id\":\"https:\\\/\\\/www.tosunlux.eu\\\/ru\\\/#website\"},\"primaryImageOfPage\":{\"@id\":\"https:\\\/\\\/www.tosunlux.eu\\\/products\\\/til2-modular-indicator\\\/#primaryimage\"},\"image\":{\"@id\":\"https:\\\/\\\/www.tosunlux.eu\\\/products\\\/til2-modular-indicator\\\/#primaryimage\"},\"thumbnailUrl\":\"https:\\\/\\\/www.tosunlux.eu\\\/wp-content\\\/uploads\\\/2025\\\/01\\\/1-7.jpg\",\"datePublished\":\"2025-01-02T06:41:42+00:00\",\"dateModified\":\"2025-01-02T06:41:43+00:00\",\"description\":\"TIL2 Modular Indicator Supplier - Wholesale direct from TOSUNlux, a trusted manufacturer since 1994. Get your B2B factory quote on our certified Low Voltage electrical products.\",\"breadcrumb\":{\"@id\":\"https:\\\/\\\/www.tosunlux.eu\\\/products\\\/til2-modular-indicator\\\/#breadcrumb\"},\"inLanguage\":\"pl-PL\",\"potentialAction\":[{\"@type\":\"ReadAction\",\"target\":[\"https:\\\/\\\/www.tosunlux.eu\\\/products\\\/til2-modular-indicator\\\/\"]}]},{\"@type\":\"ImageObject\",\"inLanguage\":\"pl-PL\",\"@id\":\"https:\\\/\\\/www.tosunlux.eu\\\/products\\\/til2-modular-indicator\\\/#primaryimage\",\"url\":\"https:\\\/\\\/www.tosunlux.eu\\\/wp-content\\\/uploads\\\/2025\\\/01\\\/1-7.jpg\",\"contentUrl\":\"https:\\\/\\\/www.tosunlux.eu\\\/wp-content\\\/uploads\\\/2025\\\/01\\\/1-7.jpg\"},{\"@type\":\"BreadcrumbList\",\"@id\":\"https:\\\/\\\/www.tosunlux.eu\\\/products\\\/til2-modular-indicator\\\/#breadcrumb\",\"itemListElement\":[{\"@type\":\"ListItem\",\"position\":1,\"name\":\"Home\",\"item\":\"https:\\\/\\\/www.tosunlux.eu\\\/ru\\\/\"},{\"@type\":\"ListItem\",\"position\":2,\"name\":\"Products\",\"item\":\"https:\\\/\\\/www.tosunlux.eu\\\/products\\\/\"},{\"@type\":\"ListItem\",\"position\":3,\"name\":\"TIL2 Modular Indicator\"}]},{\"@type\":\"WebSite\",\"@id\":\"https:\\\/\\\/www.tosunlux.eu\\\/ru\\\/#website\",\"url\":\"https:\\\/\\\/www.tosunlux.eu\\\/ru\\\/\",\"name\":\"TOSUNlux Official Site - Electrical Circuit Breaker Manufacturer in China\",\"description\":\"Power Distribution System Supplier\",\"publisher\":{\"@id\":\"https:\\\/\\\/www.tosunlux.eu\\\/ru\\\/#organization\"},\"alternateName\":\"TOSUNlux\",\"potentialAction\":[{\"@type\":\"SearchAction\",\"target\":{\"@type\":\"EntryPoint\",\"urlTemplate\":\"https:\\\/\\\/www.tosunlux.eu\\\/ru\\\/?s={search_term_string}\"},\"query-input\":{\"@type\":\"PropertyValueSpecification\",\"valueRequired\":true,\"valueName\":\"search_term_string\"}}],\"inLanguage\":\"pl-PL\"},{\"@type\":\"Organization\",\"@id\":\"https:\\\/\\\/www.tosunlux.eu\\\/ru\\\/#organization\",\"name\":\"TOSUNlux\",\"url\":\"https:\\\/\\\/www.tosunlux.eu\\\/ru\\\/\",\"logo\":{\"@type\":\"ImageObject\",\"inLanguage\":\"pl-PL\",\"@id\":\"https:\\\/\\\/www.tosunlux.eu\\\/ru\\\/#\\\/schema\\\/logo\\\/image\\\/\",\"url\":\"https:\\\/\\\/www.tosunlux.eu\\\/wp-content\\\/uploads\\\/2022\\\/01\\\/LOGOSYSM.71762f1.png\",\"contentUrl\":\"https:\\\/\\\/www.tosunlux.eu\\\/wp-content\\\/uploads\\\/2022\\\/01\\\/LOGOSYSM.71762f1.png\",\"width\":153,\"height\":55,\"caption\":\"TOSUNlux\"},\"image\":{\"@id\":\"https:\\\/\\\/www.tosunlux.eu\\\/ru\\\/#\\\/schema\\\/logo\\\/image\\\/\"},\"sameAs\":[\"https:\\\/\\\/www.facebook.com\\\/TOSUNelectric\\\/\",\"https:\\\/\\\/www.linkedin.com\\\/company\\\/wenzhou-tosun-electric-co.-ltd\\\/\"]}]}<\/script>\n<!-- \/ Yoast SEO plugin. -->","yoast_head_json":{"title":"WholesaleTIL2 Modular Indicator - TOSUNlux Official Site - Electrical Circuit Breaker Manufacturer in China Low Voltage Electrical Supplier | TOSUNlux","description":"TIL2 Modular Indicator Supplier - Wholesale direct from TOSUNlux, a trusted manufacturer since 1994. Get your B2B factory quote on our certified Low Voltage electrical products.","robots":{"index":"index","follow":"follow","max-snippet":"max-snippet:-1","max-image-preview":"max-image-preview:large","max-video-preview":"max-video-preview:-1"},"canonical":"https:\/\/www.tosunlux.eu\/pl\/products\/til2-modular-indicator\/","og_locale":"pl_PL","og_type":"article","og_title":"WholesaleTIL2 Modular Indicator - TOSUNlux Official Site - Electrical Circuit Breaker Manufacturer in China Low Voltage Electrical Supplier | TOSUNlux","og_description":"TIL2 Modular Indicator Supplier - Wholesale direct from TOSUNlux, a trusted manufacturer since 1994. Get your B2B factory quote on our certified Low Voltage electrical products.","og_url":"https:\/\/www.tosunlux.eu\/pl\/products\/til2-modular-indicator\/","og_site_name":"TOSUNlux Official Site - Electrical Circuit Breaker Manufacturer in China","article_publisher":"https:\/\/www.facebook.com\/TOSUNelectric\/","article_modified_time":"2025-01-02T06:41:43+00:00","og_image":[{"url":"https:\/\/www.tosunlux.eu\/wp-content\/uploads\/2025\/01\/1-7.jpg","type":"","width":"","height":""}],"twitter_card":"summary_large_image","twitter_misc":{"Szacowany czas czytania":"2 minuty"},"schema":{"@context":"https:\/\/schema.org","@graph":[{"@type":"WebPage","@id":"https:\/\/www.tosunlux.eu\/products\/til2-modular-indicator\/","url":"https:\/\/www.tosunlux.eu\/products\/til2-modular-indicator\/","name":"WholesaleTIL2 Modular Indicator - TOSUNlux Official Site - Electrical Circuit Breaker Manufacturer in China Low Voltage Electrical Supplier | TOSUNlux","isPartOf":{"@id":"https:\/\/www.tosunlux.eu\/ru\/#website"},"primaryImageOfPage":{"@id":"https:\/\/www.tosunlux.eu\/products\/til2-modular-indicator\/#primaryimage"},"image":{"@id":"https:\/\/www.tosunlux.eu\/products\/til2-modular-indicator\/#primaryimage"},"thumbnailUrl":"https:\/\/www.tosunlux.eu\/wp-content\/uploads\/2025\/01\/1-7.jpg","datePublished":"2025-01-02T06:41:42+00:00","dateModified":"2025-01-02T06:41:43+00:00","description":"TIL2 Modular Indicator Supplier - Wholesale direct from TOSUNlux, a trusted manufacturer since 1994. Get your B2B factory quote on our certified Low Voltage electrical products.","breadcrumb":{"@id":"https:\/\/www.tosunlux.eu\/products\/til2-modular-indicator\/#breadcrumb"},"inLanguage":"pl-PL","potentialAction":[{"@type":"ReadAction","target":["https:\/\/www.tosunlux.eu\/products\/til2-modular-indicator\/"]}]},{"@type":"ImageObject","inLanguage":"pl-PL","@id":"https:\/\/www.tosunlux.eu\/products\/til2-modular-indicator\/#primaryimage","url":"https:\/\/www.tosunlux.eu\/wp-content\/uploads\/2025\/01\/1-7.jpg","contentUrl":"https:\/\/www.tosunlux.eu\/wp-content\/uploads\/2025\/01\/1-7.jpg"},{"@type":"BreadcrumbList","@id":"https:\/\/www.tosunlux.eu\/products\/til2-modular-indicator\/#breadcrumb","itemListElement":[{"@type":"ListItem","position":1,"name":"Home","item":"https:\/\/www.tosunlux.eu\/ru\/"},{"@type":"ListItem","position":2,"name":"Products","item":"https:\/\/www.tosunlux.eu\/products\/"},{"@type":"ListItem","position":3,"name":"TIL2 Modular Indicator"}]},{"@type":"WebSite","@id":"https:\/\/www.tosunlux.eu\/ru\/#website","url":"https:\/\/www.tosunlux.eu\/ru\/","name":"Oficjalna strona TOSUNlux - Producent wy\u0142\u0105cznik\u00f3w elektrycznych w Chinach","description":"Dostawca system\u00f3w dystrybucji energii","publisher":{"@id":"https:\/\/www.tosunlux.eu\/ru\/#organization"},"alternateName":"TOSUNlux","potentialAction":[{"@type":"SearchAction","target":{"@type":"EntryPoint","urlTemplate":"https:\/\/www.tosunlux.eu\/ru\/?s={search_term_string}"},"query-input":{"@type":"PropertyValueSpecification","valueRequired":true,"valueName":"search_term_string"}}],"inLanguage":"pl-PL"},{"@type":"Organization","@id":"https:\/\/www.tosunlux.eu\/ru\/#organization","name":"TOSUNlux","url":"https:\/\/www.tosunlux.eu\/ru\/","logo":{"@type":"ImageObject","inLanguage":"pl-PL","@id":"https:\/\/www.tosunlux.eu\/ru\/#\/schema\/logo\/image\/","url":"https:\/\/www.tosunlux.eu\/wp-content\/uploads\/2022\/01\/LOGOSYSM.71762f1.png","contentUrl":"https:\/\/www.tosunlux.eu\/wp-content\/uploads\/2022\/01\/LOGOSYSM.71762f1.png","width":153,"height":55,"caption":"TOSUNlux"},"image":{"@id":"https:\/\/www.tosunlux.eu\/ru\/#\/schema\/logo\/image\/"},"sameAs":["https:\/\/www.facebook.com\/TOSUNelectric\/","https:\/\/www.linkedin.com\/company\/wenzhou-tosun-electric-co.-ltd\/"]}]}},"_links":{"self":[{"href":"https:\/\/www.tosunlux.eu\/pl\/wp-json\/wp\/v2\/product\/12178","targetHints":{"allow":["GET"]}}],"collection":[{"href":"https:\/\/www.tosunlux.eu\/pl\/wp-json\/wp\/v2\/product"}],"about":[{"href":"https:\/\/www.tosunlux.eu\/pl\/wp-json\/wp\/v2\/types\/product"}],"version-history":[{"count":1,"href":"https:\/\/www.tosunlux.eu\/pl\/wp-json\/wp\/v2\/product\/12178\/revisions"}],"predecessor-version":[{"id":12184,"href":"https:\/\/www.tosunlux.eu\/pl\/wp-json\/wp\/v2\/product\/12178\/revisions\/12184"}],"wp:attachment":[{"href":"https:\/\/www.tosunlux.eu\/pl\/wp-json\/wp\/v2\/media?parent=12178"}],"wp:term":[{"taxonomy":"product_category","embeddable":true,"href":"https:\/\/www.tosunlux.eu\/pl\/wp-json\/wp\/v2\/product_category?post=12178"}],"curies":[{"name":"wp","href":"https:\/\/api.w.org\/{rel}","templated":true}]}}