{"id":12495,"date":"2025-02-10T13:08:17","date_gmt":"2025-02-10T05:08:17","guid":{"rendered":"https:\/\/www.tosunlux.eu\/?post_type=product&#038;p=12495"},"modified":"2025-02-10T13:27:47","modified_gmt":"2025-02-10T05:27:47","slug":"dual-power-automatic-changeover-switch","status":"publish","type":"product","link":"https:\/\/www.tosunlux.eu\/pl\/products\/dual-power-automatic-changeover-switch\/","title":{"rendered":"Prze\u0142\u0105cznik automatycznej zmiany mocy podw\u00f3jnej TSMQ7"},"content":{"rendered":"<p><strong>Aplikacja<\/strong><\/p>\n\n\n\n<p>Prze\u0142\u0105cznik automatyczny TSMQ7-XFZ o podw\u00f3jnym zasilaniu jest odpowiedni do dwuobwodowego systemu zasilania z cz\u0119stotliwo\u015bci\u0105 50\/60 Hz, znamionowym napi\u0119ciem roboczym do 400 V i znamionowym pr\u0105dem do 63 A. Automatyczne prze\u0142\u0105czanie zasilania mi\u0119dzy zasilaniem sieciowym a zasilaniem rezerwowym zapewnia niezawodno\u015b\u0107 zasilania. Produkt jest szeroko stosowany w wysokich budynkach, centrach handlowych, systemach kontroli przeciwpo\u017carowej, wentylatorach oddymiaj\u0105cych, windach, pompach ratunkowych, o\u015bwietleniu awaryjnym, systemach fotowoltaicznych itp.<\/p>\n\n\n\n<p><strong>Specyfikacja<\/strong><\/p>\n\n\n<table style=\"height: 387px;\" width=\"833\">\n<tbody>\n<tr>\n<td width=\"228\">Kategoria produktu<\/td>\n<td style=\"text-align: center;\" width=\"457\">Prze\u0142\u0105cznik automatyczny klasy CB<\/td>\n<\/tr>\n<tr>\n<td width=\"228\">Liczba biegun\u00f3w<\/td>\n<td style=\"text-align: center;\" width=\"457\">2P, 3P, 4P<\/td>\n<\/tr>\n<tr>\n<td width=\"228\">Pr\u0105d znamionowy<\/td>\n<td style=\"text-align: center;\" width=\"457\">10A, 16A, 20A, 25A, 32A, 40A, 50A, 63A<\/td>\n<\/tr>\n<tr>\n<td width=\"228\">Znamionowe napi\u0119cie robocze<\/td>\n<td style=\"text-align: center;\" width=\"457\">230\/400 V<\/td>\n<\/tr>\n<tr>\n<td width=\"228\">Napi\u0119cie znamionowe izolacji<\/td>\n<td style=\"text-align: center;\" width=\"457\">690 V<\/td>\n<\/tr>\n<tr>\n<td width=\"228\">Znamionowe napi\u0119cie udarowe wytrzymywane<\/td>\n<td style=\"text-align: center;\" width=\"457\">4kV<\/td>\n<\/tr>\n<tr>\n<td width=\"228\">Znamionowa zdolno\u015b\u0107 wy\u0142\u0105czania zwarciowego<\/td>\n<td style=\"text-align: center;\" width=\"457\">5kA<\/td>\n<\/tr>\n<tr>\n<td width=\"228\">Nominalna zdolno\u015b\u0107 produkcyjna w kr\u00f3tkim czasie<\/td>\n<td style=\"text-align: center;\" width=\"457\">7,65 kA<\/td>\n<\/tr>\n<tr>\n<td width=\"228\">\u017bywotno\u015b\u0107 mechaniczna (razy)<\/td>\n<td style=\"text-align: center;\" width=\"457\">4500&nbsp;<\/td>\n<\/tr>\n<tr>\n<td width=\"228\">\u017bycie elektryczne (czasy)<\/td>\n<td style=\"text-align: center;\" width=\"457\">1500&nbsp;<\/td>\n<\/tr>\n<tr>\n<td width=\"228\">Temperatura pracy<\/td>\n<td style=\"text-align: center;\" width=\"457\">-5\u2103 do +40\u2103<\/td>\n<\/tr>\n<\/tbody>\n<\/table>\n\n\n<p><strong>Wymiary<\/strong><\/p>\n\n\n<table style=\"height: 124px;\" width=\"836\">\n<tbody>\n<tr>\n<td style=\"text-align: center;\" width=\"141\">Model<\/td>\n<td style=\"text-align: center;\" width=\"89\">W<\/td>\n<td style=\"text-align: center;\" width=\"89\">W1<\/td>\n<td style=\"text-align: center;\" width=\"89\">L<\/td>\n<td style=\"text-align: center;\" width=\"89\">L1<\/td>\n<td style=\"text-align: center;\" width=\"89\">H<\/td>\n<td style=\"text-align: center;\" width=\"90\">H1<\/td>\n<\/tr>\n<tr>\n<td style=\"text-align: center;\" width=\"141\">TSMQ7-XFZ\/2P<\/td>\n<td style=\"text-align: center;\" width=\"89\">155&nbsp;<\/td>\n<td style=\"text-align: center;\" width=\"89\">128&nbsp;<\/td>\n<td style=\"text-align: center;\" width=\"89\">135&nbsp;<\/td>\n<td style=\"text-align: center;\" width=\"89\">123&nbsp;<\/td>\n<td style=\"text-align: center;\" width=\"89\">110&nbsp;<\/td>\n<td style=\"text-align: center;\" width=\"90\">98&nbsp;<\/td>\n<\/tr>\n<tr>\n<td style=\"text-align: center;\" width=\"141\">TSMQ7-XFZ\/3P<\/td>\n<td style=\"text-align: center;\" width=\"89\">191&nbsp;<\/td>\n<td style=\"text-align: center;\" width=\"89\">164&nbsp;<\/td>\n<td style=\"text-align: center;\" width=\"89\">135&nbsp;<\/td>\n<td style=\"text-align: center;\" width=\"89\">123&nbsp;<\/td>\n<td style=\"text-align: center;\" width=\"89\">110&nbsp;<\/td>\n<td style=\"text-align: center;\" width=\"90\">98&nbsp;<\/td>\n<\/tr>\n<tr>\n<td style=\"text-align: center;\" width=\"141\">TSMQ7-XFZ\/4P<\/td>\n<td style=\"text-align: center;\" width=\"89\">227&nbsp;<\/td>\n<td style=\"text-align: center;\" width=\"89\">200&nbsp;<\/td>\n<td style=\"text-align: center;\" width=\"89\">135&nbsp;<\/td>\n<td style=\"text-align: center;\" width=\"89\">123&nbsp;<\/td>\n<td style=\"text-align: center;\" width=\"89\">110&nbsp;<\/td>\n<td style=\"text-align: center;\" width=\"90\">98&nbsp;<\/td>\n<\/tr>\n<\/tbody>\n<\/table>\n\n\n<figure class=\"wp-block-image size-full is-resized\"><img fetchpriority=\"high\" decoding=\"async\" src=\"https:\/\/www.tosunlux.eu\/wp-content\/uploads\/2025\/02\/power-distribution-2-\u65b0.jpg\" alt=\"\" class=\"wp-image-12496\" width=\"798\" height=\"403\" srcset=\"https:\/\/www.tosunlux.eu\/wp-content\/uploads\/2025\/02\/power-distribution-2-\u65b0.jpg 967w, https:\/\/www.tosunlux.eu\/wp-content\/uploads\/2025\/02\/power-distribution-2-\u65b0-300x151.jpg 300w, https:\/\/www.tosunlux.eu\/wp-content\/uploads\/2025\/02\/power-distribution-2-\u65b0-768x388.jpg 768w, https:\/\/www.tosunlux.eu\/wp-content\/uploads\/2025\/02\/power-distribution-2-\u65b0-18x9.jpg 18w\" sizes=\"(max-width: 798px) 100vw, 798px\" \/><\/figure>","protected":false},"parent":0,"template":"","product_category":[24,86],"class_list":["post-12495","product","type-product","status-publish","hentry","product_category-power-distribution-system","product_category-automatic-changeover-switch"],"yoast_head":"<!-- This site is optimized with the Yoast SEO plugin v27.3 - https:\/\/yoast.com\/product\/yoast-seo-wordpress\/ -->\n<title>WholesaleTSMQ7 Dual Power Automatic Changeover Switch - TOSUNlux Official Site - Electrical Circuit Breaker Manufacturer in China Low Voltage Electrical Supplier | TOSUNlux<\/title>\n<meta name=\"description\" content=\"TSMQ7 Dual Power Automatic Changeover Switch Supplier - Wholesale direct from TOSUNlux, a trusted manufacturer since 1994. Get your B2B factory quote on our certified Low Voltage electrical products.\" \/>\n<meta name=\"robots\" content=\"index, follow, max-snippet:-1, max-image-preview:large, max-video-preview:-1\" \/>\n<link rel=\"canonical\" href=\"https:\/\/www.tosunlux.eu\/pl\/products\/dual-power-automatic-changeover-switch\/\" \/>\n<meta property=\"og:locale\" content=\"pl_PL\" \/>\n<meta property=\"og:type\" content=\"article\" \/>\n<meta property=\"og:title\" content=\"WholesaleTSMQ7 Dual Power Automatic Changeover Switch - TOSUNlux Official Site - Electrical Circuit Breaker Manufacturer in China Low Voltage Electrical Supplier | TOSUNlux\" \/>\n<meta property=\"og:description\" content=\"TSMQ7 Dual Power Automatic Changeover Switch Supplier - Wholesale direct from TOSUNlux, a trusted manufacturer since 1994. Get your B2B factory quote on our certified Low Voltage electrical products.\" \/>\n<meta property=\"og:url\" content=\"https:\/\/www.tosunlux.eu\/pl\/products\/dual-power-automatic-changeover-switch\/\" \/>\n<meta property=\"og:site_name\" content=\"TOSUNlux Official Site - Electrical Circuit Breaker Manufacturer in China\" \/>\n<meta property=\"article:publisher\" content=\"https:\/\/www.facebook.com\/TOSUNelectric\/\" \/>\n<meta property=\"article:modified_time\" content=\"2025-02-10T05:27:47+00:00\" \/>\n<meta property=\"og:image\" content=\"https:\/\/www.tosunlux.eu\/wp-content\/uploads\/2023\/04\/DSC08160_\u526f\u672c.jpg\" \/>\n\t<meta property=\"og:image:width\" content=\"1500\" \/>\n\t<meta property=\"og:image:height\" content=\"940\" \/>\n\t<meta property=\"og:image:type\" content=\"image\/jpeg\" \/>\n<meta name=\"twitter:card\" content=\"summary_large_image\" \/>\n<meta name=\"twitter:label1\" content=\"Szacowany czas czytania\" \/>\n\t<meta name=\"twitter:data1\" content=\"1 minuta\" \/>\n<script type=\"application\/ld+json\" class=\"yoast-schema-graph\">{\"@context\":\"https:\\\/\\\/schema.org\",\"@graph\":[{\"@type\":\"WebPage\",\"@id\":\"https:\\\/\\\/www.tosunlux.eu\\\/es\\\/products\\\/dual-power-automatic-changeover-switch\\\/\",\"url\":\"https:\\\/\\\/www.tosunlux.eu\\\/es\\\/products\\\/dual-power-automatic-changeover-switch\\\/\",\"name\":\"WholesaleTSMQ7 Dual Power Automatic Changeover Switch - TOSUNlux Official Site - Electrical Circuit Breaker Manufacturer in China Low Voltage Electrical Supplier | TOSUNlux\",\"isPartOf\":{\"@id\":\"https:\\\/\\\/www.tosunlux.eu\\\/ru\\\/#website\"},\"datePublished\":\"2025-02-10T05:08:17+00:00\",\"dateModified\":\"2025-02-10T05:27:47+00:00\",\"description\":\"TSMQ7 Dual Power Automatic Changeover Switch Supplier - Wholesale direct from TOSUNlux, a trusted manufacturer since 1994. Get your B2B factory quote on our certified Low Voltage electrical products.\",\"breadcrumb\":{\"@id\":\"https:\\\/\\\/www.tosunlux.eu\\\/es\\\/products\\\/dual-power-automatic-changeover-switch\\\/#breadcrumb\"},\"inLanguage\":\"pl-PL\",\"potentialAction\":[{\"@type\":\"ReadAction\",\"target\":[\"https:\\\/\\\/www.tosunlux.eu\\\/es\\\/products\\\/dual-power-automatic-changeover-switch\\\/\"]}]},{\"@type\":\"BreadcrumbList\",\"@id\":\"https:\\\/\\\/www.tosunlux.eu\\\/es\\\/products\\\/dual-power-automatic-changeover-switch\\\/#breadcrumb\",\"itemListElement\":[{\"@type\":\"ListItem\",\"position\":1,\"name\":\"Home\",\"item\":\"https:\\\/\\\/www.tosunlux.eu\\\/ru\\\/\"},{\"@type\":\"ListItem\",\"position\":2,\"name\":\"Products\",\"item\":\"https:\\\/\\\/www.tosunlux.eu\\\/products\\\/\"},{\"@type\":\"ListItem\",\"position\":3,\"name\":\"TSMQ7 Dual Power Automatic Changeover Switch\"}]},{\"@type\":\"WebSite\",\"@id\":\"https:\\\/\\\/www.tosunlux.eu\\\/ru\\\/#website\",\"url\":\"https:\\\/\\\/www.tosunlux.eu\\\/ru\\\/\",\"name\":\"TOSUNlux Official Site - Electrical Circuit Breaker Manufacturer in China\",\"description\":\"Power Distribution System Supplier\",\"publisher\":{\"@id\":\"https:\\\/\\\/www.tosunlux.eu\\\/ru\\\/#organization\"},\"alternateName\":\"TOSUNlux\",\"potentialAction\":[{\"@type\":\"SearchAction\",\"target\":{\"@type\":\"EntryPoint\",\"urlTemplate\":\"https:\\\/\\\/www.tosunlux.eu\\\/ru\\\/?s={search_term_string}\"},\"query-input\":{\"@type\":\"PropertyValueSpecification\",\"valueRequired\":true,\"valueName\":\"search_term_string\"}}],\"inLanguage\":\"pl-PL\"},{\"@type\":\"Organization\",\"@id\":\"https:\\\/\\\/www.tosunlux.eu\\\/ru\\\/#organization\",\"name\":\"TOSUNlux\",\"url\":\"https:\\\/\\\/www.tosunlux.eu\\\/ru\\\/\",\"logo\":{\"@type\":\"ImageObject\",\"inLanguage\":\"pl-PL\",\"@id\":\"https:\\\/\\\/www.tosunlux.eu\\\/ru\\\/#\\\/schema\\\/logo\\\/image\\\/\",\"url\":\"https:\\\/\\\/www.tosunlux.eu\\\/wp-content\\\/uploads\\\/2022\\\/01\\\/LOGOSYSM.71762f1.png\",\"contentUrl\":\"https:\\\/\\\/www.tosunlux.eu\\\/wp-content\\\/uploads\\\/2022\\\/01\\\/LOGOSYSM.71762f1.png\",\"width\":153,\"height\":55,\"caption\":\"TOSUNlux\"},\"image\":{\"@id\":\"https:\\\/\\\/www.tosunlux.eu\\\/ru\\\/#\\\/schema\\\/logo\\\/image\\\/\"},\"sameAs\":[\"https:\\\/\\\/www.facebook.com\\\/TOSUNelectric\\\/\",\"https:\\\/\\\/www.linkedin.com\\\/company\\\/wenzhou-tosun-electric-co.-ltd\\\/\"]}]}<\/script>\n<!-- \/ Yoast SEO plugin. -->","yoast_head_json":{"title":"Hurtowy automatyczny prze\u0142\u0105cznik podw\u00f3jnego zasilania TSMQ7 - Oficjalna strona TOSUNlux - Producent wy\u0142\u0105cznik\u00f3w elektrycznych w Chinach Dostawca urz\u0105dze\u0144 niskonapi\u0119ciowych | TOSUNlux","description":"TSMQ7 Dual Power Automatic Changeover Switch Supplier - Wholesale direct from TOSUNlux, a trusted manufacturer since 1994. Get your B2B factory quote on our certified Low Voltage electrical products.","robots":{"index":"index","follow":"follow","max-snippet":"max-snippet:-1","max-image-preview":"max-image-preview:large","max-video-preview":"max-video-preview:-1"},"canonical":"https:\/\/www.tosunlux.eu\/pl\/products\/dual-power-automatic-changeover-switch\/","og_locale":"pl_PL","og_type":"article","og_title":"WholesaleTSMQ7 Dual Power Automatic Changeover Switch - TOSUNlux Official Site - Electrical Circuit Breaker Manufacturer in China Low Voltage Electrical Supplier | TOSUNlux","og_description":"TSMQ7 Dual Power Automatic Changeover Switch Supplier - Wholesale direct from TOSUNlux, a trusted manufacturer since 1994. Get your B2B factory quote on our certified Low Voltage electrical products.","og_url":"https:\/\/www.tosunlux.eu\/pl\/products\/dual-power-automatic-changeover-switch\/","og_site_name":"TOSUNlux Official Site - Electrical Circuit Breaker Manufacturer in China","article_publisher":"https:\/\/www.facebook.com\/TOSUNelectric\/","article_modified_time":"2025-02-10T05:27:47+00:00","og_image":[{"width":1500,"height":940,"url":"https:\/\/www.tosunlux.eu\/wp-content\/uploads\/2023\/04\/DSC08160_\u526f\u672c.jpg","type":"image\/jpeg"}],"twitter_card":"summary_large_image","twitter_misc":{"Szacowany czas czytania":"1 minuta"},"schema":{"@context":"https:\/\/schema.org","@graph":[{"@type":"WebPage","@id":"https:\/\/www.tosunlux.eu\/es\/products\/dual-power-automatic-changeover-switch\/","url":"https:\/\/www.tosunlux.eu\/es\/products\/dual-power-automatic-changeover-switch\/","name":"Hurtowy automatyczny prze\u0142\u0105cznik podw\u00f3jnego zasilania TSMQ7 - Oficjalna strona TOSUNlux - Producent wy\u0142\u0105cznik\u00f3w elektrycznych w Chinach Dostawca urz\u0105dze\u0144 niskonapi\u0119ciowych | TOSUNlux","isPartOf":{"@id":"https:\/\/www.tosunlux.eu\/ru\/#website"},"datePublished":"2025-02-10T05:08:17+00:00","dateModified":"2025-02-10T05:27:47+00:00","description":"TSMQ7 Dual Power Automatic Changeover Switch Supplier - Wholesale direct from TOSUNlux, a trusted manufacturer since 1994. Get your B2B factory quote on our certified Low Voltage electrical products.","breadcrumb":{"@id":"https:\/\/www.tosunlux.eu\/es\/products\/dual-power-automatic-changeover-switch\/#breadcrumb"},"inLanguage":"pl-PL","potentialAction":[{"@type":"ReadAction","target":["https:\/\/www.tosunlux.eu\/es\/products\/dual-power-automatic-changeover-switch\/"]}]},{"@type":"BreadcrumbList","@id":"https:\/\/www.tosunlux.eu\/es\/products\/dual-power-automatic-changeover-switch\/#breadcrumb","itemListElement":[{"@type":"ListItem","position":1,"name":"Home","item":"https:\/\/www.tosunlux.eu\/ru\/"},{"@type":"ListItem","position":2,"name":"Products","item":"https:\/\/www.tosunlux.eu\/products\/"},{"@type":"ListItem","position":3,"name":"TSMQ7 Dual Power Automatic Changeover Switch"}]},{"@type":"WebSite","@id":"https:\/\/www.tosunlux.eu\/ru\/#website","url":"https:\/\/www.tosunlux.eu\/ru\/","name":"Oficjalna strona TOSUNlux - Producent wy\u0142\u0105cznik\u00f3w elektrycznych w Chinach","description":"Dostawca system\u00f3w dystrybucji energii","publisher":{"@id":"https:\/\/www.tosunlux.eu\/ru\/#organization"},"alternateName":"TOSUNlux","potentialAction":[{"@type":"SearchAction","target":{"@type":"EntryPoint","urlTemplate":"https:\/\/www.tosunlux.eu\/ru\/?s={search_term_string}"},"query-input":{"@type":"PropertyValueSpecification","valueRequired":true,"valueName":"search_term_string"}}],"inLanguage":"pl-PL"},{"@type":"Organization","@id":"https:\/\/www.tosunlux.eu\/ru\/#organization","name":"TOSUNlux","url":"https:\/\/www.tosunlux.eu\/ru\/","logo":{"@type":"ImageObject","inLanguage":"pl-PL","@id":"https:\/\/www.tosunlux.eu\/ru\/#\/schema\/logo\/image\/","url":"https:\/\/www.tosunlux.eu\/wp-content\/uploads\/2022\/01\/LOGOSYSM.71762f1.png","contentUrl":"https:\/\/www.tosunlux.eu\/wp-content\/uploads\/2022\/01\/LOGOSYSM.71762f1.png","width":153,"height":55,"caption":"TOSUNlux"},"image":{"@id":"https:\/\/www.tosunlux.eu\/ru\/#\/schema\/logo\/image\/"},"sameAs":["https:\/\/www.facebook.com\/TOSUNelectric\/","https:\/\/www.linkedin.com\/company\/wenzhou-tosun-electric-co.-ltd\/"]}]}},"_links":{"self":[{"href":"https:\/\/www.tosunlux.eu\/pl\/wp-json\/wp\/v2\/product\/12495","targetHints":{"allow":["GET"]}}],"collection":[{"href":"https:\/\/www.tosunlux.eu\/pl\/wp-json\/wp\/v2\/product"}],"about":[{"href":"https:\/\/www.tosunlux.eu\/pl\/wp-json\/wp\/v2\/types\/product"}],"version-history":[{"count":3,"href":"https:\/\/www.tosunlux.eu\/pl\/wp-json\/wp\/v2\/product\/12495\/revisions"}],"predecessor-version":[{"id":12511,"href":"https:\/\/www.tosunlux.eu\/pl\/wp-json\/wp\/v2\/product\/12495\/revisions\/12511"}],"wp:attachment":[{"href":"https:\/\/www.tosunlux.eu\/pl\/wp-json\/wp\/v2\/media?parent=12495"}],"wp:term":[{"taxonomy":"product_category","embeddable":true,"href":"https:\/\/www.tosunlux.eu\/pl\/wp-json\/wp\/v2\/product_category?post=12495"}],"curies":[{"name":"wp","href":"https:\/\/api.w.org\/{rel}","templated":true}]}}