{"id":12512,"date":"2025-02-10T13:44:34","date_gmt":"2025-02-10T05:44:34","guid":{"rendered":"https:\/\/www.tosunlux.eu\/?post_type=product&#038;p=12512"},"modified":"2025-02-10T13:44:36","modified_gmt":"2025-02-10T05:44:36","slug":"tsmq8-dual-power-automatic-changeover-switch","status":"publish","type":"product","link":"https:\/\/www.tosunlux.eu\/pl\/products\/tsmq8-dual-power-automatic-changeover-switch\/","title":{"rendered":"Prze\u0142\u0105cznik automatycznej zmiany mocy podw\u00f3jnej TSMQ8"},"content":{"rendered":"<p><strong>Aplikacja<\/strong><\/p>\n\n\n\n<p>Automatyczny prze\u0142\u0105cznik prze\u0142\u0105czaj\u0105cy podw\u00f3jnego zasilania TSMQ8 to rzadko u\u017cywany prze\u0142\u0105cznik prze\u0142\u0105czaj\u0105cy klasy PC, kt\u00f3ry zapewnia sta\u0142e zasilanie obwodu, gdy zasilanie sieciowe nagle nie jest dost\u0119pne. Prze\u0142\u0105cznik jest odpowiedni do systemu zasilania 50\/60 Hz, napi\u0119cia znamionowego do 400 V i pr\u0105du znamionowego do 63 A.<br>Gdy produkt dzia\u0142a w trybie \u201eauto\u201d, prze\u0142\u0105cznik automatycznie prze\u0142\u0105cza obw\u00f3d z zasilania sieciowego (\u2160) na zasilanie awaryjne (\u2161) w przypadku wy\u0142\u0105czenia zasilania sieciowego (lub zaniku fazy). Gdy zasilanie sieciowe (\u2160) zostanie wznowione, prze\u0142\u0105cznik automatycznie prze\u0142\u0105cza obw\u00f3d z zasilania awaryjnego (\u2161) z zasilania sieciowego (\u2160) na zasilanie sieciowe (\u2160).<br>Prze\u0142\u0105cznik charakteryzuje si\u0119 ma\u0142ymi rozmiarami, szybk\u0105 reakcj\u0105, niezawodno\u015bci\u0105 konwersji, wygod\u0105 instalacji i d\u0142ug\u0105 \u017cywotno\u015bci\u0105.<\/p>\n\n\n\n<p><strong>Specyfikacja<\/strong><\/p>\n\n\n<table style=\"height: 645px;\" width=\"939\">\n<tbody>\n<tr>\n<td width=\"247\">Kategoria produktu<\/td>\n<td style=\"text-align: center;\" width=\"562\">Klasa PC: mo\u017cna j\u0105 w\u0142\u0105cza\u0107 i \u0142adowa\u0107 bez generowania pr\u0105du zwarciowego<\/td>\n<\/tr>\n<tr>\n<td width=\"247\">Liczba biegun\u00f3w<\/td>\n<td style=\"text-align: center;\" width=\"562\">2P, 4P<\/td>\n<\/tr>\n<tr>\n<td width=\"247\">Pr\u0105d znamionowy<\/td>\n<td style=\"text-align: center;\" width=\"562\">6A, 10A, 16A, 20A, 25A, 32A, 40A, 50A, 63A<\/td>\n<\/tr>\n<tr>\n<td width=\"247\">Napi\u0119cie znamionowe izolacji (Ul)<\/td>\n<td style=\"text-align: center;\" width=\"562\">Pr\u0105d zmienny 690 V<\/td>\n<\/tr>\n<tr>\n<td width=\"247\">Znamionowe napi\u0119cie udarowe wytrzymywane (Uimp)<\/td>\n<td style=\"text-align: center;\" width=\"562\">8kV<\/td>\n<\/tr>\n<tr>\n<td width=\"247\">Napi\u0119cie znamionowe robocze (Ue)<\/td>\n<td style=\"text-align: center;\" width=\"562\">2P 110\/220V, 4P 400V<\/td>\n<\/tr>\n<tr>\n<td width=\"247\">Pr\u0105d znamionowy zwarciowy (lq)<\/td>\n<td style=\"text-align: center;\" width=\"562\">5kA<\/td>\n<\/tr>\n<tr>\n<td width=\"247\">Urz\u0105dzenie zabezpieczaj\u0105ce przed zwarciem (bezpiecznik)<\/td>\n<td style=\"text-align: center;\" width=\"562\">NT00 63A<\/td>\n<\/tr>\n<tr>\n<td width=\"247\">Znamionowe napi\u0119cie udarowe wytrzymywane<\/td>\n<td style=\"text-align: center;\" width=\"562\">8kV<\/td>\n<\/tr>\n<tr>\n<td width=\"247\">Obw\u00f3d sterowania<\/td>\n<td style=\"text-align: center;\" width=\"562\">Napi\u0119cie znamionowe steruj\u0105ce Us: AC220V\/ 110V, 50\/60Hz Normalne warunki pracy: 85%Us-110%Us<\/td>\n<\/tr>\n<tr>\n<td width=\"247\">Obw\u00f3d pomocniczy<\/td>\n<td style=\"text-align: center;\" width=\"562\">AC220V\/ 110V 50\/60Hz el=5A<\/td>\n<\/tr>\n<tr>\n<td width=\"247\">Nadmierne napi\u0119cie\/niedostateczne napi\u0119cie<br \/>Zakres ochrony<br \/>(Powr\u00f3t do normy 30s)<\/td>\n<td style=\"text-align: center;\" width=\"562\">220V Warto\u015b\u0107 podnapi\u0119ciowa: 175V Warto\u015b\u0107 odzysku: 195V<br \/>Warto\u015b\u0107 przepi\u0119cia: 260 V Warto\u015b\u0107 odzyskiwania: 240 V (\u00b15 V)<br \/>110 V Warto\u015b\u0107 podnapi\u0119ciowa: 85 V Warto\u015b\u0107 odzysku: 95 V<br \/>Warto\u015b\u0107 przepi\u0119cia: 145 V Warto\u015b\u0107 odzyskiwania: 130 (\u00b15 V)<\/td>\n<\/tr>\n<tr>\n<td width=\"247\">\u017bywotno\u015b\u0107 mechaniczna<\/td>\n<td style=\"text-align: center;\" width=\"562\">8000 razy<\/td>\n<\/tr>\n<tr>\n<td width=\"247\">\u017bycie elektryczne<\/td>\n<td style=\"text-align: center;\" width=\"562\">1500 razy<\/td>\n<\/tr>\n<tr>\n<td width=\"247\">Kategoria wykorzystania<\/td>\n<td style=\"text-align: center;\" width=\"562\">AC-31B<\/td>\n<\/tr>\n<\/tbody>\n<\/table>\n\n\n<p><strong>Wymiary<\/strong><\/p>\n\n\n\n<figure class=\"wp-block-image size-large is-resized\"><img fetchpriority=\"high\" decoding=\"async\" src=\"https:\/\/www.tosunlux.eu\/wp-content\/uploads\/2025\/02\/1-2-1024x348.jpg\" alt=\"\" class=\"wp-image-12514\" width=\"768\" height=\"261\" srcset=\"https:\/\/www.tosunlux.eu\/wp-content\/uploads\/2025\/02\/1-2-1024x348.jpg 1024w, https:\/\/www.tosunlux.eu\/wp-content\/uploads\/2025\/02\/1-2-300x102.jpg 300w, https:\/\/www.tosunlux.eu\/wp-content\/uploads\/2025\/02\/1-2-768x261.jpg 768w, https:\/\/www.tosunlux.eu\/wp-content\/uploads\/2025\/02\/1-2-18x6.jpg 18w, https:\/\/www.tosunlux.eu\/wp-content\/uploads\/2025\/02\/1-2.jpg 1431w\" sizes=\"(max-width: 768px) 100vw, 768px\" \/><\/figure>","protected":false},"parent":0,"template":"","product_category":[24,86],"class_list":["post-12512","product","type-product","status-publish","hentry","product_category-power-distribution-system","product_category-automatic-changeover-switch"],"yoast_head":"<!-- This site is optimized with the Yoast SEO plugin v27.6 - https:\/\/yoast.com\/product\/yoast-seo-wordpress\/ -->\n<title>WholesaleTSMQ8 Dual Power Automatic Changeover Switch - TOSUNlux Official Site - Electrical Circuit Breaker Manufacturer in China Low Voltage Electrical Supplier | TOSUNlux<\/title>\n<meta name=\"description\" content=\"TSMQ8 Dual Power Automatic Changeover Switch Supplier - Wholesale direct from TOSUNlux, a trusted manufacturer since 1994. Get your B2B factory quote on our certified Low Voltage electrical products.\" \/>\n<meta name=\"robots\" content=\"index, follow, max-snippet:-1, max-image-preview:large, max-video-preview:-1\" \/>\n<link rel=\"canonical\" href=\"https:\/\/www.tosunlux.eu\/pl\/products\/tsmq8-dual-power-automatic-changeover-switch\/\" \/>\n<meta property=\"og:locale\" content=\"pl_PL\" \/>\n<meta property=\"og:type\" content=\"article\" \/>\n<meta property=\"og:title\" content=\"WholesaleTSMQ8 Dual Power Automatic Changeover Switch - TOSUNlux Official Site - Electrical Circuit Breaker Manufacturer in China Low Voltage Electrical Supplier | TOSUNlux\" \/>\n<meta property=\"og:description\" content=\"TSMQ8 Dual Power Automatic Changeover Switch Supplier - Wholesale direct from TOSUNlux, a trusted manufacturer since 1994. Get your B2B factory quote on our certified Low Voltage electrical products.\" \/>\n<meta property=\"og:url\" content=\"https:\/\/www.tosunlux.eu\/pl\/products\/tsmq8-dual-power-automatic-changeover-switch\/\" \/>\n<meta property=\"og:site_name\" content=\"TOSUNlux Official Site - Electrical Circuit Breaker Manufacturer in China\" \/>\n<meta property=\"article:publisher\" content=\"https:\/\/www.facebook.com\/TOSUNelectric\/\" \/>\n<meta property=\"article:modified_time\" content=\"2025-02-10T05:44:36+00:00\" \/>\n<meta property=\"og:image\" content=\"https:\/\/www.tosunlux.eu\/wp-content\/uploads\/2025\/02\/1-2-1024x348.jpg\" \/>\n<meta name=\"twitter:card\" content=\"summary_large_image\" \/>\n<meta name=\"twitter:label1\" content=\"Szacowany czas czytania\" \/>\n\t<meta name=\"twitter:data1\" content=\"2 minuty\" \/>\n<script type=\"application\/ld+json\" class=\"yoast-schema-graph\">{\"@context\":\"https:\\\/\\\/schema.org\",\"@graph\":[{\"@type\":\"WebPage\",\"@id\":\"https:\\\/\\\/www.tosunlux.eu\\\/ru\\\/products\\\/tsmq8-dual-power-automatic-changeover-switch\\\/\",\"url\":\"https:\\\/\\\/www.tosunlux.eu\\\/ru\\\/products\\\/tsmq8-dual-power-automatic-changeover-switch\\\/\",\"name\":\"WholesaleTSMQ8 Dual Power Automatic Changeover Switch - TOSUNlux Official Site - Electrical Circuit Breaker Manufacturer in China Low Voltage Electrical Supplier | TOSUNlux\",\"isPartOf\":{\"@id\":\"https:\\\/\\\/www.tosunlux.eu\\\/ru\\\/#website\"},\"primaryImageOfPage\":{\"@id\":\"https:\\\/\\\/www.tosunlux.eu\\\/ru\\\/products\\\/tsmq8-dual-power-automatic-changeover-switch\\\/#primaryimage\"},\"image\":{\"@id\":\"https:\\\/\\\/www.tosunlux.eu\\\/ru\\\/products\\\/tsmq8-dual-power-automatic-changeover-switch\\\/#primaryimage\"},\"thumbnailUrl\":\"https:\\\/\\\/www.tosunlux.eu\\\/wp-content\\\/uploads\\\/2025\\\/02\\\/1-2-1024x348.jpg\",\"datePublished\":\"2025-02-10T05:44:34+00:00\",\"dateModified\":\"2025-02-10T05:44:36+00:00\",\"description\":\"TSMQ8 Dual Power Automatic Changeover Switch Supplier - Wholesale direct from TOSUNlux, a trusted manufacturer since 1994. Get your B2B factory quote on our certified Low Voltage electrical products.\",\"breadcrumb\":{\"@id\":\"https:\\\/\\\/www.tosunlux.eu\\\/ru\\\/products\\\/tsmq8-dual-power-automatic-changeover-switch\\\/#breadcrumb\"},\"inLanguage\":\"pl-PL\",\"potentialAction\":[{\"@type\":\"ReadAction\",\"target\":[\"https:\\\/\\\/www.tosunlux.eu\\\/ru\\\/products\\\/tsmq8-dual-power-automatic-changeover-switch\\\/\"]}]},{\"@type\":\"ImageObject\",\"inLanguage\":\"pl-PL\",\"@id\":\"https:\\\/\\\/www.tosunlux.eu\\\/ru\\\/products\\\/tsmq8-dual-power-automatic-changeover-switch\\\/#primaryimage\",\"url\":\"https:\\\/\\\/www.tosunlux.eu\\\/wp-content\\\/uploads\\\/2025\\\/02\\\/1-2-1024x348.jpg\",\"contentUrl\":\"https:\\\/\\\/www.tosunlux.eu\\\/wp-content\\\/uploads\\\/2025\\\/02\\\/1-2-1024x348.jpg\"},{\"@type\":\"BreadcrumbList\",\"@id\":\"https:\\\/\\\/www.tosunlux.eu\\\/ru\\\/products\\\/tsmq8-dual-power-automatic-changeover-switch\\\/#breadcrumb\",\"itemListElement\":[{\"@type\":\"ListItem\",\"position\":1,\"name\":\"Home\",\"item\":\"https:\\\/\\\/www.tosunlux.eu\\\/ru\\\/\"},{\"@type\":\"ListItem\",\"position\":2,\"name\":\"Products\",\"item\":\"https:\\\/\\\/www.tosunlux.eu\\\/products\\\/\"},{\"@type\":\"ListItem\",\"position\":3,\"name\":\"TSMQ8 Dual Power Automatic Changeover Switch\"}]},{\"@type\":\"WebSite\",\"@id\":\"https:\\\/\\\/www.tosunlux.eu\\\/ru\\\/#website\",\"url\":\"https:\\\/\\\/www.tosunlux.eu\\\/ru\\\/\",\"name\":\"TOSUNlux Official Site - Electrical Circuit Breaker Manufacturer in China\",\"description\":\"Power Distribution System Supplier\",\"publisher\":{\"@id\":\"https:\\\/\\\/www.tosunlux.eu\\\/ru\\\/#organization\"},\"alternateName\":\"TOSUNlux\",\"potentialAction\":[{\"@type\":\"SearchAction\",\"target\":{\"@type\":\"EntryPoint\",\"urlTemplate\":\"https:\\\/\\\/www.tosunlux.eu\\\/ru\\\/?s={search_term_string}\"},\"query-input\":{\"@type\":\"PropertyValueSpecification\",\"valueRequired\":true,\"valueName\":\"search_term_string\"}}],\"inLanguage\":\"pl-PL\"},{\"@type\":\"Organization\",\"@id\":\"https:\\\/\\\/www.tosunlux.eu\\\/ru\\\/#organization\",\"name\":\"TOSUNlux\",\"url\":\"https:\\\/\\\/www.tosunlux.eu\\\/ru\\\/\",\"logo\":{\"@type\":\"ImageObject\",\"inLanguage\":\"pl-PL\",\"@id\":\"https:\\\/\\\/www.tosunlux.eu\\\/ru\\\/#\\\/schema\\\/logo\\\/image\\\/\",\"url\":\"https:\\\/\\\/www.tosunlux.eu\\\/wp-content\\\/uploads\\\/2022\\\/01\\\/LOGOSYSM.71762f1.png\",\"contentUrl\":\"https:\\\/\\\/www.tosunlux.eu\\\/wp-content\\\/uploads\\\/2022\\\/01\\\/LOGOSYSM.71762f1.png\",\"width\":153,\"height\":55,\"caption\":\"TOSUNlux\"},\"image\":{\"@id\":\"https:\\\/\\\/www.tosunlux.eu\\\/ru\\\/#\\\/schema\\\/logo\\\/image\\\/\"},\"sameAs\":[\"https:\\\/\\\/www.facebook.com\\\/TOSUNelectric\\\/\",\"https:\\\/\\\/www.linkedin.com\\\/company\\\/wenzhou-tosun-electric-co.-ltd\\\/\"]}]}<\/script>\n<!-- \/ Yoast SEO plugin. -->","yoast_head_json":{"title":"Hurtowy automatyczny prze\u0142\u0105cznik podw\u00f3jnego zasilania TSMQ8 - Oficjalna strona TOSUNlux - Producent wy\u0142\u0105cznik\u00f3w elektrycznych w Chinach Dostawca urz\u0105dze\u0144 niskonapi\u0119ciowych | TOSUNlux","description":"Dostawca automatycznych prze\u0142\u0105cznik\u00f3w dwuzakresowych TSMQ8 - sprzeda\u017c hurtowa bezpo\u015brednio od TOSUNlux, zaufanego producenta od 1994 r. Uzyskaj wycen\u0119 fabryczn\u0105 B2B na nasze certyfikowane produkty elektryczne niskiego napi\u0119cia.","robots":{"index":"index","follow":"follow","max-snippet":"max-snippet:-1","max-image-preview":"max-image-preview:large","max-video-preview":"max-video-preview:-1"},"canonical":"https:\/\/www.tosunlux.eu\/pl\/products\/tsmq8-dual-power-automatic-changeover-switch\/","og_locale":"pl_PL","og_type":"article","og_title":"WholesaleTSMQ8 Dual Power Automatic Changeover Switch - TOSUNlux Official Site - Electrical Circuit Breaker Manufacturer in China Low Voltage Electrical Supplier | TOSUNlux","og_description":"TSMQ8 Dual Power Automatic Changeover Switch Supplier - Wholesale direct from TOSUNlux, a trusted manufacturer since 1994. Get your B2B factory quote on our certified Low Voltage electrical products.","og_url":"https:\/\/www.tosunlux.eu\/pl\/products\/tsmq8-dual-power-automatic-changeover-switch\/","og_site_name":"TOSUNlux Official Site - Electrical Circuit Breaker Manufacturer in China","article_publisher":"https:\/\/www.facebook.com\/TOSUNelectric\/","article_modified_time":"2025-02-10T05:44:36+00:00","og_image":[{"url":"https:\/\/www.tosunlux.eu\/wp-content\/uploads\/2025\/02\/1-2-1024x348.jpg","type":"","width":"","height":""}],"twitter_card":"summary_large_image","twitter_misc":{"Szacowany czas czytania":"2 minuty"},"schema":{"@context":"https:\/\/schema.org","@graph":[{"@type":"WebPage","@id":"https:\/\/www.tosunlux.eu\/ru\/products\/tsmq8-dual-power-automatic-changeover-switch\/","url":"https:\/\/www.tosunlux.eu\/ru\/products\/tsmq8-dual-power-automatic-changeover-switch\/","name":"Hurtowy automatyczny prze\u0142\u0105cznik podw\u00f3jnego zasilania TSMQ8 - Oficjalna strona TOSUNlux - Producent wy\u0142\u0105cznik\u00f3w elektrycznych w Chinach Dostawca urz\u0105dze\u0144 niskonapi\u0119ciowych | TOSUNlux","isPartOf":{"@id":"https:\/\/www.tosunlux.eu\/ru\/#website"},"primaryImageOfPage":{"@id":"https:\/\/www.tosunlux.eu\/ru\/products\/tsmq8-dual-power-automatic-changeover-switch\/#primaryimage"},"image":{"@id":"https:\/\/www.tosunlux.eu\/ru\/products\/tsmq8-dual-power-automatic-changeover-switch\/#primaryimage"},"thumbnailUrl":"https:\/\/www.tosunlux.eu\/wp-content\/uploads\/2025\/02\/1-2-1024x348.jpg","datePublished":"2025-02-10T05:44:34+00:00","dateModified":"2025-02-10T05:44:36+00:00","description":"Dostawca automatycznych prze\u0142\u0105cznik\u00f3w dwuzakresowych TSMQ8 - sprzeda\u017c hurtowa bezpo\u015brednio od TOSUNlux, zaufanego producenta od 1994 r. Uzyskaj wycen\u0119 fabryczn\u0105 B2B na nasze certyfikowane produkty elektryczne niskiego napi\u0119cia.","breadcrumb":{"@id":"https:\/\/www.tosunlux.eu\/ru\/products\/tsmq8-dual-power-automatic-changeover-switch\/#breadcrumb"},"inLanguage":"pl-PL","potentialAction":[{"@type":"ReadAction","target":["https:\/\/www.tosunlux.eu\/ru\/products\/tsmq8-dual-power-automatic-changeover-switch\/"]}]},{"@type":"ImageObject","inLanguage":"pl-PL","@id":"https:\/\/www.tosunlux.eu\/ru\/products\/tsmq8-dual-power-automatic-changeover-switch\/#primaryimage","url":"https:\/\/www.tosunlux.eu\/wp-content\/uploads\/2025\/02\/1-2-1024x348.jpg","contentUrl":"https:\/\/www.tosunlux.eu\/wp-content\/uploads\/2025\/02\/1-2-1024x348.jpg"},{"@type":"BreadcrumbList","@id":"https:\/\/www.tosunlux.eu\/ru\/products\/tsmq8-dual-power-automatic-changeover-switch\/#breadcrumb","itemListElement":[{"@type":"ListItem","position":1,"name":"Home","item":"https:\/\/www.tosunlux.eu\/ru\/"},{"@type":"ListItem","position":2,"name":"Products","item":"https:\/\/www.tosunlux.eu\/products\/"},{"@type":"ListItem","position":3,"name":"TSMQ8 Dual Power Automatic Changeover Switch"}]},{"@type":"WebSite","@id":"https:\/\/www.tosunlux.eu\/ru\/#website","url":"https:\/\/www.tosunlux.eu\/ru\/","name":"Oficjalna strona TOSUNlux - Producent wy\u0142\u0105cznik\u00f3w elektrycznych w Chinach","description":"Dostawca system\u00f3w dystrybucji energii","publisher":{"@id":"https:\/\/www.tosunlux.eu\/ru\/#organization"},"alternateName":"TOSUNlux","potentialAction":[{"@type":"SearchAction","target":{"@type":"EntryPoint","urlTemplate":"https:\/\/www.tosunlux.eu\/ru\/?s={search_term_string}"},"query-input":{"@type":"PropertyValueSpecification","valueRequired":true,"valueName":"search_term_string"}}],"inLanguage":"pl-PL"},{"@type":"Organization","@id":"https:\/\/www.tosunlux.eu\/ru\/#organization","name":"TOSUNlux","url":"https:\/\/www.tosunlux.eu\/ru\/","logo":{"@type":"ImageObject","inLanguage":"pl-PL","@id":"https:\/\/www.tosunlux.eu\/ru\/#\/schema\/logo\/image\/","url":"https:\/\/www.tosunlux.eu\/wp-content\/uploads\/2022\/01\/LOGOSYSM.71762f1.png","contentUrl":"https:\/\/www.tosunlux.eu\/wp-content\/uploads\/2022\/01\/LOGOSYSM.71762f1.png","width":153,"height":55,"caption":"TOSUNlux"},"image":{"@id":"https:\/\/www.tosunlux.eu\/ru\/#\/schema\/logo\/image\/"},"sameAs":["https:\/\/www.facebook.com\/TOSUNelectric\/","https:\/\/www.linkedin.com\/company\/wenzhou-tosun-electric-co.-ltd\/"]}]}},"_links":{"self":[{"href":"https:\/\/www.tosunlux.eu\/pl\/wp-json\/wp\/v2\/product\/12512","targetHints":{"allow":["GET"]}}],"collection":[{"href":"https:\/\/www.tosunlux.eu\/pl\/wp-json\/wp\/v2\/product"}],"about":[{"href":"https:\/\/www.tosunlux.eu\/pl\/wp-json\/wp\/v2\/types\/product"}],"version-history":[{"count":2,"href":"https:\/\/www.tosunlux.eu\/pl\/wp-json\/wp\/v2\/product\/12512\/revisions"}],"predecessor-version":[{"id":12518,"href":"https:\/\/www.tosunlux.eu\/pl\/wp-json\/wp\/v2\/product\/12512\/revisions\/12518"}],"wp:attachment":[{"href":"https:\/\/www.tosunlux.eu\/pl\/wp-json\/wp\/v2\/media?parent=12512"}],"wp:term":[{"taxonomy":"product_category","embeddable":true,"href":"https:\/\/www.tosunlux.eu\/pl\/wp-json\/wp\/v2\/product_category?post=12512"}],"curies":[{"name":"wp","href":"https:\/\/api.w.org\/{rel}","templated":true}]}}