{"id":12557,"date":"2025-02-13T15:05:13","date_gmt":"2025-02-13T07:05:13","guid":{"rendered":"https:\/\/www.tosunlux.eu\/?post_type=product&#038;p=12557"},"modified":"2025-02-13T15:05:18","modified_gmt":"2025-02-13T07:05:18","slug":"off-grid-solar-inverter-1000w-1500w","status":"publish","type":"product","link":"https:\/\/www.tosunlux.eu\/pl\/products\/off-grid-solar-inverter-1000w-1500w\/","title":{"rendered":"Falownik solarny OFF Grid 1000 W i 1500 W"},"content":{"rendered":"<figure class=\"wp-block-image size-large is-resized\"><img fetchpriority=\"high\" decoding=\"async\" src=\"https:\/\/www.tosunlux.eu\/wp-content\/uploads\/2025\/02\/3-1024x495.jpg\" alt=\"\" class=\"wp-image-12559\" width=\"768\" height=\"371\" srcset=\"https:\/\/www.tosunlux.eu\/wp-content\/uploads\/2025\/02\/3-1024x495.jpg 1024w, https:\/\/www.tosunlux.eu\/wp-content\/uploads\/2025\/02\/3-300x145.jpg 300w, https:\/\/www.tosunlux.eu\/wp-content\/uploads\/2025\/02\/3-768x371.jpg 768w, https:\/\/www.tosunlux.eu\/wp-content\/uploads\/2025\/02\/3-1536x742.jpg 1536w, https:\/\/www.tosunlux.eu\/wp-content\/uploads\/2025\/02\/3-2048x990.jpg 2048w, https:\/\/www.tosunlux.eu\/wp-content\/uploads\/2025\/02\/3-18x9.jpg 18w\" sizes=\"(max-width: 768px) 100vw, 768px\" \/><\/figure>\n\n\n\n<figure class=\"wp-block-image size-full is-resized\"><img decoding=\"async\" src=\"https:\/\/www.tosunlux.eu\/wp-content\/uploads\/2025\/02\/2-4.jpg\" alt=\"\" class=\"wp-image-12560\" width=\"172\" height=\"115\" srcset=\"https:\/\/www.tosunlux.eu\/wp-content\/uploads\/2025\/02\/2-4.jpg 687w, https:\/\/www.tosunlux.eu\/wp-content\/uploads\/2025\/02\/2-4-300x200.jpg 300w, https:\/\/www.tosunlux.eu\/wp-content\/uploads\/2025\/02\/2-4-18x12.jpg 18w\" sizes=\"(max-width: 172px) 100vw, 172px\" \/><\/figure>\n\n\n\n<p><strong>Aplikacja<\/strong><\/p>\n\n\n\n<ul class=\"wp-block-list\"><li>Czysty sinusoidalny inwerter solarny<\/li><li>Wbudowana \u0142adowarka solarna MPPT 40A<\/li><li>Zakres napi\u0119cia wej\u015bciowego PV 20~150VDC (dla 1000W),<\/li><li>30~150VDC (dla 1500W)<\/li><li>Wbudowany zestaw przeciwpy\u0142owy do pracy w trudnych warunkach<\/li><li>Inteligentna konstrukcja \u0142adowania baterii optymalizuj\u0105ca jej \u017cywotno\u015b\u0107<\/li><li>Spe\u0142nianie indywidualnych wymaga\u0144<\/li><li>Energia s\u0142oneczna jest dostarczana bezpo\u015brednio do obci\u0105\u017cenia w pierwszej kolejno\u015bci<\/li><\/ul>\n\n\n\n<p><strong>Specyfikacja<\/strong><\/p>\n\n\n<table style=\"height: 981px;\" width=\"888\">\n<tbody>\n<tr>\n<td width=\"273\">Model<\/td>\n<td style=\"text-align: center;\" width=\"236\">TSIF1-1000W<\/td>\n<td style=\"text-align: center;\" width=\"236\">TSIF1-1500W<\/td>\n<\/tr>\n<tr>\n<td width=\"273\">Moc znamionowa<\/td>\n<td style=\"text-align: center;\" width=\"236\">1000VA\/ 1000W<\/td>\n<td style=\"text-align: center;\" width=\"236\">1500VA\/ 1500W<\/td>\n<\/tr>\n<tr>\n<td width=\"273\">Faza<\/td>\n<td style=\"text-align: center;\" colspan=\"2\" width=\"472\">Jednofazowy<\/td>\n<\/tr>\n<tr>\n<td width=\"273\">Wolta\u017c<\/td>\n<td style=\"text-align: center;\" colspan=\"2\" width=\"472\">230 V AC<\/td>\n<\/tr>\n<tr>\n<td rowspan=\"2\" width=\"273\">Wybieralny zakres napi\u0119cia<\/td>\n<td style=\"text-align: center;\" colspan=\"2\" width=\"472\">170 ~280VAC (dla komputer\u00f3w osobistych)<\/td>\n<\/tr>\n<tr>\n<td style=\"text-align: center;\" colspan=\"2\" width=\"472\">90 ~280VAC (do urz\u0105dze\u0144 domowych)<\/td>\n<\/tr>\n<tr>\n<td width=\"273\">Zakres cz\u0119stotliwo\u015bci<\/td>\n<td style=\"text-align: center;\" colspan=\"2\" width=\"472\">50 Hz\/ 60 Hz (automatyczne wykrywanie)<\/td>\n<\/tr>\n<tr>\n<td colspan=\"3\" width=\"745\">Wyj\u015bcie pr\u0105du przemiennego<\/td>\n<\/tr>\n<tr>\n<td width=\"273\">Regulacja napi\u0119cia pr\u0105du przemiennego<\/td>\n<td style=\"text-align: center;\" colspan=\"2\" width=\"472\">230VAC\u00b15%<\/td>\n<\/tr>\n<tr>\n<td width=\"273\">Moc skokowa<\/td>\n<td style=\"text-align: center;\" width=\"236\">2000VA<\/td>\n<td style=\"text-align: center;\" width=\"236\">3000VA<\/td>\n<\/tr>\n<tr>\n<td width=\"273\">Sprawno\u015b\u0107 (szczytowa) PV do INV<\/td>\n<td style=\"text-align: center;\" colspan=\"2\" width=\"472\">98%<\/td>\n<\/tr>\n<tr>\n<td width=\"273\">Sprawno\u015b\u0107 (szczytowa) akumulatora do INV<\/td>\n<td style=\"text-align: center;\" colspan=\"2\" width=\"472\">94%<\/td>\n<\/tr>\n<tr>\n<td width=\"273\">Czas transferu<\/td>\n<td style=\"text-align: center;\" colspan=\"2\" width=\"472\">10ms<\/td>\n<\/tr>\n<tr>\n<td colspan=\"3\" width=\"745\">Bateria<\/td>\n<\/tr>\n<tr>\n<td width=\"273\">Napi\u0119cie akumulatora<\/td>\n<td style=\"text-align: center;\" width=\"236\">12 V pr\u0105du sta\u0142ego<\/td>\n<td style=\"text-align: center;\" width=\"236\">24 V pr\u0105du sta\u0142ego<\/td>\n<\/tr>\n<tr>\n<td width=\"273\">Napi\u0119cie \u0142adowania p\u0142ywaj\u0105cego<\/td>\n<td style=\"text-align: center;\" width=\"236\">13.5 V pr\u0105du sta\u0142ego<\/td>\n<td style=\"text-align: center;\" width=\"236\">27 V pr\u0105du sta\u0142ego<\/td>\n<\/tr>\n<tr>\n<td width=\"273\">Ochrona przed prze\u0142adowaniem<\/td>\n<td style=\"text-align: center;\" width=\"236\">16 V pr\u0105du sta\u0142ego<\/td>\n<td style=\"text-align: center;\" width=\"236\">32 V pr\u0105du sta\u0142ego<\/td>\n<\/tr>\n<tr>\n<td colspan=\"3\" width=\"745\">\u0141adowarka s\u0142oneczna i \u0142adowarka AC<\/td>\n<\/tr>\n<tr>\n<td width=\"273\">Typ \u0142adowarki s\u0142onecznej<\/td>\n<td style=\"text-align: center;\" colspan=\"2\" width=\"472\">MPPT<\/td>\n<\/tr>\n<tr>\n<td style=\"text-align: left;\" width=\"273\">Maksymalna moc PVArray<\/td>\n<td style=\"text-align: center;\" width=\"236\">600 W<\/td>\n<td style=\"text-align: center;\" width=\"236\">1200 W<\/td>\n<\/tr>\n<tr>\n<td width=\"273\">Zakres napi\u0119cia MPPT<\/td>\n<td style=\"text-align: center;\" width=\"236\">20 ~ 150 V pr\u0105du sta\u0142ego<\/td>\n<td style=\"text-align: center;\" width=\"236\">30 ~ 150 V pr\u0105du sta\u0142ego<\/td>\n<\/tr>\n<tr>\n<td width=\"273\">Maksymalne napi\u0119cie obwodu otwartego PVArray solar<\/td>\n<td style=\"text-align: center;\" colspan=\"2\" width=\"472\">150 V pr\u0105du sta\u0142ego<\/td>\n<\/tr>\n<tr>\n<td width=\"273\">Maksymalny pr\u0105d \u0142adowania s\u0142onecznego<\/td>\n<td style=\"text-align: center;\" colspan=\"2\" width=\"472\">40A<\/td>\n<\/tr>\n<tr>\n<td width=\"273\">Maksymalny pr\u0105d \u0142adowania AC<\/td>\n<td style=\"text-align: center;\" colspan=\"2\" width=\"472\">40A<\/td>\n<\/tr>\n<tr>\n<td width=\"273\">Maksymalny pr\u0105d \u0142adowania s\u0142onecznego i pr\u0105du przemiennego<\/td>\n<td style=\"text-align: center;\" colspan=\"2\" width=\"472\">80A<\/td>\n<\/tr>\n<tr>\n<td colspan=\"3\" width=\"745\">Fizyczny<\/td>\n<\/tr>\n<tr>\n<td width=\"273\">Wymiary, D*S*W (mm)<\/td>\n<td style=\"text-align: center;\" colspan=\"2\" width=\"472\">290*240*91<\/td>\n<\/tr>\n<tr>\n<td width=\"273\">Masa netto (kg)<\/td>\n<td style=\"text-align: center;\" width=\"236\">3.5\u00a0<\/td>\n<td style=\"text-align: center;\" width=\"236\">3.6\u00a0<\/td>\n<\/tr>\n<tr>\n<td width=\"273\">Masa brutto (kg)<\/td>\n<td style=\"text-align: center;\" width=\"236\">4.0\u00a0<\/td>\n<td style=\"text-align: center;\" width=\"236\">4.2\u00a0<\/td>\n<\/tr>\n<tr>\n<td colspan=\"3\" width=\"745\">\u015arodowisko<\/td>\n<\/tr>\n<tr>\n<td width=\"273\">Wilgotno\u015b\u0107<\/td>\n<td style=\"text-align: center;\" colspan=\"2\" width=\"472\">Wilgotno\u015b\u0107 wzgl\u0119dna 5% do 95% (bez kondensacji)<\/td>\n<\/tr>\n<tr>\n<td width=\"273\">Temperatura pracy<\/td>\n<td style=\"text-align: center;\" colspan=\"2\" width=\"472\">-10\u2103 ~ 50\u2103<\/td>\n<\/tr>\n<\/tbody>\n<\/table>","protected":false},"parent":0,"template":"","product_category":[37,218],"class_list":["post-12557","product","type-product","status-publish","hentry","product_category-new-energy-instruments","product_category-grid-solar-inverter"],"yoast_head":"<!-- This site is optimized with the Yoast SEO plugin v27.5 - https:\/\/yoast.com\/product\/yoast-seo-wordpress\/ -->\n<title>WholesaleOFF Grid Solar Inverter 1000W &amp; 1500W - TOSUNlux Official Site - Electrical Circuit Breaker Manufacturer in China Low Voltage Electrical Supplier | TOSUNlux<\/title>\n<meta name=\"description\" content=\"OFF Grid Solar Inverter 1000W &amp; 1500W Supplier - Wholesale direct from TOSUNlux, a trusted manufacturer since 1994. Get your B2B factory quote on our certified Low Voltage electrical products.\" \/>\n<meta name=\"robots\" content=\"index, follow, max-snippet:-1, max-image-preview:large, max-video-preview:-1\" \/>\n<link rel=\"canonical\" href=\"https:\/\/www.tosunlux.eu\/pl\/products\/off-grid-solar-inverter-1000w-1500w\/\" \/>\n<meta property=\"og:locale\" content=\"pl_PL\" \/>\n<meta property=\"og:type\" content=\"article\" \/>\n<meta property=\"og:title\" content=\"WholesaleOFF Grid Solar Inverter 1000W &amp; 1500W - TOSUNlux Official Site - Electrical Circuit Breaker Manufacturer in China Low Voltage Electrical Supplier | TOSUNlux\" \/>\n<meta property=\"og:description\" content=\"OFF Grid Solar Inverter 1000W &amp; 1500W Supplier - Wholesale direct from TOSUNlux, a trusted manufacturer since 1994. Get your B2B factory quote on our certified Low Voltage electrical products.\" \/>\n<meta property=\"og:url\" content=\"https:\/\/www.tosunlux.eu\/pl\/products\/off-grid-solar-inverter-1000w-1500w\/\" \/>\n<meta property=\"og:site_name\" content=\"TOSUNlux Official Site - Electrical Circuit Breaker Manufacturer in China\" \/>\n<meta property=\"article:publisher\" content=\"https:\/\/www.facebook.com\/TOSUNelectric\/\" \/>\n<meta property=\"article:modified_time\" content=\"2025-02-13T07:05:18+00:00\" \/>\n<meta property=\"og:image\" content=\"https:\/\/www.tosunlux.eu\/wp-content\/uploads\/2025\/02\/3-1024x495.jpg\" \/>\n<meta name=\"twitter:card\" content=\"summary_large_image\" \/>\n<meta name=\"twitter:label1\" content=\"Szacowany czas czytania\" \/>\n\t<meta name=\"twitter:data1\" content=\"2 minuty\" \/>\n<script type=\"application\/ld+json\" class=\"yoast-schema-graph\">{\"@context\":\"https:\\\/\\\/schema.org\",\"@graph\":[{\"@type\":\"WebPage\",\"@id\":\"https:\\\/\\\/www.tosunlux.eu\\\/pt\\\/products\\\/off-grid-solar-inverter-1000w-1500w\\\/\",\"url\":\"https:\\\/\\\/www.tosunlux.eu\\\/pt\\\/products\\\/off-grid-solar-inverter-1000w-1500w\\\/\",\"name\":\"WholesaleOFF Grid Solar Inverter 1000W & 1500W - TOSUNlux Official Site - Electrical Circuit Breaker Manufacturer in China Low Voltage Electrical Supplier | TOSUNlux\",\"isPartOf\":{\"@id\":\"https:\\\/\\\/www.tosunlux.eu\\\/ru\\\/#website\"},\"primaryImageOfPage\":{\"@id\":\"https:\\\/\\\/www.tosunlux.eu\\\/pt\\\/products\\\/off-grid-solar-inverter-1000w-1500w\\\/#primaryimage\"},\"image\":{\"@id\":\"https:\\\/\\\/www.tosunlux.eu\\\/pt\\\/products\\\/off-grid-solar-inverter-1000w-1500w\\\/#primaryimage\"},\"thumbnailUrl\":\"https:\\\/\\\/www.tosunlux.eu\\\/wp-content\\\/uploads\\\/2025\\\/02\\\/3-1024x495.jpg\",\"datePublished\":\"2025-02-13T07:05:13+00:00\",\"dateModified\":\"2025-02-13T07:05:18+00:00\",\"description\":\"OFF Grid Solar Inverter 1000W & 1500W Supplier - Wholesale direct from TOSUNlux, a trusted manufacturer since 1994. Get your B2B factory quote on our certified Low Voltage electrical products.\",\"breadcrumb\":{\"@id\":\"https:\\\/\\\/www.tosunlux.eu\\\/pt\\\/products\\\/off-grid-solar-inverter-1000w-1500w\\\/#breadcrumb\"},\"inLanguage\":\"pl-PL\",\"potentialAction\":[{\"@type\":\"ReadAction\",\"target\":[\"https:\\\/\\\/www.tosunlux.eu\\\/pt\\\/products\\\/off-grid-solar-inverter-1000w-1500w\\\/\"]}]},{\"@type\":\"ImageObject\",\"inLanguage\":\"pl-PL\",\"@id\":\"https:\\\/\\\/www.tosunlux.eu\\\/pt\\\/products\\\/off-grid-solar-inverter-1000w-1500w\\\/#primaryimage\",\"url\":\"https:\\\/\\\/www.tosunlux.eu\\\/wp-content\\\/uploads\\\/2025\\\/02\\\/3-1024x495.jpg\",\"contentUrl\":\"https:\\\/\\\/www.tosunlux.eu\\\/wp-content\\\/uploads\\\/2025\\\/02\\\/3-1024x495.jpg\"},{\"@type\":\"BreadcrumbList\",\"@id\":\"https:\\\/\\\/www.tosunlux.eu\\\/pt\\\/products\\\/off-grid-solar-inverter-1000w-1500w\\\/#breadcrumb\",\"itemListElement\":[{\"@type\":\"ListItem\",\"position\":1,\"name\":\"Home\",\"item\":\"https:\\\/\\\/www.tosunlux.eu\\\/ru\\\/\"},{\"@type\":\"ListItem\",\"position\":2,\"name\":\"Products\",\"item\":\"https:\\\/\\\/www.tosunlux.eu\\\/products\\\/\"},{\"@type\":\"ListItem\",\"position\":3,\"name\":\"OFF Grid Solar Inverter 1000W &#038; 1500W\"}]},{\"@type\":\"WebSite\",\"@id\":\"https:\\\/\\\/www.tosunlux.eu\\\/ru\\\/#website\",\"url\":\"https:\\\/\\\/www.tosunlux.eu\\\/ru\\\/\",\"name\":\"TOSUNlux Official Site - Electrical Circuit Breaker Manufacturer in China\",\"description\":\"Power Distribution System Supplier\",\"publisher\":{\"@id\":\"https:\\\/\\\/www.tosunlux.eu\\\/ru\\\/#organization\"},\"alternateName\":\"TOSUNlux\",\"potentialAction\":[{\"@type\":\"SearchAction\",\"target\":{\"@type\":\"EntryPoint\",\"urlTemplate\":\"https:\\\/\\\/www.tosunlux.eu\\\/ru\\\/?s={search_term_string}\"},\"query-input\":{\"@type\":\"PropertyValueSpecification\",\"valueRequired\":true,\"valueName\":\"search_term_string\"}}],\"inLanguage\":\"pl-PL\"},{\"@type\":\"Organization\",\"@id\":\"https:\\\/\\\/www.tosunlux.eu\\\/ru\\\/#organization\",\"name\":\"TOSUNlux\",\"url\":\"https:\\\/\\\/www.tosunlux.eu\\\/ru\\\/\",\"logo\":{\"@type\":\"ImageObject\",\"inLanguage\":\"pl-PL\",\"@id\":\"https:\\\/\\\/www.tosunlux.eu\\\/ru\\\/#\\\/schema\\\/logo\\\/image\\\/\",\"url\":\"https:\\\/\\\/www.tosunlux.eu\\\/wp-content\\\/uploads\\\/2022\\\/01\\\/LOGOSYSM.71762f1.png\",\"contentUrl\":\"https:\\\/\\\/www.tosunlux.eu\\\/wp-content\\\/uploads\\\/2022\\\/01\\\/LOGOSYSM.71762f1.png\",\"width\":153,\"height\":55,\"caption\":\"TOSUNlux\"},\"image\":{\"@id\":\"https:\\\/\\\/www.tosunlux.eu\\\/ru\\\/#\\\/schema\\\/logo\\\/image\\\/\"},\"sameAs\":[\"https:\\\/\\\/www.facebook.com\\\/TOSUNelectric\\\/\",\"https:\\\/\\\/www.linkedin.com\\\/company\\\/wenzhou-tosun-electric-co.-ltd\\\/\"]}]}<\/script>\n<!-- \/ Yoast SEO plugin. -->","yoast_head_json":{"title":"WholesaleOFF Grid Solar Inverter 1000W & 1500W - TOSUNlux Official Site - Electrical Circuit Breaker Manufacturer in China Low Voltage Electrical Supplier | TOSUNlux","description":"OFF Grid Solar Inverter 1000W & 1500W Supplier - Wholesale direct from TOSUNlux, a trusted manufacturer since 1994. Get your B2B factory quote on our certified Low Voltage electrical products.","robots":{"index":"index","follow":"follow","max-snippet":"max-snippet:-1","max-image-preview":"max-image-preview:large","max-video-preview":"max-video-preview:-1"},"canonical":"https:\/\/www.tosunlux.eu\/pl\/products\/off-grid-solar-inverter-1000w-1500w\/","og_locale":"pl_PL","og_type":"article","og_title":"WholesaleOFF Grid Solar Inverter 1000W & 1500W - TOSUNlux Official Site - Electrical Circuit Breaker Manufacturer in China Low Voltage Electrical Supplier | TOSUNlux","og_description":"OFF Grid Solar Inverter 1000W & 1500W Supplier - Wholesale direct from TOSUNlux, a trusted manufacturer since 1994. Get your B2B factory quote on our certified Low Voltage electrical products.","og_url":"https:\/\/www.tosunlux.eu\/pl\/products\/off-grid-solar-inverter-1000w-1500w\/","og_site_name":"TOSUNlux Official Site - Electrical Circuit Breaker Manufacturer in China","article_publisher":"https:\/\/www.facebook.com\/TOSUNelectric\/","article_modified_time":"2025-02-13T07:05:18+00:00","og_image":[{"url":"https:\/\/www.tosunlux.eu\/wp-content\/uploads\/2025\/02\/3-1024x495.jpg","type":"","width":"","height":""}],"twitter_card":"summary_large_image","twitter_misc":{"Szacowany czas czytania":"2 minuty"},"schema":{"@context":"https:\/\/schema.org","@graph":[{"@type":"WebPage","@id":"https:\/\/www.tosunlux.eu\/pt\/products\/off-grid-solar-inverter-1000w-1500w\/","url":"https:\/\/www.tosunlux.eu\/pt\/products\/off-grid-solar-inverter-1000w-1500w\/","name":"WholesaleOFF Grid Solar Inverter 1000W & 1500W - TOSUNlux Official Site - Electrical Circuit Breaker Manufacturer in China Low Voltage Electrical Supplier | TOSUNlux","isPartOf":{"@id":"https:\/\/www.tosunlux.eu\/ru\/#website"},"primaryImageOfPage":{"@id":"https:\/\/www.tosunlux.eu\/pt\/products\/off-grid-solar-inverter-1000w-1500w\/#primaryimage"},"image":{"@id":"https:\/\/www.tosunlux.eu\/pt\/products\/off-grid-solar-inverter-1000w-1500w\/#primaryimage"},"thumbnailUrl":"https:\/\/www.tosunlux.eu\/wp-content\/uploads\/2025\/02\/3-1024x495.jpg","datePublished":"2025-02-13T07:05:13+00:00","dateModified":"2025-02-13T07:05:18+00:00","description":"OFF Grid Solar Inverter 1000W & 1500W Supplier - Wholesale direct from TOSUNlux, a trusted manufacturer since 1994. Get your B2B factory quote on our certified Low Voltage electrical products.","breadcrumb":{"@id":"https:\/\/www.tosunlux.eu\/pt\/products\/off-grid-solar-inverter-1000w-1500w\/#breadcrumb"},"inLanguage":"pl-PL","potentialAction":[{"@type":"ReadAction","target":["https:\/\/www.tosunlux.eu\/pt\/products\/off-grid-solar-inverter-1000w-1500w\/"]}]},{"@type":"ImageObject","inLanguage":"pl-PL","@id":"https:\/\/www.tosunlux.eu\/pt\/products\/off-grid-solar-inverter-1000w-1500w\/#primaryimage","url":"https:\/\/www.tosunlux.eu\/wp-content\/uploads\/2025\/02\/3-1024x495.jpg","contentUrl":"https:\/\/www.tosunlux.eu\/wp-content\/uploads\/2025\/02\/3-1024x495.jpg"},{"@type":"BreadcrumbList","@id":"https:\/\/www.tosunlux.eu\/pt\/products\/off-grid-solar-inverter-1000w-1500w\/#breadcrumb","itemListElement":[{"@type":"ListItem","position":1,"name":"Home","item":"https:\/\/www.tosunlux.eu\/ru\/"},{"@type":"ListItem","position":2,"name":"Products","item":"https:\/\/www.tosunlux.eu\/products\/"},{"@type":"ListItem","position":3,"name":"OFF Grid Solar Inverter 1000W &#038; 1500W"}]},{"@type":"WebSite","@id":"https:\/\/www.tosunlux.eu\/ru\/#website","url":"https:\/\/www.tosunlux.eu\/ru\/","name":"Oficjalna strona TOSUNlux - Producent wy\u0142\u0105cznik\u00f3w elektrycznych w Chinach","description":"Dostawca system\u00f3w dystrybucji energii","publisher":{"@id":"https:\/\/www.tosunlux.eu\/ru\/#organization"},"alternateName":"TOSUNlux","potentialAction":[{"@type":"SearchAction","target":{"@type":"EntryPoint","urlTemplate":"https:\/\/www.tosunlux.eu\/ru\/?s={search_term_string}"},"query-input":{"@type":"PropertyValueSpecification","valueRequired":true,"valueName":"search_term_string"}}],"inLanguage":"pl-PL"},{"@type":"Organization","@id":"https:\/\/www.tosunlux.eu\/ru\/#organization","name":"TOSUNlux","url":"https:\/\/www.tosunlux.eu\/ru\/","logo":{"@type":"ImageObject","inLanguage":"pl-PL","@id":"https:\/\/www.tosunlux.eu\/ru\/#\/schema\/logo\/image\/","url":"https:\/\/www.tosunlux.eu\/wp-content\/uploads\/2022\/01\/LOGOSYSM.71762f1.png","contentUrl":"https:\/\/www.tosunlux.eu\/wp-content\/uploads\/2022\/01\/LOGOSYSM.71762f1.png","width":153,"height":55,"caption":"TOSUNlux"},"image":{"@id":"https:\/\/www.tosunlux.eu\/ru\/#\/schema\/logo\/image\/"},"sameAs":["https:\/\/www.facebook.com\/TOSUNelectric\/","https:\/\/www.linkedin.com\/company\/wenzhou-tosun-electric-co.-ltd\/"]}]}},"_links":{"self":[{"href":"https:\/\/www.tosunlux.eu\/pl\/wp-json\/wp\/v2\/product\/12557","targetHints":{"allow":["GET"]}}],"collection":[{"href":"https:\/\/www.tosunlux.eu\/pl\/wp-json\/wp\/v2\/product"}],"about":[{"href":"https:\/\/www.tosunlux.eu\/pl\/wp-json\/wp\/v2\/types\/product"}],"version-history":[{"count":1,"href":"https:\/\/www.tosunlux.eu\/pl\/wp-json\/wp\/v2\/product\/12557\/revisions"}],"predecessor-version":[{"id":12563,"href":"https:\/\/www.tosunlux.eu\/pl\/wp-json\/wp\/v2\/product\/12557\/revisions\/12563"}],"wp:attachment":[{"href":"https:\/\/www.tosunlux.eu\/pl\/wp-json\/wp\/v2\/media?parent=12557"}],"wp:term":[{"taxonomy":"product_category","embeddable":true,"href":"https:\/\/www.tosunlux.eu\/pl\/wp-json\/wp\/v2\/product_category?post=12557"}],"curies":[{"name":"wp","href":"https:\/\/api.w.org\/{rel}","templated":true}]}}