{"id":12564,"date":"2025-02-13T15:15:23","date_gmt":"2025-02-13T07:15:23","guid":{"rendered":"https:\/\/www.tosunlux.eu\/?post_type=product&#038;p=12564"},"modified":"2025-02-13T15:40:18","modified_gmt":"2025-02-13T07:40:18","slug":"off-grid-solar-inverter","status":"publish","type":"product","link":"https:\/\/www.tosunlux.eu\/pl\/products\/off-grid-solar-inverter\/","title":{"rendered":"Falownik solarny OFF Grid 1800 W i 3000 W"},"content":{"rendered":"<figure class=\"wp-block-image size-large is-resized\"><img fetchpriority=\"high\" decoding=\"async\" src=\"https:\/\/www.tosunlux.eu\/wp-content\/uploads\/2025\/02\/3-1-1024x495.jpg\" alt=\"\" class=\"wp-image-12566\" width=\"768\" height=\"371\" srcset=\"https:\/\/www.tosunlux.eu\/wp-content\/uploads\/2025\/02\/3-1-1024x495.jpg 1024w, https:\/\/www.tosunlux.eu\/wp-content\/uploads\/2025\/02\/3-1-300x145.jpg 300w, https:\/\/www.tosunlux.eu\/wp-content\/uploads\/2025\/02\/3-1-768x371.jpg 768w, https:\/\/www.tosunlux.eu\/wp-content\/uploads\/2025\/02\/3-1-1536x742.jpg 1536w, https:\/\/www.tosunlux.eu\/wp-content\/uploads\/2025\/02\/3-1-2048x990.jpg 2048w, https:\/\/www.tosunlux.eu\/wp-content\/uploads\/2025\/02\/3-1-18x9.jpg 18w\" sizes=\"(max-width: 768px) 100vw, 768px\" \/><\/figure>\n\n\n\n<figure class=\"wp-block-image size-large is-resized\"><img decoding=\"async\" src=\"https:\/\/www.tosunlux.eu\/wp-content\/uploads\/2025\/02\/2-5-1024x94.jpg\" alt=\"\" class=\"wp-image-12567\" width=\"768\" height=\"71\" srcset=\"https:\/\/www.tosunlux.eu\/wp-content\/uploads\/2025\/02\/2-5-1024x94.jpg 1024w, https:\/\/www.tosunlux.eu\/wp-content\/uploads\/2025\/02\/2-5-300x28.jpg 300w, https:\/\/www.tosunlux.eu\/wp-content\/uploads\/2025\/02\/2-5-768x71.jpg 768w, https:\/\/www.tosunlux.eu\/wp-content\/uploads\/2025\/02\/2-5-1536x142.jpg 1536w, https:\/\/www.tosunlux.eu\/wp-content\/uploads\/2025\/02\/2-5-18x2.jpg 18w, https:\/\/www.tosunlux.eu\/wp-content\/uploads\/2025\/02\/2-5.jpg 1789w\" sizes=\"(max-width: 768px) 100vw, 768px\" \/><\/figure>\n\n\n\n<p><strong>Aplikacja<\/strong><\/p>\n\n\n\n<ul class=\"wp-block-list\"><li>Falownik o czystej fali sinusoidalnej<\/li><li>Programowalny priorytet zasilania dla instalacji fotowoltaicznej, akumulatora lub sieci<\/li><li>Wysoki zakres napi\u0119cia wej\u015bciowego PV (55~450 VDC)<\/li><li>Wbudowany modu\u0142 \u0142adowania s\u0142onecznego MPPT o mocy maks. 60 A (3,8 kW i 6,2 kW)<\/li><li>Kompatybilny z akumulatorem litowo-jonowym<\/li><li>Obs\u0142uga komunikacji BMS z bateri\u0105 litow\u0105<\/li><li>Inteligentna konstrukcja \u0142adowania baterii optymalizuj\u0105ca jej \u017cywotno\u015b\u0107<\/li><li>Przeci\u0105\u017cenie, wysoka temperatura, zwarcie wyj\u015bcia falownika<\/li><li>zabezpieczenie obwodu<\/li><li>Funkcja zimnego startu<\/li><li>Inteligentna regulacja pr\u0119dko\u015bci wentylatora<\/li><li>Wbudowany zestaw przeciwzmierzchowy do trudnych warunk\u00f3w (opcjonalnie)<\/li><li>Wi-Fi i GPRS dost\u0119pne dla system\u00f3w iOS i Android<\/li><\/ul>\n\n\n\n<p><strong>Pod\u0142\u0105czenie do systemu solarnego<\/strong><\/p>\n\n\n\n<figure class=\"wp-block-image size-large is-resized\"><img decoding=\"async\" src=\"https:\/\/www.tosunlux.eu\/wp-content\/uploads\/2025\/02\/4-1024x356.jpg\" alt=\"\" class=\"wp-image-12568\" width=\"768\" height=\"267\" srcset=\"https:\/\/www.tosunlux.eu\/wp-content\/uploads\/2025\/02\/4-1024x356.jpg 1024w, https:\/\/www.tosunlux.eu\/wp-content\/uploads\/2025\/02\/4-300x104.jpg 300w, https:\/\/www.tosunlux.eu\/wp-content\/uploads\/2025\/02\/4-768x267.jpg 768w, https:\/\/www.tosunlux.eu\/wp-content\/uploads\/2025\/02\/4-1536x534.jpg 1536w, https:\/\/www.tosunlux.eu\/wp-content\/uploads\/2025\/02\/4-18x6.jpg 18w, https:\/\/www.tosunlux.eu\/wp-content\/uploads\/2025\/02\/4.jpg 1896w\" sizes=\"(max-width: 768px) 100vw, 768px\" \/><\/figure>\n\n\n<table style=\"height: 970px;\" width=\"807\">\n<tbody>\n<tr>\n<td width=\"244\">Model<\/td>\n<td style=\"text-align: center;\" width=\"236\">TSIF1-1800W<\/td>\n<td style=\"text-align: center;\" width=\"236\">TSIF1-3000W<\/td>\n<\/tr>\n<tr>\n<td width=\"244\">Moc znamionowa<\/td>\n<td style=\"text-align: center;\" width=\"236\">2200VA\/ 1800W<\/td>\n<td style=\"text-align: center;\" width=\"236\">3200VA\/3000W<\/td>\n<\/tr>\n<tr>\n<td width=\"244\">Faza<\/td>\n<td style=\"text-align: center;\" colspan=\"2\" width=\"473\">Jednofazowy<\/td>\n<\/tr>\n<tr>\n<td width=\"244\">Wolta\u017c<\/td>\n<td style=\"text-align: center;\" colspan=\"2\" width=\"473\">230 V AC<\/td>\n<\/tr>\n<tr>\n<td width=\"244\">Wybieralny zakres napi\u0119cia<\/td>\n<td style=\"text-align: center;\" colspan=\"2\" width=\"473\">170-280VAC (dla komputer\u00f3w osobistych)<br>90-280VAC (dla urz\u0105dze\u0144 domowych)<\/td>\n<\/tr>\n<tr>\n<td width=\"244\">Zakres cz\u0119stotliwo\u015bci<\/td>\n<td style=\"text-align: center;\" colspan=\"2\" width=\"473\">50Hz\/ 60Hz (automatyczne wykrywanie)<\/td>\n<\/tr>\n<tr>\n<td colspan=\"3\" width=\"717\">Wyj\u015bcie<\/td>\n<\/tr>\n<tr>\n<td width=\"244\">Regulacja napi\u0119cia pr\u0105du przemiennego (tryb bateryjny)<\/td>\n<td style=\"text-align: center;\" colspan=\"2\" width=\"473\">230VAC\u00b15%<\/td>\n<\/tr>\n<tr>\n<td width=\"244\">Moc skokowa<\/td>\n<td style=\"text-align: center;\" width=\"236\">4400VA<\/td>\n<td style=\"text-align: center;\" width=\"236\">6400VA<\/td>\n<\/tr>\n<tr>\n<td width=\"244\">Czas transferu<\/td>\n<td style=\"text-align: center;\" colspan=\"2\" width=\"473\">10 ms (dla komputer\u00f3w osobistych)<br>20 ms (dla urz\u0105dze\u0144 gospodarstwa domowego)<\/td>\n<\/tr>\n<tr>\n<td width=\"244\">Forma fali<\/td>\n<td style=\"text-align: center;\" colspan=\"2\" width=\"473\">Czysta fala sinusoidalna<\/td>\n<\/tr>\n<tr>\n<td colspan=\"3\" width=\"717\">Akumulator i \u0142adowarka sieciowa<\/td>\n<\/tr>\n<tr>\n<td width=\"244\">Napi\u0119cie akumulatora<\/td>\n<td style=\"text-align: center;\" width=\"236\">12 V pr\u0105du sta\u0142ego<\/td>\n<td style=\"text-align: center;\" width=\"236\">24 V pr\u0105du sta\u0142ego<\/td>\n<\/tr>\n<tr>\n<td width=\"244\">Napi\u0119cie \u0142adowania p\u0142ywaj\u0105cego<\/td>\n<td style=\"text-align: center;\" width=\"236\">13.5 V pr\u0105du sta\u0142ego<\/td>\n<td style=\"text-align: center;\" width=\"236\">27 V pr\u0105du sta\u0142ego<\/td>\n<\/tr>\n<tr>\n<td width=\"244\">Ochrona przed prze\u0142adowaniem<\/td>\n<td style=\"text-align: center;\" width=\"236\">15,5 V pr\u0105du sta\u0142ego<\/td>\n<td width=\"236\">31 V pr\u0105du sta\u0142ego<\/td>\n<\/tr>\n<tr>\n<td width=\"244\">Maksymalny pr\u0105d \u0142adowania<\/td>\n<td style=\"text-align: center;\" colspan=\"2\" width=\"473\">60A<\/td>\n<\/tr>\n<tr>\n<td colspan=\"3\" width=\"717\">\u0141adowarka s\u0142oneczna<\/td>\n<\/tr>\n<tr>\n<td width=\"244\">Maksymalna moc uk\u0142adu fotowoltaicznego<\/td>\n<td style=\"text-align: center;\" width=\"236\">2000 W<\/td>\n<td style=\"text-align: center;\" width=\"236\">3000 W<\/td>\n<\/tr>\n<tr>\n<td width=\"244\">Zakres napi\u0119cia MPPT<\/td>\n<td style=\"text-align: center;\" colspan=\"2\" width=\"473\">55-450 V pr\u0105du sta\u0142ego<\/td>\n<\/tr>\n<tr>\n<td width=\"244\">Maksymalne napi\u0119cie obwodu otwartego uk\u0142adu fotowoltaicznego<\/td>\n<td style=\"text-align: center;\" colspan=\"2\" width=\"473\">450 V pr\u0105du sta\u0142ego<\/td>\n<\/tr>\n<tr>\n<td width=\"244\">Maksymalny pr\u0105d \u0142adowania<\/td>\n<td style=\"text-align: center;\" colspan=\"2\" width=\"473\">80A<\/td>\n<\/tr>\n<tr>\n<td width=\"244\">Maksymalna wydajno\u015b\u0107<\/td>\n<td style=\"text-align: center;\" colspan=\"2\" width=\"473\">98%<\/td>\n<\/tr>\n<tr>\n<td colspan=\"3\" width=\"717\">Fizyczny<\/td>\n<\/tr>\n<tr>\n<td width=\"244\">Wymiary.G\u0142.*Szer.*Wys. (mm)<\/td>\n<td style=\"text-align: center;\" colspan=\"2\" width=\"473\">Wymiary: 405*286*98mm<\/td>\n<\/tr>\n<tr>\n<td width=\"244\">Masa netto (kg)<\/td>\n<td style=\"text-align: center;\" width=\"236\">4,5kg<\/td>\n<td style=\"text-align: center;\" width=\"236\">5,0 kg<\/td>\n<\/tr>\n<tr>\n<td width=\"244\">Interfejs komunikacyjny<\/td>\n<td style=\"text-align: center;\" colspan=\"2\" width=\"473\">RS232\/ RS485 (standard) Wi-Fi (opcjonalnie)<\/td>\n<\/tr>\n<tr>\n<td colspan=\"3\" width=\"717\">\u015arodowisko operacyjne<\/td>\n<\/tr>\n<tr>\n<td width=\"244\">Wilgotno\u015b\u0107<\/td>\n<td style=\"text-align: center;\" colspan=\"2\" width=\"473\">Wilgotno\u015b\u0107 wzgl\u0119dna 5% do 95% (bez kondensacji)<\/td>\n<\/tr>\n<tr>\n<td width=\"244\">Temperatura pracy<\/td>\n<td style=\"text-align: center;\" colspan=\"2\" width=\"473\">-10\u00b0 C do 55\u00b0 C<\/td>\n<\/tr>\n<tr>\n<td width=\"244\">Temperatura przechowywania<\/td>\n<td style=\"text-align: center;\" colspan=\"2\" width=\"473\">-15\u00b0C do 60\u00b0C<\/td>\n<\/tr>\n<\/tbody>\n<\/table>","protected":false},"parent":0,"template":"","product_category":[37,218],"class_list":["post-12564","product","type-product","status-publish","hentry","product_category-new-energy-instruments","product_category-grid-solar-inverter"],"yoast_head":"<!-- This site is optimized with the Yoast SEO plugin v27.5 - https:\/\/yoast.com\/product\/yoast-seo-wordpress\/ -->\n<title>WholesaleOFF Grid Solar Inverter 1800W &amp; 3000W - TOSUNlux Official Site - Electrical Circuit Breaker Manufacturer in China Low Voltage Electrical Supplier | TOSUNlux<\/title>\n<meta name=\"description\" content=\"OFF Grid Solar Inverter 1800W &amp; 3000W Supplier - Wholesale direct from TOSUNlux, a trusted manufacturer since 1994. Get your B2B factory quote on our certified Low Voltage electrical products.\" \/>\n<meta name=\"robots\" content=\"index, follow, max-snippet:-1, max-image-preview:large, max-video-preview:-1\" \/>\n<link rel=\"canonical\" href=\"https:\/\/www.tosunlux.eu\/pl\/products\/off-grid-solar-inverter\/\" \/>\n<meta property=\"og:locale\" content=\"pl_PL\" \/>\n<meta property=\"og:type\" content=\"article\" \/>\n<meta property=\"og:title\" content=\"WholesaleOFF Grid Solar Inverter 1800W &amp; 3000W - TOSUNlux Official Site - Electrical Circuit Breaker Manufacturer in China Low Voltage Electrical Supplier | TOSUNlux\" \/>\n<meta property=\"og:description\" content=\"OFF Grid Solar Inverter 1800W &amp; 3000W Supplier - Wholesale direct from TOSUNlux, a trusted manufacturer since 1994. Get your B2B factory quote on our certified Low Voltage electrical products.\" \/>\n<meta property=\"og:url\" content=\"https:\/\/www.tosunlux.eu\/pl\/products\/off-grid-solar-inverter\/\" \/>\n<meta property=\"og:site_name\" content=\"TOSUNlux Official Site - Electrical Circuit Breaker Manufacturer in China\" \/>\n<meta property=\"article:publisher\" content=\"https:\/\/www.facebook.com\/TOSUNelectric\/\" \/>\n<meta property=\"article:modified_time\" content=\"2025-02-13T07:40:18+00:00\" \/>\n<meta property=\"og:image\" content=\"https:\/\/www.tosunlux.eu\/wp-content\/uploads\/2025\/02\/3-1-1024x495.jpg\" \/>\n<meta name=\"twitter:card\" content=\"summary_large_image\" \/>\n<meta name=\"twitter:label1\" content=\"Szacowany czas czytania\" \/>\n\t<meta name=\"twitter:data1\" content=\"2 minuty\" \/>\n<script type=\"application\/ld+json\" class=\"yoast-schema-graph\">{\"@context\":\"https:\\\/\\\/schema.org\",\"@graph\":[{\"@type\":\"WebPage\",\"@id\":\"https:\\\/\\\/www.tosunlux.eu\\\/nl\\\/products\\\/off-grid-solar-inverter\\\/\",\"url\":\"https:\\\/\\\/www.tosunlux.eu\\\/nl\\\/products\\\/off-grid-solar-inverter\\\/\",\"name\":\"WholesaleOFF Grid Solar Inverter 1800W & 3000W - TOSUNlux Official Site - Electrical Circuit Breaker Manufacturer in China Low Voltage Electrical Supplier | TOSUNlux\",\"isPartOf\":{\"@id\":\"https:\\\/\\\/www.tosunlux.eu\\\/ru\\\/#website\"},\"primaryImageOfPage\":{\"@id\":\"https:\\\/\\\/www.tosunlux.eu\\\/nl\\\/products\\\/off-grid-solar-inverter\\\/#primaryimage\"},\"image\":{\"@id\":\"https:\\\/\\\/www.tosunlux.eu\\\/nl\\\/products\\\/off-grid-solar-inverter\\\/#primaryimage\"},\"thumbnailUrl\":\"https:\\\/\\\/www.tosunlux.eu\\\/wp-content\\\/uploads\\\/2025\\\/02\\\/3-1-1024x495.jpg\",\"datePublished\":\"2025-02-13T07:15:23+00:00\",\"dateModified\":\"2025-02-13T07:40:18+00:00\",\"description\":\"OFF Grid Solar Inverter 1800W & 3000W Supplier - Wholesale direct from TOSUNlux, a trusted manufacturer since 1994. Get your B2B factory quote on our certified Low Voltage electrical products.\",\"breadcrumb\":{\"@id\":\"https:\\\/\\\/www.tosunlux.eu\\\/nl\\\/products\\\/off-grid-solar-inverter\\\/#breadcrumb\"},\"inLanguage\":\"pl-PL\",\"potentialAction\":[{\"@type\":\"ReadAction\",\"target\":[\"https:\\\/\\\/www.tosunlux.eu\\\/nl\\\/products\\\/off-grid-solar-inverter\\\/\"]}]},{\"@type\":\"ImageObject\",\"inLanguage\":\"pl-PL\",\"@id\":\"https:\\\/\\\/www.tosunlux.eu\\\/nl\\\/products\\\/off-grid-solar-inverter\\\/#primaryimage\",\"url\":\"https:\\\/\\\/www.tosunlux.eu\\\/wp-content\\\/uploads\\\/2025\\\/02\\\/3-1-1024x495.jpg\",\"contentUrl\":\"https:\\\/\\\/www.tosunlux.eu\\\/wp-content\\\/uploads\\\/2025\\\/02\\\/3-1-1024x495.jpg\"},{\"@type\":\"BreadcrumbList\",\"@id\":\"https:\\\/\\\/www.tosunlux.eu\\\/nl\\\/products\\\/off-grid-solar-inverter\\\/#breadcrumb\",\"itemListElement\":[{\"@type\":\"ListItem\",\"position\":1,\"name\":\"Home\",\"item\":\"https:\\\/\\\/www.tosunlux.eu\\\/ru\\\/\"},{\"@type\":\"ListItem\",\"position\":2,\"name\":\"Products\",\"item\":\"https:\\\/\\\/www.tosunlux.eu\\\/products\\\/\"},{\"@type\":\"ListItem\",\"position\":3,\"name\":\"OFF Grid Solar Inverter 1800W &#038; 3000W\"}]},{\"@type\":\"WebSite\",\"@id\":\"https:\\\/\\\/www.tosunlux.eu\\\/ru\\\/#website\",\"url\":\"https:\\\/\\\/www.tosunlux.eu\\\/ru\\\/\",\"name\":\"TOSUNlux Official Site - Electrical Circuit Breaker Manufacturer in China\",\"description\":\"Power Distribution System Supplier\",\"publisher\":{\"@id\":\"https:\\\/\\\/www.tosunlux.eu\\\/ru\\\/#organization\"},\"alternateName\":\"TOSUNlux\",\"potentialAction\":[{\"@type\":\"SearchAction\",\"target\":{\"@type\":\"EntryPoint\",\"urlTemplate\":\"https:\\\/\\\/www.tosunlux.eu\\\/ru\\\/?s={search_term_string}\"},\"query-input\":{\"@type\":\"PropertyValueSpecification\",\"valueRequired\":true,\"valueName\":\"search_term_string\"}}],\"inLanguage\":\"pl-PL\"},{\"@type\":\"Organization\",\"@id\":\"https:\\\/\\\/www.tosunlux.eu\\\/ru\\\/#organization\",\"name\":\"TOSUNlux\",\"url\":\"https:\\\/\\\/www.tosunlux.eu\\\/ru\\\/\",\"logo\":{\"@type\":\"ImageObject\",\"inLanguage\":\"pl-PL\",\"@id\":\"https:\\\/\\\/www.tosunlux.eu\\\/ru\\\/#\\\/schema\\\/logo\\\/image\\\/\",\"url\":\"https:\\\/\\\/www.tosunlux.eu\\\/wp-content\\\/uploads\\\/2022\\\/01\\\/LOGOSYSM.71762f1.png\",\"contentUrl\":\"https:\\\/\\\/www.tosunlux.eu\\\/wp-content\\\/uploads\\\/2022\\\/01\\\/LOGOSYSM.71762f1.png\",\"width\":153,\"height\":55,\"caption\":\"TOSUNlux\"},\"image\":{\"@id\":\"https:\\\/\\\/www.tosunlux.eu\\\/ru\\\/#\\\/schema\\\/logo\\\/image\\\/\"},\"sameAs\":[\"https:\\\/\\\/www.facebook.com\\\/TOSUNelectric\\\/\",\"https:\\\/\\\/www.linkedin.com\\\/company\\\/wenzhou-tosun-electric-co.-ltd\\\/\"]}]}<\/script>\n<!-- \/ Yoast SEO plugin. -->","yoast_head_json":{"title":"Hurtowy falownik solarny OFF Grid 1800 W i 3000 W \u2013 Oficjalna strona TOSUNlux \u2013 Producent wy\u0142\u0105cznik\u00f3w obwodowych w Chinach. Dostawca urz\u0105dze\u0144 elektrycznych niskiego napi\u0119cia | TOSUNlux","description":"Dostawca falownik\u00f3w solarnych OFF Grid o mocy 1800 W i 3000 W \u2014 sprzeda\u017c hurtowa bezpo\u015brednio od TOSUNlux, zaufanego producenta od 1994 r. Uzyskaj wycen\u0119 fabryczn\u0105 B2B na nasze certyfikowane produkty elektryczne niskiego napi\u0119cia.","robots":{"index":"index","follow":"follow","max-snippet":"max-snippet:-1","max-image-preview":"max-image-preview:large","max-video-preview":"max-video-preview:-1"},"canonical":"https:\/\/www.tosunlux.eu\/pl\/products\/off-grid-solar-inverter\/","og_locale":"pl_PL","og_type":"article","og_title":"WholesaleOFF Grid Solar Inverter 1800W & 3000W - TOSUNlux Official Site - Electrical Circuit Breaker Manufacturer in China Low Voltage Electrical Supplier | TOSUNlux","og_description":"OFF Grid Solar Inverter 1800W & 3000W Supplier - Wholesale direct from TOSUNlux, a trusted manufacturer since 1994. Get your B2B factory quote on our certified Low Voltage electrical products.","og_url":"https:\/\/www.tosunlux.eu\/pl\/products\/off-grid-solar-inverter\/","og_site_name":"TOSUNlux Official Site - Electrical Circuit Breaker Manufacturer in China","article_publisher":"https:\/\/www.facebook.com\/TOSUNelectric\/","article_modified_time":"2025-02-13T07:40:18+00:00","og_image":[{"url":"https:\/\/www.tosunlux.eu\/wp-content\/uploads\/2025\/02\/3-1-1024x495.jpg","type":"","width":"","height":""}],"twitter_card":"summary_large_image","twitter_misc":{"Szacowany czas czytania":"2 minuty"},"schema":{"@context":"https:\/\/schema.org","@graph":[{"@type":"WebPage","@id":"https:\/\/www.tosunlux.eu\/nl\/products\/off-grid-solar-inverter\/","url":"https:\/\/www.tosunlux.eu\/nl\/products\/off-grid-solar-inverter\/","name":"Hurtowy falownik solarny OFF Grid 1800 W i 3000 W \u2013 Oficjalna strona TOSUNlux \u2013 Producent wy\u0142\u0105cznik\u00f3w obwodowych w Chinach. Dostawca urz\u0105dze\u0144 elektrycznych niskiego napi\u0119cia | TOSUNlux","isPartOf":{"@id":"https:\/\/www.tosunlux.eu\/ru\/#website"},"primaryImageOfPage":{"@id":"https:\/\/www.tosunlux.eu\/nl\/products\/off-grid-solar-inverter\/#primaryimage"},"image":{"@id":"https:\/\/www.tosunlux.eu\/nl\/products\/off-grid-solar-inverter\/#primaryimage"},"thumbnailUrl":"https:\/\/www.tosunlux.eu\/wp-content\/uploads\/2025\/02\/3-1-1024x495.jpg","datePublished":"2025-02-13T07:15:23+00:00","dateModified":"2025-02-13T07:40:18+00:00","description":"Dostawca falownik\u00f3w solarnych OFF Grid o mocy 1800 W i 3000 W \u2014 sprzeda\u017c hurtowa bezpo\u015brednio od TOSUNlux, zaufanego producenta od 1994 r. Uzyskaj wycen\u0119 fabryczn\u0105 B2B na nasze certyfikowane produkty elektryczne niskiego napi\u0119cia.","breadcrumb":{"@id":"https:\/\/www.tosunlux.eu\/nl\/products\/off-grid-solar-inverter\/#breadcrumb"},"inLanguage":"pl-PL","potentialAction":[{"@type":"ReadAction","target":["https:\/\/www.tosunlux.eu\/nl\/products\/off-grid-solar-inverter\/"]}]},{"@type":"ImageObject","inLanguage":"pl-PL","@id":"https:\/\/www.tosunlux.eu\/nl\/products\/off-grid-solar-inverter\/#primaryimage","url":"https:\/\/www.tosunlux.eu\/wp-content\/uploads\/2025\/02\/3-1-1024x495.jpg","contentUrl":"https:\/\/www.tosunlux.eu\/wp-content\/uploads\/2025\/02\/3-1-1024x495.jpg"},{"@type":"BreadcrumbList","@id":"https:\/\/www.tosunlux.eu\/nl\/products\/off-grid-solar-inverter\/#breadcrumb","itemListElement":[{"@type":"ListItem","position":1,"name":"Home","item":"https:\/\/www.tosunlux.eu\/ru\/"},{"@type":"ListItem","position":2,"name":"Products","item":"https:\/\/www.tosunlux.eu\/products\/"},{"@type":"ListItem","position":3,"name":"OFF Grid Solar Inverter 1800W &#038; 3000W"}]},{"@type":"WebSite","@id":"https:\/\/www.tosunlux.eu\/ru\/#website","url":"https:\/\/www.tosunlux.eu\/ru\/","name":"Oficjalna strona TOSUNlux - Producent wy\u0142\u0105cznik\u00f3w elektrycznych w Chinach","description":"Dostawca system\u00f3w dystrybucji energii","publisher":{"@id":"https:\/\/www.tosunlux.eu\/ru\/#organization"},"alternateName":"TOSUNlux","potentialAction":[{"@type":"SearchAction","target":{"@type":"EntryPoint","urlTemplate":"https:\/\/www.tosunlux.eu\/ru\/?s={search_term_string}"},"query-input":{"@type":"PropertyValueSpecification","valueRequired":true,"valueName":"search_term_string"}}],"inLanguage":"pl-PL"},{"@type":"Organization","@id":"https:\/\/www.tosunlux.eu\/ru\/#organization","name":"TOSUNlux","url":"https:\/\/www.tosunlux.eu\/ru\/","logo":{"@type":"ImageObject","inLanguage":"pl-PL","@id":"https:\/\/www.tosunlux.eu\/ru\/#\/schema\/logo\/image\/","url":"https:\/\/www.tosunlux.eu\/wp-content\/uploads\/2022\/01\/LOGOSYSM.71762f1.png","contentUrl":"https:\/\/www.tosunlux.eu\/wp-content\/uploads\/2022\/01\/LOGOSYSM.71762f1.png","width":153,"height":55,"caption":"TOSUNlux"},"image":{"@id":"https:\/\/www.tosunlux.eu\/ru\/#\/schema\/logo\/image\/"},"sameAs":["https:\/\/www.facebook.com\/TOSUNelectric\/","https:\/\/www.linkedin.com\/company\/wenzhou-tosun-electric-co.-ltd\/"]}]}},"_links":{"self":[{"href":"https:\/\/www.tosunlux.eu\/pl\/wp-json\/wp\/v2\/product\/12564","targetHints":{"allow":["GET"]}}],"collection":[{"href":"https:\/\/www.tosunlux.eu\/pl\/wp-json\/wp\/v2\/product"}],"about":[{"href":"https:\/\/www.tosunlux.eu\/pl\/wp-json\/wp\/v2\/types\/product"}],"version-history":[{"count":2,"href":"https:\/\/www.tosunlux.eu\/pl\/wp-json\/wp\/v2\/product\/12564\/revisions"}],"predecessor-version":[{"id":12582,"href":"https:\/\/www.tosunlux.eu\/pl\/wp-json\/wp\/v2\/product\/12564\/revisions\/12582"}],"wp:attachment":[{"href":"https:\/\/www.tosunlux.eu\/pl\/wp-json\/wp\/v2\/media?parent=12564"}],"wp:term":[{"taxonomy":"product_category","embeddable":true,"href":"https:\/\/www.tosunlux.eu\/pl\/wp-json\/wp\/v2\/product_category?post=12564"}],"curies":[{"name":"wp","href":"https:\/\/api.w.org\/{rel}","templated":true}]}}