{"id":1493,"date":"2022-04-19T17:46:34","date_gmt":"2022-04-19T09:46:34","guid":{"rendered":"https:\/\/www.tosunlux.eu\/?post_type=product&#038;p=1493"},"modified":"2022-04-19T17:46:35","modified_gmt":"2022-04-19T09:46:35","slug":"led-bulb","status":"publish","type":"product","link":"https:\/\/www.tosunlux.eu\/pl\/products\/led-bulb\/","title":{"rendered":"\u017bar\u00f3wka LED"},"content":{"rendered":"<table style=\"border-collapse: collapse; width: 707.27pt;\" border=\"0\" width=\"943\" cellspacing=\"0\" cellpadding=\"0\">\n<tbody>\n<tr style=\"height: 40.00pt;\">\n<td class=\"et3\" style=\"height: 40.00pt; width: 64.50pt;\" width=\"86\" height=\"53\">Model<\/td>\n<td class=\"et3\" style=\"width: 54.00pt;\" width=\"72\">Moc<\/td>\n<td class=\"et3\" style=\"width: 83.25pt;\" width=\"111\">Wolta\u017c<\/td>\n<td class=\"et3\" style=\"width: 60.00pt;\" width=\"80\">Opiera\u0107<\/td>\n<td class=\"et3\" style=\"width: 60.00pt;\" width=\"80\">Typ diody LED<\/td>\n<td class=\"et3\" style=\"width: 60.00pt;\" width=\"80\">CRI<\/td>\n<td class=\"et4\" style=\"width: 75.75pt;\" width=\"101\">Temperatura barwowa<\/td>\n<td class=\"et3\" style=\"width: 54.00pt;\" width=\"72\">Rozmiar<\/td>\n<td class=\"et3\" style=\"width: 97.50pt;\" width=\"130\">Tworzywo<\/td>\n<td class=\"et3\" style=\"width: 98.25pt;\" width=\"131\">Typ sterownika<\/td>\n<\/tr>\n<tr style=\"height: 36.00pt;\">\n<td class=\"et3\" style=\"height: 36.00pt;\" height=\"48\">G45-5W<\/td>\n<td class=\"et3\">5W<\/td>\n<td class=\"et4\" style=\"width: 83.25pt;\" rowspan=\"3\" width=\"111\">AC85-265V\/<br \/>AC165-265V<\/td>\n<td class=\"et4\" style=\"width: 60.00pt;\" rowspan=\"7\" width=\"80\">E27\/B22<\/td>\n<td class=\"et4\" style=\"width: 60.00pt;\" rowspan=\"7\" width=\"80\">SMD2835<\/td>\n<td class=\"et4\" style=\"width: 60.00pt;\" rowspan=\"7\" width=\"80\">&gt;80Ra<\/td>\n<td class=\"et4\" style=\"width: 75.75pt;\" rowspan=\"7\" width=\"101\">2700-6500 tys.<\/td>\n<td class=\"et3\">\u00d845<\/td>\n<td class=\"et4\" style=\"width: 97.50pt;\" rowspan=\"7\" width=\"130\">Plastik + aluminium<\/td>\n<td class=\"et4\" style=\"width: 98.25pt;\" rowspan=\"7\" width=\"131\">DOB\/oddzielony IC<\/td>\n<\/tr>\n<tr style=\"height: 36.00pt;\">\n<td class=\"et3\" style=\"height: 36.00pt;\" height=\"48\">G45-6W<\/td>\n<td class=\"et3\">6W<\/td>\n<td class=\"et3\">\u00d845<\/td>\n<\/tr>\n<tr style=\"height: 36.00pt;\">\n<td class=\"et3\" style=\"height: 36.00pt;\" height=\"48\">A60-7W<\/td>\n<td class=\"et3\">7W<\/td>\n<td class=\"et3\">\u00d860<\/td>\n<\/tr>\n<tr style=\"height: 52.00pt;\">\n<td class=\"et3\" style=\"height: 52.00pt;\" height=\"69\">A60-9W<\/td>\n<td class=\"et3\">9W<\/td>\n<td class=\"et4\" style=\"width: 83.25pt;\" width=\"111\">AC85-265V\/<br \/>AC165-265V\/<br \/>Pr\u0105d sta\u0142y 12-24 V<\/td>\n<td class=\"et3\">\u00d865<\/td>\n<\/tr>\n<tr style=\"height: 36.00pt;\">\n<td class=\"et3\" style=\"height: 36.00pt;\" height=\"48\">A65-12W<\/td>\n<td class=\"et3\">12W<\/td>\n<td class=\"et4\" style=\"width: 83.25pt;\" rowspan=\"3\" width=\"111\">AC85-265V\/<br \/>AC165-265V<\/td>\n<td class=\"et3\">\u00d870<\/td>\n<\/tr>\n<tr style=\"height: 36.00pt;\">\n<td class=\"et3\" style=\"height: 36.00pt;\" height=\"48\">A70-15W<\/td>\n<td class=\"et3\">15 W<\/td>\n<td class=\"et3\">\u00d880<\/td>\n<\/tr>\n<tr style=\"height: 36.00pt;\">\n<td class=\"et3\" style=\"height: 36.00pt;\" height=\"48\">A80-18W<\/td>\n<td class=\"et3\">18W<\/td>\n<td class=\"et3\">\u00d895<\/td>\n<\/tr>\n<\/tbody>\n<\/table>\n\n\n<figure class=\"wp-block-image size-full is-resized\"><img decoding=\"async\" src=\"https:\/\/www.tosunlux.eu\/wp-content\/uploads\/2022\/04\/LED-Bulb.jpg\" alt=\"\" class=\"wp-image-1497\" width=\"1800\" srcset=\"https:\/\/www.tosunlux.eu\/wp-content\/uploads\/2022\/04\/LED-Bulb.jpg 1800w, https:\/\/www.tosunlux.eu\/wp-content\/uploads\/2022\/04\/LED-Bulb-300x79.jpg 300w, https:\/\/www.tosunlux.eu\/wp-content\/uploads\/2022\/04\/LED-Bulb-1024x268.jpg 1024w, https:\/\/www.tosunlux.eu\/wp-content\/uploads\/2022\/04\/LED-Bulb-768x201.jpg 768w, https:\/\/www.tosunlux.eu\/wp-content\/uploads\/2022\/04\/LED-Bulb-1536x402.jpg 1536w\" sizes=\"(max-width: 1800px) 100vw, 1800px\" \/><\/figure>","protected":false},"parent":0,"template":"","product_category":[38,131],"class_list":["post-1493","product","type-product","status-publish","hentry","product_category-lighting","product_category-led-bulb"],"yoast_head":"<!-- This site is optimized with the Yoast SEO plugin v27.5 - https:\/\/yoast.com\/product\/yoast-seo-wordpress\/ -->\n<title>WholesaleLED Bulb - TOSUNlux Official Site - Electrical Circuit Breaker Manufacturer in China Low Voltage Electrical Supplier | TOSUNlux<\/title>\n<meta name=\"description\" content=\"LED Bulb Supplier - Wholesale direct from TOSUNlux, a trusted manufacturer since 1994. Get your B2B factory quote on our certified Low Voltage electrical products.\" \/>\n<meta name=\"robots\" content=\"index, follow, max-snippet:-1, max-image-preview:large, max-video-preview:-1\" \/>\n<link rel=\"canonical\" href=\"https:\/\/www.tosunlux.eu\/pl\/products\/led-bulb\/\" \/>\n<meta property=\"og:locale\" content=\"pl_PL\" \/>\n<meta property=\"og:type\" content=\"article\" \/>\n<meta property=\"og:title\" content=\"WholesaleLED Bulb - TOSUNlux Official Site - Electrical Circuit Breaker Manufacturer in China Low Voltage Electrical Supplier | TOSUNlux\" \/>\n<meta property=\"og:description\" content=\"LED Bulb Supplier - Wholesale direct from TOSUNlux, a trusted manufacturer since 1994. Get your B2B factory quote on our certified Low Voltage electrical products.\" \/>\n<meta property=\"og:url\" content=\"https:\/\/www.tosunlux.eu\/pl\/products\/led-bulb\/\" \/>\n<meta property=\"og:site_name\" content=\"TOSUNlux Official Site - Electrical Circuit Breaker Manufacturer in China\" \/>\n<meta property=\"article:publisher\" content=\"https:\/\/www.facebook.com\/TOSUNelectric\/\" \/>\n<meta property=\"article:modified_time\" content=\"2022-04-19T09:46:35+00:00\" \/>\n<meta property=\"og:image\" content=\"https:\/\/www.tosunlux.eu\/wp-content\/uploads\/2022\/04\/LED-Bulb.jpg\" \/>\n<meta name=\"twitter:card\" content=\"summary_large_image\" \/>\n<script type=\"application\/ld+json\" class=\"yoast-schema-graph\">{\"@context\":\"https:\\\/\\\/schema.org\",\"@graph\":[{\"@type\":\"WebPage\",\"@id\":\"https:\\\/\\\/www.tosunlux.eu\\\/ar\\\/products\\\/led-bulb\\\/\",\"url\":\"https:\\\/\\\/www.tosunlux.eu\\\/ar\\\/products\\\/led-bulb\\\/\",\"name\":\"WholesaleLED Bulb - TOSUNlux Official Site - Electrical Circuit Breaker Manufacturer in China Low Voltage Electrical Supplier | TOSUNlux\",\"isPartOf\":{\"@id\":\"https:\\\/\\\/www.tosunlux.eu\\\/ru\\\/#website\"},\"primaryImageOfPage\":{\"@id\":\"https:\\\/\\\/www.tosunlux.eu\\\/ar\\\/products\\\/led-bulb\\\/#primaryimage\"},\"image\":{\"@id\":\"https:\\\/\\\/www.tosunlux.eu\\\/ar\\\/products\\\/led-bulb\\\/#primaryimage\"},\"thumbnailUrl\":\"https:\\\/\\\/www.tosunlux.eu\\\/wp-content\\\/uploads\\\/2022\\\/04\\\/LED-Bulb.jpg\",\"datePublished\":\"2022-04-19T09:46:34+00:00\",\"dateModified\":\"2022-04-19T09:46:35+00:00\",\"description\":\"LED Bulb Supplier - Wholesale direct from TOSUNlux, a trusted manufacturer since 1994. Get your B2B factory quote on our certified Low Voltage electrical products.\",\"breadcrumb\":{\"@id\":\"https:\\\/\\\/www.tosunlux.eu\\\/ar\\\/products\\\/led-bulb\\\/#breadcrumb\"},\"inLanguage\":\"pl-PL\",\"potentialAction\":[{\"@type\":\"ReadAction\",\"target\":[\"https:\\\/\\\/www.tosunlux.eu\\\/ar\\\/products\\\/led-bulb\\\/\"]}]},{\"@type\":\"ImageObject\",\"inLanguage\":\"pl-PL\",\"@id\":\"https:\\\/\\\/www.tosunlux.eu\\\/ar\\\/products\\\/led-bulb\\\/#primaryimage\",\"url\":\"https:\\\/\\\/www.tosunlux.eu\\\/wp-content\\\/uploads\\\/2022\\\/04\\\/LED-Bulb.jpg\",\"contentUrl\":\"https:\\\/\\\/www.tosunlux.eu\\\/wp-content\\\/uploads\\\/2022\\\/04\\\/LED-Bulb.jpg\"},{\"@type\":\"BreadcrumbList\",\"@id\":\"https:\\\/\\\/www.tosunlux.eu\\\/ar\\\/products\\\/led-bulb\\\/#breadcrumb\",\"itemListElement\":[{\"@type\":\"ListItem\",\"position\":1,\"name\":\"Home\",\"item\":\"https:\\\/\\\/www.tosunlux.eu\\\/ru\\\/\"},{\"@type\":\"ListItem\",\"position\":2,\"name\":\"Products\",\"item\":\"https:\\\/\\\/www.tosunlux.eu\\\/products\\\/\"},{\"@type\":\"ListItem\",\"position\":3,\"name\":\"LED Bulb\"}]},{\"@type\":\"WebSite\",\"@id\":\"https:\\\/\\\/www.tosunlux.eu\\\/ru\\\/#website\",\"url\":\"https:\\\/\\\/www.tosunlux.eu\\\/ru\\\/\",\"name\":\"TOSUNlux Official Site - Electrical Circuit Breaker Manufacturer in China\",\"description\":\"Power Distribution System Supplier\",\"publisher\":{\"@id\":\"https:\\\/\\\/www.tosunlux.eu\\\/ru\\\/#organization\"},\"alternateName\":\"TOSUNlux\",\"potentialAction\":[{\"@type\":\"SearchAction\",\"target\":{\"@type\":\"EntryPoint\",\"urlTemplate\":\"https:\\\/\\\/www.tosunlux.eu\\\/ru\\\/?s={search_term_string}\"},\"query-input\":{\"@type\":\"PropertyValueSpecification\",\"valueRequired\":true,\"valueName\":\"search_term_string\"}}],\"inLanguage\":\"pl-PL\"},{\"@type\":\"Organization\",\"@id\":\"https:\\\/\\\/www.tosunlux.eu\\\/ru\\\/#organization\",\"name\":\"TOSUNlux\",\"url\":\"https:\\\/\\\/www.tosunlux.eu\\\/ru\\\/\",\"logo\":{\"@type\":\"ImageObject\",\"inLanguage\":\"pl-PL\",\"@id\":\"https:\\\/\\\/www.tosunlux.eu\\\/ru\\\/#\\\/schema\\\/logo\\\/image\\\/\",\"url\":\"https:\\\/\\\/www.tosunlux.eu\\\/wp-content\\\/uploads\\\/2022\\\/01\\\/LOGOSYSM.71762f1.png\",\"contentUrl\":\"https:\\\/\\\/www.tosunlux.eu\\\/wp-content\\\/uploads\\\/2022\\\/01\\\/LOGOSYSM.71762f1.png\",\"width\":153,\"height\":55,\"caption\":\"TOSUNlux\"},\"image\":{\"@id\":\"https:\\\/\\\/www.tosunlux.eu\\\/ru\\\/#\\\/schema\\\/logo\\\/image\\\/\"},\"sameAs\":[\"https:\\\/\\\/www.facebook.com\\\/TOSUNelectric\\\/\",\"https:\\\/\\\/www.linkedin.com\\\/company\\\/wenzhou-tosun-electric-co.-ltd\\\/\"]}]}<\/script>\n<!-- \/ Yoast SEO plugin. -->","yoast_head_json":{"title":"Hurtowa \u017car\u00f3wka LED - Oficjalna strona TOSUNlux - Producent wy\u0142\u0105cznik\u00f3w elektrycznych w Chinach Dostawca urz\u0105dze\u0144 elektrycznych niskiego napi\u0119cia | TOSUNlux","description":"Dostawca \u017car\u00f3wek LED \u2014 sprzeda\u017c hurtowa bezpo\u015brednio od TOSUNlux, zaufanego producenta od 1994 roku. Uzyskaj wycen\u0119 B2B od producenta na nasze certyfikowane produkty elektryczne niskiego napi\u0119cia.","robots":{"index":"index","follow":"follow","max-snippet":"max-snippet:-1","max-image-preview":"max-image-preview:large","max-video-preview":"max-video-preview:-1"},"canonical":"https:\/\/www.tosunlux.eu\/pl\/products\/led-bulb\/","og_locale":"pl_PL","og_type":"article","og_title":"WholesaleLED Bulb - TOSUNlux Official Site - Electrical Circuit Breaker Manufacturer in China Low Voltage Electrical Supplier | TOSUNlux","og_description":"LED Bulb Supplier - Wholesale direct from TOSUNlux, a trusted manufacturer since 1994. Get your B2B factory quote on our certified Low Voltage electrical products.","og_url":"https:\/\/www.tosunlux.eu\/pl\/products\/led-bulb\/","og_site_name":"TOSUNlux Official Site - Electrical Circuit Breaker Manufacturer in China","article_publisher":"https:\/\/www.facebook.com\/TOSUNelectric\/","article_modified_time":"2022-04-19T09:46:35+00:00","og_image":[{"url":"https:\/\/www.tosunlux.eu\/wp-content\/uploads\/2022\/04\/LED-Bulb.jpg","type":"","width":"","height":""}],"twitter_card":"summary_large_image","schema":{"@context":"https:\/\/schema.org","@graph":[{"@type":"WebPage","@id":"https:\/\/www.tosunlux.eu\/ar\/products\/led-bulb\/","url":"https:\/\/www.tosunlux.eu\/ar\/products\/led-bulb\/","name":"Hurtowa \u017car\u00f3wka LED - Oficjalna strona TOSUNlux - Producent wy\u0142\u0105cznik\u00f3w elektrycznych w Chinach Dostawca urz\u0105dze\u0144 elektrycznych niskiego napi\u0119cia | TOSUNlux","isPartOf":{"@id":"https:\/\/www.tosunlux.eu\/ru\/#website"},"primaryImageOfPage":{"@id":"https:\/\/www.tosunlux.eu\/ar\/products\/led-bulb\/#primaryimage"},"image":{"@id":"https:\/\/www.tosunlux.eu\/ar\/products\/led-bulb\/#primaryimage"},"thumbnailUrl":"https:\/\/www.tosunlux.eu\/wp-content\/uploads\/2022\/04\/LED-Bulb.jpg","datePublished":"2022-04-19T09:46:34+00:00","dateModified":"2022-04-19T09:46:35+00:00","description":"Dostawca \u017car\u00f3wek LED \u2014 sprzeda\u017c hurtowa bezpo\u015brednio od TOSUNlux, zaufanego producenta od 1994 roku. Uzyskaj wycen\u0119 B2B od producenta na nasze certyfikowane produkty elektryczne niskiego napi\u0119cia.","breadcrumb":{"@id":"https:\/\/www.tosunlux.eu\/ar\/products\/led-bulb\/#breadcrumb"},"inLanguage":"pl-PL","potentialAction":[{"@type":"ReadAction","target":["https:\/\/www.tosunlux.eu\/ar\/products\/led-bulb\/"]}]},{"@type":"ImageObject","inLanguage":"pl-PL","@id":"https:\/\/www.tosunlux.eu\/ar\/products\/led-bulb\/#primaryimage","url":"https:\/\/www.tosunlux.eu\/wp-content\/uploads\/2022\/04\/LED-Bulb.jpg","contentUrl":"https:\/\/www.tosunlux.eu\/wp-content\/uploads\/2022\/04\/LED-Bulb.jpg"},{"@type":"BreadcrumbList","@id":"https:\/\/www.tosunlux.eu\/ar\/products\/led-bulb\/#breadcrumb","itemListElement":[{"@type":"ListItem","position":1,"name":"Home","item":"https:\/\/www.tosunlux.eu\/ru\/"},{"@type":"ListItem","position":2,"name":"Products","item":"https:\/\/www.tosunlux.eu\/products\/"},{"@type":"ListItem","position":3,"name":"LED Bulb"}]},{"@type":"WebSite","@id":"https:\/\/www.tosunlux.eu\/ru\/#website","url":"https:\/\/www.tosunlux.eu\/ru\/","name":"Oficjalna strona TOSUNlux - Producent wy\u0142\u0105cznik\u00f3w elektrycznych w Chinach","description":"Dostawca system\u00f3w dystrybucji energii","publisher":{"@id":"https:\/\/www.tosunlux.eu\/ru\/#organization"},"alternateName":"TOSUNlux","potentialAction":[{"@type":"SearchAction","target":{"@type":"EntryPoint","urlTemplate":"https:\/\/www.tosunlux.eu\/ru\/?s={search_term_string}"},"query-input":{"@type":"PropertyValueSpecification","valueRequired":true,"valueName":"search_term_string"}}],"inLanguage":"pl-PL"},{"@type":"Organization","@id":"https:\/\/www.tosunlux.eu\/ru\/#organization","name":"TOSUNlux","url":"https:\/\/www.tosunlux.eu\/ru\/","logo":{"@type":"ImageObject","inLanguage":"pl-PL","@id":"https:\/\/www.tosunlux.eu\/ru\/#\/schema\/logo\/image\/","url":"https:\/\/www.tosunlux.eu\/wp-content\/uploads\/2022\/01\/LOGOSYSM.71762f1.png","contentUrl":"https:\/\/www.tosunlux.eu\/wp-content\/uploads\/2022\/01\/LOGOSYSM.71762f1.png","width":153,"height":55,"caption":"TOSUNlux"},"image":{"@id":"https:\/\/www.tosunlux.eu\/ru\/#\/schema\/logo\/image\/"},"sameAs":["https:\/\/www.facebook.com\/TOSUNelectric\/","https:\/\/www.linkedin.com\/company\/wenzhou-tosun-electric-co.-ltd\/"]}]}},"_links":{"self":[{"href":"https:\/\/www.tosunlux.eu\/pl\/wp-json\/wp\/v2\/product\/1493","targetHints":{"allow":["GET"]}}],"collection":[{"href":"https:\/\/www.tosunlux.eu\/pl\/wp-json\/wp\/v2\/product"}],"about":[{"href":"https:\/\/www.tosunlux.eu\/pl\/wp-json\/wp\/v2\/types\/product"}],"version-history":[{"count":0,"href":"https:\/\/www.tosunlux.eu\/pl\/wp-json\/wp\/v2\/product\/1493\/revisions"}],"wp:attachment":[{"href":"https:\/\/www.tosunlux.eu\/pl\/wp-json\/wp\/v2\/media?parent=1493"}],"wp:term":[{"taxonomy":"product_category","embeddable":true,"href":"https:\/\/www.tosunlux.eu\/pl\/wp-json\/wp\/v2\/product_category?post=1493"}],"curies":[{"name":"wp","href":"https:\/\/api.w.org\/{rel}","templated":true}]}}