{"id":1663,"date":"2022-04-22T17:20:41","date_gmt":"2022-04-22T09:20:41","guid":{"rendered":"https:\/\/www.tosunlux.eu\/?post_type=product&#038;p=1663"},"modified":"2022-04-22T17:24:36","modified_gmt":"2022-04-22T09:24:36","slug":"voltage-tester-5","status":"publish","type":"product","link":"https:\/\/www.tosunlux.eu\/pl\/products\/voltage-tester-5\/","title":{"rendered":"Tester napi\u0119cia"},"content":{"rendered":"<p><strong>6890-62 3w1<\/strong><\/p>\n\n\n\n<p>Zakres napi\u0119cia znamionowego: 120-500V.<br>Wy\u015bwietlacz napi\u0119cia: 110-220-380VAC, 150-300-500VDC.<br>Pomiar napi\u0119cia: 50-500Hz.<br>Pr\u0105d wej\u015bciowy: ls&lt;52mA przy 400VAC.<\/p>\n\n\n\n<p><strong>6890-62 4w1<\/strong> <\/p>\n\n\n\n<p>Pr\u0105d zmienny\/sta\u0142y 100-220-277-460 V.<br>Wzmocniona obudowa i przewody pomiarowe.<br>Jasne neonowe wska\u017aniki AC\/DC.<br>Pomiar napi\u0119cia: 50-500Hz.<br>Pr\u0105d wej\u015bciowy: ls&lt;52mA przy 460VAC.<\/p>\n\n\n\n<p><strong>6890-63 8w1<\/strong><\/p>\n\n\n\n<p>Zakres napi\u0119cia znamionowego: 6-400V.<br>Typ wy\u015bwietlacza: LED 6-12-24-50-110-220-380V.<br>Pr\u0105d wej\u015bciowy: ls&lt;52mA przy 400VAC.<br>Wy\u015bwietlanie polaryzacji: wizualne (+) (-).<br>Pomiar napi\u0119cia: 50-500Hz.<\/p>\n\n\n\n<p><strong>6885-48<\/strong><\/p>\n\n\n\n<p>Test napi\u0119cia pr\u0105du przemiennego \u2013 styk, 70 do 250 V AC.<br>Bezdotykowy pomiar napi\u0119cia przemiennego w zakresie od 70 do 1000 V AC.<br>Test napi\u0119cia sta\u0142ego, styk p\u0119tlicowej 1,5 do 250 V DC.<br>Sprawdzenie polaryzacji od 2 do 36 V DC.<br>Kontrola ci\u0105g\u0142o\u015bci, 0 do 100M om\u00f3w.<br>Prze\u0142\u0105cznik czu\u0142o\u015bci wysokiej i niskiej; wska\u017anik LED i brz\u0119czyk, kompaktowy i por\u0119czny; regulowane rami\u0119 czujnika.<br>Pr\u0105d wej\u015bciowy: ls&lt;0,75 mA przy 250 VAC.<br>Test baterii: autotest.<br>Pomiar napi\u0119cia: 50-500Hz.<\/p>\n\n\n\n<p><\/p>\n\n\n\n<p><\/p>","protected":false},"parent":0,"template":"","product_category":[36,115],"class_list":["post-1663","product","type-product","status-publish","hentry","product_category-electrical-accessories","product_category-voltage-tester-tool"],"yoast_head":"<!-- This site is optimized with the Yoast SEO plugin v27.5 - https:\/\/yoast.com\/product\/yoast-seo-wordpress\/ -->\n<title>WholesaleVoltage Tester - TOSUNlux Official Site - Electrical Circuit Breaker Manufacturer in China Low Voltage Electrical Supplier | TOSUNlux<\/title>\n<meta name=\"description\" content=\"Voltage Tester Supplier - Wholesale direct from TOSUNlux, a trusted manufacturer since 1994. Get your B2B factory quote on our certified Low Voltage electrical products.\" \/>\n<meta name=\"robots\" content=\"index, follow, max-snippet:-1, max-image-preview:large, max-video-preview:-1\" \/>\n<link rel=\"canonical\" href=\"https:\/\/www.tosunlux.eu\/pl\/products\/voltage-tester-5\/\" \/>\n<meta property=\"og:locale\" content=\"pl_PL\" \/>\n<meta property=\"og:type\" content=\"article\" \/>\n<meta property=\"og:title\" content=\"WholesaleVoltage Tester - TOSUNlux Official Site - Electrical Circuit Breaker Manufacturer in China Low Voltage Electrical Supplier | TOSUNlux\" \/>\n<meta property=\"og:description\" content=\"Voltage Tester Supplier - Wholesale direct from TOSUNlux, a trusted manufacturer since 1994. Get your B2B factory quote on our certified Low Voltage electrical products.\" \/>\n<meta property=\"og:url\" content=\"https:\/\/www.tosunlux.eu\/pl\/products\/voltage-tester-5\/\" \/>\n<meta property=\"og:site_name\" content=\"TOSUNlux Official Site - Electrical Circuit Breaker Manufacturer in China\" \/>\n<meta property=\"article:publisher\" content=\"https:\/\/www.facebook.com\/TOSUNelectric\/\" \/>\n<meta property=\"article:modified_time\" content=\"2022-04-22T09:24:36+00:00\" \/>\n<meta property=\"og:image\" content=\"https:\/\/www.tosunlux.eu\/wp-content\/uploads\/2023\/04\/DSC08160_\u526f\u672c.jpg\" \/>\n\t<meta property=\"og:image:width\" content=\"1500\" \/>\n\t<meta property=\"og:image:height\" content=\"940\" \/>\n\t<meta property=\"og:image:type\" content=\"image\/jpeg\" \/>\n<meta name=\"twitter:card\" content=\"summary_large_image\" \/>\n<meta name=\"twitter:label1\" content=\"Szacowany czas czytania\" \/>\n\t<meta name=\"twitter:data1\" content=\"1 minuta\" \/>\n<script type=\"application\/ld+json\" class=\"yoast-schema-graph\">{\"@context\":\"https:\\\/\\\/schema.org\",\"@graph\":[{\"@type\":\"WebPage\",\"@id\":\"https:\\\/\\\/www.tosunlux.eu\\\/products\\\/voltage-tester-5\\\/\",\"url\":\"https:\\\/\\\/www.tosunlux.eu\\\/products\\\/voltage-tester-5\\\/\",\"name\":\"WholesaleVoltage Tester - TOSUNlux Official Site - Electrical Circuit Breaker Manufacturer in China Low Voltage Electrical Supplier | TOSUNlux\",\"isPartOf\":{\"@id\":\"https:\\\/\\\/www.tosunlux.eu\\\/ru\\\/#website\"},\"datePublished\":\"2022-04-22T09:20:41+00:00\",\"dateModified\":\"2022-04-22T09:24:36+00:00\",\"description\":\"Voltage Tester Supplier - Wholesale direct from TOSUNlux, a trusted manufacturer since 1994. Get your B2B factory quote on our certified Low Voltage electrical products.\",\"breadcrumb\":{\"@id\":\"https:\\\/\\\/www.tosunlux.eu\\\/products\\\/voltage-tester-5\\\/#breadcrumb\"},\"inLanguage\":\"pl-PL\",\"potentialAction\":[{\"@type\":\"ReadAction\",\"target\":[\"https:\\\/\\\/www.tosunlux.eu\\\/products\\\/voltage-tester-5\\\/\"]}]},{\"@type\":\"BreadcrumbList\",\"@id\":\"https:\\\/\\\/www.tosunlux.eu\\\/products\\\/voltage-tester-5\\\/#breadcrumb\",\"itemListElement\":[{\"@type\":\"ListItem\",\"position\":1,\"name\":\"Home\",\"item\":\"https:\\\/\\\/www.tosunlux.eu\\\/ru\\\/\"},{\"@type\":\"ListItem\",\"position\":2,\"name\":\"Products\",\"item\":\"https:\\\/\\\/www.tosunlux.eu\\\/products\\\/\"},{\"@type\":\"ListItem\",\"position\":3,\"name\":\"Voltage Tester\"}]},{\"@type\":\"WebSite\",\"@id\":\"https:\\\/\\\/www.tosunlux.eu\\\/ru\\\/#website\",\"url\":\"https:\\\/\\\/www.tosunlux.eu\\\/ru\\\/\",\"name\":\"TOSUNlux Official Site - Electrical Circuit Breaker Manufacturer in China\",\"description\":\"Power Distribution System Supplier\",\"publisher\":{\"@id\":\"https:\\\/\\\/www.tosunlux.eu\\\/ru\\\/#organization\"},\"alternateName\":\"TOSUNlux\",\"potentialAction\":[{\"@type\":\"SearchAction\",\"target\":{\"@type\":\"EntryPoint\",\"urlTemplate\":\"https:\\\/\\\/www.tosunlux.eu\\\/ru\\\/?s={search_term_string}\"},\"query-input\":{\"@type\":\"PropertyValueSpecification\",\"valueRequired\":true,\"valueName\":\"search_term_string\"}}],\"inLanguage\":\"pl-PL\"},{\"@type\":\"Organization\",\"@id\":\"https:\\\/\\\/www.tosunlux.eu\\\/ru\\\/#organization\",\"name\":\"TOSUNlux\",\"url\":\"https:\\\/\\\/www.tosunlux.eu\\\/ru\\\/\",\"logo\":{\"@type\":\"ImageObject\",\"inLanguage\":\"pl-PL\",\"@id\":\"https:\\\/\\\/www.tosunlux.eu\\\/ru\\\/#\\\/schema\\\/logo\\\/image\\\/\",\"url\":\"https:\\\/\\\/www.tosunlux.eu\\\/wp-content\\\/uploads\\\/2022\\\/01\\\/LOGOSYSM.71762f1.png\",\"contentUrl\":\"https:\\\/\\\/www.tosunlux.eu\\\/wp-content\\\/uploads\\\/2022\\\/01\\\/LOGOSYSM.71762f1.png\",\"width\":153,\"height\":55,\"caption\":\"TOSUNlux\"},\"image\":{\"@id\":\"https:\\\/\\\/www.tosunlux.eu\\\/ru\\\/#\\\/schema\\\/logo\\\/image\\\/\"},\"sameAs\":[\"https:\\\/\\\/www.facebook.com\\\/TOSUNelectric\\\/\",\"https:\\\/\\\/www.linkedin.com\\\/company\\\/wenzhou-tosun-electric-co.-ltd\\\/\"]}]}<\/script>\n<!-- \/ Yoast SEO plugin. -->","yoast_head_json":{"title":"Tester napi\u0119cia hurtowego - Oficjalna strona TOSUNlux - Producent wy\u0142\u0105cznik\u00f3w obwodowych w Chinach Dostawca urz\u0105dze\u0144 elektrycznych niskiego napi\u0119cia | TOSUNlux","description":"Dostawca tester\u00f3w napi\u0119cia - hurtowo bezpo\u015brednio od TOSUNlux, zaufanego producenta od 1994 roku. Uzyskaj wycen\u0119 fabryczn\u0105 B2B na nasze certyfikowane produkty elektryczne niskiego napi\u0119cia.","robots":{"index":"index","follow":"follow","max-snippet":"max-snippet:-1","max-image-preview":"max-image-preview:large","max-video-preview":"max-video-preview:-1"},"canonical":"https:\/\/www.tosunlux.eu\/pl\/products\/voltage-tester-5\/","og_locale":"pl_PL","og_type":"article","og_title":"WholesaleVoltage Tester - TOSUNlux Official Site - Electrical Circuit Breaker Manufacturer in China Low Voltage Electrical Supplier | TOSUNlux","og_description":"Voltage Tester Supplier - Wholesale direct from TOSUNlux, a trusted manufacturer since 1994. Get your B2B factory quote on our certified Low Voltage electrical products.","og_url":"https:\/\/www.tosunlux.eu\/pl\/products\/voltage-tester-5\/","og_site_name":"TOSUNlux Official Site - Electrical Circuit Breaker Manufacturer in China","article_publisher":"https:\/\/www.facebook.com\/TOSUNelectric\/","article_modified_time":"2022-04-22T09:24:36+00:00","og_image":[{"width":1500,"height":940,"url":"https:\/\/www.tosunlux.eu\/wp-content\/uploads\/2023\/04\/DSC08160_\u526f\u672c.jpg","type":"image\/jpeg"}],"twitter_card":"summary_large_image","twitter_misc":{"Szacowany czas czytania":"1 minuta"},"schema":{"@context":"https:\/\/schema.org","@graph":[{"@type":"WebPage","@id":"https:\/\/www.tosunlux.eu\/products\/voltage-tester-5\/","url":"https:\/\/www.tosunlux.eu\/products\/voltage-tester-5\/","name":"Tester napi\u0119cia hurtowego - Oficjalna strona TOSUNlux - Producent wy\u0142\u0105cznik\u00f3w obwodowych w Chinach Dostawca urz\u0105dze\u0144 elektrycznych niskiego napi\u0119cia | TOSUNlux","isPartOf":{"@id":"https:\/\/www.tosunlux.eu\/ru\/#website"},"datePublished":"2022-04-22T09:20:41+00:00","dateModified":"2022-04-22T09:24:36+00:00","description":"Dostawca tester\u00f3w napi\u0119cia - hurtowo bezpo\u015brednio od TOSUNlux, zaufanego producenta od 1994 roku. Uzyskaj wycen\u0119 fabryczn\u0105 B2B na nasze certyfikowane produkty elektryczne niskiego napi\u0119cia.","breadcrumb":{"@id":"https:\/\/www.tosunlux.eu\/products\/voltage-tester-5\/#breadcrumb"},"inLanguage":"pl-PL","potentialAction":[{"@type":"ReadAction","target":["https:\/\/www.tosunlux.eu\/products\/voltage-tester-5\/"]}]},{"@type":"BreadcrumbList","@id":"https:\/\/www.tosunlux.eu\/products\/voltage-tester-5\/#breadcrumb","itemListElement":[{"@type":"ListItem","position":1,"name":"Home","item":"https:\/\/www.tosunlux.eu\/ru\/"},{"@type":"ListItem","position":2,"name":"Products","item":"https:\/\/www.tosunlux.eu\/products\/"},{"@type":"ListItem","position":3,"name":"Voltage Tester"}]},{"@type":"WebSite","@id":"https:\/\/www.tosunlux.eu\/ru\/#website","url":"https:\/\/www.tosunlux.eu\/ru\/","name":"Oficjalna strona TOSUNlux - Producent wy\u0142\u0105cznik\u00f3w elektrycznych w Chinach","description":"Dostawca system\u00f3w dystrybucji energii","publisher":{"@id":"https:\/\/www.tosunlux.eu\/ru\/#organization"},"alternateName":"TOSUNlux","potentialAction":[{"@type":"SearchAction","target":{"@type":"EntryPoint","urlTemplate":"https:\/\/www.tosunlux.eu\/ru\/?s={search_term_string}"},"query-input":{"@type":"PropertyValueSpecification","valueRequired":true,"valueName":"search_term_string"}}],"inLanguage":"pl-PL"},{"@type":"Organization","@id":"https:\/\/www.tosunlux.eu\/ru\/#organization","name":"TOSUNlux","url":"https:\/\/www.tosunlux.eu\/ru\/","logo":{"@type":"ImageObject","inLanguage":"pl-PL","@id":"https:\/\/www.tosunlux.eu\/ru\/#\/schema\/logo\/image\/","url":"https:\/\/www.tosunlux.eu\/wp-content\/uploads\/2022\/01\/LOGOSYSM.71762f1.png","contentUrl":"https:\/\/www.tosunlux.eu\/wp-content\/uploads\/2022\/01\/LOGOSYSM.71762f1.png","width":153,"height":55,"caption":"TOSUNlux"},"image":{"@id":"https:\/\/www.tosunlux.eu\/ru\/#\/schema\/logo\/image\/"},"sameAs":["https:\/\/www.facebook.com\/TOSUNelectric\/","https:\/\/www.linkedin.com\/company\/wenzhou-tosun-electric-co.-ltd\/"]}]}},"_links":{"self":[{"href":"https:\/\/www.tosunlux.eu\/pl\/wp-json\/wp\/v2\/product\/1663","targetHints":{"allow":["GET"]}}],"collection":[{"href":"https:\/\/www.tosunlux.eu\/pl\/wp-json\/wp\/v2\/product"}],"about":[{"href":"https:\/\/www.tosunlux.eu\/pl\/wp-json\/wp\/v2\/types\/product"}],"version-history":[{"count":0,"href":"https:\/\/www.tosunlux.eu\/pl\/wp-json\/wp\/v2\/product\/1663\/revisions"}],"wp:attachment":[{"href":"https:\/\/www.tosunlux.eu\/pl\/wp-json\/wp\/v2\/media?parent=1663"}],"wp:term":[{"taxonomy":"product_category","embeddable":true,"href":"https:\/\/www.tosunlux.eu\/pl\/wp-json\/wp\/v2\/product_category?post=1663"}],"curies":[{"name":"wp","href":"https:\/\/api.w.org\/{rel}","templated":true}]}}