{"id":1794,"date":"2022-04-23T16:59:06","date_gmt":"2022-04-23T08:59:06","guid":{"rendered":"https:\/\/www.tosunlux.eu\/?post_type=product&#038;p=1794"},"modified":"2024-12-28T10:00:24","modified_gmt":"2024-12-28T02:00:24","slug":"tsb4-63-miniature-circuit-breaker","status":"publish","type":"product","link":"https:\/\/www.tosunlux.eu\/pl\/products\/tsb4-63-miniature-circuit-breaker\/","title":{"rendered":"Wy\u0142\u0105cznik nadpr\u0105dowy TSB4-63"},"content":{"rendered":"\n<figure class=\"wp-block-image size-full\"><img fetchpriority=\"high\" decoding=\"async\" width=\"492\" height=\"178\" src=\"https:\/\/www.tosunlux.eu\/wp-content\/uploads\/2022\/04\/2-18-power-distribution-1-2.jpg\" alt=\"\" class=\"wp-image-1801\" srcset=\"https:\/\/www.tosunlux.eu\/wp-content\/uploads\/2022\/04\/2-18-power-distribution-1-2.jpg 492w, https:\/\/www.tosunlux.eu\/wp-content\/uploads\/2022\/04\/2-18-power-distribution-1-2-300x109.jpg 300w\" sizes=\"(max-width: 492px) 100vw, 492px\" \/><\/figure>\n\n\n\n<p><strong>Application<\/strong><\/p>\n\n\n\n<p>TSB4-63 series MCB is high performance current limiting device with the ability to disconnect short circuits up to 6\/10kA. Thermal trip unit is for normal overload protection and magnetic trip unit is for short circuit protection. The products comply with IEC60898-1 or IEC60947-2.<\/p>\n\n\n\n<p><strong>Specification<\/strong><\/p>\n\n\n<table width=\"761\">\n<tbody>\n<tr>\n<td width=\"306\">Number of Poles<\/td>\n<td width=\"455\">1P,2P, 3P, 4P<\/td>\n<\/tr>\n<tr>\n<td>Rated Current (A)<\/td>\n<td>1, 2, 3, 4, 5, 6, 8, 10, 13, 16, 20, 25, 32, 40, 50, 63<\/td>\n<\/tr>\n<tr>\n<td>Rated Operational Voltage<\/td>\n<td>1P: 240\/415V\u00a0\u00a0 2P, 3P, 4P: 415V<\/td>\n<\/tr>\n<tr>\n<td>Trip Unit Technology<\/td>\n<td>Thermal-magnetic<\/td>\n<\/tr>\n<tr>\n<td>Curve Code<\/td>\n<td>B, C, D<\/td>\n<\/tr>\n<tr>\n<td>Network Frequency<\/td>\n<td>50\/60Hz<\/td>\n<\/tr>\n<tr>\n<td width=\"306\">Breaking Capacity<\/td>\n<td width=\"455\">Icn=10000A\/Ics=7500A<\/td>\n<\/tr>\n<tr>\n<td>Energy Limiting Class I2t:<\/td>\n<td>3 comforming to IEC\/EN 60898-1<\/td>\n<\/tr>\n<tr>\n<td>[Ui] Rated Insulation Voltage<\/td>\n<td>500V AC<\/td>\n<\/tr>\n<tr>\n<td width=\"306\">[Uimp] Rated Impulse <br \/>Withstand Voltage<\/td>\n<td>4000V<\/td>\n<\/tr>\n<tr>\n<td>Mechanical Durability<\/td>\n<td>10000 cycles<\/td>\n<\/tr>\n<tr>\n<td>Electrical Durability<\/td>\n<td>4000 cycles<\/td>\n<\/tr>\n<tr>\n<td>Tightening Torque<\/td>\n<td>M5 2.5N.m \u2161<\/td>\n<\/tr>\n<tr>\n<td>IP Degree of Protection<\/td>\n<td width=\"455\">IP20 comforming to IEC 60529<br \/>IP40(modular enclosure) comforming to IEC 60529<\/td>\n<\/tr>\n<tr>\n<td width=\"306\">Ambient Air Temperature for Operation<\/td>\n<td>-5~40\u00b0C<\/td>\n<\/tr>\n<tr>\n<td>EU RoHS Directive<\/td>\n<td>Compliant EU RoHS Declaration<\/td>\n<\/tr>\n<tr>\n<td>Pollution Degree<\/td>\n<td>2 comforming to IEC\/EN 60898-1<\/td>\n<\/tr>\n<tr>\n<td width=\"306\">Upper Wiring\u00a0\u00a0\u00a0\u00a0\u00a0\u00a0\u00a0\u00a0\u00a0\u00a0\u00a0\u00a0\u00a0\u00a0\u00a0\u00a0\u00a0\u00a0\u00a0\u00a0\u00a0\u00a0\u00a0 Lower Wiring<\/td>\n<td><img decoding=\"async\" class=\"alignnone  wp-image-1802\" src=\"https:\/\/www.tosunlux.eu\/wp-content\/uploads\/2022\/04\/1-30.jpg\" alt=\"\" width=\"51\" height=\"52\" \/>\u00a0 1-25mm\u00b2\u00a0 \u00a0<img decoding=\"async\" class=\"alignnone  wp-image-1803\" src=\"https:\/\/www.tosunlux.eu\/wp-content\/uploads\/2022\/04\/2-5.jpg\" alt=\"\" width=\"44\" height=\"47\" \/><\/td>\n<\/tr>\n<\/tbody>\n<\/table>\n\n\n<p><strong>Dimensions<\/strong><\/p>\n\n\n\n<figure class=\"wp-block-image size-large\"><img loading=\"lazy\" decoding=\"async\" width=\"1024\" height=\"403\" src=\"https:\/\/www.tosunlux.eu\/wp-content\/uploads\/2022\/04\/2-18-power-distribution-1-3-1024x403.jpg\" alt=\"\" class=\"wp-image-1804\" srcset=\"https:\/\/www.tosunlux.eu\/wp-content\/uploads\/2022\/04\/2-18-power-distribution-1-3-1024x403.jpg 1024w, https:\/\/www.tosunlux.eu\/wp-content\/uploads\/2022\/04\/2-18-power-distribution-1-3-300x118.jpg 300w, https:\/\/www.tosunlux.eu\/wp-content\/uploads\/2022\/04\/2-18-power-distribution-1-3-768x302.jpg 768w, https:\/\/www.tosunlux.eu\/wp-content\/uploads\/2022\/04\/2-18-power-distribution-1-3.jpg 1365w\" sizes=\"(max-width: 1024px) 100vw, 1024px\" \/><\/figure>\n","protected":false},"parent":0,"template":"","product_category":[24,76],"class_list":["post-1794","product","type-product","status-publish","hentry","product_category-power-distribution-system","product_category-mcb"],"yoast_head":"<!-- This site is optimized with the Yoast SEO plugin v27.3 - https:\/\/yoast.com\/product\/yoast-seo-wordpress\/ -->\n<title>WholesaleTSB4-63 Miniature Circuit Breaker - TOSUNlux Official Site - Electrical Circuit Breaker Manufacturer in China Low Voltage Electrical Supplier | TOSUNlux<\/title>\n<meta name=\"description\" content=\"TSB4-63 Miniature Circuit Breaker Supplier - Wholesale direct from TOSUNlux, a trusted manufacturer since 1994. Get your B2B factory quote on our certified Low Voltage electrical products.\" \/>\n<meta name=\"robots\" content=\"index, follow, max-snippet:-1, max-image-preview:large, max-video-preview:-1\" \/>\n<link rel=\"canonical\" href=\"https:\/\/www.tosunlux.eu\/pl\/products\/tsb4-63-miniature-circuit-breaker\/\" \/>\n<meta property=\"og:locale\" content=\"pl_PL\" \/>\n<meta property=\"og:type\" content=\"article\" \/>\n<meta property=\"og:title\" content=\"WholesaleTSB4-63 Miniature Circuit Breaker - TOSUNlux Official Site - Electrical Circuit Breaker Manufacturer in China Low Voltage Electrical Supplier | TOSUNlux\" \/>\n<meta property=\"og:description\" content=\"TSB4-63 Miniature Circuit Breaker Supplier - Wholesale direct from TOSUNlux, a trusted manufacturer since 1994. Get your B2B factory quote on our certified Low Voltage electrical products.\" \/>\n<meta property=\"og:url\" content=\"https:\/\/www.tosunlux.eu\/pl\/products\/tsb4-63-miniature-circuit-breaker\/\" \/>\n<meta property=\"og:site_name\" content=\"TOSUNlux Official Site - Electrical Circuit Breaker Manufacturer in China\" \/>\n<meta property=\"article:publisher\" content=\"https:\/\/www.facebook.com\/TOSUNelectric\/\" \/>\n<meta property=\"article:modified_time\" content=\"2024-12-28T02:00:24+00:00\" \/>\n<meta property=\"og:image\" content=\"https:\/\/www.tosunlux.eu\/wp-content\/uploads\/2022\/04\/2-18-power-distribution-1-2.jpg\" \/>\n<meta name=\"twitter:card\" content=\"summary_large_image\" \/>\n<meta name=\"twitter:label1\" content=\"Szacowany czas czytania\" \/>\n\t<meta name=\"twitter:data1\" content=\"2 minuty\" \/>\n<script type=\"application\/ld+json\" class=\"yoast-schema-graph\">{\"@context\":\"https:\\\/\\\/schema.org\",\"@graph\":[{\"@type\":\"WebPage\",\"@id\":\"https:\\\/\\\/www.tosunlux.eu\\\/ar\\\/products\\\/tsb4-63-miniature-circuit-breaker\\\/\",\"url\":\"https:\\\/\\\/www.tosunlux.eu\\\/ar\\\/products\\\/tsb4-63-miniature-circuit-breaker\\\/\",\"name\":\"WholesaleTSB4-63 Miniature Circuit Breaker - TOSUNlux Official Site - Electrical Circuit Breaker Manufacturer in China Low Voltage Electrical Supplier | TOSUNlux\",\"isPartOf\":{\"@id\":\"https:\\\/\\\/www.tosunlux.eu\\\/ru\\\/#website\"},\"primaryImageOfPage\":{\"@id\":\"https:\\\/\\\/www.tosunlux.eu\\\/ar\\\/products\\\/tsb4-63-miniature-circuit-breaker\\\/#primaryimage\"},\"image\":{\"@id\":\"https:\\\/\\\/www.tosunlux.eu\\\/ar\\\/products\\\/tsb4-63-miniature-circuit-breaker\\\/#primaryimage\"},\"thumbnailUrl\":\"https:\\\/\\\/www.tosunlux.eu\\\/wp-content\\\/uploads\\\/2022\\\/04\\\/2-18-power-distribution-1-2.jpg\",\"datePublished\":\"2022-04-23T08:59:06+00:00\",\"dateModified\":\"2024-12-28T02:00:24+00:00\",\"description\":\"TSB4-63 Miniature Circuit Breaker Supplier - Wholesale direct from TOSUNlux, a trusted manufacturer since 1994. Get your B2B factory quote on our certified Low Voltage electrical products.\",\"breadcrumb\":{\"@id\":\"https:\\\/\\\/www.tosunlux.eu\\\/ar\\\/products\\\/tsb4-63-miniature-circuit-breaker\\\/#breadcrumb\"},\"inLanguage\":\"pl-PL\",\"potentialAction\":[{\"@type\":\"ReadAction\",\"target\":[\"https:\\\/\\\/www.tosunlux.eu\\\/ar\\\/products\\\/tsb4-63-miniature-circuit-breaker\\\/\"]}]},{\"@type\":\"ImageObject\",\"inLanguage\":\"pl-PL\",\"@id\":\"https:\\\/\\\/www.tosunlux.eu\\\/ar\\\/products\\\/tsb4-63-miniature-circuit-breaker\\\/#primaryimage\",\"url\":\"https:\\\/\\\/www.tosunlux.eu\\\/wp-content\\\/uploads\\\/2022\\\/04\\\/2-18-power-distribution-1-2.jpg\",\"contentUrl\":\"https:\\\/\\\/www.tosunlux.eu\\\/wp-content\\\/uploads\\\/2022\\\/04\\\/2-18-power-distribution-1-2.jpg\"},{\"@type\":\"BreadcrumbList\",\"@id\":\"https:\\\/\\\/www.tosunlux.eu\\\/ar\\\/products\\\/tsb4-63-miniature-circuit-breaker\\\/#breadcrumb\",\"itemListElement\":[{\"@type\":\"ListItem\",\"position\":1,\"name\":\"Home\",\"item\":\"https:\\\/\\\/www.tosunlux.eu\\\/ru\\\/\"},{\"@type\":\"ListItem\",\"position\":2,\"name\":\"Products\",\"item\":\"https:\\\/\\\/www.tosunlux.eu\\\/products\\\/\"},{\"@type\":\"ListItem\",\"position\":3,\"name\":\"TSB4-63 Miniature Circuit Breaker\"}]},{\"@type\":\"WebSite\",\"@id\":\"https:\\\/\\\/www.tosunlux.eu\\\/ru\\\/#website\",\"url\":\"https:\\\/\\\/www.tosunlux.eu\\\/ru\\\/\",\"name\":\"TOSUNlux Official Site - Electrical Circuit Breaker Manufacturer in China\",\"description\":\"Power Distribution System Supplier\",\"publisher\":{\"@id\":\"https:\\\/\\\/www.tosunlux.eu\\\/ru\\\/#organization\"},\"alternateName\":\"TOSUNlux\",\"potentialAction\":[{\"@type\":\"SearchAction\",\"target\":{\"@type\":\"EntryPoint\",\"urlTemplate\":\"https:\\\/\\\/www.tosunlux.eu\\\/ru\\\/?s={search_term_string}\"},\"query-input\":{\"@type\":\"PropertyValueSpecification\",\"valueRequired\":true,\"valueName\":\"search_term_string\"}}],\"inLanguage\":\"pl-PL\"},{\"@type\":\"Organization\",\"@id\":\"https:\\\/\\\/www.tosunlux.eu\\\/ru\\\/#organization\",\"name\":\"TOSUNlux\",\"url\":\"https:\\\/\\\/www.tosunlux.eu\\\/ru\\\/\",\"logo\":{\"@type\":\"ImageObject\",\"inLanguage\":\"pl-PL\",\"@id\":\"https:\\\/\\\/www.tosunlux.eu\\\/ru\\\/#\\\/schema\\\/logo\\\/image\\\/\",\"url\":\"https:\\\/\\\/www.tosunlux.eu\\\/wp-content\\\/uploads\\\/2022\\\/01\\\/LOGOSYSM.71762f1.png\",\"contentUrl\":\"https:\\\/\\\/www.tosunlux.eu\\\/wp-content\\\/uploads\\\/2022\\\/01\\\/LOGOSYSM.71762f1.png\",\"width\":153,\"height\":55,\"caption\":\"TOSUNlux\"},\"image\":{\"@id\":\"https:\\\/\\\/www.tosunlux.eu\\\/ru\\\/#\\\/schema\\\/logo\\\/image\\\/\"},\"sameAs\":[\"https:\\\/\\\/www.facebook.com\\\/TOSUNelectric\\\/\",\"https:\\\/\\\/www.linkedin.com\\\/company\\\/wenzhou-tosun-electric-co.-ltd\\\/\"]}]}<\/script>\n<!-- \/ Yoast SEO plugin. -->","yoast_head_json":{"title":"Hurtowy wy\u0142\u0105cznik nadpr\u0105dowy TSB4-63 - Oficjalna strona TOSUNlux - Producent wy\u0142\u0105cznik\u00f3w nadpr\u0105dowych w Chinach Dostawca urz\u0105dze\u0144 elektrycznych niskiego napi\u0119cia | TOSUNlux","description":"Dostawca wy\u0142\u0105cznik\u00f3w nadpr\u0105dowych TSB4-63 \u2014 hurtowo bezpo\u015brednio od TOSUNlux, zaufanego producenta od 1994 roku. Uzyskaj wycen\u0119 fabryczn\u0105 B2B na nasze certyfikowane produkty elektryczne niskiego napi\u0119cia.","robots":{"index":"index","follow":"follow","max-snippet":"max-snippet:-1","max-image-preview":"max-image-preview:large","max-video-preview":"max-video-preview:-1"},"canonical":"https:\/\/www.tosunlux.eu\/pl\/products\/tsb4-63-miniature-circuit-breaker\/","og_locale":"pl_PL","og_type":"article","og_title":"WholesaleTSB4-63 Miniature Circuit Breaker - TOSUNlux Official Site - Electrical Circuit Breaker Manufacturer in China Low Voltage Electrical Supplier | TOSUNlux","og_description":"TSB4-63 Miniature Circuit Breaker Supplier - Wholesale direct from TOSUNlux, a trusted manufacturer since 1994. Get your B2B factory quote on our certified Low Voltage electrical products.","og_url":"https:\/\/www.tosunlux.eu\/pl\/products\/tsb4-63-miniature-circuit-breaker\/","og_site_name":"TOSUNlux Official Site - Electrical Circuit Breaker Manufacturer in China","article_publisher":"https:\/\/www.facebook.com\/TOSUNelectric\/","article_modified_time":"2024-12-28T02:00:24+00:00","og_image":[{"url":"https:\/\/www.tosunlux.eu\/wp-content\/uploads\/2022\/04\/2-18-power-distribution-1-2.jpg","type":"","width":"","height":""}],"twitter_card":"summary_large_image","twitter_misc":{"Szacowany czas czytania":"2 minuty"},"schema":{"@context":"https:\/\/schema.org","@graph":[{"@type":"WebPage","@id":"https:\/\/www.tosunlux.eu\/ar\/products\/tsb4-63-miniature-circuit-breaker\/","url":"https:\/\/www.tosunlux.eu\/ar\/products\/tsb4-63-miniature-circuit-breaker\/","name":"Hurtowy wy\u0142\u0105cznik nadpr\u0105dowy TSB4-63 - Oficjalna strona TOSUNlux - Producent wy\u0142\u0105cznik\u00f3w nadpr\u0105dowych w Chinach Dostawca urz\u0105dze\u0144 elektrycznych niskiego napi\u0119cia | TOSUNlux","isPartOf":{"@id":"https:\/\/www.tosunlux.eu\/ru\/#website"},"primaryImageOfPage":{"@id":"https:\/\/www.tosunlux.eu\/ar\/products\/tsb4-63-miniature-circuit-breaker\/#primaryimage"},"image":{"@id":"https:\/\/www.tosunlux.eu\/ar\/products\/tsb4-63-miniature-circuit-breaker\/#primaryimage"},"thumbnailUrl":"https:\/\/www.tosunlux.eu\/wp-content\/uploads\/2022\/04\/2-18-power-distribution-1-2.jpg","datePublished":"2022-04-23T08:59:06+00:00","dateModified":"2024-12-28T02:00:24+00:00","description":"Dostawca wy\u0142\u0105cznik\u00f3w nadpr\u0105dowych TSB4-63 \u2014 hurtowo bezpo\u015brednio od TOSUNlux, zaufanego producenta od 1994 roku. Uzyskaj wycen\u0119 fabryczn\u0105 B2B na nasze certyfikowane produkty elektryczne niskiego napi\u0119cia.","breadcrumb":{"@id":"https:\/\/www.tosunlux.eu\/ar\/products\/tsb4-63-miniature-circuit-breaker\/#breadcrumb"},"inLanguage":"pl-PL","potentialAction":[{"@type":"ReadAction","target":["https:\/\/www.tosunlux.eu\/ar\/products\/tsb4-63-miniature-circuit-breaker\/"]}]},{"@type":"ImageObject","inLanguage":"pl-PL","@id":"https:\/\/www.tosunlux.eu\/ar\/products\/tsb4-63-miniature-circuit-breaker\/#primaryimage","url":"https:\/\/www.tosunlux.eu\/wp-content\/uploads\/2022\/04\/2-18-power-distribution-1-2.jpg","contentUrl":"https:\/\/www.tosunlux.eu\/wp-content\/uploads\/2022\/04\/2-18-power-distribution-1-2.jpg"},{"@type":"BreadcrumbList","@id":"https:\/\/www.tosunlux.eu\/ar\/products\/tsb4-63-miniature-circuit-breaker\/#breadcrumb","itemListElement":[{"@type":"ListItem","position":1,"name":"Home","item":"https:\/\/www.tosunlux.eu\/ru\/"},{"@type":"ListItem","position":2,"name":"Products","item":"https:\/\/www.tosunlux.eu\/products\/"},{"@type":"ListItem","position":3,"name":"TSB4-63 Miniature Circuit Breaker"}]},{"@type":"WebSite","@id":"https:\/\/www.tosunlux.eu\/ru\/#website","url":"https:\/\/www.tosunlux.eu\/ru\/","name":"Oficjalna strona TOSUNlux - Producent wy\u0142\u0105cznik\u00f3w elektrycznych w Chinach","description":"Dostawca system\u00f3w dystrybucji energii","publisher":{"@id":"https:\/\/www.tosunlux.eu\/ru\/#organization"},"alternateName":"TOSUNlux","potentialAction":[{"@type":"SearchAction","target":{"@type":"EntryPoint","urlTemplate":"https:\/\/www.tosunlux.eu\/ru\/?s={search_term_string}"},"query-input":{"@type":"PropertyValueSpecification","valueRequired":true,"valueName":"search_term_string"}}],"inLanguage":"pl-PL"},{"@type":"Organization","@id":"https:\/\/www.tosunlux.eu\/ru\/#organization","name":"TOSUNlux","url":"https:\/\/www.tosunlux.eu\/ru\/","logo":{"@type":"ImageObject","inLanguage":"pl-PL","@id":"https:\/\/www.tosunlux.eu\/ru\/#\/schema\/logo\/image\/","url":"https:\/\/www.tosunlux.eu\/wp-content\/uploads\/2022\/01\/LOGOSYSM.71762f1.png","contentUrl":"https:\/\/www.tosunlux.eu\/wp-content\/uploads\/2022\/01\/LOGOSYSM.71762f1.png","width":153,"height":55,"caption":"TOSUNlux"},"image":{"@id":"https:\/\/www.tosunlux.eu\/ru\/#\/schema\/logo\/image\/"},"sameAs":["https:\/\/www.facebook.com\/TOSUNelectric\/","https:\/\/www.linkedin.com\/company\/wenzhou-tosun-electric-co.-ltd\/"]}]}},"_links":{"self":[{"href":"https:\/\/www.tosunlux.eu\/pl\/wp-json\/wp\/v2\/product\/1794","targetHints":{"allow":["GET"]}}],"collection":[{"href":"https:\/\/www.tosunlux.eu\/pl\/wp-json\/wp\/v2\/product"}],"about":[{"href":"https:\/\/www.tosunlux.eu\/pl\/wp-json\/wp\/v2\/types\/product"}],"version-history":[{"count":3,"href":"https:\/\/www.tosunlux.eu\/pl\/wp-json\/wp\/v2\/product\/1794\/revisions"}],"predecessor-version":[{"id":12137,"href":"https:\/\/www.tosunlux.eu\/pl\/wp-json\/wp\/v2\/product\/1794\/revisions\/12137"}],"wp:attachment":[{"href":"https:\/\/www.tosunlux.eu\/pl\/wp-json\/wp\/v2\/media?parent=1794"}],"wp:term":[{"taxonomy":"product_category","embeddable":true,"href":"https:\/\/www.tosunlux.eu\/pl\/wp-json\/wp\/v2\/product_category?post=1794"}],"curies":[{"name":"wp","href":"https:\/\/api.w.org\/{rel}","templated":true}]}}