{"id":2116,"date":"2022-04-29T10:32:11","date_gmt":"2022-04-29T02:32:11","guid":{"rendered":"https:\/\/www.tosunlux.eu\/?post_type=product&#038;p=2116"},"modified":"2022-04-29T13:17:10","modified_gmt":"2022-04-29T05:17:10","slug":"pushbutton-switch-b2-bs542","status":"publish","type":"product","link":"https:\/\/www.tosunlux.eu\/pl\/products\/pushbutton-switch-b2-bs542\/","title":{"rendered":"Prze\u0142\u0105cznik przyciskowy B2-BS542"},"content":{"rendered":"<pre class=\"wp-block-verse\">G\u0142owica okr\u0105g\u0142a z chromowan\u0105 metalow\u0105 ramk\u0105 Kompletne jednostki ze \u015brubami i zaciskami kablowymi Wy\u0142\u0105cznik awaryjny Wy\u0142\u0105cznik awaryjny\n\n<\/pre>\n\n\n<table style=\"border-collapse: collapse; width: 264.02pt;\" border=\"0\" width=\"352\" cellspacing=\"0\" cellpadding=\"0\">\n<tbody>\n<tr style=\"height: 13.50pt;\">\n<td class=\"et2\" style=\"height: 13.50pt; width: 67.50pt;\" width=\"90\" height=\"18\">Opis<\/td>\n<td class=\"et2\" style=\"width: 45.00pt;\" width=\"60\">Kontakt<\/td>\n<td class=\"et2\" style=\"width: 36.85pt;\" width=\"49\">Schemat<\/td>\n<td class=\"et2\" style=\"width: 56.25pt;\" width=\"75\">Kolor<\/td>\n<td class=\"et2\" style=\"width: 58.75pt;\" width=\"78\">Model<\/td>\n<\/tr>\n<tr style=\"height: 13.50pt;\">\n<td class=\"et3\" style=\"height: 56.50pt; width: 67.50pt; border-bottom: .5pt solid #000000;\" rowspan=\"4\" width=\"90\" height=\"75\">Grzyb<br>Obr\u00f3\u0107, aby uwolni\u0107<\/td>\n<td class=\"et3\" style=\"width: 45.00pt; border-bottom: .5pt solid #000000;\" rowspan=\"2\" width=\"60\">Brak<\/td>\n<td class=\"et3\" style=\"width: 36.85pt;\" rowspan=\"2\" width=\"49\"><img decoding=\"async\" class=\"alignnone  wp-image-2108\" src=\"https:\/\/www.tosunlux.eu\/wp-content\/uploads\/2022\/04\/36-44-190x300.jpg\" alt=\"\" width=\"29\" height=\"46\" srcset=\"https:\/\/www.tosunlux.eu\/wp-content\/uploads\/2022\/04\/36-44-190x300.jpg 190w, https:\/\/www.tosunlux.eu\/wp-content\/uploads\/2022\/04\/36-44-650x1024.jpg 650w, https:\/\/www.tosunlux.eu\/wp-content\/uploads\/2022\/04\/36-44-768x1211.jpg 768w, https:\/\/www.tosunlux.eu\/wp-content\/uploads\/2022\/04\/36-44-974x1536.jpg 974w, https:\/\/www.tosunlux.eu\/wp-content\/uploads\/2022\/04\/36-44-1299x2048.jpg 1299w, https:\/\/www.tosunlux.eu\/wp-content\/uploads\/2022\/04\/36-44.jpg 1600w\" sizes=\"(max-width: 29px) 100vw, 29px\" \/><\/td>\n<td class=\"et2\" style=\"width: 56.25pt;\" width=\"75\">czerwony \u00d830<\/td>\n<td class=\"et2\" style=\"width: 58.75pt;\" width=\"78\">PB2-BS442<\/td>\n<\/tr>\n<tr style=\"height: 16.00pt;\">\n<td class=\"et2\" style=\"width: 56.25pt;\" width=\"75\">czerwony \u00d840<\/td>\n<td class=\"et2\" style=\"width: 58.75pt;\" width=\"78\">PB2-BS542<\/td>\n<\/tr>\n<tr style=\"height: 13.50pt;\">\n<td class=\"et3\" style=\"width: 45.00pt; border-bottom: .5pt solid #000000;\" rowspan=\"2\" width=\"60\">Brak<\/td>\n<td class=\"et3\" style=\"width: 36.85pt; border-bottom: .5pt solid #000000;\" rowspan=\"2\" width=\"49\"><img decoding=\"async\" class=\"alignnone  wp-image-2108\" src=\"https:\/\/www.tosunlux.eu\/wp-content\/uploads\/2022\/04\/36-44-190x300.jpg\" alt=\"\" width=\"33\" height=\"52\" srcset=\"https:\/\/www.tosunlux.eu\/wp-content\/uploads\/2022\/04\/36-44-190x300.jpg 190w, https:\/\/www.tosunlux.eu\/wp-content\/uploads\/2022\/04\/36-44-650x1024.jpg 650w, https:\/\/www.tosunlux.eu\/wp-content\/uploads\/2022\/04\/36-44-768x1211.jpg 768w, https:\/\/www.tosunlux.eu\/wp-content\/uploads\/2022\/04\/36-44-974x1536.jpg 974w, https:\/\/www.tosunlux.eu\/wp-content\/uploads\/2022\/04\/36-44-1299x2048.jpg 1299w, https:\/\/www.tosunlux.eu\/wp-content\/uploads\/2022\/04\/36-44.jpg 1600w\" sizes=\"(max-width: 33px) 100vw, 33px\" \/><\/td>\n<td class=\"et3\" style=\"width: 56.25pt; border-bottom: .5pt solid #000000;\" rowspan=\"2\" width=\"75\">czerwony \u00d860<\/td>\n<td class=\"et3\" style=\"width: 58.75pt; border-bottom: .5pt solid #000000;\" rowspan=\"2\" width=\"78\">PB2-BS642<\/td>\n<\/tr>\n<\/tbody>\n<\/table>","protected":false},"parent":0,"template":"","product_category":[35,94],"class_list":["post-2116","product","type-product","status-publish","hentry","product_category-industrial-control-devices","product_category-pushbutton-switch"],"yoast_head":"<!-- This site is optimized with the Yoast SEO plugin v27.4 - https:\/\/yoast.com\/product\/yoast-seo-wordpress\/ -->\n<title>WholesalePushbutton Switch B2-BS542 - TOSUNlux Official Site - Electrical Circuit Breaker Manufacturer in China Low Voltage Electrical Supplier | TOSUNlux<\/title>\n<meta name=\"description\" content=\"Pushbutton Switch B2-BS542 Supplier - Wholesale direct from TOSUNlux, a trusted manufacturer since 1994. Get your B2B factory quote on our certified Low Voltage electrical products.\" \/>\n<meta name=\"robots\" content=\"index, follow, max-snippet:-1, max-image-preview:large, max-video-preview:-1\" \/>\n<link rel=\"canonical\" href=\"https:\/\/www.tosunlux.eu\/pl\/products\/pushbutton-switch-b2-bs542\/\" \/>\n<meta property=\"og:locale\" content=\"pl_PL\" \/>\n<meta property=\"og:type\" content=\"article\" \/>\n<meta property=\"og:title\" content=\"WholesalePushbutton Switch B2-BS542 - TOSUNlux Official Site - Electrical Circuit Breaker Manufacturer in China Low Voltage Electrical Supplier | TOSUNlux\" \/>\n<meta property=\"og:description\" content=\"Pushbutton Switch B2-BS542 Supplier - Wholesale direct from TOSUNlux, a trusted manufacturer since 1994. Get your B2B factory quote on our certified Low Voltage electrical products.\" \/>\n<meta property=\"og:url\" content=\"https:\/\/www.tosunlux.eu\/pl\/products\/pushbutton-switch-b2-bs542\/\" \/>\n<meta property=\"og:site_name\" content=\"TOSUNlux Official Site - Electrical Circuit Breaker Manufacturer in China\" \/>\n<meta property=\"article:publisher\" content=\"https:\/\/www.facebook.com\/TOSUNelectric\/\" \/>\n<meta property=\"article:modified_time\" content=\"2022-04-29T05:17:10+00:00\" \/>\n<meta property=\"og:image\" content=\"https:\/\/www.tosunlux.eu\/wp-content\/uploads\/2022\/04\/36-44-190x300.jpg\" \/>\n<meta name=\"twitter:card\" content=\"summary_large_image\" \/>\n<meta name=\"twitter:label1\" content=\"Szacowany czas czytania\" \/>\n\t<meta name=\"twitter:data1\" content=\"1 minuta\" \/>\n<script type=\"application\/ld+json\" class=\"yoast-schema-graph\">{\"@context\":\"https:\\\/\\\/schema.org\",\"@graph\":[{\"@type\":\"WebPage\",\"@id\":\"https:\\\/\\\/www.tosunlux.eu\\\/es\\\/products\\\/pushbutton-switch-b2-bs542\\\/\",\"url\":\"https:\\\/\\\/www.tosunlux.eu\\\/es\\\/products\\\/pushbutton-switch-b2-bs542\\\/\",\"name\":\"WholesalePushbutton Switch B2-BS542 - TOSUNlux Official Site - Electrical Circuit Breaker Manufacturer in China Low Voltage Electrical Supplier | TOSUNlux\",\"isPartOf\":{\"@id\":\"https:\\\/\\\/www.tosunlux.eu\\\/ru\\\/#website\"},\"primaryImageOfPage\":{\"@id\":\"https:\\\/\\\/www.tosunlux.eu\\\/es\\\/products\\\/pushbutton-switch-b2-bs542\\\/#primaryimage\"},\"image\":{\"@id\":\"https:\\\/\\\/www.tosunlux.eu\\\/es\\\/products\\\/pushbutton-switch-b2-bs542\\\/#primaryimage\"},\"thumbnailUrl\":\"https:\\\/\\\/www.tosunlux.eu\\\/wp-content\\\/uploads\\\/2022\\\/04\\\/36-44-190x300.jpg\",\"datePublished\":\"2022-04-29T02:32:11+00:00\",\"dateModified\":\"2022-04-29T05:17:10+00:00\",\"description\":\"Pushbutton Switch B2-BS542 Supplier - Wholesale direct from TOSUNlux, a trusted manufacturer since 1994. Get your B2B factory quote on our certified Low Voltage electrical products.\",\"breadcrumb\":{\"@id\":\"https:\\\/\\\/www.tosunlux.eu\\\/es\\\/products\\\/pushbutton-switch-b2-bs542\\\/#breadcrumb\"},\"inLanguage\":\"pl-PL\",\"potentialAction\":[{\"@type\":\"ReadAction\",\"target\":[\"https:\\\/\\\/www.tosunlux.eu\\\/es\\\/products\\\/pushbutton-switch-b2-bs542\\\/\"]}]},{\"@type\":\"ImageObject\",\"inLanguage\":\"pl-PL\",\"@id\":\"https:\\\/\\\/www.tosunlux.eu\\\/es\\\/products\\\/pushbutton-switch-b2-bs542\\\/#primaryimage\",\"url\":\"https:\\\/\\\/www.tosunlux.eu\\\/wp-content\\\/uploads\\\/2022\\\/04\\\/36-44-190x300.jpg\",\"contentUrl\":\"https:\\\/\\\/www.tosunlux.eu\\\/wp-content\\\/uploads\\\/2022\\\/04\\\/36-44-190x300.jpg\"},{\"@type\":\"BreadcrumbList\",\"@id\":\"https:\\\/\\\/www.tosunlux.eu\\\/es\\\/products\\\/pushbutton-switch-b2-bs542\\\/#breadcrumb\",\"itemListElement\":[{\"@type\":\"ListItem\",\"position\":1,\"name\":\"Home\",\"item\":\"https:\\\/\\\/www.tosunlux.eu\\\/ru\\\/\"},{\"@type\":\"ListItem\",\"position\":2,\"name\":\"Products\",\"item\":\"https:\\\/\\\/www.tosunlux.eu\\\/products\\\/\"},{\"@type\":\"ListItem\",\"position\":3,\"name\":\"Pushbutton Switch B2-BS542\"}]},{\"@type\":\"WebSite\",\"@id\":\"https:\\\/\\\/www.tosunlux.eu\\\/ru\\\/#website\",\"url\":\"https:\\\/\\\/www.tosunlux.eu\\\/ru\\\/\",\"name\":\"TOSUNlux Official Site - Electrical Circuit Breaker Manufacturer in China\",\"description\":\"Power Distribution System Supplier\",\"publisher\":{\"@id\":\"https:\\\/\\\/www.tosunlux.eu\\\/ru\\\/#organization\"},\"alternateName\":\"TOSUNlux\",\"potentialAction\":[{\"@type\":\"SearchAction\",\"target\":{\"@type\":\"EntryPoint\",\"urlTemplate\":\"https:\\\/\\\/www.tosunlux.eu\\\/ru\\\/?s={search_term_string}\"},\"query-input\":{\"@type\":\"PropertyValueSpecification\",\"valueRequired\":true,\"valueName\":\"search_term_string\"}}],\"inLanguage\":\"pl-PL\"},{\"@type\":\"Organization\",\"@id\":\"https:\\\/\\\/www.tosunlux.eu\\\/ru\\\/#organization\",\"name\":\"TOSUNlux\",\"url\":\"https:\\\/\\\/www.tosunlux.eu\\\/ru\\\/\",\"logo\":{\"@type\":\"ImageObject\",\"inLanguage\":\"pl-PL\",\"@id\":\"https:\\\/\\\/www.tosunlux.eu\\\/ru\\\/#\\\/schema\\\/logo\\\/image\\\/\",\"url\":\"https:\\\/\\\/www.tosunlux.eu\\\/wp-content\\\/uploads\\\/2022\\\/01\\\/LOGOSYSM.71762f1.png\",\"contentUrl\":\"https:\\\/\\\/www.tosunlux.eu\\\/wp-content\\\/uploads\\\/2022\\\/01\\\/LOGOSYSM.71762f1.png\",\"width\":153,\"height\":55,\"caption\":\"TOSUNlux\"},\"image\":{\"@id\":\"https:\\\/\\\/www.tosunlux.eu\\\/ru\\\/#\\\/schema\\\/logo\\\/image\\\/\"},\"sameAs\":[\"https:\\\/\\\/www.facebook.com\\\/TOSUNelectric\\\/\",\"https:\\\/\\\/www.linkedin.com\\\/company\\\/wenzhou-tosun-electric-co.-ltd\\\/\"]}]}<\/script>\n<!-- \/ Yoast SEO plugin. -->","yoast_head_json":{"title":"WholesalePushbutton Switch B2-BS542 - TOSUNlux Official Site - Electrical Circuit Breaker Manufacturer in China Low Voltage Electrical Supplier | TOSUNlux","description":"Pushbutton Switch B2-BS542 Supplier - Wholesale direct from TOSUNlux, a trusted manufacturer since 1994. Get your B2B factory quote on our certified Low Voltage electrical products.","robots":{"index":"index","follow":"follow","max-snippet":"max-snippet:-1","max-image-preview":"max-image-preview:large","max-video-preview":"max-video-preview:-1"},"canonical":"https:\/\/www.tosunlux.eu\/pl\/products\/pushbutton-switch-b2-bs542\/","og_locale":"pl_PL","og_type":"article","og_title":"WholesalePushbutton Switch B2-BS542 - TOSUNlux Official Site - Electrical Circuit Breaker Manufacturer in China Low Voltage Electrical Supplier | TOSUNlux","og_description":"Pushbutton Switch B2-BS542 Supplier - Wholesale direct from TOSUNlux, a trusted manufacturer since 1994. Get your B2B factory quote on our certified Low Voltage electrical products.","og_url":"https:\/\/www.tosunlux.eu\/pl\/products\/pushbutton-switch-b2-bs542\/","og_site_name":"TOSUNlux Official Site - Electrical Circuit Breaker Manufacturer in China","article_publisher":"https:\/\/www.facebook.com\/TOSUNelectric\/","article_modified_time":"2022-04-29T05:17:10+00:00","og_image":[{"url":"https:\/\/www.tosunlux.eu\/wp-content\/uploads\/2022\/04\/36-44-190x300.jpg","type":"","width":"","height":""}],"twitter_card":"summary_large_image","twitter_misc":{"Szacowany czas czytania":"1 minuta"},"schema":{"@context":"https:\/\/schema.org","@graph":[{"@type":"WebPage","@id":"https:\/\/www.tosunlux.eu\/es\/products\/pushbutton-switch-b2-bs542\/","url":"https:\/\/www.tosunlux.eu\/es\/products\/pushbutton-switch-b2-bs542\/","name":"WholesalePushbutton Switch B2-BS542 - TOSUNlux Official Site - Electrical Circuit Breaker Manufacturer in China Low Voltage Electrical Supplier | TOSUNlux","isPartOf":{"@id":"https:\/\/www.tosunlux.eu\/ru\/#website"},"primaryImageOfPage":{"@id":"https:\/\/www.tosunlux.eu\/es\/products\/pushbutton-switch-b2-bs542\/#primaryimage"},"image":{"@id":"https:\/\/www.tosunlux.eu\/es\/products\/pushbutton-switch-b2-bs542\/#primaryimage"},"thumbnailUrl":"https:\/\/www.tosunlux.eu\/wp-content\/uploads\/2022\/04\/36-44-190x300.jpg","datePublished":"2022-04-29T02:32:11+00:00","dateModified":"2022-04-29T05:17:10+00:00","description":"Pushbutton Switch B2-BS542 Supplier - Wholesale direct from TOSUNlux, a trusted manufacturer since 1994. Get your B2B factory quote on our certified Low Voltage electrical products.","breadcrumb":{"@id":"https:\/\/www.tosunlux.eu\/es\/products\/pushbutton-switch-b2-bs542\/#breadcrumb"},"inLanguage":"pl-PL","potentialAction":[{"@type":"ReadAction","target":["https:\/\/www.tosunlux.eu\/es\/products\/pushbutton-switch-b2-bs542\/"]}]},{"@type":"ImageObject","inLanguage":"pl-PL","@id":"https:\/\/www.tosunlux.eu\/es\/products\/pushbutton-switch-b2-bs542\/#primaryimage","url":"https:\/\/www.tosunlux.eu\/wp-content\/uploads\/2022\/04\/36-44-190x300.jpg","contentUrl":"https:\/\/www.tosunlux.eu\/wp-content\/uploads\/2022\/04\/36-44-190x300.jpg"},{"@type":"BreadcrumbList","@id":"https:\/\/www.tosunlux.eu\/es\/products\/pushbutton-switch-b2-bs542\/#breadcrumb","itemListElement":[{"@type":"ListItem","position":1,"name":"Home","item":"https:\/\/www.tosunlux.eu\/ru\/"},{"@type":"ListItem","position":2,"name":"Products","item":"https:\/\/www.tosunlux.eu\/products\/"},{"@type":"ListItem","position":3,"name":"Pushbutton Switch B2-BS542"}]},{"@type":"WebSite","@id":"https:\/\/www.tosunlux.eu\/ru\/#website","url":"https:\/\/www.tosunlux.eu\/ru\/","name":"Oficjalna strona TOSUNlux - Producent wy\u0142\u0105cznik\u00f3w elektrycznych w Chinach","description":"Dostawca system\u00f3w dystrybucji energii","publisher":{"@id":"https:\/\/www.tosunlux.eu\/ru\/#organization"},"alternateName":"TOSUNlux","potentialAction":[{"@type":"SearchAction","target":{"@type":"EntryPoint","urlTemplate":"https:\/\/www.tosunlux.eu\/ru\/?s={search_term_string}"},"query-input":{"@type":"PropertyValueSpecification","valueRequired":true,"valueName":"search_term_string"}}],"inLanguage":"pl-PL"},{"@type":"Organization","@id":"https:\/\/www.tosunlux.eu\/ru\/#organization","name":"TOSUNlux","url":"https:\/\/www.tosunlux.eu\/ru\/","logo":{"@type":"ImageObject","inLanguage":"pl-PL","@id":"https:\/\/www.tosunlux.eu\/ru\/#\/schema\/logo\/image\/","url":"https:\/\/www.tosunlux.eu\/wp-content\/uploads\/2022\/01\/LOGOSYSM.71762f1.png","contentUrl":"https:\/\/www.tosunlux.eu\/wp-content\/uploads\/2022\/01\/LOGOSYSM.71762f1.png","width":153,"height":55,"caption":"TOSUNlux"},"image":{"@id":"https:\/\/www.tosunlux.eu\/ru\/#\/schema\/logo\/image\/"},"sameAs":["https:\/\/www.facebook.com\/TOSUNelectric\/","https:\/\/www.linkedin.com\/company\/wenzhou-tosun-electric-co.-ltd\/"]}]}},"_links":{"self":[{"href":"https:\/\/www.tosunlux.eu\/pl\/wp-json\/wp\/v2\/product\/2116","targetHints":{"allow":["GET"]}}],"collection":[{"href":"https:\/\/www.tosunlux.eu\/pl\/wp-json\/wp\/v2\/product"}],"about":[{"href":"https:\/\/www.tosunlux.eu\/pl\/wp-json\/wp\/v2\/types\/product"}],"version-history":[{"count":0,"href":"https:\/\/www.tosunlux.eu\/pl\/wp-json\/wp\/v2\/product\/2116\/revisions"}],"wp:attachment":[{"href":"https:\/\/www.tosunlux.eu\/pl\/wp-json\/wp\/v2\/media?parent=2116"}],"wp:term":[{"taxonomy":"product_category","embeddable":true,"href":"https:\/\/www.tosunlux.eu\/pl\/wp-json\/wp\/v2\/product_category?post=2116"}],"curies":[{"name":"wp","href":"https:\/\/api.w.org\/{rel}","templated":true}]}}