{"id":2139,"date":"2022-04-29T15:42:53","date_gmt":"2022-04-29T07:42:53","guid":{"rendered":"https:\/\/www.tosunlux.eu\/?post_type=product&#038;p=2139"},"modified":"2025-01-09T15:51:56","modified_gmt":"2025-01-09T07:51:56","slug":"tsw8-intelligent-circuit-breaker","status":"publish","type":"product","link":"https:\/\/www.tosunlux.eu\/pl\/products\/tsw8-intelligent-circuit-breaker\/","title":{"rendered":"Inteligentny wy\u0142\u0105cznik automatyczny TSW8"},"content":{"rendered":"<figure class=\"wp-block-image size-full is-resized\"><img decoding=\"async\" src=\"https:\/\/www.tosunlux.eu\/wp-content\/uploads\/2025\/01\/\u8ba4\u8bc1-1.jpg\" alt=\"\" class=\"wp-image-12242\" width=\"81\" height=\"127\"\/><\/figure>\n\n\n\n<p><strong>Aplikacja<\/strong><\/p>\n\n\n\n<p>Inteligentny wy\u0142\u0105cznik automatyczny serii TSW8 jest odpowiedni do obwodu AC 50\/60Hz o napi\u0119ciu znamionowym 400V, 690V i pr\u0105dzie znamionowym do 6300A. Jest g\u0142\u00f3wnie stosowany do dystrybucji energii elektrycznej, a tak\u017ce do ochrony obwod\u00f3w i urz\u0105dze\u0144 zasilaj\u0105cych przed przeci\u0105\u017ceniem, niedoborem napi\u0119cia, zwarciem i uziemieniem jednofazowym. Dzi\u0119ki inteligentnym i selektywnym funkcjom ochrony wy\u0142\u0105cznik mo\u017ce poprawi\u0107 niezawodno\u015b\u0107 zasilania i unikn\u0105\u0107 niepotrzebnych przerw w dostawie pr\u0105du. Wy\u0142\u0105cznik jest stosowany w elektrowniach, fabrykach, kopalniach (dla 690V) i nowoczesnych budynkach wysokich, szczeg\u00f3lnie w systemie dystrybucji inteligentnego budynku. Produkty z norm\u0105 IEC60947-2.<\/p>\n\n\n\n<p><strong> Specyfikacja <\/strong><\/p>\n\n\n<table style=\"height: 615px;\" width=\"933\">\n<tbody>\n<tr>\n<td colspan=\"2\" width=\"215\">Model<\/td>\n<td style=\"text-align: center;\" width=\"94\">TSW8-1600<\/td>\n<td style=\"text-align: center;\" width=\"97\">TSW8-2000<\/td>\n<td style=\"text-align: center;\" width=\"95\">TSW8-3200<\/td>\n<td style=\"text-align: center;\" width=\"92\">TSW8-4000<\/td>\n<td style=\"text-align: center;\" width=\"93\">TSW8-6300<\/td>\n<\/tr>\n<tr>\n<td colspan=\"2\" width=\"215\">Pr\u0105d znamionowy ramy Inm (A)<\/td>\n<td style=\"text-align: center;\" width=\"94\">1600&nbsp;<\/td>\n<td style=\"text-align: center;\" width=\"97\">2000&nbsp;<\/td>\n<td style=\"text-align: center;\" width=\"95\">3200&nbsp;<\/td>\n<td style=\"text-align: center;\" width=\"92\">4000&nbsp;<\/td>\n<td style=\"text-align: center;\" width=\"93\">6300&nbsp;<\/td>\n<\/tr>\n<tr>\n<td colspan=\"2\" width=\"215\">Liczba biegun\u00f3w<\/td>\n<td style=\"text-align: center;\" width=\"94\">34<\/td>\n<td style=\"text-align: center;\" width=\"97\">34<\/td>\n<td style=\"text-align: center;\" width=\"95\">34<\/td>\n<td style=\"text-align: center;\" width=\"92\">34<\/td>\n<td style=\"text-align: center;\" width=\"93\">34<\/td>\n<\/tr>\n<tr>\n<td colspan=\"2\" width=\"215\">Pr\u0105d znamionowy w (A)<\/td>\n<td style=\"text-align: center;\" width=\"94\">&nbsp;&nbsp;&nbsp;&nbsp;&nbsp; 400 , 630 ,<br>&nbsp;&nbsp;&nbsp;&nbsp;&nbsp; 800 , 1000 ,<br>&nbsp;&nbsp;&nbsp;&nbsp;&nbsp; 1250 , 1600<\/td>\n<td style=\"text-align: center;\" width=\"97\">&nbsp;&nbsp;&nbsp;&nbsp; 630 , 800 ,<br>&nbsp;&nbsp;&nbsp;&nbsp; 1000 , 1250 ,<br>&nbsp;&nbsp;&nbsp;&nbsp; 1600 , 2000<\/td>\n<td style=\"text-align: center;\" width=\"95\">&nbsp;&nbsp;&nbsp;&nbsp; 2000 , 2500 ,<br>&nbsp;&nbsp;&nbsp;&nbsp; 2900 ,3200<\/td>\n<td style=\"text-align: center;\" width=\"92\">36,004,000<\/td>\n<td style=\"text-align: center;\" width=\"93\">&nbsp;&nbsp;&nbsp; 4000 , 5000 ,<br>&nbsp;&nbsp;&nbsp;&nbsp;&nbsp;&nbsp;&nbsp;&nbsp;&nbsp; 6300<\/td>\n<\/tr>\n<tr>\n<td rowspan=\"2\" width=\"118\">OIOM (oddzia\u0142 intensywnej terapii)<\/td>\n<td style=\"text-align: center;\" width=\"97\">400 V<\/td>\n<td style=\"text-align: center;\" width=\"94\">50&nbsp;<\/td>\n<td style=\"text-align: center;\" width=\"97\">65&nbsp;<\/td>\n<td style=\"text-align: center;\" width=\"95\">80&nbsp;<\/td>\n<td style=\"text-align: center;\" width=\"92\">80&nbsp;<\/td>\n<td style=\"text-align: center;\" width=\"93\">120&nbsp;<\/td>\n<\/tr>\n<tr>\n<td style=\"text-align: center;\" width=\"97\">690 V<\/td>\n<td style=\"text-align: center;\" width=\"94\">35&nbsp;<\/td>\n<td style=\"text-align: center;\" width=\"97\">50&nbsp;<\/td>\n<td style=\"text-align: center;\" width=\"95\">65&nbsp;<\/td>\n<td style=\"text-align: center;\" width=\"92\">65&nbsp;<\/td>\n<td style=\"text-align: center;\" width=\"93\">85&nbsp;<\/td>\n<\/tr>\n<tr>\n<td rowspan=\"2\" width=\"118\">Ics (kA)<\/td>\n<td style=\"text-align: center;\" width=\"97\">400 V<\/td>\n<td style=\"text-align: center;\" width=\"94\">42&nbsp;<\/td>\n<td style=\"text-align: center;\" width=\"97\">50&nbsp;<\/td>\n<td style=\"text-align: center;\" width=\"95\">65&nbsp;<\/td>\n<td style=\"text-align: center;\" width=\"92\">65&nbsp;<\/td>\n<td style=\"text-align: center;\" width=\"93\">100&nbsp;<\/td>\n<\/tr>\n<tr>\n<td style=\"text-align: center;\" width=\"97\">690 V<\/td>\n<td style=\"text-align: center;\" width=\"94\">35&nbsp;<\/td>\n<td style=\"text-align: center;\" width=\"97\">40&nbsp;<\/td>\n<td style=\"text-align: center;\" width=\"95\">50&nbsp;<\/td>\n<td style=\"text-align: center;\" width=\"92\">50&nbsp;<\/td>\n<td style=\"text-align: center;\" width=\"93\">75&nbsp;<\/td>\n<\/tr>\n<tr>\n<td colspan=\"2\" width=\"215\">Pr\u0105d znamionowy na biegunie N (A)<\/td>\n<td style=\"text-align: center;\" width=\"94\">100% W<\/td>\n<td style=\"text-align: center;\" width=\"97\">100% W<\/td>\n<td style=\"text-align: center;\" width=\"95\">100% W<\/td>\n<td style=\"text-align: center;\" width=\"92\">50% W<\/td>\n<td style=\"text-align: center;\" width=\"93\">50% W<\/td>\n<\/tr>\n<tr>\n<td colspan=\"2\" width=\"215\">Nieod\u0142\u0105czny czas tworzenia i \u0142amania<\/td>\n<td style=\"text-align: center;\" colspan=\"5\" width=\"474\">30ms<\/td>\n<\/tr>\n<tr>\n<td colspan=\"2\" width=\"215\">\u017bycie elektryczne (czasy)<\/td>\n<td style=\"text-align: center;\" width=\"94\">1500&nbsp;<\/td>\n<td style=\"text-align: center;\" width=\"97\">1500&nbsp;<\/td>\n<td style=\"text-align: center;\" width=\"95\">1000&nbsp;<\/td>\n<td style=\"text-align: center;\" width=\"92\">500&nbsp;<\/td>\n<td style=\"text-align: center;\" width=\"93\">500&nbsp;<\/td>\n<\/tr>\n<tr>\n<td colspan=\"2\" width=\"215\">\u017bywotno\u015b\u0107 mechaniczna (razy)<\/td>\n<td style=\"text-align: center;\" width=\"94\">5000&nbsp;<\/td>\n<td style=\"text-align: center;\" width=\"97\">5000&nbsp;<\/td>\n<td style=\"text-align: center;\" width=\"95\">4000&nbsp;<\/td>\n<td style=\"text-align: center;\" width=\"92\">2500&nbsp;<\/td>\n<td style=\"text-align: center;\" width=\"93\">2500&nbsp;<\/td>\n<\/tr>\n<tr>\n<td colspan=\"2\" width=\"215\">Tryb montowania<\/td>\n<td style=\"text-align: center;\" colspan=\"5\" width=\"474\">Typ sta\u0142y lub typ wycofywalny<\/td>\n<\/tr>\n<tr>\n<td colspan=\"2\" width=\"215\">Odleg\u0142o\u015b\u0107 \u0142uku (mm)<\/td>\n<td style=\"text-align: center;\" colspan=\"5\" width=\"474\">\u2013<\/td>\n<\/tr>\n<tr>\n<td colspan=\"2\" width=\"215\">Inteligentny kontroler<\/td>\n<td style=\"text-align: center;\" colspan=\"5\" width=\"474\">Typ standardowy (M), typ telekomunikacyjny (H)<\/td>\n<\/tr>\n<\/tbody>\n<\/table>\n\n\n<p><strong>Sta\u0142y diagram struktury typu<\/strong><\/p>\n\n\n\n<figure class=\"wp-block-image size-large is-resized\"><img fetchpriority=\"high\" decoding=\"async\" src=\"https:\/\/www.tosunlux.eu\/wp-content\/uploads\/2025\/01\/1-11-1024x684.jpg\" alt=\"\" class=\"wp-image-12243\" width=\"905\" height=\"605\" srcset=\"https:\/\/www.tosunlux.eu\/wp-content\/uploads\/2025\/01\/1-11-1024x684.jpg 1024w, https:\/\/www.tosunlux.eu\/wp-content\/uploads\/2025\/01\/1-11-300x200.jpg 300w, https:\/\/www.tosunlux.eu\/wp-content\/uploads\/2025\/01\/1-11-768x513.jpg 768w, https:\/\/www.tosunlux.eu\/wp-content\/uploads\/2025\/01\/1-11-1536x1026.jpg 1536w, https:\/\/www.tosunlux.eu\/wp-content\/uploads\/2025\/01\/1-11-18x12.jpg 18w, https:\/\/www.tosunlux.eu\/wp-content\/uploads\/2025\/01\/1-11.jpg 1809w\" sizes=\"(max-width: 905px) 100vw, 905px\" \/><\/figure>\n\n\n\n<p><strong>Schemat struktury szuflady<\/strong><\/p>\n\n\n\n<figure class=\"wp-block-image size-large is-resized\"><img decoding=\"async\" src=\"https:\/\/www.tosunlux.eu\/wp-content\/uploads\/2025\/01\/2-6-1024x650.jpg\" alt=\"\" class=\"wp-image-12244\" width=\"970\" height=\"616\" srcset=\"https:\/\/www.tosunlux.eu\/wp-content\/uploads\/2025\/01\/2-6-1024x650.jpg 1024w, https:\/\/www.tosunlux.eu\/wp-content\/uploads\/2025\/01\/2-6-300x191.jpg 300w, https:\/\/www.tosunlux.eu\/wp-content\/uploads\/2025\/01\/2-6-768x488.jpg 768w, https:\/\/www.tosunlux.eu\/wp-content\/uploads\/2025\/01\/2-6-1536x975.jpg 1536w, https:\/\/www.tosunlux.eu\/wp-content\/uploads\/2025\/01\/2-6-18x12.jpg 18w, https:\/\/www.tosunlux.eu\/wp-content\/uploads\/2025\/01\/2-6.jpg 1910w\" sizes=\"(max-width: 970px) 100vw, 970px\" \/><\/figure>","protected":false},"parent":0,"template":"","product_category":[24,85],"class_list":["post-2139","product","type-product","status-publish","hentry","product_category-power-distribution-system","product_category-intelligent-circuit-breaker"],"yoast_head":"<!-- This site is optimized with the Yoast SEO plugin v27.5 - https:\/\/yoast.com\/product\/yoast-seo-wordpress\/ -->\n<title>WholesaleTSW8 Intelligent Circuit Breaker - TOSUNlux Official Site - Electrical Circuit Breaker Manufacturer in China Low Voltage Electrical Supplier | TOSUNlux<\/title>\n<meta name=\"description\" content=\"TSW8 Intelligent Circuit Breaker Supplier - Wholesale direct from TOSUNlux, a trusted manufacturer since 1994. Get your B2B factory quote on our certified Low Voltage electrical products.\" \/>\n<meta name=\"robots\" content=\"index, follow, max-snippet:-1, max-image-preview:large, max-video-preview:-1\" \/>\n<link rel=\"canonical\" href=\"https:\/\/www.tosunlux.eu\/pl\/products\/tsw8-intelligent-circuit-breaker\/\" \/>\n<meta property=\"og:locale\" content=\"pl_PL\" \/>\n<meta property=\"og:type\" content=\"article\" \/>\n<meta property=\"og:title\" content=\"WholesaleTSW8 Intelligent Circuit Breaker - TOSUNlux Official Site - Electrical Circuit Breaker Manufacturer in China Low Voltage Electrical Supplier | TOSUNlux\" \/>\n<meta property=\"og:description\" content=\"TSW8 Intelligent Circuit Breaker Supplier - Wholesale direct from TOSUNlux, a trusted manufacturer since 1994. Get your B2B factory quote on our certified Low Voltage electrical products.\" \/>\n<meta property=\"og:url\" content=\"https:\/\/www.tosunlux.eu\/pl\/products\/tsw8-intelligent-circuit-breaker\/\" \/>\n<meta property=\"og:site_name\" content=\"TOSUNlux Official Site - Electrical Circuit Breaker Manufacturer in China\" \/>\n<meta property=\"article:publisher\" content=\"https:\/\/www.facebook.com\/TOSUNelectric\/\" \/>\n<meta property=\"article:modified_time\" content=\"2025-01-09T07:51:56+00:00\" \/>\n<meta property=\"og:image\" content=\"https:\/\/www.tosunlux.eu\/wp-content\/uploads\/2025\/01\/1-11-1024x684.jpg\" \/>\n<meta name=\"twitter:card\" content=\"summary_large_image\" \/>\n<meta name=\"twitter:label1\" content=\"Szacowany czas czytania\" \/>\n\t<meta name=\"twitter:data1\" content=\"2 minuty\" \/>\n<script type=\"application\/ld+json\" class=\"yoast-schema-graph\">{\"@context\":\"https:\\\/\\\/schema.org\",\"@graph\":[{\"@type\":\"WebPage\",\"@id\":\"https:\\\/\\\/www.tosunlux.eu\\\/pl\\\/products\\\/tsw8-intelligent-circuit-breaker\\\/\",\"url\":\"https:\\\/\\\/www.tosunlux.eu\\\/pl\\\/products\\\/tsw8-intelligent-circuit-breaker\\\/\",\"name\":\"WholesaleTSW8 Intelligent Circuit Breaker - TOSUNlux Official Site - Electrical Circuit Breaker Manufacturer in China Low Voltage Electrical Supplier | TOSUNlux\",\"isPartOf\":{\"@id\":\"https:\\\/\\\/www.tosunlux.eu\\\/ru\\\/#website\"},\"primaryImageOfPage\":{\"@id\":\"https:\\\/\\\/www.tosunlux.eu\\\/pl\\\/products\\\/tsw8-intelligent-circuit-breaker\\\/#primaryimage\"},\"image\":{\"@id\":\"https:\\\/\\\/www.tosunlux.eu\\\/pl\\\/products\\\/tsw8-intelligent-circuit-breaker\\\/#primaryimage\"},\"thumbnailUrl\":\"https:\\\/\\\/www.tosunlux.eu\\\/wp-content\\\/uploads\\\/2025\\\/01\\\/1-11-1024x684.jpg\",\"datePublished\":\"2022-04-29T07:42:53+00:00\",\"dateModified\":\"2025-01-09T07:51:56+00:00\",\"description\":\"TSW8 Intelligent Circuit Breaker Supplier - Wholesale direct from TOSUNlux, a trusted manufacturer since 1994. Get your B2B factory quote on our certified Low Voltage electrical products.\",\"breadcrumb\":{\"@id\":\"https:\\\/\\\/www.tosunlux.eu\\\/pl\\\/products\\\/tsw8-intelligent-circuit-breaker\\\/#breadcrumb\"},\"inLanguage\":\"pl-PL\",\"potentialAction\":[{\"@type\":\"ReadAction\",\"target\":[\"https:\\\/\\\/www.tosunlux.eu\\\/pl\\\/products\\\/tsw8-intelligent-circuit-breaker\\\/\"]}]},{\"@type\":\"ImageObject\",\"inLanguage\":\"pl-PL\",\"@id\":\"https:\\\/\\\/www.tosunlux.eu\\\/pl\\\/products\\\/tsw8-intelligent-circuit-breaker\\\/#primaryimage\",\"url\":\"https:\\\/\\\/www.tosunlux.eu\\\/wp-content\\\/uploads\\\/2025\\\/01\\\/1-11-1024x684.jpg\",\"contentUrl\":\"https:\\\/\\\/www.tosunlux.eu\\\/wp-content\\\/uploads\\\/2025\\\/01\\\/1-11-1024x684.jpg\"},{\"@type\":\"BreadcrumbList\",\"@id\":\"https:\\\/\\\/www.tosunlux.eu\\\/pl\\\/products\\\/tsw8-intelligent-circuit-breaker\\\/#breadcrumb\",\"itemListElement\":[{\"@type\":\"ListItem\",\"position\":1,\"name\":\"Home\",\"item\":\"https:\\\/\\\/www.tosunlux.eu\\\/ru\\\/\"},{\"@type\":\"ListItem\",\"position\":2,\"name\":\"Products\",\"item\":\"https:\\\/\\\/www.tosunlux.eu\\\/products\\\/\"},{\"@type\":\"ListItem\",\"position\":3,\"name\":\"TSW8 Intelligent Circuit Breaker\"}]},{\"@type\":\"WebSite\",\"@id\":\"https:\\\/\\\/www.tosunlux.eu\\\/ru\\\/#website\",\"url\":\"https:\\\/\\\/www.tosunlux.eu\\\/ru\\\/\",\"name\":\"TOSUNlux Official Site - Electrical Circuit Breaker Manufacturer in China\",\"description\":\"Power Distribution System Supplier\",\"publisher\":{\"@id\":\"https:\\\/\\\/www.tosunlux.eu\\\/ru\\\/#organization\"},\"alternateName\":\"TOSUNlux\",\"potentialAction\":[{\"@type\":\"SearchAction\",\"target\":{\"@type\":\"EntryPoint\",\"urlTemplate\":\"https:\\\/\\\/www.tosunlux.eu\\\/ru\\\/?s={search_term_string}\"},\"query-input\":{\"@type\":\"PropertyValueSpecification\",\"valueRequired\":true,\"valueName\":\"search_term_string\"}}],\"inLanguage\":\"pl-PL\"},{\"@type\":\"Organization\",\"@id\":\"https:\\\/\\\/www.tosunlux.eu\\\/ru\\\/#organization\",\"name\":\"TOSUNlux\",\"url\":\"https:\\\/\\\/www.tosunlux.eu\\\/ru\\\/\",\"logo\":{\"@type\":\"ImageObject\",\"inLanguage\":\"pl-PL\",\"@id\":\"https:\\\/\\\/www.tosunlux.eu\\\/ru\\\/#\\\/schema\\\/logo\\\/image\\\/\",\"url\":\"https:\\\/\\\/www.tosunlux.eu\\\/wp-content\\\/uploads\\\/2022\\\/01\\\/LOGOSYSM.71762f1.png\",\"contentUrl\":\"https:\\\/\\\/www.tosunlux.eu\\\/wp-content\\\/uploads\\\/2022\\\/01\\\/LOGOSYSM.71762f1.png\",\"width\":153,\"height\":55,\"caption\":\"TOSUNlux\"},\"image\":{\"@id\":\"https:\\\/\\\/www.tosunlux.eu\\\/ru\\\/#\\\/schema\\\/logo\\\/image\\\/\"},\"sameAs\":[\"https:\\\/\\\/www.facebook.com\\\/TOSUNelectric\\\/\",\"https:\\\/\\\/www.linkedin.com\\\/company\\\/wenzhou-tosun-electric-co.-ltd\\\/\"]}]}<\/script>\n<!-- \/ Yoast SEO plugin. -->","yoast_head_json":{"title":"Hurtowy inteligentny wy\u0142\u0105cznik automatyczny TSW8 - Oficjalna strona TOSUNlux - Producent wy\u0142\u0105cznik\u00f3w automatycznych w Chinach Dostawca urz\u0105dze\u0144 elektrycznych niskiego napi\u0119cia | TOSUNlux","description":"Dostawca inteligentnych wy\u0142\u0105cznik\u00f3w TSW8 \u2014 hurtowo bezpo\u015brednio od TOSUNlux, zaufanego producenta od 1994 roku. Uzyskaj wycen\u0119 fabryczn\u0105 B2B na nasze certyfikowane produkty elektryczne niskiego napi\u0119cia.","robots":{"index":"index","follow":"follow","max-snippet":"max-snippet:-1","max-image-preview":"max-image-preview:large","max-video-preview":"max-video-preview:-1"},"canonical":"https:\/\/www.tosunlux.eu\/pl\/products\/tsw8-intelligent-circuit-breaker\/","og_locale":"pl_PL","og_type":"article","og_title":"WholesaleTSW8 Intelligent Circuit Breaker - TOSUNlux Official Site - Electrical Circuit Breaker Manufacturer in China Low Voltage Electrical Supplier | TOSUNlux","og_description":"TSW8 Intelligent Circuit Breaker Supplier - Wholesale direct from TOSUNlux, a trusted manufacturer since 1994. Get your B2B factory quote on our certified Low Voltage electrical products.","og_url":"https:\/\/www.tosunlux.eu\/pl\/products\/tsw8-intelligent-circuit-breaker\/","og_site_name":"TOSUNlux Official Site - Electrical Circuit Breaker Manufacturer in China","article_publisher":"https:\/\/www.facebook.com\/TOSUNelectric\/","article_modified_time":"2025-01-09T07:51:56+00:00","og_image":[{"url":"https:\/\/www.tosunlux.eu\/wp-content\/uploads\/2025\/01\/1-11-1024x684.jpg","type":"","width":"","height":""}],"twitter_card":"summary_large_image","twitter_misc":{"Szacowany czas czytania":"2 minuty"},"schema":{"@context":"https:\/\/schema.org","@graph":[{"@type":"WebPage","@id":"https:\/\/www.tosunlux.eu\/pl\/products\/tsw8-intelligent-circuit-breaker\/","url":"https:\/\/www.tosunlux.eu\/pl\/products\/tsw8-intelligent-circuit-breaker\/","name":"Hurtowy inteligentny wy\u0142\u0105cznik automatyczny TSW8 - Oficjalna strona TOSUNlux - Producent wy\u0142\u0105cznik\u00f3w automatycznych w Chinach Dostawca urz\u0105dze\u0144 elektrycznych niskiego napi\u0119cia | TOSUNlux","isPartOf":{"@id":"https:\/\/www.tosunlux.eu\/ru\/#website"},"primaryImageOfPage":{"@id":"https:\/\/www.tosunlux.eu\/pl\/products\/tsw8-intelligent-circuit-breaker\/#primaryimage"},"image":{"@id":"https:\/\/www.tosunlux.eu\/pl\/products\/tsw8-intelligent-circuit-breaker\/#primaryimage"},"thumbnailUrl":"https:\/\/www.tosunlux.eu\/wp-content\/uploads\/2025\/01\/1-11-1024x684.jpg","datePublished":"2022-04-29T07:42:53+00:00","dateModified":"2025-01-09T07:51:56+00:00","description":"Dostawca inteligentnych wy\u0142\u0105cznik\u00f3w TSW8 \u2014 hurtowo bezpo\u015brednio od TOSUNlux, zaufanego producenta od 1994 roku. Uzyskaj wycen\u0119 fabryczn\u0105 B2B na nasze certyfikowane produkty elektryczne niskiego napi\u0119cia.","breadcrumb":{"@id":"https:\/\/www.tosunlux.eu\/pl\/products\/tsw8-intelligent-circuit-breaker\/#breadcrumb"},"inLanguage":"pl-PL","potentialAction":[{"@type":"ReadAction","target":["https:\/\/www.tosunlux.eu\/pl\/products\/tsw8-intelligent-circuit-breaker\/"]}]},{"@type":"ImageObject","inLanguage":"pl-PL","@id":"https:\/\/www.tosunlux.eu\/pl\/products\/tsw8-intelligent-circuit-breaker\/#primaryimage","url":"https:\/\/www.tosunlux.eu\/wp-content\/uploads\/2025\/01\/1-11-1024x684.jpg","contentUrl":"https:\/\/www.tosunlux.eu\/wp-content\/uploads\/2025\/01\/1-11-1024x684.jpg"},{"@type":"BreadcrumbList","@id":"https:\/\/www.tosunlux.eu\/pl\/products\/tsw8-intelligent-circuit-breaker\/#breadcrumb","itemListElement":[{"@type":"ListItem","position":1,"name":"Home","item":"https:\/\/www.tosunlux.eu\/ru\/"},{"@type":"ListItem","position":2,"name":"Products","item":"https:\/\/www.tosunlux.eu\/products\/"},{"@type":"ListItem","position":3,"name":"TSW8 Intelligent Circuit Breaker"}]},{"@type":"WebSite","@id":"https:\/\/www.tosunlux.eu\/ru\/#website","url":"https:\/\/www.tosunlux.eu\/ru\/","name":"Oficjalna strona TOSUNlux - Producent wy\u0142\u0105cznik\u00f3w elektrycznych w Chinach","description":"Dostawca system\u00f3w dystrybucji energii","publisher":{"@id":"https:\/\/www.tosunlux.eu\/ru\/#organization"},"alternateName":"TOSUNlux","potentialAction":[{"@type":"SearchAction","target":{"@type":"EntryPoint","urlTemplate":"https:\/\/www.tosunlux.eu\/ru\/?s={search_term_string}"},"query-input":{"@type":"PropertyValueSpecification","valueRequired":true,"valueName":"search_term_string"}}],"inLanguage":"pl-PL"},{"@type":"Organization","@id":"https:\/\/www.tosunlux.eu\/ru\/#organization","name":"TOSUNlux","url":"https:\/\/www.tosunlux.eu\/ru\/","logo":{"@type":"ImageObject","inLanguage":"pl-PL","@id":"https:\/\/www.tosunlux.eu\/ru\/#\/schema\/logo\/image\/","url":"https:\/\/www.tosunlux.eu\/wp-content\/uploads\/2022\/01\/LOGOSYSM.71762f1.png","contentUrl":"https:\/\/www.tosunlux.eu\/wp-content\/uploads\/2022\/01\/LOGOSYSM.71762f1.png","width":153,"height":55,"caption":"TOSUNlux"},"image":{"@id":"https:\/\/www.tosunlux.eu\/ru\/#\/schema\/logo\/image\/"},"sameAs":["https:\/\/www.facebook.com\/TOSUNelectric\/","https:\/\/www.linkedin.com\/company\/wenzhou-tosun-electric-co.-ltd\/"]}]}},"_links":{"self":[{"href":"https:\/\/www.tosunlux.eu\/pl\/wp-json\/wp\/v2\/product\/2139","targetHints":{"allow":["GET"]}}],"collection":[{"href":"https:\/\/www.tosunlux.eu\/pl\/wp-json\/wp\/v2\/product"}],"about":[{"href":"https:\/\/www.tosunlux.eu\/pl\/wp-json\/wp\/v2\/types\/product"}],"version-history":[{"count":3,"href":"https:\/\/www.tosunlux.eu\/pl\/wp-json\/wp\/v2\/product\/2139\/revisions"}],"predecessor-version":[{"id":12248,"href":"https:\/\/www.tosunlux.eu\/pl\/wp-json\/wp\/v2\/product\/2139\/revisions\/12248"}],"wp:attachment":[{"href":"https:\/\/www.tosunlux.eu\/pl\/wp-json\/wp\/v2\/media?parent=2139"}],"wp:term":[{"taxonomy":"product_category","embeddable":true,"href":"https:\/\/www.tosunlux.eu\/pl\/wp-json\/wp\/v2\/product_category?post=2139"}],"curies":[{"name":"wp","href":"https:\/\/api.w.org\/{rel}","templated":true}]}}