{"id":2233,"date":"2022-05-03T16:45:26","date_gmt":"2022-05-03T08:45:26","guid":{"rendered":"https:\/\/www.tosunlux.eu\/?post_type=product&#038;p=2233"},"modified":"2025-02-10T13:27:28","modified_gmt":"2025-02-10T05:27:28","slug":"tsmq1-intelligent-double-power-changeover-switch-tsmq1-630","status":"publish","type":"product","link":"https:\/\/www.tosunlux.eu\/pl\/products\/tsmq1-intelligent-double-power-changeover-switch-tsmq1-630\/","title":{"rendered":"Inteligentny podw\u00f3jny prze\u0142\u0105cznik zasilania TSMQ2"},"content":{"rendered":"<p><strong>Aplikacja<\/strong><\/p>\n\n\n\n<p><\/p>\n\n\n\n<p>Inteligentny podw\u00f3jny prze\u0142\u0105cznik zasilania TSMQ2 jest odpowiedni do system\u00f3w elektrycznych z pr\u0105dem przemiennym 50\/60 Hz, znamionowym napi\u0119ciem roboczym do 400 V, znamionowym pr\u0105dem roboczym 100 A-1250 A. Elementy s\u0105 szeroko stosowane w r\u00f3\u017cnych spo\u0142eczno\u015bciach mieszkalnych, instalacjach wojskowych, szpitalach, centrach handlowych, lotniskach itp.<br>Produkt sk\u0142ada si\u0119 z mikrokomputerowego sterownika i urz\u0105dzenia prze\u0142\u0105czaj\u0105cego, kt\u00f3re obejmuje funkcje: prze\u0142\u0105cznika sterowania automatycznego, prze\u0142\u0105cznika sterowania r\u0119cznego, wska\u017anika wsp\u00f3lnego w\u0142\u0105czania, wska\u017anika awaryjnego w\u0142\u0105czania, podw\u00f3jnej blokady mechanicznej i elektrycznej itd. U\u017cytkownicy maj\u0105 do wyboru trzy pozycje stanu: w\u0142\u0105czanie wsp\u00f3lnego zasilania (N), podw\u00f3jne wy\u0142\u0105czanie i w\u0142\u0105czanie zasilania awaryjnego (R).<\/p>\n\n\n\n<p><\/p>\n\n\n\n<p><strong>Specyfikacja<\/strong><\/p>\n\n\n\n<p><\/p>\n\n\n\n<p><\/p>\n\n\n<table style=\"border-collapse: collapse; width: 516.77pt;\" border=\"0\" width=\"689\" cellspacing=\"0\" cellpadding=\"0\">\n<tbody>\n<tr style=\"height: 99.75pt;\">\n<td class=\"et2\" style=\"height: 99.75pt; width: 54pt; text-align: center;\" width=\"72\" height=\"133\">Model<\/td>\n<td class=\"et2\" style=\"width: 54pt; text-align: center;\" width=\"72\">Odpowiedni wy\u0142\u0105cznik<\/td>\n<td class=\"et2\" style=\"width: 84.75pt; text-align: center;\" width=\"113\">Pr\u0105d znamionowy roboczy (A)<\/td>\n<td class=\"et2\" style=\"width: 54pt; text-align: center;\" width=\"72\">Czas(y) akcji konwersji<\/td>\n<td class=\"et2\" style=\"width: 54pt; text-align: center;\" width=\"72\">Kategoria wykorzystania<\/td>\n<td class=\"et2\" style=\"width: 54pt; text-align: center;\" width=\"72\">\u017bywotno\u015b\u0107 mechaniczna (razy)<\/td>\n<td class=\"et2\" style=\"width: 54pt; text-align: center;\" width=\"72\">ElectricalLife(times)<\/td>\n<td class=\"et2\" style=\"width: 54pt; text-align: center;\" width=\"72\">Znamionowe napi\u0119cie udarowe zwarciowe wytrzymywane (Uimp)<\/td>\n<td class=\"et2\" style=\"width: 54pt; text-align: center;\" width=\"72\">Znamionowa zdolno\u015b\u0107 wy\u0142\u0105czania zwarciowego lcu (kA)<\/td>\n<\/tr>\n<tr style=\"height: 28.50pt;\">\n<td class=\"et2\" style=\"height: 28.5pt; width: 54pt; text-align: center;\" width=\"72\" height=\"38\">TSMQ2-100<\/td>\n<td class=\"et2\" style=\"width: 54pt; text-align: center;\" rowspan=\"6\" width=\"72\">Seria TSM2<\/td>\n<td class=\"et2\" style=\"width: 84.75pt; text-align: center;\" width=\"113\">100<\/td>\n<td class=\"et2\" style=\"width: 54pt; text-align: center;\" width=\"72\">5<\/td>\n<td class=\"et2\" style=\"width: 54pt; text-align: center;\" rowspan=\"6\" width=\"72\">AC-33iB<\/td>\n<td class=\"et2\" style=\"width: 54pt; text-align: center;\" width=\"72\">5000<\/td>\n<td class=\"et2\" style=\"width: 54pt; text-align: center;\" width=\"72\">1000<\/td>\n<td class=\"et2\" style=\"width: 54pt; text-align: center;\" rowspan=\"6\" width=\"72\">8 kV<\/td>\n<td class=\"et2\" style=\"width: 54pt; text-align: center;\" width=\"72\">10<\/td>\n<\/tr>\n<tr style=\"height: 42.75pt;\">\n<td class=\"et2\" style=\"height: 42.75pt; width: 54pt; text-align: center;\" width=\"72\" height=\"57\">TSMQ2-225<\/td>\n<td class=\"et2\" style=\"width: 84.75pt; text-align: center;\" width=\"113\">100,125,160,200,225<\/td>\n<td class=\"et2\" style=\"width: 54pt; text-align: center;\" width=\"72\">5<\/td>\n<td class=\"et2\" style=\"width: 54pt; text-align: center;\" width=\"72\">5000<\/td>\n<td class=\"et2\" style=\"width: 54pt; text-align: center;\" width=\"72\">1000<\/td>\n<td class=\"et2\" style=\"width: 54pt; text-align: center;\" width=\"72\">10<\/td>\n<\/tr>\n<tr style=\"height: 42.75pt;\">\n<td class=\"et2\" style=\"height: 42.75pt; width: 54pt; text-align: center;\" width=\"72\" height=\"57\">TSMQ2-400<\/td>\n<td class=\"et2\" style=\"width: 84.75pt; text-align: center;\" width=\"113\">225,250,315,350,400<\/td>\n<td class=\"et2\" style=\"width: 54pt; text-align: center;\" width=\"72\">6<\/td>\n<td class=\"et2\" style=\"width: 54pt; text-align: center;\" width=\"72\">3000<\/td>\n<td class=\"et2\" style=\"width: 54pt; text-align: center;\" width=\"72\">1000<\/td>\n<td class=\"et2\" style=\"width: 54pt; text-align: center;\" width=\"72\">10<\/td>\n<\/tr>\n<tr style=\"height: 28.50pt;\">\n<td class=\"et2\" style=\"height: 28.5pt; width: 54pt; text-align: center;\" width=\"72\" height=\"38\">TSMQ2-630<\/td>\n<td class=\"et2\" style=\"width: 84.75pt; text-align: center;\" width=\"113\">400,500,630<\/td>\n<td class=\"et2\" style=\"width: 54pt; text-align: center;\" width=\"72\">6<\/td>\n<td class=\"et2\" style=\"width: 54pt; text-align: center;\" width=\"72\">2500<\/td>\n<td class=\"et2\" style=\"width: 54pt; text-align: center;\" width=\"72\">500<\/td>\n<td class=\"et2\" style=\"width: 54pt; text-align: center;\" width=\"72\">12.6<\/td>\n<\/tr>\n<tr style=\"height: 28.50pt;\">\n<td class=\"et2\" style=\"height: 28.5pt; width: 54pt; text-align: center;\" width=\"72\" height=\"38\">TSMQ2-800<\/td>\n<td class=\"et2\" style=\"width: 84.75pt; text-align: center;\" width=\"113\">630,700,800<\/td>\n<td class=\"et2\" style=\"width: 54pt; text-align: center;\" width=\"72\">6<\/td>\n<td class=\"et2\" style=\"width: 54pt; text-align: center;\" width=\"72\">2500<\/td>\n<td class=\"et2\" style=\"width: 54pt; text-align: center;\" width=\"72\">500<\/td>\n<td class=\"et2\" style=\"width: 54pt; text-align: center;\" width=\"72\">16<\/td>\n<\/tr>\n<tr style=\"height: 28.50pt;\">\n<td class=\"et2\" style=\"height: 28.5pt; width: 54pt; text-align: center;\" width=\"72\" height=\"38\">TSMQ2-1250<\/td>\n<td class=\"et2\" style=\"width: 84.75pt; text-align: center;\" width=\"113\">800,1000,1250<\/td>\n<td class=\"et2\" style=\"width: 54pt; text-align: center;\" width=\"72\">6<\/td>\n<td class=\"et2\" style=\"width: 54pt; text-align: center;\" width=\"72\">2500<\/td>\n<td class=\"et2\" style=\"width: 54pt; text-align: center;\" width=\"72\">500<\/td>\n<td class=\"et2\" style=\"width: 54pt; text-align: center;\" width=\"72\">25<\/td>\n<\/tr>\n<tr style=\"height: 13.50pt;\">\n<td style=\"height: 13.50pt;\" height=\"18\">\u00a0<\/td>\n<td>\u00a0<\/td>\n<td>\u00a0<\/td>\n<td>\u00a0<\/td>\n<td>\u00a0<\/td>\n<td>\u00a0<\/td>\n<td>\u00a0<\/td>\n<td>\u00a0<\/td>\n<td>\u00a0<\/td>\n<\/tr>\n<\/tbody>\n<\/table>","protected":false},"parent":0,"template":"","product_category":[24,86],"class_list":["post-2233","product","type-product","status-publish","hentry","product_category-power-distribution-system","product_category-automatic-changeover-switch"],"yoast_head":"<!-- This site is optimized with the Yoast SEO plugin v27.4 - https:\/\/yoast.com\/product\/yoast-seo-wordpress\/ -->\n<title>WholesaleTSMQ2 Intelligent Dual Power Changeover Switch - TOSUNlux Official Site - Electrical Circuit Breaker Manufacturer in China Low Voltage Electrical Supplier | TOSUNlux<\/title>\n<meta name=\"description\" content=\"TSMQ2 Intelligent Dual Power Changeover Switch Supplier - Wholesale direct from TOSUNlux, a trusted manufacturer since 1994. Get your B2B factory quote on our certified Low Voltage electrical products.\" \/>\n<meta name=\"robots\" content=\"index, follow, max-snippet:-1, max-image-preview:large, max-video-preview:-1\" \/>\n<link rel=\"canonical\" href=\"https:\/\/www.tosunlux.eu\/pl\/products\/tsmq1-intelligent-double-power-changeover-switch-tsmq1-630\/\" \/>\n<meta property=\"og:locale\" content=\"pl_PL\" \/>\n<meta property=\"og:type\" content=\"article\" \/>\n<meta property=\"og:title\" content=\"WholesaleTSMQ2 Intelligent Dual Power Changeover Switch - TOSUNlux Official Site - Electrical Circuit Breaker Manufacturer in China Low Voltage Electrical Supplier | TOSUNlux\" \/>\n<meta property=\"og:description\" content=\"TSMQ2 Intelligent Dual Power Changeover Switch Supplier - Wholesale direct from TOSUNlux, a trusted manufacturer since 1994. Get your B2B factory quote on our certified Low Voltage electrical products.\" \/>\n<meta property=\"og:url\" content=\"https:\/\/www.tosunlux.eu\/pl\/products\/tsmq1-intelligent-double-power-changeover-switch-tsmq1-630\/\" \/>\n<meta property=\"og:site_name\" content=\"TOSUNlux Official Site - Electrical Circuit Breaker Manufacturer in China\" \/>\n<meta property=\"article:publisher\" content=\"https:\/\/www.facebook.com\/TOSUNelectric\/\" \/>\n<meta property=\"article:modified_time\" content=\"2025-02-10T05:27:28+00:00\" \/>\n<meta property=\"og:image\" content=\"https:\/\/www.tosunlux.eu\/wp-content\/uploads\/2023\/04\/DSC08160_\u526f\u672c.jpg\" \/>\n\t<meta property=\"og:image:width\" content=\"1500\" \/>\n\t<meta property=\"og:image:height\" content=\"940\" \/>\n\t<meta property=\"og:image:type\" content=\"image\/jpeg\" \/>\n<meta name=\"twitter:card\" content=\"summary_large_image\" \/>\n<meta name=\"twitter:label1\" content=\"Szacowany czas czytania\" \/>\n\t<meta name=\"twitter:data1\" content=\"1 minuta\" \/>\n<script type=\"application\/ld+json\" class=\"yoast-schema-graph\">{\"@context\":\"https:\\\/\\\/schema.org\",\"@graph\":[{\"@type\":\"WebPage\",\"@id\":\"https:\\\/\\\/www.tosunlux.eu\\\/nl\\\/products\\\/tsmq1-intelligent-double-power-changeover-switch-tsmq1-630\\\/\",\"url\":\"https:\\\/\\\/www.tosunlux.eu\\\/nl\\\/products\\\/tsmq1-intelligent-double-power-changeover-switch-tsmq1-630\\\/\",\"name\":\"WholesaleTSMQ2 Intelligent Dual Power Changeover Switch - TOSUNlux Official Site - Electrical Circuit Breaker Manufacturer in China Low Voltage Electrical Supplier | TOSUNlux\",\"isPartOf\":{\"@id\":\"https:\\\/\\\/www.tosunlux.eu\\\/ru\\\/#website\"},\"datePublished\":\"2022-05-03T08:45:26+00:00\",\"dateModified\":\"2025-02-10T05:27:28+00:00\",\"description\":\"TSMQ2 Intelligent Dual Power Changeover Switch Supplier - Wholesale direct from TOSUNlux, a trusted manufacturer since 1994. Get your B2B factory quote on our certified Low Voltage electrical products.\",\"breadcrumb\":{\"@id\":\"https:\\\/\\\/www.tosunlux.eu\\\/nl\\\/products\\\/tsmq1-intelligent-double-power-changeover-switch-tsmq1-630\\\/#breadcrumb\"},\"inLanguage\":\"pl-PL\",\"potentialAction\":[{\"@type\":\"ReadAction\",\"target\":[\"https:\\\/\\\/www.tosunlux.eu\\\/nl\\\/products\\\/tsmq1-intelligent-double-power-changeover-switch-tsmq1-630\\\/\"]}]},{\"@type\":\"BreadcrumbList\",\"@id\":\"https:\\\/\\\/www.tosunlux.eu\\\/nl\\\/products\\\/tsmq1-intelligent-double-power-changeover-switch-tsmq1-630\\\/#breadcrumb\",\"itemListElement\":[{\"@type\":\"ListItem\",\"position\":1,\"name\":\"Home\",\"item\":\"https:\\\/\\\/www.tosunlux.eu\\\/ru\\\/\"},{\"@type\":\"ListItem\",\"position\":2,\"name\":\"Products\",\"item\":\"https:\\\/\\\/www.tosunlux.eu\\\/products\\\/\"},{\"@type\":\"ListItem\",\"position\":3,\"name\":\"TSMQ2 Intelligent Dual Power Changeover Switch\"}]},{\"@type\":\"WebSite\",\"@id\":\"https:\\\/\\\/www.tosunlux.eu\\\/ru\\\/#website\",\"url\":\"https:\\\/\\\/www.tosunlux.eu\\\/ru\\\/\",\"name\":\"TOSUNlux Official Site - Electrical Circuit Breaker Manufacturer in China\",\"description\":\"Power Distribution System Supplier\",\"publisher\":{\"@id\":\"https:\\\/\\\/www.tosunlux.eu\\\/ru\\\/#organization\"},\"alternateName\":\"TOSUNlux\",\"potentialAction\":[{\"@type\":\"SearchAction\",\"target\":{\"@type\":\"EntryPoint\",\"urlTemplate\":\"https:\\\/\\\/www.tosunlux.eu\\\/ru\\\/?s={search_term_string}\"},\"query-input\":{\"@type\":\"PropertyValueSpecification\",\"valueRequired\":true,\"valueName\":\"search_term_string\"}}],\"inLanguage\":\"pl-PL\"},{\"@type\":\"Organization\",\"@id\":\"https:\\\/\\\/www.tosunlux.eu\\\/ru\\\/#organization\",\"name\":\"TOSUNlux\",\"url\":\"https:\\\/\\\/www.tosunlux.eu\\\/ru\\\/\",\"logo\":{\"@type\":\"ImageObject\",\"inLanguage\":\"pl-PL\",\"@id\":\"https:\\\/\\\/www.tosunlux.eu\\\/ru\\\/#\\\/schema\\\/logo\\\/image\\\/\",\"url\":\"https:\\\/\\\/www.tosunlux.eu\\\/wp-content\\\/uploads\\\/2022\\\/01\\\/LOGOSYSM.71762f1.png\",\"contentUrl\":\"https:\\\/\\\/www.tosunlux.eu\\\/wp-content\\\/uploads\\\/2022\\\/01\\\/LOGOSYSM.71762f1.png\",\"width\":153,\"height\":55,\"caption\":\"TOSUNlux\"},\"image\":{\"@id\":\"https:\\\/\\\/www.tosunlux.eu\\\/ru\\\/#\\\/schema\\\/logo\\\/image\\\/\"},\"sameAs\":[\"https:\\\/\\\/www.facebook.com\\\/TOSUNelectric\\\/\",\"https:\\\/\\\/www.linkedin.com\\\/company\\\/wenzhou-tosun-electric-co.-ltd\\\/\"]}]}<\/script>\n<!-- \/ Yoast SEO plugin. -->","yoast_head_json":{"title":"Hurtowy inteligentny prze\u0142\u0105cznik podw\u00f3jnego zasilania TSMQ2 - Oficjalna strona TOSUNlux - Producent wy\u0142\u0105cznik\u00f3w obwodowych w Chinach Dostawca urz\u0105dze\u0144 elektrycznych niskiego napi\u0119cia | TOSUNlux","description":"Dostawca inteligentnych prze\u0142\u0105cznik\u00f3w podw\u00f3jnego zasilania TSMQ2 \u2014 sprzeda\u017c hurtowa bezpo\u015brednio od TOSUNlux, zaufanego producenta od 1994 r. Uzyskaj wycen\u0119 fabryczn\u0105 B2B na nasze certyfikowane produkty elektryczne niskiego napi\u0119cia.","robots":{"index":"index","follow":"follow","max-snippet":"max-snippet:-1","max-image-preview":"max-image-preview:large","max-video-preview":"max-video-preview:-1"},"canonical":"https:\/\/www.tosunlux.eu\/pl\/products\/tsmq1-intelligent-double-power-changeover-switch-tsmq1-630\/","og_locale":"pl_PL","og_type":"article","og_title":"WholesaleTSMQ2 Intelligent Dual Power Changeover Switch - TOSUNlux Official Site - Electrical Circuit Breaker Manufacturer in China Low Voltage Electrical Supplier | TOSUNlux","og_description":"TSMQ2 Intelligent Dual Power Changeover Switch Supplier - Wholesale direct from TOSUNlux, a trusted manufacturer since 1994. Get your B2B factory quote on our certified Low Voltage electrical products.","og_url":"https:\/\/www.tosunlux.eu\/pl\/products\/tsmq1-intelligent-double-power-changeover-switch-tsmq1-630\/","og_site_name":"TOSUNlux Official Site - Electrical Circuit Breaker Manufacturer in China","article_publisher":"https:\/\/www.facebook.com\/TOSUNelectric\/","article_modified_time":"2025-02-10T05:27:28+00:00","og_image":[{"width":1500,"height":940,"url":"https:\/\/www.tosunlux.eu\/wp-content\/uploads\/2023\/04\/DSC08160_\u526f\u672c.jpg","type":"image\/jpeg"}],"twitter_card":"summary_large_image","twitter_misc":{"Szacowany czas czytania":"1 minuta"},"schema":{"@context":"https:\/\/schema.org","@graph":[{"@type":"WebPage","@id":"https:\/\/www.tosunlux.eu\/nl\/products\/tsmq1-intelligent-double-power-changeover-switch-tsmq1-630\/","url":"https:\/\/www.tosunlux.eu\/nl\/products\/tsmq1-intelligent-double-power-changeover-switch-tsmq1-630\/","name":"Hurtowy inteligentny prze\u0142\u0105cznik podw\u00f3jnego zasilania TSMQ2 - Oficjalna strona TOSUNlux - Producent wy\u0142\u0105cznik\u00f3w obwodowych w Chinach Dostawca urz\u0105dze\u0144 elektrycznych niskiego napi\u0119cia | TOSUNlux","isPartOf":{"@id":"https:\/\/www.tosunlux.eu\/ru\/#website"},"datePublished":"2022-05-03T08:45:26+00:00","dateModified":"2025-02-10T05:27:28+00:00","description":"Dostawca inteligentnych prze\u0142\u0105cznik\u00f3w podw\u00f3jnego zasilania TSMQ2 \u2014 sprzeda\u017c hurtowa bezpo\u015brednio od TOSUNlux, zaufanego producenta od 1994 r. Uzyskaj wycen\u0119 fabryczn\u0105 B2B na nasze certyfikowane produkty elektryczne niskiego napi\u0119cia.","breadcrumb":{"@id":"https:\/\/www.tosunlux.eu\/nl\/products\/tsmq1-intelligent-double-power-changeover-switch-tsmq1-630\/#breadcrumb"},"inLanguage":"pl-PL","potentialAction":[{"@type":"ReadAction","target":["https:\/\/www.tosunlux.eu\/nl\/products\/tsmq1-intelligent-double-power-changeover-switch-tsmq1-630\/"]}]},{"@type":"BreadcrumbList","@id":"https:\/\/www.tosunlux.eu\/nl\/products\/tsmq1-intelligent-double-power-changeover-switch-tsmq1-630\/#breadcrumb","itemListElement":[{"@type":"ListItem","position":1,"name":"Home","item":"https:\/\/www.tosunlux.eu\/ru\/"},{"@type":"ListItem","position":2,"name":"Products","item":"https:\/\/www.tosunlux.eu\/products\/"},{"@type":"ListItem","position":3,"name":"TSMQ2 Intelligent Dual Power Changeover Switch"}]},{"@type":"WebSite","@id":"https:\/\/www.tosunlux.eu\/ru\/#website","url":"https:\/\/www.tosunlux.eu\/ru\/","name":"Oficjalna strona TOSUNlux - Producent wy\u0142\u0105cznik\u00f3w elektrycznych w Chinach","description":"Dostawca system\u00f3w dystrybucji energii","publisher":{"@id":"https:\/\/www.tosunlux.eu\/ru\/#organization"},"alternateName":"TOSUNlux","potentialAction":[{"@type":"SearchAction","target":{"@type":"EntryPoint","urlTemplate":"https:\/\/www.tosunlux.eu\/ru\/?s={search_term_string}"},"query-input":{"@type":"PropertyValueSpecification","valueRequired":true,"valueName":"search_term_string"}}],"inLanguage":"pl-PL"},{"@type":"Organization","@id":"https:\/\/www.tosunlux.eu\/ru\/#organization","name":"TOSUNlux","url":"https:\/\/www.tosunlux.eu\/ru\/","logo":{"@type":"ImageObject","inLanguage":"pl-PL","@id":"https:\/\/www.tosunlux.eu\/ru\/#\/schema\/logo\/image\/","url":"https:\/\/www.tosunlux.eu\/wp-content\/uploads\/2022\/01\/LOGOSYSM.71762f1.png","contentUrl":"https:\/\/www.tosunlux.eu\/wp-content\/uploads\/2022\/01\/LOGOSYSM.71762f1.png","width":153,"height":55,"caption":"TOSUNlux"},"image":{"@id":"https:\/\/www.tosunlux.eu\/ru\/#\/schema\/logo\/image\/"},"sameAs":["https:\/\/www.facebook.com\/TOSUNelectric\/","https:\/\/www.linkedin.com\/company\/wenzhou-tosun-electric-co.-ltd\/"]}]}},"_links":{"self":[{"href":"https:\/\/www.tosunlux.eu\/pl\/wp-json\/wp\/v2\/product\/2233","targetHints":{"allow":["GET"]}}],"collection":[{"href":"https:\/\/www.tosunlux.eu\/pl\/wp-json\/wp\/v2\/product"}],"about":[{"href":"https:\/\/www.tosunlux.eu\/pl\/wp-json\/wp\/v2\/types\/product"}],"version-history":[{"count":4,"href":"https:\/\/www.tosunlux.eu\/pl\/wp-json\/wp\/v2\/product\/2233\/revisions"}],"predecessor-version":[{"id":12510,"href":"https:\/\/www.tosunlux.eu\/pl\/wp-json\/wp\/v2\/product\/2233\/revisions\/12510"}],"wp:attachment":[{"href":"https:\/\/www.tosunlux.eu\/pl\/wp-json\/wp\/v2\/media?parent=2233"}],"wp:term":[{"taxonomy":"product_category","embeddable":true,"href":"https:\/\/www.tosunlux.eu\/pl\/wp-json\/wp\/v2\/product_category?post=2233"}],"curies":[{"name":"wp","href":"https:\/\/api.w.org\/{rel}","templated":true}]}}