{"id":2541,"date":"2022-05-12T10:17:47","date_gmt":"2022-05-12T02:17:47","guid":{"rendered":"https:\/\/www.tosunlux.eu\/?post_type=product&#038;p=2541"},"modified":"2022-05-14T18:16:37","modified_gmt":"2022-05-14T10:16:37","slug":"programmable-digital-combined-panel-meter-ted3","status":"publish","type":"product","link":"https:\/\/www.tosunlux.eu\/pl\/products\/programmable-digital-combined-panel-meter-ted3\/","title":{"rendered":"Programowalny cyfrowy panelowy miernik \u0142\u0105czony TED3"},"content":{"rendered":"<p>Aplikacja<\/p>\n\n\n\n<p>Programowalne cyfrowe panele \u0142\u0105czone serii TED3 mog\u0105 mierzy\u0107 ponad 50 parametr\u00f3w elektrycznych w systemach elektrycznych. Posiada 2-kana\u0142owe wyj\u015bcia impuls\u00f3w energii elektrycznej, 4-kana\u0142owe wej\u015bcia warto\u015bci prze\u0142\u0105czaj\u0105cej i wyj\u015bcie komunikacyjne RS485. Mo\u017cna doda\u0107 4-kana\u0142owe wyj\u015bcia warto\u015bci prze\u0142\u0105czaj\u0105cej lub 4-kana\u0142owe wyj\u015bcia transmisyjne.<\/p>\n\n\n\n<p><\/p>\n\n\n\n<p>Parametr pomiarowy:<\/p>\n\n\n\n<p>Napi\u0119cie fazowo-zerowe (VL_N)<br>\u015arednie napi\u0119cie fazowo-zerowe (VL_N)<br>Napi\u0119cie mi\u0119dzyfazowe (VL_L)<br>\u015arednie napi\u0119cie fazowo-fazowe (VL_L)<br>Pr\u0105d fazowy (A)<br>Cz\u0119stotliwo\u015b\u0107 (Hz)<br>Ca\u0142kowity pr\u0105d (\u2211A)<br>Ca\u0142kowita moc czynna (\u2211W)<br>Moc czynna (W)<br>Ca\u0142kowita moc bierna (\u2211var)<br>Moc bierna (var)<br>Ca\u0142kowita moc pozorna (\u2211VA)<br>Moc pozorna (VA)<br>Maksymalna warto\u015b\u0107 (H)<br>Wsp\u00f3\u0142czynnik mocy (COS\u03a6)<br>Warto\u015b\u0107 min. (L)<br>Energia elektryczna czynna (Wh)<br>Warto\u015b\u0107 popytu (M)<br>Energia elektryczna bierna (varh)<\/p>\n\n\n<table style=\"border-collapse: collapse; width: 695.27pt;\" border=\"0\" width=\"927\" cellspacing=\"0\" cellpadding=\"0\">\n<tbody>\n<tr style=\"height: 42.00pt;\">\n<td class=\"et2\" style=\"height: 42.00pt; width: 91.50pt;\" width=\"122\" height=\"56\">Model<\/td>\n<td class=\"et2\" style=\"width: 120.75pt;\" width=\"161\">Komunikacja Rs485<\/td>\n<td class=\"et2\" style=\"width: 120.75pt;\" width=\"161\">2-kana\u0142owe wyj\u015bcie impuls\u00f3w energii elektrycznej<\/td>\n<td class=\"et2\" style=\"width: 120.75pt;\" width=\"161\">Wej\u015bcie warto\u015bci prze\u0142\u0105czaj\u0105cej 4-kana\u0142owej<\/td>\n<td class=\"et2\" style=\"width: 120.75pt;\" width=\"161\">4-kana\u0142owe wyj\u015bcie warto\u015bci prze\u0142\u0105czaj\u0105cej<\/td>\n<td class=\"et2\" style=\"width: 120.75pt;\" width=\"161\">Wyj\u015bcie nadawcze 4-kana\u0142owe<\/td>\n<\/tr>\n<tr style=\"height: 33.00pt;\">\n<td class=\"et2\" style=\"height: 33.00pt; width: 91.50pt;\" width=\"122\" height=\"44\">TED3-96X5<\/td>\n<td class=\"et2\" style=\"width: 120.75pt;\" width=\"161\">\u2013<\/td>\n<td class=\"et2\" style=\"width: 120.75pt;\" width=\"161\">\u2013<\/td>\n<td class=\"et2\" style=\"width: 120.75pt;\" width=\"161\">\u2013<\/td>\n<td class=\"et2\" style=\"width: 120.75pt;\" width=\"161\">\u2013<\/td>\n<td class=\"et2\" style=\"width: 120.75pt;\" width=\"161\">\u2013<\/td>\n<\/tr>\n<tr style=\"height: 33.00pt;\">\n<td class=\"et2\" style=\"height: 33.00pt; width: 91.50pt;\" width=\"122\" height=\"44\">TED3-96T5<\/td>\n<td class=\"et2\" style=\"width: 120.75pt;\" width=\"161\">\u25cf<\/td>\n<td class=\"et2\" style=\"width: 120.75pt;\" width=\"161\">\u25cf<\/td>\n<td class=\"et2\" style=\"width: 120.75pt;\" width=\"161\">\u25cf<\/td>\n<td class=\"et2\" style=\"width: 120.75pt;\" width=\"161\">\u2013<\/td>\n<td class=\"et2\" style=\"width: 120.75pt;\" width=\"161\">\u2013<\/td>\n<\/tr>\n<tr style=\"height: 33.00pt;\">\n<td class=\"et2\" style=\"height: 33.00pt; width: 91.50pt;\" width=\"122\" height=\"44\">TED3-96S5<\/td>\n<td class=\"et2\" style=\"width: 120.75pt;\" width=\"161\">\u25cf<\/td>\n<td class=\"et2\" style=\"width: 120.75pt;\" width=\"161\">\u25cf<\/td>\n<td class=\"et2\" style=\"width: 120.75pt;\" width=\"161\">\u25cf<\/td>\n<td class=\"et2\" style=\"width: 120.75pt;\" width=\"161\">\u25cf<\/td>\n<td class=\"et2\" style=\"width: 120.75pt;\" width=\"161\">\u2013<\/td>\n<\/tr>\n<tr style=\"height: 33.00pt;\">\n<td class=\"et2\" style=\"height: 33.00pt; width: 91.50pt;\" width=\"122\" height=\"44\">TED3-96D5<\/td>\n<td class=\"et2\" style=\"width: 120.75pt;\" width=\"161\">\u25cf<\/td>\n<td class=\"et2\" style=\"width: 120.75pt;\" width=\"161\">\u25cf<\/td>\n<td class=\"et2\" style=\"width: 120.75pt;\" width=\"161\">\u25cf<\/td>\n<td class=\"et2\" style=\"width: 120.75pt;\" width=\"161\">\u2013<\/td>\n<td class=\"et2\" style=\"width: 120.75pt;\" width=\"161\">\u25cf<\/td>\n<\/tr>\n<\/tbody>\n<\/table>\n\n\n<p><\/p>","protected":false},"parent":0,"template":"","product_category":[75,124],"class_list":["post-2541","product","type-product","status-publish","hentry","product_category-instruments","product_category-panel-meter"],"yoast_head":"<!-- This site is optimized with the Yoast SEO plugin v27.5 - https:\/\/yoast.com\/product\/yoast-seo-wordpress\/ -->\n<title>WholesaleProgrammable Digital Combined Panel Meter TED3 - TOSUNlux Official Site - Electrical Circuit Breaker Manufacturer in China Low Voltage Electrical Supplier | TOSUNlux<\/title>\n<meta name=\"description\" content=\"Programmable Digital Combined Panel Meter TED3 Supplier - Wholesale direct from TOSUNlux, a trusted manufacturer since 1994. Get your B2B factory quote on our certified Low Voltage electrical products.\" \/>\n<meta name=\"robots\" content=\"index, follow, max-snippet:-1, max-image-preview:large, max-video-preview:-1\" \/>\n<link rel=\"canonical\" href=\"https:\/\/www.tosunlux.eu\/pl\/products\/programmable-digital-combined-panel-meter-ted3\/\" \/>\n<meta property=\"og:locale\" content=\"pl_PL\" \/>\n<meta property=\"og:type\" content=\"article\" \/>\n<meta property=\"og:title\" content=\"WholesaleProgrammable Digital Combined Panel Meter TED3 - TOSUNlux Official Site - Electrical Circuit Breaker Manufacturer in China Low Voltage Electrical Supplier | TOSUNlux\" \/>\n<meta property=\"og:description\" content=\"Programmable Digital Combined Panel Meter TED3 Supplier - Wholesale direct from TOSUNlux, a trusted manufacturer since 1994. Get your B2B factory quote on our certified Low Voltage electrical products.\" \/>\n<meta property=\"og:url\" content=\"https:\/\/www.tosunlux.eu\/pl\/products\/programmable-digital-combined-panel-meter-ted3\/\" \/>\n<meta property=\"og:site_name\" content=\"TOSUNlux Official Site - Electrical Circuit Breaker Manufacturer in China\" \/>\n<meta property=\"article:publisher\" content=\"https:\/\/www.facebook.com\/TOSUNelectric\/\" \/>\n<meta property=\"article:modified_time\" content=\"2022-05-14T10:16:37+00:00\" \/>\n<meta property=\"og:image\" content=\"https:\/\/www.tosunlux.eu\/wp-content\/uploads\/2023\/04\/DSC08160_\u526f\u672c.jpg\" \/>\n\t<meta property=\"og:image:width\" content=\"1500\" \/>\n\t<meta property=\"og:image:height\" content=\"940\" \/>\n\t<meta property=\"og:image:type\" content=\"image\/jpeg\" \/>\n<meta name=\"twitter:card\" content=\"summary_large_image\" \/>\n<meta name=\"twitter:label1\" content=\"Szacowany czas czytania\" \/>\n\t<meta name=\"twitter:data1\" content=\"1 minuta\" \/>\n<script type=\"application\/ld+json\" class=\"yoast-schema-graph\">{\"@context\":\"https:\\\/\\\/schema.org\",\"@graph\":[{\"@type\":\"WebPage\",\"@id\":\"https:\\\/\\\/www.tosunlux.eu\\\/fr\\\/products\\\/programmable-digital-combined-panel-meter-ted3\\\/\",\"url\":\"https:\\\/\\\/www.tosunlux.eu\\\/fr\\\/products\\\/programmable-digital-combined-panel-meter-ted3\\\/\",\"name\":\"WholesaleProgrammable Digital Combined Panel Meter TED3 - TOSUNlux Official Site - Electrical Circuit Breaker Manufacturer in China Low Voltage Electrical Supplier | TOSUNlux\",\"isPartOf\":{\"@id\":\"https:\\\/\\\/www.tosunlux.eu\\\/ru\\\/#website\"},\"datePublished\":\"2022-05-12T02:17:47+00:00\",\"dateModified\":\"2022-05-14T10:16:37+00:00\",\"description\":\"Programmable Digital Combined Panel Meter TED3 Supplier - Wholesale direct from TOSUNlux, a trusted manufacturer since 1994. Get your B2B factory quote on our certified Low Voltage electrical products.\",\"breadcrumb\":{\"@id\":\"https:\\\/\\\/www.tosunlux.eu\\\/fr\\\/products\\\/programmable-digital-combined-panel-meter-ted3\\\/#breadcrumb\"},\"inLanguage\":\"pl-PL\",\"potentialAction\":[{\"@type\":\"ReadAction\",\"target\":[\"https:\\\/\\\/www.tosunlux.eu\\\/fr\\\/products\\\/programmable-digital-combined-panel-meter-ted3\\\/\"]}]},{\"@type\":\"BreadcrumbList\",\"@id\":\"https:\\\/\\\/www.tosunlux.eu\\\/fr\\\/products\\\/programmable-digital-combined-panel-meter-ted3\\\/#breadcrumb\",\"itemListElement\":[{\"@type\":\"ListItem\",\"position\":1,\"name\":\"Home\",\"item\":\"https:\\\/\\\/www.tosunlux.eu\\\/ru\\\/\"},{\"@type\":\"ListItem\",\"position\":2,\"name\":\"Products\",\"item\":\"https:\\\/\\\/www.tosunlux.eu\\\/products\\\/\"},{\"@type\":\"ListItem\",\"position\":3,\"name\":\"Programmable Digital Combined Panel Meter TED3\"}]},{\"@type\":\"WebSite\",\"@id\":\"https:\\\/\\\/www.tosunlux.eu\\\/ru\\\/#website\",\"url\":\"https:\\\/\\\/www.tosunlux.eu\\\/ru\\\/\",\"name\":\"TOSUNlux Official Site - Electrical Circuit Breaker Manufacturer in China\",\"description\":\"Power Distribution System Supplier\",\"publisher\":{\"@id\":\"https:\\\/\\\/www.tosunlux.eu\\\/ru\\\/#organization\"},\"alternateName\":\"TOSUNlux\",\"potentialAction\":[{\"@type\":\"SearchAction\",\"target\":{\"@type\":\"EntryPoint\",\"urlTemplate\":\"https:\\\/\\\/www.tosunlux.eu\\\/ru\\\/?s={search_term_string}\"},\"query-input\":{\"@type\":\"PropertyValueSpecification\",\"valueRequired\":true,\"valueName\":\"search_term_string\"}}],\"inLanguage\":\"pl-PL\"},{\"@type\":\"Organization\",\"@id\":\"https:\\\/\\\/www.tosunlux.eu\\\/ru\\\/#organization\",\"name\":\"TOSUNlux\",\"url\":\"https:\\\/\\\/www.tosunlux.eu\\\/ru\\\/\",\"logo\":{\"@type\":\"ImageObject\",\"inLanguage\":\"pl-PL\",\"@id\":\"https:\\\/\\\/www.tosunlux.eu\\\/ru\\\/#\\\/schema\\\/logo\\\/image\\\/\",\"url\":\"https:\\\/\\\/www.tosunlux.eu\\\/wp-content\\\/uploads\\\/2022\\\/01\\\/LOGOSYSM.71762f1.png\",\"contentUrl\":\"https:\\\/\\\/www.tosunlux.eu\\\/wp-content\\\/uploads\\\/2022\\\/01\\\/LOGOSYSM.71762f1.png\",\"width\":153,\"height\":55,\"caption\":\"TOSUNlux\"},\"image\":{\"@id\":\"https:\\\/\\\/www.tosunlux.eu\\\/ru\\\/#\\\/schema\\\/logo\\\/image\\\/\"},\"sameAs\":[\"https:\\\/\\\/www.facebook.com\\\/TOSUNelectric\\\/\",\"https:\\\/\\\/www.linkedin.com\\\/company\\\/wenzhou-tosun-electric-co.-ltd\\\/\"]}]}<\/script>\n<!-- \/ Yoast SEO plugin. -->","yoast_head_json":{"title":"WholesaleProgrammable Digital Combined Panel Meter TED3 - TOSUNlux Official Site - Electrical Circuit Breaker Manufacturer in China Low Voltage Electrical Supplier | TOSUNlux","description":"Programmable Digital Combined Panel Meter TED3 Supplier - Wholesale direct from TOSUNlux, a trusted manufacturer since 1994. Get your B2B factory quote on our certified Low Voltage electrical products.","robots":{"index":"index","follow":"follow","max-snippet":"max-snippet:-1","max-image-preview":"max-image-preview:large","max-video-preview":"max-video-preview:-1"},"canonical":"https:\/\/www.tosunlux.eu\/pl\/products\/programmable-digital-combined-panel-meter-ted3\/","og_locale":"pl_PL","og_type":"article","og_title":"WholesaleProgrammable Digital Combined Panel Meter TED3 - TOSUNlux Official Site - Electrical Circuit Breaker Manufacturer in China Low Voltage Electrical Supplier | TOSUNlux","og_description":"Programmable Digital Combined Panel Meter TED3 Supplier - Wholesale direct from TOSUNlux, a trusted manufacturer since 1994. Get your B2B factory quote on our certified Low Voltage electrical products.","og_url":"https:\/\/www.tosunlux.eu\/pl\/products\/programmable-digital-combined-panel-meter-ted3\/","og_site_name":"TOSUNlux Official Site - Electrical Circuit Breaker Manufacturer in China","article_publisher":"https:\/\/www.facebook.com\/TOSUNelectric\/","article_modified_time":"2022-05-14T10:16:37+00:00","og_image":[{"width":1500,"height":940,"url":"https:\/\/www.tosunlux.eu\/wp-content\/uploads\/2023\/04\/DSC08160_\u526f\u672c.jpg","type":"image\/jpeg"}],"twitter_card":"summary_large_image","twitter_misc":{"Szacowany czas czytania":"1 minuta"},"schema":{"@context":"https:\/\/schema.org","@graph":[{"@type":"WebPage","@id":"https:\/\/www.tosunlux.eu\/fr\/products\/programmable-digital-combined-panel-meter-ted3\/","url":"https:\/\/www.tosunlux.eu\/fr\/products\/programmable-digital-combined-panel-meter-ted3\/","name":"WholesaleProgrammable Digital Combined Panel Meter TED3 - TOSUNlux Official Site - Electrical Circuit Breaker Manufacturer in China Low Voltage Electrical Supplier | TOSUNlux","isPartOf":{"@id":"https:\/\/www.tosunlux.eu\/ru\/#website"},"datePublished":"2022-05-12T02:17:47+00:00","dateModified":"2022-05-14T10:16:37+00:00","description":"Programmable Digital Combined Panel Meter TED3 Supplier - Wholesale direct from TOSUNlux, a trusted manufacturer since 1994. Get your B2B factory quote on our certified Low Voltage electrical products.","breadcrumb":{"@id":"https:\/\/www.tosunlux.eu\/fr\/products\/programmable-digital-combined-panel-meter-ted3\/#breadcrumb"},"inLanguage":"pl-PL","potentialAction":[{"@type":"ReadAction","target":["https:\/\/www.tosunlux.eu\/fr\/products\/programmable-digital-combined-panel-meter-ted3\/"]}]},{"@type":"BreadcrumbList","@id":"https:\/\/www.tosunlux.eu\/fr\/products\/programmable-digital-combined-panel-meter-ted3\/#breadcrumb","itemListElement":[{"@type":"ListItem","position":1,"name":"Home","item":"https:\/\/www.tosunlux.eu\/ru\/"},{"@type":"ListItem","position":2,"name":"Products","item":"https:\/\/www.tosunlux.eu\/products\/"},{"@type":"ListItem","position":3,"name":"Programmable Digital Combined Panel Meter TED3"}]},{"@type":"WebSite","@id":"https:\/\/www.tosunlux.eu\/ru\/#website","url":"https:\/\/www.tosunlux.eu\/ru\/","name":"Oficjalna strona TOSUNlux - Producent wy\u0142\u0105cznik\u00f3w elektrycznych w Chinach","description":"Dostawca system\u00f3w dystrybucji energii","publisher":{"@id":"https:\/\/www.tosunlux.eu\/ru\/#organization"},"alternateName":"TOSUNlux","potentialAction":[{"@type":"SearchAction","target":{"@type":"EntryPoint","urlTemplate":"https:\/\/www.tosunlux.eu\/ru\/?s={search_term_string}"},"query-input":{"@type":"PropertyValueSpecification","valueRequired":true,"valueName":"search_term_string"}}],"inLanguage":"pl-PL"},{"@type":"Organization","@id":"https:\/\/www.tosunlux.eu\/ru\/#organization","name":"TOSUNlux","url":"https:\/\/www.tosunlux.eu\/ru\/","logo":{"@type":"ImageObject","inLanguage":"pl-PL","@id":"https:\/\/www.tosunlux.eu\/ru\/#\/schema\/logo\/image\/","url":"https:\/\/www.tosunlux.eu\/wp-content\/uploads\/2022\/01\/LOGOSYSM.71762f1.png","contentUrl":"https:\/\/www.tosunlux.eu\/wp-content\/uploads\/2022\/01\/LOGOSYSM.71762f1.png","width":153,"height":55,"caption":"TOSUNlux"},"image":{"@id":"https:\/\/www.tosunlux.eu\/ru\/#\/schema\/logo\/image\/"},"sameAs":["https:\/\/www.facebook.com\/TOSUNelectric\/","https:\/\/www.linkedin.com\/company\/wenzhou-tosun-electric-co.-ltd\/"]}]}},"_links":{"self":[{"href":"https:\/\/www.tosunlux.eu\/pl\/wp-json\/wp\/v2\/product\/2541","targetHints":{"allow":["GET"]}}],"collection":[{"href":"https:\/\/www.tosunlux.eu\/pl\/wp-json\/wp\/v2\/product"}],"about":[{"href":"https:\/\/www.tosunlux.eu\/pl\/wp-json\/wp\/v2\/types\/product"}],"version-history":[{"count":0,"href":"https:\/\/www.tosunlux.eu\/pl\/wp-json\/wp\/v2\/product\/2541\/revisions"}],"wp:attachment":[{"href":"https:\/\/www.tosunlux.eu\/pl\/wp-json\/wp\/v2\/media?parent=2541"}],"wp:term":[{"taxonomy":"product_category","embeddable":true,"href":"https:\/\/www.tosunlux.eu\/pl\/wp-json\/wp\/v2\/product_category?post=2541"}],"curies":[{"name":"wp","href":"https:\/\/api.w.org\/{rel}","templated":true}]}}