{"id":2544,"date":"2022-05-12T11:00:43","date_gmt":"2022-05-12T03:00:43","guid":{"rendered":"https:\/\/www.tosunlux.eu\/?post_type=product&#038;p=2544"},"modified":"2022-09-30T15:57:50","modified_gmt":"2022-09-30T07:57:50","slug":"analog-panel-meter-se","status":"publish","type":"product","link":"https:\/\/www.tosunlux.eu\/pl\/products\/analog-panel-meter-se\/","title":{"rendered":"Analogowy miernik panelowy SE"},"content":{"rendered":"<p>Aplikacja<\/p>\n\n\n\n<p>Analogowy miernik panelowy to elektryczny wska\u017anik pomiarowy z bezpo\u015brednim efektem imitacji wy\u015bwietlacza. Nadaje si\u0119 do obwodu wyj\u015bciowego AC&amp;DC i wej\u015bciowego, szafy konsoli elektrowni, p\u0142yty steruj\u0105cej zasilaniem i r\u00f3\u017cnych urz\u0105dze\u0144. S\u0142u\u017cy do pomiaru pr\u0105du sta\u0142ego, napi\u0119cia i pr\u0105du przemiennego, napi\u0119cia, cz\u0119stotliwo\u015bci i mocy fazowej.<\/p>\n\n\n\n<p>\u25cfDok\u0142adno\u015b\u0107: klasa 1,5, 2,5<br>\u25cfWilgotno\u015b\u0107 wzgl\u0119dna: 25% i 80%<br>\u25cfWytrzyma\u0142o\u015b\u0107: AC 45-65 Hz 2KV 1min<br>\u25cfTemperatura transportu: -30\u2103~55\u2103<br>\u25cfTemperatura otoczenia: 23\u2103\u00b110\u2103<br>\u25cfZewn\u0119trzne pole magnetyczne: 0,4KA\/m<br>\u25cfPozycja instalacji: pionowa \u00b110<br>\u25cfZgodnie z norm\u0105 IEC60051-2<\/p>\n\n\n<table width=\"898\">\n<tbody>\n<tr>\n<td width=\"124\">Opis<\/td>\n<td colspan=\"2\" width=\"518\">Specyfikacja<\/td>\n<td width=\"128\">Model<\/td>\n<td width=\"128\">Dok\u0142adno\u015b\u0107<\/td>\n<\/tr>\n<tr>\n<td rowspan=\"2\" width=\"124\">Amperomierz pr\u0105du przemiennego<\/td>\n<td width=\"393\">10A, 15A, 20A, 25A, 30A, 50A, 75A, 100A, 150A, 200A,<br \/>250A, 300A, 400A, 500A, 600A, 750A, 800A, 1000A,<br \/>1200A, 1500A, 2000A, 2500A, 3000A, 4000A, 5000A<\/td>\n<td width=\"125\">Z rozszerzeniem.<br \/>CT\/1A lub 5A<\/td>\n<td rowspan=\"11\" width=\"128\">SE-72<br \/>SE-96<\/td>\n<td rowspan=\"8\" width=\"128\">Klasa 1.5<\/td>\n<\/tr>\n<tr>\n<td width=\"393\">0,1A, 0,5A, 1A, 5A, 10A, 15A, 20A, 25A, 30A, 40A, 50A, <br \/>60A, 80A, 100A<\/td>\n<td width=\"125\">AC bezpo\u015bredni<br \/>po\u0142\u0105czenie<\/td>\n<\/tr>\n<tr>\n<td width=\"124\">Amperomierz pr\u0105du sta\u0142ego<\/td>\n<td width=\"393\">50\u03bcA, 100\u03bcA, 1mA, 5mA, 10mA, 30mA, 50mA, 100mA,<br \/>300mA, 500mA, 1A, 5A, 10A, 15A, 20A, 30A<\/td>\n<td width=\"125\">Pr\u0105d sta\u0142y bezpo\u015bredni<br \/>po\u0142\u0105czenie<\/td>\n<\/tr>\n<tr>\n<td rowspan=\"2\" width=\"124\">Woltomierz pr\u0105du przemiennego<\/td>\n<td width=\"393\">10A, 15A, 20A, 25A, 30A, 50A, 100A, 150A, 200A,<br \/>250A, 300A, 400A, 500A, 600A, 750A, 800A, 1000A,<br \/>1200A, 1500A, 2000A, 2500A, 3000A<\/td>\n<td width=\"125\">Z bocznikiem zewn\u0119trznym<br \/>50mV, 60mV, 75mV<\/td>\n<\/tr>\n<tr>\n<td width=\"393\">30 V, 50 V, 100 V, 150 V, 250 V, 300 V, 500 V, 600 V, 1000 V<\/td>\n<td width=\"125\">AC bezpo\u015bredni<br \/>po\u0142\u0105czenie<\/td>\n<\/tr>\n<tr>\n<td width=\"124\">Woltomierz pr\u0105du sta\u0142ego<\/td>\n<td width=\"393\">10 V, 20 V, 30 V, 50 V, 100 V, 150 V, 250 V, 300 V, 500 V, 600 V, <br \/>1000 V<\/td>\n<td width=\"125\">Pr\u0105d sta\u0142y bezpo\u015bredni<br \/>po\u0142\u0105czenie<\/td>\n<\/tr>\n<tr>\n<td rowspan=\"2\" width=\"124\">Miernik cz\u0119stotliwo\u015bci<\/td>\n<td width=\"393\">Napi\u0119cie: 110V, 220V, 380V, 440V<\/td>\n<td rowspan=\"2\" width=\"125\">\u2026\u2026<\/td>\n<\/tr>\n<tr>\n<td width=\"393\">Cz\u0119stotliwo\u015b\u0107: 45-55Hz, 45-65Hz<\/td>\n<\/tr>\n<tr>\n<td rowspan=\"2\" width=\"124\">Miernik wsp\u00f3\u0142czynnika mocy<br \/>(cos\u03c6)<\/td>\n<td width=\"393\">Napi\u0119cie: 110 V, 220 V, 380 V, 440 V Pr\u0105d: 1 A lub 5 A<\/td>\n<td rowspan=\"2\" width=\"125\">Do 1-fazowego lub <br \/>3-fazowy<\/td>\n<td rowspan=\"2\" width=\"128\">Klasa 2.5<\/td>\n<\/tr>\n<tr>\n<td width=\"393\">Skala: 0,5 cap-1-0,5 ind, 0,3 cap-1-0,1 ind, 0,7 cap-1-0,2 ind<\/td>\n<\/tr>\n<tr>\n<td width=\"124\">Miernik mocy<br \/>(KW lub VAR)<\/td>\n<td width=\"393\">Napi\u0119cie: 110 V, 220 V, 380 V, 440 V Pr\u0105d: 1 A lub 5 A<\/td>\n<td width=\"125\">Dla 1P, 3P 3W, 3P <br \/>4W z CT lub PT<\/td>\n<td width=\"128\">Klasa 1.5<\/td>\n<\/tr>\n<\/tbody>\n<\/table>","protected":false},"parent":0,"template":"","product_category":[75,124],"class_list":["post-2544","product","type-product","status-publish","hentry","product_category-instruments","product_category-panel-meter"],"yoast_head":"<!-- This site is optimized with the Yoast SEO plugin v27.5 - https:\/\/yoast.com\/product\/yoast-seo-wordpress\/ -->\n<title>WholesaleAnalog Panel Meter SE - TOSUNlux Official Site - Electrical Circuit Breaker Manufacturer in China Low Voltage Electrical Supplier | TOSUNlux<\/title>\n<meta name=\"description\" content=\"Analog Panel Meter SE Supplier - Wholesale direct from TOSUNlux, a trusted manufacturer since 1994. Get your B2B factory quote on our certified Low Voltage electrical products.\" \/>\n<meta name=\"robots\" content=\"index, follow, max-snippet:-1, max-image-preview:large, max-video-preview:-1\" \/>\n<link rel=\"canonical\" href=\"https:\/\/www.tosunlux.eu\/pl\/products\/analog-panel-meter-se\/\" \/>\n<meta property=\"og:locale\" content=\"pl_PL\" \/>\n<meta property=\"og:type\" content=\"article\" \/>\n<meta property=\"og:title\" content=\"WholesaleAnalog Panel Meter SE - TOSUNlux Official Site - Electrical Circuit Breaker Manufacturer in China Low Voltage Electrical Supplier | TOSUNlux\" \/>\n<meta property=\"og:description\" content=\"Analog Panel Meter SE Supplier - Wholesale direct from TOSUNlux, a trusted manufacturer since 1994. Get your B2B factory quote on our certified Low Voltage electrical products.\" \/>\n<meta property=\"og:url\" content=\"https:\/\/www.tosunlux.eu\/pl\/products\/analog-panel-meter-se\/\" \/>\n<meta property=\"og:site_name\" content=\"TOSUNlux Official Site - Electrical Circuit Breaker Manufacturer in China\" \/>\n<meta property=\"article:publisher\" content=\"https:\/\/www.facebook.com\/TOSUNelectric\/\" \/>\n<meta property=\"article:modified_time\" content=\"2022-09-30T07:57:50+00:00\" \/>\n<meta property=\"og:image\" content=\"https:\/\/www.tosunlux.eu\/wp-content\/uploads\/2023\/04\/DSC08160_\u526f\u672c.jpg\" \/>\n\t<meta property=\"og:image:width\" content=\"1500\" \/>\n\t<meta property=\"og:image:height\" content=\"940\" \/>\n\t<meta property=\"og:image:type\" content=\"image\/jpeg\" \/>\n<meta name=\"twitter:card\" content=\"summary_large_image\" \/>\n<meta name=\"twitter:label1\" content=\"Szacowany czas czytania\" \/>\n\t<meta name=\"twitter:data1\" content=\"2 minuty\" \/>\n<script type=\"application\/ld+json\" class=\"yoast-schema-graph\">{\"@context\":\"https:\\\/\\\/schema.org\",\"@graph\":[{\"@type\":\"WebPage\",\"@id\":\"https:\\\/\\\/www.tosunlux.eu\\\/nl\\\/products\\\/analog-panel-meter-se\\\/\",\"url\":\"https:\\\/\\\/www.tosunlux.eu\\\/nl\\\/products\\\/analog-panel-meter-se\\\/\",\"name\":\"WholesaleAnalog Panel Meter SE - TOSUNlux Official Site - Electrical Circuit Breaker Manufacturer in China Low Voltage Electrical Supplier | TOSUNlux\",\"isPartOf\":{\"@id\":\"https:\\\/\\\/www.tosunlux.eu\\\/ru\\\/#website\"},\"datePublished\":\"2022-05-12T03:00:43+00:00\",\"dateModified\":\"2022-09-30T07:57:50+00:00\",\"description\":\"Analog Panel Meter SE Supplier - Wholesale direct from TOSUNlux, a trusted manufacturer since 1994. Get your B2B factory quote on our certified Low Voltage electrical products.\",\"breadcrumb\":{\"@id\":\"https:\\\/\\\/www.tosunlux.eu\\\/nl\\\/products\\\/analog-panel-meter-se\\\/#breadcrumb\"},\"inLanguage\":\"pl-PL\",\"potentialAction\":[{\"@type\":\"ReadAction\",\"target\":[\"https:\\\/\\\/www.tosunlux.eu\\\/nl\\\/products\\\/analog-panel-meter-se\\\/\"]}]},{\"@type\":\"BreadcrumbList\",\"@id\":\"https:\\\/\\\/www.tosunlux.eu\\\/nl\\\/products\\\/analog-panel-meter-se\\\/#breadcrumb\",\"itemListElement\":[{\"@type\":\"ListItem\",\"position\":1,\"name\":\"Home\",\"item\":\"https:\\\/\\\/www.tosunlux.eu\\\/ru\\\/\"},{\"@type\":\"ListItem\",\"position\":2,\"name\":\"Products\",\"item\":\"https:\\\/\\\/www.tosunlux.eu\\\/products\\\/\"},{\"@type\":\"ListItem\",\"position\":3,\"name\":\"Analog Panel Meter SE\"}]},{\"@type\":\"WebSite\",\"@id\":\"https:\\\/\\\/www.tosunlux.eu\\\/ru\\\/#website\",\"url\":\"https:\\\/\\\/www.tosunlux.eu\\\/ru\\\/\",\"name\":\"TOSUNlux Official Site - Electrical Circuit Breaker Manufacturer in China\",\"description\":\"Power Distribution System Supplier\",\"publisher\":{\"@id\":\"https:\\\/\\\/www.tosunlux.eu\\\/ru\\\/#organization\"},\"alternateName\":\"TOSUNlux\",\"potentialAction\":[{\"@type\":\"SearchAction\",\"target\":{\"@type\":\"EntryPoint\",\"urlTemplate\":\"https:\\\/\\\/www.tosunlux.eu\\\/ru\\\/?s={search_term_string}\"},\"query-input\":{\"@type\":\"PropertyValueSpecification\",\"valueRequired\":true,\"valueName\":\"search_term_string\"}}],\"inLanguage\":\"pl-PL\"},{\"@type\":\"Organization\",\"@id\":\"https:\\\/\\\/www.tosunlux.eu\\\/ru\\\/#organization\",\"name\":\"TOSUNlux\",\"url\":\"https:\\\/\\\/www.tosunlux.eu\\\/ru\\\/\",\"logo\":{\"@type\":\"ImageObject\",\"inLanguage\":\"pl-PL\",\"@id\":\"https:\\\/\\\/www.tosunlux.eu\\\/ru\\\/#\\\/schema\\\/logo\\\/image\\\/\",\"url\":\"https:\\\/\\\/www.tosunlux.eu\\\/wp-content\\\/uploads\\\/2022\\\/01\\\/LOGOSYSM.71762f1.png\",\"contentUrl\":\"https:\\\/\\\/www.tosunlux.eu\\\/wp-content\\\/uploads\\\/2022\\\/01\\\/LOGOSYSM.71762f1.png\",\"width\":153,\"height\":55,\"caption\":\"TOSUNlux\"},\"image\":{\"@id\":\"https:\\\/\\\/www.tosunlux.eu\\\/ru\\\/#\\\/schema\\\/logo\\\/image\\\/\"},\"sameAs\":[\"https:\\\/\\\/www.facebook.com\\\/TOSUNelectric\\\/\",\"https:\\\/\\\/www.linkedin.com\\\/company\\\/wenzhou-tosun-electric-co.-ltd\\\/\"]}]}<\/script>\n<!-- \/ Yoast SEO plugin. -->","yoast_head_json":{"title":"Hurtowy analogowy miernik panelowy SE - Oficjalna strona TOSUNlux - Producent wy\u0142\u0105cznik\u00f3w elektrycznych w Chinach Dostawca urz\u0105dze\u0144 elektrycznych niskiego napi\u0119cia | TOSUNlux","description":"Dostawca analogowych miernik\u00f3w panelowych SE - sprzeda\u017c hurtowa bezpo\u015brednio od TOSUNlux, zaufanego producenta od 1994 r. Uzyskaj wycen\u0119 fabryczn\u0105 B2B na nasze certyfikowane produkty elektryczne niskiego napi\u0119cia.","robots":{"index":"index","follow":"follow","max-snippet":"max-snippet:-1","max-image-preview":"max-image-preview:large","max-video-preview":"max-video-preview:-1"},"canonical":"https:\/\/www.tosunlux.eu\/pl\/products\/analog-panel-meter-se\/","og_locale":"pl_PL","og_type":"article","og_title":"WholesaleAnalog Panel Meter SE - TOSUNlux Official Site - Electrical Circuit Breaker Manufacturer in China Low Voltage Electrical Supplier | TOSUNlux","og_description":"Analog Panel Meter SE Supplier - Wholesale direct from TOSUNlux, a trusted manufacturer since 1994. Get your B2B factory quote on our certified Low Voltage electrical products.","og_url":"https:\/\/www.tosunlux.eu\/pl\/products\/analog-panel-meter-se\/","og_site_name":"TOSUNlux Official Site - Electrical Circuit Breaker Manufacturer in China","article_publisher":"https:\/\/www.facebook.com\/TOSUNelectric\/","article_modified_time":"2022-09-30T07:57:50+00:00","og_image":[{"width":1500,"height":940,"url":"https:\/\/www.tosunlux.eu\/wp-content\/uploads\/2023\/04\/DSC08160_\u526f\u672c.jpg","type":"image\/jpeg"}],"twitter_card":"summary_large_image","twitter_misc":{"Szacowany czas czytania":"2 minuty"},"schema":{"@context":"https:\/\/schema.org","@graph":[{"@type":"WebPage","@id":"https:\/\/www.tosunlux.eu\/nl\/products\/analog-panel-meter-se\/","url":"https:\/\/www.tosunlux.eu\/nl\/products\/analog-panel-meter-se\/","name":"Hurtowy analogowy miernik panelowy SE - Oficjalna strona TOSUNlux - Producent wy\u0142\u0105cznik\u00f3w elektrycznych w Chinach Dostawca urz\u0105dze\u0144 elektrycznych niskiego napi\u0119cia | TOSUNlux","isPartOf":{"@id":"https:\/\/www.tosunlux.eu\/ru\/#website"},"datePublished":"2022-05-12T03:00:43+00:00","dateModified":"2022-09-30T07:57:50+00:00","description":"Dostawca analogowych miernik\u00f3w panelowych SE - sprzeda\u017c hurtowa bezpo\u015brednio od TOSUNlux, zaufanego producenta od 1994 r. Uzyskaj wycen\u0119 fabryczn\u0105 B2B na nasze certyfikowane produkty elektryczne niskiego napi\u0119cia.","breadcrumb":{"@id":"https:\/\/www.tosunlux.eu\/nl\/products\/analog-panel-meter-se\/#breadcrumb"},"inLanguage":"pl-PL","potentialAction":[{"@type":"ReadAction","target":["https:\/\/www.tosunlux.eu\/nl\/products\/analog-panel-meter-se\/"]}]},{"@type":"BreadcrumbList","@id":"https:\/\/www.tosunlux.eu\/nl\/products\/analog-panel-meter-se\/#breadcrumb","itemListElement":[{"@type":"ListItem","position":1,"name":"Home","item":"https:\/\/www.tosunlux.eu\/ru\/"},{"@type":"ListItem","position":2,"name":"Products","item":"https:\/\/www.tosunlux.eu\/products\/"},{"@type":"ListItem","position":3,"name":"Analog Panel Meter SE"}]},{"@type":"WebSite","@id":"https:\/\/www.tosunlux.eu\/ru\/#website","url":"https:\/\/www.tosunlux.eu\/ru\/","name":"Oficjalna strona TOSUNlux - Producent wy\u0142\u0105cznik\u00f3w elektrycznych w Chinach","description":"Dostawca system\u00f3w dystrybucji energii","publisher":{"@id":"https:\/\/www.tosunlux.eu\/ru\/#organization"},"alternateName":"TOSUNlux","potentialAction":[{"@type":"SearchAction","target":{"@type":"EntryPoint","urlTemplate":"https:\/\/www.tosunlux.eu\/ru\/?s={search_term_string}"},"query-input":{"@type":"PropertyValueSpecification","valueRequired":true,"valueName":"search_term_string"}}],"inLanguage":"pl-PL"},{"@type":"Organization","@id":"https:\/\/www.tosunlux.eu\/ru\/#organization","name":"TOSUNlux","url":"https:\/\/www.tosunlux.eu\/ru\/","logo":{"@type":"ImageObject","inLanguage":"pl-PL","@id":"https:\/\/www.tosunlux.eu\/ru\/#\/schema\/logo\/image\/","url":"https:\/\/www.tosunlux.eu\/wp-content\/uploads\/2022\/01\/LOGOSYSM.71762f1.png","contentUrl":"https:\/\/www.tosunlux.eu\/wp-content\/uploads\/2022\/01\/LOGOSYSM.71762f1.png","width":153,"height":55,"caption":"TOSUNlux"},"image":{"@id":"https:\/\/www.tosunlux.eu\/ru\/#\/schema\/logo\/image\/"},"sameAs":["https:\/\/www.facebook.com\/TOSUNelectric\/","https:\/\/www.linkedin.com\/company\/wenzhou-tosun-electric-co.-ltd\/"]}]}},"_links":{"self":[{"href":"https:\/\/www.tosunlux.eu\/pl\/wp-json\/wp\/v2\/product\/2544","targetHints":{"allow":["GET"]}}],"collection":[{"href":"https:\/\/www.tosunlux.eu\/pl\/wp-json\/wp\/v2\/product"}],"about":[{"href":"https:\/\/www.tosunlux.eu\/pl\/wp-json\/wp\/v2\/types\/product"}],"version-history":[{"count":0,"href":"https:\/\/www.tosunlux.eu\/pl\/wp-json\/wp\/v2\/product\/2544\/revisions"}],"wp:attachment":[{"href":"https:\/\/www.tosunlux.eu\/pl\/wp-json\/wp\/v2\/media?parent=2544"}],"wp:term":[{"taxonomy":"product_category","embeddable":true,"href":"https:\/\/www.tosunlux.eu\/pl\/wp-json\/wp\/v2\/product_category?post=2544"}],"curies":[{"name":"wp","href":"https:\/\/api.w.org\/{rel}","templated":true}]}}