{"id":2567,"date":"2022-05-12T14:16:12","date_gmt":"2022-05-12T06:16:12","guid":{"rendered":"https:\/\/www.tosunlux.eu\/?post_type=product&#038;p=2567"},"modified":"2023-09-13T09:18:21","modified_gmt":"2023-09-13T01:18:21","slug":"tsc-d40-ac-contactor","status":"publish","type":"product","link":"https:\/\/www.tosunlux.eu\/pl\/products\/tsc-d40-ac-contactor\/","title":{"rendered":"Stycznik pr\u0105du przemiennego TSC-D40"},"content":{"rendered":"<pre class=\"wp-block-verse\"><strong>Aplikacja<\/strong>\n\n\nStycznik pr\u0105du przemiennego serii TSC-D nadaje si\u0119 do stosowania w obwodach do napi\u0119cia znamionowego 660 V AC 50 Hz lub 60 Hz, pr\u0105du znamionowego do 95 A, do za\u0142\u0105czania, wy\u0142\u0105czania, cz\u0119stego uruchamiania i sterowania silnikiem pr\u0105du przemiennego. W po\u0142\u0105czeniu z blokiem styk\u00f3w pomocniczych, timerem op\u00f3\u017aniaj\u0105cym i urz\u0105dzeniem blokuj\u0105cym maszyn\u0119 itp. staje si\u0119 stycznikiem op\u00f3\u017aniaj\u0105cym, stycznikiem blokuj\u0105cym mechanicznie, rozrusznikiem gwiazda-tr\u00f3jk\u0105t. Z przeka\u017anikiem termicznym jest po\u0142\u0105czony z rozrusznikiem elektromagnetycznym. Produkty s\u0105 zgodne z norm\u0105 IEC60947-4.\n\n<strong>Specyfikacja<\/strong>\n\n\n<\/pre>\n\n\n<table style=\"border-collapse: collapse; width: 565.52pt;\" border=\"0\" width=\"754\" cellspacing=\"0\" cellpadding=\"0\">\n<tbody>\n<tr style=\"height: 25.00pt;\">\n<td class=\"et2\" style=\"height: 25pt; width: 217.1pt; text-align: center;\" colspan=\"2\" width=\"289\" height=\"33\">Model<\/td>\n<td class=\"et2\" style=\"width: 69.7pt; text-align: center;\" width=\"92\">TSC-D40<\/td>\n<td class=\"et2\" style=\"width: 68.75pt; text-align: center;\" width=\"91\">TSC-D50<\/td>\n<td class=\"et2\" style=\"width: 70.65pt; text-align: center;\" width=\"94\">TSC-D65<\/td>\n<td class=\"et2\" style=\"width: 67.8pt; text-align: center;\" width=\"90\">TSC-D80<\/td>\n<td class=\"et2\" style=\"width: 71.6pt; text-align: center;\" width=\"95\">TSC-D95<\/td>\n<\/tr>\n<tr style=\"height: 24.00pt;\">\n<td class=\"et2\" style=\"height: 49pt; width: 144.55pt; text-align: center;\" rowspan=\"2\" width=\"192\" height=\"65\">Pr\u0105d znamionowy roboczy (A)<\/td>\n<td class=\"et2\" style=\"width: 72.55pt; text-align: center;\" width=\"96\">AC3<\/td>\n<td class=\"et2\" style=\"width: 69.7pt; text-align: center;\" width=\"92\">40<\/td>\n<td class=\"et2\" style=\"width: 68.75pt; text-align: center;\" width=\"91\">50<\/td>\n<td class=\"et2\" style=\"width: 70.65pt; text-align: center;\" width=\"94\">65<\/td>\n<td class=\"et2\" style=\"width: 67.8pt; text-align: center;\" width=\"90\">80<\/td>\n<td class=\"et2\" style=\"width: 71.6pt; text-align: center;\" width=\"95\">95<\/td>\n<\/tr>\n<tr style=\"height: 25.00pt;\">\n<td class=\"et2\" style=\"width: 72.55pt; text-align: center;\" width=\"96\">AC4<\/td>\n<td class=\"et2\" style=\"width: 69.7pt; text-align: center;\" width=\"92\">16<\/td>\n<td class=\"et2\" style=\"width: 68.75pt; text-align: center;\" width=\"91\">20<\/td>\n<td class=\"et2\" style=\"width: 70.65pt; text-align: center;\" width=\"94\">25<\/td>\n<td class=\"et2\" style=\"width: 67.8pt; text-align: center;\" width=\"90\">32<\/td>\n<td class=\"et2\" style=\"width: 71.6pt; text-align: center;\" width=\"95\">38<\/td>\n<\/tr>\n<tr style=\"height: 24.00pt;\">\n<td class=\"et2\" style=\"height: 123pt; width: 144.55pt; text-align: center;\" rowspan=\"5\" width=\"192\" height=\"164\">Moc AC3 silnika klatkowego fazy 3 AC3(KW)<\/td>\n<td class=\"et2\" style=\"width: 72.55pt; text-align: center;\" width=\"96\">220\/230V<\/td>\n<td class=\"et2\" style=\"width: 69.7pt; text-align: center;\" width=\"92\">11<\/td>\n<td class=\"et2\" style=\"width: 68.75pt; text-align: center;\" width=\"91\">15<\/td>\n<td class=\"et2\" style=\"width: 70.65pt; text-align: center;\" width=\"94\">18.5<\/td>\n<td class=\"et2\" style=\"width: 67.8pt; text-align: center;\" width=\"90\">22<\/td>\n<td class=\"et2\" style=\"width: 71.6pt; text-align: center;\" width=\"95\">25<\/td>\n<\/tr>\n<tr style=\"height: 25.00pt;\">\n<td class=\"et2\" style=\"width: 72.55pt; text-align: center;\" width=\"96\">380\/400 V<\/td>\n<td class=\"et2\" style=\"width: 69.7pt; text-align: center;\" width=\"92\">18.5<\/td>\n<td class=\"et2\" style=\"width: 68.75pt; text-align: center;\" width=\"91\">22<\/td>\n<td class=\"et2\" style=\"width: 70.65pt; text-align: center;\" width=\"94\">30<\/td>\n<td class=\"et2\" style=\"width: 67.8pt; text-align: center;\" width=\"90\">37<\/td>\n<td class=\"et2\" style=\"width: 71.6pt; text-align: center;\" width=\"95\">45<\/td>\n<\/tr>\n<tr style=\"height: 24.00pt;\">\n<td class=\"et2\" style=\"width: 72.55pt; text-align: center;\" width=\"96\">415 V<\/td>\n<td class=\"et2\" style=\"width: 69.7pt; text-align: center;\" width=\"92\">22<\/td>\n<td class=\"et2\" style=\"width: 68.75pt; text-align: center;\" width=\"91\">25<\/td>\n<td class=\"et2\" style=\"width: 70.65pt; text-align: center;\" width=\"94\">37<\/td>\n<td class=\"et2\" style=\"width: 67.8pt; text-align: center;\" width=\"90\">45<\/td>\n<td class=\"et2\" style=\"width: 71.6pt; text-align: center;\" width=\"95\">45<\/td>\n<\/tr>\n<tr style=\"height: 26.00pt;\">\n<td class=\"et2\" style=\"width: 72.55pt; text-align: center;\" width=\"96\">500 V<\/td>\n<td class=\"et2\" style=\"width: 69.7pt; text-align: center;\" width=\"92\">22<\/td>\n<td class=\"et2\" style=\"width: 68.75pt; text-align: center;\" width=\"91\">30<\/td>\n<td class=\"et2\" style=\"width: 70.65pt; text-align: center;\" width=\"94\">37<\/td>\n<td class=\"et2\" style=\"width: 67.8pt; text-align: center;\" width=\"90\">55<\/td>\n<td class=\"et2\" style=\"width: 71.6pt; text-align: center;\" width=\"95\">55<\/td>\n<\/tr>\n<tr style=\"height: 24.00pt;\">\n<td class=\"et2\" style=\"width: 72.55pt; text-align: center;\" width=\"96\">660\/690 V<\/td>\n<td class=\"et2\" style=\"width: 69.7pt; text-align: center;\" width=\"92\">30<\/td>\n<td class=\"et2\" style=\"width: 68.75pt; text-align: center;\" width=\"91\">33<\/td>\n<td class=\"et2\" style=\"width: 70.65pt; text-align: center;\" width=\"94\">37<\/td>\n<td class=\"et2\" style=\"width: 67.8pt; text-align: center;\" width=\"90\">45<\/td>\n<td class=\"et2\" style=\"width: 71.6pt; text-align: center;\" width=\"95\">55<\/td>\n<\/tr>\n<tr style=\"height: 24.00pt;\">\n<td class=\"et2\" style=\"height: 24pt; width: 217.1pt; text-align: center;\" colspan=\"2\" width=\"289\" height=\"32\">Pr\u0105d cieplny znamionowy (A)<\/td>\n<td class=\"et2\" style=\"width: 69.7pt; text-align: center;\" width=\"92\">60<\/td>\n<td class=\"et2\" style=\"width: 68.75pt; text-align: center;\" width=\"91\">80<\/td>\n<td class=\"et2\" style=\"width: 70.65pt; text-align: center;\" width=\"94\">80<\/td>\n<td class=\"et2\" style=\"width: 67.8pt; text-align: center;\" width=\"90\">95<\/td>\n<td class=\"et2\" style=\"width: 71.6pt; text-align: center;\" width=\"95\">110<\/td>\n<\/tr>\n<tr style=\"height: 26.00pt;\">\n<td class=\"et2\" style=\"height: 50pt; width: 144.55pt; text-align: center;\" rowspan=\"2\" width=\"192\" height=\"66\">\u017bycie elektryczne<\/td>\n<td class=\"et2\" style=\"width: 72.55pt; text-align: center;\" width=\"96\">AC3x 100000<\/td>\n<td class=\"et2\" style=\"width: 69.7pt; text-align: center;\" width=\"92\">80<\/td>\n<td class=\"et2\" style=\"width: 68.75pt; text-align: center;\" width=\"91\">60<\/td>\n<td class=\"et2\" style=\"width: 70.65pt; text-align: center;\" width=\"94\">60<\/td>\n<td class=\"et2\" style=\"width: 67.8pt; text-align: center;\" width=\"90\">60<\/td>\n<td class=\"et2\" style=\"width: 71.6pt; text-align: center;\" width=\"95\">60<\/td>\n<\/tr>\n<tr style=\"height: 24.00pt;\">\n<td class=\"et2\" style=\"width: 72.55pt; text-align: center;\" width=\"96\">AC4x100000<\/td>\n<td class=\"et2\" style=\"width: 69.7pt; text-align: center;\" width=\"92\">15<\/td>\n<td class=\"et2\" style=\"width: 68.75pt; text-align: center;\" width=\"91\">15<\/td>\n<td class=\"et2\" style=\"width: 70.65pt; text-align: center;\" width=\"94\">15<\/td>\n<td class=\"et2\" style=\"width: 67.8pt; text-align: center;\" width=\"90\">10<\/td>\n<td class=\"et2\" style=\"width: 71.6pt; text-align: center;\" width=\"95\">10<\/td>\n<\/tr>\n<tr style=\"height: 25.00pt;\">\n<td class=\"et2\" style=\"height: 25pt; width: 217.1pt; text-align: center;\" colspan=\"2\" width=\"289\" height=\"33\">\u017bywotno\u015b\u0107 mechaniczna x 10<\/td>\n<td class=\"et2\" style=\"width: 69.7pt; text-align: center;\" width=\"92\">800<\/td>\n<td class=\"et2\" style=\"width: 68.75pt; text-align: center;\" width=\"91\">800<\/td>\n<td class=\"et2\" style=\"width: 70.65pt; text-align: center;\" width=\"94\">800<\/td>\n<td class=\"et2\" style=\"width: 67.8pt; text-align: center;\" width=\"90\">600<\/td>\n<td class=\"et2\" style=\"width: 71.6pt; text-align: center;\" width=\"95\">600<\/td>\n<\/tr>\n<tr style=\"height: 23.00pt;\">\n<td class=\"et2\" style=\"height: 23pt; width: 217.1pt; text-align: center;\" colspan=\"2\" width=\"289\" height=\"30\">Liczba kontakt\u00f3w<\/td>\n<td class=\"et2\" style=\"width: 348.5pt; text-align: center;\" colspan=\"5\" width=\"464\">3P+NIE+NIE<\/td>\n<\/tr>\n<\/tbody>\n<\/table>","protected":false},"parent":0,"template":"","product_category":[35,89],"class_list":["post-2567","product","type-product","status-publish","hentry","product_category-industrial-control-devices","product_category-ac-contactor-accessory"],"yoast_head":"<!-- This site is optimized with the Yoast SEO plugin v27.4 - https:\/\/yoast.com\/product\/yoast-seo-wordpress\/ -->\n<title>WholesaleTSC-D40 AC Contactor - TOSUNlux Official Site - Electrical Circuit Breaker Manufacturer in China Low Voltage Electrical Supplier | TOSUNlux<\/title>\n<meta name=\"description\" content=\"TSC-D40 AC Contactor Supplier - Wholesale direct from TOSUNlux, a trusted manufacturer since 1994. Get your B2B factory quote on our certified Low Voltage electrical products.\" \/>\n<meta name=\"robots\" content=\"index, follow, max-snippet:-1, max-image-preview:large, max-video-preview:-1\" \/>\n<link rel=\"canonical\" href=\"https:\/\/www.tosunlux.eu\/pl\/products\/tsc-d40-ac-contactor\/\" \/>\n<meta property=\"og:locale\" content=\"pl_PL\" \/>\n<meta property=\"og:type\" content=\"article\" \/>\n<meta property=\"og:title\" content=\"WholesaleTSC-D40 AC Contactor - TOSUNlux Official Site - Electrical Circuit Breaker Manufacturer in China Low Voltage Electrical Supplier | TOSUNlux\" \/>\n<meta property=\"og:description\" content=\"TSC-D40 AC Contactor Supplier - Wholesale direct from TOSUNlux, a trusted manufacturer since 1994. Get your B2B factory quote on our certified Low Voltage electrical products.\" \/>\n<meta property=\"og:url\" content=\"https:\/\/www.tosunlux.eu\/pl\/products\/tsc-d40-ac-contactor\/\" \/>\n<meta property=\"og:site_name\" content=\"TOSUNlux Official Site - Electrical Circuit Breaker Manufacturer in China\" \/>\n<meta property=\"article:publisher\" content=\"https:\/\/www.facebook.com\/TOSUNelectric\/\" \/>\n<meta property=\"article:modified_time\" content=\"2023-09-13T01:18:21+00:00\" \/>\n<meta property=\"og:image\" content=\"https:\/\/www.tosunlux.eu\/wp-content\/uploads\/2023\/04\/DSC08160_\u526f\u672c.jpg\" \/>\n\t<meta property=\"og:image:width\" content=\"1500\" \/>\n\t<meta property=\"og:image:height\" content=\"940\" \/>\n\t<meta property=\"og:image:type\" content=\"image\/jpeg\" \/>\n<meta name=\"twitter:card\" content=\"summary_large_image\" \/>\n<meta name=\"twitter:label1\" content=\"Szacowany czas czytania\" \/>\n\t<meta name=\"twitter:data1\" content=\"1 minuta\" \/>\n<script type=\"application\/ld+json\" class=\"yoast-schema-graph\">{\"@context\":\"https:\\\/\\\/schema.org\",\"@graph\":[{\"@type\":\"WebPage\",\"@id\":\"https:\\\/\\\/www.tosunlux.eu\\\/pl\\\/products\\\/tsc-d40-ac-contactor\\\/\",\"url\":\"https:\\\/\\\/www.tosunlux.eu\\\/pl\\\/products\\\/tsc-d40-ac-contactor\\\/\",\"name\":\"WholesaleTSC-D40 AC Contactor - TOSUNlux Official Site - Electrical Circuit Breaker Manufacturer in China Low Voltage Electrical Supplier | TOSUNlux\",\"isPartOf\":{\"@id\":\"https:\\\/\\\/www.tosunlux.eu\\\/ru\\\/#website\"},\"datePublished\":\"2022-05-12T06:16:12+00:00\",\"dateModified\":\"2023-09-13T01:18:21+00:00\",\"description\":\"TSC-D40 AC Contactor Supplier - Wholesale direct from TOSUNlux, a trusted manufacturer since 1994. Get your B2B factory quote on our certified Low Voltage electrical products.\",\"breadcrumb\":{\"@id\":\"https:\\\/\\\/www.tosunlux.eu\\\/pl\\\/products\\\/tsc-d40-ac-contactor\\\/#breadcrumb\"},\"inLanguage\":\"pl-PL\",\"potentialAction\":[{\"@type\":\"ReadAction\",\"target\":[\"https:\\\/\\\/www.tosunlux.eu\\\/pl\\\/products\\\/tsc-d40-ac-contactor\\\/\"]}]},{\"@type\":\"BreadcrumbList\",\"@id\":\"https:\\\/\\\/www.tosunlux.eu\\\/pl\\\/products\\\/tsc-d40-ac-contactor\\\/#breadcrumb\",\"itemListElement\":[{\"@type\":\"ListItem\",\"position\":1,\"name\":\"Home\",\"item\":\"https:\\\/\\\/www.tosunlux.eu\\\/ru\\\/\"},{\"@type\":\"ListItem\",\"position\":2,\"name\":\"Products\",\"item\":\"https:\\\/\\\/www.tosunlux.eu\\\/products\\\/\"},{\"@type\":\"ListItem\",\"position\":3,\"name\":\"TSC-D40 AC Contactor\"}]},{\"@type\":\"WebSite\",\"@id\":\"https:\\\/\\\/www.tosunlux.eu\\\/ru\\\/#website\",\"url\":\"https:\\\/\\\/www.tosunlux.eu\\\/ru\\\/\",\"name\":\"TOSUNlux Official Site - Electrical Circuit Breaker Manufacturer in China\",\"description\":\"Power Distribution System Supplier\",\"publisher\":{\"@id\":\"https:\\\/\\\/www.tosunlux.eu\\\/ru\\\/#organization\"},\"alternateName\":\"TOSUNlux\",\"potentialAction\":[{\"@type\":\"SearchAction\",\"target\":{\"@type\":\"EntryPoint\",\"urlTemplate\":\"https:\\\/\\\/www.tosunlux.eu\\\/ru\\\/?s={search_term_string}\"},\"query-input\":{\"@type\":\"PropertyValueSpecification\",\"valueRequired\":true,\"valueName\":\"search_term_string\"}}],\"inLanguage\":\"pl-PL\"},{\"@type\":\"Organization\",\"@id\":\"https:\\\/\\\/www.tosunlux.eu\\\/ru\\\/#organization\",\"name\":\"TOSUNlux\",\"url\":\"https:\\\/\\\/www.tosunlux.eu\\\/ru\\\/\",\"logo\":{\"@type\":\"ImageObject\",\"inLanguage\":\"pl-PL\",\"@id\":\"https:\\\/\\\/www.tosunlux.eu\\\/ru\\\/#\\\/schema\\\/logo\\\/image\\\/\",\"url\":\"https:\\\/\\\/www.tosunlux.eu\\\/wp-content\\\/uploads\\\/2022\\\/01\\\/LOGOSYSM.71762f1.png\",\"contentUrl\":\"https:\\\/\\\/www.tosunlux.eu\\\/wp-content\\\/uploads\\\/2022\\\/01\\\/LOGOSYSM.71762f1.png\",\"width\":153,\"height\":55,\"caption\":\"TOSUNlux\"},\"image\":{\"@id\":\"https:\\\/\\\/www.tosunlux.eu\\\/ru\\\/#\\\/schema\\\/logo\\\/image\\\/\"},\"sameAs\":[\"https:\\\/\\\/www.facebook.com\\\/TOSUNelectric\\\/\",\"https:\\\/\\\/www.linkedin.com\\\/company\\\/wenzhou-tosun-electric-co.-ltd\\\/\"]}]}<\/script>\n<!-- \/ Yoast SEO plugin. -->","yoast_head_json":{"title":"Hurtowy stycznik pr\u0105du przemiennego TSC-D40 - Oficjalna strona TOSUNlux - Producent wy\u0142\u0105cznik\u00f3w obwodowych w Chinach Dostawca urz\u0105dze\u0144 niskonapi\u0119ciowych | TOSUNlux","description":"Dostawca stycznik\u00f3w pr\u0105du przemiennego TSC-D40 \u2014 hurtowo bezpo\u015brednio od TOSUNlux, zaufanego producenta od 1994 roku. Uzyskaj wycen\u0119 fabryczn\u0105 B2B na nasze certyfikowane produkty elektryczne niskiego napi\u0119cia.","robots":{"index":"index","follow":"follow","max-snippet":"max-snippet:-1","max-image-preview":"max-image-preview:large","max-video-preview":"max-video-preview:-1"},"canonical":"https:\/\/www.tosunlux.eu\/pl\/products\/tsc-d40-ac-contactor\/","og_locale":"pl_PL","og_type":"article","og_title":"WholesaleTSC-D40 AC Contactor - TOSUNlux Official Site - Electrical Circuit Breaker Manufacturer in China Low Voltage Electrical Supplier | TOSUNlux","og_description":"TSC-D40 AC Contactor Supplier - Wholesale direct from TOSUNlux, a trusted manufacturer since 1994. Get your B2B factory quote on our certified Low Voltage electrical products.","og_url":"https:\/\/www.tosunlux.eu\/pl\/products\/tsc-d40-ac-contactor\/","og_site_name":"TOSUNlux Official Site - Electrical Circuit Breaker Manufacturer in China","article_publisher":"https:\/\/www.facebook.com\/TOSUNelectric\/","article_modified_time":"2023-09-13T01:18:21+00:00","og_image":[{"width":1500,"height":940,"url":"https:\/\/www.tosunlux.eu\/wp-content\/uploads\/2023\/04\/DSC08160_\u526f\u672c.jpg","type":"image\/jpeg"}],"twitter_card":"summary_large_image","twitter_misc":{"Szacowany czas czytania":"1 minuta"},"schema":{"@context":"https:\/\/schema.org","@graph":[{"@type":"WebPage","@id":"https:\/\/www.tosunlux.eu\/pl\/products\/tsc-d40-ac-contactor\/","url":"https:\/\/www.tosunlux.eu\/pl\/products\/tsc-d40-ac-contactor\/","name":"Hurtowy stycznik pr\u0105du przemiennego TSC-D40 - Oficjalna strona TOSUNlux - Producent wy\u0142\u0105cznik\u00f3w obwodowych w Chinach Dostawca urz\u0105dze\u0144 niskonapi\u0119ciowych | TOSUNlux","isPartOf":{"@id":"https:\/\/www.tosunlux.eu\/ru\/#website"},"datePublished":"2022-05-12T06:16:12+00:00","dateModified":"2023-09-13T01:18:21+00:00","description":"Dostawca stycznik\u00f3w pr\u0105du przemiennego TSC-D40 \u2014 hurtowo bezpo\u015brednio od TOSUNlux, zaufanego producenta od 1994 roku. Uzyskaj wycen\u0119 fabryczn\u0105 B2B na nasze certyfikowane produkty elektryczne niskiego napi\u0119cia.","breadcrumb":{"@id":"https:\/\/www.tosunlux.eu\/pl\/products\/tsc-d40-ac-contactor\/#breadcrumb"},"inLanguage":"pl-PL","potentialAction":[{"@type":"ReadAction","target":["https:\/\/www.tosunlux.eu\/pl\/products\/tsc-d40-ac-contactor\/"]}]},{"@type":"BreadcrumbList","@id":"https:\/\/www.tosunlux.eu\/pl\/products\/tsc-d40-ac-contactor\/#breadcrumb","itemListElement":[{"@type":"ListItem","position":1,"name":"Home","item":"https:\/\/www.tosunlux.eu\/ru\/"},{"@type":"ListItem","position":2,"name":"Products","item":"https:\/\/www.tosunlux.eu\/products\/"},{"@type":"ListItem","position":3,"name":"TSC-D40 AC Contactor"}]},{"@type":"WebSite","@id":"https:\/\/www.tosunlux.eu\/ru\/#website","url":"https:\/\/www.tosunlux.eu\/ru\/","name":"Oficjalna strona TOSUNlux - Producent wy\u0142\u0105cznik\u00f3w elektrycznych w Chinach","description":"Dostawca system\u00f3w dystrybucji energii","publisher":{"@id":"https:\/\/www.tosunlux.eu\/ru\/#organization"},"alternateName":"TOSUNlux","potentialAction":[{"@type":"SearchAction","target":{"@type":"EntryPoint","urlTemplate":"https:\/\/www.tosunlux.eu\/ru\/?s={search_term_string}"},"query-input":{"@type":"PropertyValueSpecification","valueRequired":true,"valueName":"search_term_string"}}],"inLanguage":"pl-PL"},{"@type":"Organization","@id":"https:\/\/www.tosunlux.eu\/ru\/#organization","name":"TOSUNlux","url":"https:\/\/www.tosunlux.eu\/ru\/","logo":{"@type":"ImageObject","inLanguage":"pl-PL","@id":"https:\/\/www.tosunlux.eu\/ru\/#\/schema\/logo\/image\/","url":"https:\/\/www.tosunlux.eu\/wp-content\/uploads\/2022\/01\/LOGOSYSM.71762f1.png","contentUrl":"https:\/\/www.tosunlux.eu\/wp-content\/uploads\/2022\/01\/LOGOSYSM.71762f1.png","width":153,"height":55,"caption":"TOSUNlux"},"image":{"@id":"https:\/\/www.tosunlux.eu\/ru\/#\/schema\/logo\/image\/"},"sameAs":["https:\/\/www.facebook.com\/TOSUNelectric\/","https:\/\/www.linkedin.com\/company\/wenzhou-tosun-electric-co.-ltd\/"]}]}},"_links":{"self":[{"href":"https:\/\/www.tosunlux.eu\/pl\/wp-json\/wp\/v2\/product\/2567","targetHints":{"allow":["GET"]}}],"collection":[{"href":"https:\/\/www.tosunlux.eu\/pl\/wp-json\/wp\/v2\/product"}],"about":[{"href":"https:\/\/www.tosunlux.eu\/pl\/wp-json\/wp\/v2\/types\/product"}],"version-history":[{"count":2,"href":"https:\/\/www.tosunlux.eu\/pl\/wp-json\/wp\/v2\/product\/2567\/revisions"}],"predecessor-version":[{"id":7986,"href":"https:\/\/www.tosunlux.eu\/pl\/wp-json\/wp\/v2\/product\/2567\/revisions\/7986"}],"wp:attachment":[{"href":"https:\/\/www.tosunlux.eu\/pl\/wp-json\/wp\/v2\/media?parent=2567"}],"wp:term":[{"taxonomy":"product_category","embeddable":true,"href":"https:\/\/www.tosunlux.eu\/pl\/wp-json\/wp\/v2\/product_category?post=2567"}],"curies":[{"name":"wp","href":"https:\/\/api.w.org\/{rel}","templated":true}]}}