{"id":2635,"date":"2022-05-12T16:51:11","date_gmt":"2022-05-12T08:51:11","guid":{"rendered":"https:\/\/www.tosunlux.eu\/?post_type=product&#038;p=2635"},"modified":"2024-03-27T15:39:49","modified_gmt":"2024-03-27T07:39:49","slug":"tsr2-d-thermal-overload-relay","status":"publish","type":"product","link":"https:\/\/www.tosunlux.eu\/pl\/products\/tsr2-d-thermal-overload-relay\/","title":{"rendered":"Przeka\u017anik przeci\u0105\u017ceniowy termiczny TSR2-D"},"content":{"rendered":"<p><strong>Aplikacja<\/strong><\/p>\n\n\n\n<p><\/p>\n\n\n\n<p>T\u0119 seri\u0119 przeka\u017anik\u00f3w przeci\u0105\u017ceniowych termicznych mo\u017cna stosowa\u0107 w obwodach o cz\u0119stotliwo\u015bci 50 Hz lub 60 Hz,<br>napi\u0119cie izolacji 660V, pr\u0105d znamionowy 0,1-93A do ochrony przerwy fazowej przy<br>silnik elektryczny jest przeci\u0105\u017cony.<br>Przeka\u017anik ma inny mechanizm i kompensacj\u0119 temperatury i mo\u017ce by\u0107 pod\u0142\u0105czony do stycznika AC serii TSC-D lub TSC1-D. Jest to najbardziej zaawansowany przeka\u017anik termiczny w latach dziewi\u0119\u0107dziesi\u0105tych na \u015bwiecie. Produkty s\u0105 zgodne z norm\u0105 IEC 60947-5.<\/p>\n\n\n\n<p><\/p>\n\n\n\n<p><strong>Charakterystyka<\/strong><\/p>\n\n\n\n<p><\/p>\n\n\n\n<p>a. Podstawowy parametr obwodu g\u0142\u00f3wnego<br>(a). Znamionowe napi\u0119cie izolacji 660V.<br>(b) Znamionowy pr\u0105d roboczy 25,36,93A osobno.<br>(c). Uszczelnienie regulatora pr\u0105du znamionowego.<br>(d). Pr\u0105d sk\u0142adnik\u00f3w cieplnych (patrz lista 1)<br>b. Obw\u00f3d pomocniczy<br>(a). Jest jedna para styk\u00f3w N\/O i N\/C z izolacj\u0105 elektryczn\u0105.<br>(b) Znamionowe napi\u0119cie izolacji 500V.<br>(c). Cz\u0119stotliwo\u015b\u0107 znamionowa 50-60Hz.<br>(d). Grupa u\u017cytkowania, znamionowe napi\u0119cie robocze, wyznacz pr\u0105d cieplny i znamionowy pr\u0105d.<\/p>\n\n\n\n<p><\/p>\n\n\n\n<p><strong>Specyfikacja<\/strong><\/p>\n\n\n\n<p><\/p>\n\n\n\n<p><\/p>\n\n\n<table style=\"border-collapse: collapse; width: 770px; height: 1189px;\" border=\"0\" width=\"256\" cellspacing=\"0\" cellpadding=\"0\">\n<tbody>\n<tr style=\"height: 38.25pt;\">\n<td class=\"et1\" style=\"height: 114.75pt; width: 48.00pt;\" rowspan=\"2\" width=\"64\" height=\"153\">Model<\/td>\n<td class=\"et1\" style=\"width: 96.00pt;\" colspan=\"2\" rowspan=\"2\" width=\"128\">Pr\u0105d znamionowy roboczy<\/td>\n<td class=\"et1\" style=\"width: 48.00pt;\" width=\"64\">Sk\u0142adnik termiczny<\/td>\n<\/tr>\n<tr style=\"height: 76.50pt;\">\n<td class=\"et1\" style=\"width: 48.00pt;\" width=\"64\">Pr\u0105d znamionowy Zwyk\u0142y lub skalowany<br>(A) pr\u0105d znamionowy (A)<\/td>\n<\/tr>\n<tr style=\"height: 25.50pt;\">\n<td class=\"et1\" style=\"height: 357pt; width: 48pt; text-align: center;\" rowspan=\"14\" width=\"64\" height=\"476\">TSR2-D13<\/td>\n<td class=\"et1\" style=\"width: 48pt; text-align: center;\" rowspan=\"14\" width=\"64\">25A<\/td>\n<td class=\"et1\" style=\"width: 48pt; text-align: center;\" width=\"64\">1301<\/td>\n<td class=\"et1\" style=\"width: 48pt; text-align: center;\" width=\"64\">0.16 0.10-0.16<\/td>\n<\/tr>\n<tr style=\"height: 25.50pt;\">\n<td class=\"et1\" style=\"width: 48pt; text-align: center;\" width=\"64\">1302<\/td>\n<td class=\"et1\" style=\"width: 48pt; text-align: center;\" width=\"64\">0.25 0.16-0.25<\/td>\n<\/tr>\n<tr style=\"height: 25.50pt;\">\n<td class=\"et1\" style=\"width: 48pt; text-align: center;\" width=\"64\">1303<\/td>\n<td class=\"et1\" style=\"width: 48pt; text-align: center;\" width=\"64\">0.40 0.25-0.40<\/td>\n<\/tr>\n<tr style=\"height: 25.50pt;\">\n<td class=\"et1\" style=\"width: 48pt; text-align: center;\" width=\"64\">1304<\/td>\n<td class=\"et1\" style=\"width: 48pt; text-align: center;\" width=\"64\">0.63 0.40-0.63<\/td>\n<\/tr>\n<tr style=\"height: 25.50pt;\">\n<td class=\"et1\" style=\"width: 48pt; text-align: center;\" width=\"64\">1305<\/td>\n<td class=\"et1\" style=\"width: 48pt; text-align: center;\" width=\"64\">1.0 0.63-1.0<\/td>\n<\/tr>\n<tr style=\"height: 25.50pt;\">\n<td class=\"et1\" style=\"width: 48pt; text-align: center;\" width=\"64\">1306<\/td>\n<td class=\"et1\" style=\"width: 48pt; text-align: center;\" width=\"64\">1.6 1.0-1.6<\/td>\n<\/tr>\n<tr style=\"height: 25.50pt;\">\n<td class=\"et1\" style=\"width: 48pt; text-align: center;\" width=\"64\">1307<\/td>\n<td class=\"et1\" style=\"width: 48pt; text-align: center;\" width=\"64\">2.5 1.6-2.5<\/td>\n<\/tr>\n<tr style=\"height: 25.50pt;\">\n<td class=\"et1\" style=\"width: 48pt; text-align: center;\" width=\"64\">1308<\/td>\n<td class=\"et1\" style=\"width: 48pt; text-align: center;\" width=\"64\">4.0 2.5-4.0<\/td>\n<\/tr>\n<tr style=\"height: 25.50pt;\">\n<td class=\"et1\" style=\"width: 48pt; text-align: center;\" width=\"64\">1310<\/td>\n<td class=\"et1\" style=\"width: 48pt; text-align: center;\" width=\"64\">6.0 4.0-6.0<\/td>\n<\/tr>\n<tr style=\"height: 25.50pt;\">\n<td class=\"et1\" style=\"width: 48pt; text-align: center;\" width=\"64\">1312<\/td>\n<td class=\"et1\" style=\"width: 48pt; text-align: center;\" width=\"64\">8.0 5.5-8.0<\/td>\n<\/tr>\n<tr style=\"height: 25.50pt;\">\n<td class=\"et1\" style=\"width: 48pt; text-align: center;\" width=\"64\">1314<\/td>\n<td class=\"et1\" style=\"width: 48pt; text-align: center;\" width=\"64\">10.0 7.0-10.0<\/td>\n<\/tr>\n<tr style=\"height: 25.50pt;\">\n<td class=\"et1\" style=\"width: 48pt; text-align: center;\" width=\"64\">1316<\/td>\n<td class=\"et1\" style=\"width: 48pt; text-align: center;\" width=\"64\">13.0 9.0-13.0<\/td>\n<\/tr>\n<tr style=\"height: 25.50pt;\">\n<td class=\"et1\" style=\"width: 48pt; text-align: center;\" width=\"64\">1321<\/td>\n<td class=\"et1\" style=\"width: 48pt; text-align: center;\" width=\"64\">18.0 12.0-18.0<\/td>\n<\/tr>\n<tr style=\"height: 25.50pt;\">\n<td class=\"et1\" style=\"width: 48pt; text-align: center;\" width=\"64\">1322<\/td>\n<td class=\"et1\" style=\"width: 48pt; text-align: center;\" width=\"64\">25.0 17.0-25.0<\/td>\n<\/tr>\n<tr style=\"height: 25.50pt;\">\n<td class=\"et1\" style=\"height: 51pt; width: 48pt; text-align: center;\" rowspan=\"2\" width=\"64\" height=\"68\">TSR2-D23<\/td>\n<td class=\"et1\" style=\"width: 48pt; text-align: center;\" rowspan=\"2\" width=\"64\">36A<\/td>\n<td class=\"et1\" style=\"width: 48pt; text-align: center;\" width=\"64\">TSR2-D 2353<\/td>\n<td class=\"et1\" style=\"width: 48pt; text-align: center;\" width=\"64\">32 23.0-32.0<\/td>\n<\/tr>\n<tr style=\"height: 25.50pt;\">\n<td class=\"et1\" style=\"width: 48pt; text-align: center;\" width=\"64\">2355<\/td>\n<td class=\"et1\" style=\"width: 48pt; text-align: center;\" width=\"64\">36 28.0-36.0<\/td>\n<\/tr>\n<tr style=\"height: 25.50pt;\">\n<td class=\"et1\" style=\"height: 178.5pt; width: 48pt; text-align: center;\" rowspan=\"7\" width=\"64\" height=\"238\">TSR2-D33<\/td>\n<td class=\"et1\" style=\"width: 48pt; text-align: center;\" rowspan=\"7\" width=\"64\">93A<\/td>\n<td class=\"et1\" style=\"width: 48pt; text-align: center;\" width=\"64\">TSR2-D 3353<\/td>\n<td class=\"et1\" style=\"width: 48pt; text-align: center;\" width=\"64\">32 23.0-32.0<\/td>\n<\/tr>\n<tr style=\"height: 25.50pt;\">\n<td class=\"et1\" style=\"width: 48pt; text-align: center;\" width=\"64\">3355<\/td>\n<td class=\"et1\" style=\"width: 48pt; text-align: center;\" width=\"64\">40 30.0-40.0<\/td>\n<\/tr>\n<tr style=\"height: 25.50pt;\">\n<td class=\"et1\" style=\"width: 48pt; text-align: center;\" width=\"64\">3357<\/td>\n<td class=\"et1\" style=\"width: 48pt; text-align: center;\" width=\"64\">50 37.0-50.0<\/td>\n<\/tr>\n<tr style=\"height: 25.50pt;\">\n<td class=\"et1\" style=\"width: 48pt; text-align: center;\" width=\"64\">3359<\/td>\n<td class=\"et1\" style=\"width: 48pt; text-align: center;\" width=\"64\">65 48.0-65.0<\/td>\n<\/tr>\n<tr style=\"height: 25.50pt;\">\n<td class=\"et1\" style=\"width: 48pt; text-align: center;\" width=\"64\">3361<\/td>\n<td class=\"et1\" style=\"width: 48pt; text-align: center;\" width=\"64\">70 55.0-70.0<\/td>\n<\/tr>\n<tr style=\"height: 25.50pt;\">\n<td class=\"et1\" style=\"width: 48pt; text-align: center;\" width=\"64\">3363<\/td>\n<td class=\"et1\" style=\"width: 48pt; text-align: center;\" width=\"64\">80 63.0-80.0<\/td>\n<\/tr>\n<tr style=\"height: 25.50pt;\">\n<td class=\"et1\" style=\"width: 48pt; text-align: center;\" width=\"64\">3365<\/td>\n<td class=\"et1\" style=\"width: 48pt; text-align: center;\" width=\"64\">93 80.0-93.0<\/td>\n<\/tr>\n<\/tbody>\n<\/table>\n<p><strong>Wymiar<\/strong><\/p>\n<p><\/p>\n\n\n<figure class=\"wp-block-image size-full is-resized\"><img fetchpriority=\"high\" decoding=\"async\" src=\"https:\/\/www.tosunlux.eu\/wp-content\/uploads\/2022\/05\/QQ\u622a\u56fe20220512165054.png\" alt=\"\" class=\"wp-image-2638\" width=\"492\" height=\"502\" srcset=\"https:\/\/www.tosunlux.eu\/wp-content\/uploads\/2022\/05\/QQ\u622a\u56fe20220512165054.png 474w, https:\/\/www.tosunlux.eu\/wp-content\/uploads\/2022\/05\/QQ\u622a\u56fe20220512165054-294x300.png 294w\" sizes=\"(max-width: 492px) 100vw, 492px\" \/><\/figure>\n\n\n\n<figure class=\"wp-block-image size-large is-resized\"><img decoding=\"async\" src=\"https:\/\/www.tosunlux.eu\/wp-content\/uploads\/2023\/09\/intertek-1024x348.jpg\" alt=\"\" class=\"wp-image-8091\" width=\"256\" height=\"87\" srcset=\"https:\/\/www.tosunlux.eu\/wp-content\/uploads\/2023\/09\/intertek-1024x348.jpg 1024w, https:\/\/www.tosunlux.eu\/wp-content\/uploads\/2023\/09\/intertek-300x102.jpg 300w, https:\/\/www.tosunlux.eu\/wp-content\/uploads\/2023\/09\/intertek-768x261.jpg 768w, https:\/\/www.tosunlux.eu\/wp-content\/uploads\/2023\/09\/intertek-1536x521.jpg 1536w, https:\/\/www.tosunlux.eu\/wp-content\/uploads\/2023\/09\/intertek-18x6.jpg 18w, https:\/\/www.tosunlux.eu\/wp-content\/uploads\/2023\/09\/intertek.jpg 1600w\" sizes=\"(max-width: 256px) 100vw, 256px\" \/><\/figure>","protected":false},"parent":0,"template":"","product_category":[35,90],"class_list":["post-2635","product","type-product","status-publish","hentry","product_category-industrial-control-devices","product_category-thermal-overload-relay"],"yoast_head":"<!-- This site is optimized with the Yoast SEO plugin v27.3 - https:\/\/yoast.com\/product\/yoast-seo-wordpress\/ -->\n<title>WholesaleTSR2-D Thermal Overload Relay - TOSUNlux Official Site - Electrical Circuit Breaker Manufacturer in China Low Voltage Electrical Supplier | TOSUNlux<\/title>\n<meta name=\"description\" content=\"TSR2-D Thermal Overload Relay Supplier - Wholesale direct from TOSUNlux, a trusted manufacturer since 1994. Get your B2B factory quote on our certified Low Voltage electrical products.\" \/>\n<meta name=\"robots\" content=\"index, follow, max-snippet:-1, max-image-preview:large, max-video-preview:-1\" \/>\n<link rel=\"canonical\" href=\"https:\/\/www.tosunlux.eu\/pl\/products\/tsr2-d-thermal-overload-relay\/\" \/>\n<meta property=\"og:locale\" content=\"pl_PL\" \/>\n<meta property=\"og:type\" content=\"article\" \/>\n<meta property=\"og:title\" content=\"WholesaleTSR2-D Thermal Overload Relay - TOSUNlux Official Site - Electrical Circuit Breaker Manufacturer in China Low Voltage Electrical Supplier | TOSUNlux\" \/>\n<meta property=\"og:description\" content=\"TSR2-D Thermal Overload Relay Supplier - Wholesale direct from TOSUNlux, a trusted manufacturer since 1994. Get your B2B factory quote on our certified Low Voltage electrical products.\" \/>\n<meta property=\"og:url\" content=\"https:\/\/www.tosunlux.eu\/pl\/products\/tsr2-d-thermal-overload-relay\/\" \/>\n<meta property=\"og:site_name\" content=\"TOSUNlux Official Site - Electrical Circuit Breaker Manufacturer in China\" \/>\n<meta property=\"article:publisher\" content=\"https:\/\/www.facebook.com\/TOSUNelectric\/\" \/>\n<meta property=\"article:modified_time\" content=\"2024-03-27T07:39:49+00:00\" \/>\n<meta property=\"og:image\" content=\"https:\/\/www.tosunlux.eu\/wp-content\/uploads\/2023\/09\/intertek-1024x348.jpg\" \/>\n<meta name=\"twitter:card\" content=\"summary_large_image\" \/>\n<meta name=\"twitter:label1\" content=\"Szacowany czas czytania\" \/>\n\t<meta name=\"twitter:data1\" content=\"2 minuty\" \/>\n<script type=\"application\/ld+json\" class=\"yoast-schema-graph\">{\"@context\":\"https:\\\/\\\/schema.org\",\"@graph\":[{\"@type\":\"WebPage\",\"@id\":\"https:\\\/\\\/www.tosunlux.eu\\\/ar\\\/products\\\/tsr2-d-thermal-overload-relay\\\/\",\"url\":\"https:\\\/\\\/www.tosunlux.eu\\\/ar\\\/products\\\/tsr2-d-thermal-overload-relay\\\/\",\"name\":\"WholesaleTSR2-D Thermal Overload Relay - TOSUNlux Official Site - Electrical Circuit Breaker Manufacturer in China Low Voltage Electrical Supplier | TOSUNlux\",\"isPartOf\":{\"@id\":\"https:\\\/\\\/www.tosunlux.eu\\\/ru\\\/#website\"},\"primaryImageOfPage\":{\"@id\":\"https:\\\/\\\/www.tosunlux.eu\\\/ar\\\/products\\\/tsr2-d-thermal-overload-relay\\\/#primaryimage\"},\"image\":{\"@id\":\"https:\\\/\\\/www.tosunlux.eu\\\/ar\\\/products\\\/tsr2-d-thermal-overload-relay\\\/#primaryimage\"},\"thumbnailUrl\":\"https:\\\/\\\/www.tosunlux.eu\\\/wp-content\\\/uploads\\\/2023\\\/09\\\/intertek-1024x348.jpg\",\"datePublished\":\"2022-05-12T08:51:11+00:00\",\"dateModified\":\"2024-03-27T07:39:49+00:00\",\"description\":\"TSR2-D Thermal Overload Relay Supplier - Wholesale direct from TOSUNlux, a trusted manufacturer since 1994. Get your B2B factory quote on our certified Low Voltage electrical products.\",\"breadcrumb\":{\"@id\":\"https:\\\/\\\/www.tosunlux.eu\\\/ar\\\/products\\\/tsr2-d-thermal-overload-relay\\\/#breadcrumb\"},\"inLanguage\":\"pl-PL\",\"potentialAction\":[{\"@type\":\"ReadAction\",\"target\":[\"https:\\\/\\\/www.tosunlux.eu\\\/ar\\\/products\\\/tsr2-d-thermal-overload-relay\\\/\"]}]},{\"@type\":\"ImageObject\",\"inLanguage\":\"pl-PL\",\"@id\":\"https:\\\/\\\/www.tosunlux.eu\\\/ar\\\/products\\\/tsr2-d-thermal-overload-relay\\\/#primaryimage\",\"url\":\"https:\\\/\\\/www.tosunlux.eu\\\/wp-content\\\/uploads\\\/2023\\\/09\\\/intertek-1024x348.jpg\",\"contentUrl\":\"https:\\\/\\\/www.tosunlux.eu\\\/wp-content\\\/uploads\\\/2023\\\/09\\\/intertek-1024x348.jpg\"},{\"@type\":\"BreadcrumbList\",\"@id\":\"https:\\\/\\\/www.tosunlux.eu\\\/ar\\\/products\\\/tsr2-d-thermal-overload-relay\\\/#breadcrumb\",\"itemListElement\":[{\"@type\":\"ListItem\",\"position\":1,\"name\":\"Home\",\"item\":\"https:\\\/\\\/www.tosunlux.eu\\\/ru\\\/\"},{\"@type\":\"ListItem\",\"position\":2,\"name\":\"Products\",\"item\":\"https:\\\/\\\/www.tosunlux.eu\\\/products\\\/\"},{\"@type\":\"ListItem\",\"position\":3,\"name\":\"TSR2-D Thermal Overload Relay\"}]},{\"@type\":\"WebSite\",\"@id\":\"https:\\\/\\\/www.tosunlux.eu\\\/ru\\\/#website\",\"url\":\"https:\\\/\\\/www.tosunlux.eu\\\/ru\\\/\",\"name\":\"TOSUNlux Official Site - Electrical Circuit Breaker Manufacturer in China\",\"description\":\"Power Distribution System Supplier\",\"publisher\":{\"@id\":\"https:\\\/\\\/www.tosunlux.eu\\\/ru\\\/#organization\"},\"alternateName\":\"TOSUNlux\",\"potentialAction\":[{\"@type\":\"SearchAction\",\"target\":{\"@type\":\"EntryPoint\",\"urlTemplate\":\"https:\\\/\\\/www.tosunlux.eu\\\/ru\\\/?s={search_term_string}\"},\"query-input\":{\"@type\":\"PropertyValueSpecification\",\"valueRequired\":true,\"valueName\":\"search_term_string\"}}],\"inLanguage\":\"pl-PL\"},{\"@type\":\"Organization\",\"@id\":\"https:\\\/\\\/www.tosunlux.eu\\\/ru\\\/#organization\",\"name\":\"TOSUNlux\",\"url\":\"https:\\\/\\\/www.tosunlux.eu\\\/ru\\\/\",\"logo\":{\"@type\":\"ImageObject\",\"inLanguage\":\"pl-PL\",\"@id\":\"https:\\\/\\\/www.tosunlux.eu\\\/ru\\\/#\\\/schema\\\/logo\\\/image\\\/\",\"url\":\"https:\\\/\\\/www.tosunlux.eu\\\/wp-content\\\/uploads\\\/2022\\\/01\\\/LOGOSYSM.71762f1.png\",\"contentUrl\":\"https:\\\/\\\/www.tosunlux.eu\\\/wp-content\\\/uploads\\\/2022\\\/01\\\/LOGOSYSM.71762f1.png\",\"width\":153,\"height\":55,\"caption\":\"TOSUNlux\"},\"image\":{\"@id\":\"https:\\\/\\\/www.tosunlux.eu\\\/ru\\\/#\\\/schema\\\/logo\\\/image\\\/\"},\"sameAs\":[\"https:\\\/\\\/www.facebook.com\\\/TOSUNelectric\\\/\",\"https:\\\/\\\/www.linkedin.com\\\/company\\\/wenzhou-tosun-electric-co.-ltd\\\/\"]}]}<\/script>\n<!-- \/ Yoast SEO plugin. -->","yoast_head_json":{"title":"WholesaleTSR2-D Thermal Overload Relay - TOSUNlux Official Site - Electrical Circuit Breaker Manufacturer in China Low Voltage Electrical Supplier | TOSUNlux","description":"TSR2-D Thermal Overload Relay Supplier - Wholesale direct from TOSUNlux, a trusted manufacturer since 1994. Get your B2B factory quote on our certified Low Voltage electrical products.","robots":{"index":"index","follow":"follow","max-snippet":"max-snippet:-1","max-image-preview":"max-image-preview:large","max-video-preview":"max-video-preview:-1"},"canonical":"https:\/\/www.tosunlux.eu\/pl\/products\/tsr2-d-thermal-overload-relay\/","og_locale":"pl_PL","og_type":"article","og_title":"WholesaleTSR2-D Thermal Overload Relay - TOSUNlux Official Site - Electrical Circuit Breaker Manufacturer in China Low Voltage Electrical Supplier | TOSUNlux","og_description":"TSR2-D Thermal Overload Relay Supplier - Wholesale direct from TOSUNlux, a trusted manufacturer since 1994. Get your B2B factory quote on our certified Low Voltage electrical products.","og_url":"https:\/\/www.tosunlux.eu\/pl\/products\/tsr2-d-thermal-overload-relay\/","og_site_name":"TOSUNlux Official Site - Electrical Circuit Breaker Manufacturer in China","article_publisher":"https:\/\/www.facebook.com\/TOSUNelectric\/","article_modified_time":"2024-03-27T07:39:49+00:00","og_image":[{"url":"https:\/\/www.tosunlux.eu\/wp-content\/uploads\/2023\/09\/intertek-1024x348.jpg","type":"","width":"","height":""}],"twitter_card":"summary_large_image","twitter_misc":{"Szacowany czas czytania":"2 minuty"},"schema":{"@context":"https:\/\/schema.org","@graph":[{"@type":"WebPage","@id":"https:\/\/www.tosunlux.eu\/ar\/products\/tsr2-d-thermal-overload-relay\/","url":"https:\/\/www.tosunlux.eu\/ar\/products\/tsr2-d-thermal-overload-relay\/","name":"WholesaleTSR2-D Thermal Overload Relay - TOSUNlux Official Site - Electrical Circuit Breaker Manufacturer in China Low Voltage Electrical Supplier | TOSUNlux","isPartOf":{"@id":"https:\/\/www.tosunlux.eu\/ru\/#website"},"primaryImageOfPage":{"@id":"https:\/\/www.tosunlux.eu\/ar\/products\/tsr2-d-thermal-overload-relay\/#primaryimage"},"image":{"@id":"https:\/\/www.tosunlux.eu\/ar\/products\/tsr2-d-thermal-overload-relay\/#primaryimage"},"thumbnailUrl":"https:\/\/www.tosunlux.eu\/wp-content\/uploads\/2023\/09\/intertek-1024x348.jpg","datePublished":"2022-05-12T08:51:11+00:00","dateModified":"2024-03-27T07:39:49+00:00","description":"TSR2-D Thermal Overload Relay Supplier - Wholesale direct from TOSUNlux, a trusted manufacturer since 1994. Get your B2B factory quote on our certified Low Voltage electrical products.","breadcrumb":{"@id":"https:\/\/www.tosunlux.eu\/ar\/products\/tsr2-d-thermal-overload-relay\/#breadcrumb"},"inLanguage":"pl-PL","potentialAction":[{"@type":"ReadAction","target":["https:\/\/www.tosunlux.eu\/ar\/products\/tsr2-d-thermal-overload-relay\/"]}]},{"@type":"ImageObject","inLanguage":"pl-PL","@id":"https:\/\/www.tosunlux.eu\/ar\/products\/tsr2-d-thermal-overload-relay\/#primaryimage","url":"https:\/\/www.tosunlux.eu\/wp-content\/uploads\/2023\/09\/intertek-1024x348.jpg","contentUrl":"https:\/\/www.tosunlux.eu\/wp-content\/uploads\/2023\/09\/intertek-1024x348.jpg"},{"@type":"BreadcrumbList","@id":"https:\/\/www.tosunlux.eu\/ar\/products\/tsr2-d-thermal-overload-relay\/#breadcrumb","itemListElement":[{"@type":"ListItem","position":1,"name":"Home","item":"https:\/\/www.tosunlux.eu\/ru\/"},{"@type":"ListItem","position":2,"name":"Products","item":"https:\/\/www.tosunlux.eu\/products\/"},{"@type":"ListItem","position":3,"name":"TSR2-D Thermal Overload Relay"}]},{"@type":"WebSite","@id":"https:\/\/www.tosunlux.eu\/ru\/#website","url":"https:\/\/www.tosunlux.eu\/ru\/","name":"Oficjalna strona TOSUNlux - Producent wy\u0142\u0105cznik\u00f3w elektrycznych w Chinach","description":"Dostawca system\u00f3w dystrybucji energii","publisher":{"@id":"https:\/\/www.tosunlux.eu\/ru\/#organization"},"alternateName":"TOSUNlux","potentialAction":[{"@type":"SearchAction","target":{"@type":"EntryPoint","urlTemplate":"https:\/\/www.tosunlux.eu\/ru\/?s={search_term_string}"},"query-input":{"@type":"PropertyValueSpecification","valueRequired":true,"valueName":"search_term_string"}}],"inLanguage":"pl-PL"},{"@type":"Organization","@id":"https:\/\/www.tosunlux.eu\/ru\/#organization","name":"TOSUNlux","url":"https:\/\/www.tosunlux.eu\/ru\/","logo":{"@type":"ImageObject","inLanguage":"pl-PL","@id":"https:\/\/www.tosunlux.eu\/ru\/#\/schema\/logo\/image\/","url":"https:\/\/www.tosunlux.eu\/wp-content\/uploads\/2022\/01\/LOGOSYSM.71762f1.png","contentUrl":"https:\/\/www.tosunlux.eu\/wp-content\/uploads\/2022\/01\/LOGOSYSM.71762f1.png","width":153,"height":55,"caption":"TOSUNlux"},"image":{"@id":"https:\/\/www.tosunlux.eu\/ru\/#\/schema\/logo\/image\/"},"sameAs":["https:\/\/www.facebook.com\/TOSUNelectric\/","https:\/\/www.linkedin.com\/company\/wenzhou-tosun-electric-co.-ltd\/"]}]}},"_links":{"self":[{"href":"https:\/\/www.tosunlux.eu\/pl\/wp-json\/wp\/v2\/product\/2635","targetHints":{"allow":["GET"]}}],"collection":[{"href":"https:\/\/www.tosunlux.eu\/pl\/wp-json\/wp\/v2\/product"}],"about":[{"href":"https:\/\/www.tosunlux.eu\/pl\/wp-json\/wp\/v2\/types\/product"}],"version-history":[{"count":2,"href":"https:\/\/www.tosunlux.eu\/pl\/wp-json\/wp\/v2\/product\/2635\/revisions"}],"predecessor-version":[{"id":8092,"href":"https:\/\/www.tosunlux.eu\/pl\/wp-json\/wp\/v2\/product\/2635\/revisions\/8092"}],"wp:attachment":[{"href":"https:\/\/www.tosunlux.eu\/pl\/wp-json\/wp\/v2\/media?parent=2635"}],"wp:term":[{"taxonomy":"product_category","embeddable":true,"href":"https:\/\/www.tosunlux.eu\/pl\/wp-json\/wp\/v2\/product_category?post=2635"}],"curies":[{"name":"wp","href":"https:\/\/api.w.org\/{rel}","templated":true}]}}