{"id":2668,"date":"2022-05-13T14:20:02","date_gmt":"2022-05-13T06:20:02","guid":{"rendered":"https:\/\/www.tosunlux.eu\/?post_type=product&#038;p=2668"},"modified":"2023-09-14T17:40:16","modified_gmt":"2023-09-14T09:40:16","slug":"timer-thc-15a","status":"publish","type":"product","link":"https:\/\/www.tosunlux.eu\/pl\/products\/timer-thc-15a\/","title":{"rendered":"Zegar THC-15A"},"content":{"rendered":"<pre class=\"wp-block-verse\"><strong>Specyfikacja<\/strong><\/pre>\n\n\n<table style=\"border-collapse: collapse; width: 728px; height: 409px;\" border=\"0\" width=\"218\" cellspacing=\"0\" cellpadding=\"0\">\n<tbody>\n<tr style=\"height: 12.75pt;\">\n<td class=\"et2\" style=\"height: 12.75pt; width: 115.5pt; text-align: center;\" width=\"154\" height=\"17\">Model<\/td>\n<td class=\"et2\" style=\"width: 48pt; text-align: center;\" width=\"64\">THC-15A\/20A\/30A<\/td>\n<\/tr>\n<tr style=\"height: 12.75pt;\">\n<td class=\"et2\" style=\"height: 12.75pt; text-align: center;\" height=\"17\">Napi\u0119cie robocze<\/td>\n<td class=\"et2\" style=\"text-align: center;\">AC220-240V 50\/60Hz<\/td>\n<\/tr>\n<tr style=\"height: 12.75pt;\">\n<td class=\"et2\" style=\"height: 12.75pt; text-align: center;\" height=\"17\">Pob\u00f3r mocy<\/td>\n<td class=\"et2\" style=\"text-align: center;\">4,5 VA<\/td>\n<\/tr>\n<tr style=\"height: 12.75pt;\">\n<td class=\"et2\" style=\"height: 12.75pt; text-align: center;\" height=\"17\">Temperatura pracy<\/td>\n<td class=\"et2\" style=\"text-align: center;\">-10\u00b0C~+50\u00b0C<\/td>\n<\/tr>\n<tr style=\"height: 12.75pt;\">\n<td class=\"et2\" style=\"height: 12.75pt; text-align: center;\" height=\"17\">Dok\u0142adno\u015b\u0107<\/td>\n<td class=\"et2\" style=\"text-align: center;\">\u22641s\/dzie\u0144<\/td>\n<\/tr>\n<tr style=\"height: 12.75pt;\">\n<td class=\"et2\" style=\"height: 12.75pt; text-align: center;\" height=\"17\">W\u0142\u0105czanie\/przesuwanie<\/td>\n<td class=\"et2\" style=\"text-align: center;\">16W\u0141.\/16WY\u0141.<\/td>\n<\/tr>\n<tr style=\"height: 12.75pt;\">\n<td class=\"et2\" style=\"height: 12.75pt; text-align: center;\" height=\"17\">Zakres ustawie\u0144 czasu<\/td>\n<td class=\"et2\" style=\"text-align: center;\">Od 1 minuty do 168 godzin<\/td>\n<\/tr>\n<tr style=\"height: 12.75pt;\">\n<td class=\"et2\" style=\"height: 12.75pt; text-align: center;\" height=\"17\">&nbsp;<\/td>\n<td class=\"et2\" style=\"text-align: center;\">THC-15A Rezystancyjny: 16A\/250VAC<\/td>\n<\/tr>\n<tr style=\"height: 12.75pt;\">\n<td class=\"et3\" style=\"height: 38.25pt; width: 115.5pt; text-align: center;\" rowspan=\"3\" width=\"154\" height=\"51\">Pojemno\u015b\u0107 stykuMonta\u017c<\/td>\n<td class=\"et2\" style=\"text-align: center;\">THC-20A Rezystancyjny: 20A\/250VAC<\/td>\n<\/tr>\n<tr style=\"height: 12.75pt;\">\n<td class=\"et2\" style=\"text-align: center;\">THC-30A Rezystancyjny: 30A\/250VAC<\/td>\n<\/tr>\n<tr style=\"height: 12.75pt;\">\n<td class=\"et2\" style=\"text-align: center;\">Monta\u017c na szynie DIN<\/td>\n<\/tr>\n<\/tbody>\n<\/table>\n\n\n<pre class=\"wp-block-verse\"><strong>Wymiar<\/strong>\n\n<\/pre>\n\n\n\n<figure class=\"wp-block-image size-large is-resized\"><img fetchpriority=\"high\" decoding=\"async\" src=\"https:\/\/www.tosunlux.eu\/wp-content\/uploads\/2023\/09\/1-14-1024x617.jpg\" alt=\"\" class=\"wp-image-8109\" width=\"512\" height=\"309\" srcset=\"https:\/\/www.tosunlux.eu\/wp-content\/uploads\/2023\/09\/1-14-1024x617.jpg 1024w, https:\/\/www.tosunlux.eu\/wp-content\/uploads\/2023\/09\/1-14-300x181.jpg 300w, https:\/\/www.tosunlux.eu\/wp-content\/uploads\/2023\/09\/1-14-768x463.jpg 768w, https:\/\/www.tosunlux.eu\/wp-content\/uploads\/2023\/09\/1-14-1536x925.jpg 1536w, https:\/\/www.tosunlux.eu\/wp-content\/uploads\/2023\/09\/1-14-18x12.jpg 18w, https:\/\/www.tosunlux.eu\/wp-content\/uploads\/2023\/09\/1-14.jpg 1599w\" sizes=\"(max-width: 512px) 100vw, 512px\" \/><\/figure>\n\n\n\n<figure class=\"wp-block-image size-large is-resized\"><img decoding=\"async\" src=\"https:\/\/www.tosunlux.eu\/wp-content\/uploads\/2023\/09\/intertek-1-1024x348.jpg\" alt=\"\" class=\"wp-image-8107\" width=\"256\" height=\"87\" srcset=\"https:\/\/www.tosunlux.eu\/wp-content\/uploads\/2023\/09\/intertek-1-1024x348.jpg 1024w, https:\/\/www.tosunlux.eu\/wp-content\/uploads\/2023\/09\/intertek-1-300x102.jpg 300w, https:\/\/www.tosunlux.eu\/wp-content\/uploads\/2023\/09\/intertek-1-768x261.jpg 768w, https:\/\/www.tosunlux.eu\/wp-content\/uploads\/2023\/09\/intertek-1-1536x521.jpg 1536w, https:\/\/www.tosunlux.eu\/wp-content\/uploads\/2023\/09\/intertek-1-18x6.jpg 18w, https:\/\/www.tosunlux.eu\/wp-content\/uploads\/2023\/09\/intertek-1.jpg 1600w\" sizes=\"(max-width: 256px) 100vw, 256px\" \/><\/figure>","protected":false},"parent":0,"template":"","product_category":[35,92],"class_list":["post-2668","product","type-product","status-publish","hentry","product_category-industrial-control-devices","product_category-timer-relay"],"yoast_head":"<!-- This site is optimized with the Yoast SEO plugin v27.4 - https:\/\/yoast.com\/product\/yoast-seo-wordpress\/ -->\n<title>WholesaleTimer THC-15A - TOSUNlux Official Site - Electrical Circuit Breaker Manufacturer in China Low Voltage Electrical Supplier | TOSUNlux<\/title>\n<meta name=\"description\" content=\"Timer THC-15A Supplier - Wholesale direct from TOSUNlux, a trusted manufacturer since 1994. Get your B2B factory quote on our certified Low Voltage electrical products.\" \/>\n<meta name=\"robots\" content=\"index, follow, max-snippet:-1, max-image-preview:large, max-video-preview:-1\" \/>\n<link rel=\"canonical\" href=\"https:\/\/www.tosunlux.eu\/pl\/products\/timer-thc-15a\/\" \/>\n<meta property=\"og:locale\" content=\"pl_PL\" \/>\n<meta property=\"og:type\" content=\"article\" \/>\n<meta property=\"og:title\" content=\"WholesaleTimer THC-15A - TOSUNlux Official Site - Electrical Circuit Breaker Manufacturer in China Low Voltage Electrical Supplier | TOSUNlux\" \/>\n<meta property=\"og:description\" content=\"Timer THC-15A Supplier - Wholesale direct from TOSUNlux, a trusted manufacturer since 1994. Get your B2B factory quote on our certified Low Voltage electrical products.\" \/>\n<meta property=\"og:url\" content=\"https:\/\/www.tosunlux.eu\/pl\/products\/timer-thc-15a\/\" \/>\n<meta property=\"og:site_name\" content=\"TOSUNlux Official Site - Electrical Circuit Breaker Manufacturer in China\" \/>\n<meta property=\"article:publisher\" content=\"https:\/\/www.facebook.com\/TOSUNelectric\/\" \/>\n<meta property=\"article:modified_time\" content=\"2023-09-14T09:40:16+00:00\" \/>\n<meta property=\"og:image\" content=\"https:\/\/www.tosunlux.eu\/wp-content\/uploads\/2023\/09\/1-14-1024x617.jpg\" \/>\n<meta name=\"twitter:card\" content=\"summary_large_image\" \/>\n<meta name=\"twitter:label1\" content=\"Szacowany czas czytania\" \/>\n\t<meta name=\"twitter:data1\" content=\"1 minuta\" \/>\n<script type=\"application\/ld+json\" class=\"yoast-schema-graph\">{\"@context\":\"https:\\\/\\\/schema.org\",\"@graph\":[{\"@type\":\"WebPage\",\"@id\":\"https:\\\/\\\/www.tosunlux.eu\\\/products\\\/timer-thc-15a\\\/\",\"url\":\"https:\\\/\\\/www.tosunlux.eu\\\/products\\\/timer-thc-15a\\\/\",\"name\":\"WholesaleTimer THC-15A - TOSUNlux Official Site - Electrical Circuit Breaker Manufacturer in China Low Voltage Electrical Supplier | TOSUNlux\",\"isPartOf\":{\"@id\":\"https:\\\/\\\/www.tosunlux.eu\\\/ru\\\/#website\"},\"primaryImageOfPage\":{\"@id\":\"https:\\\/\\\/www.tosunlux.eu\\\/products\\\/timer-thc-15a\\\/#primaryimage\"},\"image\":{\"@id\":\"https:\\\/\\\/www.tosunlux.eu\\\/products\\\/timer-thc-15a\\\/#primaryimage\"},\"thumbnailUrl\":\"https:\\\/\\\/www.tosunlux.eu\\\/wp-content\\\/uploads\\\/2023\\\/09\\\/1-14-1024x617.jpg\",\"datePublished\":\"2022-05-13T06:20:02+00:00\",\"dateModified\":\"2023-09-14T09:40:16+00:00\",\"description\":\"Timer THC-15A Supplier - Wholesale direct from TOSUNlux, a trusted manufacturer since 1994. Get your B2B factory quote on our certified Low Voltage electrical products.\",\"breadcrumb\":{\"@id\":\"https:\\\/\\\/www.tosunlux.eu\\\/products\\\/timer-thc-15a\\\/#breadcrumb\"},\"inLanguage\":\"pl-PL\",\"potentialAction\":[{\"@type\":\"ReadAction\",\"target\":[\"https:\\\/\\\/www.tosunlux.eu\\\/products\\\/timer-thc-15a\\\/\"]}]},{\"@type\":\"ImageObject\",\"inLanguage\":\"pl-PL\",\"@id\":\"https:\\\/\\\/www.tosunlux.eu\\\/products\\\/timer-thc-15a\\\/#primaryimage\",\"url\":\"https:\\\/\\\/www.tosunlux.eu\\\/wp-content\\\/uploads\\\/2023\\\/09\\\/1-14-1024x617.jpg\",\"contentUrl\":\"https:\\\/\\\/www.tosunlux.eu\\\/wp-content\\\/uploads\\\/2023\\\/09\\\/1-14-1024x617.jpg\"},{\"@type\":\"BreadcrumbList\",\"@id\":\"https:\\\/\\\/www.tosunlux.eu\\\/products\\\/timer-thc-15a\\\/#breadcrumb\",\"itemListElement\":[{\"@type\":\"ListItem\",\"position\":1,\"name\":\"Home\",\"item\":\"https:\\\/\\\/www.tosunlux.eu\\\/ru\\\/\"},{\"@type\":\"ListItem\",\"position\":2,\"name\":\"Products\",\"item\":\"https:\\\/\\\/www.tosunlux.eu\\\/products\\\/\"},{\"@type\":\"ListItem\",\"position\":3,\"name\":\"Timer THC-15A\"}]},{\"@type\":\"WebSite\",\"@id\":\"https:\\\/\\\/www.tosunlux.eu\\\/ru\\\/#website\",\"url\":\"https:\\\/\\\/www.tosunlux.eu\\\/ru\\\/\",\"name\":\"TOSUNlux Official Site - Electrical Circuit Breaker Manufacturer in China\",\"description\":\"Power Distribution System Supplier\",\"publisher\":{\"@id\":\"https:\\\/\\\/www.tosunlux.eu\\\/ru\\\/#organization\"},\"alternateName\":\"TOSUNlux\",\"potentialAction\":[{\"@type\":\"SearchAction\",\"target\":{\"@type\":\"EntryPoint\",\"urlTemplate\":\"https:\\\/\\\/www.tosunlux.eu\\\/ru\\\/?s={search_term_string}\"},\"query-input\":{\"@type\":\"PropertyValueSpecification\",\"valueRequired\":true,\"valueName\":\"search_term_string\"}}],\"inLanguage\":\"pl-PL\"},{\"@type\":\"Organization\",\"@id\":\"https:\\\/\\\/www.tosunlux.eu\\\/ru\\\/#organization\",\"name\":\"TOSUNlux\",\"url\":\"https:\\\/\\\/www.tosunlux.eu\\\/ru\\\/\",\"logo\":{\"@type\":\"ImageObject\",\"inLanguage\":\"pl-PL\",\"@id\":\"https:\\\/\\\/www.tosunlux.eu\\\/ru\\\/#\\\/schema\\\/logo\\\/image\\\/\",\"url\":\"https:\\\/\\\/www.tosunlux.eu\\\/wp-content\\\/uploads\\\/2022\\\/01\\\/LOGOSYSM.71762f1.png\",\"contentUrl\":\"https:\\\/\\\/www.tosunlux.eu\\\/wp-content\\\/uploads\\\/2022\\\/01\\\/LOGOSYSM.71762f1.png\",\"width\":153,\"height\":55,\"caption\":\"TOSUNlux\"},\"image\":{\"@id\":\"https:\\\/\\\/www.tosunlux.eu\\\/ru\\\/#\\\/schema\\\/logo\\\/image\\\/\"},\"sameAs\":[\"https:\\\/\\\/www.facebook.com\\\/TOSUNelectric\\\/\",\"https:\\\/\\\/www.linkedin.com\\\/company\\\/wenzhou-tosun-electric-co.-ltd\\\/\"]}]}<\/script>\n<!-- \/ Yoast SEO plugin. -->","yoast_head_json":{"title":"WholesaleTimer THC-15A - TOSUNlux Official Site - Electrical Circuit Breaker Manufacturer in China Low Voltage Electrical Supplier | TOSUNlux","description":"Timer THC-15A Supplier - Wholesale direct from TOSUNlux, a trusted manufacturer since 1994. Get your B2B factory quote on our certified Low Voltage electrical products.","robots":{"index":"index","follow":"follow","max-snippet":"max-snippet:-1","max-image-preview":"max-image-preview:large","max-video-preview":"max-video-preview:-1"},"canonical":"https:\/\/www.tosunlux.eu\/pl\/products\/timer-thc-15a\/","og_locale":"pl_PL","og_type":"article","og_title":"WholesaleTimer THC-15A - TOSUNlux Official Site - Electrical Circuit Breaker Manufacturer in China Low Voltage Electrical Supplier | TOSUNlux","og_description":"Timer THC-15A Supplier - Wholesale direct from TOSUNlux, a trusted manufacturer since 1994. Get your B2B factory quote on our certified Low Voltage electrical products.","og_url":"https:\/\/www.tosunlux.eu\/pl\/products\/timer-thc-15a\/","og_site_name":"TOSUNlux Official Site - Electrical Circuit Breaker Manufacturer in China","article_publisher":"https:\/\/www.facebook.com\/TOSUNelectric\/","article_modified_time":"2023-09-14T09:40:16+00:00","og_image":[{"url":"https:\/\/www.tosunlux.eu\/wp-content\/uploads\/2023\/09\/1-14-1024x617.jpg","type":"","width":"","height":""}],"twitter_card":"summary_large_image","twitter_misc":{"Szacowany czas czytania":"1 minuta"},"schema":{"@context":"https:\/\/schema.org","@graph":[{"@type":"WebPage","@id":"https:\/\/www.tosunlux.eu\/products\/timer-thc-15a\/","url":"https:\/\/www.tosunlux.eu\/products\/timer-thc-15a\/","name":"WholesaleTimer THC-15A - TOSUNlux Official Site - Electrical Circuit Breaker Manufacturer in China Low Voltage Electrical Supplier | TOSUNlux","isPartOf":{"@id":"https:\/\/www.tosunlux.eu\/ru\/#website"},"primaryImageOfPage":{"@id":"https:\/\/www.tosunlux.eu\/products\/timer-thc-15a\/#primaryimage"},"image":{"@id":"https:\/\/www.tosunlux.eu\/products\/timer-thc-15a\/#primaryimage"},"thumbnailUrl":"https:\/\/www.tosunlux.eu\/wp-content\/uploads\/2023\/09\/1-14-1024x617.jpg","datePublished":"2022-05-13T06:20:02+00:00","dateModified":"2023-09-14T09:40:16+00:00","description":"Timer THC-15A Supplier - Wholesale direct from TOSUNlux, a trusted manufacturer since 1994. Get your B2B factory quote on our certified Low Voltage electrical products.","breadcrumb":{"@id":"https:\/\/www.tosunlux.eu\/products\/timer-thc-15a\/#breadcrumb"},"inLanguage":"pl-PL","potentialAction":[{"@type":"ReadAction","target":["https:\/\/www.tosunlux.eu\/products\/timer-thc-15a\/"]}]},{"@type":"ImageObject","inLanguage":"pl-PL","@id":"https:\/\/www.tosunlux.eu\/products\/timer-thc-15a\/#primaryimage","url":"https:\/\/www.tosunlux.eu\/wp-content\/uploads\/2023\/09\/1-14-1024x617.jpg","contentUrl":"https:\/\/www.tosunlux.eu\/wp-content\/uploads\/2023\/09\/1-14-1024x617.jpg"},{"@type":"BreadcrumbList","@id":"https:\/\/www.tosunlux.eu\/products\/timer-thc-15a\/#breadcrumb","itemListElement":[{"@type":"ListItem","position":1,"name":"Home","item":"https:\/\/www.tosunlux.eu\/ru\/"},{"@type":"ListItem","position":2,"name":"Products","item":"https:\/\/www.tosunlux.eu\/products\/"},{"@type":"ListItem","position":3,"name":"Timer THC-15A"}]},{"@type":"WebSite","@id":"https:\/\/www.tosunlux.eu\/ru\/#website","url":"https:\/\/www.tosunlux.eu\/ru\/","name":"Oficjalna strona TOSUNlux - Producent wy\u0142\u0105cznik\u00f3w elektrycznych w Chinach","description":"Dostawca system\u00f3w dystrybucji energii","publisher":{"@id":"https:\/\/www.tosunlux.eu\/ru\/#organization"},"alternateName":"TOSUNlux","potentialAction":[{"@type":"SearchAction","target":{"@type":"EntryPoint","urlTemplate":"https:\/\/www.tosunlux.eu\/ru\/?s={search_term_string}"},"query-input":{"@type":"PropertyValueSpecification","valueRequired":true,"valueName":"search_term_string"}}],"inLanguage":"pl-PL"},{"@type":"Organization","@id":"https:\/\/www.tosunlux.eu\/ru\/#organization","name":"TOSUNlux","url":"https:\/\/www.tosunlux.eu\/ru\/","logo":{"@type":"ImageObject","inLanguage":"pl-PL","@id":"https:\/\/www.tosunlux.eu\/ru\/#\/schema\/logo\/image\/","url":"https:\/\/www.tosunlux.eu\/wp-content\/uploads\/2022\/01\/LOGOSYSM.71762f1.png","contentUrl":"https:\/\/www.tosunlux.eu\/wp-content\/uploads\/2022\/01\/LOGOSYSM.71762f1.png","width":153,"height":55,"caption":"TOSUNlux"},"image":{"@id":"https:\/\/www.tosunlux.eu\/ru\/#\/schema\/logo\/image\/"},"sameAs":["https:\/\/www.facebook.com\/TOSUNelectric\/","https:\/\/www.linkedin.com\/company\/wenzhou-tosun-electric-co.-ltd\/"]}]}},"_links":{"self":[{"href":"https:\/\/www.tosunlux.eu\/pl\/wp-json\/wp\/v2\/product\/2668","targetHints":{"allow":["GET"]}}],"collection":[{"href":"https:\/\/www.tosunlux.eu\/pl\/wp-json\/wp\/v2\/product"}],"about":[{"href":"https:\/\/www.tosunlux.eu\/pl\/wp-json\/wp\/v2\/types\/product"}],"version-history":[{"count":3,"href":"https:\/\/www.tosunlux.eu\/pl\/wp-json\/wp\/v2\/product\/2668\/revisions"}],"predecessor-version":[{"id":8111,"href":"https:\/\/www.tosunlux.eu\/pl\/wp-json\/wp\/v2\/product\/2668\/revisions\/8111"}],"wp:attachment":[{"href":"https:\/\/www.tosunlux.eu\/pl\/wp-json\/wp\/v2\/media?parent=2668"}],"wp:term":[{"taxonomy":"product_category","embeddable":true,"href":"https:\/\/www.tosunlux.eu\/pl\/wp-json\/wp\/v2\/product_category?post=2668"}],"curies":[{"name":"wp","href":"https:\/\/api.w.org\/{rel}","templated":true}]}}