{"id":2732,"date":"2022-05-13T17:23:39","date_gmt":"2022-05-13T09:23:39","guid":{"rendered":"https:\/\/www.tosunlux.eu\/?post_type=product&#038;p=2732"},"modified":"2022-05-13T18:01:49","modified_gmt":"2022-05-13T10:01:49","slug":"tsn2-63l-residual-current-operated-circuit-breaker-rcbo","status":"publish","type":"product","link":"https:\/\/www.tosunlux.eu\/pl\/products\/tsn2-63l-residual-current-operated-circuit-breaker-rcbo\/","title":{"rendered":"Wy\u0142\u0105cznik r\u00f3\u017cnicowopr\u0105dowy (RCBO) TSN2-63L"},"content":{"rendered":"<p><strong>Aplikacja<\/strong><\/p>\n\n\n\n<p>TSN2-63L RCBO jest stosowany w jednofazowym obwodzie pr\u0105du przemiennego 50\/60 Hz, napi\u0119cie znamionowe 240 V, jako zabezpieczenie przed pora\u017ceniem elektronowym. Mo\u017ce chroni\u0107 obw\u00f3d przed przeci\u0105\u017ceniem i zwarciem. Ten produkt ma zalety ma\u0142ej obj\u0119to\u015bci, wysokiej zdolno\u015bci wy\u0142\u0105czania, odcina nieparzysty przew\u00f3d pod napi\u0119ciem i przew\u00f3d zerowy w tym samym czasie. Chroni r\u00f3wnie\u017c osob\u0119 przed pora\u017ceniem pr\u0105dem elektrycznym, gdy przew\u00f3d pod napi\u0119ciem jest pod\u0142\u0105czony odwrotnie. Produkty s\u0105 zgodne z normami IEC61009.<\/p>\n\n\n\n<p>Wy\u0142\u0105czniki r\u00f3\u017cnicowopr\u0105dowe i wy\u0142\u0105czniki r\u00f3\u017cnicowopr\u0105dowe dziel\u0105 si\u0119 na typy w zale\u017cno\u015bci od pe\u0142nionych funkcji:<br>Typ AC: Dla kt\u00f3rego wyzwalanie jest zapewnione dla resztkowych sinusoidalnych pr\u0105d\u00f3w przemiennych. Czy to nagle przy\u0142o\u017cone, czy powoli narastaj\u0105ce, zdarza si\u0119.<br>Typ A: Dla kt\u00f3rego wyzwalanie jest zapewnione dla resztkowych sinusoidalnych pr\u0105d\u00f3w przemiennych i resztkowych pulsuj\u0105cych pr\u0105d\u00f3w sta\u0142ych. Czy to nagle przy\u0142o\u017cone, czy powoli narastaj\u0105ce, zdarza si\u0119.<\/p>\n\n\n\n<p><strong>Specyfikacja<\/strong><\/p>\n\n\n<table style=\"border-collapse: collapse; width: 546.02pt;\" border=\"0\" width=\"728\" cellspacing=\"0\" cellpadding=\"0\">\n<tbody>\n<tr style=\"height: 34.00pt;\">\n<td class=\"et2\" style=\"height: 34.00pt; width: 279.75pt;\" width=\"373\" height=\"45\">Model<\/td>\n<td class=\"et3\" style=\"width: 266.85pt;\" width=\"355\">TSN2-63L<\/td>\n<\/tr>\n<tr style=\"height: 34.00pt;\">\n<td class=\"et2\" style=\"height: 34.00pt; width: 279.75pt;\" width=\"373\" height=\"45\">Liczba biegun\u00f3w<\/td>\n<td class=\"et3\" style=\"width: 266.85pt;\" width=\"355\">1 P+N<\/td>\n<\/tr>\n<tr style=\"height: 33.00pt;\">\n<td class=\"et2\" style=\"height: 33.00pt; width: 279.75pt;\" width=\"373\" height=\"44\">Pr\u0105d znamionowy (A)<\/td>\n<td class=\"et3\" style=\"width: 266.85pt;\" width=\"355\">6,10,16,20,25,32,40, 50,63<\/td>\n<\/tr>\n<tr style=\"height: 33.00pt;\">\n<td class=\"et2\" style=\"height: 33.00pt; width: 279.75pt;\" width=\"373\" height=\"44\">Pr\u0105d znamionowy r\u00f3\u017cnicowy roboczy (I\u25b3n) (mA)<\/td>\n<td class=\"et3\" style=\"width: 266.85pt;\" width=\"355\">30<\/td>\n<\/tr>\n<tr style=\"height: 34.00pt;\">\n<td class=\"et2\" style=\"height: 34.00pt; width: 279.75pt;\" width=\"373\" height=\"45\">Pr\u0105d znamionowy resztkowy w stanie spoczynku (l\u25b3nie) (mA)<\/td>\n<td class=\"et3\" style=\"width: 266.85pt;\" width=\"355\">15<\/td>\n<\/tr>\n<tr style=\"height: 33.00pt;\">\n<td class=\"et2\" style=\"height: 33.00pt; width: 279.75pt;\" width=\"373\" height=\"44\">Typ<\/td>\n<td class=\"et3\" style=\"width: 266.85pt;\" width=\"355\">klimatyzacja <img decoding=\"async\" class=\"alignnone size-full wp-image-2733\" src=\"https:\/\/www.tosunlux.eu\/wp-content\/uploads\/2022\/05\/AC.jpg\" alt=\"\" width=\"48\" height=\"21\" \/>, A <img decoding=\"async\" class=\"alignnone size-full wp-image-2734\" src=\"https:\/\/www.tosunlux.eu\/wp-content\/uploads\/2022\/05\/A.jpg\" alt=\"\" width=\"48\" height=\"21\" \/><\/td>\n<\/tr>\n<tr style=\"height: 34.00pt;\">\n<td class=\"et2\" style=\"height: 34.00pt; width: 279.75pt;\" width=\"373\" height=\"45\">Napi\u0119cie znamionowe (V)<\/td>\n<td class=\"et3\" style=\"width: 266.85pt;\" width=\"355\">240<\/td>\n<\/tr>\n<tr style=\"height: 32.00pt;\">\n<td class=\"et2\" style=\"height: 32.00pt; width: 279.75pt;\" width=\"373\" height=\"42\">Czas wy\u0142\u0105czenia pr\u0105du r\u00f3\u017cnicowego (S)<\/td>\n<td class=\"et3\" style=\"width: 266.85pt;\" width=\"355\">\u22640,1<\/td>\n<\/tr>\n<tr style=\"height: 34.00pt;\">\n<td class=\"et2\" style=\"height: 34.00pt; width: 279.75pt;\" width=\"373\" height=\"45\">Pojemno\u015b\u0107 zwarciowa (Icu) (A)<\/td>\n<td class=\"et3\" style=\"width: 266.85pt;\" width=\"355\">6000<\/td>\n<\/tr>\n<tr style=\"height: 33.00pt;\">\n<td class=\"et2\" style=\"height: 33.00pt; width: 279.75pt;\" width=\"373\" height=\"44\">Charakterystyczny<\/td>\n<td class=\"et3\" style=\"width: 266.85pt;\" width=\"355\">B, C<\/td>\n<\/tr>\n<tr style=\"height: 34.00pt;\">\n<td class=\"et2\" style=\"height: 34.00pt; width: 279.75pt;\" width=\"373\" height=\"45\">Stopie\u0144 ochrony<\/td>\n<td class=\"et3\" style=\"width: 266.85pt;\" width=\"355\">IP20<\/td>\n<\/tr>\n<tr style=\"height: 26.00pt;\">\n<td class=\"et2\" style=\"height: 26.00pt; width: 279.75pt;\" width=\"373\" height=\"34\">Okablowanie g\u00f3rne<\/td>\n<td class=\"et3\" style=\"width: 266.85pt;\" width=\"355\"><img decoding=\"async\" class=\"alignnone  wp-image-2735\" src=\"https:\/\/www.tosunlux.eu\/wp-content\/uploads\/2022\/05\/1-16.jpg\" alt=\"\" width=\"55\" height=\"57\" \/> 1-25 mm\u00b2\u00a0 <img loading=\"lazy\" decoding=\"async\" class=\"alignnone  wp-image-2747\" src=\"https:\/\/www.tosunlux.eu\/wp-content\/uploads\/2022\/05\/\u6c47\u6d41\u6392-3.jpg\" alt=\"\" width=\"175\" height=\"22\" \/><\/td>\n<\/tr>\n<\/tbody>\n<\/table>\n\n\n<p><strong>Wymiary<\/strong><\/p>\n\n\n\n<figure class=\"wp-block-image size-full\"><img loading=\"lazy\" decoding=\"async\" width=\"936\" height=\"500\" src=\"https:\/\/www.tosunlux.eu\/wp-content\/uploads\/2022\/05\/\u5c3a\u5bf8-1.jpg\" alt=\"\" class=\"wp-image-2737\" srcset=\"https:\/\/www.tosunlux.eu\/wp-content\/uploads\/2022\/05\/\u5c3a\u5bf8-1.jpg 936w, https:\/\/www.tosunlux.eu\/wp-content\/uploads\/2022\/05\/\u5c3a\u5bf8-1-300x160.jpg 300w, https:\/\/www.tosunlux.eu\/wp-content\/uploads\/2022\/05\/\u5c3a\u5bf8-1-768x410.jpg 768w\" sizes=\"(max-width: 936px) 100vw, 936px\" \/><\/figure>","protected":false},"parent":0,"template":"","product_category":[78],"class_list":["post-2732","product","type-product","status-publish","hentry","product_category-rcbo"],"yoast_head":"<!-- This site is optimized with the Yoast SEO plugin v27.5 - https:\/\/yoast.com\/product\/yoast-seo-wordpress\/ -->\n<title>WholesaleTSN2-63L Residual Current Operated Circuit Breaker (RCBO) - TOSUNlux Official Site - Electrical Circuit Breaker Manufacturer in China Low Voltage Electrical Supplier | TOSUNlux<\/title>\n<meta name=\"description\" content=\"TSN2-63L Residual Current Operated Circuit Breaker (RCBO) Supplier - Wholesale direct from TOSUNlux, a trusted manufacturer since 1994. Get your B2B factory quote on our certified Low Voltage electrical products.\" \/>\n<meta name=\"robots\" content=\"index, follow, max-snippet:-1, max-image-preview:large, max-video-preview:-1\" \/>\n<link rel=\"canonical\" href=\"https:\/\/www.tosunlux.eu\/pl\/products\/tsn2-63l-residual-current-operated-circuit-breaker-rcbo\/\" \/>\n<meta property=\"og:locale\" content=\"pl_PL\" \/>\n<meta property=\"og:type\" content=\"article\" \/>\n<meta property=\"og:title\" content=\"WholesaleTSN2-63L Residual Current Operated Circuit Breaker (RCBO) - TOSUNlux Official Site - Electrical Circuit Breaker Manufacturer in China Low Voltage Electrical Supplier | TOSUNlux\" \/>\n<meta property=\"og:description\" content=\"TSN2-63L Residual Current Operated Circuit Breaker (RCBO) Supplier - Wholesale direct from TOSUNlux, a trusted manufacturer since 1994. Get your B2B factory quote on our certified Low Voltage electrical products.\" \/>\n<meta property=\"og:url\" content=\"https:\/\/www.tosunlux.eu\/pl\/products\/tsn2-63l-residual-current-operated-circuit-breaker-rcbo\/\" \/>\n<meta property=\"og:site_name\" content=\"TOSUNlux Official Site - Electrical Circuit Breaker Manufacturer in China\" \/>\n<meta property=\"article:publisher\" content=\"https:\/\/www.facebook.com\/TOSUNelectric\/\" \/>\n<meta property=\"article:modified_time\" content=\"2022-05-13T10:01:49+00:00\" \/>\n<meta property=\"og:image\" content=\"https:\/\/www.tosunlux.eu\/wp-content\/uploads\/2022\/05\/AC.jpg\" \/>\n<meta name=\"twitter:card\" content=\"summary_large_image\" \/>\n<meta name=\"twitter:label1\" content=\"Szacowany czas czytania\" \/>\n\t<meta name=\"twitter:data1\" content=\"2 minuty\" \/>\n<script type=\"application\/ld+json\" class=\"yoast-schema-graph\">{\"@context\":\"https:\\\/\\\/schema.org\",\"@graph\":[{\"@type\":\"WebPage\",\"@id\":\"https:\\\/\\\/www.tosunlux.eu\\\/products\\\/tsn2-63l-residual-current-operated-circuit-breaker-rcbo\\\/\",\"url\":\"https:\\\/\\\/www.tosunlux.eu\\\/products\\\/tsn2-63l-residual-current-operated-circuit-breaker-rcbo\\\/\",\"name\":\"WholesaleTSN2-63L Residual Current Operated Circuit Breaker (RCBO) - TOSUNlux Official Site - Electrical Circuit Breaker Manufacturer in China Low Voltage Electrical Supplier | TOSUNlux\",\"isPartOf\":{\"@id\":\"https:\\\/\\\/www.tosunlux.eu\\\/ru\\\/#website\"},\"primaryImageOfPage\":{\"@id\":\"https:\\\/\\\/www.tosunlux.eu\\\/products\\\/tsn2-63l-residual-current-operated-circuit-breaker-rcbo\\\/#primaryimage\"},\"image\":{\"@id\":\"https:\\\/\\\/www.tosunlux.eu\\\/products\\\/tsn2-63l-residual-current-operated-circuit-breaker-rcbo\\\/#primaryimage\"},\"thumbnailUrl\":\"https:\\\/\\\/www.tosunlux.eu\\\/wp-content\\\/uploads\\\/2022\\\/05\\\/AC.jpg\",\"datePublished\":\"2022-05-13T09:23:39+00:00\",\"dateModified\":\"2022-05-13T10:01:49+00:00\",\"description\":\"TSN2-63L Residual Current Operated Circuit Breaker (RCBO) Supplier - Wholesale direct from TOSUNlux, a trusted manufacturer since 1994. Get your B2B factory quote on our certified Low Voltage electrical products.\",\"breadcrumb\":{\"@id\":\"https:\\\/\\\/www.tosunlux.eu\\\/products\\\/tsn2-63l-residual-current-operated-circuit-breaker-rcbo\\\/#breadcrumb\"},\"inLanguage\":\"pl-PL\",\"potentialAction\":[{\"@type\":\"ReadAction\",\"target\":[\"https:\\\/\\\/www.tosunlux.eu\\\/products\\\/tsn2-63l-residual-current-operated-circuit-breaker-rcbo\\\/\"]}]},{\"@type\":\"ImageObject\",\"inLanguage\":\"pl-PL\",\"@id\":\"https:\\\/\\\/www.tosunlux.eu\\\/products\\\/tsn2-63l-residual-current-operated-circuit-breaker-rcbo\\\/#primaryimage\",\"url\":\"https:\\\/\\\/www.tosunlux.eu\\\/wp-content\\\/uploads\\\/2022\\\/05\\\/AC.jpg\",\"contentUrl\":\"https:\\\/\\\/www.tosunlux.eu\\\/wp-content\\\/uploads\\\/2022\\\/05\\\/AC.jpg\"},{\"@type\":\"BreadcrumbList\",\"@id\":\"https:\\\/\\\/www.tosunlux.eu\\\/products\\\/tsn2-63l-residual-current-operated-circuit-breaker-rcbo\\\/#breadcrumb\",\"itemListElement\":[{\"@type\":\"ListItem\",\"position\":1,\"name\":\"Home\",\"item\":\"https:\\\/\\\/www.tosunlux.eu\\\/ru\\\/\"},{\"@type\":\"ListItem\",\"position\":2,\"name\":\"Products\",\"item\":\"https:\\\/\\\/www.tosunlux.eu\\\/products\\\/\"},{\"@type\":\"ListItem\",\"position\":3,\"name\":\"TSN2-63L Residual Current Operated Circuit Breaker (RCBO)\"}]},{\"@type\":\"WebSite\",\"@id\":\"https:\\\/\\\/www.tosunlux.eu\\\/ru\\\/#website\",\"url\":\"https:\\\/\\\/www.tosunlux.eu\\\/ru\\\/\",\"name\":\"TOSUNlux Official Site - Electrical Circuit Breaker Manufacturer in China\",\"description\":\"Power Distribution System Supplier\",\"publisher\":{\"@id\":\"https:\\\/\\\/www.tosunlux.eu\\\/ru\\\/#organization\"},\"alternateName\":\"TOSUNlux\",\"potentialAction\":[{\"@type\":\"SearchAction\",\"target\":{\"@type\":\"EntryPoint\",\"urlTemplate\":\"https:\\\/\\\/www.tosunlux.eu\\\/ru\\\/?s={search_term_string}\"},\"query-input\":{\"@type\":\"PropertyValueSpecification\",\"valueRequired\":true,\"valueName\":\"search_term_string\"}}],\"inLanguage\":\"pl-PL\"},{\"@type\":\"Organization\",\"@id\":\"https:\\\/\\\/www.tosunlux.eu\\\/ru\\\/#organization\",\"name\":\"TOSUNlux\",\"url\":\"https:\\\/\\\/www.tosunlux.eu\\\/ru\\\/\",\"logo\":{\"@type\":\"ImageObject\",\"inLanguage\":\"pl-PL\",\"@id\":\"https:\\\/\\\/www.tosunlux.eu\\\/ru\\\/#\\\/schema\\\/logo\\\/image\\\/\",\"url\":\"https:\\\/\\\/www.tosunlux.eu\\\/wp-content\\\/uploads\\\/2022\\\/01\\\/LOGOSYSM.71762f1.png\",\"contentUrl\":\"https:\\\/\\\/www.tosunlux.eu\\\/wp-content\\\/uploads\\\/2022\\\/01\\\/LOGOSYSM.71762f1.png\",\"width\":153,\"height\":55,\"caption\":\"TOSUNlux\"},\"image\":{\"@id\":\"https:\\\/\\\/www.tosunlux.eu\\\/ru\\\/#\\\/schema\\\/logo\\\/image\\\/\"},\"sameAs\":[\"https:\\\/\\\/www.facebook.com\\\/TOSUNelectric\\\/\",\"https:\\\/\\\/www.linkedin.com\\\/company\\\/wenzhou-tosun-electric-co.-ltd\\\/\"]}]}<\/script>\n<!-- \/ Yoast SEO plugin. -->","yoast_head_json":{"title":"WholesaleTSN2-63L Residual Current Operated Circuit Breaker (RCBO) - TOSUNlux Official Site - Electrical Circuit Breaker Manufacturer in China Low Voltage Electrical Supplier | TOSUNlux","description":"TSN2-63L Residual Current Operated Circuit Breaker (RCBO) Supplier - Wholesale direct from TOSUNlux, a trusted manufacturer since 1994. Get your B2B factory quote on our certified Low Voltage electrical products.","robots":{"index":"index","follow":"follow","max-snippet":"max-snippet:-1","max-image-preview":"max-image-preview:large","max-video-preview":"max-video-preview:-1"},"canonical":"https:\/\/www.tosunlux.eu\/pl\/products\/tsn2-63l-residual-current-operated-circuit-breaker-rcbo\/","og_locale":"pl_PL","og_type":"article","og_title":"WholesaleTSN2-63L Residual Current Operated Circuit Breaker (RCBO) - TOSUNlux Official Site - Electrical Circuit Breaker Manufacturer in China Low Voltage Electrical Supplier | TOSUNlux","og_description":"TSN2-63L Residual Current Operated Circuit Breaker (RCBO) Supplier - Wholesale direct from TOSUNlux, a trusted manufacturer since 1994. Get your B2B factory quote on our certified Low Voltage electrical products.","og_url":"https:\/\/www.tosunlux.eu\/pl\/products\/tsn2-63l-residual-current-operated-circuit-breaker-rcbo\/","og_site_name":"TOSUNlux Official Site - Electrical Circuit Breaker Manufacturer in China","article_publisher":"https:\/\/www.facebook.com\/TOSUNelectric\/","article_modified_time":"2022-05-13T10:01:49+00:00","og_image":[{"url":"https:\/\/www.tosunlux.eu\/wp-content\/uploads\/2022\/05\/AC.jpg","type":"","width":"","height":""}],"twitter_card":"summary_large_image","twitter_misc":{"Szacowany czas czytania":"2 minuty"},"schema":{"@context":"https:\/\/schema.org","@graph":[{"@type":"WebPage","@id":"https:\/\/www.tosunlux.eu\/products\/tsn2-63l-residual-current-operated-circuit-breaker-rcbo\/","url":"https:\/\/www.tosunlux.eu\/products\/tsn2-63l-residual-current-operated-circuit-breaker-rcbo\/","name":"WholesaleTSN2-63L Residual Current Operated Circuit Breaker (RCBO) - TOSUNlux Official Site - Electrical Circuit Breaker Manufacturer in China Low Voltage Electrical Supplier | TOSUNlux","isPartOf":{"@id":"https:\/\/www.tosunlux.eu\/ru\/#website"},"primaryImageOfPage":{"@id":"https:\/\/www.tosunlux.eu\/products\/tsn2-63l-residual-current-operated-circuit-breaker-rcbo\/#primaryimage"},"image":{"@id":"https:\/\/www.tosunlux.eu\/products\/tsn2-63l-residual-current-operated-circuit-breaker-rcbo\/#primaryimage"},"thumbnailUrl":"https:\/\/www.tosunlux.eu\/wp-content\/uploads\/2022\/05\/AC.jpg","datePublished":"2022-05-13T09:23:39+00:00","dateModified":"2022-05-13T10:01:49+00:00","description":"TSN2-63L Residual Current Operated Circuit Breaker (RCBO) Supplier - Wholesale direct from TOSUNlux, a trusted manufacturer since 1994. Get your B2B factory quote on our certified Low Voltage electrical products.","breadcrumb":{"@id":"https:\/\/www.tosunlux.eu\/products\/tsn2-63l-residual-current-operated-circuit-breaker-rcbo\/#breadcrumb"},"inLanguage":"pl-PL","potentialAction":[{"@type":"ReadAction","target":["https:\/\/www.tosunlux.eu\/products\/tsn2-63l-residual-current-operated-circuit-breaker-rcbo\/"]}]},{"@type":"ImageObject","inLanguage":"pl-PL","@id":"https:\/\/www.tosunlux.eu\/products\/tsn2-63l-residual-current-operated-circuit-breaker-rcbo\/#primaryimage","url":"https:\/\/www.tosunlux.eu\/wp-content\/uploads\/2022\/05\/AC.jpg","contentUrl":"https:\/\/www.tosunlux.eu\/wp-content\/uploads\/2022\/05\/AC.jpg"},{"@type":"BreadcrumbList","@id":"https:\/\/www.tosunlux.eu\/products\/tsn2-63l-residual-current-operated-circuit-breaker-rcbo\/#breadcrumb","itemListElement":[{"@type":"ListItem","position":1,"name":"Home","item":"https:\/\/www.tosunlux.eu\/ru\/"},{"@type":"ListItem","position":2,"name":"Products","item":"https:\/\/www.tosunlux.eu\/products\/"},{"@type":"ListItem","position":3,"name":"TSN2-63L Residual Current Operated Circuit Breaker (RCBO)"}]},{"@type":"WebSite","@id":"https:\/\/www.tosunlux.eu\/ru\/#website","url":"https:\/\/www.tosunlux.eu\/ru\/","name":"Oficjalna strona TOSUNlux - Producent wy\u0142\u0105cznik\u00f3w elektrycznych w Chinach","description":"Dostawca system\u00f3w dystrybucji energii","publisher":{"@id":"https:\/\/www.tosunlux.eu\/ru\/#organization"},"alternateName":"TOSUNlux","potentialAction":[{"@type":"SearchAction","target":{"@type":"EntryPoint","urlTemplate":"https:\/\/www.tosunlux.eu\/ru\/?s={search_term_string}"},"query-input":{"@type":"PropertyValueSpecification","valueRequired":true,"valueName":"search_term_string"}}],"inLanguage":"pl-PL"},{"@type":"Organization","@id":"https:\/\/www.tosunlux.eu\/ru\/#organization","name":"TOSUNlux","url":"https:\/\/www.tosunlux.eu\/ru\/","logo":{"@type":"ImageObject","inLanguage":"pl-PL","@id":"https:\/\/www.tosunlux.eu\/ru\/#\/schema\/logo\/image\/","url":"https:\/\/www.tosunlux.eu\/wp-content\/uploads\/2022\/01\/LOGOSYSM.71762f1.png","contentUrl":"https:\/\/www.tosunlux.eu\/wp-content\/uploads\/2022\/01\/LOGOSYSM.71762f1.png","width":153,"height":55,"caption":"TOSUNlux"},"image":{"@id":"https:\/\/www.tosunlux.eu\/ru\/#\/schema\/logo\/image\/"},"sameAs":["https:\/\/www.facebook.com\/TOSUNelectric\/","https:\/\/www.linkedin.com\/company\/wenzhou-tosun-electric-co.-ltd\/"]}]}},"_links":{"self":[{"href":"https:\/\/www.tosunlux.eu\/pl\/wp-json\/wp\/v2\/product\/2732","targetHints":{"allow":["GET"]}}],"collection":[{"href":"https:\/\/www.tosunlux.eu\/pl\/wp-json\/wp\/v2\/product"}],"about":[{"href":"https:\/\/www.tosunlux.eu\/pl\/wp-json\/wp\/v2\/types\/product"}],"version-history":[{"count":0,"href":"https:\/\/www.tosunlux.eu\/pl\/wp-json\/wp\/v2\/product\/2732\/revisions"}],"wp:attachment":[{"href":"https:\/\/www.tosunlux.eu\/pl\/wp-json\/wp\/v2\/media?parent=2732"}],"wp:term":[{"taxonomy":"product_category","embeddable":true,"href":"https:\/\/www.tosunlux.eu\/pl\/wp-json\/wp\/v2\/product_category?post=2732"}],"curies":[{"name":"wp","href":"https:\/\/api.w.org\/{rel}","templated":true}]}}