{"id":2740,"date":"2022-05-13T17:59:27","date_gmt":"2022-05-13T09:59:27","guid":{"rendered":"https:\/\/www.tosunlux.eu\/?post_type=product&#038;p=2740"},"modified":"2022-05-13T17:59:28","modified_gmt":"2022-05-13T09:59:28","slug":"tsg1-125-isolating-switch","status":"publish","type":"product","link":"https:\/\/www.tosunlux.eu\/pl\/products\/tsg1-125-isolating-switch\/","title":{"rendered":"Wy\u0142\u0105cznik izolacyjny TSG1-125"},"content":{"rendered":"<p><strong>Aplikacja<\/strong><\/p>\n\n\n\n<p>Wy\u0142\u0105cznik izolacyjny TSG1-125 stosowany jest jako wy\u0142\u0105cznik g\u0142\u00f3wny w skrzynkach rozdzielczych w domach lub jako wy\u0142\u0105cznik pojedynczych obwod\u00f3w elektrycznych.<\/p>\n\n\n\n<p><strong>Specyfikacja<\/strong><\/p>\n\n\n<table style=\"height: 799px;\" width=\"747\">\n<tbody>\n<tr>\n<td width=\"328\">Liczba biegun\u00f3w<\/td>\n<td width=\"292\">1P, 2P, 3P, 4P<\/td>\n<\/tr>\n<tr>\n<td width=\"328\">Pr\u0105d znamionowy (A)<\/td>\n<td width=\"292\">50,63, 80, 100,125<\/td>\n<\/tr>\n<tr>\n<td width=\"328\">Napi\u0119cie znamionowe (V)<\/td>\n<td width=\"292\">1P:240\/415 2,3,4P:415<\/td>\n<\/tr>\n<tr>\n<td width=\"328\">Cz\u0119stotliwo\u015b\u0107 znamionowa (Hz)<\/td>\n<td width=\"292\">50\/60<\/td>\n<\/tr>\n<tr>\n<td width=\"328\">Kategoria wykorzystania<\/td>\n<td width=\"292\">AC-22A<\/td>\n<\/tr>\n<tr>\n<td width=\"328\">Icw<\/td>\n<td width=\"292\">12le,t=0,1 sek.<\/td>\n<\/tr>\n<tr>\n<td width=\"328\">Znamionowa zdolno\u015b\u0107 za\u0142\u0105czania zwarciowego Icn<\/td>\n<td width=\"292\">20le, t=0,1 sek.<\/td>\n<\/tr>\n<tr>\n<td width=\"328\">Znamionowa zdolno\u015b\u0107 \u0142\u0105czeniowa i roz\u0142\u0105czania<\/td>\n<td width=\"292\">3le, 1,05Ue, COS\u03a6=0,65<\/td>\n<\/tr>\n<tr>\n<td width=\"328\">Napi\u0119cie znamionowe izolacji Ui (V)<\/td>\n<td width=\"292\">690<\/td>\n<\/tr>\n<tr>\n<td width=\"328\">Znamionowe napi\u0119cie udarowe wytrzymywane Uimp (V)<\/td>\n<td width=\"292\">4000<\/td>\n<\/tr>\n<tr>\n<td width=\"328\">\u017bycie elektryczne (czasy)<\/td>\n<td width=\"292\">1 500<\/td>\n<\/tr>\n<tr>\n<td width=\"328\">\u017bywotno\u015b\u0107 mechaniczna (razy)<\/td>\n<td width=\"292\">1 0000<\/td>\n<\/tr>\n<tr>\n<td width=\"328\">Pojemno\u015b\u0107 terminala<\/td>\n<td width=\"292\">Kable do 50mm\u00b2<\/td>\n<\/tr>\n<tr>\n<td width=\"328\">Temperatura otoczenia (\u00b0C)<\/td>\n<td width=\"292\">-25~+45, maks. wilgotno\u015b\u0107 95%<\/td>\n<\/tr>\n<tr>\n<td width=\"328\">Temperatura przechowywania (\u00b0C)<\/td>\n<td width=\"292\">-40~+75<\/td>\n<\/tr>\n<tr>\n<td width=\"328\">Wysoko\u015b\u0107 (metry)<\/td>\n<td width=\"292\">Maks. 2000<\/td>\n<\/tr>\n<tr>\n<td width=\"328\">Stopie\u0144 ochrony<\/td>\n<td width=\"292\">IP20<\/td>\n<\/tr>\n<tr>\n<td width=\"328\">Instalacja<\/td>\n<td width=\"292\">Monta\u017c na szynie DIN 35mm<\/td>\n<\/tr>\n<tr>\n<td width=\"328\">Szeroko\u015b\u0107<\/td>\n<td width=\"292\">18 mm na biegun<\/td>\n<\/tr>\n<tr>\n<td width=\"328\">Standard<\/td>\n<td width=\"292\">PN-EN\/IEC60947-3<\/td>\n<\/tr>\n<tr>\n<td width=\"328\">Okablowanie g\u00f3rne Okablowanie dolne<\/td>\n<td width=\"292\">\u00a0<img decoding=\"async\" class=\"alignnone  wp-image-2741\" src=\"https:\/\/www.tosunlux.eu\/wp-content\/uploads\/2022\/05\/1-17.jpg\" alt=\"\" width=\"43\" height=\"44\" \/>1-25 mm\u00b2<img decoding=\"async\" class=\"alignnone  wp-image-2742\" src=\"https:\/\/www.tosunlux.eu\/wp-content\/uploads\/2022\/05\/\u6c47\u6d41\u6392-2.jpg\" alt=\"\" width=\"154\" height=\"19\" \/><\/td>\n<\/tr>\n<\/tbody>\n<\/table>\n\n\n<p><strong>Wymiary<\/strong><\/p>\n\n\n\n<figure class=\"wp-block-image size-large\"><img fetchpriority=\"high\" decoding=\"async\" width=\"1024\" height=\"348\" src=\"https:\/\/www.tosunlux.eu\/wp-content\/uploads\/2022\/05\/\u5c3a\u5bf8-2-1024x348.jpg\" alt=\"\" class=\"wp-image-2743\" srcset=\"https:\/\/www.tosunlux.eu\/wp-content\/uploads\/2022\/05\/\u5c3a\u5bf8-2-1024x348.jpg 1024w, https:\/\/www.tosunlux.eu\/wp-content\/uploads\/2022\/05\/\u5c3a\u5bf8-2-300x102.jpg 300w, https:\/\/www.tosunlux.eu\/wp-content\/uploads\/2022\/05\/\u5c3a\u5bf8-2-768x261.jpg 768w, https:\/\/www.tosunlux.eu\/wp-content\/uploads\/2022\/05\/\u5c3a\u5bf8-2.jpg 1390w\" sizes=\"(max-width: 1024px) 100vw, 1024px\" \/><\/figure>","protected":false},"parent":0,"template":"","product_category":[87],"class_list":["post-2740","product","type-product","status-publish","hentry","product_category-isolation-switch"],"yoast_head":"<!-- This site is optimized with the Yoast SEO plugin v27.5 - https:\/\/yoast.com\/product\/yoast-seo-wordpress\/ -->\n<title>WholesaleTSG1-125 Isolating Switch - TOSUNlux Official Site - Electrical Circuit Breaker Manufacturer in China Low Voltage Electrical Supplier | TOSUNlux<\/title>\n<meta name=\"description\" content=\"TSG1-125 Isolating Switch Supplier - Wholesale direct from TOSUNlux, a trusted manufacturer since 1994. Get your B2B factory quote on our certified Low Voltage electrical products.\" \/>\n<meta name=\"robots\" content=\"index, follow, max-snippet:-1, max-image-preview:large, max-video-preview:-1\" \/>\n<link rel=\"canonical\" href=\"https:\/\/www.tosunlux.eu\/pl\/products\/tsg1-125-isolating-switch\/\" \/>\n<meta property=\"og:locale\" content=\"pl_PL\" \/>\n<meta property=\"og:type\" content=\"article\" \/>\n<meta property=\"og:title\" content=\"WholesaleTSG1-125 Isolating Switch - TOSUNlux Official Site - Electrical Circuit Breaker Manufacturer in China Low Voltage Electrical Supplier | TOSUNlux\" \/>\n<meta property=\"og:description\" content=\"TSG1-125 Isolating Switch Supplier - Wholesale direct from TOSUNlux, a trusted manufacturer since 1994. Get your B2B factory quote on our certified Low Voltage electrical products.\" \/>\n<meta property=\"og:url\" content=\"https:\/\/www.tosunlux.eu\/pl\/products\/tsg1-125-isolating-switch\/\" \/>\n<meta property=\"og:site_name\" content=\"TOSUNlux Official Site - Electrical Circuit Breaker Manufacturer in China\" \/>\n<meta property=\"article:publisher\" content=\"https:\/\/www.facebook.com\/TOSUNelectric\/\" \/>\n<meta property=\"article:modified_time\" content=\"2022-05-13T09:59:28+00:00\" \/>\n<meta property=\"og:image\" content=\"https:\/\/www.tosunlux.eu\/wp-content\/uploads\/2022\/05\/1-17.jpg\" \/>\n<meta name=\"twitter:card\" content=\"summary_large_image\" \/>\n<meta name=\"twitter:label1\" content=\"Szacowany czas czytania\" \/>\n\t<meta name=\"twitter:data1\" content=\"2 minuty\" \/>\n<script type=\"application\/ld+json\" class=\"yoast-schema-graph\">{\"@context\":\"https:\\\/\\\/schema.org\",\"@graph\":[{\"@type\":\"WebPage\",\"@id\":\"https:\\\/\\\/www.tosunlux.eu\\\/fr\\\/products\\\/tsg1-125-isolating-switch\\\/\",\"url\":\"https:\\\/\\\/www.tosunlux.eu\\\/fr\\\/products\\\/tsg1-125-isolating-switch\\\/\",\"name\":\"WholesaleTSG1-125 Isolating Switch - TOSUNlux Official Site - Electrical Circuit Breaker Manufacturer in China Low Voltage Electrical Supplier | TOSUNlux\",\"isPartOf\":{\"@id\":\"https:\\\/\\\/www.tosunlux.eu\\\/ru\\\/#website\"},\"primaryImageOfPage\":{\"@id\":\"https:\\\/\\\/www.tosunlux.eu\\\/fr\\\/products\\\/tsg1-125-isolating-switch\\\/#primaryimage\"},\"image\":{\"@id\":\"https:\\\/\\\/www.tosunlux.eu\\\/fr\\\/products\\\/tsg1-125-isolating-switch\\\/#primaryimage\"},\"thumbnailUrl\":\"https:\\\/\\\/www.tosunlux.eu\\\/wp-content\\\/uploads\\\/2022\\\/05\\\/1-17.jpg\",\"datePublished\":\"2022-05-13T09:59:27+00:00\",\"dateModified\":\"2022-05-13T09:59:28+00:00\",\"description\":\"TSG1-125 Isolating Switch Supplier - Wholesale direct from TOSUNlux, a trusted manufacturer since 1994. Get your B2B factory quote on our certified Low Voltage electrical products.\",\"breadcrumb\":{\"@id\":\"https:\\\/\\\/www.tosunlux.eu\\\/fr\\\/products\\\/tsg1-125-isolating-switch\\\/#breadcrumb\"},\"inLanguage\":\"pl-PL\",\"potentialAction\":[{\"@type\":\"ReadAction\",\"target\":[\"https:\\\/\\\/www.tosunlux.eu\\\/fr\\\/products\\\/tsg1-125-isolating-switch\\\/\"]}]},{\"@type\":\"ImageObject\",\"inLanguage\":\"pl-PL\",\"@id\":\"https:\\\/\\\/www.tosunlux.eu\\\/fr\\\/products\\\/tsg1-125-isolating-switch\\\/#primaryimage\",\"url\":\"https:\\\/\\\/www.tosunlux.eu\\\/wp-content\\\/uploads\\\/2022\\\/05\\\/1-17.jpg\",\"contentUrl\":\"https:\\\/\\\/www.tosunlux.eu\\\/wp-content\\\/uploads\\\/2022\\\/05\\\/1-17.jpg\"},{\"@type\":\"BreadcrumbList\",\"@id\":\"https:\\\/\\\/www.tosunlux.eu\\\/fr\\\/products\\\/tsg1-125-isolating-switch\\\/#breadcrumb\",\"itemListElement\":[{\"@type\":\"ListItem\",\"position\":1,\"name\":\"Home\",\"item\":\"https:\\\/\\\/www.tosunlux.eu\\\/ru\\\/\"},{\"@type\":\"ListItem\",\"position\":2,\"name\":\"Products\",\"item\":\"https:\\\/\\\/www.tosunlux.eu\\\/products\\\/\"},{\"@type\":\"ListItem\",\"position\":3,\"name\":\"TSG1-125 Isolating Switch\"}]},{\"@type\":\"WebSite\",\"@id\":\"https:\\\/\\\/www.tosunlux.eu\\\/ru\\\/#website\",\"url\":\"https:\\\/\\\/www.tosunlux.eu\\\/ru\\\/\",\"name\":\"TOSUNlux Official Site - Electrical Circuit Breaker Manufacturer in China\",\"description\":\"Power Distribution System Supplier\",\"publisher\":{\"@id\":\"https:\\\/\\\/www.tosunlux.eu\\\/ru\\\/#organization\"},\"alternateName\":\"TOSUNlux\",\"potentialAction\":[{\"@type\":\"SearchAction\",\"target\":{\"@type\":\"EntryPoint\",\"urlTemplate\":\"https:\\\/\\\/www.tosunlux.eu\\\/ru\\\/?s={search_term_string}\"},\"query-input\":{\"@type\":\"PropertyValueSpecification\",\"valueRequired\":true,\"valueName\":\"search_term_string\"}}],\"inLanguage\":\"pl-PL\"},{\"@type\":\"Organization\",\"@id\":\"https:\\\/\\\/www.tosunlux.eu\\\/ru\\\/#organization\",\"name\":\"TOSUNlux\",\"url\":\"https:\\\/\\\/www.tosunlux.eu\\\/ru\\\/\",\"logo\":{\"@type\":\"ImageObject\",\"inLanguage\":\"pl-PL\",\"@id\":\"https:\\\/\\\/www.tosunlux.eu\\\/ru\\\/#\\\/schema\\\/logo\\\/image\\\/\",\"url\":\"https:\\\/\\\/www.tosunlux.eu\\\/wp-content\\\/uploads\\\/2022\\\/01\\\/LOGOSYSM.71762f1.png\",\"contentUrl\":\"https:\\\/\\\/www.tosunlux.eu\\\/wp-content\\\/uploads\\\/2022\\\/01\\\/LOGOSYSM.71762f1.png\",\"width\":153,\"height\":55,\"caption\":\"TOSUNlux\"},\"image\":{\"@id\":\"https:\\\/\\\/www.tosunlux.eu\\\/ru\\\/#\\\/schema\\\/logo\\\/image\\\/\"},\"sameAs\":[\"https:\\\/\\\/www.facebook.com\\\/TOSUNelectric\\\/\",\"https:\\\/\\\/www.linkedin.com\\\/company\\\/wenzhou-tosun-electric-co.-ltd\\\/\"]}]}<\/script>\n<!-- \/ Yoast SEO plugin. -->","yoast_head_json":{"title":"Hurtowy wy\u0142\u0105cznik izolacyjny TSG1-125 - Oficjalna strona TOSUNlux - Producent wy\u0142\u0105cznik\u00f3w elektrycznych w Chinach Dostawca urz\u0105dze\u0144 niskonapi\u0119ciowych | TOSUNlux","description":"Dostawca wy\u0142\u0105cznik\u00f3w izolacyjnych TSG1-125 \u2014 hurtowo bezpo\u015brednio od TOSUNlux, zaufanego producenta od 1994 roku. Uzyskaj wycen\u0119 fabryczn\u0105 B2B na nasze certyfikowane produkty elektryczne niskiego napi\u0119cia.","robots":{"index":"index","follow":"follow","max-snippet":"max-snippet:-1","max-image-preview":"max-image-preview:large","max-video-preview":"max-video-preview:-1"},"canonical":"https:\/\/www.tosunlux.eu\/pl\/products\/tsg1-125-isolating-switch\/","og_locale":"pl_PL","og_type":"article","og_title":"WholesaleTSG1-125 Isolating Switch - TOSUNlux Official Site - Electrical Circuit Breaker Manufacturer in China Low Voltage Electrical Supplier | TOSUNlux","og_description":"TSG1-125 Isolating Switch Supplier - Wholesale direct from TOSUNlux, a trusted manufacturer since 1994. Get your B2B factory quote on our certified Low Voltage electrical products.","og_url":"https:\/\/www.tosunlux.eu\/pl\/products\/tsg1-125-isolating-switch\/","og_site_name":"TOSUNlux Official Site - Electrical Circuit Breaker Manufacturer in China","article_publisher":"https:\/\/www.facebook.com\/TOSUNelectric\/","article_modified_time":"2022-05-13T09:59:28+00:00","og_image":[{"url":"https:\/\/www.tosunlux.eu\/wp-content\/uploads\/2022\/05\/1-17.jpg","type":"","width":"","height":""}],"twitter_card":"summary_large_image","twitter_misc":{"Szacowany czas czytania":"2 minuty"},"schema":{"@context":"https:\/\/schema.org","@graph":[{"@type":"WebPage","@id":"https:\/\/www.tosunlux.eu\/fr\/products\/tsg1-125-isolating-switch\/","url":"https:\/\/www.tosunlux.eu\/fr\/products\/tsg1-125-isolating-switch\/","name":"Hurtowy wy\u0142\u0105cznik izolacyjny TSG1-125 - Oficjalna strona TOSUNlux - Producent wy\u0142\u0105cznik\u00f3w elektrycznych w Chinach Dostawca urz\u0105dze\u0144 niskonapi\u0119ciowych | TOSUNlux","isPartOf":{"@id":"https:\/\/www.tosunlux.eu\/ru\/#website"},"primaryImageOfPage":{"@id":"https:\/\/www.tosunlux.eu\/fr\/products\/tsg1-125-isolating-switch\/#primaryimage"},"image":{"@id":"https:\/\/www.tosunlux.eu\/fr\/products\/tsg1-125-isolating-switch\/#primaryimage"},"thumbnailUrl":"https:\/\/www.tosunlux.eu\/wp-content\/uploads\/2022\/05\/1-17.jpg","datePublished":"2022-05-13T09:59:27+00:00","dateModified":"2022-05-13T09:59:28+00:00","description":"Dostawca wy\u0142\u0105cznik\u00f3w izolacyjnych TSG1-125 \u2014 hurtowo bezpo\u015brednio od TOSUNlux, zaufanego producenta od 1994 roku. Uzyskaj wycen\u0119 fabryczn\u0105 B2B na nasze certyfikowane produkty elektryczne niskiego napi\u0119cia.","breadcrumb":{"@id":"https:\/\/www.tosunlux.eu\/fr\/products\/tsg1-125-isolating-switch\/#breadcrumb"},"inLanguage":"pl-PL","potentialAction":[{"@type":"ReadAction","target":["https:\/\/www.tosunlux.eu\/fr\/products\/tsg1-125-isolating-switch\/"]}]},{"@type":"ImageObject","inLanguage":"pl-PL","@id":"https:\/\/www.tosunlux.eu\/fr\/products\/tsg1-125-isolating-switch\/#primaryimage","url":"https:\/\/www.tosunlux.eu\/wp-content\/uploads\/2022\/05\/1-17.jpg","contentUrl":"https:\/\/www.tosunlux.eu\/wp-content\/uploads\/2022\/05\/1-17.jpg"},{"@type":"BreadcrumbList","@id":"https:\/\/www.tosunlux.eu\/fr\/products\/tsg1-125-isolating-switch\/#breadcrumb","itemListElement":[{"@type":"ListItem","position":1,"name":"Home","item":"https:\/\/www.tosunlux.eu\/ru\/"},{"@type":"ListItem","position":2,"name":"Products","item":"https:\/\/www.tosunlux.eu\/products\/"},{"@type":"ListItem","position":3,"name":"TSG1-125 Isolating Switch"}]},{"@type":"WebSite","@id":"https:\/\/www.tosunlux.eu\/ru\/#website","url":"https:\/\/www.tosunlux.eu\/ru\/","name":"Oficjalna strona TOSUNlux - Producent wy\u0142\u0105cznik\u00f3w elektrycznych w Chinach","description":"Dostawca system\u00f3w dystrybucji energii","publisher":{"@id":"https:\/\/www.tosunlux.eu\/ru\/#organization"},"alternateName":"TOSUNlux","potentialAction":[{"@type":"SearchAction","target":{"@type":"EntryPoint","urlTemplate":"https:\/\/www.tosunlux.eu\/ru\/?s={search_term_string}"},"query-input":{"@type":"PropertyValueSpecification","valueRequired":true,"valueName":"search_term_string"}}],"inLanguage":"pl-PL"},{"@type":"Organization","@id":"https:\/\/www.tosunlux.eu\/ru\/#organization","name":"TOSUNlux","url":"https:\/\/www.tosunlux.eu\/ru\/","logo":{"@type":"ImageObject","inLanguage":"pl-PL","@id":"https:\/\/www.tosunlux.eu\/ru\/#\/schema\/logo\/image\/","url":"https:\/\/www.tosunlux.eu\/wp-content\/uploads\/2022\/01\/LOGOSYSM.71762f1.png","contentUrl":"https:\/\/www.tosunlux.eu\/wp-content\/uploads\/2022\/01\/LOGOSYSM.71762f1.png","width":153,"height":55,"caption":"TOSUNlux"},"image":{"@id":"https:\/\/www.tosunlux.eu\/ru\/#\/schema\/logo\/image\/"},"sameAs":["https:\/\/www.facebook.com\/TOSUNelectric\/","https:\/\/www.linkedin.com\/company\/wenzhou-tosun-electric-co.-ltd\/"]}]}},"_links":{"self":[{"href":"https:\/\/www.tosunlux.eu\/pl\/wp-json\/wp\/v2\/product\/2740","targetHints":{"allow":["GET"]}}],"collection":[{"href":"https:\/\/www.tosunlux.eu\/pl\/wp-json\/wp\/v2\/product"}],"about":[{"href":"https:\/\/www.tosunlux.eu\/pl\/wp-json\/wp\/v2\/types\/product"}],"version-history":[{"count":0,"href":"https:\/\/www.tosunlux.eu\/pl\/wp-json\/wp\/v2\/product\/2740\/revisions"}],"wp:attachment":[{"href":"https:\/\/www.tosunlux.eu\/pl\/wp-json\/wp\/v2\/media?parent=2740"}],"wp:term":[{"taxonomy":"product_category","embeddable":true,"href":"https:\/\/www.tosunlux.eu\/pl\/wp-json\/wp\/v2\/product_category?post=2740"}],"curies":[{"name":"wp","href":"https:\/\/api.w.org\/{rel}","templated":true}]}}