{"id":2802,"date":"2022-05-14T13:48:30","date_gmt":"2022-05-14T05:48:30","guid":{"rendered":"https:\/\/www.tosunlux.eu\/?post_type=product&#038;p=2802"},"modified":"2023-06-12T13:25:06","modified_gmt":"2023-06-12T05:25:06","slug":"modular-digital-voltage-current-protector","status":"publish","type":"product","link":"https:\/\/www.tosunlux.eu\/pl\/products\/modular-digital-voltage-current-protector\/","title":{"rendered":"Modu\u0142owy cyfrowy ogranicznik napi\u0119cia i pr\u0105du"},"content":{"rendered":"<p><strong>Aplikacja<\/strong><\/p>\n\n\n\n<p>Ogranicznik napi\u0119cia TDP2 to nowa generacja zabezpiecze\u0144 urz\u0105dze\u0144 gospodarstwa domowego, przeznaczona do dom\u00f3w, hoteli, budynk\u00f3w, akademik\u00f3w itp. w celu ochrony bezpiecze\u0144stwa elektrycznego urz\u0105dze\u0144 i innych obci\u0105\u017ce\u0144 oraz zapobiegania uszkodzeniom obci\u0105\u017cenia spowodowanym zbyt wysokim lub zbyt niskim napi\u0119ciem sieciowym.<\/p>\n\n\n\n<p><\/p>\n\n\n\n<p><strong>Specyfikacja<\/strong><\/p>\n\n\n<table style=\"border-collapse: collapse; width: 790.52pt;\" border=\"0\" width=\"1054\" cellspacing=\"0\" cellpadding=\"0\">\n<tbody>\n<tr style=\"height: 20.45pt;\">\n<td class=\"et2\" style=\"height: 20.45pt; width: 226.05pt; text-align: center;\" width=\"301\" height=\"27\">Model<\/td>\n<td class=\"et2\" style=\"width: 187.8pt; text-align: center;\" width=\"250\">TDP2-1<\/td>\n<td class=\"et2\" style=\"width: 377.1pt; text-align: center;\" colspan=\"2\" width=\"502\">TDP2-3<\/td>\n<\/tr>\n<tr style=\"height: 22.50pt;\">\n<td class=\"et2\" style=\"height: 22.5pt; width: 226.05pt; text-align: center;\" width=\"301\" height=\"30\">Napi\u0119cie znamionowe zasilania<\/td>\n<td class=\"et2\" style=\"width: 376.6pt; text-align: center;\" colspan=\"2\" width=\"502\">Pr\u0105d zmienny 220 V<\/td>\n<td class=\"et2\" style=\"width: 188.3pt; text-align: center;\" width=\"251\">Pr\u0105d zmienny 380 V<\/td>\n<\/tr>\n<tr style=\"height: 20.45pt;\">\n<td class=\"et2\" style=\"height: 20.45pt; width: 226.05pt; text-align: center;\" width=\"301\" height=\"27\">Zakres napi\u0119cia roboczego<\/td>\n<td class=\"et2\" style=\"width: 187.8pt; text-align: center;\" width=\"250\">AC 80V~400V (jednofazowy)<\/td>\n<td class=\"et2\" style=\"width: 188.8pt; text-align: center;\" width=\"251\">AC 80~400V (tr\u00f3jfazowy)<\/td>\n<td class=\"et2\" style=\"width: 188.3pt; text-align: center;\" width=\"251\">AC140~700V (tr\u00f3jfazowy)<\/td>\n<\/tr>\n<tr style=\"height: 20.95pt;\">\n<td class=\"et2\" style=\"height: 20.95pt; width: 226.05pt; text-align: center;\" width=\"301\" height=\"27\">Zakres ustawie\u0144 pr\u0105du elektrycznego (&gt; A)<\/td>\n<td class=\"et2\" style=\"width: 187.8pt; text-align: center;\" width=\"250\">1 ~40\/63A<\/td>\n<td class=\"et2\" style=\"width: 188.8pt; text-align: center;\" width=\"251\">1 ~40A\/63A\/80A\/100A<\/td>\n<td class=\"et2\" style=\"width: 188.3pt; text-align: center;\" width=\"251\">1 ~40A\/63A\/80A\/100A<\/td>\n<\/tr>\n<tr style=\"height: 21.45pt;\">\n<td class=\"et2\" style=\"height: 21.45pt; width: 226.05pt; text-align: center;\" width=\"301\" height=\"28\">Zakres ustawie\u0144 przepi\u0119cia (&gt;U)<\/td>\n<td class=\"et2\" style=\"width: 376.6pt; text-align: center;\" colspan=\"2\" width=\"502\">230~300 V<\/td>\n<td class=\"et2\" style=\"width: 188.3pt; text-align: center;\" width=\"251\">390~500 V<\/td>\n<\/tr>\n<tr style=\"height: 20.95pt;\">\n<td class=\"et2\" style=\"height: 20.95pt; width: 226.05pt; text-align: center;\" width=\"301\" height=\"27\">Niedob\u00f3r napi\u0119cia(<\/td>\n<td class=\"et2\" style=\"width: 376.6pt; text-align: center;\" colspan=\"2\" width=\"502\">210~140 V<\/td>\n<td class=\"et2\" style=\"width: 188.3pt; text-align: center;\" width=\"251\">370~260 V<\/td>\n<\/tr>\n<tr style=\"height: 21.45pt;\">\n<td class=\"et2\" style=\"height: 21.45pt; width: 226.05pt; text-align: center;\" width=\"301\" height=\"28\">Pr\u0105d znamionowy<\/td>\n<td class=\"et2\" style=\"width: 187.8pt; text-align: center;\" width=\"250\">40\/63A<\/td>\n<td class=\"et2\" style=\"width: 188.8pt; text-align: center;\" width=\"251\">40A\/63A\/80A\/100A<\/td>\n<td class=\"et2\" style=\"width: 188.3pt; text-align: center;\" width=\"251\">40A\/63A\/80A\/100A<\/td>\n<\/tr>\n<tr style=\"height: 21.45pt;\">\n<td class=\"et2\" style=\"height: 21.45pt; width: 226.05pt; text-align: center;\" width=\"301\" height=\"28\">&gt;Ty i<\/td>\n<td class=\"et2\" style=\"width: 564.9pt; text-align: center;\" colspan=\"3\" width=\"753\">0,1~30 sek.<\/td>\n<\/tr>\n<tr style=\"height: 20.95pt;\">\n<td class=\"et2\" style=\"height: 20.95pt; width: 226.05pt; text-align: center;\" width=\"301\" height=\"27\">Op\u00f3\u017anienie resetowania\/rozpocz\u0119cia<\/td>\n<td class=\"et2\" style=\"width: 187.8pt; text-align: center;\" width=\"250\">1 ~600s<\/td>\n<td class=\"et2\" style=\"width: 377.1pt; text-align: center;\" colspan=\"2\" width=\"502\">1 ~500s<\/td>\n<\/tr>\n<tr style=\"height: 21.45pt;\">\n<td class=\"et2\" style=\"height: 21.45pt; width: 226.05pt; text-align: center;\" width=\"301\" height=\"28\">Dok\u0142adno\u015b\u0107 pomiaru napi\u0119cia<\/td>\n<td class=\"et2\" style=\"width: 564.9pt; text-align: center;\" colspan=\"3\" width=\"753\">2% (Nie przekraczaj\u0105ca 2% ca\u0142kowitego zakresu)<\/td>\n<\/tr>\n<tr style=\"height: 20.95pt;\">\n<td class=\"et2\" style=\"height: 20.95pt; width: 226.05pt; text-align: center;\" width=\"301\" height=\"27\">Napi\u0119cie znamionowe izolacji<\/td>\n<td class=\"et2\" style=\"width: 376.6pt; text-align: center;\" colspan=\"2\" width=\"502\">400 V<\/td>\n<td class=\"et2\" style=\"width: 188.3pt; text-align: center;\" width=\"251\">700 V<\/td>\n<\/tr>\n<tr style=\"height: 20.95pt;\">\n<td class=\"et2\" style=\"height: 20.95pt; width: 226.05pt; text-align: center;\" width=\"301\" height=\"27\">Kontakt wyj\u015bciowy<\/td>\n<td class=\"et2\" style=\"width: 187.8pt; text-align: center;\" width=\"250\">1NIE<\/td>\n<td class=\"et2\" style=\"width: 377.1pt; text-align: center;\" colspan=\"2\" width=\"502\">3NIE<\/td>\n<\/tr>\n<tr style=\"height: 21.95pt;\">\n<td class=\"et2\" style=\"height: 21.95pt; width: 226.05pt; text-align: center;\" width=\"301\" height=\"29\">Stopie\u0144 ochrony<\/td>\n<td class=\"et2\" style=\"width: 564.9pt; text-align: center;\" colspan=\"3\" width=\"753\">IP20<\/td>\n<\/tr>\n<tr style=\"height: 20.95pt;\">\n<td class=\"et2\" style=\"height: 20.95pt; width: 226.05pt; text-align: center;\" width=\"301\" height=\"27\">Stopie\u0144 zanieczyszczenia<\/td>\n<td class=\"et2\" style=\"width: 564.9pt; text-align: center;\" colspan=\"3\" width=\"753\">3<\/td>\n<\/tr>\n<tr style=\"height: 20.45pt;\">\n<td class=\"et2\" style=\"height: 20.45pt; width: 226.05pt; text-align: center;\" width=\"301\" height=\"27\">Wysoko\u015b\u0107<\/td>\n<td class=\"et2\" style=\"width: 564.9pt; text-align: center;\" colspan=\"3\" width=\"753\">\u22642000m<\/td>\n<\/tr>\n<tr style=\"height: 21.95pt;\">\n<td class=\"et2\" style=\"height: 21.95pt; width: 226.05pt; text-align: center;\" width=\"301\" height=\"29\">Temperatura pracy<\/td>\n<td class=\"et2\" style=\"width: 564.9pt; text-align: center;\" colspan=\"3\" width=\"753\">\u2013 50\u00b0C~55\u00b0C<\/td>\n<\/tr>\n<tr style=\"height: 20.45pt;\">\n<td class=\"et2\" style=\"height: 20.45pt; width: 226.05pt; text-align: center;\" width=\"301\" height=\"27\">Wilgotno\u015b\u0107<\/td>\n<td class=\"et2\" style=\"width: 564.9pt; text-align: center;\" colspan=\"3\" width=\"753\">\u226450% przy 40\u00b0C (bez kondensacji)<\/td>\n<\/tr>\n<tr style=\"height: 21.95pt;\">\n<td class=\"et2\" style=\"height: 21.95pt; width: 226.05pt; text-align: center;\" width=\"301\" height=\"29\">Temperatura przechowywania<\/td>\n<td class=\"et2\" style=\"width: 564.9pt; text-align: center;\" colspan=\"3\" width=\"753\">-30\u00b0C~70\u00b0C<\/td>\n<\/tr>\n<\/tbody>\n<\/table>\n\n\n<p><strong>Wymiary<\/strong><\/p>\n\n\n\n<figure class=\"wp-block-image size-large\"><img fetchpriority=\"high\" decoding=\"async\" width=\"1024\" height=\"238\" src=\"https:\/\/www.tosunlux.eu\/wp-content\/uploads\/2023\/06\/TDP2-1024x238.jpg\" alt=\"\" class=\"wp-image-7240\" srcset=\"https:\/\/www.tosunlux.eu\/wp-content\/uploads\/2023\/06\/TDP2-1024x238.jpg 1024w, https:\/\/www.tosunlux.eu\/wp-content\/uploads\/2023\/06\/TDP2-300x70.jpg 300w, https:\/\/www.tosunlux.eu\/wp-content\/uploads\/2023\/06\/TDP2-768x178.jpg 768w, https:\/\/www.tosunlux.eu\/wp-content\/uploads\/2023\/06\/TDP2-1536x356.jpg 1536w, https:\/\/www.tosunlux.eu\/wp-content\/uploads\/2023\/06\/TDP2-18x4.jpg 18w, https:\/\/www.tosunlux.eu\/wp-content\/uploads\/2023\/06\/TDP2.jpg 1599w\" sizes=\"(max-width: 1024px) 100vw, 1024px\" \/><\/figure>","protected":false},"parent":0,"template":"","product_category":[82],"class_list":["post-2802","product","type-product","status-publish","hentry","product_category-voltage-protector"],"yoast_head":"<!-- This site is optimized with the Yoast SEO plugin v27.4 - https:\/\/yoast.com\/product\/yoast-seo-wordpress\/ -->\n<title>WholesaleModular Digital Voltage &amp; Current Protector - TOSUNlux Official Site - Electrical Circuit Breaker Manufacturer in China Low Voltage Electrical Supplier | TOSUNlux<\/title>\n<meta name=\"description\" content=\"Modular Digital Voltage &amp; Current Protector Supplier - Wholesale direct from TOSUNlux, a trusted manufacturer since 1994. Get your B2B factory quote on our certified Low Voltage electrical products.\" \/>\n<meta name=\"robots\" content=\"index, follow, max-snippet:-1, max-image-preview:large, max-video-preview:-1\" \/>\n<link rel=\"canonical\" href=\"https:\/\/www.tosunlux.eu\/pl\/products\/modular-digital-voltage-current-protector\/\" \/>\n<meta property=\"og:locale\" content=\"pl_PL\" \/>\n<meta property=\"og:type\" content=\"article\" \/>\n<meta property=\"og:title\" content=\"WholesaleModular Digital Voltage &amp; Current Protector - TOSUNlux Official Site - Electrical Circuit Breaker Manufacturer in China Low Voltage Electrical Supplier | TOSUNlux\" \/>\n<meta property=\"og:description\" content=\"Modular Digital Voltage &amp; Current Protector Supplier - Wholesale direct from TOSUNlux, a trusted manufacturer since 1994. Get your B2B factory quote on our certified Low Voltage electrical products.\" \/>\n<meta property=\"og:url\" content=\"https:\/\/www.tosunlux.eu\/pl\/products\/modular-digital-voltage-current-protector\/\" \/>\n<meta property=\"og:site_name\" content=\"TOSUNlux Official Site - Electrical Circuit Breaker Manufacturer in China\" \/>\n<meta property=\"article:publisher\" content=\"https:\/\/www.facebook.com\/TOSUNelectric\/\" \/>\n<meta property=\"article:modified_time\" content=\"2023-06-12T05:25:06+00:00\" \/>\n<meta property=\"og:image\" content=\"https:\/\/www.tosunlux.eu\/wp-content\/uploads\/2023\/06\/TDP2-1024x238.jpg\" \/>\n<meta name=\"twitter:card\" content=\"summary_large_image\" \/>\n<meta name=\"twitter:label1\" content=\"Szacowany czas czytania\" \/>\n\t<meta name=\"twitter:data1\" content=\"1 minuta\" \/>\n<script type=\"application\/ld+json\" class=\"yoast-schema-graph\">{\"@context\":\"https:\\\/\\\/schema.org\",\"@graph\":[{\"@type\":\"WebPage\",\"@id\":\"https:\\\/\\\/www.tosunlux.eu\\\/el\\\/products\\\/modular-digital-voltage-current-protector\\\/\",\"url\":\"https:\\\/\\\/www.tosunlux.eu\\\/el\\\/products\\\/modular-digital-voltage-current-protector\\\/\",\"name\":\"WholesaleModular Digital Voltage & Current Protector - TOSUNlux Official Site - Electrical Circuit Breaker Manufacturer in China Low Voltage Electrical Supplier | TOSUNlux\",\"isPartOf\":{\"@id\":\"https:\\\/\\\/www.tosunlux.eu\\\/ru\\\/#website\"},\"primaryImageOfPage\":{\"@id\":\"https:\\\/\\\/www.tosunlux.eu\\\/el\\\/products\\\/modular-digital-voltage-current-protector\\\/#primaryimage\"},\"image\":{\"@id\":\"https:\\\/\\\/www.tosunlux.eu\\\/el\\\/products\\\/modular-digital-voltage-current-protector\\\/#primaryimage\"},\"thumbnailUrl\":\"https:\\\/\\\/www.tosunlux.eu\\\/wp-content\\\/uploads\\\/2023\\\/06\\\/TDP2-1024x238.jpg\",\"datePublished\":\"2022-05-14T05:48:30+00:00\",\"dateModified\":\"2023-06-12T05:25:06+00:00\",\"description\":\"Modular Digital Voltage & Current Protector Supplier - Wholesale direct from TOSUNlux, a trusted manufacturer since 1994. Get your B2B factory quote on our certified Low Voltage electrical products.\",\"breadcrumb\":{\"@id\":\"https:\\\/\\\/www.tosunlux.eu\\\/el\\\/products\\\/modular-digital-voltage-current-protector\\\/#breadcrumb\"},\"inLanguage\":\"pl-PL\",\"potentialAction\":[{\"@type\":\"ReadAction\",\"target\":[\"https:\\\/\\\/www.tosunlux.eu\\\/el\\\/products\\\/modular-digital-voltage-current-protector\\\/\"]}]},{\"@type\":\"ImageObject\",\"inLanguage\":\"pl-PL\",\"@id\":\"https:\\\/\\\/www.tosunlux.eu\\\/el\\\/products\\\/modular-digital-voltage-current-protector\\\/#primaryimage\",\"url\":\"https:\\\/\\\/www.tosunlux.eu\\\/wp-content\\\/uploads\\\/2023\\\/06\\\/TDP2-1024x238.jpg\",\"contentUrl\":\"https:\\\/\\\/www.tosunlux.eu\\\/wp-content\\\/uploads\\\/2023\\\/06\\\/TDP2-1024x238.jpg\"},{\"@type\":\"BreadcrumbList\",\"@id\":\"https:\\\/\\\/www.tosunlux.eu\\\/el\\\/products\\\/modular-digital-voltage-current-protector\\\/#breadcrumb\",\"itemListElement\":[{\"@type\":\"ListItem\",\"position\":1,\"name\":\"Home\",\"item\":\"https:\\\/\\\/www.tosunlux.eu\\\/ru\\\/\"},{\"@type\":\"ListItem\",\"position\":2,\"name\":\"Products\",\"item\":\"https:\\\/\\\/www.tosunlux.eu\\\/products\\\/\"},{\"@type\":\"ListItem\",\"position\":3,\"name\":\"Modular Digital Voltage &#038; Current Protector\"}]},{\"@type\":\"WebSite\",\"@id\":\"https:\\\/\\\/www.tosunlux.eu\\\/ru\\\/#website\",\"url\":\"https:\\\/\\\/www.tosunlux.eu\\\/ru\\\/\",\"name\":\"TOSUNlux Official Site - Electrical Circuit Breaker Manufacturer in China\",\"description\":\"Power Distribution System Supplier\",\"publisher\":{\"@id\":\"https:\\\/\\\/www.tosunlux.eu\\\/ru\\\/#organization\"},\"alternateName\":\"TOSUNlux\",\"potentialAction\":[{\"@type\":\"SearchAction\",\"target\":{\"@type\":\"EntryPoint\",\"urlTemplate\":\"https:\\\/\\\/www.tosunlux.eu\\\/ru\\\/?s={search_term_string}\"},\"query-input\":{\"@type\":\"PropertyValueSpecification\",\"valueRequired\":true,\"valueName\":\"search_term_string\"}}],\"inLanguage\":\"pl-PL\"},{\"@type\":\"Organization\",\"@id\":\"https:\\\/\\\/www.tosunlux.eu\\\/ru\\\/#organization\",\"name\":\"TOSUNlux\",\"url\":\"https:\\\/\\\/www.tosunlux.eu\\\/ru\\\/\",\"logo\":{\"@type\":\"ImageObject\",\"inLanguage\":\"pl-PL\",\"@id\":\"https:\\\/\\\/www.tosunlux.eu\\\/ru\\\/#\\\/schema\\\/logo\\\/image\\\/\",\"url\":\"https:\\\/\\\/www.tosunlux.eu\\\/wp-content\\\/uploads\\\/2022\\\/01\\\/LOGOSYSM.71762f1.png\",\"contentUrl\":\"https:\\\/\\\/www.tosunlux.eu\\\/wp-content\\\/uploads\\\/2022\\\/01\\\/LOGOSYSM.71762f1.png\",\"width\":153,\"height\":55,\"caption\":\"TOSUNlux\"},\"image\":{\"@id\":\"https:\\\/\\\/www.tosunlux.eu\\\/ru\\\/#\\\/schema\\\/logo\\\/image\\\/\"},\"sameAs\":[\"https:\\\/\\\/www.facebook.com\\\/TOSUNelectric\\\/\",\"https:\\\/\\\/www.linkedin.com\\\/company\\\/wenzhou-tosun-electric-co.-ltd\\\/\"]}]}<\/script>\n<!-- \/ Yoast SEO plugin. -->","yoast_head_json":{"title":"Hurtowy modu\u0142owy cyfrowy ogranicznik napi\u0119cia i pr\u0105du \u2013 oficjalna strona TOSUNlux \u2013 producent wy\u0142\u0105cznik\u00f3w elektrycznych w Chinach, dostawca urz\u0105dze\u0144 niskonapi\u0119ciowych | TOSUNlux","description":"Dostawca modu\u0142owych cyfrowych ogranicznik\u00f3w napi\u0119cia i pr\u0105du - sprzeda\u017c hurtowa bezpo\u015brednio od TOSUNlux, zaufanego producenta od 1994 roku. Uzyskaj wycen\u0119 fabryczn\u0105 B2B na nasze certyfikowane produkty elektryczne niskiego napi\u0119cia.","robots":{"index":"index","follow":"follow","max-snippet":"max-snippet:-1","max-image-preview":"max-image-preview:large","max-video-preview":"max-video-preview:-1"},"canonical":"https:\/\/www.tosunlux.eu\/pl\/products\/modular-digital-voltage-current-protector\/","og_locale":"pl_PL","og_type":"article","og_title":"WholesaleModular Digital Voltage & Current Protector - TOSUNlux Official Site - Electrical Circuit Breaker Manufacturer in China Low Voltage Electrical Supplier | TOSUNlux","og_description":"Modular Digital Voltage & Current Protector Supplier - Wholesale direct from TOSUNlux, a trusted manufacturer since 1994. Get your B2B factory quote on our certified Low Voltage electrical products.","og_url":"https:\/\/www.tosunlux.eu\/pl\/products\/modular-digital-voltage-current-protector\/","og_site_name":"TOSUNlux Official Site - Electrical Circuit Breaker Manufacturer in China","article_publisher":"https:\/\/www.facebook.com\/TOSUNelectric\/","article_modified_time":"2023-06-12T05:25:06+00:00","og_image":[{"url":"https:\/\/www.tosunlux.eu\/wp-content\/uploads\/2023\/06\/TDP2-1024x238.jpg","type":"","width":"","height":""}],"twitter_card":"summary_large_image","twitter_misc":{"Szacowany czas czytania":"1 minuta"},"schema":{"@context":"https:\/\/schema.org","@graph":[{"@type":"WebPage","@id":"https:\/\/www.tosunlux.eu\/el\/products\/modular-digital-voltage-current-protector\/","url":"https:\/\/www.tosunlux.eu\/el\/products\/modular-digital-voltage-current-protector\/","name":"Hurtowy modu\u0142owy cyfrowy ogranicznik napi\u0119cia i pr\u0105du \u2013 oficjalna strona TOSUNlux \u2013 producent wy\u0142\u0105cznik\u00f3w elektrycznych w Chinach, dostawca urz\u0105dze\u0144 niskonapi\u0119ciowych | TOSUNlux","isPartOf":{"@id":"https:\/\/www.tosunlux.eu\/ru\/#website"},"primaryImageOfPage":{"@id":"https:\/\/www.tosunlux.eu\/el\/products\/modular-digital-voltage-current-protector\/#primaryimage"},"image":{"@id":"https:\/\/www.tosunlux.eu\/el\/products\/modular-digital-voltage-current-protector\/#primaryimage"},"thumbnailUrl":"https:\/\/www.tosunlux.eu\/wp-content\/uploads\/2023\/06\/TDP2-1024x238.jpg","datePublished":"2022-05-14T05:48:30+00:00","dateModified":"2023-06-12T05:25:06+00:00","description":"Dostawca modu\u0142owych cyfrowych ogranicznik\u00f3w napi\u0119cia i pr\u0105du - sprzeda\u017c hurtowa bezpo\u015brednio od TOSUNlux, zaufanego producenta od 1994 roku. Uzyskaj wycen\u0119 fabryczn\u0105 B2B na nasze certyfikowane produkty elektryczne niskiego napi\u0119cia.","breadcrumb":{"@id":"https:\/\/www.tosunlux.eu\/el\/products\/modular-digital-voltage-current-protector\/#breadcrumb"},"inLanguage":"pl-PL","potentialAction":[{"@type":"ReadAction","target":["https:\/\/www.tosunlux.eu\/el\/products\/modular-digital-voltage-current-protector\/"]}]},{"@type":"ImageObject","inLanguage":"pl-PL","@id":"https:\/\/www.tosunlux.eu\/el\/products\/modular-digital-voltage-current-protector\/#primaryimage","url":"https:\/\/www.tosunlux.eu\/wp-content\/uploads\/2023\/06\/TDP2-1024x238.jpg","contentUrl":"https:\/\/www.tosunlux.eu\/wp-content\/uploads\/2023\/06\/TDP2-1024x238.jpg"},{"@type":"BreadcrumbList","@id":"https:\/\/www.tosunlux.eu\/el\/products\/modular-digital-voltage-current-protector\/#breadcrumb","itemListElement":[{"@type":"ListItem","position":1,"name":"Home","item":"https:\/\/www.tosunlux.eu\/ru\/"},{"@type":"ListItem","position":2,"name":"Products","item":"https:\/\/www.tosunlux.eu\/products\/"},{"@type":"ListItem","position":3,"name":"Modular Digital Voltage &#038; Current Protector"}]},{"@type":"WebSite","@id":"https:\/\/www.tosunlux.eu\/ru\/#website","url":"https:\/\/www.tosunlux.eu\/ru\/","name":"Oficjalna strona TOSUNlux - Producent wy\u0142\u0105cznik\u00f3w elektrycznych w Chinach","description":"Dostawca system\u00f3w dystrybucji energii","publisher":{"@id":"https:\/\/www.tosunlux.eu\/ru\/#organization"},"alternateName":"TOSUNlux","potentialAction":[{"@type":"SearchAction","target":{"@type":"EntryPoint","urlTemplate":"https:\/\/www.tosunlux.eu\/ru\/?s={search_term_string}"},"query-input":{"@type":"PropertyValueSpecification","valueRequired":true,"valueName":"search_term_string"}}],"inLanguage":"pl-PL"},{"@type":"Organization","@id":"https:\/\/www.tosunlux.eu\/ru\/#organization","name":"TOSUNlux","url":"https:\/\/www.tosunlux.eu\/ru\/","logo":{"@type":"ImageObject","inLanguage":"pl-PL","@id":"https:\/\/www.tosunlux.eu\/ru\/#\/schema\/logo\/image\/","url":"https:\/\/www.tosunlux.eu\/wp-content\/uploads\/2022\/01\/LOGOSYSM.71762f1.png","contentUrl":"https:\/\/www.tosunlux.eu\/wp-content\/uploads\/2022\/01\/LOGOSYSM.71762f1.png","width":153,"height":55,"caption":"TOSUNlux"},"image":{"@id":"https:\/\/www.tosunlux.eu\/ru\/#\/schema\/logo\/image\/"},"sameAs":["https:\/\/www.facebook.com\/TOSUNelectric\/","https:\/\/www.linkedin.com\/company\/wenzhou-tosun-electric-co.-ltd\/"]}]}},"_links":{"self":[{"href":"https:\/\/www.tosunlux.eu\/pl\/wp-json\/wp\/v2\/product\/2802","targetHints":{"allow":["GET"]}}],"collection":[{"href":"https:\/\/www.tosunlux.eu\/pl\/wp-json\/wp\/v2\/product"}],"about":[{"href":"https:\/\/www.tosunlux.eu\/pl\/wp-json\/wp\/v2\/types\/product"}],"version-history":[{"count":2,"href":"https:\/\/www.tosunlux.eu\/pl\/wp-json\/wp\/v2\/product\/2802\/revisions"}],"predecessor-version":[{"id":7923,"href":"https:\/\/www.tosunlux.eu\/pl\/wp-json\/wp\/v2\/product\/2802\/revisions\/7923"}],"wp:attachment":[{"href":"https:\/\/www.tosunlux.eu\/pl\/wp-json\/wp\/v2\/media?parent=2802"}],"wp:term":[{"taxonomy":"product_category","embeddable":true,"href":"https:\/\/www.tosunlux.eu\/pl\/wp-json\/wp\/v2\/product_category?post=2802"}],"curies":[{"name":"wp","href":"https:\/\/api.w.org\/{rel}","templated":true}]}}