{"id":2846,"date":"2022-05-14T16:02:45","date_gmt":"2022-05-14T08:02:45","guid":{"rendered":"https:\/\/www.tosunlux.eu\/?post_type=product&#038;p=2846"},"modified":"2022-05-14T16:03:41","modified_gmt":"2022-05-14T08:03:41","slug":"tsu1-surge-protector","status":"publish","type":"product","link":"https:\/\/www.tosunlux.eu\/pl\/products\/tsu1-surge-protector\/","title":{"rendered":"Ogranicznik przepi\u0119\u0107 TSU1"},"content":{"rendered":"<p><strong>Aplikacja<\/strong><\/p>\n\n\n\n<p>Ogranicznik przepi\u0119\u0107 TSU1 jest stosowany g\u0142\u00f3wnie do ograniczania warto\u015bci amplitudy przej\u015bciowego przepi\u0119cia, poch\u0142aniania, zu\u017cywania, roz\u0142adowywania energii pr\u0105du udarowego w okablowaniu elektrycznym AC 50\/60Hz, znamionowym napi\u0119ciu roboczym 230V, przep\u0142ywie udarowym o przepustowo\u015bci nie wi\u0119kszej ni\u017c 50A. Jest stosowany w przypadku wy\u017cszego typu przepi\u0119cia, kt\u00f3re mo\u017ce spowodowa\u0107, \u017ce chroniony element elektryczny przeniesie si\u0119 z jednego typu przepi\u0119cia na inny, ni\u017cszy typ przepi\u0119cia. Jest przystosowany do komponowania \u0142\u0105czonego sprz\u0119tu elektrycznego z innym modu\u0142owym sprz\u0119tem elektrycznym terminalowym, tak aby m\u00f3g\u0142 zwi\u0119kszy\u0107 typy instalacji i rozszerzy\u0107 zakres u\u017cytkowania lub dodatkowo obni\u017cy\u0107 napi\u0119cie na zaciskach w celu ochrony telewizora, d\u017awi\u0119ku hi-fi i tego rodzaju urz\u0105dze\u0144 elektrycznych lub urz\u0105dze\u0144, takich jak komputer, mikrokomputer. Ogranicznik ma zastosowanie do wykorzystania energii w gospodarstwach domowych i podobnych miejscach, urz\u0105dzeniach do wprowadzania obwodu w bezpo\u015brednim uderzeniu pioruna lub ochrony przed uszkodzeniem pr\u0105du udarowego spowodowanego przez zewn\u0119trzny ogranicznik przepi\u0119\u0107. Produkty s\u0105 zgodne z norm\u0105 IEC61643.<\/p>\n\n\n\n<p><\/p>\n\n\n\n<p><strong>Specyfikacja<\/strong><\/p>\n\n\n<table style=\"border-collapse: collapse; width: 390.77pt;\" border=\"0\" width=\"521\" cellspacing=\"0\" cellpadding=\"0\">\n<tbody>\n<tr style=\"height: 12.75pt;\">\n<td style=\"height: 12.75pt; width: 222.00pt;\" width=\"296\" height=\"17\">Liczba biegun\u00f3w<\/td>\n<td class=\"et2\" style=\"width: 168.75pt; text-align: center;\" width=\"225\">1P, 1P+N, 3P, 3P+N<\/td>\n<\/tr>\n<tr style=\"height: 12.75pt;\">\n<td style=\"height: 12.75pt;\" height=\"17\">Ustawienie termiczne w (A)<\/td>\n<td class=\"et2\" style=\"text-align: center;\">6,10,16,20,25,32,40<\/td>\n<\/tr>\n<tr style=\"height: 12.75pt;\">\n<td style=\"height: 12.75pt;\" height=\"17\">Charakterystyka wyzwalania<\/td>\n<td class=\"et2\" style=\"text-align: center;\">B,S<\/td>\n<\/tr>\n<tr style=\"height: 12.75pt;\">\n<td style=\"height: 12.75pt; text-align: left;\" height=\"17\">Napi\u0119cie znamionowe AC Un(V)<\/td>\n<td class=\"et2\" style=\"text-align: center;\">240<\/td>\n<\/tr>\n<tr style=\"height: 12.75pt;\">\n<td style=\"height: 12.75pt;\" height=\"17\">Minimalne napi\u0119cie robocze UBmin(V)<\/td>\n<td class=\"et2\" style=\"text-align: center;\">100<\/td>\n<\/tr>\n<tr style=\"height: 12.75pt;\">\n<td style=\"height: 12.75pt;\" height=\"17\">Wytrzyma\u0142o\u015b\u0107 mechaniczna i elektryczna<\/td>\n<td class=\"et2\" style=\"text-align: center;\">20000\/10000<\/td>\n<\/tr>\n<tr style=\"height: 12.75pt;\">\n<td style=\"height: 12.75pt;\" height=\"17\">Pojemno\u015b\u0107 zacisku kabla gi\u0119tkiego\/sztywnego (mm2)<\/td>\n<td class=\"et2\" style=\"text-align: center;\">Dolny zacisk: 16-25<\/td>\n<\/tr>\n<tr style=\"height: 12.75pt;\">\n<td style=\"height: 12.75pt;\" height=\"17\">Odporno\u015b\u0107 na uci\u0105\u017cliwe wyzwalanie<\/td>\n<td class=\"et2\" style=\"text-align: center;\">250A8\/20\u03bcs<\/td>\n<\/tr>\n<tr style=\"height: 12.75pt;\">\n<td style=\"height: 12.75pt;\" height=\"17\">Temperatura otoczenia (\u00baC).<\/td>\n<td class=\"et2\" style=\"text-align: center;\">-5~+55<\/td>\n<\/tr>\n<\/tbody>\n<\/table>\n<p>\u00a0<\/p>\n<p><strong>Parametry techniczne<\/strong><\/p>\n<table style=\"border-collapse: collapse; width: 567.77pt;\" border=\"0\" width=\"757\" cellspacing=\"0\" cellpadding=\"0\">\n<tbody>\n<tr style=\"height: 12.75pt;\">\n<td style=\"height: 12.75pt; width: 205.50pt;\" width=\"274\" height=\"17\">Klasa ochrony<\/td>\n<td class=\"et2\" style=\"width: 123.75pt; text-align: center;\" width=\"165\">klasa B<\/td>\n<td class=\"et2\" style=\"width: 132pt; text-align: center;\" width=\"176\">klasa C<\/td>\n<td class=\"et2\" style=\"width: 106.5pt; text-align: center;\" width=\"142\">klasa D<\/td>\n<\/tr>\n<tr style=\"height: 12.75pt;\">\n<td style=\"height: 12.75pt; text-align: left;\" height=\"17\">Pr\u0105d znamionowy (kA)<\/td>\n<td class=\"et2\" style=\"text-align: center;\">40-65<\/td>\n<td class=\"et2\" style=\"text-align: center;\">15-40<\/td>\n<td class=\"et2\" style=\"text-align: center;\">8-15<\/td>\n<\/tr>\n<tr style=\"height: 12.75pt;\">\n<td style=\"height: 12.75pt;\" height=\"17\">Czas reakcji (tr)<\/td>\n<td class=\"et2\" style=\"text-align: center;\">&lt;25ns<\/td>\n<td class=\"et2\" style=\"text-align: center;\">&lt;25ns<\/td>\n<td class=\"et2\" style=\"text-align: center;\">&lt;25ns<\/td>\n<\/tr>\n<tr style=\"height: 12.75pt;\">\n<td style=\"height: 12.75pt;\" height=\"17\">Poziom napi\u0119cia ochronnego (w g\u00f3r\u0119)<\/td>\n<td class=\"et2\" style=\"text-align: center;\">&lt;2,0 kV<\/td>\n<td class=\"et2\" style=\"text-align: center;\">&lt;1,8 kV<\/td>\n<td class=\"et2\" style=\"text-align: center;\">&lt;1,5 kV<\/td>\n<\/tr>\n<tr style=\"height: 12.75pt;\">\n<td style=\"height: 12.75pt;\" height=\"17\">Maksymalne trwa\u0142e napi\u0119cie robocze (Ue)<\/td>\n<td class=\"et2\" style=\"text-align: center;\">275\/440 V AC<\/td>\n<td class=\"et2\" style=\"text-align: center;\">275\/440 V AC<\/td>\n<td class=\"et2\" style=\"text-align: center;\">275\/440 V AC<\/td>\n<\/tr>\n<tr style=\"height: 12.75pt;\">\n<td style=\"height: 12.75pt;\" height=\"17\">Pr\u0105d roz\u0142adowania znamionowy (In)<\/td>\n<td class=\"et2\" style=\"text-align: center;\">25kA(10\/350)\u03bcs<\/td>\n<td class=\"et2\" style=\"text-align: center;\">10kA,15kA (8\/20)\u03bcs<\/td>\n<td class=\"et2\" style=\"text-align: center;\">2,5 kA, 5 kA (8\/20) \u03bcs<\/td>\n<\/tr>\n<tr style=\"height: 12.75pt;\">\n<td style=\"height: 12.75pt; text-align: left;\" height=\"17\">Maksymalny pr\u0105d roz\u0142adowania (lmax)<\/td>\n<td class=\"et2\" style=\"text-align: center;\">50kA(8\/80)\u03bcs<\/td>\n<td class=\"et2\" style=\"text-align: center;\">30kA.40kA (8\/20)\u03bcs<\/td>\n<td class=\"et2\" style=\"text-align: center;\">5kA,10kA(8\/20)\u03bcs<\/td>\n<\/tr>\n<tr style=\"height: 12.75pt;\">\n<td style=\"height: 12.75pt;\" height=\"17\">Maksymalny bezpiecznik rezerwowy<\/td>\n<td class=\"et2\" style=\"text-align: center;\">250A gl<\/td>\n<td class=\"et2\" style=\"text-align: center;\">125A gl<\/td>\n<td class=\"et2\" style=\"text-align: center;\">63A gl<\/td>\n<\/tr>\n<tr style=\"height: 12.75pt;\">\n<td style=\"height: 12.75pt;\" height=\"17\">Tolerancja zwarcia<\/td>\n<td class=\"et2\" style=\"text-align: center;\">10kA<\/td>\n<td class=\"et2\" style=\"text-align: center;\">10kA<\/td>\n<td class=\"et2\" style=\"text-align: center;\">10kA<\/td>\n<\/tr>\n<tr style=\"height: 12.75pt;\">\n<td style=\"height: 12.75pt;\" height=\"17\">Zakres temperatury otoczenia roboczego<\/td>\n<td class=\"et2\" style=\"text-align: center;\" colspan=\"3\">-40C~70\u2103<\/td>\n<\/tr>\n<tr style=\"height: 12.75pt;\">\n<td style=\"height: 12.75pt;\" height=\"17\">Napi\u0119cie znamionowe robocze (V)<\/td>\n<td class=\"et2\" style=\"text-align: center;\" colspan=\"3\">230,400<\/td>\n<\/tr>\n<\/tbody>\n<\/table>","protected":false},"parent":0,"template":"","product_category":[84],"class_list":["post-2846","product","type-product","status-publish","hentry","product_category-surge-protector"],"yoast_head":"<!-- This site is optimized with the Yoast SEO plugin v27.3 - https:\/\/yoast.com\/product\/yoast-seo-wordpress\/ -->\n<title>WholesaleTSU1 Surge Protector - TOSUNlux Official Site - Electrical Circuit Breaker Manufacturer in China Low Voltage Electrical Supplier | TOSUNlux<\/title>\n<meta name=\"description\" content=\"TSU1 Surge Protector Supplier - Wholesale direct from TOSUNlux, a trusted manufacturer since 1994. Get your B2B factory quote on our certified Low Voltage electrical products.\" \/>\n<meta name=\"robots\" content=\"index, follow, max-snippet:-1, max-image-preview:large, max-video-preview:-1\" \/>\n<link rel=\"canonical\" href=\"https:\/\/www.tosunlux.eu\/pl\/products\/tsu1-surge-protector\/\" \/>\n<meta property=\"og:locale\" content=\"pl_PL\" \/>\n<meta property=\"og:type\" content=\"article\" \/>\n<meta property=\"og:title\" content=\"WholesaleTSU1 Surge Protector - TOSUNlux Official Site - Electrical Circuit Breaker Manufacturer in China Low Voltage Electrical Supplier | TOSUNlux\" \/>\n<meta property=\"og:description\" content=\"TSU1 Surge Protector Supplier - Wholesale direct from TOSUNlux, a trusted manufacturer since 1994. Get your B2B factory quote on our certified Low Voltage electrical products.\" \/>\n<meta property=\"og:url\" content=\"https:\/\/www.tosunlux.eu\/pl\/products\/tsu1-surge-protector\/\" \/>\n<meta property=\"og:site_name\" content=\"TOSUNlux Official Site - Electrical Circuit Breaker Manufacturer in China\" \/>\n<meta property=\"article:publisher\" content=\"https:\/\/www.facebook.com\/TOSUNelectric\/\" \/>\n<meta property=\"article:modified_time\" content=\"2022-05-14T08:03:41+00:00\" \/>\n<meta property=\"og:image\" content=\"https:\/\/www.tosunlux.eu\/wp-content\/uploads\/2023\/04\/DSC08160_\u526f\u672c.jpg\" \/>\n\t<meta property=\"og:image:width\" content=\"1500\" \/>\n\t<meta property=\"og:image:height\" content=\"940\" \/>\n\t<meta property=\"og:image:type\" content=\"image\/jpeg\" \/>\n<meta name=\"twitter:card\" content=\"summary_large_image\" \/>\n<meta name=\"twitter:label1\" content=\"Szacowany czas czytania\" \/>\n\t<meta name=\"twitter:data1\" content=\"2 minuty\" \/>\n<script type=\"application\/ld+json\" class=\"yoast-schema-graph\">{\"@context\":\"https:\\\/\\\/schema.org\",\"@graph\":[{\"@type\":\"WebPage\",\"@id\":\"https:\\\/\\\/www.tosunlux.eu\\\/pt\\\/products\\\/tsu1-surge-protector\\\/\",\"url\":\"https:\\\/\\\/www.tosunlux.eu\\\/pt\\\/products\\\/tsu1-surge-protector\\\/\",\"name\":\"WholesaleTSU1 Surge Protector - TOSUNlux Official Site - Electrical Circuit Breaker Manufacturer in China Low Voltage Electrical Supplier | TOSUNlux\",\"isPartOf\":{\"@id\":\"https:\\\/\\\/www.tosunlux.eu\\\/ru\\\/#website\"},\"datePublished\":\"2022-05-14T08:02:45+00:00\",\"dateModified\":\"2022-05-14T08:03:41+00:00\",\"description\":\"TSU1 Surge Protector Supplier - Wholesale direct from TOSUNlux, a trusted manufacturer since 1994. Get your B2B factory quote on our certified Low Voltage electrical products.\",\"breadcrumb\":{\"@id\":\"https:\\\/\\\/www.tosunlux.eu\\\/pt\\\/products\\\/tsu1-surge-protector\\\/#breadcrumb\"},\"inLanguage\":\"pl-PL\",\"potentialAction\":[{\"@type\":\"ReadAction\",\"target\":[\"https:\\\/\\\/www.tosunlux.eu\\\/pt\\\/products\\\/tsu1-surge-protector\\\/\"]}]},{\"@type\":\"BreadcrumbList\",\"@id\":\"https:\\\/\\\/www.tosunlux.eu\\\/pt\\\/products\\\/tsu1-surge-protector\\\/#breadcrumb\",\"itemListElement\":[{\"@type\":\"ListItem\",\"position\":1,\"name\":\"Home\",\"item\":\"https:\\\/\\\/www.tosunlux.eu\\\/ru\\\/\"},{\"@type\":\"ListItem\",\"position\":2,\"name\":\"Products\",\"item\":\"https:\\\/\\\/www.tosunlux.eu\\\/products\\\/\"},{\"@type\":\"ListItem\",\"position\":3,\"name\":\"TSU1 Surge Protector\"}]},{\"@type\":\"WebSite\",\"@id\":\"https:\\\/\\\/www.tosunlux.eu\\\/ru\\\/#website\",\"url\":\"https:\\\/\\\/www.tosunlux.eu\\\/ru\\\/\",\"name\":\"TOSUNlux Official Site - Electrical Circuit Breaker Manufacturer in China\",\"description\":\"Power Distribution System Supplier\",\"publisher\":{\"@id\":\"https:\\\/\\\/www.tosunlux.eu\\\/ru\\\/#organization\"},\"alternateName\":\"TOSUNlux\",\"potentialAction\":[{\"@type\":\"SearchAction\",\"target\":{\"@type\":\"EntryPoint\",\"urlTemplate\":\"https:\\\/\\\/www.tosunlux.eu\\\/ru\\\/?s={search_term_string}\"},\"query-input\":{\"@type\":\"PropertyValueSpecification\",\"valueRequired\":true,\"valueName\":\"search_term_string\"}}],\"inLanguage\":\"pl-PL\"},{\"@type\":\"Organization\",\"@id\":\"https:\\\/\\\/www.tosunlux.eu\\\/ru\\\/#organization\",\"name\":\"TOSUNlux\",\"url\":\"https:\\\/\\\/www.tosunlux.eu\\\/ru\\\/\",\"logo\":{\"@type\":\"ImageObject\",\"inLanguage\":\"pl-PL\",\"@id\":\"https:\\\/\\\/www.tosunlux.eu\\\/ru\\\/#\\\/schema\\\/logo\\\/image\\\/\",\"url\":\"https:\\\/\\\/www.tosunlux.eu\\\/wp-content\\\/uploads\\\/2022\\\/01\\\/LOGOSYSM.71762f1.png\",\"contentUrl\":\"https:\\\/\\\/www.tosunlux.eu\\\/wp-content\\\/uploads\\\/2022\\\/01\\\/LOGOSYSM.71762f1.png\",\"width\":153,\"height\":55,\"caption\":\"TOSUNlux\"},\"image\":{\"@id\":\"https:\\\/\\\/www.tosunlux.eu\\\/ru\\\/#\\\/schema\\\/logo\\\/image\\\/\"},\"sameAs\":[\"https:\\\/\\\/www.facebook.com\\\/TOSUNelectric\\\/\",\"https:\\\/\\\/www.linkedin.com\\\/company\\\/wenzhou-tosun-electric-co.-ltd\\\/\"]}]}<\/script>\n<!-- \/ Yoast SEO plugin. -->","yoast_head_json":{"title":"Hurtowy ogranicznik przepi\u0119\u0107 TSU1 - Oficjalna strona TOSUNlux - Producent wy\u0142\u0105cznik\u00f3w elektrycznych w Chinach Dostawca urz\u0105dze\u0144 niskonapi\u0119ciowych | TOSUNlux","description":"Dostawca listew przeciwprzepi\u0119ciowych TSU1 \u2014 sprzeda\u017c hurtowa bezpo\u015brednio od TOSUNlux, zaufanego producenta od 1994 r. Uzyskaj wycen\u0119 fabryczn\u0105 B2B na nasze certyfikowane produkty elektryczne niskiego napi\u0119cia.","robots":{"index":"index","follow":"follow","max-snippet":"max-snippet:-1","max-image-preview":"max-image-preview:large","max-video-preview":"max-video-preview:-1"},"canonical":"https:\/\/www.tosunlux.eu\/pl\/products\/tsu1-surge-protector\/","og_locale":"pl_PL","og_type":"article","og_title":"WholesaleTSU1 Surge Protector - TOSUNlux Official Site - Electrical Circuit Breaker Manufacturer in China Low Voltage Electrical Supplier | TOSUNlux","og_description":"TSU1 Surge Protector Supplier - Wholesale direct from TOSUNlux, a trusted manufacturer since 1994. Get your B2B factory quote on our certified Low Voltage electrical products.","og_url":"https:\/\/www.tosunlux.eu\/pl\/products\/tsu1-surge-protector\/","og_site_name":"TOSUNlux Official Site - Electrical Circuit Breaker Manufacturer in China","article_publisher":"https:\/\/www.facebook.com\/TOSUNelectric\/","article_modified_time":"2022-05-14T08:03:41+00:00","og_image":[{"width":1500,"height":940,"url":"https:\/\/www.tosunlux.eu\/wp-content\/uploads\/2023\/04\/DSC08160_\u526f\u672c.jpg","type":"image\/jpeg"}],"twitter_card":"summary_large_image","twitter_misc":{"Szacowany czas czytania":"2 minuty"},"schema":{"@context":"https:\/\/schema.org","@graph":[{"@type":"WebPage","@id":"https:\/\/www.tosunlux.eu\/pt\/products\/tsu1-surge-protector\/","url":"https:\/\/www.tosunlux.eu\/pt\/products\/tsu1-surge-protector\/","name":"Hurtowy ogranicznik przepi\u0119\u0107 TSU1 - Oficjalna strona TOSUNlux - Producent wy\u0142\u0105cznik\u00f3w elektrycznych w Chinach Dostawca urz\u0105dze\u0144 niskonapi\u0119ciowych | TOSUNlux","isPartOf":{"@id":"https:\/\/www.tosunlux.eu\/ru\/#website"},"datePublished":"2022-05-14T08:02:45+00:00","dateModified":"2022-05-14T08:03:41+00:00","description":"Dostawca listew przeciwprzepi\u0119ciowych TSU1 \u2014 sprzeda\u017c hurtowa bezpo\u015brednio od TOSUNlux, zaufanego producenta od 1994 r. Uzyskaj wycen\u0119 fabryczn\u0105 B2B na nasze certyfikowane produkty elektryczne niskiego napi\u0119cia.","breadcrumb":{"@id":"https:\/\/www.tosunlux.eu\/pt\/products\/tsu1-surge-protector\/#breadcrumb"},"inLanguage":"pl-PL","potentialAction":[{"@type":"ReadAction","target":["https:\/\/www.tosunlux.eu\/pt\/products\/tsu1-surge-protector\/"]}]},{"@type":"BreadcrumbList","@id":"https:\/\/www.tosunlux.eu\/pt\/products\/tsu1-surge-protector\/#breadcrumb","itemListElement":[{"@type":"ListItem","position":1,"name":"Home","item":"https:\/\/www.tosunlux.eu\/ru\/"},{"@type":"ListItem","position":2,"name":"Products","item":"https:\/\/www.tosunlux.eu\/products\/"},{"@type":"ListItem","position":3,"name":"TSU1 Surge Protector"}]},{"@type":"WebSite","@id":"https:\/\/www.tosunlux.eu\/ru\/#website","url":"https:\/\/www.tosunlux.eu\/ru\/","name":"Oficjalna strona TOSUNlux - Producent wy\u0142\u0105cznik\u00f3w elektrycznych w Chinach","description":"Dostawca system\u00f3w dystrybucji energii","publisher":{"@id":"https:\/\/www.tosunlux.eu\/ru\/#organization"},"alternateName":"TOSUNlux","potentialAction":[{"@type":"SearchAction","target":{"@type":"EntryPoint","urlTemplate":"https:\/\/www.tosunlux.eu\/ru\/?s={search_term_string}"},"query-input":{"@type":"PropertyValueSpecification","valueRequired":true,"valueName":"search_term_string"}}],"inLanguage":"pl-PL"},{"@type":"Organization","@id":"https:\/\/www.tosunlux.eu\/ru\/#organization","name":"TOSUNlux","url":"https:\/\/www.tosunlux.eu\/ru\/","logo":{"@type":"ImageObject","inLanguage":"pl-PL","@id":"https:\/\/www.tosunlux.eu\/ru\/#\/schema\/logo\/image\/","url":"https:\/\/www.tosunlux.eu\/wp-content\/uploads\/2022\/01\/LOGOSYSM.71762f1.png","contentUrl":"https:\/\/www.tosunlux.eu\/wp-content\/uploads\/2022\/01\/LOGOSYSM.71762f1.png","width":153,"height":55,"caption":"TOSUNlux"},"image":{"@id":"https:\/\/www.tosunlux.eu\/ru\/#\/schema\/logo\/image\/"},"sameAs":["https:\/\/www.facebook.com\/TOSUNelectric\/","https:\/\/www.linkedin.com\/company\/wenzhou-tosun-electric-co.-ltd\/"]}]}},"_links":{"self":[{"href":"https:\/\/www.tosunlux.eu\/pl\/wp-json\/wp\/v2\/product\/2846","targetHints":{"allow":["GET"]}}],"collection":[{"href":"https:\/\/www.tosunlux.eu\/pl\/wp-json\/wp\/v2\/product"}],"about":[{"href":"https:\/\/www.tosunlux.eu\/pl\/wp-json\/wp\/v2\/types\/product"}],"version-history":[{"count":0,"href":"https:\/\/www.tosunlux.eu\/pl\/wp-json\/wp\/v2\/product\/2846\/revisions"}],"wp:attachment":[{"href":"https:\/\/www.tosunlux.eu\/pl\/wp-json\/wp\/v2\/media?parent=2846"}],"wp:term":[{"taxonomy":"product_category","embeddable":true,"href":"https:\/\/www.tosunlux.eu\/pl\/wp-json\/wp\/v2\/product_category?post=2846"}],"curies":[{"name":"wp","href":"https:\/\/api.w.org\/{rel}","templated":true}]}}