{"id":3034,"date":"2022-05-16T16:17:13","date_gmt":"2022-05-16T08:17:13","guid":{"rendered":"https:\/\/www.tosunlux.eu\/?post_type=product&#038;p=3034"},"modified":"2022-05-16T16:18:49","modified_gmt":"2022-05-16T08:18:49","slug":"thermostat","status":"publish","type":"product","link":"https:\/\/www.tosunlux.eu\/pl\/products\/thermostat\/","title":{"rendered":"Termostat"},"content":{"rendered":"<p><strong>Aplikacja<\/strong><\/p>\n\n\n\n<p>KTO 011: wy\u0142\u0105cznik kontaktowy do regulacji grzejnik\u00f3w.<br><\/p>\n\n\n\n<p>KTS 011: zestyk do regulacji wentylator\u00f3w filtr\u00f3w i wymiennik\u00f3w ciep\u0142a lub do prze\u0142\u0105czania urz\u0105dzenia sygnalizacyjnego w przypadku przekroczenia dopuszczalnej temperatury.<\/p>\n\n\n\n<p>S<strong>specyfikacja<\/strong><\/p>\n\n\n<table width=\"576\">\n<tbody>\n<tr>\n<td width=\"255\">KTO 011 NC(czerwony)<\/td>\n<td width=\"320\">Gdy temperatura osi\u0105gnie ustawion\u0105 warto\u015b\u0107, obw\u00f3d zostanie otwarty.<\/td>\n<\/tr>\n<tr>\n<td width=\"255\">KTS 011 NO (niebieski)<\/td>\n<td width=\"320\">Gdy temperatura przekroczy ustawion\u0105 warto\u015b\u0107, nast\u0105pi zamkni\u0119cie obwodu<\/td>\n<\/tr>\n<tr>\n<td width=\"255\">Prze\u0142\u0105cznik r\u00f3\u017cnicy temperatur<\/td>\n<td width=\"320\">7K (tolerancja \u00b14K)<\/td>\n<\/tr>\n<tr>\n<td width=\"255\">Element czujnika<\/td>\n<td width=\"320\">Bimetal termostatyczny<\/td>\n<\/tr>\n<tr>\n<td width=\"255\">Typ kontaktu<\/td>\n<td width=\"320\">Szybkoz\u0142\u0105czka<\/td>\n<\/tr>\n<tr>\n<td width=\"255\">Rezystancja styku<\/td>\n<td width=\"320\">&lt;10m ohm (przypadkowa linia po\u0142\u0105czeniowa)<\/td>\n<\/tr>\n<tr>\n<td width=\"255\">Okres u\u017cytkowania<\/td>\n<td width=\"320\">&gt;100 000 cykli\u00a0<\/td>\n<\/tr>\n<tr>\n<td rowspan=\"3\" width=\"255\">Maksymalna pojemno\u015b\u0107 prze\u0142\u0105czania<\/td>\n<td width=\"320\">250 V AC, 10(2) A<\/td>\n<\/tr>\n<tr>\n<td width=\"320\">120 V AC, 15(2) A<\/td>\n<\/tr>\n<tr>\n<td width=\"320\">\u00a030 W przy 24 V DC do 72 V DC<\/td>\n<\/tr>\n<tr>\n<td rowspan=\"2\" width=\"255\">Po\u0142\u0105czenie<\/td>\n<td width=\"320\">Zacisk 2-biegunowy, moment zaciskowy maks. 0,5 Nm, przew\u00f3d sztywny 2,5 mm\u00b2<\/td>\n<\/tr>\n<tr>\n<td width=\"320\">Przew\u00f3d linkowy (z ko\u0144c\u00f3wk\u0105 kablow\u0105) 1,5 mm\u00b2<\/td>\n<\/tr>\n<tr>\n<td width=\"255\">Obudowa<\/td>\n<td width=\"320\">Tworzywo sztuczne zgodne z UL94 V-0, jasnoszare<\/td>\n<\/tr>\n<tr>\n<td width=\"255\">Instalacja<\/td>\n<td width=\"320\">Szyna DIN 35mm<\/td>\n<\/tr>\n<tr>\n<td width=\"255\">Wymiary<\/td>\n<td width=\"320\">Zmienny<\/td>\n<\/tr>\n<tr>\n<td width=\"255\">Pozycja monta\u017cowa<\/td>\n<td width=\"320\">60x33x43mm<\/td>\n<\/tr>\n<tr>\n<td width=\"255\">Temperatura pracy\/przechowywania<\/td>\n<td width=\"320\">-20\u00b0C do +80\u00b0C<\/td>\n<\/tr>\n<tr>\n<td width=\"255\">Klasa ochrony<\/td>\n<td width=\"320\">IP20<\/td>\n<\/tr>\n<\/tbody>\n<\/table>\n\n\n<p>Di<strong>wzmianka<\/strong><\/p>\n\n\n\n<figure class=\"wp-block-image size-large\"><img fetchpriority=\"high\" decoding=\"async\" width=\"1024\" height=\"273\" src=\"https:\/\/www.tosunlux.eu\/wp-content\/uploads\/2022\/05\/KTO011-1024x273.jpg\" alt=\"\" class=\"wp-image-3055\" srcset=\"https:\/\/www.tosunlux.eu\/wp-content\/uploads\/2022\/05\/KTO011-1024x273.jpg 1024w, https:\/\/www.tosunlux.eu\/wp-content\/uploads\/2022\/05\/KTO011-300x80.jpg 300w, https:\/\/www.tosunlux.eu\/wp-content\/uploads\/2022\/05\/KTO011-768x204.jpg 768w, https:\/\/www.tosunlux.eu\/wp-content\/uploads\/2022\/05\/KTO011.jpg 1138w\" sizes=\"(max-width: 1024px) 100vw, 1024px\" \/><\/figure>\n\n\n\n<p>Przyk\u0142ady po\u0142\u0105cze\u0144<\/p>\n\n\n\n<figure class=\"wp-block-image size-large\"><img decoding=\"async\" width=\"1024\" height=\"255\" src=\"https:\/\/www.tosunlux.eu\/wp-content\/uploads\/2022\/05\/KTO0112-1024x255.jpg\" alt=\"\" class=\"wp-image-3056\" srcset=\"https:\/\/www.tosunlux.eu\/wp-content\/uploads\/2022\/05\/KTO0112-1024x255.jpg 1024w, https:\/\/www.tosunlux.eu\/wp-content\/uploads\/2022\/05\/KTO0112-300x75.jpg 300w, https:\/\/www.tosunlux.eu\/wp-content\/uploads\/2022\/05\/KTO0112-768x192.jpg 768w, https:\/\/www.tosunlux.eu\/wp-content\/uploads\/2022\/05\/KTO0112.jpg 1419w\" sizes=\"(max-width: 1024px) 100vw, 1024px\" \/><\/figure>","protected":false},"parent":0,"template":"","product_category":[36,103],"class_list":["post-3034","product","type-product","status-publish","hentry","product_category-electrical-accessories","product_category-ventilation-heating"],"yoast_head":"<!-- This site is optimized with the Yoast SEO plugin v27.5 - https:\/\/yoast.com\/product\/yoast-seo-wordpress\/ -->\n<title>WholesaleThermostat - TOSUNlux Official Site - Electrical Circuit Breaker Manufacturer in China Low Voltage Electrical Supplier | TOSUNlux<\/title>\n<meta name=\"description\" content=\"Thermostat Supplier - Wholesale direct from TOSUNlux, a trusted manufacturer since 1994. Get your B2B factory quote on our certified Low Voltage electrical products.\" \/>\n<meta name=\"robots\" content=\"index, follow, max-snippet:-1, max-image-preview:large, max-video-preview:-1\" \/>\n<link rel=\"canonical\" href=\"https:\/\/www.tosunlux.eu\/pl\/products\/thermostat\/\" \/>\n<meta property=\"og:locale\" content=\"pl_PL\" \/>\n<meta property=\"og:type\" content=\"article\" \/>\n<meta property=\"og:title\" content=\"WholesaleThermostat - TOSUNlux Official Site - Electrical Circuit Breaker Manufacturer in China Low Voltage Electrical Supplier | TOSUNlux\" \/>\n<meta property=\"og:description\" content=\"Thermostat Supplier - Wholesale direct from TOSUNlux, a trusted manufacturer since 1994. Get your B2B factory quote on our certified Low Voltage electrical products.\" \/>\n<meta property=\"og:url\" content=\"https:\/\/www.tosunlux.eu\/pl\/products\/thermostat\/\" \/>\n<meta property=\"og:site_name\" content=\"TOSUNlux Official Site - Electrical Circuit Breaker Manufacturer in China\" \/>\n<meta property=\"article:publisher\" content=\"https:\/\/www.facebook.com\/TOSUNelectric\/\" \/>\n<meta property=\"article:modified_time\" content=\"2022-05-16T08:18:49+00:00\" \/>\n<meta property=\"og:image\" content=\"https:\/\/www.tosunlux.eu\/wp-content\/uploads\/2022\/05\/KTO011-1024x273.jpg\" \/>\n<meta name=\"twitter:card\" content=\"summary_large_image\" \/>\n<meta name=\"twitter:label1\" content=\"Szacowany czas czytania\" \/>\n\t<meta name=\"twitter:data1\" content=\"2 minuty\" \/>\n<script type=\"application\/ld+json\" class=\"yoast-schema-graph\">{\"@context\":\"https:\\\/\\\/schema.org\",\"@graph\":[{\"@type\":\"WebPage\",\"@id\":\"https:\\\/\\\/www.tosunlux.eu\\\/products\\\/thermostat\\\/\",\"url\":\"https:\\\/\\\/www.tosunlux.eu\\\/products\\\/thermostat\\\/\",\"name\":\"WholesaleThermostat - TOSUNlux Official Site - Electrical Circuit Breaker Manufacturer in China Low Voltage Electrical Supplier | TOSUNlux\",\"isPartOf\":{\"@id\":\"https:\\\/\\\/www.tosunlux.eu\\\/ru\\\/#website\"},\"primaryImageOfPage\":{\"@id\":\"https:\\\/\\\/www.tosunlux.eu\\\/products\\\/thermostat\\\/#primaryimage\"},\"image\":{\"@id\":\"https:\\\/\\\/www.tosunlux.eu\\\/products\\\/thermostat\\\/#primaryimage\"},\"thumbnailUrl\":\"https:\\\/\\\/www.tosunlux.eu\\\/wp-content\\\/uploads\\\/2022\\\/05\\\/KTO011-1024x273.jpg\",\"datePublished\":\"2022-05-16T08:17:13+00:00\",\"dateModified\":\"2022-05-16T08:18:49+00:00\",\"description\":\"Thermostat Supplier - Wholesale direct from TOSUNlux, a trusted manufacturer since 1994. Get your B2B factory quote on our certified Low Voltage electrical products.\",\"breadcrumb\":{\"@id\":\"https:\\\/\\\/www.tosunlux.eu\\\/products\\\/thermostat\\\/#breadcrumb\"},\"inLanguage\":\"pl-PL\",\"potentialAction\":[{\"@type\":\"ReadAction\",\"target\":[\"https:\\\/\\\/www.tosunlux.eu\\\/products\\\/thermostat\\\/\"]}]},{\"@type\":\"ImageObject\",\"inLanguage\":\"pl-PL\",\"@id\":\"https:\\\/\\\/www.tosunlux.eu\\\/products\\\/thermostat\\\/#primaryimage\",\"url\":\"https:\\\/\\\/www.tosunlux.eu\\\/wp-content\\\/uploads\\\/2022\\\/05\\\/KTO011-1024x273.jpg\",\"contentUrl\":\"https:\\\/\\\/www.tosunlux.eu\\\/wp-content\\\/uploads\\\/2022\\\/05\\\/KTO011-1024x273.jpg\"},{\"@type\":\"BreadcrumbList\",\"@id\":\"https:\\\/\\\/www.tosunlux.eu\\\/products\\\/thermostat\\\/#breadcrumb\",\"itemListElement\":[{\"@type\":\"ListItem\",\"position\":1,\"name\":\"Home\",\"item\":\"https:\\\/\\\/www.tosunlux.eu\\\/ru\\\/\"},{\"@type\":\"ListItem\",\"position\":2,\"name\":\"Products\",\"item\":\"https:\\\/\\\/www.tosunlux.eu\\\/products\\\/\"},{\"@type\":\"ListItem\",\"position\":3,\"name\":\"Thermostat\"}]},{\"@type\":\"WebSite\",\"@id\":\"https:\\\/\\\/www.tosunlux.eu\\\/ru\\\/#website\",\"url\":\"https:\\\/\\\/www.tosunlux.eu\\\/ru\\\/\",\"name\":\"TOSUNlux Official Site - Electrical Circuit Breaker Manufacturer in China\",\"description\":\"Power Distribution System Supplier\",\"publisher\":{\"@id\":\"https:\\\/\\\/www.tosunlux.eu\\\/ru\\\/#organization\"},\"alternateName\":\"TOSUNlux\",\"potentialAction\":[{\"@type\":\"SearchAction\",\"target\":{\"@type\":\"EntryPoint\",\"urlTemplate\":\"https:\\\/\\\/www.tosunlux.eu\\\/ru\\\/?s={search_term_string}\"},\"query-input\":{\"@type\":\"PropertyValueSpecification\",\"valueRequired\":true,\"valueName\":\"search_term_string\"}}],\"inLanguage\":\"pl-PL\"},{\"@type\":\"Organization\",\"@id\":\"https:\\\/\\\/www.tosunlux.eu\\\/ru\\\/#organization\",\"name\":\"TOSUNlux\",\"url\":\"https:\\\/\\\/www.tosunlux.eu\\\/ru\\\/\",\"logo\":{\"@type\":\"ImageObject\",\"inLanguage\":\"pl-PL\",\"@id\":\"https:\\\/\\\/www.tosunlux.eu\\\/ru\\\/#\\\/schema\\\/logo\\\/image\\\/\",\"url\":\"https:\\\/\\\/www.tosunlux.eu\\\/wp-content\\\/uploads\\\/2022\\\/01\\\/LOGOSYSM.71762f1.png\",\"contentUrl\":\"https:\\\/\\\/www.tosunlux.eu\\\/wp-content\\\/uploads\\\/2022\\\/01\\\/LOGOSYSM.71762f1.png\",\"width\":153,\"height\":55,\"caption\":\"TOSUNlux\"},\"image\":{\"@id\":\"https:\\\/\\\/www.tosunlux.eu\\\/ru\\\/#\\\/schema\\\/logo\\\/image\\\/\"},\"sameAs\":[\"https:\\\/\\\/www.facebook.com\\\/TOSUNelectric\\\/\",\"https:\\\/\\\/www.linkedin.com\\\/company\\\/wenzhou-tosun-electric-co.-ltd\\\/\"]}]}<\/script>\n<!-- \/ Yoast SEO plugin. -->","yoast_head_json":{"title":"Hurtowy termostat - Oficjalna strona TOSUNlux - Producent wy\u0142\u0105cznik\u00f3w elektrycznych w Chinach Dostawca urz\u0105dze\u0144 elektrycznych niskiego napi\u0119cia | TOSUNlux","description":"Dostawca termostat\u00f3w - Sprzeda\u017c hurtowa bezpo\u015brednio od TOSUNlux, zaufanego producenta od 1994 r. Uzyskaj wycen\u0119 fabryczn\u0105 B2B na nasze certyfikowane produkty elektryczne niskiego napi\u0119cia.","robots":{"index":"index","follow":"follow","max-snippet":"max-snippet:-1","max-image-preview":"max-image-preview:large","max-video-preview":"max-video-preview:-1"},"canonical":"https:\/\/www.tosunlux.eu\/pl\/products\/thermostat\/","og_locale":"pl_PL","og_type":"article","og_title":"WholesaleThermostat - TOSUNlux Official Site - Electrical Circuit Breaker Manufacturer in China Low Voltage Electrical Supplier | TOSUNlux","og_description":"Thermostat Supplier - Wholesale direct from TOSUNlux, a trusted manufacturer since 1994. Get your B2B factory quote on our certified Low Voltage electrical products.","og_url":"https:\/\/www.tosunlux.eu\/pl\/products\/thermostat\/","og_site_name":"TOSUNlux Official Site - Electrical Circuit Breaker Manufacturer in China","article_publisher":"https:\/\/www.facebook.com\/TOSUNelectric\/","article_modified_time":"2022-05-16T08:18:49+00:00","og_image":[{"url":"https:\/\/www.tosunlux.eu\/wp-content\/uploads\/2022\/05\/KTO011-1024x273.jpg","type":"","width":"","height":""}],"twitter_card":"summary_large_image","twitter_misc":{"Szacowany czas czytania":"2 minuty"},"schema":{"@context":"https:\/\/schema.org","@graph":[{"@type":"WebPage","@id":"https:\/\/www.tosunlux.eu\/products\/thermostat\/","url":"https:\/\/www.tosunlux.eu\/products\/thermostat\/","name":"Hurtowy termostat - Oficjalna strona TOSUNlux - Producent wy\u0142\u0105cznik\u00f3w elektrycznych w Chinach Dostawca urz\u0105dze\u0144 elektrycznych niskiego napi\u0119cia | TOSUNlux","isPartOf":{"@id":"https:\/\/www.tosunlux.eu\/ru\/#website"},"primaryImageOfPage":{"@id":"https:\/\/www.tosunlux.eu\/products\/thermostat\/#primaryimage"},"image":{"@id":"https:\/\/www.tosunlux.eu\/products\/thermostat\/#primaryimage"},"thumbnailUrl":"https:\/\/www.tosunlux.eu\/wp-content\/uploads\/2022\/05\/KTO011-1024x273.jpg","datePublished":"2022-05-16T08:17:13+00:00","dateModified":"2022-05-16T08:18:49+00:00","description":"Dostawca termostat\u00f3w - Sprzeda\u017c hurtowa bezpo\u015brednio od TOSUNlux, zaufanego producenta od 1994 r. Uzyskaj wycen\u0119 fabryczn\u0105 B2B na nasze certyfikowane produkty elektryczne niskiego napi\u0119cia.","breadcrumb":{"@id":"https:\/\/www.tosunlux.eu\/products\/thermostat\/#breadcrumb"},"inLanguage":"pl-PL","potentialAction":[{"@type":"ReadAction","target":["https:\/\/www.tosunlux.eu\/products\/thermostat\/"]}]},{"@type":"ImageObject","inLanguage":"pl-PL","@id":"https:\/\/www.tosunlux.eu\/products\/thermostat\/#primaryimage","url":"https:\/\/www.tosunlux.eu\/wp-content\/uploads\/2022\/05\/KTO011-1024x273.jpg","contentUrl":"https:\/\/www.tosunlux.eu\/wp-content\/uploads\/2022\/05\/KTO011-1024x273.jpg"},{"@type":"BreadcrumbList","@id":"https:\/\/www.tosunlux.eu\/products\/thermostat\/#breadcrumb","itemListElement":[{"@type":"ListItem","position":1,"name":"Home","item":"https:\/\/www.tosunlux.eu\/ru\/"},{"@type":"ListItem","position":2,"name":"Products","item":"https:\/\/www.tosunlux.eu\/products\/"},{"@type":"ListItem","position":3,"name":"Thermostat"}]},{"@type":"WebSite","@id":"https:\/\/www.tosunlux.eu\/ru\/#website","url":"https:\/\/www.tosunlux.eu\/ru\/","name":"Oficjalna strona TOSUNlux - Producent wy\u0142\u0105cznik\u00f3w elektrycznych w Chinach","description":"Dostawca system\u00f3w dystrybucji energii","publisher":{"@id":"https:\/\/www.tosunlux.eu\/ru\/#organization"},"alternateName":"TOSUNlux","potentialAction":[{"@type":"SearchAction","target":{"@type":"EntryPoint","urlTemplate":"https:\/\/www.tosunlux.eu\/ru\/?s={search_term_string}"},"query-input":{"@type":"PropertyValueSpecification","valueRequired":true,"valueName":"search_term_string"}}],"inLanguage":"pl-PL"},{"@type":"Organization","@id":"https:\/\/www.tosunlux.eu\/ru\/#organization","name":"TOSUNlux","url":"https:\/\/www.tosunlux.eu\/ru\/","logo":{"@type":"ImageObject","inLanguage":"pl-PL","@id":"https:\/\/www.tosunlux.eu\/ru\/#\/schema\/logo\/image\/","url":"https:\/\/www.tosunlux.eu\/wp-content\/uploads\/2022\/01\/LOGOSYSM.71762f1.png","contentUrl":"https:\/\/www.tosunlux.eu\/wp-content\/uploads\/2022\/01\/LOGOSYSM.71762f1.png","width":153,"height":55,"caption":"TOSUNlux"},"image":{"@id":"https:\/\/www.tosunlux.eu\/ru\/#\/schema\/logo\/image\/"},"sameAs":["https:\/\/www.facebook.com\/TOSUNelectric\/","https:\/\/www.linkedin.com\/company\/wenzhou-tosun-electric-co.-ltd\/"]}]}},"_links":{"self":[{"href":"https:\/\/www.tosunlux.eu\/pl\/wp-json\/wp\/v2\/product\/3034","targetHints":{"allow":["GET"]}}],"collection":[{"href":"https:\/\/www.tosunlux.eu\/pl\/wp-json\/wp\/v2\/product"}],"about":[{"href":"https:\/\/www.tosunlux.eu\/pl\/wp-json\/wp\/v2\/types\/product"}],"version-history":[{"count":0,"href":"https:\/\/www.tosunlux.eu\/pl\/wp-json\/wp\/v2\/product\/3034\/revisions"}],"wp:attachment":[{"href":"https:\/\/www.tosunlux.eu\/pl\/wp-json\/wp\/v2\/media?parent=3034"}],"wp:term":[{"taxonomy":"product_category","embeddable":true,"href":"https:\/\/www.tosunlux.eu\/pl\/wp-json\/wp\/v2\/product_category?post=3034"}],"curies":[{"name":"wp","href":"https:\/\/api.w.org\/{rel}","templated":true}]}}