{"id":3094,"date":"2022-05-17T10:14:17","date_gmt":"2022-05-17T02:14:17","guid":{"rendered":"https:\/\/www.tosunlux.eu\/?post_type=product&#038;p=3094"},"modified":"2022-06-20T17:34:18","modified_gmt":"2022-06-20T09:34:18","slug":"3094-2","status":"publish","type":"product","link":"https:\/\/www.tosunlux.eu\/pl\/products\/3094-2\/","title":{"rendered":"Stanowisko sterowania TAL-D AL-D222"},"content":{"rendered":"<p><\/p>\n\n\n<table style=\"border-collapse: collapse; width: 417.77pt;\" border=\"0\" width=\"557\" cellspacing=\"0\" cellpadding=\"0\">\n<tbody>\n<tr style=\"height: 25.50pt;\">\n<td class=\"et2\" style=\"height: 25.50pt; width: 76.25pt;\" width=\"101\" height=\"34\">Opis<\/td>\n<td class=\"et2\" style=\"width: 74.35pt;\" width=\"99\">Kontakt<\/td>\n<td class=\"et2\" style=\"width: 54.00pt;\" width=\"72\">Okr\u0105\u017cenie<\/td>\n<td class=\"et2\" style=\"width: 65.00pt;\" width=\"86\">Cechowanie<br>na legendzie<\/td>\n<td class=\"et2\" style=\"width: 63.75pt;\" width=\"85\">Cechowanie<br>na przycisk<\/td>\n<td class=\"et2\" style=\"width: 85.00pt;\" width=\"113\">Model<\/td>\n<\/tr>\n<tr style=\"height: 13.50pt;\">\n<td class=\"et3\" style=\"height: 27.00pt; width: 76.25pt;\" rowspan=\"2\" width=\"101\" height=\"36\">2 spr\u0119\u017cyny powrotne<br>przycisk<br>1 p\u0142aska bia\u0142a<br>1 p\u0142aski czarny<\/td>\n<td class=\"et3\" style=\"width: 74.35pt;\" rowspan=\"2\" width=\"99\">Nie ma +<br>NIE<\/td>\n<td class=\"et3\" style=\"width: 54.00pt;\" rowspan=\"2\" width=\"72\"><img decoding=\"async\" class=\"alignnone size-full wp-image-3098\" src=\"https:\/\/www.tosunlux.eu\/wp-content\/uploads\/2022\/05\/QQ\u622a\u56fe20220517100551-1.png\" alt=\"\" width=\"99\" height=\"164\"><\/td>\n<td class=\"et6\" style=\"width: 65.00pt;\" width=\"86\">\u2013<\/td>\n<td class=\"et7\" style=\"width: 63.75pt;\" width=\"85\"><img decoding=\"async\" class=\"alignnone size-full wp-image-2980\" src=\"https:\/\/www.tosunlux.eu\/wp-content\/uploads\/2022\/05\/QQ\u622a\u56fe20220516140830.png\" alt=\"\" width=\"120\" height=\"99\"><\/td>\n<td class=\"et2\" style=\"width: 85.00pt;\" width=\"113\">TAL-D222<\/td>\n<\/tr>\n<tr style=\"height: 13.50pt;\">\n<td class=\"et6\" style=\"width: 65.00pt;\" width=\"86\">\u2013<\/td>\n<td class=\"et8\" style=\"width: 63.75pt;\" width=\"85\"><img decoding=\"async\" class=\"alignnone size-full wp-image-2981\" src=\"https:\/\/www.tosunlux.eu\/wp-content\/uploads\/2022\/05\/QQ\u622a\u56fe20220516140840.png\" alt=\"\" width=\"110\" height=\"96\"><\/td>\n<td class=\"et2\" style=\"width: 85.00pt;\" width=\"113\">AL-D223<\/td>\n<\/tr>\n<tr style=\"height: 13.50pt;\">\n<td class=\"et3\" style=\"height: 27.00pt; width: 76.25pt;\" rowspan=\"2\" width=\"101\" height=\"36\">3 spr\u0119\u017cyny powrotne<br>przycisk<br>1 p\u0142aska bia\u0142a<br>1 p\u0142aski czerwony<br>1 p\u0142aski czarny<\/td>\n<td class=\"et3\" style=\"width: 74.35pt;\" rowspan=\"7\" width=\"99\">N\/O+N\/C+N\/O<\/td>\n<td class=\"et3\" style=\"width: 54.00pt;\" rowspan=\"7\" width=\"72\"><img loading=\"lazy\" decoding=\"async\" class=\"alignnone size-full wp-image-3097\" src=\"https:\/\/www.tosunlux.eu\/wp-content\/uploads\/2022\/05\/QQ\u622a\u56fe20220517100606.png\" alt=\"\" width=\"120\" height=\"274\"><\/td>\n<td class=\"et6\" style=\"width: 65.00pt;\" width=\"86\">\u2013<\/td>\n<td class=\"et7\" style=\"width: 63.75pt;\" width=\"85\"><img loading=\"lazy\" decoding=\"async\" class=\"alignnone size-full wp-image-2982\" src=\"https:\/\/www.tosunlux.eu\/wp-content\/uploads\/2022\/05\/QQ\u622a\u56fe20220516140857.png\" alt=\"\" width=\"139\" height=\"70\"><\/td>\n<td class=\"et2\" style=\"width: 85.00pt;\" width=\"113\">TAL-D324<\/td>\n<\/tr>\n<tr style=\"height: 13.50pt;\">\n<td class=\"et6\" style=\"width: 65.00pt;\" width=\"86\">\u2013<\/td>\n<td class=\"et8\" style=\"width: 63.75pt;\" width=\"85\"><img loading=\"lazy\" decoding=\"async\" class=\"alignnone size-full wp-image-2983\" src=\"https:\/\/www.tosunlux.eu\/wp-content\/uploads\/2022\/05\/QQ\u622a\u56fe20220516140912.png\" alt=\"\" width=\"133\" height=\"62\"><\/td>\n<td class=\"et2\" style=\"width: 85.00pt;\" width=\"113\">TAL-D334<\/td>\n<\/tr>\n<tr style=\"height: 13.50pt;\">\n<td class=\"et4\" style=\"height: 141.75pt; width: 76.25pt;\" rowspan=\"5\" width=\"101\" height=\"189\">3 spr\u0119\u017cyny powrotne<br>przycisk<br>2 p\u0142askie zielone<br>1 p\u0142aski czerwony<\/td>\n<td class=\"et6\" style=\"width: 65.00pt;\" width=\"86\">\u2013<\/td>\n<td class=\"et8\" style=\"width: 63.75pt;\" width=\"85\"><img loading=\"lazy\" decoding=\"async\" class=\"alignnone size-full wp-image-2984\" src=\"https:\/\/www.tosunlux.eu\/wp-content\/uploads\/2022\/05\/QQ\u622a\u56fe20220516140924.png\" alt=\"\" width=\"132\" height=\"53\"><\/td>\n<td class=\"et2\" style=\"width: 85.00pt;\" width=\"113\">TAL-D311<\/td>\n<\/tr>\n<tr style=\"height: 13.50pt;\">\n<td class=\"et6\" style=\"width: 65.00pt;\" width=\"86\">\u2013<\/td>\n<td class=\"et7\" style=\"width: 63.75pt;\" width=\"85\"><img loading=\"lazy\" decoding=\"async\" class=\"alignnone size-full wp-image-2979\" src=\"https:\/\/www.tosunlux.eu\/wp-content\/uploads\/2022\/05\/QQ\u622a\u56fe20220516140943.png\" alt=\"\" width=\"130\" height=\"63\"><\/td>\n<td class=\"et2\" style=\"width: 85.00pt;\" width=\"113\">TAL-D339<\/td>\n<\/tr>\n<tr style=\"height: 38.25pt;\">\n<td class=\"et6\" style=\"width: 65.00pt;\" width=\"86\">Do przodu<br>Zatrzymywa\u0107 si\u0119<br>Odwraca\u0107<\/td>\n<td class=\"et8\" style=\"width: 63.75pt;\" width=\"85\"><img loading=\"lazy\" decoding=\"async\" class=\"alignnone size-full wp-image-2984\" src=\"https:\/\/www.tosunlux.eu\/wp-content\/uploads\/2022\/05\/QQ\u622a\u56fe20220516140924.png\" alt=\"\" width=\"132\" height=\"53\"><\/td>\n<td class=\"et7\" style=\"width: 85.00pt;\" width=\"113\">TAL-D311H29<\/td>\n<\/tr>\n<tr style=\"height: 38.25pt;\">\n<td class=\"et6\" style=\"width: 65.00pt;\" width=\"86\">W g\u00f3r\u0119<br>Zatrzymywa\u0107 si\u0119<br>W d\u00f3\u0142<\/td>\n<td class=\"et8\" style=\"width: 63.75pt;\" width=\"85\"><img loading=\"lazy\" decoding=\"async\" class=\"alignnone size-full wp-image-2984\" src=\"https:\/\/www.tosunlux.eu\/wp-content\/uploads\/2022\/05\/QQ\u622a\u56fe20220516140924.png\" alt=\"\" width=\"132\" height=\"53\"><\/td>\n<td>TAL-D321H29<\/td>\n<\/tr>\n<tr style=\"height: 38.25pt;\">\n<td class=\"et6\" style=\"width: 65.00pt;\" width=\"86\">Otwarte<br>Zatrzymywa\u0107 si\u0119<br>Zamkn\u0105\u0107<\/td>\n<td><img loading=\"lazy\" decoding=\"async\" class=\"alignnone size-full wp-image-2984\" src=\"https:\/\/www.tosunlux.eu\/wp-content\/uploads\/2022\/05\/QQ\u622a\u56fe20220516140924.png\" alt=\"\" width=\"132\" height=\"53\"><\/td>\n<td>TAL-D341H29<\/td>\n<\/tr>\n<\/tbody>\n<\/table>","protected":false},"parent":0,"template":"","product_category":[35,94],"class_list":["post-3094","product","type-product","status-publish","hentry","product_category-industrial-control-devices","product_category-pushbutton-switch"],"yoast_head":"<!-- This site is optimized with the Yoast SEO plugin v27.6 - https:\/\/yoast.com\/product\/yoast-seo-wordpress\/ -->\n<title>WholesaleTAL-D Control Station AL-D222 - TOSUNlux Official Site - Electrical Circuit Breaker Manufacturer in China Low Voltage Electrical Supplier | TOSUNlux<\/title>\n<meta name=\"description\" content=\"TAL-D Control Station AL-D222 Supplier - Wholesale direct from TOSUNlux, a trusted manufacturer since 1994. Get your B2B factory quote on our certified Low Voltage electrical products.\" \/>\n<meta name=\"robots\" content=\"index, follow, max-snippet:-1, max-image-preview:large, max-video-preview:-1\" \/>\n<link rel=\"canonical\" href=\"https:\/\/www.tosunlux.eu\/pl\/products\/3094-2\/\" \/>\n<meta property=\"og:locale\" content=\"pl_PL\" \/>\n<meta property=\"og:type\" content=\"article\" \/>\n<meta property=\"og:title\" content=\"WholesaleTAL-D Control Station AL-D222 - TOSUNlux Official Site - Electrical Circuit Breaker Manufacturer in China Low Voltage Electrical Supplier | TOSUNlux\" \/>\n<meta property=\"og:description\" content=\"TAL-D Control Station AL-D222 Supplier - Wholesale direct from TOSUNlux, a trusted manufacturer since 1994. Get your B2B factory quote on our certified Low Voltage electrical products.\" \/>\n<meta property=\"og:url\" content=\"https:\/\/www.tosunlux.eu\/pl\/products\/3094-2\/\" \/>\n<meta property=\"og:site_name\" content=\"TOSUNlux Official Site - Electrical Circuit Breaker Manufacturer in China\" \/>\n<meta property=\"article:publisher\" content=\"https:\/\/www.facebook.com\/TOSUNelectric\/\" \/>\n<meta property=\"article:modified_time\" content=\"2022-06-20T09:34:18+00:00\" \/>\n<meta property=\"og:image\" content=\"https:\/\/www.tosunlux.eu\/wp-content\/uploads\/2023\/04\/DSC08160_\u526f\u672c.jpg\" \/>\n\t<meta property=\"og:image:width\" content=\"1500\" \/>\n\t<meta property=\"og:image:height\" content=\"940\" \/>\n\t<meta property=\"og:image:type\" content=\"image\/jpeg\" \/>\n<meta name=\"twitter:card\" content=\"summary_large_image\" \/>\n<meta name=\"twitter:label1\" content=\"Szacowany czas czytania\" \/>\n\t<meta name=\"twitter:data1\" content=\"3 minuty\" \/>\n<script type=\"application\/ld+json\" class=\"yoast-schema-graph\">{\"@context\":\"https:\\\/\\\/schema.org\",\"@graph\":[{\"@type\":\"WebPage\",\"@id\":\"https:\\\/\\\/www.tosunlux.eu\\\/mn\\\/products\\\/3094-2\\\/\",\"url\":\"https:\\\/\\\/www.tosunlux.eu\\\/mn\\\/products\\\/3094-2\\\/\",\"name\":\"WholesaleTAL-D Control Station AL-D222 - TOSUNlux Official Site - Electrical Circuit Breaker Manufacturer in China Low Voltage Electrical Supplier | TOSUNlux\",\"isPartOf\":{\"@id\":\"https:\\\/\\\/www.tosunlux.eu\\\/ru\\\/#website\"},\"datePublished\":\"2022-05-17T02:14:17+00:00\",\"dateModified\":\"2022-06-20T09:34:18+00:00\",\"description\":\"TAL-D Control Station AL-D222 Supplier - Wholesale direct from TOSUNlux, a trusted manufacturer since 1994. Get your B2B factory quote on our certified Low Voltage electrical products.\",\"breadcrumb\":{\"@id\":\"https:\\\/\\\/www.tosunlux.eu\\\/mn\\\/products\\\/3094-2\\\/#breadcrumb\"},\"inLanguage\":\"pl-PL\",\"potentialAction\":[{\"@type\":\"ReadAction\",\"target\":[\"https:\\\/\\\/www.tosunlux.eu\\\/mn\\\/products\\\/3094-2\\\/\"]}]},{\"@type\":\"BreadcrumbList\",\"@id\":\"https:\\\/\\\/www.tosunlux.eu\\\/mn\\\/products\\\/3094-2\\\/#breadcrumb\",\"itemListElement\":[{\"@type\":\"ListItem\",\"position\":1,\"name\":\"Home\",\"item\":\"https:\\\/\\\/www.tosunlux.eu\\\/ru\\\/\"},{\"@type\":\"ListItem\",\"position\":2,\"name\":\"Products\",\"item\":\"https:\\\/\\\/www.tosunlux.eu\\\/products\\\/\"},{\"@type\":\"ListItem\",\"position\":3,\"name\":\"TAL-D Control Station AL-D222\"}]},{\"@type\":\"WebSite\",\"@id\":\"https:\\\/\\\/www.tosunlux.eu\\\/ru\\\/#website\",\"url\":\"https:\\\/\\\/www.tosunlux.eu\\\/ru\\\/\",\"name\":\"TOSUNlux Official Site - Electrical Circuit Breaker Manufacturer in China\",\"description\":\"Power Distribution System Supplier\",\"publisher\":{\"@id\":\"https:\\\/\\\/www.tosunlux.eu\\\/ru\\\/#organization\"},\"alternateName\":\"TOSUNlux\",\"potentialAction\":[{\"@type\":\"SearchAction\",\"target\":{\"@type\":\"EntryPoint\",\"urlTemplate\":\"https:\\\/\\\/www.tosunlux.eu\\\/ru\\\/?s={search_term_string}\"},\"query-input\":{\"@type\":\"PropertyValueSpecification\",\"valueRequired\":true,\"valueName\":\"search_term_string\"}}],\"inLanguage\":\"pl-PL\"},{\"@type\":\"Organization\",\"@id\":\"https:\\\/\\\/www.tosunlux.eu\\\/ru\\\/#organization\",\"name\":\"TOSUNlux\",\"url\":\"https:\\\/\\\/www.tosunlux.eu\\\/ru\\\/\",\"logo\":{\"@type\":\"ImageObject\",\"inLanguage\":\"pl-PL\",\"@id\":\"https:\\\/\\\/www.tosunlux.eu\\\/ru\\\/#\\\/schema\\\/logo\\\/image\\\/\",\"url\":\"https:\\\/\\\/www.tosunlux.eu\\\/wp-content\\\/uploads\\\/2022\\\/01\\\/LOGOSYSM.71762f1.png\",\"contentUrl\":\"https:\\\/\\\/www.tosunlux.eu\\\/wp-content\\\/uploads\\\/2022\\\/01\\\/LOGOSYSM.71762f1.png\",\"width\":153,\"height\":55,\"caption\":\"TOSUNlux\"},\"image\":{\"@id\":\"https:\\\/\\\/www.tosunlux.eu\\\/ru\\\/#\\\/schema\\\/logo\\\/image\\\/\"},\"sameAs\":[\"https:\\\/\\\/www.facebook.com\\\/TOSUNelectric\\\/\",\"https:\\\/\\\/www.linkedin.com\\\/company\\\/wenzhou-tosun-electric-co.-ltd\\\/\"]}]}<\/script>\n<!-- \/ Yoast SEO plugin. -->","yoast_head_json":{"title":"Hurtowa stacja sterownicza TAL-D AL-D222 - Oficjalna strona TOSUNlux - Producent wy\u0142\u0105cznik\u00f3w elektrycznych w Chinach Dostawca urz\u0105dze\u0144 niskonapi\u0119ciowych | TOSUNlux","description":"Dostawca stacji steruj\u0105cej TAL-D AL-D222 \u2014 hurtowo bezpo\u015brednio od TOSUNlux, zaufanego producenta od 1994 roku. Uzyskaj wycen\u0119 B2B od producenta na nasze certyfikowane produkty elektryczne niskiego napi\u0119cia.","robots":{"index":"index","follow":"follow","max-snippet":"max-snippet:-1","max-image-preview":"max-image-preview:large","max-video-preview":"max-video-preview:-1"},"canonical":"https:\/\/www.tosunlux.eu\/pl\/products\/3094-2\/","og_locale":"pl_PL","og_type":"article","og_title":"WholesaleTAL-D Control Station AL-D222 - TOSUNlux Official Site - Electrical Circuit Breaker Manufacturer in China Low Voltage Electrical Supplier | TOSUNlux","og_description":"TAL-D Control Station AL-D222 Supplier - Wholesale direct from TOSUNlux, a trusted manufacturer since 1994. Get your B2B factory quote on our certified Low Voltage electrical products.","og_url":"https:\/\/www.tosunlux.eu\/pl\/products\/3094-2\/","og_site_name":"TOSUNlux Official Site - Electrical Circuit Breaker Manufacturer in China","article_publisher":"https:\/\/www.facebook.com\/TOSUNelectric\/","article_modified_time":"2022-06-20T09:34:18+00:00","og_image":[{"width":1500,"height":940,"url":"https:\/\/www.tosunlux.eu\/wp-content\/uploads\/2023\/04\/DSC08160_\u526f\u672c.jpg","type":"image\/jpeg"}],"twitter_card":"summary_large_image","twitter_misc":{"Szacowany czas czytania":"3 minuty"},"schema":{"@context":"https:\/\/schema.org","@graph":[{"@type":"WebPage","@id":"https:\/\/www.tosunlux.eu\/mn\/products\/3094-2\/","url":"https:\/\/www.tosunlux.eu\/mn\/products\/3094-2\/","name":"Hurtowa stacja sterownicza TAL-D AL-D222 - Oficjalna strona TOSUNlux - Producent wy\u0142\u0105cznik\u00f3w elektrycznych w Chinach Dostawca urz\u0105dze\u0144 niskonapi\u0119ciowych | TOSUNlux","isPartOf":{"@id":"https:\/\/www.tosunlux.eu\/ru\/#website"},"datePublished":"2022-05-17T02:14:17+00:00","dateModified":"2022-06-20T09:34:18+00:00","description":"Dostawca stacji steruj\u0105cej TAL-D AL-D222 \u2014 hurtowo bezpo\u015brednio od TOSUNlux, zaufanego producenta od 1994 roku. Uzyskaj wycen\u0119 B2B od producenta na nasze certyfikowane produkty elektryczne niskiego napi\u0119cia.","breadcrumb":{"@id":"https:\/\/www.tosunlux.eu\/mn\/products\/3094-2\/#breadcrumb"},"inLanguage":"pl-PL","potentialAction":[{"@type":"ReadAction","target":["https:\/\/www.tosunlux.eu\/mn\/products\/3094-2\/"]}]},{"@type":"BreadcrumbList","@id":"https:\/\/www.tosunlux.eu\/mn\/products\/3094-2\/#breadcrumb","itemListElement":[{"@type":"ListItem","position":1,"name":"Home","item":"https:\/\/www.tosunlux.eu\/ru\/"},{"@type":"ListItem","position":2,"name":"Products","item":"https:\/\/www.tosunlux.eu\/products\/"},{"@type":"ListItem","position":3,"name":"TAL-D Control Station AL-D222"}]},{"@type":"WebSite","@id":"https:\/\/www.tosunlux.eu\/ru\/#website","url":"https:\/\/www.tosunlux.eu\/ru\/","name":"Oficjalna strona TOSUNlux - Producent wy\u0142\u0105cznik\u00f3w elektrycznych w Chinach","description":"Dostawca system\u00f3w dystrybucji energii","publisher":{"@id":"https:\/\/www.tosunlux.eu\/ru\/#organization"},"alternateName":"TOSUNlux","potentialAction":[{"@type":"SearchAction","target":{"@type":"EntryPoint","urlTemplate":"https:\/\/www.tosunlux.eu\/ru\/?s={search_term_string}"},"query-input":{"@type":"PropertyValueSpecification","valueRequired":true,"valueName":"search_term_string"}}],"inLanguage":"pl-PL"},{"@type":"Organization","@id":"https:\/\/www.tosunlux.eu\/ru\/#organization","name":"TOSUNlux","url":"https:\/\/www.tosunlux.eu\/ru\/","logo":{"@type":"ImageObject","inLanguage":"pl-PL","@id":"https:\/\/www.tosunlux.eu\/ru\/#\/schema\/logo\/image\/","url":"https:\/\/www.tosunlux.eu\/wp-content\/uploads\/2022\/01\/LOGOSYSM.71762f1.png","contentUrl":"https:\/\/www.tosunlux.eu\/wp-content\/uploads\/2022\/01\/LOGOSYSM.71762f1.png","width":153,"height":55,"caption":"TOSUNlux"},"image":{"@id":"https:\/\/www.tosunlux.eu\/ru\/#\/schema\/logo\/image\/"},"sameAs":["https:\/\/www.facebook.com\/TOSUNelectric\/","https:\/\/www.linkedin.com\/company\/wenzhou-tosun-electric-co.-ltd\/"]}]}},"_links":{"self":[{"href":"https:\/\/www.tosunlux.eu\/pl\/wp-json\/wp\/v2\/product\/3094","targetHints":{"allow":["GET"]}}],"collection":[{"href":"https:\/\/www.tosunlux.eu\/pl\/wp-json\/wp\/v2\/product"}],"about":[{"href":"https:\/\/www.tosunlux.eu\/pl\/wp-json\/wp\/v2\/types\/product"}],"version-history":[{"count":0,"href":"https:\/\/www.tosunlux.eu\/pl\/wp-json\/wp\/v2\/product\/3094\/revisions"}],"wp:attachment":[{"href":"https:\/\/www.tosunlux.eu\/pl\/wp-json\/wp\/v2\/media?parent=3094"}],"wp:term":[{"taxonomy":"product_category","embeddable":true,"href":"https:\/\/www.tosunlux.eu\/pl\/wp-json\/wp\/v2\/product_category?post=3094"}],"curies":[{"name":"wp","href":"https:\/\/api.w.org\/{rel}","templated":true}]}}