{"id":3297,"date":"2022-05-19T10:29:39","date_gmt":"2022-05-19T02:29:39","guid":{"rendered":"https:\/\/www.tosunlux.eu\/?post_type=product&#038;p=3297"},"modified":"2022-05-19T10:29:41","modified_gmt":"2022-05-19T02:29:41","slug":"control-transformer-bk","status":"publish","type":"product","link":"https:\/\/www.tosunlux.eu\/pl\/products\/control-transformer-bk\/","title":{"rendered":"Transformator steruj\u0105cy BK"},"content":{"rendered":"<p>Aplikacja<\/p>\n\n\n\n<p>Transformator steruj\u0105cy obrabiark\u0105 serii BK jest odpowiedni do obwod\u00f3w 50~60Hz, napi\u0119cia do 1000V. Zwykle jest stosowany jako zasilanie urz\u0105dze\u0144 elektrycznych obrabiarek, o\u015bwietlenia lokalnego i lampek kontrolnych.<\/p>\n\n\n\n<p><\/p>\n\n\n\n<p>Wymiary<\/p>\n\n\n<table style=\"border-collapse: collapse; width: 399.77pt;\" border=\"0\" width=\"533\" cellspacing=\"0\" cellpadding=\"0\">\n<tbody>\n<tr style=\"height: 16.50pt;\">\n<td class=\"et2\" style=\"height: 31.50pt; width: 75.75pt;\" rowspan=\"2\" width=\"101\" height=\"42\">Model<\/td>\n<td class=\"et2\" style=\"width: 162.00pt;\" colspan=\"3\" width=\"216\">Wymiary zewn\u0119trzne<\/td>\n<td class=\"et2\" style=\"width: 108.00pt;\" colspan=\"2\" width=\"144\">Rozmiar instalacji<\/td>\n<td class=\"et2\" style=\"width: 54.00pt;\" rowspan=\"2\" width=\"72\">Otw\u00f3r<\/td>\n<\/tr>\n<tr style=\"height: 15.00pt;\">\n<td class=\"et2\">L<\/td>\n<td class=\"et2\">W<\/td>\n<td class=\"et2\">H<\/td>\n<td class=\"et2\">L1<\/td>\n<td class=\"et2\">W1<\/td>\n<\/tr>\n<tr style=\"height: 15.00pt;\">\n<td class=\"et2\" style=\"height: 15.00pt;\" height=\"20\">BK-25VA<\/td>\n<td class=\"et2\">80<\/td>\n<td class=\"et2\">70<\/td>\n<td class=\"et2\">90<\/td>\n<td class=\"et2\">56<\/td>\n<td class=\"et2\">48<\/td>\n<td class=\"et2\">5*8<\/td>\n<\/tr>\n<tr style=\"height: 15.00pt;\">\n<td class=\"et2\" style=\"height: 15.00pt;\" height=\"20\">BK-50VA<\/td>\n<td class=\"et2\">80<\/td>\n<td class=\"et2\">72<\/td>\n<td class=\"et2\">90<\/td>\n<td class=\"et2\">56<\/td>\n<td class=\"et2\">50<\/td>\n<td class=\"et2\">5*8<\/td>\n<\/tr>\n<tr style=\"height: 15.00pt;\">\n<td class=\"et2\" style=\"height: 15.00pt;\" height=\"20\">BK-100VA<\/td>\n<td class=\"et2\">98<\/td>\n<td class=\"et2\">85<\/td>\n<td class=\"et2\">108<\/td>\n<td class=\"et2\">84<\/td>\n<td class=\"et2\">65<\/td>\n<td class=\"et2\">5*8<\/td>\n<\/tr>\n<tr style=\"height: 15.00pt;\">\n<td class=\"et2\" style=\"height: 15.00pt;\" height=\"20\">BK-150VA<\/td>\n<td class=\"et2\">103<\/td>\n<td class=\"et2\">86<\/td>\n<td class=\"et2\">110<\/td>\n<td class=\"et2\">76<\/td>\n<td class=\"et2\">66<\/td>\n<td class=\"et2\">5*8<\/td>\n<\/tr>\n<tr style=\"height: 15.00pt;\">\n<td class=\"et2\" style=\"height: 15.00pt;\" height=\"20\">BK-200VA<\/td>\n<td class=\"et2\">103<\/td>\n<td class=\"et2\">97<\/td>\n<td class=\"et2\">110<\/td>\n<td class=\"et2\">76<\/td>\n<td class=\"et2\">77<\/td>\n<td class=\"et2\">8*11<\/td>\n<\/tr>\n<tr style=\"height: 15.00pt;\">\n<td class=\"et2\" style=\"height: 15.00pt;\" height=\"20\">BK-250VA<\/td>\n<td class=\"et2\">103<\/td>\n<td class=\"et2\">105<\/td>\n<td class=\"et2\">110<\/td>\n<td class=\"et2\">76<\/td>\n<td class=\"et2\">82<\/td>\n<td class=\"et2\">8*11<\/td>\n<\/tr>\n<tr style=\"height: 15.00pt;\">\n<td class=\"et2\" style=\"height: 15.00pt;\" height=\"20\">BK-300VA<\/td>\n<td class=\"et2\">120<\/td>\n<td class=\"et2\">117<\/td>\n<td class=\"et2\">120<\/td>\n<td class=\"et2\">90<\/td>\n<td class=\"et2\">88<\/td>\n<td class=\"et2\">8*11<\/td>\n<\/tr>\n<tr style=\"height: 15.00pt;\">\n<td class=\"et2\" style=\"height: 15.00pt;\" height=\"20\">BK-400VA<\/td>\n<td class=\"et2\">135<\/td>\n<td class=\"et2\">115<\/td>\n<td class=\"et2\">140<\/td>\n<td class=\"et2\">100<\/td>\n<td class=\"et2\">90<\/td>\n<td class=\"et2\">8*13<\/td>\n<\/tr>\n<tr style=\"height: 15.00pt;\">\n<td class=\"et2\" style=\"height: 15.00pt;\" height=\"20\">BK-500VA<\/td>\n<td class=\"et2\">135<\/td>\n<td class=\"et2\">130<\/td>\n<td class=\"et2\">140<\/td>\n<td class=\"et2\">100<\/td>\n<td class=\"et2\">95<\/td>\n<td class=\"et2\">8*13<\/td>\n<\/tr>\n<tr style=\"height: 15.00pt;\">\n<td class=\"et2\" style=\"height: 15.00pt;\" height=\"20\">BK-800VA<\/td>\n<td class=\"et2\">152<\/td>\n<td class=\"et2\">135<\/td>\n<td class=\"et2\">155<\/td>\n<td class=\"et2\">120<\/td>\n<td class=\"et2\">100<\/td>\n<td class=\"et2\">8*13<\/td>\n<\/tr>\n<tr style=\"height: 15.00pt;\">\n<td class=\"et2\" style=\"height: 15.00pt;\" height=\"20\">BK-1000VA<\/td>\n<td class=\"et2\">152<\/td>\n<td class=\"et2\">150<\/td>\n<td class=\"et2\">155<\/td>\n<td class=\"et2\">120<\/td>\n<td class=\"et2\">115<\/td>\n<td class=\"et2\">8*13<\/td>\n<\/tr>\n<tr style=\"height: 15.00pt;\">\n<td class=\"et2\" style=\"height: 15.00pt;\" height=\"20\">BK-1500VA<\/td>\n<td class=\"et2\">152<\/td>\n<td class=\"et2\">160<\/td>\n<td class=\"et2\">155<\/td>\n<td class=\"et2\">120<\/td>\n<td class=\"et2\">125<\/td>\n<td class=\"et2\">8.5*17<\/td>\n<\/tr>\n<tr style=\"height: 15.00pt;\">\n<td class=\"et2\" style=\"height: 15.00pt;\" height=\"20\">BK-2000VA<\/td>\n<td class=\"et2\">175<\/td>\n<td class=\"et2\">145<\/td>\n<td class=\"et2\">170<\/td>\n<td class=\"et2\">130<\/td>\n<td class=\"et2\">115<\/td>\n<td class=\"et2\">8*11<\/td>\n<\/tr>\n<tr style=\"height: 15.00pt;\">\n<td class=\"et2\" style=\"height: 15.00pt;\" height=\"20\">BK-2500VA<\/td>\n<td class=\"et2\">205<\/td>\n<td class=\"et2\">190<\/td>\n<td class=\"et2\">240<\/td>\n<td class=\"et2\">170<\/td>\n<td class=\"et2\">130<\/td>\n<td class=\"et2\">8*11<\/td>\n<\/tr>\n<tr style=\"height: 15.00pt;\">\n<td class=\"et2\" style=\"height: 15.00pt;\" height=\"20\">BK-3000VA<\/td>\n<td class=\"et2\">205<\/td>\n<td class=\"et2\">200<\/td>\n<td class=\"et2\">230<\/td>\n<td class=\"et2\">170<\/td>\n<td class=\"et2\">140<\/td>\n<td class=\"et2\">8*11<\/td>\n<\/tr>\n<tr style=\"height: 15.00pt;\">\n<td class=\"et2\" style=\"height: 15.00pt;\" height=\"20\">BK-4000VA<\/td>\n<td class=\"et2\">235<\/td>\n<td class=\"et2\">265<\/td>\n<td class=\"et2\">260<\/td>\n<td class=\"et2\">190<\/td>\n<td class=\"et2\">150<\/td>\n<td class=\"et2\">8*11<\/td>\n<\/tr>\n<tr style=\"height: 15.00pt;\">\n<td class=\"et2\" style=\"height: 15.00pt;\" height=\"20\">BK-5000VA<\/td>\n<td class=\"et2\">235<\/td>\n<td class=\"et2\">280<\/td>\n<td class=\"et2\">260<\/td>\n<td class=\"et2\">190<\/td>\n<td class=\"et2\">170<\/td>\n<td class=\"et2\">8*11<\/td>\n<\/tr>\n<\/tbody>\n<\/table>\n\n\n<figure class=\"wp-block-image size-large is-resized\"><img fetchpriority=\"high\" decoding=\"async\" src=\"https:\/\/www.tosunlux.eu\/wp-content\/uploads\/2022\/05\/BK-dimensions-1024x565.jpg\" alt=\"\" class=\"wp-image-3291\" width=\"768\" height=\"424\" srcset=\"https:\/\/www.tosunlux.eu\/wp-content\/uploads\/2022\/05\/BK-dimensions-1024x565.jpg 1024w, https:\/\/www.tosunlux.eu\/wp-content\/uploads\/2022\/05\/BK-dimensions-300x165.jpg 300w, https:\/\/www.tosunlux.eu\/wp-content\/uploads\/2022\/05\/BK-dimensions-768x423.jpg 768w, https:\/\/www.tosunlux.eu\/wp-content\/uploads\/2022\/05\/BK-dimensions.jpg 1208w\" sizes=\"(max-width: 768px) 100vw, 768px\" \/><\/figure>","protected":false},"parent":0,"template":"","product_category":[75,128],"class_list":["post-3297","product","type-product","status-publish","hentry","product_category-instruments","product_category-current-transformer"],"yoast_head":"<!-- This site is optimized with the Yoast SEO plugin v27.4 - https:\/\/yoast.com\/product\/yoast-seo-wordpress\/ -->\n<title>WholesaleControl Transformer BK - TOSUNlux Official Site - Electrical Circuit Breaker Manufacturer in China Low Voltage Electrical Supplier | TOSUNlux<\/title>\n<meta name=\"description\" content=\"Control Transformer BK Supplier - Wholesale direct from TOSUNlux, a trusted manufacturer since 1994. Get your B2B factory quote on our certified Low Voltage electrical products.\" \/>\n<meta name=\"robots\" content=\"index, follow, max-snippet:-1, max-image-preview:large, max-video-preview:-1\" \/>\n<link rel=\"canonical\" href=\"https:\/\/www.tosunlux.eu\/pl\/products\/control-transformer-bk\/\" \/>\n<meta property=\"og:locale\" content=\"pl_PL\" \/>\n<meta property=\"og:type\" content=\"article\" \/>\n<meta property=\"og:title\" content=\"WholesaleControl Transformer BK - TOSUNlux Official Site - Electrical Circuit Breaker Manufacturer in China Low Voltage Electrical Supplier | TOSUNlux\" \/>\n<meta property=\"og:description\" content=\"Control Transformer BK Supplier - Wholesale direct from TOSUNlux, a trusted manufacturer since 1994. Get your B2B factory quote on our certified Low Voltage electrical products.\" \/>\n<meta property=\"og:url\" content=\"https:\/\/www.tosunlux.eu\/pl\/products\/control-transformer-bk\/\" \/>\n<meta property=\"og:site_name\" content=\"TOSUNlux Official Site - Electrical Circuit Breaker Manufacturer in China\" \/>\n<meta property=\"article:publisher\" content=\"https:\/\/www.facebook.com\/TOSUNelectric\/\" \/>\n<meta property=\"article:modified_time\" content=\"2022-05-19T02:29:41+00:00\" \/>\n<meta property=\"og:image\" content=\"https:\/\/www.tosunlux.eu\/wp-content\/uploads\/2022\/05\/BK-dimensions-1024x565.jpg\" \/>\n<meta name=\"twitter:card\" content=\"summary_large_image\" \/>\n<meta name=\"twitter:label1\" content=\"Szacowany czas czytania\" \/>\n\t<meta name=\"twitter:data1\" content=\"1 minuta\" \/>\n<script type=\"application\/ld+json\" class=\"yoast-schema-graph\">{\"@context\":\"https:\\\/\\\/schema.org\",\"@graph\":[{\"@type\":\"WebPage\",\"@id\":\"https:\\\/\\\/www.tosunlux.eu\\\/nl\\\/products\\\/control-transformer-bk\\\/\",\"url\":\"https:\\\/\\\/www.tosunlux.eu\\\/nl\\\/products\\\/control-transformer-bk\\\/\",\"name\":\"WholesaleControl Transformer BK - TOSUNlux Official Site - Electrical Circuit Breaker Manufacturer in China Low Voltage Electrical Supplier | TOSUNlux\",\"isPartOf\":{\"@id\":\"https:\\\/\\\/www.tosunlux.eu\\\/ru\\\/#website\"},\"primaryImageOfPage\":{\"@id\":\"https:\\\/\\\/www.tosunlux.eu\\\/nl\\\/products\\\/control-transformer-bk\\\/#primaryimage\"},\"image\":{\"@id\":\"https:\\\/\\\/www.tosunlux.eu\\\/nl\\\/products\\\/control-transformer-bk\\\/#primaryimage\"},\"thumbnailUrl\":\"https:\\\/\\\/www.tosunlux.eu\\\/wp-content\\\/uploads\\\/2022\\\/05\\\/BK-dimensions-1024x565.jpg\",\"datePublished\":\"2022-05-19T02:29:39+00:00\",\"dateModified\":\"2022-05-19T02:29:41+00:00\",\"description\":\"Control Transformer BK Supplier - Wholesale direct from TOSUNlux, a trusted manufacturer since 1994. Get your B2B factory quote on our certified Low Voltage electrical products.\",\"breadcrumb\":{\"@id\":\"https:\\\/\\\/www.tosunlux.eu\\\/nl\\\/products\\\/control-transformer-bk\\\/#breadcrumb\"},\"inLanguage\":\"pl-PL\",\"potentialAction\":[{\"@type\":\"ReadAction\",\"target\":[\"https:\\\/\\\/www.tosunlux.eu\\\/nl\\\/products\\\/control-transformer-bk\\\/\"]}]},{\"@type\":\"ImageObject\",\"inLanguage\":\"pl-PL\",\"@id\":\"https:\\\/\\\/www.tosunlux.eu\\\/nl\\\/products\\\/control-transformer-bk\\\/#primaryimage\",\"url\":\"https:\\\/\\\/www.tosunlux.eu\\\/wp-content\\\/uploads\\\/2022\\\/05\\\/BK-dimensions-1024x565.jpg\",\"contentUrl\":\"https:\\\/\\\/www.tosunlux.eu\\\/wp-content\\\/uploads\\\/2022\\\/05\\\/BK-dimensions-1024x565.jpg\"},{\"@type\":\"BreadcrumbList\",\"@id\":\"https:\\\/\\\/www.tosunlux.eu\\\/nl\\\/products\\\/control-transformer-bk\\\/#breadcrumb\",\"itemListElement\":[{\"@type\":\"ListItem\",\"position\":1,\"name\":\"Home\",\"item\":\"https:\\\/\\\/www.tosunlux.eu\\\/ru\\\/\"},{\"@type\":\"ListItem\",\"position\":2,\"name\":\"Products\",\"item\":\"https:\\\/\\\/www.tosunlux.eu\\\/products\\\/\"},{\"@type\":\"ListItem\",\"position\":3,\"name\":\"Control Transformer BK\"}]},{\"@type\":\"WebSite\",\"@id\":\"https:\\\/\\\/www.tosunlux.eu\\\/ru\\\/#website\",\"url\":\"https:\\\/\\\/www.tosunlux.eu\\\/ru\\\/\",\"name\":\"TOSUNlux Official Site - Electrical Circuit Breaker Manufacturer in China\",\"description\":\"Power Distribution System Supplier\",\"publisher\":{\"@id\":\"https:\\\/\\\/www.tosunlux.eu\\\/ru\\\/#organization\"},\"alternateName\":\"TOSUNlux\",\"potentialAction\":[{\"@type\":\"SearchAction\",\"target\":{\"@type\":\"EntryPoint\",\"urlTemplate\":\"https:\\\/\\\/www.tosunlux.eu\\\/ru\\\/?s={search_term_string}\"},\"query-input\":{\"@type\":\"PropertyValueSpecification\",\"valueRequired\":true,\"valueName\":\"search_term_string\"}}],\"inLanguage\":\"pl-PL\"},{\"@type\":\"Organization\",\"@id\":\"https:\\\/\\\/www.tosunlux.eu\\\/ru\\\/#organization\",\"name\":\"TOSUNlux\",\"url\":\"https:\\\/\\\/www.tosunlux.eu\\\/ru\\\/\",\"logo\":{\"@type\":\"ImageObject\",\"inLanguage\":\"pl-PL\",\"@id\":\"https:\\\/\\\/www.tosunlux.eu\\\/ru\\\/#\\\/schema\\\/logo\\\/image\\\/\",\"url\":\"https:\\\/\\\/www.tosunlux.eu\\\/wp-content\\\/uploads\\\/2022\\\/01\\\/LOGOSYSM.71762f1.png\",\"contentUrl\":\"https:\\\/\\\/www.tosunlux.eu\\\/wp-content\\\/uploads\\\/2022\\\/01\\\/LOGOSYSM.71762f1.png\",\"width\":153,\"height\":55,\"caption\":\"TOSUNlux\"},\"image\":{\"@id\":\"https:\\\/\\\/www.tosunlux.eu\\\/ru\\\/#\\\/schema\\\/logo\\\/image\\\/\"},\"sameAs\":[\"https:\\\/\\\/www.facebook.com\\\/TOSUNelectric\\\/\",\"https:\\\/\\\/www.linkedin.com\\\/company\\\/wenzhou-tosun-electric-co.-ltd\\\/\"]}]}<\/script>\n<!-- \/ Yoast SEO plugin. -->","yoast_head_json":{"title":"Transformator steruj\u0105cy WholesaleControl BK - Oficjalna strona TOSUNlux - Producent wy\u0142\u0105cznik\u00f3w elektrycznych w Chinach Dostawca urz\u0105dze\u0144 elektrycznych niskiego napi\u0119cia | TOSUNlux","description":"Dostawca transformator\u00f3w steruj\u0105cych BK - hurtowo bezpo\u015brednio od TOSUNlux, zaufanego producenta od 1994 roku. Uzyskaj wycen\u0119 fabryczn\u0105 B2B na nasze certyfikowane produkty elektryczne niskiego napi\u0119cia.","robots":{"index":"index","follow":"follow","max-snippet":"max-snippet:-1","max-image-preview":"max-image-preview:large","max-video-preview":"max-video-preview:-1"},"canonical":"https:\/\/www.tosunlux.eu\/pl\/products\/control-transformer-bk\/","og_locale":"pl_PL","og_type":"article","og_title":"WholesaleControl Transformer BK - TOSUNlux Official Site - Electrical Circuit Breaker Manufacturer in China Low Voltage Electrical Supplier | TOSUNlux","og_description":"Control Transformer BK Supplier - Wholesale direct from TOSUNlux, a trusted manufacturer since 1994. Get your B2B factory quote on our certified Low Voltage electrical products.","og_url":"https:\/\/www.tosunlux.eu\/pl\/products\/control-transformer-bk\/","og_site_name":"TOSUNlux Official Site - Electrical Circuit Breaker Manufacturer in China","article_publisher":"https:\/\/www.facebook.com\/TOSUNelectric\/","article_modified_time":"2022-05-19T02:29:41+00:00","og_image":[{"url":"https:\/\/www.tosunlux.eu\/wp-content\/uploads\/2022\/05\/BK-dimensions-1024x565.jpg","type":"","width":"","height":""}],"twitter_card":"summary_large_image","twitter_misc":{"Szacowany czas czytania":"1 minuta"},"schema":{"@context":"https:\/\/schema.org","@graph":[{"@type":"WebPage","@id":"https:\/\/www.tosunlux.eu\/nl\/products\/control-transformer-bk\/","url":"https:\/\/www.tosunlux.eu\/nl\/products\/control-transformer-bk\/","name":"Transformator steruj\u0105cy WholesaleControl BK - Oficjalna strona TOSUNlux - Producent wy\u0142\u0105cznik\u00f3w elektrycznych w Chinach Dostawca urz\u0105dze\u0144 elektrycznych niskiego napi\u0119cia | TOSUNlux","isPartOf":{"@id":"https:\/\/www.tosunlux.eu\/ru\/#website"},"primaryImageOfPage":{"@id":"https:\/\/www.tosunlux.eu\/nl\/products\/control-transformer-bk\/#primaryimage"},"image":{"@id":"https:\/\/www.tosunlux.eu\/nl\/products\/control-transformer-bk\/#primaryimage"},"thumbnailUrl":"https:\/\/www.tosunlux.eu\/wp-content\/uploads\/2022\/05\/BK-dimensions-1024x565.jpg","datePublished":"2022-05-19T02:29:39+00:00","dateModified":"2022-05-19T02:29:41+00:00","description":"Dostawca transformator\u00f3w steruj\u0105cych BK - hurtowo bezpo\u015brednio od TOSUNlux, zaufanego producenta od 1994 roku. Uzyskaj wycen\u0119 fabryczn\u0105 B2B na nasze certyfikowane produkty elektryczne niskiego napi\u0119cia.","breadcrumb":{"@id":"https:\/\/www.tosunlux.eu\/nl\/products\/control-transformer-bk\/#breadcrumb"},"inLanguage":"pl-PL","potentialAction":[{"@type":"ReadAction","target":["https:\/\/www.tosunlux.eu\/nl\/products\/control-transformer-bk\/"]}]},{"@type":"ImageObject","inLanguage":"pl-PL","@id":"https:\/\/www.tosunlux.eu\/nl\/products\/control-transformer-bk\/#primaryimage","url":"https:\/\/www.tosunlux.eu\/wp-content\/uploads\/2022\/05\/BK-dimensions-1024x565.jpg","contentUrl":"https:\/\/www.tosunlux.eu\/wp-content\/uploads\/2022\/05\/BK-dimensions-1024x565.jpg"},{"@type":"BreadcrumbList","@id":"https:\/\/www.tosunlux.eu\/nl\/products\/control-transformer-bk\/#breadcrumb","itemListElement":[{"@type":"ListItem","position":1,"name":"Home","item":"https:\/\/www.tosunlux.eu\/ru\/"},{"@type":"ListItem","position":2,"name":"Products","item":"https:\/\/www.tosunlux.eu\/products\/"},{"@type":"ListItem","position":3,"name":"Control Transformer BK"}]},{"@type":"WebSite","@id":"https:\/\/www.tosunlux.eu\/ru\/#website","url":"https:\/\/www.tosunlux.eu\/ru\/","name":"Oficjalna strona TOSUNlux - Producent wy\u0142\u0105cznik\u00f3w elektrycznych w Chinach","description":"Dostawca system\u00f3w dystrybucji energii","publisher":{"@id":"https:\/\/www.tosunlux.eu\/ru\/#organization"},"alternateName":"TOSUNlux","potentialAction":[{"@type":"SearchAction","target":{"@type":"EntryPoint","urlTemplate":"https:\/\/www.tosunlux.eu\/ru\/?s={search_term_string}"},"query-input":{"@type":"PropertyValueSpecification","valueRequired":true,"valueName":"search_term_string"}}],"inLanguage":"pl-PL"},{"@type":"Organization","@id":"https:\/\/www.tosunlux.eu\/ru\/#organization","name":"TOSUNlux","url":"https:\/\/www.tosunlux.eu\/ru\/","logo":{"@type":"ImageObject","inLanguage":"pl-PL","@id":"https:\/\/www.tosunlux.eu\/ru\/#\/schema\/logo\/image\/","url":"https:\/\/www.tosunlux.eu\/wp-content\/uploads\/2022\/01\/LOGOSYSM.71762f1.png","contentUrl":"https:\/\/www.tosunlux.eu\/wp-content\/uploads\/2022\/01\/LOGOSYSM.71762f1.png","width":153,"height":55,"caption":"TOSUNlux"},"image":{"@id":"https:\/\/www.tosunlux.eu\/ru\/#\/schema\/logo\/image\/"},"sameAs":["https:\/\/www.facebook.com\/TOSUNelectric\/","https:\/\/www.linkedin.com\/company\/wenzhou-tosun-electric-co.-ltd\/"]}]}},"_links":{"self":[{"href":"https:\/\/www.tosunlux.eu\/pl\/wp-json\/wp\/v2\/product\/3297","targetHints":{"allow":["GET"]}}],"collection":[{"href":"https:\/\/www.tosunlux.eu\/pl\/wp-json\/wp\/v2\/product"}],"about":[{"href":"https:\/\/www.tosunlux.eu\/pl\/wp-json\/wp\/v2\/types\/product"}],"version-history":[{"count":0,"href":"https:\/\/www.tosunlux.eu\/pl\/wp-json\/wp\/v2\/product\/3297\/revisions"}],"wp:attachment":[{"href":"https:\/\/www.tosunlux.eu\/pl\/wp-json\/wp\/v2\/media?parent=3297"}],"wp:term":[{"taxonomy":"product_category","embeddable":true,"href":"https:\/\/www.tosunlux.eu\/pl\/wp-json\/wp\/v2\/product_category?post=3297"}],"curies":[{"name":"wp","href":"https:\/\/api.w.org\/{rel}","templated":true}]}}