{"id":3435,"date":"2022-06-01T13:43:41","date_gmt":"2022-06-01T05:43:41","guid":{"rendered":"https:\/\/www.tosunlux.eu\/?post_type=product&#038;p=3435"},"modified":"2022-06-01T14:15:49","modified_gmt":"2022-06-01T06:15:49","slug":"bsmj-power-capacitor-2","status":"publish","type":"product","link":"https:\/\/www.tosunlux.eu\/pl\/products\/bsmj-power-capacitor-2\/","title":{"rendered":"Kondensator mocy BSMJ"},"content":{"rendered":"<p>Kondensatory serii BSMJ s\u0105 u\u017cywane g\u0142\u00f3wnie do zwi\u0119kszenia wsp\u00f3\u0142czynnika mocy, zmniejszenia zu\u017cycia energii i poprawy jako\u015bci napi\u0119cia w obwodzie. Charakteryzuj\u0105 si\u0119 ma\u0142\u0105 obj\u0119to\u015bci\u0105, lekko\u015bci\u0105 i niezawodn\u0105 wydajno\u015bci\u0105.<\/p>\n\n\n\n\n<table style=\"border-collapse: collapse; width: 612px; height: 497px;\" border=\"0\" width=\"638\" cellspacing=\"0\" cellpadding=\"0\">\n<tbody>\n<tr style=\"height: 62.00pt;\">\n<td class=\"et3\" style=\"height: 62pt; width: 108.55pt; text-align: center;\" width=\"144\" height=\"82\">Modele<\/td>\n<td class=\"et4\" style=\"width: 87pt; text-align: center;\" width=\"116\">Napi\u0119cie znamionowe (kV)<\/td>\n<td class=\"et3\" style=\"width: 94.5pt; text-align: center;\" width=\"126\">Moc znamionowa (kvar)<\/td>\n<td class=\"et3\" style=\"width: 95.3pt; text-align: center;\" width=\"127\">Pojemno\u015b\u0107<br>(uF)<\/td>\n<td class=\"et3\" style=\"width: 93.4pt; text-align: center;\" width=\"124\">Nominalny <br>Pr\u0105d (A)<\/td>\n<\/tr>\n<tr style=\"height: 18.00pt;\">\n<td class=\"et3\" style=\"height: 18pt; width: 108.55pt; text-align: center;\" width=\"144\" height=\"24\">BSMJ0.4-5-3<\/td>\n<td class=\"et5\" style=\"width: 87pt; border-bottom: 0.5pt solid #000000; text-align: center;\" rowspan=\"18\" width=\"116\">0,4(50Hz)<\/td>\n<td class=\"et3\" style=\"width: 94.5pt; text-align: center;\" width=\"126\">5<\/td>\n<td class=\"et3\" style=\"width: 95.3pt; text-align: center;\" width=\"127\">99<\/td>\n<td class=\"et3\" style=\"width: 93.4pt; text-align: center;\" width=\"124\">7.2<\/td>\n<\/tr>\n<tr style=\"height: 18.00pt;\">\n<td class=\"et3\" style=\"height: 18pt; width: 108.55pt; text-align: center;\" width=\"144\" height=\"24\">BSMJ0.4-7.5-3<\/td>\n<td class=\"et3\" style=\"width: 94.5pt; text-align: center;\" width=\"126\">7.5<\/td>\n<td class=\"et3\" style=\"width: 95.3pt; text-align: center;\" width=\"127\">149<\/td>\n<td class=\"et3\" style=\"width: 93.4pt; text-align: center;\" width=\"124\">10.8<\/td>\n<\/tr>\n<tr style=\"height: 17.00pt;\">\n<td class=\"et3\" style=\"height: 17pt; width: 108.55pt; text-align: center;\" width=\"144\" height=\"22\">BSMJ0.4-10-3<\/td>\n<td class=\"et3\" style=\"width: 94.5pt; text-align: center;\" width=\"126\">10<\/td>\n<td class=\"et3\" style=\"width: 95.3pt; text-align: center;\" width=\"127\">199<\/td>\n<td class=\"et3\" style=\"width: 93.4pt; text-align: center;\" width=\"124\">14.4<\/td>\n<\/tr>\n<tr style=\"height: 18.00pt;\">\n<td class=\"et3\" style=\"height: 18pt; width: 108.55pt; text-align: center;\" width=\"144\" height=\"24\">BSMJ0.4-12-3<\/td>\n<td class=\"et3\" style=\"width: 94.5pt; text-align: center;\" width=\"126\">12<\/td>\n<td class=\"et3\" style=\"width: 95.3pt; text-align: center;\" width=\"127\">239<\/td>\n<td class=\"et3\" style=\"width: 93.4pt; text-align: center;\" width=\"124\">17.3<\/td>\n<\/tr>\n<tr style=\"height: 18.00pt;\">\n<td class=\"et3\" style=\"height: 18pt; width: 108.55pt; text-align: center;\" width=\"144\" height=\"24\">BSMJ0.4-14-3<\/td>\n<td class=\"et3\" style=\"width: 94.5pt; text-align: center;\" width=\"126\">14<\/td>\n<td class=\"et3\" style=\"width: 95.3pt; text-align: center;\" width=\"127\">278<\/td>\n<td class=\"et3\" style=\"width: 93.4pt; text-align: center;\" width=\"124\">20.2<\/td>\n<\/tr>\n<tr style=\"height: 18.00pt;\">\n<td class=\"et3\" style=\"height: 18pt; width: 108.55pt; text-align: center;\" width=\"144\" height=\"24\">BSMJ0: 4-15-3<\/td>\n<td class=\"et3\" style=\"width: 94.5pt; text-align: center;\" width=\"126\">15<\/td>\n<td class=\"et3\" style=\"width: 95.3pt; text-align: center;\" width=\"127\">298<\/td>\n<td class=\"et3\" style=\"width: 93.4pt; text-align: center;\" width=\"124\">21.7<\/td>\n<\/tr>\n<tr style=\"height: 18.00pt;\">\n<td class=\"et3\" style=\"height: 18pt; width: 108.55pt; text-align: center;\" width=\"144\" height=\"24\">BSMJO.4-16-3<\/td>\n<td class=\"et3\" style=\"width: 94.5pt; text-align: center;\" width=\"126\">16<\/td>\n<td class=\"et3\" style=\"width: 95.3pt; text-align: center;\" width=\"127\">318<\/td>\n<td class=\"et3\" style=\"width: 93.4pt; text-align: center;\" width=\"124\">23.0<\/td>\n<\/tr>\n<tr style=\"height: 18.00pt;\">\n<td class=\"et3\" style=\"height: 18pt; width: 108.55pt; text-align: center;\" width=\"144\" height=\"24\">BSMJ0.4-18-3<\/td>\n<td class=\"et3\" style=\"width: 94.5pt; text-align: center;\" width=\"126\">18<\/td>\n<td class=\"et3\" style=\"width: 95.3pt; text-align: center;\" width=\"127\">358<\/td>\n<td class=\"et3\" style=\"width: 93.4pt; text-align: center;\" width=\"124\">26.3<\/td>\n<\/tr>\n<tr style=\"height: 17.00pt;\">\n<td class=\"et3\" style=\"height: 17pt; width: 108.55pt; text-align: center;\" width=\"144\" height=\"22\">BSMJ0.4-20-3<\/td>\n<td class=\"et3\" style=\"width: 94.5pt; text-align: center;\" width=\"126\">20<\/td>\n<td class=\"et3\" style=\"width: 95.3pt; text-align: center;\" width=\"127\">398<\/td>\n<td class=\"et3\" style=\"width: 93.4pt; text-align: center;\" width=\"124\">28.9<\/td>\n<\/tr>\n<tr style=\"height: 18.00pt;\">\n<td class=\"et3\" style=\"height: 18pt; width: 108.55pt; text-align: center;\" width=\"144\" height=\"24\">BSMJ0.4-25-3<\/td>\n<td class=\"et3\" style=\"width: 94.5pt; text-align: center;\" width=\"126\">25<\/td>\n<td class=\"et3\" style=\"width: 95.3pt; text-align: center;\" width=\"127\">498<\/td>\n<td class=\"et3\" style=\"width: 93.4pt; text-align: center;\" width=\"124\">36.0<\/td>\n<\/tr>\n<tr style=\"height: 18.00pt;\">\n<td class=\"et3\" style=\"height: 18pt; width: 108.55pt; text-align: center;\" width=\"144\" height=\"24\">BSMJ0.4-30-3<\/td>\n<td class=\"et3\" style=\"width: 94.5pt; text-align: center;\" width=\"126\">30<\/td>\n<td class=\"et3\" style=\"width: 95.3pt; text-align: center;\" width=\"127\">598<\/td>\n<td class=\"et3\" style=\"width: 93.4pt; text-align: center;\" width=\"124\">43.3<\/td>\n<\/tr>\n<tr style=\"height: 18.00pt;\">\n<td class=\"et3\" style=\"height: 18pt; width: 108.55pt; text-align: center;\" width=\"144\" height=\"24\">BSMJ0.4-40-3<\/td>\n<td class=\"et3\" style=\"width: 94.5pt; text-align: center;\" width=\"126\">40<\/td>\n<td class=\"et3\" style=\"width: 95.3pt; text-align: center;\" width=\"127\">796<\/td>\n<td class=\"et3\" style=\"width: 93.4pt; text-align: center;\" width=\"124\">57.7<\/td>\n<\/tr>\n<tr style=\"height: 18.00pt;\">\n<td class=\"et3\" style=\"height: 18pt; width: 108.55pt; text-align: center;\" width=\"144\" height=\"24\">BSMJ0, 4-50-3<\/td>\n<td class=\"et3\" style=\"width: 94.5pt; text-align: center;\" width=\"126\">50<\/td>\n<td class=\"et3\" style=\"width: 95.3pt; text-align: center;\" width=\"127\">995<\/td>\n<td class=\"et3\" style=\"width: 93.4pt; text-align: center;\" width=\"124\">72.2<\/td>\n<\/tr>\n<tr style=\"height: 18.00pt;\">\n<td class=\"et3\" style=\"height: 18pt; width: 108.55pt; text-align: center;\" width=\"144\" height=\"24\">BSMJ0.4-60-3<\/td>\n<td class=\"et3\" style=\"width: 94.5pt; text-align: center;\" width=\"126\">60<\/td>\n<td class=\"et3\" style=\"width: 95.3pt; text-align: center;\" width=\"127\">1194<\/td>\n<td class=\"et3\" style=\"width: 93.4pt; text-align: center;\" width=\"124\">86.6<\/td>\n<\/tr>\n<tr style=\"height: 18.00pt;\">\n<td class=\"et3\" style=\"height: 18pt; width: 108.55pt; text-align: center;\" width=\"144\" height=\"24\">BSMJ0.4-70-3<\/td>\n<td class=\"et3\" style=\"width: 94.5pt; text-align: center;\" width=\"126\">70<\/td>\n<td class=\"et3\" style=\"width: 95.3pt; text-align: center;\" width=\"127\">1393<\/td>\n<td class=\"et3\" style=\"width: 93.4pt; text-align: center;\" width=\"124\">101<\/td>\n<\/tr>\n<tr style=\"height: 17.00pt;\">\n<td class=\"et3\" style=\"height: 17pt; width: 108.55pt; text-align: center;\" width=\"144\" height=\"22\">BSMJ0.4-80-3<\/td>\n<td class=\"et3\" style=\"width: 94.5pt; text-align: center;\" width=\"126\">80<\/td>\n<td class=\"et3\" style=\"width: 95.3pt; text-align: center;\" width=\"127\">1592<\/td>\n<td class=\"et3\" style=\"width: 93.4pt; text-align: center;\" width=\"124\">115<\/td>\n<\/tr>\n<tr style=\"height: 18.00pt;\">\n<td class=\"et3\" style=\"height: 18pt; width: 108.55pt; text-align: center;\" width=\"144\" height=\"24\">BSMJ0.4-90-3<\/td>\n<td class=\"et3\" style=\"width: 94.5pt; text-align: center;\" width=\"126\">90<\/td>\n<td class=\"et3\" style=\"width: 95.3pt; text-align: center;\" width=\"127\">1790<\/td>\n<td class=\"et3\" style=\"width: 93.4pt; text-align: center;\" width=\"124\">130<\/td>\n<\/tr>\n<tr style=\"height: 18.00pt;\">\n<td class=\"et3\" style=\"height: 18pt; width: 108.55pt; text-align: center;\" width=\"144\" height=\"24\">BSMJ0.4-100-3<\/td>\n<td class=\"et3\" style=\"width: 94.5pt; text-align: center;\" width=\"126\">100<\/td>\n<td class=\"et3\" style=\"width: 95.3pt; text-align: center;\" width=\"127\">7989<\/td>\n<td class=\"et3\" style=\"width: 93.4pt; text-align: center;\" width=\"124\">144<\/td>\n<\/tr>\n<\/tbody>\n<\/table>","protected":false},"parent":0,"template":"","product_category":[36,114],"class_list":["post-3435","product","type-product","status-publish","hentry","product_category-electrical-accessories","product_category-capacitor"],"yoast_head":"<!-- This site is optimized with the Yoast SEO plugin v27.5 - https:\/\/yoast.com\/product\/yoast-seo-wordpress\/ -->\n<title>WholesaleBSMJ Power Capacitor - TOSUNlux Official Site - Electrical Circuit Breaker Manufacturer in China Low Voltage Electrical Supplier | TOSUNlux<\/title>\n<meta name=\"description\" content=\"BSMJ Power Capacitor Supplier - Wholesale direct from TOSUNlux, a trusted manufacturer since 1994. Get your B2B factory quote on our certified Low Voltage electrical products.\" \/>\n<meta name=\"robots\" content=\"index, follow, max-snippet:-1, max-image-preview:large, max-video-preview:-1\" \/>\n<link rel=\"canonical\" href=\"https:\/\/www.tosunlux.eu\/pl\/products\/bsmj-power-capacitor-2\/\" \/>\n<meta property=\"og:locale\" content=\"pl_PL\" \/>\n<meta property=\"og:type\" content=\"article\" \/>\n<meta property=\"og:title\" content=\"WholesaleBSMJ Power Capacitor - TOSUNlux Official Site - Electrical Circuit Breaker Manufacturer in China Low Voltage Electrical Supplier | TOSUNlux\" \/>\n<meta property=\"og:description\" content=\"BSMJ Power Capacitor Supplier - Wholesale direct from TOSUNlux, a trusted manufacturer since 1994. Get your B2B factory quote on our certified Low Voltage electrical products.\" \/>\n<meta property=\"og:url\" content=\"https:\/\/www.tosunlux.eu\/pl\/products\/bsmj-power-capacitor-2\/\" \/>\n<meta property=\"og:site_name\" content=\"TOSUNlux Official Site - Electrical Circuit Breaker Manufacturer in China\" \/>\n<meta property=\"article:publisher\" content=\"https:\/\/www.facebook.com\/TOSUNelectric\/\" \/>\n<meta property=\"article:modified_time\" content=\"2022-06-01T06:15:49+00:00\" \/>\n<meta property=\"og:image\" content=\"https:\/\/www.tosunlux.eu\/wp-content\/uploads\/2023\/04\/DSC08160_\u526f\u672c.jpg\" \/>\n\t<meta property=\"og:image:width\" content=\"1500\" \/>\n\t<meta property=\"og:image:height\" content=\"940\" \/>\n\t<meta property=\"og:image:type\" content=\"image\/jpeg\" \/>\n<meta name=\"twitter:card\" content=\"summary_large_image\" \/>\n<meta name=\"twitter:label1\" content=\"Szacowany czas czytania\" \/>\n\t<meta name=\"twitter:data1\" content=\"1 minuta\" \/>\n<script type=\"application\/ld+json\" class=\"yoast-schema-graph\">{\"@context\":\"https:\\\/\\\/schema.org\",\"@graph\":[{\"@type\":\"WebPage\",\"@id\":\"https:\\\/\\\/www.tosunlux.eu\\\/ru\\\/products\\\/bsmj-power-capacitor-2\\\/\",\"url\":\"https:\\\/\\\/www.tosunlux.eu\\\/ru\\\/products\\\/bsmj-power-capacitor-2\\\/\",\"name\":\"WholesaleBSMJ Power Capacitor - TOSUNlux Official Site - Electrical Circuit Breaker Manufacturer in China Low Voltage Electrical Supplier | TOSUNlux\",\"isPartOf\":{\"@id\":\"https:\\\/\\\/www.tosunlux.eu\\\/ru\\\/#website\"},\"datePublished\":\"2022-06-01T05:43:41+00:00\",\"dateModified\":\"2022-06-01T06:15:49+00:00\",\"description\":\"BSMJ Power Capacitor Supplier - Wholesale direct from TOSUNlux, a trusted manufacturer since 1994. Get your B2B factory quote on our certified Low Voltage electrical products.\",\"breadcrumb\":{\"@id\":\"https:\\\/\\\/www.tosunlux.eu\\\/ru\\\/products\\\/bsmj-power-capacitor-2\\\/#breadcrumb\"},\"inLanguage\":\"pl-PL\",\"potentialAction\":[{\"@type\":\"ReadAction\",\"target\":[\"https:\\\/\\\/www.tosunlux.eu\\\/ru\\\/products\\\/bsmj-power-capacitor-2\\\/\"]}]},{\"@type\":\"BreadcrumbList\",\"@id\":\"https:\\\/\\\/www.tosunlux.eu\\\/ru\\\/products\\\/bsmj-power-capacitor-2\\\/#breadcrumb\",\"itemListElement\":[{\"@type\":\"ListItem\",\"position\":1,\"name\":\"Home\",\"item\":\"https:\\\/\\\/www.tosunlux.eu\\\/ru\\\/\"},{\"@type\":\"ListItem\",\"position\":2,\"name\":\"Products\",\"item\":\"https:\\\/\\\/www.tosunlux.eu\\\/products\\\/\"},{\"@type\":\"ListItem\",\"position\":3,\"name\":\"BSMJ Power Capacitor\"}]},{\"@type\":\"WebSite\",\"@id\":\"https:\\\/\\\/www.tosunlux.eu\\\/ru\\\/#website\",\"url\":\"https:\\\/\\\/www.tosunlux.eu\\\/ru\\\/\",\"name\":\"TOSUNlux Official Site - Electrical Circuit Breaker Manufacturer in China\",\"description\":\"Power Distribution System Supplier\",\"publisher\":{\"@id\":\"https:\\\/\\\/www.tosunlux.eu\\\/ru\\\/#organization\"},\"alternateName\":\"TOSUNlux\",\"potentialAction\":[{\"@type\":\"SearchAction\",\"target\":{\"@type\":\"EntryPoint\",\"urlTemplate\":\"https:\\\/\\\/www.tosunlux.eu\\\/ru\\\/?s={search_term_string}\"},\"query-input\":{\"@type\":\"PropertyValueSpecification\",\"valueRequired\":true,\"valueName\":\"search_term_string\"}}],\"inLanguage\":\"pl-PL\"},{\"@type\":\"Organization\",\"@id\":\"https:\\\/\\\/www.tosunlux.eu\\\/ru\\\/#organization\",\"name\":\"TOSUNlux\",\"url\":\"https:\\\/\\\/www.tosunlux.eu\\\/ru\\\/\",\"logo\":{\"@type\":\"ImageObject\",\"inLanguage\":\"pl-PL\",\"@id\":\"https:\\\/\\\/www.tosunlux.eu\\\/ru\\\/#\\\/schema\\\/logo\\\/image\\\/\",\"url\":\"https:\\\/\\\/www.tosunlux.eu\\\/wp-content\\\/uploads\\\/2022\\\/01\\\/LOGOSYSM.71762f1.png\",\"contentUrl\":\"https:\\\/\\\/www.tosunlux.eu\\\/wp-content\\\/uploads\\\/2022\\\/01\\\/LOGOSYSM.71762f1.png\",\"width\":153,\"height\":55,\"caption\":\"TOSUNlux\"},\"image\":{\"@id\":\"https:\\\/\\\/www.tosunlux.eu\\\/ru\\\/#\\\/schema\\\/logo\\\/image\\\/\"},\"sameAs\":[\"https:\\\/\\\/www.facebook.com\\\/TOSUNelectric\\\/\",\"https:\\\/\\\/www.linkedin.com\\\/company\\\/wenzhou-tosun-electric-co.-ltd\\\/\"]}]}<\/script>\n<!-- \/ Yoast SEO plugin. -->","yoast_head_json":{"title":"WholesaleBSMJ Power Capacitor - TOSUNlux Official Site - Electrical Circuit Breaker Manufacturer in China Low Voltage Electrical Supplier | TOSUNlux","description":"BSMJ Power Capacitor Supplier - Wholesale direct from TOSUNlux, a trusted manufacturer since 1994. Get your B2B factory quote on our certified Low Voltage electrical products.","robots":{"index":"index","follow":"follow","max-snippet":"max-snippet:-1","max-image-preview":"max-image-preview:large","max-video-preview":"max-video-preview:-1"},"canonical":"https:\/\/www.tosunlux.eu\/pl\/products\/bsmj-power-capacitor-2\/","og_locale":"pl_PL","og_type":"article","og_title":"WholesaleBSMJ Power Capacitor - TOSUNlux Official Site - Electrical Circuit Breaker Manufacturer in China Low Voltage Electrical Supplier | TOSUNlux","og_description":"BSMJ Power Capacitor Supplier - Wholesale direct from TOSUNlux, a trusted manufacturer since 1994. Get your B2B factory quote on our certified Low Voltage electrical products.","og_url":"https:\/\/www.tosunlux.eu\/pl\/products\/bsmj-power-capacitor-2\/","og_site_name":"TOSUNlux Official Site - Electrical Circuit Breaker Manufacturer in China","article_publisher":"https:\/\/www.facebook.com\/TOSUNelectric\/","article_modified_time":"2022-06-01T06:15:49+00:00","og_image":[{"width":1500,"height":940,"url":"https:\/\/www.tosunlux.eu\/wp-content\/uploads\/2023\/04\/DSC08160_\u526f\u672c.jpg","type":"image\/jpeg"}],"twitter_card":"summary_large_image","twitter_misc":{"Szacowany czas czytania":"1 minuta"},"schema":{"@context":"https:\/\/schema.org","@graph":[{"@type":"WebPage","@id":"https:\/\/www.tosunlux.eu\/ru\/products\/bsmj-power-capacitor-2\/","url":"https:\/\/www.tosunlux.eu\/ru\/products\/bsmj-power-capacitor-2\/","name":"WholesaleBSMJ Power Capacitor - TOSUNlux Official Site - Electrical Circuit Breaker Manufacturer in China Low Voltage Electrical Supplier | TOSUNlux","isPartOf":{"@id":"https:\/\/www.tosunlux.eu\/ru\/#website"},"datePublished":"2022-06-01T05:43:41+00:00","dateModified":"2022-06-01T06:15:49+00:00","description":"BSMJ Power Capacitor Supplier - Wholesale direct from TOSUNlux, a trusted manufacturer since 1994. Get your B2B factory quote on our certified Low Voltage electrical products.","breadcrumb":{"@id":"https:\/\/www.tosunlux.eu\/ru\/products\/bsmj-power-capacitor-2\/#breadcrumb"},"inLanguage":"pl-PL","potentialAction":[{"@type":"ReadAction","target":["https:\/\/www.tosunlux.eu\/ru\/products\/bsmj-power-capacitor-2\/"]}]},{"@type":"BreadcrumbList","@id":"https:\/\/www.tosunlux.eu\/ru\/products\/bsmj-power-capacitor-2\/#breadcrumb","itemListElement":[{"@type":"ListItem","position":1,"name":"Home","item":"https:\/\/www.tosunlux.eu\/ru\/"},{"@type":"ListItem","position":2,"name":"Products","item":"https:\/\/www.tosunlux.eu\/products\/"},{"@type":"ListItem","position":3,"name":"BSMJ Power Capacitor"}]},{"@type":"WebSite","@id":"https:\/\/www.tosunlux.eu\/ru\/#website","url":"https:\/\/www.tosunlux.eu\/ru\/","name":"Oficjalna strona TOSUNlux - Producent wy\u0142\u0105cznik\u00f3w elektrycznych w Chinach","description":"Dostawca system\u00f3w dystrybucji energii","publisher":{"@id":"https:\/\/www.tosunlux.eu\/ru\/#organization"},"alternateName":"TOSUNlux","potentialAction":[{"@type":"SearchAction","target":{"@type":"EntryPoint","urlTemplate":"https:\/\/www.tosunlux.eu\/ru\/?s={search_term_string}"},"query-input":{"@type":"PropertyValueSpecification","valueRequired":true,"valueName":"search_term_string"}}],"inLanguage":"pl-PL"},{"@type":"Organization","@id":"https:\/\/www.tosunlux.eu\/ru\/#organization","name":"TOSUNlux","url":"https:\/\/www.tosunlux.eu\/ru\/","logo":{"@type":"ImageObject","inLanguage":"pl-PL","@id":"https:\/\/www.tosunlux.eu\/ru\/#\/schema\/logo\/image\/","url":"https:\/\/www.tosunlux.eu\/wp-content\/uploads\/2022\/01\/LOGOSYSM.71762f1.png","contentUrl":"https:\/\/www.tosunlux.eu\/wp-content\/uploads\/2022\/01\/LOGOSYSM.71762f1.png","width":153,"height":55,"caption":"TOSUNlux"},"image":{"@id":"https:\/\/www.tosunlux.eu\/ru\/#\/schema\/logo\/image\/"},"sameAs":["https:\/\/www.facebook.com\/TOSUNelectric\/","https:\/\/www.linkedin.com\/company\/wenzhou-tosun-electric-co.-ltd\/"]}]}},"_links":{"self":[{"href":"https:\/\/www.tosunlux.eu\/pl\/wp-json\/wp\/v2\/product\/3435","targetHints":{"allow":["GET"]}}],"collection":[{"href":"https:\/\/www.tosunlux.eu\/pl\/wp-json\/wp\/v2\/product"}],"about":[{"href":"https:\/\/www.tosunlux.eu\/pl\/wp-json\/wp\/v2\/types\/product"}],"version-history":[{"count":0,"href":"https:\/\/www.tosunlux.eu\/pl\/wp-json\/wp\/v2\/product\/3435\/revisions"}],"wp:attachment":[{"href":"https:\/\/www.tosunlux.eu\/pl\/wp-json\/wp\/v2\/media?parent=3435"}],"wp:term":[{"taxonomy":"product_category","embeddable":true,"href":"https:\/\/www.tosunlux.eu\/pl\/wp-json\/wp\/v2\/product_category?post=3435"}],"curies":[{"name":"wp","href":"https:\/\/api.w.org\/{rel}","templated":true}]}}