{"id":3475,"date":"2022-06-07T17:15:57","date_gmt":"2022-06-07T09:15:57","guid":{"rendered":"https:\/\/www.tosunlux.eu\/?post_type=product&#038;p=3475"},"modified":"2022-06-08T10:39:10","modified_gmt":"2022-06-08T02:39:10","slug":"pv-combiner-box","status":"publish","type":"product","link":"https:\/\/www.tosunlux.eu\/pl\/products\/pv-combiner-box\/","title":{"rendered":"Skrzynka przy\u0142\u0105czeniowa PV"},"content":{"rendered":"<p><strong>Opis<\/strong><\/p>\n\n\n\n<div class=\"wp-block-group\"><div class=\"wp-block-group__inner-container is-layout-flow wp-block-group-is-layout-flow\">\n<ul class=\"wp-block-list\"><li>Wysoka niezawodno\u015b\u0107<\/li><\/ul>\n\n\n\n<p>  Z zabezpieczeniem przeciwprzepi\u0119ciowym DC<\/p>\n\n\n\n<p>Z bezpiecznikiem DC<\/p>\n\n\n\n<p>  Z wy\u0142\u0105cznikiem obwodu pr\u0105du sta\u0142ego lub wy\u0142\u0105cznikiem izoluj\u0105cym obci\u0105\u017cenie pr\u0105du sta\u0142ego.<\/p>\n<\/div><\/div>\n\n\n\n<ul class=\"wp-block-list\"><li>Du\u017ca zdolno\u015b\u0107 adaptacji<\/li><\/ul>\n\n\n\n<p>            Konstrukcja IP65, wodoodporno\u015b\u0107, ochrona przed kurzem i promieniowaniem ultrafioletowym.<\/p>\n\n\n\n<p>           Surowy test wysokiej i niskiej temperatury, szeroko stosowany.<\/p>\n\n\n\n<p>           Prosta instalacja, uproszczone okablowanie systemu, wygodne okablowanie.<\/p>\n\n\n\n<p>           Nadwozie skrzyniowe wykonane jest ze stali walcowanej na zimno oraz innych materia\u0142\u00f3w metalowych.<\/p>\n\n\n\n<p class=\"has-text-align-left\">           Elastyczna konfiguracja<\/p>\n\n\n\n<ul class=\"wp-block-list\"><li>Stosowany do modu\u0142\u00f3w solarnych z krzemu monokrystalicznego, modu\u0142\u00f3w solarnych z krzemu polikrystalicznego, modu\u0142\u00f3w solarnych cienkowarstwowych. Pr\u0105d znamionowy bezpiecznika fotowoltaicznego, wy\u0142\u0105cznika obwodu, wy\u0142\u0105cznika obci\u0105\u017cenia jest modyfikowany<\/li><\/ul>\n\n\n<p><strong>Specyfikacja<\/strong><\/p>\n<table width=\"1364\">\n<tbody>\n<tr>\n<td style=\"text-align: center;\" colspan=\"3\" width=\"361\">Model<\/td>\n<td style=\"text-align: center;\" width=\"125\">\u00a0\u00a0\u00a0\u00a0\u00a0 TS-PV01<\/td>\n<td style=\"text-align: center;\" width=\"124\">\u00a0\u00a0\u00a0\u00a0\u00a0 TS-PV02<\/td>\n<td style=\"text-align: center;\" width=\"125\">\u00a0\u00a0\u00a0\u00a0\u00a0 TS-PV03<\/td>\n<td style=\"text-align: center;\" width=\"128\">TS-PV06<\/td>\n<td style=\"text-align: center;\" width=\"125\">TS-PV08<\/td>\n<td style=\"text-align: center;\" width=\"125\">TS-PV10<\/td>\n<td width=\"124\">TS-PV12<\/td>\n<td width=\"122\">TS-PV16<\/td>\n<\/tr>\n<tr>\n<td style=\"text-align: center;\" colspan=\"11\" width=\"1364\">Parametr elektryczny<\/td>\n<\/tr>\n<tr>\n<td style=\"text-align: center;\" colspan=\"3\" width=\"361\">Maksymalne napi\u0119cie DC systemu<\/td>\n<td style=\"text-align: center;\" colspan=\"3\" width=\"376\">550\/1000 V<\/td>\n<td style=\"text-align: center;\" colspan=\"5\" width=\"626\">1000 V<\/td>\n<\/tr>\n<tr>\n<td style=\"text-align: center;\" colspan=\"3\" width=\"361\">Maksymalny pr\u0105d wej\u015bciowy dla ka\u017cdego ci\u0105gu<\/td>\n<td style=\"text-align: center;\" colspan=\"8\" width=\"1003\">15A<\/td>\n<\/tr>\n<tr>\n<td style=\"text-align: center;\" colspan=\"3\" width=\"361\">Maksymalna liczba ci\u0105g\u00f3w wej\u015bciowych<\/td>\n<td style=\"text-align: center;\" width=\"125\">1<\/td>\n<td style=\"text-align: center;\" width=\"124\">2<\/td>\n<td style=\"text-align: center;\" width=\"125\">4<\/td>\n<td style=\"text-align: center;\" width=\"128\">6<\/td>\n<td style=\"text-align: center;\">8<\/td>\n<td style=\"text-align: center;\">10<\/td>\n<td style=\"text-align: center;\">12<\/td>\n<td style=\"text-align: center;\">16<\/td>\n<\/tr>\n<tr>\n<td style=\"text-align: center;\" colspan=\"3\" width=\"361\">Maksymalny pr\u0105d prze\u0142\u0105czania wyj\u015bciowego<\/td>\n<td style=\"text-align: center;\" width=\"125\">16A\/20A<\/td>\n<td style=\"text-align: center;\" width=\"124\">20A\/32A<\/td>\n<td style=\"text-align: center;\" width=\"125\">50A\/63A<\/td>\n<td style=\"text-align: center;\" width=\"128\">100A<\/td>\n<td style=\"text-align: center;\">\u00a0\u00a0\u00a0\u00a0\u00a0\u00a0\u00a0\u00a0\u00a0\u00a0\u00a0\u00a0 125A<\/td>\n<td style=\"text-align: center;\">\u00a0\u00a0\u00a0\u00a0\u00a0\u00a0\u00a0\u00a0\u00a0\u00a0\u00a0\u00a0\u00a0 160A<\/td>\n<td style=\"text-align: center;\">\u00a0\u00a0\u00a0\u00a0\u00a0\u00a0\u00a0\u00a0\u00a0\u00a0\u00a0\u00a0 160A<\/td>\n<td style=\"text-align: center;\">\u00a0\u00a0\u00a0\u00a0\u00a0\u00a0\u00a0\u00a0\u00a0\u00a0\u00a0\u00a0\u00a0 200A<\/td>\n<\/tr>\n<tr>\n<td style=\"text-align: center;\" colspan=\"11\" width=\"1364\">Ochrona przed piorunami<\/td>\n<\/tr>\n<tr>\n<td style=\"text-align: center;\" colspan=\"3\" width=\"361\">Kategoria testu<\/td>\n<td style=\"text-align: center;\" colspan=\"8\" width=\"1003\">Ochrona II stopnia<\/td>\n<\/tr>\n<tr>\n<td style=\"text-align: center;\" colspan=\"3\" width=\"361\">Pr\u0105d roz\u0142adowania znamionowy<\/td>\n<td style=\"text-align: center;\" colspan=\"8\" width=\"1003\">20KA<\/td>\n<\/tr>\n<tr>\n<td style=\"text-align: center;\" colspan=\"3\" width=\"361\">Maksymalny pr\u0105d roz\u0142adowania<\/td>\n<td style=\"text-align: center;\" colspan=\"8\" width=\"1003\">40KA<\/td>\n<\/tr>\n<tr>\n<td style=\"text-align: center;\" colspan=\"3\" width=\"361\">Poziom ochrony napi\u0119ciowej<\/td>\n<td style=\"text-align: center;\" colspan=\"3\" width=\"376\">2,8 kV\/3,8 kV<\/td>\n<td style=\"text-align: center;\" colspan=\"5\" width=\"626\">3,8 kV<\/td>\n<\/tr>\n<tr>\n<td style=\"text-align: center;\" colspan=\"3\" width=\"361\">Maksymalne napi\u0119cie pracy ci\u0105g\u0142ej Uc<\/td>\n<td style=\"text-align: center;\" colspan=\"3\" width=\"376\">630KV\/1050KV<\/td>\n<td style=\"text-align: center;\" colspan=\"5\" width=\"626\">1050 kV<\/td>\n<\/tr>\n<tr>\n<td style=\"text-align: center;\" colspan=\"3\" width=\"361\">Polacy<\/td>\n<td style=\"text-align: center;\" colspan=\"3\" width=\"376\">2P\/3P<\/td>\n<td style=\"text-align: center;\" colspan=\"5\" width=\"626\">3P<\/td>\n<\/tr>\n<tr>\n<td style=\"text-align: center;\" colspan=\"3\" width=\"361\">Charakterystyka struktury<\/td>\n<td style=\"text-align: center;\" colspan=\"8\" width=\"1003\">Modu\u0142 wtykowy<\/td>\n<\/tr>\n<tr>\n<td style=\"text-align: center;\" colspan=\"11\" width=\"1364\">System<\/td>\n<\/tr>\n<tr>\n<td style=\"text-align: center;\" colspan=\"3\" width=\"361\">Stopie\u0144 ochrony<\/td>\n<td style=\"text-align: center;\" colspan=\"8\" width=\"1003\">IP65<\/td>\n<\/tr>\n<tr>\n<td style=\"text-align: center;\" colspan=\"3\" width=\"361\">Urz\u0105dzenie wyj\u015bciowe<\/td>\n<td style=\"text-align: center;\" colspan=\"4\" width=\"504\">Wy\u0142\u0105cznik obwodu DC (standard)\/Wy\u0142\u0105cznik izolacyjny DC (opcjonalnie)<\/td>\n<td style=\"text-align: center;\" colspan=\"4\">Wy\u0142\u0105cznik obwodu pr\u0105du sta\u0142ego<\/td>\n<\/tr>\n<tr>\n<td style=\"text-align: center;\" colspan=\"3\" width=\"361\">Z\u0142\u0105cza wodoodporne<\/td>\n<td style=\"text-align: center;\" colspan=\"8\" width=\"1003\">Standard<\/td>\n<\/tr>\n<tr>\n<td style=\"text-align: center;\" colspan=\"3\" width=\"361\">Bezpiecznik pr\u0105du sta\u0142ego PV<\/td>\n<td style=\"text-align: center;\" colspan=\"8\" width=\"1003\">Standard<\/td>\n<\/tr>\n<tr>\n<td style=\"text-align: center;\" colspan=\"3\" width=\"361\">Ogranicznik przepi\u0119\u0107 PV<\/td>\n<td style=\"text-align: center;\" colspan=\"8\" width=\"1003\">Standard<\/td>\n<\/tr>\n<tr>\n<td style=\"text-align: center;\" colspan=\"3\" width=\"361\">Zapobieganie diodzie<\/td>\n<td style=\"text-align: center;\" colspan=\"4\" width=\"504\">\u2014<\/td>\n<td style=\"text-align: center;\" colspan=\"4\">Fakultatywny<\/td>\n<\/tr>\n<tr>\n<td style=\"text-align: center;\" colspan=\"3\" width=\"361\">Materia\u0142 pude\u0142ka<\/td>\n<td style=\"text-align: center;\" colspan=\"4\" width=\"504\">ABS+PC<\/td>\n<td style=\"text-align: center;\" colspan=\"4\">Metal<\/td>\n<\/tr>\n<tr>\n<td style=\"text-align: center;\" colspan=\"3\" width=\"361\">Metoda instalacji<\/td>\n<td style=\"text-align: center;\" colspan=\"8\" width=\"1003\">Typ monta\u017cu na \u015bcianie<\/td>\n<\/tr>\n<tr>\n<td style=\"text-align: center;\" colspan=\"3\" width=\"361\">Temperatura pracy<\/td>\n<td style=\"text-align: center;\" colspan=\"8\" width=\"1003\">-25\u00b0C~+55\u00b0C<\/td>\n<\/tr>\n<tr>\n<td style=\"text-align: center;\" colspan=\"3\" width=\"361\">Podwy\u017cszenie temperatury<\/td>\n<td style=\"text-align: center;\" colspan=\"8\" width=\"1003\">2000 mln<\/td>\n<\/tr>\n<tr>\n<td style=\"text-align: center;\" colspan=\"3\" width=\"361\">Dopuszczalna wilgotno\u015b\u0107 wzgl\u0119dna<\/td>\n<td style=\"text-align: center;\" colspan=\"8\" width=\"1003\">0-95%, bez kondensacji<\/td>\n<\/tr>\n<\/tbody>\n<\/table>","protected":false},"parent":0,"template":"","product_category":[116],"class_list":["post-3475","product","type-product","status-publish","hentry","product_category-solar-combiner-box"],"yoast_head":"<!-- This site is optimized with the Yoast SEO plugin v27.5 - https:\/\/yoast.com\/product\/yoast-seo-wordpress\/ -->\n<title>WholesalePV Combiner Box - TOSUNlux Official Site - Electrical Circuit Breaker Manufacturer in China Low Voltage Electrical Supplier | TOSUNlux<\/title>\n<meta name=\"description\" content=\"PV Combiner Box Supplier - Wholesale direct from TOSUNlux, a trusted manufacturer since 1994. Get your B2B factory quote on our certified Low Voltage electrical products.\" \/>\n<meta name=\"robots\" content=\"index, follow, max-snippet:-1, max-image-preview:large, max-video-preview:-1\" \/>\n<link rel=\"canonical\" href=\"https:\/\/www.tosunlux.eu\/pl\/products\/pv-combiner-box\/\" \/>\n<meta property=\"og:locale\" content=\"pl_PL\" \/>\n<meta property=\"og:type\" content=\"article\" \/>\n<meta property=\"og:title\" content=\"WholesalePV Combiner Box - TOSUNlux Official Site - Electrical Circuit Breaker Manufacturer in China Low Voltage Electrical Supplier | TOSUNlux\" \/>\n<meta property=\"og:description\" content=\"PV Combiner Box Supplier - Wholesale direct from TOSUNlux, a trusted manufacturer since 1994. Get your B2B factory quote on our certified Low Voltage electrical products.\" \/>\n<meta property=\"og:url\" content=\"https:\/\/www.tosunlux.eu\/pl\/products\/pv-combiner-box\/\" \/>\n<meta property=\"og:site_name\" content=\"TOSUNlux Official Site - Electrical Circuit Breaker Manufacturer in China\" \/>\n<meta property=\"article:publisher\" content=\"https:\/\/www.facebook.com\/TOSUNelectric\/\" \/>\n<meta property=\"article:modified_time\" content=\"2022-06-08T02:39:10+00:00\" \/>\n<meta property=\"og:image\" content=\"https:\/\/www.tosunlux.eu\/wp-content\/uploads\/2023\/04\/DSC08160_\u526f\u672c.jpg\" \/>\n\t<meta property=\"og:image:width\" content=\"1500\" \/>\n\t<meta property=\"og:image:height\" content=\"940\" \/>\n\t<meta property=\"og:image:type\" content=\"image\/jpeg\" \/>\n<meta name=\"twitter:card\" content=\"summary_large_image\" \/>\n<meta name=\"twitter:label1\" content=\"Szacowany czas czytania\" \/>\n\t<meta name=\"twitter:data1\" content=\"1 minuta\" \/>\n<script type=\"application\/ld+json\" class=\"yoast-schema-graph\">{\"@context\":\"https:\\\/\\\/schema.org\",\"@graph\":[{\"@type\":\"WebPage\",\"@id\":\"https:\\\/\\\/www.tosunlux.eu\\\/ur\\\/products\\\/pv-combiner-box\\\/\",\"url\":\"https:\\\/\\\/www.tosunlux.eu\\\/ur\\\/products\\\/pv-combiner-box\\\/\",\"name\":\"WholesalePV Combiner Box - TOSUNlux Official Site - Electrical Circuit Breaker Manufacturer in China Low Voltage Electrical Supplier | TOSUNlux\",\"isPartOf\":{\"@id\":\"https:\\\/\\\/www.tosunlux.eu\\\/ru\\\/#website\"},\"datePublished\":\"2022-06-07T09:15:57+00:00\",\"dateModified\":\"2022-06-08T02:39:10+00:00\",\"description\":\"PV Combiner Box Supplier - Wholesale direct from TOSUNlux, a trusted manufacturer since 1994. Get your B2B factory quote on our certified Low Voltage electrical products.\",\"breadcrumb\":{\"@id\":\"https:\\\/\\\/www.tosunlux.eu\\\/ur\\\/products\\\/pv-combiner-box\\\/#breadcrumb\"},\"inLanguage\":\"pl-PL\",\"potentialAction\":[{\"@type\":\"ReadAction\",\"target\":[\"https:\\\/\\\/www.tosunlux.eu\\\/ur\\\/products\\\/pv-combiner-box\\\/\"]}]},{\"@type\":\"BreadcrumbList\",\"@id\":\"https:\\\/\\\/www.tosunlux.eu\\\/ur\\\/products\\\/pv-combiner-box\\\/#breadcrumb\",\"itemListElement\":[{\"@type\":\"ListItem\",\"position\":1,\"name\":\"Home\",\"item\":\"https:\\\/\\\/www.tosunlux.eu\\\/ru\\\/\"},{\"@type\":\"ListItem\",\"position\":2,\"name\":\"Products\",\"item\":\"https:\\\/\\\/www.tosunlux.eu\\\/products\\\/\"},{\"@type\":\"ListItem\",\"position\":3,\"name\":\"PV Combiner Box\"}]},{\"@type\":\"WebSite\",\"@id\":\"https:\\\/\\\/www.tosunlux.eu\\\/ru\\\/#website\",\"url\":\"https:\\\/\\\/www.tosunlux.eu\\\/ru\\\/\",\"name\":\"TOSUNlux Official Site - Electrical Circuit Breaker Manufacturer in China\",\"description\":\"Power Distribution System Supplier\",\"publisher\":{\"@id\":\"https:\\\/\\\/www.tosunlux.eu\\\/ru\\\/#organization\"},\"alternateName\":\"TOSUNlux\",\"potentialAction\":[{\"@type\":\"SearchAction\",\"target\":{\"@type\":\"EntryPoint\",\"urlTemplate\":\"https:\\\/\\\/www.tosunlux.eu\\\/ru\\\/?s={search_term_string}\"},\"query-input\":{\"@type\":\"PropertyValueSpecification\",\"valueRequired\":true,\"valueName\":\"search_term_string\"}}],\"inLanguage\":\"pl-PL\"},{\"@type\":\"Organization\",\"@id\":\"https:\\\/\\\/www.tosunlux.eu\\\/ru\\\/#organization\",\"name\":\"TOSUNlux\",\"url\":\"https:\\\/\\\/www.tosunlux.eu\\\/ru\\\/\",\"logo\":{\"@type\":\"ImageObject\",\"inLanguage\":\"pl-PL\",\"@id\":\"https:\\\/\\\/www.tosunlux.eu\\\/ru\\\/#\\\/schema\\\/logo\\\/image\\\/\",\"url\":\"https:\\\/\\\/www.tosunlux.eu\\\/wp-content\\\/uploads\\\/2022\\\/01\\\/LOGOSYSM.71762f1.png\",\"contentUrl\":\"https:\\\/\\\/www.tosunlux.eu\\\/wp-content\\\/uploads\\\/2022\\\/01\\\/LOGOSYSM.71762f1.png\",\"width\":153,\"height\":55,\"caption\":\"TOSUNlux\"},\"image\":{\"@id\":\"https:\\\/\\\/www.tosunlux.eu\\\/ru\\\/#\\\/schema\\\/logo\\\/image\\\/\"},\"sameAs\":[\"https:\\\/\\\/www.facebook.com\\\/TOSUNelectric\\\/\",\"https:\\\/\\\/www.linkedin.com\\\/company\\\/wenzhou-tosun-electric-co.-ltd\\\/\"]}]}<\/script>\n<!-- \/ Yoast SEO plugin. -->","yoast_head_json":{"title":"Hurtowa skrzynka rozdzielcza fotowoltaiczna - Oficjalna strona TOSUNlux - Producent wy\u0142\u0105cznik\u00f3w obwodowych w Chinach Dostawca urz\u0105dze\u0144 elektrycznych niskiego napi\u0119cia | TOSUNlux","description":"Dostawca skrzynek rozdzielczych fotowoltaicznych - sprzeda\u017c hurtowa bezpo\u015brednio od TOSUNlux, zaufanego producenta od 1994 roku. Uzyskaj wycen\u0119 fabryczn\u0105 B2B na nasze certyfikowane produkty elektryczne niskiego napi\u0119cia.","robots":{"index":"index","follow":"follow","max-snippet":"max-snippet:-1","max-image-preview":"max-image-preview:large","max-video-preview":"max-video-preview:-1"},"canonical":"https:\/\/www.tosunlux.eu\/pl\/products\/pv-combiner-box\/","og_locale":"pl_PL","og_type":"article","og_title":"WholesalePV Combiner Box - TOSUNlux Official Site - Electrical Circuit Breaker Manufacturer in China Low Voltage Electrical Supplier | TOSUNlux","og_description":"PV Combiner Box Supplier - Wholesale direct from TOSUNlux, a trusted manufacturer since 1994. Get your B2B factory quote on our certified Low Voltage electrical products.","og_url":"https:\/\/www.tosunlux.eu\/pl\/products\/pv-combiner-box\/","og_site_name":"TOSUNlux Official Site - Electrical Circuit Breaker Manufacturer in China","article_publisher":"https:\/\/www.facebook.com\/TOSUNelectric\/","article_modified_time":"2022-06-08T02:39:10+00:00","og_image":[{"width":1500,"height":940,"url":"https:\/\/www.tosunlux.eu\/wp-content\/uploads\/2023\/04\/DSC08160_\u526f\u672c.jpg","type":"image\/jpeg"}],"twitter_card":"summary_large_image","twitter_misc":{"Szacowany czas czytania":"1 minuta"},"schema":{"@context":"https:\/\/schema.org","@graph":[{"@type":"WebPage","@id":"https:\/\/www.tosunlux.eu\/ur\/products\/pv-combiner-box\/","url":"https:\/\/www.tosunlux.eu\/ur\/products\/pv-combiner-box\/","name":"Hurtowa skrzynka rozdzielcza fotowoltaiczna - Oficjalna strona TOSUNlux - Producent wy\u0142\u0105cznik\u00f3w obwodowych w Chinach Dostawca urz\u0105dze\u0144 elektrycznych niskiego napi\u0119cia | TOSUNlux","isPartOf":{"@id":"https:\/\/www.tosunlux.eu\/ru\/#website"},"datePublished":"2022-06-07T09:15:57+00:00","dateModified":"2022-06-08T02:39:10+00:00","description":"Dostawca skrzynek rozdzielczych fotowoltaicznych - sprzeda\u017c hurtowa bezpo\u015brednio od TOSUNlux, zaufanego producenta od 1994 roku. Uzyskaj wycen\u0119 fabryczn\u0105 B2B na nasze certyfikowane produkty elektryczne niskiego napi\u0119cia.","breadcrumb":{"@id":"https:\/\/www.tosunlux.eu\/ur\/products\/pv-combiner-box\/#breadcrumb"},"inLanguage":"pl-PL","potentialAction":[{"@type":"ReadAction","target":["https:\/\/www.tosunlux.eu\/ur\/products\/pv-combiner-box\/"]}]},{"@type":"BreadcrumbList","@id":"https:\/\/www.tosunlux.eu\/ur\/products\/pv-combiner-box\/#breadcrumb","itemListElement":[{"@type":"ListItem","position":1,"name":"Home","item":"https:\/\/www.tosunlux.eu\/ru\/"},{"@type":"ListItem","position":2,"name":"Products","item":"https:\/\/www.tosunlux.eu\/products\/"},{"@type":"ListItem","position":3,"name":"PV Combiner Box"}]},{"@type":"WebSite","@id":"https:\/\/www.tosunlux.eu\/ru\/#website","url":"https:\/\/www.tosunlux.eu\/ru\/","name":"Oficjalna strona TOSUNlux - Producent wy\u0142\u0105cznik\u00f3w elektrycznych w Chinach","description":"Dostawca system\u00f3w dystrybucji energii","publisher":{"@id":"https:\/\/www.tosunlux.eu\/ru\/#organization"},"alternateName":"TOSUNlux","potentialAction":[{"@type":"SearchAction","target":{"@type":"EntryPoint","urlTemplate":"https:\/\/www.tosunlux.eu\/ru\/?s={search_term_string}"},"query-input":{"@type":"PropertyValueSpecification","valueRequired":true,"valueName":"search_term_string"}}],"inLanguage":"pl-PL"},{"@type":"Organization","@id":"https:\/\/www.tosunlux.eu\/ru\/#organization","name":"TOSUNlux","url":"https:\/\/www.tosunlux.eu\/ru\/","logo":{"@type":"ImageObject","inLanguage":"pl-PL","@id":"https:\/\/www.tosunlux.eu\/ru\/#\/schema\/logo\/image\/","url":"https:\/\/www.tosunlux.eu\/wp-content\/uploads\/2022\/01\/LOGOSYSM.71762f1.png","contentUrl":"https:\/\/www.tosunlux.eu\/wp-content\/uploads\/2022\/01\/LOGOSYSM.71762f1.png","width":153,"height":55,"caption":"TOSUNlux"},"image":{"@id":"https:\/\/www.tosunlux.eu\/ru\/#\/schema\/logo\/image\/"},"sameAs":["https:\/\/www.facebook.com\/TOSUNelectric\/","https:\/\/www.linkedin.com\/company\/wenzhou-tosun-electric-co.-ltd\/"]}]}},"_links":{"self":[{"href":"https:\/\/www.tosunlux.eu\/pl\/wp-json\/wp\/v2\/product\/3475","targetHints":{"allow":["GET"]}}],"collection":[{"href":"https:\/\/www.tosunlux.eu\/pl\/wp-json\/wp\/v2\/product"}],"about":[{"href":"https:\/\/www.tosunlux.eu\/pl\/wp-json\/wp\/v2\/types\/product"}],"version-history":[{"count":1,"href":"https:\/\/www.tosunlux.eu\/pl\/wp-json\/wp\/v2\/product\/3475\/revisions"}],"predecessor-version":[{"id":10966,"href":"https:\/\/www.tosunlux.eu\/pl\/wp-json\/wp\/v2\/product\/3475\/revisions\/10966"}],"wp:attachment":[{"href":"https:\/\/www.tosunlux.eu\/pl\/wp-json\/wp\/v2\/media?parent=3475"}],"wp:term":[{"taxonomy":"product_category","embeddable":true,"href":"https:\/\/www.tosunlux.eu\/pl\/wp-json\/wp\/v2\/product_category?post=3475"}],"curies":[{"name":"wp","href":"https:\/\/api.w.org\/{rel}","templated":true}]}}