{"id":3695,"date":"2022-06-11T16:18:13","date_gmt":"2022-06-11T08:18:13","guid":{"rendered":"https:\/\/www.tosunlux.eu\/?post_type=product&#038;p=3695"},"modified":"2025-06-19T16:19:32","modified_gmt":"2025-06-19T08:19:32","slug":"cbb61-fan-capacitor","status":"publish","type":"product","link":"https:\/\/www.tosunlux.eu\/pl\/products\/cbb61-fan-capacitor\/","title":{"rendered":"Kondensator wentylatora CBB61"},"content":{"rendered":"<p><strong>Aplikacja<\/strong><\/p>\n\n\n\n<p>\u00b7Struktura uzwojenia bezindukcyjnego wykonana z metalowej membrany polipropylenowej.<\/p>\n\n\n\n<p>\u00b7Do uszczelnienia nale\u017cy u\u017cy\u0107 kwadratowej plastikowej obudowy i izolacyjnej uszczelnionej pokrywy, plastikowej pokrywy do uszczelnienia lub \u017cywicy do uszczelnienia.<\/p>\n\n\n\n<p>\u00b7Ma\u0142a obj\u0119to\u015b\u0107, niska waga, niskie straty, doskona\u0142e w\u0142a\u015bciwo\u015bci samoregeneruj\u0105ce.<\/p>\n\n\n\n<p>\u00b7Dost\u0119pne s\u0105 miedziane ko\u0144c\u00f3wki lutownicze, przewody miedziane powlekane plastikiem oraz przewody CP.<\/p>\n\n\n\n<p>\u00b7 Ze wzgl\u0119du na dobre w\u0142a\u015bciwo\u015bci samoregeneruj\u0105ce, d\u0142ug\u0105 \u017cywotno\u015b\u0107 i wysok\u0105 proporcjonalno\u015b\u0107, jest szeroko stosowany jako urz\u0105dzenie rozruchowe.<\/p>\n\n\n\n<p>\u00b7Nadaje si\u0119 do wentylator\u00f3w elektrycznych, klimatyzator\u00f3w, elektrycznych pomp wodnych, silnik\u00f3w elektrycznych itp.<\/p>\n\n\n\n<p>\u00b7Szeroko stosowany do rozruchu i obs\u0142ugi jednofazowych silnik\u00f3w elektrycznych 50\/60Hz.<\/p>\n\n\n\n<p>\u00b7Mo\u017ce pracowa\u0107 nieprzerwanie w warunkach znamionowych.<\/p>\n\n\n\n\n\n<p><\/p>\n\n\n\n<p><strong>Specyfikacja<\/strong><\/p>\n\n\n<table style=\"border-collapse: collapse; width: 512.27pt;\" border=\"0\" width=\"683\" cellspacing=\"0\" cellpadding=\"0\">\n<tbody>\n<tr style=\"height: 24.00pt;\">\n<td class=\"et2\" style=\"height: 24.00pt; width: 268.75pt;\" width=\"358\" height=\"32\">Pojemno\u015b\u0107 (uf)<\/td>\n<td class=\"et2\" style=\"width: 243.75pt;\" width=\"325\">1-30uf<\/td>\n<\/tr>\n<tr style=\"height: 23.00pt;\">\n<td class=\"et2\" style=\"height: 23.00pt; width: 268.75pt;\" width=\"358\" height=\"30\">Napi\u0119cie znamionowe<\/td>\n<td class=\"et2\" style=\"width: 243.75pt;\" width=\"325\">200-500 V AC<\/td>\n<\/tr>\n<tr style=\"height: 22.00pt;\">\n<td class=\"et2\" style=\"height: 22.00pt; width: 268.75pt;\" width=\"358\" height=\"29\">Tolerancja pojemno\u015bci<\/td>\n<td class=\"et2\" style=\"width: 243.75pt;\" width=\"325\">\u00b15%<\/td>\n<\/tr>\n<tr style=\"height: 25.00pt;\">\n<td class=\"et2\" style=\"height: 25.00pt; width: 268.75pt;\" width=\"358\" height=\"33\">Wsp\u00f3\u0142czynnik rozproszenia<\/td>\n<td class=\"et2\" style=\"width: 243.75pt;\" width=\"325\">Tangens \u2264 0,002 (50 Hz)<\/td>\n<\/tr>\n<tr style=\"height: 22.00pt;\">\n<td class=\"et2\" style=\"height: 22.00pt; width: 268.75pt;\" width=\"358\" height=\"29\">Wytrzyma\u0142o\u015b\u0107 na napi\u0119cie<\/td>\n<td class=\"et2\" style=\"width: 243.75pt;\" width=\"325\">AC\u22651,75 na 2 s (lmax\u2264 1,3InA)<\/td>\n<\/tr>\n<tr style=\"height: 21.00pt;\">\n<td class=\"et2\" style=\"height: 21.00pt; width: 268.75pt;\" width=\"358\" height=\"28\">Rezystancja izolacji<\/td>\n<td class=\"et2\" style=\"width: 243.75pt;\" width=\"325\">2000 V na 2 sek.<\/td>\n<\/tr>\n<tr style=\"height: 22.00pt;\">\n<td class=\"et2\" style=\"height: 22.00pt; width: 268.75pt;\" width=\"358\" height=\"29\">Temperatura pracy<\/td>\n<td class=\"et2\" style=\"width: 243.75pt;\" width=\"325\">-40\u2103~+70\u2103<\/td>\n<\/tr>\n<\/tbody>\n<\/table>\n\n\n\n\n<p><\/p>\n\n\n\n<p><strong>Wymiar<\/strong><\/p>\n\n\n<table style=\"border-collapse: collapse; width: 546.02pt;\" border=\"0\" width=\"728\" cellspacing=\"0\" cellpadding=\"0\">\n<tbody>\n<tr style=\"height: 29.00pt;\">\n<td class=\"et2\" style=\"height: 49pt; width: 81pt; text-align: center;\" rowspan=\"2\" width=\"108\" height=\"65\">Pojemno\u015b\u0107<\/td>\n<td class=\"et2\" style=\"width: 231.75pt; text-align: center;\" colspan=\"3\" width=\"309\">450 V AC<\/td>\n<td class=\"et2\" style=\"width: 233.65pt; text-align: center;\" colspan=\"3\" width=\"311\">250 V AC<\/td>\n<\/tr>\n<tr style=\"height: 20.00pt;\">\n<td class=\"et2\" style=\"width: 77.25pt; text-align: center;\" width=\"103\">L<\/td>\n<td class=\"et2\" style=\"width: 77.25pt; text-align: center;\" width=\"103\">W<\/td>\n<td class=\"et2\" style=\"width: 77.25pt; text-align: center;\" width=\"103\">H<\/td>\n<td class=\"et2\" style=\"width: 77.25pt; text-align: center;\" width=\"103\">L<\/td>\n<td class=\"et2\" style=\"width: 76.3pt; text-align: center;\" width=\"101\">W<\/td>\n<td class=\"et2\" style=\"width: 80.1pt; text-align: center;\" width=\"106\">H<\/td>\n<\/tr>\n<tr style=\"height: 24.00pt;\">\n<td class=\"et2\" style=\"height: 24pt; width: 81pt; text-align: center;\" width=\"108\" height=\"32\">1uf<\/td>\n<td class=\"et2\" style=\"width: 77.25pt; text-align: center;\" width=\"103\">36<\/td>\n<td class=\"et2\" style=\"width: 77.25pt; text-align: center;\" width=\"103\">11<\/td>\n<td class=\"et2\" style=\"width: 77.25pt; text-align: center;\" width=\"103\">22<\/td>\n<td class=\"et2\" style=\"width: 77.25pt; text-align: center;\" width=\"103\">37<\/td>\n<td class=\"et2\" style=\"width: 76.3pt; text-align: center;\" width=\"101\">15<\/td>\n<td class=\"et2\" style=\"width: 80.1pt; text-align: center;\" width=\"106\">26<\/td>\n<\/tr>\n<tr style=\"height: 19.00pt;\">\n<td class=\"et2\" style=\"height: 19pt; width: 81pt; text-align: center;\" width=\"108\" height=\"25\">1,5uf<\/td>\n<td class=\"et2\" style=\"width: 77.25pt; text-align: center;\" width=\"103\">38<\/td>\n<td class=\"et2\" style=\"width: 77.25pt; text-align: center;\" width=\"103\">13.5<\/td>\n<td class=\"et2\" style=\"width: 77.25pt; text-align: center;\" width=\"103\">24<\/td>\n<td class=\"et2\" style=\"width: 77.25pt; text-align: center;\" width=\"103\">37<\/td>\n<td class=\"et2\" style=\"width: 76.3pt; text-align: center;\" width=\"101\">15<\/td>\n<td class=\"et2\" style=\"width: 80.1pt; text-align: center;\" width=\"106\">26<\/td>\n<\/tr>\n<tr style=\"height: 20.00pt;\">\n<td class=\"et2\" style=\"height: 20pt; width: 81pt; text-align: center;\" width=\"108\" height=\"26\">2uf<\/td>\n<td class=\"et2\" style=\"width: 77.25pt; text-align: center;\" width=\"103\">38<\/td>\n<td class=\"et2\" style=\"width: 77.25pt; text-align: center;\" width=\"103\">15<\/td>\n<td class=\"et2\" style=\"width: 77.25pt; text-align: center;\" width=\"103\">25<\/td>\n<td class=\"et2\" style=\"width: 77.25pt; text-align: center;\" width=\"103\">38<\/td>\n<td class=\"et2\" style=\"width: 76.3pt; text-align: center;\" width=\"101\">15<\/td>\n<td class=\"et2\" style=\"width: 80.1pt; text-align: center;\" width=\"106\">26<\/td>\n<\/tr>\n<tr style=\"height: 19.00pt;\">\n<td class=\"et2\" style=\"height: 19pt; width: 81pt; text-align: center;\" width=\"108\" height=\"25\">3uf<\/td>\n<td class=\"et2\" style=\"width: 77.25pt; text-align: center;\" width=\"103\">38<\/td>\n<td class=\"et2\" style=\"width: 77.25pt; text-align: center;\" width=\"103\">15<\/td>\n<td class=\"et2\" style=\"width: 77.25pt; text-align: center;\" width=\"103\">25<\/td>\n<td class=\"et2\" style=\"width: 77.25pt; text-align: center;\" width=\"103\">37<\/td>\n<td class=\"et2\" style=\"width: 76.3pt; text-align: center;\" width=\"101\">15<\/td>\n<td class=\"et2\" style=\"width: 80.1pt; text-align: center;\" width=\"106\">30<\/td>\n<\/tr>\n<tr style=\"height: 20.00pt;\">\n<td class=\"et2\" style=\"height: 20pt; width: 81pt; text-align: center;\" width=\"108\" height=\"26\">5uf<\/td>\n<td class=\"et2\" style=\"width: 77.25pt; text-align: center;\" width=\"103\">47<\/td>\n<td class=\"et2\" style=\"width: 77.25pt; text-align: center;\" width=\"103\">20.5<\/td>\n<td class=\"et2\" style=\"width: 77.25pt; text-align: center;\" width=\"103\">33<\/td>\n<td class=\"et2\" style=\"width: 77.25pt; text-align: center;\" width=\"103\">37<\/td>\n<td class=\"et2\" style=\"width: 76.3pt; text-align: center;\" width=\"101\">16<\/td>\n<td class=\"et2\" style=\"width: 80.1pt; text-align: center;\" width=\"106\">30<\/td>\n<\/tr>\n<tr style=\"height: 20.00pt;\">\n<td class=\"et2\" style=\"height: 20pt; width: 81pt; text-align: center;\" width=\"108\" height=\"26\">8uf<\/td>\n<td class=\"et2\" style=\"width: 77.25pt; text-align: center;\" width=\"103\">48<\/td>\n<td class=\"et2\" style=\"width: 77.25pt; text-align: center;\" width=\"103\">22<\/td>\n<td class=\"et2\" style=\"width: 77.25pt; text-align: center;\" width=\"103\">35<\/td>\n<td class=\"et2\" style=\"width: 77.25pt; text-align: center;\" width=\"103\">47<\/td>\n<td class=\"et2\" style=\"width: 76.3pt; text-align: center;\" width=\"101\">17<\/td>\n<td class=\"et2\" style=\"width: 80.1pt; text-align: center;\" width=\"106\">32<\/td>\n<\/tr>\n<tr style=\"height: 19.00pt;\">\n<td class=\"et2\" style=\"height: 19pt; width: 81pt; text-align: center;\" width=\"108\" height=\"25\">10uf<\/td>\n<td class=\"et2\" style=\"width: 77.25pt; text-align: center;\" width=\"103\">47<\/td>\n<td class=\"et2\" style=\"width: 77.25pt; text-align: center;\" width=\"103\">23<\/td>\n<td class=\"et2\" style=\"width: 77.25pt; text-align: center;\" width=\"103\">35<\/td>\n<td class=\"et2\" style=\"width: 77.25pt; text-align: center;\" width=\"103\">47<\/td>\n<td class=\"et2\" style=\"width: 76.3pt; text-align: center;\" width=\"101\">17<\/td>\n<td class=\"et2\" style=\"width: 80.1pt; text-align: center;\" width=\"106\">33<\/td>\n<\/tr>\n<tr style=\"height: 19.00pt;\">\n<td class=\"et2\" style=\"height: 19pt; width: 81pt; text-align: center;\" width=\"108\" height=\"25\">12uf<\/td>\n<td class=\"et2\" style=\"width: 77.25pt; text-align: center;\" width=\"103\">58<\/td>\n<td class=\"et2\" style=\"width: 77.25pt; text-align: center;\" width=\"103\">25<\/td>\n<td class=\"et2\" style=\"width: 77.25pt; text-align: center;\" width=\"103\">38<\/td>\n<td class=\"et2\" style=\"width: 77.25pt; text-align: center;\" width=\"103\">47<\/td>\n<td class=\"et2\" style=\"width: 76.3pt; text-align: center;\" width=\"101\">23<\/td>\n<td class=\"et2\" style=\"width: 80.1pt; text-align: center;\" width=\"106\">35<\/td>\n<\/tr>\n<tr style=\"height: 20.00pt;\">\n<td class=\"et2\" style=\"height: 20pt; width: 81pt; text-align: center;\" width=\"108\" height=\"26\">15uf<\/td>\n<td class=\"et2\" style=\"width: 77.25pt; text-align: center;\" width=\"103\">59<\/td>\n<td class=\"et2\" style=\"width: 77.25pt; text-align: center;\" width=\"103\">28<\/td>\n<td class=\"et2\" style=\"width: 77.25pt; text-align: center;\" width=\"103\">40<\/td>\n<td class=\"et2\" style=\"width: 77.25pt; text-align: center;\" width=\"103\">47<\/td>\n<td class=\"et2\" style=\"width: 76.3pt; text-align: center;\" width=\"101\">23<\/td>\n<td class=\"et2\" style=\"width: 80.1pt; text-align: center;\" width=\"106\">35<\/td>\n<\/tr>\n<tr style=\"height: 19.00pt;\">\n<td class=\"et2\" style=\"height: 19pt; width: 81pt; text-align: center;\" width=\"108\" height=\"25\">18uf<\/td>\n<td class=\"et2\" style=\"width: 77.25pt; text-align: center;\" width=\"103\">59<\/td>\n<td class=\"et2\" style=\"width: 77.25pt; text-align: center;\" width=\"103\">30<\/td>\n<td class=\"et2\" style=\"width: 77.25pt; text-align: center;\" width=\"103\">40<\/td>\n<td class=\"et2\" style=\"width: 77.25pt; text-align: center;\" width=\"103\">58<\/td>\n<td class=\"et2\" style=\"width: 76.3pt; text-align: center;\" width=\"101\">24<\/td>\n<td class=\"et2\" style=\"width: 80.1pt; text-align: center;\" width=\"106\">33<\/td>\n<\/tr>\n<tr style=\"height: 20.00pt;\">\n<td class=\"et2\" style=\"height: 20pt; width: 81pt; text-align: center;\" width=\"108\" height=\"26\">20uf<\/td>\n<td class=\"et2\" style=\"width: 77.25pt; text-align: center;\" width=\"103\">59<\/td>\n<td class=\"et2\" style=\"width: 77.25pt; text-align: center;\" width=\"103\">30<\/td>\n<td class=\"et2\" style=\"width: 77.25pt; text-align: center;\" width=\"103\">40<\/td>\n<td class=\"et2\" style=\"width: 77.25pt; text-align: center;\" width=\"103\">58<\/td>\n<td class=\"et2\" style=\"width: 76.3pt; text-align: center;\" width=\"101\">26<\/td>\n<td class=\"et2\" style=\"width: 80.1pt; text-align: center;\" width=\"106\">38<\/td>\n<\/tr>\n<tr style=\"height: 19.00pt;\">\n<td class=\"et2\" style=\"height: 19pt; width: 81pt; text-align: center;\" width=\"108\" height=\"25\">25uf<\/td>\n<td class=\"et2\" style=\"width: 77.25pt; text-align: center;\" width=\"103\">\u2013<\/td>\n<td class=\"et2\" style=\"width: 77.25pt; text-align: center;\" width=\"103\">\u2013<\/td>\n<td class=\"et2\" style=\"width: 77.25pt; text-align: center;\" width=\"103\">\u2013<\/td>\n<td class=\"et2\" style=\"width: 77.25pt; text-align: center;\" width=\"103\">58<\/td>\n<td class=\"et2\" style=\"width: 76.3pt; text-align: center;\" width=\"101\">26<\/td>\n<td class=\"et2\" style=\"width: 80.1pt; text-align: center;\" width=\"106\">38<\/td>\n<\/tr>\n<tr style=\"height: 20.00pt;\">\n<td class=\"et2\" style=\"height: 20pt; width: 81pt; text-align: center;\" width=\"108\" height=\"26\">30uf<\/td>\n<td class=\"et2\" style=\"width: 77.25pt; text-align: center;\" width=\"103\">\u2013<\/td>\n<td class=\"et2\" style=\"width: 77.25pt; text-align: center;\" width=\"103\">\u2013<\/td>\n<td class=\"et2\" style=\"width: 77.25pt; text-align: center;\" width=\"103\">\u2013<\/td>\n<td class=\"et2\" style=\"width: 77.25pt; text-align: center;\" width=\"103\">58<\/td>\n<td class=\"et2\" style=\"width: 76.3pt; text-align: center;\" width=\"101\">26<\/td>\n<td class=\"et2\" style=\"width: 80.1pt; text-align: center;\" width=\"106\">38<\/td>\n<\/tr>\n<\/tbody>\n<\/table>","protected":false},"parent":0,"template":"","product_category":[114],"class_list":["post-3695","product","type-product","status-publish","hentry","product_category-capacitor"],"yoast_head":"<!-- This site is optimized with the Yoast SEO plugin v27.5 - https:\/\/yoast.com\/product\/yoast-seo-wordpress\/ -->\n<title>CBB61 Fan Capacitor Manufacturer | AC Motor Start Capacitor Factory<\/title>\n<meta name=\"description\" content=\"Reliable CBB61 fan capacitor manufacturer from China, supporting OEM for AC motor and fan startups.\" \/>\n<meta name=\"robots\" content=\"index, follow, max-snippet:-1, max-image-preview:large, max-video-preview:-1\" \/>\n<link rel=\"canonical\" href=\"https:\/\/www.tosunlux.eu\/pl\/products\/cbb61-fan-capacitor\/\" \/>\n<meta property=\"og:locale\" content=\"pl_PL\" \/>\n<meta property=\"og:type\" content=\"article\" \/>\n<meta property=\"og:title\" content=\"CBB61 Fan Capacitor Manufacturer | AC Motor Start Capacitor Factory\" \/>\n<meta property=\"og:description\" content=\"Reliable CBB61 fan capacitor manufacturer from China, supporting OEM for AC motor and fan startups.\" \/>\n<meta property=\"og:url\" content=\"https:\/\/www.tosunlux.eu\/pl\/products\/cbb61-fan-capacitor\/\" \/>\n<meta property=\"og:site_name\" content=\"TOSUNlux Official Site - Electrical Circuit Breaker Manufacturer in China\" \/>\n<meta property=\"article:publisher\" content=\"https:\/\/www.facebook.com\/TOSUNelectric\/\" \/>\n<meta property=\"article:modified_time\" content=\"2025-06-19T08:19:32+00:00\" \/>\n<meta property=\"og:image\" content=\"https:\/\/www.tosunlux.eu\/wp-content\/uploads\/2023\/04\/DSC08160_\u526f\u672c.jpg\" \/>\n\t<meta property=\"og:image:width\" content=\"1500\" \/>\n\t<meta property=\"og:image:height\" content=\"940\" \/>\n\t<meta property=\"og:image:type\" content=\"image\/jpeg\" \/>\n<meta name=\"twitter:card\" content=\"summary_large_image\" \/>\n<meta name=\"twitter:label1\" content=\"Szacowany czas czytania\" \/>\n\t<meta name=\"twitter:data1\" content=\"1 minuta\" \/>\n<script type=\"application\/ld+json\" class=\"yoast-schema-graph\">{\"@context\":\"https:\\\/\\\/schema.org\",\"@graph\":[{\"@type\":\"WebPage\",\"@id\":\"https:\\\/\\\/www.tosunlux.eu\\\/es\\\/products\\\/cbb61-fan-capacitor\\\/\",\"url\":\"https:\\\/\\\/www.tosunlux.eu\\\/es\\\/products\\\/cbb61-fan-capacitor\\\/\",\"name\":\"CBB61 Fan Capacitor Manufacturer | AC Motor Start Capacitor Factory\",\"isPartOf\":{\"@id\":\"https:\\\/\\\/www.tosunlux.eu\\\/ru\\\/#website\"},\"datePublished\":\"2022-06-11T08:18:13+00:00\",\"dateModified\":\"2025-06-19T08:19:32+00:00\",\"description\":\"Reliable CBB61 fan capacitor manufacturer from China, supporting OEM for AC motor and fan startups.\",\"breadcrumb\":{\"@id\":\"https:\\\/\\\/www.tosunlux.eu\\\/es\\\/products\\\/cbb61-fan-capacitor\\\/#breadcrumb\"},\"inLanguage\":\"pl-PL\",\"potentialAction\":[{\"@type\":\"ReadAction\",\"target\":[\"https:\\\/\\\/www.tosunlux.eu\\\/es\\\/products\\\/cbb61-fan-capacitor\\\/\"]}]},{\"@type\":\"BreadcrumbList\",\"@id\":\"https:\\\/\\\/www.tosunlux.eu\\\/es\\\/products\\\/cbb61-fan-capacitor\\\/#breadcrumb\",\"itemListElement\":[{\"@type\":\"ListItem\",\"position\":1,\"name\":\"Home\",\"item\":\"https:\\\/\\\/www.tosunlux.eu\\\/ru\\\/\"},{\"@type\":\"ListItem\",\"position\":2,\"name\":\"Products\",\"item\":\"https:\\\/\\\/www.tosunlux.eu\\\/products\\\/\"},{\"@type\":\"ListItem\",\"position\":3,\"name\":\"CBB61 Fan Capacitor\"}]},{\"@type\":\"WebSite\",\"@id\":\"https:\\\/\\\/www.tosunlux.eu\\\/ru\\\/#website\",\"url\":\"https:\\\/\\\/www.tosunlux.eu\\\/ru\\\/\",\"name\":\"TOSUNlux Official Site - Electrical Circuit Breaker Manufacturer in China\",\"description\":\"Power Distribution System Supplier\",\"publisher\":{\"@id\":\"https:\\\/\\\/www.tosunlux.eu\\\/ru\\\/#organization\"},\"alternateName\":\"TOSUNlux\",\"potentialAction\":[{\"@type\":\"SearchAction\",\"target\":{\"@type\":\"EntryPoint\",\"urlTemplate\":\"https:\\\/\\\/www.tosunlux.eu\\\/ru\\\/?s={search_term_string}\"},\"query-input\":{\"@type\":\"PropertyValueSpecification\",\"valueRequired\":true,\"valueName\":\"search_term_string\"}}],\"inLanguage\":\"pl-PL\"},{\"@type\":\"Organization\",\"@id\":\"https:\\\/\\\/www.tosunlux.eu\\\/ru\\\/#organization\",\"name\":\"TOSUNlux\",\"url\":\"https:\\\/\\\/www.tosunlux.eu\\\/ru\\\/\",\"logo\":{\"@type\":\"ImageObject\",\"inLanguage\":\"pl-PL\",\"@id\":\"https:\\\/\\\/www.tosunlux.eu\\\/ru\\\/#\\\/schema\\\/logo\\\/image\\\/\",\"url\":\"https:\\\/\\\/www.tosunlux.eu\\\/wp-content\\\/uploads\\\/2022\\\/01\\\/LOGOSYSM.71762f1.png\",\"contentUrl\":\"https:\\\/\\\/www.tosunlux.eu\\\/wp-content\\\/uploads\\\/2022\\\/01\\\/LOGOSYSM.71762f1.png\",\"width\":153,\"height\":55,\"caption\":\"TOSUNlux\"},\"image\":{\"@id\":\"https:\\\/\\\/www.tosunlux.eu\\\/ru\\\/#\\\/schema\\\/logo\\\/image\\\/\"},\"sameAs\":[\"https:\\\/\\\/www.facebook.com\\\/TOSUNelectric\\\/\",\"https:\\\/\\\/www.linkedin.com\\\/company\\\/wenzhou-tosun-electric-co.-ltd\\\/\"]}]}<\/script>\n<!-- \/ Yoast SEO plugin. -->","yoast_head_json":{"title":"Producent kondensator\u00f3w wentylatorowych CBB61 | Fabryka kondensator\u00f3w rozruchowych silnik\u00f3w pr\u0105du przemiennego","description":"Niezawodny producent kondensator\u00f3w wentylatorowych CBB61 z Chin, wspieraj\u0105cy producent\u00f3w OEM w zakresie uruchamiania silnik\u00f3w pr\u0105du przemiennego i wentylator\u00f3w.","robots":{"index":"index","follow":"follow","max-snippet":"max-snippet:-1","max-image-preview":"max-image-preview:large","max-video-preview":"max-video-preview:-1"},"canonical":"https:\/\/www.tosunlux.eu\/pl\/products\/cbb61-fan-capacitor\/","og_locale":"pl_PL","og_type":"article","og_title":"CBB61 Fan Capacitor Manufacturer | AC Motor Start Capacitor Factory","og_description":"Reliable CBB61 fan capacitor manufacturer from China, supporting OEM for AC motor and fan startups.","og_url":"https:\/\/www.tosunlux.eu\/pl\/products\/cbb61-fan-capacitor\/","og_site_name":"TOSUNlux Official Site - Electrical Circuit Breaker Manufacturer in China","article_publisher":"https:\/\/www.facebook.com\/TOSUNelectric\/","article_modified_time":"2025-06-19T08:19:32+00:00","og_image":[{"width":1500,"height":940,"url":"https:\/\/www.tosunlux.eu\/wp-content\/uploads\/2023\/04\/DSC08160_\u526f\u672c.jpg","type":"image\/jpeg"}],"twitter_card":"summary_large_image","twitter_misc":{"Szacowany czas czytania":"1 minuta"},"schema":{"@context":"https:\/\/schema.org","@graph":[{"@type":"WebPage","@id":"https:\/\/www.tosunlux.eu\/es\/products\/cbb61-fan-capacitor\/","url":"https:\/\/www.tosunlux.eu\/es\/products\/cbb61-fan-capacitor\/","name":"Producent kondensator\u00f3w wentylatorowych CBB61 | Fabryka kondensator\u00f3w rozruchowych silnik\u00f3w pr\u0105du przemiennego","isPartOf":{"@id":"https:\/\/www.tosunlux.eu\/ru\/#website"},"datePublished":"2022-06-11T08:18:13+00:00","dateModified":"2025-06-19T08:19:32+00:00","description":"Niezawodny producent kondensator\u00f3w wentylatorowych CBB61 z Chin, wspieraj\u0105cy producent\u00f3w OEM w zakresie uruchamiania silnik\u00f3w pr\u0105du przemiennego i wentylator\u00f3w.","breadcrumb":{"@id":"https:\/\/www.tosunlux.eu\/es\/products\/cbb61-fan-capacitor\/#breadcrumb"},"inLanguage":"pl-PL","potentialAction":[{"@type":"ReadAction","target":["https:\/\/www.tosunlux.eu\/es\/products\/cbb61-fan-capacitor\/"]}]},{"@type":"BreadcrumbList","@id":"https:\/\/www.tosunlux.eu\/es\/products\/cbb61-fan-capacitor\/#breadcrumb","itemListElement":[{"@type":"ListItem","position":1,"name":"Home","item":"https:\/\/www.tosunlux.eu\/ru\/"},{"@type":"ListItem","position":2,"name":"Products","item":"https:\/\/www.tosunlux.eu\/products\/"},{"@type":"ListItem","position":3,"name":"CBB61 Fan Capacitor"}]},{"@type":"WebSite","@id":"https:\/\/www.tosunlux.eu\/ru\/#website","url":"https:\/\/www.tosunlux.eu\/ru\/","name":"Oficjalna strona TOSUNlux - Producent wy\u0142\u0105cznik\u00f3w elektrycznych w Chinach","description":"Dostawca system\u00f3w dystrybucji energii","publisher":{"@id":"https:\/\/www.tosunlux.eu\/ru\/#organization"},"alternateName":"TOSUNlux","potentialAction":[{"@type":"SearchAction","target":{"@type":"EntryPoint","urlTemplate":"https:\/\/www.tosunlux.eu\/ru\/?s={search_term_string}"},"query-input":{"@type":"PropertyValueSpecification","valueRequired":true,"valueName":"search_term_string"}}],"inLanguage":"pl-PL"},{"@type":"Organization","@id":"https:\/\/www.tosunlux.eu\/ru\/#organization","name":"TOSUNlux","url":"https:\/\/www.tosunlux.eu\/ru\/","logo":{"@type":"ImageObject","inLanguage":"pl-PL","@id":"https:\/\/www.tosunlux.eu\/ru\/#\/schema\/logo\/image\/","url":"https:\/\/www.tosunlux.eu\/wp-content\/uploads\/2022\/01\/LOGOSYSM.71762f1.png","contentUrl":"https:\/\/www.tosunlux.eu\/wp-content\/uploads\/2022\/01\/LOGOSYSM.71762f1.png","width":153,"height":55,"caption":"TOSUNlux"},"image":{"@id":"https:\/\/www.tosunlux.eu\/ru\/#\/schema\/logo\/image\/"},"sameAs":["https:\/\/www.facebook.com\/TOSUNelectric\/","https:\/\/www.linkedin.com\/company\/wenzhou-tosun-electric-co.-ltd\/"]}]}},"_links":{"self":[{"href":"https:\/\/www.tosunlux.eu\/pl\/wp-json\/wp\/v2\/product\/3695","targetHints":{"allow":["GET"]}}],"collection":[{"href":"https:\/\/www.tosunlux.eu\/pl\/wp-json\/wp\/v2\/product"}],"about":[{"href":"https:\/\/www.tosunlux.eu\/pl\/wp-json\/wp\/v2\/types\/product"}],"version-history":[{"count":1,"href":"https:\/\/www.tosunlux.eu\/pl\/wp-json\/wp\/v2\/product\/3695\/revisions"}],"predecessor-version":[{"id":13844,"href":"https:\/\/www.tosunlux.eu\/pl\/wp-json\/wp\/v2\/product\/3695\/revisions\/13844"}],"wp:attachment":[{"href":"https:\/\/www.tosunlux.eu\/pl\/wp-json\/wp\/v2\/media?parent=3695"}],"wp:term":[{"taxonomy":"product_category","embeddable":true,"href":"https:\/\/www.tosunlux.eu\/pl\/wp-json\/wp\/v2\/product_category?post=3695"}],"curies":[{"name":"wp","href":"https:\/\/api.w.org\/{rel}","templated":true}]}}