{"id":3768,"date":"2022-06-13T13:08:30","date_gmt":"2022-06-13T05:08:30","guid":{"rendered":"https:\/\/www.tosunlux.eu\/?post_type=product&#038;p=3768"},"modified":"2023-03-16T13:15:03","modified_gmt":"2023-03-16T05:15:03","slug":"electrical-car-charger","status":"publish","type":"product","link":"https:\/\/www.tosunlux.eu\/pl\/products\/electrical-car-charger\/","title":{"rendered":"\u0141adowarka samochodowa elektryczna"},"content":{"rendered":"<figure class=\"wp-block-image size-large is-resized\"><img fetchpriority=\"high\" decoding=\"async\" src=\"https:\/\/www.tosunlux.eu\/wp-content\/uploads\/2022\/06\/\u5c01\u9762-1024x916.jpg\" alt=\"\" class=\"wp-image-3770\" width=\"734\" height=\"656\" srcset=\"https:\/\/www.tosunlux.eu\/wp-content\/uploads\/2022\/06\/\u5c01\u9762-1024x916.jpg 1024w, https:\/\/www.tosunlux.eu\/wp-content\/uploads\/2022\/06\/\u5c01\u9762-300x268.jpg 300w, https:\/\/www.tosunlux.eu\/wp-content\/uploads\/2022\/06\/\u5c01\u9762-768x687.jpg 768w, https:\/\/www.tosunlux.eu\/wp-content\/uploads\/2022\/06\/\u5c01\u9762-1536x1374.jpg 1536w, https:\/\/www.tosunlux.eu\/wp-content\/uploads\/2022\/06\/\u5c01\u9762-2048x1833.jpg 2048w\" sizes=\"(max-width: 734px) 100vw, 734px\" \/><\/figure>\n\n\n\n<p><\/p>\n\n\n\n<p><\/p>\n\n\n<p><strong>Specyfikacja<\/strong><\/p>\n<table width=\"744\">\n<tbody>\n<tr>\n<td style=\"text-align: center;\" width=\"210\">Typ&nbsp;<\/td>\n<td style=\"text-align: center;\" width=\"155\">E5T1132\/E5T2132<\/td>\n<td style=\"text-align: center;\" width=\"126\">E5T2332<\/td>\n<td style=\"text-align: center;\" width=\"127\">E5T2232<\/td>\n<td style=\"text-align: center;\" width=\"126\">E5T2432<\/td>\n<\/tr>\n<tr>\n<td style=\"text-align: center;\" width=\"210\">Zasilanie pr\u0105dem zmiennym<\/td>\n<td style=\"text-align: center;\" width=\"155\">1P+N+PE<\/td>\n<td style=\"text-align: center;\" width=\"126\">3P+N+PE<\/td>\n<td style=\"text-align: center;\" width=\"127\">1P+N+PE<\/td>\n<td style=\"text-align: center;\" width=\"126\">2P+N+PE<\/td>\n<\/tr>\n<tr>\n<td style=\"text-align: center;\" width=\"210\">Napi\u0119cie zasilania<\/td>\n<td style=\"text-align: center;\" width=\"155\">AC230\uff5e\u00b110%<\/td>\n<td style=\"text-align: center;\" width=\"126\">AC400\uff5e\u00b110%<\/td>\n<td style=\"text-align: center;\" width=\"127\">AC230\uff5e\u00b110%<\/td>\n<td style=\"text-align: center;\" width=\"126\">AC400\uff5e\u00b110%<\/td>\n<\/tr>\n<tr>\n<td style=\"text-align: center;\" width=\"210\">Pr\u0105d znamionowy<\/td>\n<td style=\"text-align: center;\" colspan=\"4\" width=\"534\">10-32A&nbsp;<\/td>\n<\/tr>\n<tr>\n<td style=\"text-align: center;\" width=\"210\">Maksymalna moc<\/td>\n<td style=\"text-align: center;\" width=\"155\">7,4 kW<\/td>\n<td style=\"text-align: center;\" width=\"126\">22kW<\/td>\n<td style=\"text-align: center;\" width=\"127\">7,4 kW<\/td>\n<td style=\"text-align: center;\" width=\"126\">22kW<\/td>\n<\/tr>\n<tr>\n<td style=\"text-align: center;\" width=\"210\">Cz\u0119stotliwo\u015b\u0107<\/td>\n<td style=\"text-align: center;\" colspan=\"4\" width=\"534\">50-60Hz<\/td>\n<\/tr>\n<tr>\n<td style=\"text-align: center;\" width=\"210\">D\u0142ugo\u015b\u0107 kabla<\/td>\n<td style=\"text-align: center;\" colspan=\"2\" width=\"281\">5m<\/td>\n<td style=\"text-align: center;\" colspan=\"2\" width=\"253\">Gniazdo<\/td>\n<\/tr>\n<tr>\n<td style=\"text-align: center;\" width=\"210\">Gniazda\/wtyczki<\/td>\n<td style=\"text-align: center;\" width=\"155\">Typ 1\/Typ 2<\/td>\n<td style=\"text-align: center;\" colspan=\"3\" width=\"379\">Typ 2<\/td>\n<\/tr>\n<tr>\n<td style=\"text-align: center;\" width=\"210\">Waga<\/td>\n<td style=\"text-align: center;\" width=\"155\">4,4 kg<\/td>\n<td style=\"text-align: center;\" width=\"126\">5,6 kg<\/td>\n<td style=\"text-align: center;\" width=\"127\">2,65 kg<\/td>\n<td style=\"text-align: center;\" width=\"126\">2,8 kg<\/td>\n<\/tr>\n<tr>\n<td style=\"text-align: center;\" width=\"210\">Stopie\u0144 ochrony IP<\/td>\n<td style=\"text-align: center;\" colspan=\"4\" width=\"534\">IP55<\/td>\n<\/tr>\n<tr>\n<td style=\"text-align: center;\" width=\"210\">Temperatura pracy<\/td>\n<td style=\"text-align: center;\" colspan=\"4\" width=\"534\">-40\u2103-+45\u2103<\/td>\n<\/tr>\n<tr>\n<td style=\"text-align: center;\" width=\"210\">Ch\u0142odz\u0105cy spos\u00f3b<\/td>\n<td style=\"text-align: center;\" colspan=\"4\" width=\"534\">naturalne ch\u0142odzenie<\/td>\n<\/tr>\n<tr>\n<td style=\"text-align: center;\" width=\"210\">Kolor muszli<\/td>\n<td style=\"text-align: center;\" colspan=\"4\" width=\"534\">bia\u0142y\/czarny<\/td>\n<\/tr>\n<tr>\n<td style=\"text-align: center;\" width=\"210\">Odwr\u00f3\u0107 skorup\u0119<\/td>\n<td style=\"text-align: center;\" colspan=\"4\" width=\"534\">fakultatywny<\/td>\n<\/tr>\n<tr>\n<td style=\"text-align: center;\" width=\"210\">Funkcja specjalna<\/td>\n<td style=\"text-align: center;\" colspan=\"4\" width=\"534\">RCMU\/DLB\/RFID opcjonalnie&nbsp;<\/td>\n<\/tr>\n<tr>\n<td style=\"text-align: center;\" width=\"210\">Tryb instalacji<\/td>\n<td style=\"text-align: center;\" colspan=\"4\" width=\"534\">\u015bciana (domy\u015blna)\/kolumna<\/td>\n<\/tr>\n<\/tbody>\n<\/table>\n\n\n<p><strong>Funkcja specjalna<\/strong><\/p>\n\n\n\n<p>RCMU<\/p>\n\n\n\n<p>Je\u017celi w trakcie \u0142adowania wyst\u0105pi up\u0142yw pr\u0105du sta\u0142ego, stos \u0142aduj\u0105cy zostanie od\u0142\u0105czony i automatycznie przywr\u00f3cony po wyeliminowaniu usterki up\u0142ywu, bez konieczno\u015bci r\u0119cznej obs\u0142ugi. Kontroler automatycznie sprawdzi RCMU przed ka\u017cdym procesem \u0142adowania, aby potwierdzi\u0107 prawid\u0142owy stan RCMU.<\/p>\n\n\n\n<p>DLB<\/p>\n\n\n\n<p>Typ dynamicznego r\u00f3wnowa\u017cenia obci\u0105\u017cenia (DLB) jest przeznaczony do rozs\u0105dnego wykorzystania energii elektrycznej w gospodarstwie domowym poprzez pod\u0142\u0105czenie zewn\u0119trznego transformatora do stosu \u0142adowania. Gdy ca\u0142kowita obj\u0119to\u015b\u0107 pr\u0105du wykryta przez transformator przekroczy ustawiony pr\u0105d, stos \u0142adowania b\u0119dzie stopniowo zmniejsza\u0142 pr\u0105d \u0142adowania, a\u017c stos \u0142adowania przestanie \u0142adowa\u0107. Gdy ca\u0142kowity pr\u0105d wykryty przez transformator jest mniejszy ni\u017c ustawiony pr\u0105d po szczycie zu\u017cycia energii elektrycznej, stos \u0142adowania automatycznie zaczyna realizowa\u0107 dynamiczne r\u00f3wnowa\u017cenie, wybieraj\u0105c odpowiedni pr\u0105d do \u0142adowania. Pr\u0105d \u0142adowania stosu \u0142adowania nie jest sta\u0142y, zmienia si\u0119 od 10 A do 32 A w zale\u017cno\u015bci od rzeczywistych wymaga\u0144, kt\u00f3rych nie mo\u017cna ustawi\u0107.<\/p>\n\n\n\n<p><strong>Wymiary<\/strong><\/p>\n\n\n\n<figure class=\"wp-block-image size-large\"><img decoding=\"async\" width=\"1024\" height=\"394\" src=\"https:\/\/www.tosunlux.eu\/wp-content\/uploads\/2022\/06\/\u65b0\u80fd\u6e90\u76ee\u5f55-2-1024x394.jpg\" alt=\"\" class=\"wp-image-3771\" srcset=\"https:\/\/www.tosunlux.eu\/wp-content\/uploads\/2022\/06\/\u65b0\u80fd\u6e90\u76ee\u5f55-2-1024x394.jpg 1024w, https:\/\/www.tosunlux.eu\/wp-content\/uploads\/2022\/06\/\u65b0\u80fd\u6e90\u76ee\u5f55-2-300x116.jpg 300w, https:\/\/www.tosunlux.eu\/wp-content\/uploads\/2022\/06\/\u65b0\u80fd\u6e90\u76ee\u5f55-2-768x296.jpg 768w, https:\/\/www.tosunlux.eu\/wp-content\/uploads\/2022\/06\/\u65b0\u80fd\u6e90\u76ee\u5f55-2-1536x592.jpg 1536w, https:\/\/www.tosunlux.eu\/wp-content\/uploads\/2022\/06\/\u65b0\u80fd\u6e90\u76ee\u5f55-2.jpg 1781w\" sizes=\"(max-width: 1024px) 100vw, 1024px\" \/><\/figure>","protected":false},"parent":0,"template":"","product_category":[157],"class_list":["post-3768","product","type-product","status-publish","hentry","product_category-electrical-car-charge"],"yoast_head":"<!-- This site is optimized with the Yoast SEO plugin v27.5 - https:\/\/yoast.com\/product\/yoast-seo-wordpress\/ -->\n<title>WholesaleElectrical Car Charger - TOSUNlux Official Site - Electrical Circuit Breaker Manufacturer in China Low Voltage Electrical Supplier | TOSUNlux<\/title>\n<meta name=\"description\" content=\"Electrical Car Charger Supplier - Wholesale direct from TOSUNlux, a trusted manufacturer since 1994. Get your B2B factory quote on our certified Low Voltage electrical products.\" \/>\n<meta name=\"robots\" content=\"index, follow, max-snippet:-1, max-image-preview:large, max-video-preview:-1\" \/>\n<link rel=\"canonical\" href=\"https:\/\/www.tosunlux.eu\/pl\/products\/electrical-car-charger\/\" \/>\n<meta property=\"og:locale\" content=\"pl_PL\" \/>\n<meta property=\"og:type\" content=\"article\" \/>\n<meta property=\"og:title\" content=\"WholesaleElectrical Car Charger - TOSUNlux Official Site - Electrical Circuit Breaker Manufacturer in China Low Voltage Electrical Supplier | TOSUNlux\" \/>\n<meta property=\"og:description\" content=\"Electrical Car Charger Supplier - Wholesale direct from TOSUNlux, a trusted manufacturer since 1994. Get your B2B factory quote on our certified Low Voltage electrical products.\" \/>\n<meta property=\"og:url\" content=\"https:\/\/www.tosunlux.eu\/pl\/products\/electrical-car-charger\/\" \/>\n<meta property=\"og:site_name\" content=\"TOSUNlux Official Site - Electrical Circuit Breaker Manufacturer in China\" \/>\n<meta property=\"article:publisher\" content=\"https:\/\/www.facebook.com\/TOSUNelectric\/\" \/>\n<meta property=\"article:modified_time\" content=\"2023-03-16T05:15:03+00:00\" \/>\n<meta property=\"og:image\" content=\"https:\/\/www.tosunlux.eu\/wp-content\/uploads\/2023\/04\/DSC08160_\u526f\u672c.jpg\" \/>\n\t<meta property=\"og:image:width\" content=\"1500\" \/>\n\t<meta property=\"og:image:height\" content=\"940\" \/>\n\t<meta property=\"og:image:type\" content=\"image\/jpeg\" \/>\n<meta name=\"twitter:card\" content=\"summary_large_image\" \/>\n<meta name=\"twitter:label1\" content=\"Szacowany czas czytania\" \/>\n\t<meta name=\"twitter:data1\" content=\"2 minuty\" \/>\n<script type=\"application\/ld+json\" class=\"yoast-schema-graph\">{\"@context\":\"https:\\\/\\\/schema.org\",\"@graph\":[{\"@type\":\"WebPage\",\"@id\":\"https:\\\/\\\/www.tosunlux.eu\\\/id\\\/products\\\/electrical-car-charger\\\/\",\"url\":\"https:\\\/\\\/www.tosunlux.eu\\\/id\\\/products\\\/electrical-car-charger\\\/\",\"name\":\"WholesaleElectrical Car Charger - TOSUNlux Official Site - Electrical Circuit Breaker Manufacturer in China Low Voltage Electrical Supplier | TOSUNlux\",\"isPartOf\":{\"@id\":\"https:\\\/\\\/www.tosunlux.eu\\\/ru\\\/#website\"},\"datePublished\":\"2022-06-13T05:08:30+00:00\",\"dateModified\":\"2023-03-16T05:15:03+00:00\",\"description\":\"Electrical Car Charger Supplier - Wholesale direct from TOSUNlux, a trusted manufacturer since 1994. Get your B2B factory quote on our certified Low Voltage electrical products.\",\"breadcrumb\":{\"@id\":\"https:\\\/\\\/www.tosunlux.eu\\\/id\\\/products\\\/electrical-car-charger\\\/#breadcrumb\"},\"inLanguage\":\"pl-PL\",\"potentialAction\":[{\"@type\":\"ReadAction\",\"target\":[\"https:\\\/\\\/www.tosunlux.eu\\\/id\\\/products\\\/electrical-car-charger\\\/\"]}]},{\"@type\":\"BreadcrumbList\",\"@id\":\"https:\\\/\\\/www.tosunlux.eu\\\/id\\\/products\\\/electrical-car-charger\\\/#breadcrumb\",\"itemListElement\":[{\"@type\":\"ListItem\",\"position\":1,\"name\":\"Home\",\"item\":\"https:\\\/\\\/www.tosunlux.eu\\\/ru\\\/\"},{\"@type\":\"ListItem\",\"position\":2,\"name\":\"Products\",\"item\":\"https:\\\/\\\/www.tosunlux.eu\\\/products\\\/\"},{\"@type\":\"ListItem\",\"position\":3,\"name\":\"Electrical Car Charger\"}]},{\"@type\":\"WebSite\",\"@id\":\"https:\\\/\\\/www.tosunlux.eu\\\/ru\\\/#website\",\"url\":\"https:\\\/\\\/www.tosunlux.eu\\\/ru\\\/\",\"name\":\"TOSUNlux Official Site - Electrical Circuit Breaker Manufacturer in China\",\"description\":\"Power Distribution System Supplier\",\"publisher\":{\"@id\":\"https:\\\/\\\/www.tosunlux.eu\\\/ru\\\/#organization\"},\"alternateName\":\"TOSUNlux\",\"potentialAction\":[{\"@type\":\"SearchAction\",\"target\":{\"@type\":\"EntryPoint\",\"urlTemplate\":\"https:\\\/\\\/www.tosunlux.eu\\\/ru\\\/?s={search_term_string}\"},\"query-input\":{\"@type\":\"PropertyValueSpecification\",\"valueRequired\":true,\"valueName\":\"search_term_string\"}}],\"inLanguage\":\"pl-PL\"},{\"@type\":\"Organization\",\"@id\":\"https:\\\/\\\/www.tosunlux.eu\\\/ru\\\/#organization\",\"name\":\"TOSUNlux\",\"url\":\"https:\\\/\\\/www.tosunlux.eu\\\/ru\\\/\",\"logo\":{\"@type\":\"ImageObject\",\"inLanguage\":\"pl-PL\",\"@id\":\"https:\\\/\\\/www.tosunlux.eu\\\/ru\\\/#\\\/schema\\\/logo\\\/image\\\/\",\"url\":\"https:\\\/\\\/www.tosunlux.eu\\\/wp-content\\\/uploads\\\/2022\\\/01\\\/LOGOSYSM.71762f1.png\",\"contentUrl\":\"https:\\\/\\\/www.tosunlux.eu\\\/wp-content\\\/uploads\\\/2022\\\/01\\\/LOGOSYSM.71762f1.png\",\"width\":153,\"height\":55,\"caption\":\"TOSUNlux\"},\"image\":{\"@id\":\"https:\\\/\\\/www.tosunlux.eu\\\/ru\\\/#\\\/schema\\\/logo\\\/image\\\/\"},\"sameAs\":[\"https:\\\/\\\/www.facebook.com\\\/TOSUNelectric\\\/\",\"https:\\\/\\\/www.linkedin.com\\\/company\\\/wenzhou-tosun-electric-co.-ltd\\\/\"]}]}<\/script>\n<!-- \/ Yoast SEO plugin. -->","yoast_head_json":{"title":"WholesaleElectrical Car Charger - TOSUNlux Official Site - Electrical Circuit Breaker Manufacturer in China Low Voltage Electrical Supplier | TOSUNlux","description":"Electrical Car Charger Supplier - Wholesale direct from TOSUNlux, a trusted manufacturer since 1994. Get your B2B factory quote on our certified Low Voltage electrical products.","robots":{"index":"index","follow":"follow","max-snippet":"max-snippet:-1","max-image-preview":"max-image-preview:large","max-video-preview":"max-video-preview:-1"},"canonical":"https:\/\/www.tosunlux.eu\/pl\/products\/electrical-car-charger\/","og_locale":"pl_PL","og_type":"article","og_title":"WholesaleElectrical Car Charger - TOSUNlux Official Site - Electrical Circuit Breaker Manufacturer in China Low Voltage Electrical Supplier | TOSUNlux","og_description":"Electrical Car Charger Supplier - Wholesale direct from TOSUNlux, a trusted manufacturer since 1994. Get your B2B factory quote on our certified Low Voltage electrical products.","og_url":"https:\/\/www.tosunlux.eu\/pl\/products\/electrical-car-charger\/","og_site_name":"TOSUNlux Official Site - Electrical Circuit Breaker Manufacturer in China","article_publisher":"https:\/\/www.facebook.com\/TOSUNelectric\/","article_modified_time":"2023-03-16T05:15:03+00:00","og_image":[{"width":1500,"height":940,"url":"https:\/\/www.tosunlux.eu\/wp-content\/uploads\/2023\/04\/DSC08160_\u526f\u672c.jpg","type":"image\/jpeg"}],"twitter_card":"summary_large_image","twitter_misc":{"Szacowany czas czytania":"2 minuty"},"schema":{"@context":"https:\/\/schema.org","@graph":[{"@type":"WebPage","@id":"https:\/\/www.tosunlux.eu\/id\/products\/electrical-car-charger\/","url":"https:\/\/www.tosunlux.eu\/id\/products\/electrical-car-charger\/","name":"WholesaleElectrical Car Charger - TOSUNlux Official Site - Electrical Circuit Breaker Manufacturer in China Low Voltage Electrical Supplier | TOSUNlux","isPartOf":{"@id":"https:\/\/www.tosunlux.eu\/ru\/#website"},"datePublished":"2022-06-13T05:08:30+00:00","dateModified":"2023-03-16T05:15:03+00:00","description":"Electrical Car Charger Supplier - Wholesale direct from TOSUNlux, a trusted manufacturer since 1994. Get your B2B factory quote on our certified Low Voltage electrical products.","breadcrumb":{"@id":"https:\/\/www.tosunlux.eu\/id\/products\/electrical-car-charger\/#breadcrumb"},"inLanguage":"pl-PL","potentialAction":[{"@type":"ReadAction","target":["https:\/\/www.tosunlux.eu\/id\/products\/electrical-car-charger\/"]}]},{"@type":"BreadcrumbList","@id":"https:\/\/www.tosunlux.eu\/id\/products\/electrical-car-charger\/#breadcrumb","itemListElement":[{"@type":"ListItem","position":1,"name":"Home","item":"https:\/\/www.tosunlux.eu\/ru\/"},{"@type":"ListItem","position":2,"name":"Products","item":"https:\/\/www.tosunlux.eu\/products\/"},{"@type":"ListItem","position":3,"name":"Electrical Car Charger"}]},{"@type":"WebSite","@id":"https:\/\/www.tosunlux.eu\/ru\/#website","url":"https:\/\/www.tosunlux.eu\/ru\/","name":"Oficjalna strona TOSUNlux - Producent wy\u0142\u0105cznik\u00f3w elektrycznych w Chinach","description":"Dostawca system\u00f3w dystrybucji energii","publisher":{"@id":"https:\/\/www.tosunlux.eu\/ru\/#organization"},"alternateName":"TOSUNlux","potentialAction":[{"@type":"SearchAction","target":{"@type":"EntryPoint","urlTemplate":"https:\/\/www.tosunlux.eu\/ru\/?s={search_term_string}"},"query-input":{"@type":"PropertyValueSpecification","valueRequired":true,"valueName":"search_term_string"}}],"inLanguage":"pl-PL"},{"@type":"Organization","@id":"https:\/\/www.tosunlux.eu\/ru\/#organization","name":"TOSUNlux","url":"https:\/\/www.tosunlux.eu\/ru\/","logo":{"@type":"ImageObject","inLanguage":"pl-PL","@id":"https:\/\/www.tosunlux.eu\/ru\/#\/schema\/logo\/image\/","url":"https:\/\/www.tosunlux.eu\/wp-content\/uploads\/2022\/01\/LOGOSYSM.71762f1.png","contentUrl":"https:\/\/www.tosunlux.eu\/wp-content\/uploads\/2022\/01\/LOGOSYSM.71762f1.png","width":153,"height":55,"caption":"TOSUNlux"},"image":{"@id":"https:\/\/www.tosunlux.eu\/ru\/#\/schema\/logo\/image\/"},"sameAs":["https:\/\/www.facebook.com\/TOSUNelectric\/","https:\/\/www.linkedin.com\/company\/wenzhou-tosun-electric-co.-ltd\/"]}]}},"_links":{"self":[{"href":"https:\/\/www.tosunlux.eu\/pl\/wp-json\/wp\/v2\/product\/3768","targetHints":{"allow":["GET"]}}],"collection":[{"href":"https:\/\/www.tosunlux.eu\/pl\/wp-json\/wp\/v2\/product"}],"about":[{"href":"https:\/\/www.tosunlux.eu\/pl\/wp-json\/wp\/v2\/types\/product"}],"version-history":[{"count":0,"href":"https:\/\/www.tosunlux.eu\/pl\/wp-json\/wp\/v2\/product\/3768\/revisions"}],"wp:attachment":[{"href":"https:\/\/www.tosunlux.eu\/pl\/wp-json\/wp\/v2\/media?parent=3768"}],"wp:term":[{"taxonomy":"product_category","embeddable":true,"href":"https:\/\/www.tosunlux.eu\/pl\/wp-json\/wp\/v2\/product_category?post=3768"}],"curies":[{"name":"wp","href":"https:\/\/api.w.org\/{rel}","templated":true}]}}