{"id":4248,"date":"2022-07-07T13:54:48","date_gmt":"2022-07-07T05:54:48","guid":{"rendered":"https:\/\/www.tosunlux.eu\/?post_type=product&#038;p=4248"},"modified":"2022-07-07T13:54:49","modified_gmt":"2022-07-07T05:54:49","slug":"butt-shaped-insulated-terminal","status":"publish","type":"product","link":"https:\/\/www.tosunlux.eu\/pl\/products\/butt-shaped-insulated-terminal\/","title":{"rendered":"Ko\u0144c\u00f3wka izolowana w kszta\u0142cie po\u015bladka"},"content":{"rendered":"<p><strong>Specyfikacja<\/strong><\/p>\n<p>Zacisk izolowany doczo\u0142owo<\/p>\n<table width=\"687\">\n<tbody>\n<tr>\n<td style=\"text-align: center;\" rowspan=\"2\" width=\"109\">Model<\/td>\n<td style=\"text-align: center;\" rowspan=\"2\" width=\"109\">AMG<\/td>\n<td style=\"text-align: center;\" rowspan=\"2\" width=\"109\">mm\u00b2<\/td>\n<td style=\"text-align: center;\" colspan=\"3\" width=\"216\">Wymiary<\/td>\n<td style=\"text-align: center;\" rowspan=\"2\" width=\"72\">Maksymalnie<\/td>\n<td style=\"text-align: center;\" rowspan=\"2\" width=\"72\">Kolor<\/td>\n<\/tr>\n<tr>\n<td style=\"text-align: center;\" width=\"72\">H<\/td>\n<td style=\"text-align: center;\" width=\"72\">D\u03c6<\/td>\n<td style=\"text-align: center;\" width=\"72\">L<\/td>\n<\/tr>\n<tr>\n<td style=\"text-align: center;\" width=\"109\">BV1.25<\/td>\n<td style=\"text-align: center;\" width=\"109\">22~16<\/td>\n<td style=\"text-align: center;\" width=\"109\">0.5~1.5<\/td>\n<td style=\"text-align: center;\" width=\"72\">15<\/td>\n<td style=\"text-align: center;\" width=\"72\">1.7<\/td>\n<td style=\"text-align: center;\" width=\"72\">26<\/td>\n<td style=\"text-align: center;\" width=\"72\">19A<\/td>\n<td style=\"text-align: center;\" width=\"72\">Czerwony<\/td>\n<\/tr>\n<tr>\n<td style=\"text-align: center;\" width=\"109\">BV2<\/td>\n<td style=\"text-align: center;\" width=\"109\">16~14<\/td>\n<td style=\"text-align: center;\" width=\"109\">1.5~2.5<\/td>\n<td style=\"text-align: center;\" width=\"72\">15<\/td>\n<td style=\"text-align: center;\" width=\"72\">2.3<\/td>\n<td style=\"text-align: center;\" width=\"72\">26<\/td>\n<td style=\"text-align: center;\" width=\"72\">27A<\/td>\n<td style=\"text-align: center;\">Niebieski<\/td>\n<\/tr>\n<tr>\n<td style=\"text-align: center;\" width=\"109\">BV5.5<\/td>\n<td style=\"text-align: center;\" width=\"109\">12~10<\/td>\n<td style=\"text-align: center;\" width=\"109\">4~6<\/td>\n<td style=\"text-align: center;\" width=\"72\">15<\/td>\n<td style=\"text-align: center;\" width=\"72\">3.4<\/td>\n<td style=\"text-align: center;\" width=\"72\">26<\/td>\n<td style=\"text-align: center;\" width=\"72\">48A<\/td>\n<td style=\"text-align: center;\">\u00a0\u017b\u00f3\u0142ty<\/td>\n<\/tr>\n<tr>\n<td style=\"text-align: center;\" width=\"109\">BV8<\/td>\n<td style=\"text-align: center;\">#8<\/td>\n<td style=\"text-align: center;\">6~10<\/td>\n<td style=\"text-align: center;\">21<\/td>\n<td style=\"text-align: center;\">4.5<\/td>\n<td style=\"text-align: center;\">32<\/td>\n<td style=\"text-align: center;\">62A<\/td>\n<td style=\"text-align: center;\" width=\"72\">Czerwony<\/td>\n<\/tr>\n<tr>\n<td style=\"text-align: center;\" width=\"109\">BV14<\/td>\n<td style=\"text-align: center;\">#6<\/td>\n<td style=\"text-align: center;\">10~16<\/td>\n<td style=\"text-align: center;\">26<\/td>\n<td style=\"text-align: center;\">5.8<\/td>\n<td style=\"text-align: center;\">42<\/td>\n<td style=\"text-align: center;\">88A<\/td>\n<td style=\"text-align: center;\">Niebieski<\/td>\n<\/tr>\n<tr>\n<td style=\"text-align: center;\" width=\"109\">BV22<\/td>\n<td style=\"text-align: center;\">#4<\/td>\n<td style=\"text-align: center;\">16~25<\/td>\n<td style=\"text-align: center;\">29<\/td>\n<td style=\"text-align: center;\">7.7<\/td>\n<td style=\"text-align: center;\">50<\/td>\n<td style=\"text-align: center;\">115A<\/td>\n<td style=\"text-align: center;\">\u00a0\u017b\u00f3\u0142ty<\/td>\n<\/tr>\n<tr>\n<td style=\"text-align: center;\">BV38<\/td>\n<td style=\"text-align: center;\">#2<\/td>\n<td style=\"text-align: center;\">35~50<\/td>\n<td style=\"text-align: center;\">32<\/td>\n<td style=\"text-align: center;\">9.4<\/td>\n<td style=\"text-align: center;\">55<\/td>\n<td style=\"text-align: center;\">160A<\/td>\n<td style=\"text-align: center;\" width=\"72\">Czerwony<\/td>\n<\/tr>\n<\/tbody>\n<\/table>\n<p>\u00a0<\/p>\n<p>Zacisk izolowany doczo\u0142owo<\/p>\n<table width=\"687\">\n<tbody>\n<tr>\n<td style=\"text-align: center;\" rowspan=\"2\" width=\"109\">Model<\/td>\n<td style=\"text-align: center;\" rowspan=\"2\" width=\"109\">AMG<\/td>\n<td style=\"text-align: center;\" rowspan=\"2\" width=\"109\">mm\u00b2<\/td>\n<td style=\"text-align: center;\" colspan=\"3\" width=\"216\">Wymiary<\/td>\n<td style=\"text-align: center;\" rowspan=\"2\" width=\"72\">Maksymalnie<\/td>\n<td style=\"text-align: center;\" rowspan=\"2\" width=\"72\">Kolor<\/td>\n<\/tr>\n<tr>\n<td width=\"72\">H<\/td>\n<td width=\"72\">D\u03c6<\/td>\n<td width=\"72\">L<\/td>\n<\/tr>\n<tr>\n<td style=\"text-align: center;\" width=\"109\">PVT1.25<\/td>\n<td style=\"text-align: center;\" width=\"109\">22~16<\/td>\n<td style=\"text-align: center;\" width=\"109\">0.5~1.5<\/td>\n<td style=\"text-align: center;\" width=\"72\">8<\/td>\n<td style=\"text-align: center;\" width=\"72\">1.7<\/td>\n<td style=\"text-align: center;\" width=\"72\">16<\/td>\n<td style=\"text-align: center;\" width=\"72\">19A<\/td>\n<td style=\"text-align: center;\" width=\"72\">Czerwony<\/td>\n<\/tr>\n<tr>\n<td style=\"text-align: center;\" width=\"109\">PVT2<\/td>\n<td style=\"text-align: center;\" width=\"109\">16~14<\/td>\n<td style=\"text-align: center;\" width=\"109\">1.5~2.5<\/td>\n<td style=\"text-align: center;\" width=\"72\">8<\/td>\n<td style=\"text-align: center;\" width=\"72\">2.3<\/td>\n<td style=\"text-align: center;\" width=\"72\">16<\/td>\n<td style=\"text-align: center;\" width=\"72\">27A<\/td>\n<td style=\"text-align: center;\">Niebieski<\/td>\n<\/tr>\n<tr>\n<td style=\"text-align: center;\" width=\"109\">PVT5.5<\/td>\n<td style=\"text-align: center;\" width=\"109\">12~10<\/td>\n<td style=\"text-align: center;\" width=\"109\">4~6<\/td>\n<td style=\"text-align: center;\" width=\"72\">8.5<\/td>\n<td style=\"text-align: center;\" width=\"72\">3.4<\/td>\n<td style=\"text-align: center;\" width=\"72\">20.5<\/td>\n<td style=\"text-align: center;\" width=\"72\">48A<\/td>\n<td style=\"text-align: center;\">\u00a0\u017b\u00f3\u0142ty<\/td>\n<\/tr>\n<\/tbody>\n<\/table>\n<p>\u00a0<\/p>\n<p>Ko\u0144c\u00f3wka po\u015bladkowa<\/p>\n<table width=\"691\">\n<tbody>\n<tr>\n<td style=\"text-align: center;\" rowspan=\"2\" width=\"109\">Model<\/td>\n<td style=\"text-align: center;\" colspan=\"3\" width=\"290\">Wymiary<\/td>\n<td style=\"text-align: center;\" colspan=\"3\" width=\"292\">Zakres przewod\u00f3w<\/td>\n<\/tr>\n<tr>\n<td style=\"text-align: center;\" width=\"109\">L<\/td>\n<td style=\"text-align: center;\" width=\"109\">D\u03c6<\/td>\n<td style=\"text-align: center;\" width=\"72\">d\u03c6<\/td>\n<td style=\"text-align: center;\">Pojedynczy<\/td>\n<td style=\"text-align: center;\">Podw\u00f3jny (mm\u00b2)<\/td>\n<td style=\"text-align: center;\">AWG<\/td>\n<\/tr>\n<tr>\n<td style=\"text-align: center;\" width=\"109\">B-1.5<\/td>\n<td style=\"text-align: center;\">16.5<\/td>\n<td style=\"text-align: center;\">3.3<\/td>\n<td style=\"text-align: center;\">1.9<\/td>\n<td style=\"text-align: center;\" width=\"97\">0.57~1.44<\/td>\n<td style=\"text-align: center;\" width=\"108\">0.25~1.65<\/td>\n<td style=\"text-align: center;\" width=\"87\">22~16<\/td>\n<\/tr>\n<tr>\n<td style=\"text-align: center;\" width=\"109\">B-2<\/td>\n<td style=\"text-align: center;\">16.5<\/td>\n<td style=\"text-align: center;\">4<\/td>\n<td style=\"text-align: center;\">2.6<\/td>\n<td style=\"text-align: center;\" width=\"97\">1.44~1.82<\/td>\n<td style=\"text-align: center;\" width=\"108\">1.04~2.63<\/td>\n<td style=\"text-align: center;\" width=\"87\">16~14<\/td>\n<\/tr>\n<tr>\n<td style=\"text-align: center;\" width=\"109\">B-5.5<\/td>\n<td style=\"text-align: center;\">16.5<\/td>\n<td style=\"text-align: center;\">5.5<\/td>\n<td style=\"text-align: center;\">3.7<\/td>\n<td style=\"text-align: center;\" width=\"97\">1.82~2.89<\/td>\n<td style=\"text-align: center;\" width=\"108\">2.63~6.64<\/td>\n<td style=\"text-align: center;\" width=\"87\">12~10<\/td>\n<\/tr>\n<tr>\n<td style=\"text-align: center;\" width=\"109\">B-8<\/td>\n<td style=\"text-align: center;\">22.5<\/td>\n<td style=\"text-align: center;\">7.1<\/td>\n<td style=\"text-align: center;\">5.1<\/td>\n<td style=\"text-align: center;\">2.89~3.56<\/td>\n<td style=\"text-align: center;\" width=\"108\">6.64~10.52<\/td>\n<td style=\"text-align: center;\">8<\/td>\n<\/tr>\n<tr>\n<td style=\"text-align: center;\" width=\"109\">B-14<\/td>\n<td style=\"text-align: center;\">27.5<\/td>\n<td style=\"text-align: center;\">9<\/td>\n<td style=\"text-align: center;\">6.4<\/td>\n<td style=\"text-align: center;\">3.56~4.62<\/td>\n<td style=\"text-align: center;\" width=\"108\">10.52~16.78<\/td>\n<td style=\"text-align: center;\">6<\/td>\n<\/tr>\n<tr>\n<td style=\"text-align: center;\" width=\"109\">B-22<\/td>\n<td style=\"text-align: center;\">30.5<\/td>\n<td style=\"text-align: center;\">11.4<\/td>\n<td style=\"text-align: center;\">8.2<\/td>\n<td style=\"text-align: center;\">4.62~5.81<\/td>\n<td style=\"text-align: center;\" width=\"108\">16.78~26.66<\/td>\n<td style=\"text-align: center;\">4<\/td>\n<\/tr>\n<tr>\n<td style=\"text-align: center;\">B-38<\/td>\n<td style=\"text-align: center;\">33.5<\/td>\n<td style=\"text-align: center;\">13.3<\/td>\n<td style=\"text-align: center;\">10.1<\/td>\n<td style=\"text-align: center;\">5.81~7.34<\/td>\n<td style=\"text-align: center;\" width=\"108\">26.66~42.42<\/td>\n<td style=\"text-align: center;\">2<\/td>\n<\/tr>\n<tr>\n<td style=\"text-align: center;\">B-60<\/td>\n<td style=\"text-align: center;\">36.0\u00a0<\/td>\n<td style=\"text-align: center;\">15.4<\/td>\n<td style=\"text-align: center;\">12.0\u00a0<\/td>\n<td style=\"text-align: center;\">7.34~8.26<\/td>\n<td style=\"text-align: center;\" width=\"108\">42.42~60.57<\/td>\n<td style=\"text-align: center;\">1\/0<\/td>\n<\/tr>\n<tr>\n<td style=\"text-align: center;\">B-70<\/td>\n<td style=\"text-align: center;\">37.8<\/td>\n<td style=\"text-align: center;\">17.4<\/td>\n<td style=\"text-align: center;\">14.0\u00a0<\/td>\n<td style=\"text-align: center;\">8.26~9.27<\/td>\n<td style=\"text-align: center;\" width=\"108\">60.57~76.82<\/td>\n<td style=\"text-align: center;\">2\/0<\/td>\n<\/tr>\n<tr>\n<td style=\"text-align: center;\">B-80<\/td>\n<td style=\"text-align: center;\">39.5<\/td>\n<td style=\"text-align: center;\">19.4<\/td>\n<td style=\"text-align: center;\">15.4<\/td>\n<td style=\"text-align: center;\">9.27~10.41<\/td>\n<td style=\"text-align: center;\" width=\"108\">76.82~96.3<\/td>\n<td style=\"text-align: center;\">3\/2<\/td>\n<\/tr>\n<tr>\n<td style=\"text-align: center;\">B-100<\/td>\n<td style=\"text-align: center;\">39.5<\/td>\n<td style=\"text-align: center;\">22.0\u00a0<\/td>\n<td style=\"text-align: center;\">17.6<\/td>\n<td style=\"text-align: center;\">10.41~11.68<\/td>\n<td style=\"text-align: center;\" width=\"108\">96.6~117.2<\/td>\n<td style=\"text-align: center;\">4\/0<\/td>\n<\/tr>\n<tr>\n<td style=\"text-align: center;\">B-125<\/td>\n<td style=\"text-align: center;\">43.4<\/td>\n<td style=\"text-align: center;\">24.1<\/td>\n<td style=\"text-align: center;\">19.2<\/td>\n<td style=\"text-align: center;\">10.01~12.7<\/td>\n<td style=\"text-align: center;\" width=\"108\">107.2~130.4<\/td>\n<td style=\"text-align: center;\">4\/0<\/td>\n<\/tr>\n<tr>\n<td style=\"text-align: center;\">B-150<\/td>\n<td style=\"text-align: center;\">55.5<\/td>\n<td style=\"text-align: center;\">26.0\u00a0<\/td>\n<td style=\"text-align: center;\">20.9<\/td>\n<td style=\"text-align: center;\">11.68~13.8<\/td>\n<td style=\"text-align: center;\" width=\"108\">117~152.05<\/td>\n<td style=\"text-align: center;\" width=\"87\">250~300MCM<\/td>\n<\/tr>\n<tr>\n<td style=\"text-align: center;\">B-180<\/td>\n<td style=\"text-align: center;\">58.5<\/td>\n<td style=\"text-align: center;\">28.6<\/td>\n<td style=\"text-align: center;\">22.0\u00a0<\/td>\n<td style=\"text-align: center;\">13.8~15.6<\/td>\n<td style=\"text-align: center;\">152.05~192.6<\/td>\n<td style=\"text-align: center;\" width=\"87\">300~350MCM<\/td>\n<\/tr>\n<tr>\n<td style=\"text-align: center;\">B-200<\/td>\n<td style=\"text-align: center;\">64.5<\/td>\n<td style=\"text-align: center;\">32.5<\/td>\n<td style=\"text-align: center;\">25.7<\/td>\n<td style=\"text-align: center;\">15.6~17.5<\/td>\n<td style=\"text-align: center;\">192.6~242.2<\/td>\n<td style=\"text-align: center;\">400 milion\u00f3w metr\u00f3w sze\u015bciennych<\/td>\n<\/tr>\n<tr>\n<td style=\"text-align: center;\">B-250<\/td>\n<td style=\"text-align: center;\">64.5<\/td>\n<td style=\"text-align: center;\">32.5<\/td>\n<td style=\"text-align: center;\">25.7<\/td>\n<td style=\"text-align: center;\">15.6~17.5<\/td>\n<td style=\"text-align: center;\">192.6~242.2<\/td>\n<td style=\"text-align: center;\">400 milion\u00f3w metr\u00f3w sze\u015bciennych<\/td>\n<\/tr>\n<tr>\n<td style=\"text-align: center;\">B-325<\/td>\n<td style=\"text-align: center;\">73.5<\/td>\n<td style=\"text-align: center;\">37<\/td>\n<td style=\"text-align: center;\">29<\/td>\n<td style=\"text-align: center;\">17.5~20.3<\/td>\n<td style=\"text-align: center;\">242.2~325<\/td>\n<td style=\"text-align: center;\" width=\"87\">500~600MCM<\/td>\n<\/tr>\n<\/tbody>\n<\/table>\n\n\n<p><\/p>","protected":false},"parent":0,"template":"","product_category":[108],"class_list":["post-4248","product","type-product","status-publish","hentry","product_category-pre-insulated-terminal"],"yoast_head":"<!-- This site is optimized with the Yoast SEO plugin v27.3 - https:\/\/yoast.com\/product\/yoast-seo-wordpress\/ -->\n<title>WholesaleButt Shaped Insulated Terminal - TOSUNlux Official Site - Electrical Circuit Breaker Manufacturer in China Low Voltage Electrical Supplier | TOSUNlux<\/title>\n<meta name=\"description\" content=\"Butt Shaped Insulated Terminal Supplier - Wholesale direct from TOSUNlux, a trusted manufacturer since 1994. Get your B2B factory quote on our certified Low Voltage electrical products.\" \/>\n<meta name=\"robots\" content=\"index, follow, max-snippet:-1, max-image-preview:large, max-video-preview:-1\" \/>\n<link rel=\"canonical\" href=\"https:\/\/www.tosunlux.eu\/pl\/products\/butt-shaped-insulated-terminal\/\" \/>\n<meta property=\"og:locale\" content=\"pl_PL\" \/>\n<meta property=\"og:type\" content=\"article\" \/>\n<meta property=\"og:title\" content=\"WholesaleButt Shaped Insulated Terminal - TOSUNlux Official Site - Electrical Circuit Breaker Manufacturer in China Low Voltage Electrical Supplier | TOSUNlux\" \/>\n<meta property=\"og:description\" content=\"Butt Shaped Insulated Terminal Supplier - Wholesale direct from TOSUNlux, a trusted manufacturer since 1994. Get your B2B factory quote on our certified Low Voltage electrical products.\" \/>\n<meta property=\"og:url\" content=\"https:\/\/www.tosunlux.eu\/pl\/products\/butt-shaped-insulated-terminal\/\" \/>\n<meta property=\"og:site_name\" content=\"TOSUNlux Official Site - Electrical Circuit Breaker Manufacturer in China\" \/>\n<meta property=\"article:publisher\" content=\"https:\/\/www.facebook.com\/TOSUNelectric\/\" \/>\n<meta property=\"article:modified_time\" content=\"2022-07-07T05:54:49+00:00\" \/>\n<meta property=\"og:image\" content=\"https:\/\/www.tosunlux.eu\/wp-content\/uploads\/2023\/04\/DSC08160_\u526f\u672c.jpg\" \/>\n\t<meta property=\"og:image:width\" content=\"1500\" \/>\n\t<meta property=\"og:image:height\" content=\"940\" \/>\n\t<meta property=\"og:image:type\" content=\"image\/jpeg\" \/>\n<meta name=\"twitter:card\" content=\"summary_large_image\" \/>\n<meta name=\"twitter:label1\" content=\"Szacowany czas czytania\" \/>\n\t<meta name=\"twitter:data1\" content=\"2 minuty\" \/>\n<script type=\"application\/ld+json\" class=\"yoast-schema-graph\">{\"@context\":\"https:\\\/\\\/schema.org\",\"@graph\":[{\"@type\":\"WebPage\",\"@id\":\"https:\\\/\\\/www.tosunlux.eu\\\/fr\\\/products\\\/butt-shaped-insulated-terminal\\\/\",\"url\":\"https:\\\/\\\/www.tosunlux.eu\\\/fr\\\/products\\\/butt-shaped-insulated-terminal\\\/\",\"name\":\"WholesaleButt Shaped Insulated Terminal - TOSUNlux Official Site - Electrical Circuit Breaker Manufacturer in China Low Voltage Electrical Supplier | TOSUNlux\",\"isPartOf\":{\"@id\":\"https:\\\/\\\/www.tosunlux.eu\\\/ru\\\/#website\"},\"datePublished\":\"2022-07-07T05:54:48+00:00\",\"dateModified\":\"2022-07-07T05:54:49+00:00\",\"description\":\"Butt Shaped Insulated Terminal Supplier - Wholesale direct from TOSUNlux, a trusted manufacturer since 1994. Get your B2B factory quote on our certified Low Voltage electrical products.\",\"breadcrumb\":{\"@id\":\"https:\\\/\\\/www.tosunlux.eu\\\/fr\\\/products\\\/butt-shaped-insulated-terminal\\\/#breadcrumb\"},\"inLanguage\":\"pl-PL\",\"potentialAction\":[{\"@type\":\"ReadAction\",\"target\":[\"https:\\\/\\\/www.tosunlux.eu\\\/fr\\\/products\\\/butt-shaped-insulated-terminal\\\/\"]}]},{\"@type\":\"BreadcrumbList\",\"@id\":\"https:\\\/\\\/www.tosunlux.eu\\\/fr\\\/products\\\/butt-shaped-insulated-terminal\\\/#breadcrumb\",\"itemListElement\":[{\"@type\":\"ListItem\",\"position\":1,\"name\":\"Home\",\"item\":\"https:\\\/\\\/www.tosunlux.eu\\\/ru\\\/\"},{\"@type\":\"ListItem\",\"position\":2,\"name\":\"Products\",\"item\":\"https:\\\/\\\/www.tosunlux.eu\\\/products\\\/\"},{\"@type\":\"ListItem\",\"position\":3,\"name\":\"Butt Shaped Insulated Terminal\"}]},{\"@type\":\"WebSite\",\"@id\":\"https:\\\/\\\/www.tosunlux.eu\\\/ru\\\/#website\",\"url\":\"https:\\\/\\\/www.tosunlux.eu\\\/ru\\\/\",\"name\":\"TOSUNlux Official Site - Electrical Circuit Breaker Manufacturer in China\",\"description\":\"Power Distribution System Supplier\",\"publisher\":{\"@id\":\"https:\\\/\\\/www.tosunlux.eu\\\/ru\\\/#organization\"},\"alternateName\":\"TOSUNlux\",\"potentialAction\":[{\"@type\":\"SearchAction\",\"target\":{\"@type\":\"EntryPoint\",\"urlTemplate\":\"https:\\\/\\\/www.tosunlux.eu\\\/ru\\\/?s={search_term_string}\"},\"query-input\":{\"@type\":\"PropertyValueSpecification\",\"valueRequired\":true,\"valueName\":\"search_term_string\"}}],\"inLanguage\":\"pl-PL\"},{\"@type\":\"Organization\",\"@id\":\"https:\\\/\\\/www.tosunlux.eu\\\/ru\\\/#organization\",\"name\":\"TOSUNlux\",\"url\":\"https:\\\/\\\/www.tosunlux.eu\\\/ru\\\/\",\"logo\":{\"@type\":\"ImageObject\",\"inLanguage\":\"pl-PL\",\"@id\":\"https:\\\/\\\/www.tosunlux.eu\\\/ru\\\/#\\\/schema\\\/logo\\\/image\\\/\",\"url\":\"https:\\\/\\\/www.tosunlux.eu\\\/wp-content\\\/uploads\\\/2022\\\/01\\\/LOGOSYSM.71762f1.png\",\"contentUrl\":\"https:\\\/\\\/www.tosunlux.eu\\\/wp-content\\\/uploads\\\/2022\\\/01\\\/LOGOSYSM.71762f1.png\",\"width\":153,\"height\":55,\"caption\":\"TOSUNlux\"},\"image\":{\"@id\":\"https:\\\/\\\/www.tosunlux.eu\\\/ru\\\/#\\\/schema\\\/logo\\\/image\\\/\"},\"sameAs\":[\"https:\\\/\\\/www.facebook.com\\\/TOSUNelectric\\\/\",\"https:\\\/\\\/www.linkedin.com\\\/company\\\/wenzhou-tosun-electric-co.-ltd\\\/\"]}]}<\/script>\n<!-- \/ Yoast SEO plugin. -->","yoast_head_json":{"title":"Hurtowy izolowany zacisk w kszta\u0142cie butt - Oficjalna strona TOSUNlux - Producent wy\u0142\u0105cznik\u00f3w elektrycznych w Chinach Dostawca urz\u0105dze\u0144 niskonapi\u0119ciowych | TOSUNlux","description":"Dostawca izolowanych ko\u0144c\u00f3wek kszta\u0142towych - sprzeda\u017c hurtowa bezpo\u015brednio od TOSUNlux, zaufanego producenta od 1994 roku. Uzyskaj wycen\u0119 B2B od producenta na nasze certyfikowane produkty elektryczne niskiego napi\u0119cia.","robots":{"index":"index","follow":"follow","max-snippet":"max-snippet:-1","max-image-preview":"max-image-preview:large","max-video-preview":"max-video-preview:-1"},"canonical":"https:\/\/www.tosunlux.eu\/pl\/products\/butt-shaped-insulated-terminal\/","og_locale":"pl_PL","og_type":"article","og_title":"WholesaleButt Shaped Insulated Terminal - TOSUNlux Official Site - Electrical Circuit Breaker Manufacturer in China Low Voltage Electrical Supplier | TOSUNlux","og_description":"Butt Shaped Insulated Terminal Supplier - Wholesale direct from TOSUNlux, a trusted manufacturer since 1994. Get your B2B factory quote on our certified Low Voltage electrical products.","og_url":"https:\/\/www.tosunlux.eu\/pl\/products\/butt-shaped-insulated-terminal\/","og_site_name":"TOSUNlux Official Site - Electrical Circuit Breaker Manufacturer in China","article_publisher":"https:\/\/www.facebook.com\/TOSUNelectric\/","article_modified_time":"2022-07-07T05:54:49+00:00","og_image":[{"width":1500,"height":940,"url":"https:\/\/www.tosunlux.eu\/wp-content\/uploads\/2023\/04\/DSC08160_\u526f\u672c.jpg","type":"image\/jpeg"}],"twitter_card":"summary_large_image","twitter_misc":{"Szacowany czas czytania":"2 minuty"},"schema":{"@context":"https:\/\/schema.org","@graph":[{"@type":"WebPage","@id":"https:\/\/www.tosunlux.eu\/fr\/products\/butt-shaped-insulated-terminal\/","url":"https:\/\/www.tosunlux.eu\/fr\/products\/butt-shaped-insulated-terminal\/","name":"Hurtowy izolowany zacisk w kszta\u0142cie butt - Oficjalna strona TOSUNlux - Producent wy\u0142\u0105cznik\u00f3w elektrycznych w Chinach Dostawca urz\u0105dze\u0144 niskonapi\u0119ciowych | TOSUNlux","isPartOf":{"@id":"https:\/\/www.tosunlux.eu\/ru\/#website"},"datePublished":"2022-07-07T05:54:48+00:00","dateModified":"2022-07-07T05:54:49+00:00","description":"Dostawca izolowanych ko\u0144c\u00f3wek kszta\u0142towych - sprzeda\u017c hurtowa bezpo\u015brednio od TOSUNlux, zaufanego producenta od 1994 roku. Uzyskaj wycen\u0119 B2B od producenta na nasze certyfikowane produkty elektryczne niskiego napi\u0119cia.","breadcrumb":{"@id":"https:\/\/www.tosunlux.eu\/fr\/products\/butt-shaped-insulated-terminal\/#breadcrumb"},"inLanguage":"pl-PL","potentialAction":[{"@type":"ReadAction","target":["https:\/\/www.tosunlux.eu\/fr\/products\/butt-shaped-insulated-terminal\/"]}]},{"@type":"BreadcrumbList","@id":"https:\/\/www.tosunlux.eu\/fr\/products\/butt-shaped-insulated-terminal\/#breadcrumb","itemListElement":[{"@type":"ListItem","position":1,"name":"Home","item":"https:\/\/www.tosunlux.eu\/ru\/"},{"@type":"ListItem","position":2,"name":"Products","item":"https:\/\/www.tosunlux.eu\/products\/"},{"@type":"ListItem","position":3,"name":"Butt Shaped Insulated Terminal"}]},{"@type":"WebSite","@id":"https:\/\/www.tosunlux.eu\/ru\/#website","url":"https:\/\/www.tosunlux.eu\/ru\/","name":"Oficjalna strona TOSUNlux - Producent wy\u0142\u0105cznik\u00f3w elektrycznych w Chinach","description":"Dostawca system\u00f3w dystrybucji energii","publisher":{"@id":"https:\/\/www.tosunlux.eu\/ru\/#organization"},"alternateName":"TOSUNlux","potentialAction":[{"@type":"SearchAction","target":{"@type":"EntryPoint","urlTemplate":"https:\/\/www.tosunlux.eu\/ru\/?s={search_term_string}"},"query-input":{"@type":"PropertyValueSpecification","valueRequired":true,"valueName":"search_term_string"}}],"inLanguage":"pl-PL"},{"@type":"Organization","@id":"https:\/\/www.tosunlux.eu\/ru\/#organization","name":"TOSUNlux","url":"https:\/\/www.tosunlux.eu\/ru\/","logo":{"@type":"ImageObject","inLanguage":"pl-PL","@id":"https:\/\/www.tosunlux.eu\/ru\/#\/schema\/logo\/image\/","url":"https:\/\/www.tosunlux.eu\/wp-content\/uploads\/2022\/01\/LOGOSYSM.71762f1.png","contentUrl":"https:\/\/www.tosunlux.eu\/wp-content\/uploads\/2022\/01\/LOGOSYSM.71762f1.png","width":153,"height":55,"caption":"TOSUNlux"},"image":{"@id":"https:\/\/www.tosunlux.eu\/ru\/#\/schema\/logo\/image\/"},"sameAs":["https:\/\/www.facebook.com\/TOSUNelectric\/","https:\/\/www.linkedin.com\/company\/wenzhou-tosun-electric-co.-ltd\/"]}]}},"_links":{"self":[{"href":"https:\/\/www.tosunlux.eu\/pl\/wp-json\/wp\/v2\/product\/4248","targetHints":{"allow":["GET"]}}],"collection":[{"href":"https:\/\/www.tosunlux.eu\/pl\/wp-json\/wp\/v2\/product"}],"about":[{"href":"https:\/\/www.tosunlux.eu\/pl\/wp-json\/wp\/v2\/types\/product"}],"version-history":[{"count":1,"href":"https:\/\/www.tosunlux.eu\/pl\/wp-json\/wp\/v2\/product\/4248\/revisions"}],"predecessor-version":[{"id":4266,"href":"https:\/\/www.tosunlux.eu\/pl\/wp-json\/wp\/v2\/product\/4248\/revisions\/4266"}],"wp:attachment":[{"href":"https:\/\/www.tosunlux.eu\/pl\/wp-json\/wp\/v2\/media?parent=4248"}],"wp:term":[{"taxonomy":"product_category","embeddable":true,"href":"https:\/\/www.tosunlux.eu\/pl\/wp-json\/wp\/v2\/product_category?post=4248"}],"curies":[{"name":"wp","href":"https:\/\/api.w.org\/{rel}","templated":true}]}}