{"id":4695,"date":"2022-07-18T15:18:34","date_gmt":"2022-07-18T07:18:34","guid":{"rendered":"https:\/\/www.tosunlux.eu\/?post_type=product&#038;p=4695"},"modified":"2023-06-08T11:21:38","modified_gmt":"2023-06-08T03:21:38","slug":"swb1-spiral-wrapping-band","status":"publish","type":"product","link":"https:\/\/www.tosunlux.eu\/pl\/products\/swb1-spiral-wrapping-band\/","title":{"rendered":"Ta\u015bma spiralna SWB1"},"content":{"rendered":"<div class=\"wp-block-columns is-layout-flex wp-container-core-columns-is-layout-9d6595d7 wp-block-columns-is-layout-flex\">\n<div class=\"wp-block-column is-layout-flow wp-block-column-is-layout-flow\" style=\"flex-basis:100%\">\n<div class=\"wp-block-group\"><div class=\"wp-block-group__inner-container is-layout-flow wp-block-group-is-layout-flow\">\n<p> \u00b7 Materia\u0142: PE<br> \u00b7Kolor: bia\u0142y lub czarny<br> \u00b7 Spos\u00f3b u\u017cycia: najpierw przymocuj jeden koniec pasem bezpiecze\u0144stwa, a nast\u0119pnie owi\u0144 przewody zgodnie z ruchem wskaz\u00f3wek zegara, aby je<br>   by\u0107 zaostrzonym.<br> \u00b7Zastosowanie: ochrona przewod\u00f3w elektrycznych, zapewnienie im izolacji i wygl\u0105du<br>   \u0141adny.<\/p>\n<\/div><\/div>\n<\/div>\n<\/div>\n\n\n<table style=\"border-collapse: collapse; width: 795.02pt;\" border=\"0\" width=\"1060\" cellspacing=\"0\" cellpadding=\"0\">\n<tbody>\n<tr style=\"height: 34.75pt;\">\n<td class=\"et2\" style=\"height: 34.75pt; width: 795.20pt;\" colspan=\"5\" width=\"1060\" height=\"46\">Specyfikacja<\/td>\n<\/tr>\n<tr style=\"height: 26.05pt;\">\n<td class=\"et2\" style=\"height: 26.05pt; width: 158.75pt; text-align: center;\" width=\"211\" height=\"34\">Model<\/td>\n<td class=\"et2\" style=\"width: 134.55pt; text-align: center;\" width=\"179\">D<\/td>\n<td class=\"et2\" style=\"width: 134.05pt; text-align: center;\" width=\"178\">D<\/td>\n<td class=\"et2\" style=\"width: 135.5pt; text-align: center;\" width=\"180\">W<\/td>\n<td class=\"et2\" style=\"width: 232.35pt; text-align: center;\" width=\"309\">Zakres owijania<\/td>\n<\/tr>\n<tr style=\"height: 25.05pt;\">\n<td class=\"et2\" style=\"height: 25.05pt; width: 158.75pt; text-align: center;\" width=\"211\" height=\"33\">SWB1-03<\/td>\n<td class=\"et2\" style=\"width: 134.55pt; text-align: center;\" width=\"179\">3.5<\/td>\n<td class=\"et2\" style=\"width: 134.05pt; text-align: center;\" width=\"178\">4.5<\/td>\n<td class=\"et2\" style=\"width: 135.5pt; text-align: center;\" width=\"180\">6<\/td>\n<td class=\"et2\" style=\"width: 232.35pt; text-align: center;\" width=\"309\">1. .5-10<\/td>\n<\/tr>\n<tr style=\"height: 26.55pt;\">\n<td class=\"et2\" style=\"height: 26.55pt; width: 158.75pt; text-align: center;\" width=\"211\" height=\"35\">SWB1-06<\/td>\n<td class=\"et2\" style=\"width: 134.55pt; text-align: center;\" width=\"179\">4<\/td>\n<td class=\"et2\" style=\"width: 134.05pt; text-align: center;\" width=\"178\">5<\/td>\n<td class=\"et2\" style=\"width: 135.5pt; text-align: center;\" width=\"180\">7<\/td>\n<td class=\"et2\" style=\"width: 232.35pt; text-align: center;\" width=\"309\">4- 50<\/td>\n<\/tr>\n<tr style=\"height: 25.05pt;\">\n<td class=\"et2\" style=\"height: 25.05pt; width: 158.75pt; text-align: center;\" width=\"211\" height=\"33\">SWB1-08<\/td>\n<td class=\"et2\" style=\"width: 134.55pt; text-align: center;\" width=\"179\">6<\/td>\n<td class=\"et2\" style=\"width: 134.05pt; text-align: center;\" width=\"178\">8<\/td>\n<td class=\"et2\" style=\"width: 135.5pt; text-align: center;\" width=\"180\">10.8<\/td>\n<td class=\"et2\" style=\"width: 232.35pt; text-align: center;\" width=\"309\">6-60<\/td>\n<\/tr>\n<tr style=\"height: 26.05pt;\">\n<td class=\"et2\" style=\"height: 26.05pt; width: 158.75pt; text-align: center;\" width=\"211\" height=\"34\">SWB1-10<\/td>\n<td class=\"et2\" style=\"width: 134.55pt; text-align: center;\" width=\"179\">7.5<\/td>\n<td class=\"et2\" style=\"width: 134.05pt; text-align: center;\" width=\"178\">10<\/td>\n<td class=\"et2\" style=\"width: 135.5pt; text-align: center;\" width=\"180\">11. 4<\/td>\n<td class=\"et2\" style=\"width: 232.35pt; text-align: center;\" width=\"309\">7.5-60<\/td>\n<\/tr>\n<tr style=\"height: 25.05pt;\">\n<td class=\"et2\" style=\"height: 25.05pt; width: 158.75pt; text-align: center;\" width=\"211\" height=\"33\">SWB1-12<\/td>\n<td class=\"et2\" style=\"width: 134.55pt; text-align: center;\" width=\"179\">10<\/td>\n<td class=\"et2\" style=\"width: 134.05pt; text-align: center;\" width=\"178\">12<\/td>\n<td class=\"et2\" style=\"width: 135.5pt; text-align: center;\" width=\"180\">15<\/td>\n<td class=\"et2\" style=\"width: 232.35pt; text-align: center;\" width=\"309\">9-65<\/td>\n<\/tr>\n<tr style=\"height: 26.55pt;\">\n<td class=\"et2\" style=\"height: 26.55pt; width: 158.75pt; text-align: center;\" width=\"211\" height=\"35\">SWB1-15<\/td>\n<td class=\"et2\" style=\"width: 134.55pt; text-align: center;\" width=\"179\">12<\/td>\n<td class=\"et2\" style=\"width: 134.05pt; text-align: center;\" width=\"178\">15<\/td>\n<td class=\"et2\" style=\"width: 135.5pt; text-align: center;\" width=\"180\">15<\/td>\n<td class=\"et2\" style=\"width: 232.35pt; text-align: center;\" width=\"309\">12-75<\/td>\n<\/tr>\n<tr style=\"height: 25.55pt;\">\n<td class=\"et2\" style=\"height: 25.55pt; width: 158.75pt; text-align: center;\" width=\"211\" height=\"34\">SWB1-19<\/td>\n<td class=\"et2\" style=\"width: 134.55pt; text-align: center;\" width=\"179\">15<\/td>\n<td class=\"et2\" style=\"width: 134.05pt; text-align: center;\" width=\"178\">17<\/td>\n<td class=\"et2\" style=\"width: 135.5pt; text-align: center;\" width=\"180\">20<\/td>\n<td class=\"et2\" style=\"width: 232.35pt; text-align: center;\" width=\"309\">1 5-100<\/td>\n<\/tr>\n<tr style=\"height: 25.05pt;\">\n<td class=\"et2\" style=\"height: 25.05pt; width: 158.75pt; text-align: center;\" width=\"211\" height=\"33\">SWB1-24<\/td>\n<td class=\"et2\" style=\"width: 134.55pt; text-align: center;\" width=\"179\">20<\/td>\n<td class=\"et2\" style=\"width: 134.05pt; text-align: center;\" width=\"178\">22<\/td>\n<td class=\"et2\" style=\"width: 135.5pt; text-align: center;\" width=\"180\">23<\/td>\n<td class=\"et2\" style=\"width: 232.35pt; text-align: center;\" width=\"309\">20-130<\/td>\n<\/tr>\n<tr style=\"height: 26.55pt;\">\n<td class=\"et2\" style=\"height: 26.55pt; width: 158.75pt; text-align: center;\" width=\"211\" height=\"35\">SWB1-30<\/td>\n<td class=\"et2\" style=\"width: 134.55pt; text-align: center;\" width=\"179\">27<\/td>\n<td class=\"et2\" style=\"width: 134.05pt; text-align: center;\" width=\"178\">31<\/td>\n<td class=\"et2\" style=\"width: 135.5pt; text-align: center;\" width=\"180\">33<\/td>\n<td class=\"et2\" style=\"width: 232.35pt; text-align: center;\" width=\"309\">26-150<\/td>\n<\/tr>\n<\/tbody>\n<\/table>","protected":false},"parent":0,"template":"","product_category":[36],"class_list":["post-4695","product","type-product","status-publish","hentry","product_category-electrical-accessories"],"yoast_head":"<!-- This site is optimized with the Yoast SEO plugin v27.3 - https:\/\/yoast.com\/product\/yoast-seo-wordpress\/ -->\n<title>WholesaleSWB1 Spiral Wrapping Band - TOSUNlux Official Site - Electrical Circuit Breaker Manufacturer in China Low Voltage Electrical Supplier | TOSUNlux<\/title>\n<meta name=\"description\" content=\"SWB1 Spiral Wrapping Band Supplier - Wholesale direct from TOSUNlux, a trusted manufacturer since 1994. Get your B2B factory quote on our certified Low Voltage electrical products.\" \/>\n<meta name=\"robots\" content=\"index, follow, max-snippet:-1, max-image-preview:large, max-video-preview:-1\" \/>\n<link rel=\"canonical\" href=\"https:\/\/www.tosunlux.eu\/pl\/products\/swb1-spiral-wrapping-band\/\" \/>\n<meta property=\"og:locale\" content=\"pl_PL\" \/>\n<meta property=\"og:type\" content=\"article\" \/>\n<meta property=\"og:title\" content=\"WholesaleSWB1 Spiral Wrapping Band - TOSUNlux Official Site - Electrical Circuit Breaker Manufacturer in China Low Voltage Electrical Supplier | TOSUNlux\" \/>\n<meta property=\"og:description\" content=\"SWB1 Spiral Wrapping Band Supplier - Wholesale direct from TOSUNlux, a trusted manufacturer since 1994. Get your B2B factory quote on our certified Low Voltage electrical products.\" \/>\n<meta property=\"og:url\" content=\"https:\/\/www.tosunlux.eu\/pl\/products\/swb1-spiral-wrapping-band\/\" \/>\n<meta property=\"og:site_name\" content=\"TOSUNlux Official Site - Electrical Circuit Breaker Manufacturer in China\" \/>\n<meta property=\"article:publisher\" content=\"https:\/\/www.facebook.com\/TOSUNelectric\/\" \/>\n<meta property=\"article:modified_time\" content=\"2023-06-08T03:21:38+00:00\" \/>\n<meta property=\"og:image\" content=\"https:\/\/www.tosunlux.eu\/wp-content\/uploads\/2023\/04\/DSC08160_\u526f\u672c.jpg\" \/>\n\t<meta property=\"og:image:width\" content=\"1500\" \/>\n\t<meta property=\"og:image:height\" content=\"940\" \/>\n\t<meta property=\"og:image:type\" content=\"image\/jpeg\" \/>\n<meta name=\"twitter:card\" content=\"summary_large_image\" \/>\n<meta name=\"twitter:label1\" content=\"Szacowany czas czytania\" \/>\n\t<meta name=\"twitter:data1\" content=\"1 minuta\" \/>\n<script type=\"application\/ld+json\" class=\"yoast-schema-graph\">{\"@context\":\"https:\\\/\\\/schema.org\",\"@graph\":[{\"@type\":\"WebPage\",\"@id\":\"https:\\\/\\\/www.tosunlux.eu\\\/ru\\\/products\\\/swb1-spiral-wrapping-band\\\/\",\"url\":\"https:\\\/\\\/www.tosunlux.eu\\\/ru\\\/products\\\/swb1-spiral-wrapping-band\\\/\",\"name\":\"WholesaleSWB1 Spiral Wrapping Band - TOSUNlux Official Site - Electrical Circuit Breaker Manufacturer in China Low Voltage Electrical Supplier | TOSUNlux\",\"isPartOf\":{\"@id\":\"https:\\\/\\\/www.tosunlux.eu\\\/ru\\\/#website\"},\"datePublished\":\"2022-07-18T07:18:34+00:00\",\"dateModified\":\"2023-06-08T03:21:38+00:00\",\"description\":\"SWB1 Spiral Wrapping Band Supplier - Wholesale direct from TOSUNlux, a trusted manufacturer since 1994. Get your B2B factory quote on our certified Low Voltage electrical products.\",\"breadcrumb\":{\"@id\":\"https:\\\/\\\/www.tosunlux.eu\\\/ru\\\/products\\\/swb1-spiral-wrapping-band\\\/#breadcrumb\"},\"inLanguage\":\"pl-PL\",\"potentialAction\":[{\"@type\":\"ReadAction\",\"target\":[\"https:\\\/\\\/www.tosunlux.eu\\\/ru\\\/products\\\/swb1-spiral-wrapping-band\\\/\"]}]},{\"@type\":\"BreadcrumbList\",\"@id\":\"https:\\\/\\\/www.tosunlux.eu\\\/ru\\\/products\\\/swb1-spiral-wrapping-band\\\/#breadcrumb\",\"itemListElement\":[{\"@type\":\"ListItem\",\"position\":1,\"name\":\"Home\",\"item\":\"https:\\\/\\\/www.tosunlux.eu\\\/ru\\\/\"},{\"@type\":\"ListItem\",\"position\":2,\"name\":\"Products\",\"item\":\"https:\\\/\\\/www.tosunlux.eu\\\/products\\\/\"},{\"@type\":\"ListItem\",\"position\":3,\"name\":\"SWB1 Spiral Wrapping Band\"}]},{\"@type\":\"WebSite\",\"@id\":\"https:\\\/\\\/www.tosunlux.eu\\\/ru\\\/#website\",\"url\":\"https:\\\/\\\/www.tosunlux.eu\\\/ru\\\/\",\"name\":\"TOSUNlux Official Site - Electrical Circuit Breaker Manufacturer in China\",\"description\":\"Power Distribution System Supplier\",\"publisher\":{\"@id\":\"https:\\\/\\\/www.tosunlux.eu\\\/ru\\\/#organization\"},\"alternateName\":\"TOSUNlux\",\"potentialAction\":[{\"@type\":\"SearchAction\",\"target\":{\"@type\":\"EntryPoint\",\"urlTemplate\":\"https:\\\/\\\/www.tosunlux.eu\\\/ru\\\/?s={search_term_string}\"},\"query-input\":{\"@type\":\"PropertyValueSpecification\",\"valueRequired\":true,\"valueName\":\"search_term_string\"}}],\"inLanguage\":\"pl-PL\"},{\"@type\":\"Organization\",\"@id\":\"https:\\\/\\\/www.tosunlux.eu\\\/ru\\\/#organization\",\"name\":\"TOSUNlux\",\"url\":\"https:\\\/\\\/www.tosunlux.eu\\\/ru\\\/\",\"logo\":{\"@type\":\"ImageObject\",\"inLanguage\":\"pl-PL\",\"@id\":\"https:\\\/\\\/www.tosunlux.eu\\\/ru\\\/#\\\/schema\\\/logo\\\/image\\\/\",\"url\":\"https:\\\/\\\/www.tosunlux.eu\\\/wp-content\\\/uploads\\\/2022\\\/01\\\/LOGOSYSM.71762f1.png\",\"contentUrl\":\"https:\\\/\\\/www.tosunlux.eu\\\/wp-content\\\/uploads\\\/2022\\\/01\\\/LOGOSYSM.71762f1.png\",\"width\":153,\"height\":55,\"caption\":\"TOSUNlux\"},\"image\":{\"@id\":\"https:\\\/\\\/www.tosunlux.eu\\\/ru\\\/#\\\/schema\\\/logo\\\/image\\\/\"},\"sameAs\":[\"https:\\\/\\\/www.facebook.com\\\/TOSUNelectric\\\/\",\"https:\\\/\\\/www.linkedin.com\\\/company\\\/wenzhou-tosun-electric-co.-ltd\\\/\"]}]}<\/script>\n<!-- \/ Yoast SEO plugin. -->","yoast_head_json":{"title":"Hurtowa ta\u015bma spiralna SWB1 do owijania - Oficjalna strona TOSUNlux - Producent wy\u0142\u0105cznik\u00f3w elektrycznych w Chinach Dostawca urz\u0105dze\u0144 niskonapi\u0119ciowych | TOSUNlux","description":"Dostawca ta\u015bm spiralnych SWB1 - Sprzeda\u017c hurtowa bezpo\u015brednio od TOSUNlux, zaufanego producenta od 1994 roku. Uzyskaj wycen\u0119 fabryczn\u0105 B2B na nasze certyfikowane produkty elektryczne niskiego napi\u0119cia.","robots":{"index":"index","follow":"follow","max-snippet":"max-snippet:-1","max-image-preview":"max-image-preview:large","max-video-preview":"max-video-preview:-1"},"canonical":"https:\/\/www.tosunlux.eu\/pl\/products\/swb1-spiral-wrapping-band\/","og_locale":"pl_PL","og_type":"article","og_title":"WholesaleSWB1 Spiral Wrapping Band - TOSUNlux Official Site - Electrical Circuit Breaker Manufacturer in China Low Voltage Electrical Supplier | TOSUNlux","og_description":"SWB1 Spiral Wrapping Band Supplier - Wholesale direct from TOSUNlux, a trusted manufacturer since 1994. Get your B2B factory quote on our certified Low Voltage electrical products.","og_url":"https:\/\/www.tosunlux.eu\/pl\/products\/swb1-spiral-wrapping-band\/","og_site_name":"TOSUNlux Official Site - Electrical Circuit Breaker Manufacturer in China","article_publisher":"https:\/\/www.facebook.com\/TOSUNelectric\/","article_modified_time":"2023-06-08T03:21:38+00:00","og_image":[{"width":1500,"height":940,"url":"https:\/\/www.tosunlux.eu\/wp-content\/uploads\/2023\/04\/DSC08160_\u526f\u672c.jpg","type":"image\/jpeg"}],"twitter_card":"summary_large_image","twitter_misc":{"Szacowany czas czytania":"1 minuta"},"schema":{"@context":"https:\/\/schema.org","@graph":[{"@type":"WebPage","@id":"https:\/\/www.tosunlux.eu\/ru\/products\/swb1-spiral-wrapping-band\/","url":"https:\/\/www.tosunlux.eu\/ru\/products\/swb1-spiral-wrapping-band\/","name":"Hurtowa ta\u015bma spiralna SWB1 do owijania - Oficjalna strona TOSUNlux - Producent wy\u0142\u0105cznik\u00f3w elektrycznych w Chinach Dostawca urz\u0105dze\u0144 niskonapi\u0119ciowych | TOSUNlux","isPartOf":{"@id":"https:\/\/www.tosunlux.eu\/ru\/#website"},"datePublished":"2022-07-18T07:18:34+00:00","dateModified":"2023-06-08T03:21:38+00:00","description":"Dostawca ta\u015bm spiralnych SWB1 - Sprzeda\u017c hurtowa bezpo\u015brednio od TOSUNlux, zaufanego producenta od 1994 roku. Uzyskaj wycen\u0119 fabryczn\u0105 B2B na nasze certyfikowane produkty elektryczne niskiego napi\u0119cia.","breadcrumb":{"@id":"https:\/\/www.tosunlux.eu\/ru\/products\/swb1-spiral-wrapping-band\/#breadcrumb"},"inLanguage":"pl-PL","potentialAction":[{"@type":"ReadAction","target":["https:\/\/www.tosunlux.eu\/ru\/products\/swb1-spiral-wrapping-band\/"]}]},{"@type":"BreadcrumbList","@id":"https:\/\/www.tosunlux.eu\/ru\/products\/swb1-spiral-wrapping-band\/#breadcrumb","itemListElement":[{"@type":"ListItem","position":1,"name":"Home","item":"https:\/\/www.tosunlux.eu\/ru\/"},{"@type":"ListItem","position":2,"name":"Products","item":"https:\/\/www.tosunlux.eu\/products\/"},{"@type":"ListItem","position":3,"name":"SWB1 Spiral Wrapping Band"}]},{"@type":"WebSite","@id":"https:\/\/www.tosunlux.eu\/ru\/#website","url":"https:\/\/www.tosunlux.eu\/ru\/","name":"Oficjalna strona TOSUNlux - Producent wy\u0142\u0105cznik\u00f3w elektrycznych w Chinach","description":"Dostawca system\u00f3w dystrybucji energii","publisher":{"@id":"https:\/\/www.tosunlux.eu\/ru\/#organization"},"alternateName":"TOSUNlux","potentialAction":[{"@type":"SearchAction","target":{"@type":"EntryPoint","urlTemplate":"https:\/\/www.tosunlux.eu\/ru\/?s={search_term_string}"},"query-input":{"@type":"PropertyValueSpecification","valueRequired":true,"valueName":"search_term_string"}}],"inLanguage":"pl-PL"},{"@type":"Organization","@id":"https:\/\/www.tosunlux.eu\/ru\/#organization","name":"TOSUNlux","url":"https:\/\/www.tosunlux.eu\/ru\/","logo":{"@type":"ImageObject","inLanguage":"pl-PL","@id":"https:\/\/www.tosunlux.eu\/ru\/#\/schema\/logo\/image\/","url":"https:\/\/www.tosunlux.eu\/wp-content\/uploads\/2022\/01\/LOGOSYSM.71762f1.png","contentUrl":"https:\/\/www.tosunlux.eu\/wp-content\/uploads\/2022\/01\/LOGOSYSM.71762f1.png","width":153,"height":55,"caption":"TOSUNlux"},"image":{"@id":"https:\/\/www.tosunlux.eu\/ru\/#\/schema\/logo\/image\/"},"sameAs":["https:\/\/www.facebook.com\/TOSUNelectric\/","https:\/\/www.linkedin.com\/company\/wenzhou-tosun-electric-co.-ltd\/"]}]}},"_links":{"self":[{"href":"https:\/\/www.tosunlux.eu\/pl\/wp-json\/wp\/v2\/product\/4695","targetHints":{"allow":["GET"]}}],"collection":[{"href":"https:\/\/www.tosunlux.eu\/pl\/wp-json\/wp\/v2\/product"}],"about":[{"href":"https:\/\/www.tosunlux.eu\/pl\/wp-json\/wp\/v2\/types\/product"}],"version-history":[{"count":1,"href":"https:\/\/www.tosunlux.eu\/pl\/wp-json\/wp\/v2\/product\/4695\/revisions"}],"predecessor-version":[{"id":7072,"href":"https:\/\/www.tosunlux.eu\/pl\/wp-json\/wp\/v2\/product\/4695\/revisions\/7072"}],"wp:attachment":[{"href":"https:\/\/www.tosunlux.eu\/pl\/wp-json\/wp\/v2\/media?parent=4695"}],"wp:term":[{"taxonomy":"product_category","embeddable":true,"href":"https:\/\/www.tosunlux.eu\/pl\/wp-json\/wp\/v2\/product_category?post=4695"}],"curies":[{"name":"wp","href":"https:\/\/api.w.org\/{rel}","templated":true}]}}