{"id":4747,"date":"2022-07-20T11:08:59","date_gmt":"2022-07-20T03:08:59","guid":{"rendered":"https:\/\/www.tosunlux.eu\/?post_type=product&#038;p=4747"},"modified":"2024-12-18T12:44:54","modified_gmt":"2024-12-18T04:44:54","slug":"wiring-ductslotted-2","status":"publish","type":"product","link":"https:\/\/www.tosunlux.eu\/pl\/products\/wiring-ductslotted-2\/","title":{"rendered":"Kana\u0142 kablowy (szczelinowy)"},"content":{"rendered":"<p> \u00b7Materia\u0142: Wysokiej jako\u015bci PVC<\/p>\n\n\n\n<p> \u00b7 Budowa: Sk\u0142ada si\u0119 z pokrywy i spodu, posiada r\u00f3wnoleg\u0142e otwory na obu \u015bcianach bocznych u\u0142atwiaj\u0105ce ci\u0119cie drutu.<\/p>\n\n\n\n<p> Zalety: 1. Izolacja do 2500 V. Maksymalna temperatura pracy do 550\u00b0C. Odporno\u015b\u0107 na odkszta\u0142cenia UL-94-V0.<\/p>\n\n\n\n<p>2. Dobra konstrukcja i zaawansowany proces, solidne po\u0142\u0105czenie pokrywy i spodu, g\u0142adkie pokrycie, brak kraw\u0119dzi, wszystko to chroni wydajno\u015b\u0107 przewod\u00f3w.<\/p>\n\n\n\n<p>3.Niskie szczeliny, \u0142atwe \u0142\u0105czenie, prosty monta\u017c.<\/p>\n\n\n\n<p><\/p>\n\n\n<table width=\"552\">\n<tbody>\n<tr>\n<td style=\"text-align: center;\" width=\"139\">Model<\/td>\n<td style=\"text-align: center;\" width=\"142\">Wysoko\u015b\u0107 x szeroko\u015b\u0107<\/td>\n<td style=\"text-align: center;\" width=\"182\">Przew\u00f3d w opakowaniu (1,5 mm\u00b2)<\/td>\n<td style=\"text-align: center;\" width=\"88\">D\u0142ugo\u015b\u0107<\/td>\n<\/tr>\n<tr>\n<td style=\"text-align: center;\" width=\"139\">PXC3-2015<\/td>\n<td style=\"text-align: center;\" width=\"142\">20\u00d715<\/td>\n<td style=\"text-align: center;\" width=\"182\">5-12szt<\/td>\n<td style=\"text-align: center;\" rowspan=\"45\">2 metry<\/td>\n<\/tr>\n<tr>\n<td style=\"text-align: center;\" width=\"139\">PXC3-2525<\/td>\n<td style=\"text-align: center;\" width=\"142\">25\u00d725<\/td>\n<td style=\"text-align: center;\" width=\"182\">10-25szt<\/td>\n<\/tr>\n<tr>\n<td style=\"text-align: center;\" width=\"139\">PXC3-3015<\/td>\n<td style=\"text-align: center;\" width=\"142\">30\u00d715<\/td>\n<td style=\"text-align: center;\" width=\"182\">5-15szt<\/td>\n<\/tr>\n<tr>\n<td style=\"text-align: center;\" width=\"139\">PXC3-3020<\/td>\n<td style=\"text-align: center;\" width=\"142\">30\u00d720<\/td>\n<td style=\"text-align: center;\" width=\"182\">10-20szt<\/td>\n<\/tr>\n<tr>\n<td style=\"text-align: center;\" width=\"139\">PXC3-3025<\/td>\n<td style=\"text-align: center;\" width=\"142\">30\u00d725<\/td>\n<td style=\"text-align: center;\" width=\"182\">15-25szt<\/td>\n<\/tr>\n<tr>\n<td style=\"text-align: center;\" width=\"139\">PXC3-3030<\/td>\n<td style=\"text-align: center;\" width=\"142\">30\u00d730<\/td>\n<td style=\"text-align: center;\" width=\"182\">20-30szt<\/td>\n<\/tr>\n<tr>\n<td style=\"text-align: center;\" width=\"139\">PXC3-3035<\/td>\n<td style=\"text-align: center;\" width=\"142\">30\u00d735<\/td>\n<td style=\"text-align: center;\" width=\"182\">25-40szt<\/td>\n<\/tr>\n<tr>\n<td style=\"text-align: center;\" width=\"139\">PXC3-3525<\/td>\n<td style=\"text-align: center;\" width=\"142\">35\u00d725<\/td>\n<td style=\"text-align: center;\" width=\"182\">15-25szt<\/td>\n<\/tr>\n<tr>\n<td style=\"text-align: center;\" width=\"139\">PXC3-3535<\/td>\n<td style=\"text-align: center;\" width=\"142\">35\u00d735<\/td>\n<td style=\"text-align: center;\" width=\"182\">20-25szt<\/td>\n<\/tr>\n<tr>\n<td style=\"text-align: center;\" width=\"139\">PXC3-4025<\/td>\n<td style=\"text-align: center;\" width=\"142\">40\u00d725<\/td>\n<td style=\"text-align: center;\" width=\"182\">20-25szt<\/td>\n<\/tr>\n<tr>\n<td style=\"text-align: center;\" width=\"139\">PXC3-4030<\/td>\n<td style=\"text-align: center;\" width=\"142\">40 30<\/td>\n<td style=\"text-align: center;\" width=\"182\">40-45 os\u00f3b<\/td>\n<\/tr>\n<tr>\n<td style=\"text-align: center;\" width=\"139\">PXC3-4035<\/td>\n<td style=\"text-align: center;\" width=\"142\">40\u00d735<\/td>\n<td style=\"text-align: center;\" width=\"182\">40-45szt<\/td>\n<\/tr>\n<tr>\n<td style=\"text-align: center;\" width=\"139\">PXC3-4040<\/td>\n<td style=\"text-align: center;\" width=\"142\">40\u00d740<\/td>\n<td style=\"text-align: center;\" width=\"182\">60-70szt<\/td>\n<\/tr>\n<tr>\n<td style=\"text-align: center;\" width=\"139\">PXC3-4545<\/td>\n<td style=\"text-align: center;\" width=\"142\">45\u00d745<\/td>\n<td style=\"text-align: center;\" width=\"182\">70-90szt<\/td>\n<\/tr>\n<tr>\n<td style=\"text-align: center;\" width=\"139\">PXC3-5020<\/td>\n<td style=\"text-align: center;\" width=\"142\">50\u00d720<\/td>\n<td style=\"text-align: center;\" width=\"182\">15-20szt<\/td>\n<\/tr>\n<tr>\n<td style=\"text-align: center;\" width=\"139\">PXC3-5025<\/td>\n<td style=\"text-align: center;\" width=\"142\">50\u00d725<\/td>\n<td style=\"text-align: center;\" width=\"182\">20-25szt<\/td>\n<\/tr>\n<tr>\n<td style=\"text-align: center;\" width=\"139\">PXC3-5030<\/td>\n<td style=\"text-align: center;\" width=\"142\">50\u00d730<\/td>\n<td style=\"text-align: center;\" width=\"182\">30-40szt<\/td>\n<\/tr>\n<tr>\n<td style=\"text-align: center;\" width=\"139\">PXC3-5035<\/td>\n<td style=\"text-align: center;\" width=\"142\">50\u00d735<\/td>\n<td style=\"text-align: center;\" width=\"182\">50-60szt<\/td>\n<\/tr>\n<tr>\n<td style=\"text-align: center;\" width=\"139\">PXC3-5040<\/td>\n<td style=\"text-align: center;\" width=\"142\">50\u00d740<\/td>\n<td style=\"text-align: center;\" width=\"182\">60-70szt<\/td>\n<\/tr>\n<tr>\n<td style=\"text-align: center;\" width=\"139\">PXC3-5045<\/td>\n<td style=\"text-align: center;\" width=\"142\">50\u00d745<\/td>\n<td style=\"text-align: center;\" width=\"182\">70-80szt<\/td>\n<\/tr>\n<tr>\n<td style=\"text-align: center;\" width=\"139\">PXC3-5050<\/td>\n<td style=\"text-align: center;\" width=\"142\">50x50<\/td>\n<td style=\"text-align: center;\" width=\"182\">80-90szt<\/td>\n<\/tr>\n<tr>\n<td style=\"text-align: center;\" width=\"139\">PXC3-5055<\/td>\n<td style=\"text-align: center;\" width=\"142\">50\u00d755<\/td>\n<td style=\"text-align: center;\" width=\"182\">90-100szt<\/td>\n<\/tr>\n<tr>\n<td style=\"text-align: center;\" width=\"139\">PXC3-5060<\/td>\n<td style=\"text-align: center;\" width=\"142\">50\u00d760<\/td>\n<td style=\"text-align: center;\" width=\"182\">100-120szt<\/td>\n<\/tr>\n<tr>\n<td style=\"text-align: center;\" width=\"139\">PXC3-5080<\/td>\n<td style=\"text-align: center;\" width=\"142\">50\u00d780&nbsp;<\/td>\n<td style=\"text-align: center;\" width=\"182\">150-200szt<\/td>\n<\/tr>\n<tr>\n<td style=\"text-align: center;\" width=\"139\">PXC3-50100<\/td>\n<td style=\"text-align: center;\" width=\"142\">50\u00d7100<\/td>\n<td style=\"text-align: center;\" width=\"182\">200-250szt<\/td>\n<\/tr>\n<tr>\n<td style=\"text-align: center;\" width=\"139\">PXC3-6025<\/td>\n<td style=\"text-align: center;\" width=\"142\">60\u00d725<\/td>\n<td style=\"text-align: center;\" width=\"182\">30-40szt<\/td>\n<\/tr>\n<tr>\n<td style=\"text-align: center;\" width=\"139\">PXC3-6030<\/td>\n<td style=\"text-align: center;\" width=\"142\">60\u00d730<\/td>\n<td style=\"text-align: center;\" width=\"182\">30-50szt<\/td>\n<\/tr>\n<tr>\n<td style=\"text-align: center;\" width=\"139\">PXC3-6035<\/td>\n<td style=\"text-align: center;\" width=\"142\">60\u00d735<\/td>\n<td style=\"text-align: center;\" width=\"182\">60-80szt<\/td>\n<\/tr>\n<tr>\n<td style=\"text-align: center;\" width=\"139\">PXC3-6040<\/td>\n<td style=\"text-align: center;\" width=\"142\">60\u00d740<\/td>\n<td style=\"text-align: center;\" width=\"182\">100-110 szt.<\/td>\n<\/tr>\n<tr>\n<td style=\"text-align: center;\" width=\"139\">PXC3-6045<\/td>\n<td style=\"text-align: center;\" width=\"142\">60\u00d745<\/td>\n<td style=\"text-align: center;\" width=\"182\">110-120 szt.<\/td>\n<\/tr>\n<tr>\n<td style=\"text-align: center;\" width=\"139\">PXC3-6050<\/td>\n<td style=\"text-align: center;\" width=\"142\">60\u00d750<\/td>\n<td style=\"text-align: center;\" width=\"182\">110-125 szt.<\/td>\n<\/tr>\n<tr>\n<td style=\"text-align: center;\" width=\"139\">PXC3-6060<\/td>\n<td style=\"text-align: center;\" width=\"142\">60\u00d760<\/td>\n<td style=\"text-align: center;\" width=\"182\">110-120 szt.<\/td>\n<\/tr>\n<tr>\n<td style=\"text-align: center;\" width=\"139\">PXC3-6545<\/td>\n<td style=\"text-align: center;\" width=\"142\">65\u00d745<\/td>\n<td style=\"text-align: center;\" width=\"182\">100-130szt<\/td>\n<\/tr>\n<tr>\n<td style=\"text-align: center;\" width=\"139\">PXC3-8025<\/td>\n<td style=\"text-align: center;\" width=\"142\">80\u00d725<\/td>\n<td style=\"text-align: center;\" width=\"182\">100-120szt<\/td>\n<\/tr>\n<tr>\n<td style=\"text-align: center;\" width=\"139\">PXC3-8040<\/td>\n<td style=\"text-align: center;\" width=\"142\">80\u00d740<\/td>\n<td style=\"text-align: center;\" width=\"182\">120-135 szt.<\/td>\n<\/tr>\n<tr>\n<td style=\"text-align: center;\" width=\"139\">PXC3-8045<\/td>\n<td style=\"text-align: center;\" width=\"142\">80\u00d745<\/td>\n<td style=\"text-align: center;\" width=\"182\">120-140szt<\/td>\n<\/tr>\n<tr>\n<td style=\"text-align: center;\" width=\"139\">PXC3-8050<\/td>\n<td style=\"text-align: center;\" width=\"142\">80\u00d750<\/td>\n<td style=\"text-align: center;\" width=\"182\">130-180szt<\/td>\n<\/tr>\n<tr>\n<td style=\"text-align: center;\" width=\"139\">PXC3-8055<\/td>\n<td style=\"text-align: center;\" width=\"142\">80\u00d755<\/td>\n<td style=\"text-align: center;\" width=\"182\">135-190 szt.<\/td>\n<\/tr>\n<tr>\n<td style=\"text-align: center;\" width=\"139\">PXC3-8060<\/td>\n<td style=\"text-align: center;\" width=\"142\">80\u00d760<\/td>\n<td style=\"text-align: center;\" width=\"182\">180-210 szt.<\/td>\n<\/tr>\n<tr>\n<td style=\"text-align: center;\" width=\"139\">PXC3-8080<\/td>\n<td style=\"text-align: center;\" width=\"142\">80\u00d780<\/td>\n<td style=\"text-align: center;\" width=\"182\">240-290 szt.<\/td>\n<\/tr>\n<tr>\n<td style=\"text-align: center;\" width=\"139\">PXC3-80100<\/td>\n<td style=\"text-align: center;\" width=\"142\">80\u00d7100<\/td>\n<td style=\"text-align: center;\" width=\"182\">260-350szt<\/td>\n<\/tr>\n<tr>\n<td style=\"text-align: center;\" width=\"139\">PXC3-10050<\/td>\n<td style=\"text-align: center;\" width=\"142\">100\u00d750<\/td>\n<td style=\"text-align: center;\" width=\"182\">130-180szt<\/td>\n<\/tr>\n<tr>\n<td style=\"text-align: center;\" width=\"139\">PXC3-10060<\/td>\n<td style=\"text-align: center;\" width=\"142\">100\u00d760<\/td>\n<td style=\"text-align: center;\" width=\"182\">240-290 szt.<\/td>\n<\/tr>\n<tr>\n<td style=\"text-align: center;\" width=\"139\">PXC3-10080<\/td>\n<td style=\"text-align: center;\" width=\"142\">100\u00d780<\/td>\n<td style=\"text-align: center;\" width=\"182\">260-350szt<\/td>\n<\/tr>\n<tr>\n<td style=\"text-align: center;\" width=\"139\">PXC3-100100<\/td>\n<td style=\"text-align: center;\" width=\"142\">100\u00d7100<\/td>\n<td style=\"text-align: center;\" width=\"182\">300-400szt<\/td>\n<\/tr>\n<\/tbody>\n<\/table>\n\n\n<figure class=\"wp-block-image size-full\"><img fetchpriority=\"high\" decoding=\"async\" width=\"568\" height=\"916\" src=\"https:\/\/www.tosunlux.eu\/wp-content\/uploads\/2022\/07\/\u7ebf-2.jpg\" alt=\"\" class=\"wp-image-4754\" srcset=\"https:\/\/www.tosunlux.eu\/wp-content\/uploads\/2022\/07\/\u7ebf-2.jpg 568w, https:\/\/www.tosunlux.eu\/wp-content\/uploads\/2022\/07\/\u7ebf-2-186x300.jpg 186w\" sizes=\"(max-width: 568px) 100vw, 568px\" \/><\/figure>\n\n\n\n<figure class=\"wp-block-image size-large is-resized\"><img decoding=\"async\" src=\"https:\/\/www.tosunlux.eu\/wp-content\/uploads\/2023\/06\/K-type-1024x795.jpg\" alt=\"\" class=\"wp-image-7074\" width=\"256\" height=\"199\" srcset=\"https:\/\/www.tosunlux.eu\/wp-content\/uploads\/2023\/06\/K-type-1024x795.jpg 1024w, https:\/\/www.tosunlux.eu\/wp-content\/uploads\/2023\/06\/K-type-300x233.jpg 300w, https:\/\/www.tosunlux.eu\/wp-content\/uploads\/2023\/06\/K-type-768x596.jpg 768w, https:\/\/www.tosunlux.eu\/wp-content\/uploads\/2023\/06\/K-type-1536x1192.jpg 1536w, https:\/\/www.tosunlux.eu\/wp-content\/uploads\/2023\/06\/K-type-15x12.jpg 15w, https:\/\/www.tosunlux.eu\/wp-content\/uploads\/2023\/06\/K-type.jpg 1600w\" sizes=\"(max-width: 256px) 100vw, 256px\" \/><\/figure>\n\n\n\n<figure class=\"wp-block-image size-large is-resized\"><img decoding=\"async\" src=\"https:\/\/www.tosunlux.eu\/wp-content\/uploads\/2023\/06\/H-type-1024x841.jpg\" alt=\"\" class=\"wp-image-7075\" width=\"256\" height=\"210\" srcset=\"https:\/\/www.tosunlux.eu\/wp-content\/uploads\/2023\/06\/H-type-1024x841.jpg 1024w, https:\/\/www.tosunlux.eu\/wp-content\/uploads\/2023\/06\/H-type-300x247.jpg 300w, https:\/\/www.tosunlux.eu\/wp-content\/uploads\/2023\/06\/H-type-768x631.jpg 768w, https:\/\/www.tosunlux.eu\/wp-content\/uploads\/2023\/06\/H-type-1536x1262.jpg 1536w, https:\/\/www.tosunlux.eu\/wp-content\/uploads\/2023\/06\/H-type-15x12.jpg 15w, https:\/\/www.tosunlux.eu\/wp-content\/uploads\/2023\/06\/H-type.jpg 1599w\" sizes=\"(max-width: 256px) 100vw, 256px\" \/><\/figure>","protected":false},"parent":0,"template":"","product_category":[36,214,106],"class_list":["post-4747","product","type-product","status-publish","hentry","product_category-electrical-accessories","product_category-plastic-items","product_category-wiring-accessory"],"yoast_head":"<!-- This site is optimized with the Yoast SEO plugin v27.3 - https:\/\/yoast.com\/product\/yoast-seo-wordpress\/ -->\n<title>WholesaleWiring Duct(Slotted) - TOSUNlux Official Site - Electrical Circuit Breaker Manufacturer in China Low Voltage Electrical Supplier | TOSUNlux<\/title>\n<meta name=\"description\" content=\"Wiring Duct(Slotted) Supplier - Wholesale direct from TOSUNlux, a trusted manufacturer since 1994. Get your B2B factory quote on our certified Low Voltage electrical products.\" \/>\n<meta name=\"robots\" content=\"index, follow, max-snippet:-1, max-image-preview:large, max-video-preview:-1\" \/>\n<link rel=\"canonical\" href=\"https:\/\/www.tosunlux.eu\/pl\/products\/wiring-ductslotted-2\/\" \/>\n<meta property=\"og:locale\" content=\"pl_PL\" \/>\n<meta property=\"og:type\" content=\"article\" \/>\n<meta property=\"og:title\" content=\"WholesaleWiring Duct(Slotted) - TOSUNlux Official Site - Electrical Circuit Breaker Manufacturer in China Low Voltage Electrical Supplier | TOSUNlux\" \/>\n<meta property=\"og:description\" content=\"Wiring Duct(Slotted) Supplier - Wholesale direct from TOSUNlux, a trusted manufacturer since 1994. Get your B2B factory quote on our certified Low Voltage electrical products.\" \/>\n<meta property=\"og:url\" content=\"https:\/\/www.tosunlux.eu\/pl\/products\/wiring-ductslotted-2\/\" \/>\n<meta property=\"og:site_name\" content=\"TOSUNlux Official Site - Electrical Circuit Breaker Manufacturer in China\" \/>\n<meta property=\"article:publisher\" content=\"https:\/\/www.facebook.com\/TOSUNelectric\/\" \/>\n<meta property=\"article:modified_time\" content=\"2024-12-18T04:44:54+00:00\" \/>\n<meta property=\"og:image\" content=\"https:\/\/www.tosunlux.eu\/wp-content\/uploads\/2023\/06\/K-type-1024x795.jpg\" \/>\n<meta name=\"twitter:card\" content=\"summary_large_image\" \/>\n<meta name=\"twitter:label1\" content=\"Szacowany czas czytania\" \/>\n\t<meta name=\"twitter:data1\" content=\"2 minuty\" \/>\n<script type=\"application\/ld+json\" class=\"yoast-schema-graph\">{\"@context\":\"https:\\\/\\\/schema.org\",\"@graph\":[{\"@type\":\"WebPage\",\"@id\":\"https:\\\/\\\/www.tosunlux.eu\\\/fa\\\/products\\\/wiring-ductslotted-2\\\/\",\"url\":\"https:\\\/\\\/www.tosunlux.eu\\\/fa\\\/products\\\/wiring-ductslotted-2\\\/\",\"name\":\"WholesaleWiring Duct(Slotted) - TOSUNlux Official Site - Electrical Circuit Breaker Manufacturer in China Low Voltage Electrical Supplier | TOSUNlux\",\"isPartOf\":{\"@id\":\"https:\\\/\\\/www.tosunlux.eu\\\/ru\\\/#website\"},\"primaryImageOfPage\":{\"@id\":\"https:\\\/\\\/www.tosunlux.eu\\\/fa\\\/products\\\/wiring-ductslotted-2\\\/#primaryimage\"},\"image\":{\"@id\":\"https:\\\/\\\/www.tosunlux.eu\\\/fa\\\/products\\\/wiring-ductslotted-2\\\/#primaryimage\"},\"thumbnailUrl\":\"https:\\\/\\\/www.tosunlux.eu\\\/wp-content\\\/uploads\\\/2023\\\/06\\\/K-type-1024x795.jpg\",\"datePublished\":\"2022-07-20T03:08:59+00:00\",\"dateModified\":\"2024-12-18T04:44:54+00:00\",\"description\":\"Wiring Duct(Slotted) Supplier - Wholesale direct from TOSUNlux, a trusted manufacturer since 1994. Get your B2B factory quote on our certified Low Voltage electrical products.\",\"breadcrumb\":{\"@id\":\"https:\\\/\\\/www.tosunlux.eu\\\/fa\\\/products\\\/wiring-ductslotted-2\\\/#breadcrumb\"},\"inLanguage\":\"pl-PL\",\"potentialAction\":[{\"@type\":\"ReadAction\",\"target\":[\"https:\\\/\\\/www.tosunlux.eu\\\/fa\\\/products\\\/wiring-ductslotted-2\\\/\"]}]},{\"@type\":\"ImageObject\",\"inLanguage\":\"pl-PL\",\"@id\":\"https:\\\/\\\/www.tosunlux.eu\\\/fa\\\/products\\\/wiring-ductslotted-2\\\/#primaryimage\",\"url\":\"https:\\\/\\\/www.tosunlux.eu\\\/wp-content\\\/uploads\\\/2023\\\/06\\\/K-type-1024x795.jpg\",\"contentUrl\":\"https:\\\/\\\/www.tosunlux.eu\\\/wp-content\\\/uploads\\\/2023\\\/06\\\/K-type-1024x795.jpg\"},{\"@type\":\"BreadcrumbList\",\"@id\":\"https:\\\/\\\/www.tosunlux.eu\\\/fa\\\/products\\\/wiring-ductslotted-2\\\/#breadcrumb\",\"itemListElement\":[{\"@type\":\"ListItem\",\"position\":1,\"name\":\"Home\",\"item\":\"https:\\\/\\\/www.tosunlux.eu\\\/ru\\\/\"},{\"@type\":\"ListItem\",\"position\":2,\"name\":\"Products\",\"item\":\"https:\\\/\\\/www.tosunlux.eu\\\/products\\\/\"},{\"@type\":\"ListItem\",\"position\":3,\"name\":\"Wiring Duct(Slotted)\"}]},{\"@type\":\"WebSite\",\"@id\":\"https:\\\/\\\/www.tosunlux.eu\\\/ru\\\/#website\",\"url\":\"https:\\\/\\\/www.tosunlux.eu\\\/ru\\\/\",\"name\":\"TOSUNlux Official Site - Electrical Circuit Breaker Manufacturer in China\",\"description\":\"Power Distribution System Supplier\",\"publisher\":{\"@id\":\"https:\\\/\\\/www.tosunlux.eu\\\/ru\\\/#organization\"},\"alternateName\":\"TOSUNlux\",\"potentialAction\":[{\"@type\":\"SearchAction\",\"target\":{\"@type\":\"EntryPoint\",\"urlTemplate\":\"https:\\\/\\\/www.tosunlux.eu\\\/ru\\\/?s={search_term_string}\"},\"query-input\":{\"@type\":\"PropertyValueSpecification\",\"valueRequired\":true,\"valueName\":\"search_term_string\"}}],\"inLanguage\":\"pl-PL\"},{\"@type\":\"Organization\",\"@id\":\"https:\\\/\\\/www.tosunlux.eu\\\/ru\\\/#organization\",\"name\":\"TOSUNlux\",\"url\":\"https:\\\/\\\/www.tosunlux.eu\\\/ru\\\/\",\"logo\":{\"@type\":\"ImageObject\",\"inLanguage\":\"pl-PL\",\"@id\":\"https:\\\/\\\/www.tosunlux.eu\\\/ru\\\/#\\\/schema\\\/logo\\\/image\\\/\",\"url\":\"https:\\\/\\\/www.tosunlux.eu\\\/wp-content\\\/uploads\\\/2022\\\/01\\\/LOGOSYSM.71762f1.png\",\"contentUrl\":\"https:\\\/\\\/www.tosunlux.eu\\\/wp-content\\\/uploads\\\/2022\\\/01\\\/LOGOSYSM.71762f1.png\",\"width\":153,\"height\":55,\"caption\":\"TOSUNlux\"},\"image\":{\"@id\":\"https:\\\/\\\/www.tosunlux.eu\\\/ru\\\/#\\\/schema\\\/logo\\\/image\\\/\"},\"sameAs\":[\"https:\\\/\\\/www.facebook.com\\\/TOSUNelectric\\\/\",\"https:\\\/\\\/www.linkedin.com\\\/company\\\/wenzhou-tosun-electric-co.-ltd\\\/\"]}]}<\/script>\n<!-- \/ Yoast SEO plugin. -->","yoast_head_json":{"title":"Hurtowy kana\u0142 kablowy (szczelinowy) - Oficjalna strona TOSUNlux - Producent wy\u0142\u0105cznik\u00f3w obwodowych w Chinach Dostawca urz\u0105dze\u0144 elektrycznych niskiego napi\u0119cia | TOSUNlux","description":"Dostawca kana\u0142\u00f3w instalacyjnych (szczelinowych) - hurtowo bezpo\u015brednio od TOSUNlux, zaufanego producenta od 1994 roku. Uzyskaj wycen\u0119 fabryczn\u0105 B2B na nasze certyfikowane produkty elektryczne niskiego napi\u0119cia.","robots":{"index":"index","follow":"follow","max-snippet":"max-snippet:-1","max-image-preview":"max-image-preview:large","max-video-preview":"max-video-preview:-1"},"canonical":"https:\/\/www.tosunlux.eu\/pl\/products\/wiring-ductslotted-2\/","og_locale":"pl_PL","og_type":"article","og_title":"WholesaleWiring Duct(Slotted) - TOSUNlux Official Site - Electrical Circuit Breaker Manufacturer in China Low Voltage Electrical Supplier | TOSUNlux","og_description":"Wiring Duct(Slotted) Supplier - Wholesale direct from TOSUNlux, a trusted manufacturer since 1994. Get your B2B factory quote on our certified Low Voltage electrical products.","og_url":"https:\/\/www.tosunlux.eu\/pl\/products\/wiring-ductslotted-2\/","og_site_name":"TOSUNlux Official Site - Electrical Circuit Breaker Manufacturer in China","article_publisher":"https:\/\/www.facebook.com\/TOSUNelectric\/","article_modified_time":"2024-12-18T04:44:54+00:00","og_image":[{"url":"https:\/\/www.tosunlux.eu\/wp-content\/uploads\/2023\/06\/K-type-1024x795.jpg","type":"","width":"","height":""}],"twitter_card":"summary_large_image","twitter_misc":{"Szacowany czas czytania":"2 minuty"},"schema":{"@context":"https:\/\/schema.org","@graph":[{"@type":"WebPage","@id":"https:\/\/www.tosunlux.eu\/fa\/products\/wiring-ductslotted-2\/","url":"https:\/\/www.tosunlux.eu\/fa\/products\/wiring-ductslotted-2\/","name":"Hurtowy kana\u0142 kablowy (szczelinowy) - Oficjalna strona TOSUNlux - Producent wy\u0142\u0105cznik\u00f3w obwodowych w Chinach Dostawca urz\u0105dze\u0144 elektrycznych niskiego napi\u0119cia | TOSUNlux","isPartOf":{"@id":"https:\/\/www.tosunlux.eu\/ru\/#website"},"primaryImageOfPage":{"@id":"https:\/\/www.tosunlux.eu\/fa\/products\/wiring-ductslotted-2\/#primaryimage"},"image":{"@id":"https:\/\/www.tosunlux.eu\/fa\/products\/wiring-ductslotted-2\/#primaryimage"},"thumbnailUrl":"https:\/\/www.tosunlux.eu\/wp-content\/uploads\/2023\/06\/K-type-1024x795.jpg","datePublished":"2022-07-20T03:08:59+00:00","dateModified":"2024-12-18T04:44:54+00:00","description":"Dostawca kana\u0142\u00f3w instalacyjnych (szczelinowych) - hurtowo bezpo\u015brednio od TOSUNlux, zaufanego producenta od 1994 roku. Uzyskaj wycen\u0119 fabryczn\u0105 B2B na nasze certyfikowane produkty elektryczne niskiego napi\u0119cia.","breadcrumb":{"@id":"https:\/\/www.tosunlux.eu\/fa\/products\/wiring-ductslotted-2\/#breadcrumb"},"inLanguage":"pl-PL","potentialAction":[{"@type":"ReadAction","target":["https:\/\/www.tosunlux.eu\/fa\/products\/wiring-ductslotted-2\/"]}]},{"@type":"ImageObject","inLanguage":"pl-PL","@id":"https:\/\/www.tosunlux.eu\/fa\/products\/wiring-ductslotted-2\/#primaryimage","url":"https:\/\/www.tosunlux.eu\/wp-content\/uploads\/2023\/06\/K-type-1024x795.jpg","contentUrl":"https:\/\/www.tosunlux.eu\/wp-content\/uploads\/2023\/06\/K-type-1024x795.jpg"},{"@type":"BreadcrumbList","@id":"https:\/\/www.tosunlux.eu\/fa\/products\/wiring-ductslotted-2\/#breadcrumb","itemListElement":[{"@type":"ListItem","position":1,"name":"Home","item":"https:\/\/www.tosunlux.eu\/ru\/"},{"@type":"ListItem","position":2,"name":"Products","item":"https:\/\/www.tosunlux.eu\/products\/"},{"@type":"ListItem","position":3,"name":"Wiring Duct(Slotted)"}]},{"@type":"WebSite","@id":"https:\/\/www.tosunlux.eu\/ru\/#website","url":"https:\/\/www.tosunlux.eu\/ru\/","name":"Oficjalna strona TOSUNlux - Producent wy\u0142\u0105cznik\u00f3w elektrycznych w Chinach","description":"Dostawca system\u00f3w dystrybucji energii","publisher":{"@id":"https:\/\/www.tosunlux.eu\/ru\/#organization"},"alternateName":"TOSUNlux","potentialAction":[{"@type":"SearchAction","target":{"@type":"EntryPoint","urlTemplate":"https:\/\/www.tosunlux.eu\/ru\/?s={search_term_string}"},"query-input":{"@type":"PropertyValueSpecification","valueRequired":true,"valueName":"search_term_string"}}],"inLanguage":"pl-PL"},{"@type":"Organization","@id":"https:\/\/www.tosunlux.eu\/ru\/#organization","name":"TOSUNlux","url":"https:\/\/www.tosunlux.eu\/ru\/","logo":{"@type":"ImageObject","inLanguage":"pl-PL","@id":"https:\/\/www.tosunlux.eu\/ru\/#\/schema\/logo\/image\/","url":"https:\/\/www.tosunlux.eu\/wp-content\/uploads\/2022\/01\/LOGOSYSM.71762f1.png","contentUrl":"https:\/\/www.tosunlux.eu\/wp-content\/uploads\/2022\/01\/LOGOSYSM.71762f1.png","width":153,"height":55,"caption":"TOSUNlux"},"image":{"@id":"https:\/\/www.tosunlux.eu\/ru\/#\/schema\/logo\/image\/"},"sameAs":["https:\/\/www.facebook.com\/TOSUNelectric\/","https:\/\/www.linkedin.com\/company\/wenzhou-tosun-electric-co.-ltd\/"]}]}},"_links":{"self":[{"href":"https:\/\/www.tosunlux.eu\/pl\/wp-json\/wp\/v2\/product\/4747","targetHints":{"allow":["GET"]}}],"collection":[{"href":"https:\/\/www.tosunlux.eu\/pl\/wp-json\/wp\/v2\/product"}],"about":[{"href":"https:\/\/www.tosunlux.eu\/pl\/wp-json\/wp\/v2\/types\/product"}],"version-history":[{"count":2,"href":"https:\/\/www.tosunlux.eu\/pl\/wp-json\/wp\/v2\/product\/4747\/revisions"}],"predecessor-version":[{"id":12045,"href":"https:\/\/www.tosunlux.eu\/pl\/wp-json\/wp\/v2\/product\/4747\/revisions\/12045"}],"wp:attachment":[{"href":"https:\/\/www.tosunlux.eu\/pl\/wp-json\/wp\/v2\/media?parent=4747"}],"wp:term":[{"taxonomy":"product_category","embeddable":true,"href":"https:\/\/www.tosunlux.eu\/pl\/wp-json\/wp\/v2\/product_category?post=4747"}],"curies":[{"name":"wp","href":"https:\/\/api.w.org\/{rel}","templated":true}]}}