{"id":5055,"date":"2022-09-12T17:23:28","date_gmt":"2022-09-12T09:23:28","guid":{"rendered":"https:\/\/www.tosunlux.eu\/?post_type=product&#038;p=5055"},"modified":"2022-09-22T14:38:59","modified_gmt":"2022-09-22T06:38:59","slug":"tdd2-modular-digital-meter","status":"publish","type":"product","link":"https:\/\/www.tosunlux.eu\/pl\/products\/tdd2-modular-digital-meter\/","title":{"rendered":"Modu\u0142owy miernik cyfrowy TDD2"},"content":{"rendered":"<p><strong>Aplikacja<\/strong><\/p>\n\n\n\n<p>Modu\u0142owy miernik cyfrowy TDD2 mo\u017ce mierzy\u0107 i wy\u015bwietla\u0107 napi\u0119cie AC i pr\u0105d synchronicznie. Za pomoc\u0105 zewn\u0119trznego transformatora pr\u0105dowego maksymalny pr\u0105d mo\u017ce osi\u0105gn\u0105\u0107 100A.<br>Produkty s\u0105 przystosowane do zasilania pr\u0105dem przemiennym o cz\u0119stotliwo\u015bci sinusoidalnej 50\/60 Hz i spe\u0142niaj\u0105 norm\u0119 IEC60947-4-1.<br>Produkt\u00f3w nie wolno u\u017cywa\u0107 w \u015brodowisku elektrycznym, w kt\u00f3rym wyst\u0119puj\u0105 silne sygna\u0142y konwersji cz\u0119stotliwo\u015bci, sygna\u0142y o wysokiej cz\u0119stotliwo\u015bci, sygna\u0142y inwerterowe i sygna\u0142y zak\u0142\u00f3ce\u0144 harmonicznych.<\/p>\n\n\n<p><strong>Specyfikacja<\/strong><\/p>\n<table style=\"border-collapse: collapse; width: 458.27pt;\" border=\"0\" width=\"611\" cellspacing=\"0\" cellpadding=\"0\">\n<tbody>\n<tr style=\"height: 31.00pt;\">\n<td class=\"et2\" style=\"height: 31.00pt; width: 151.20pt;\" width=\"201\" height=\"41\">Zakres wy\u015bwietlania napi\u0119cia<\/td>\n<td class=\"et2\" style=\"width: 307.6pt; text-align: center;\" width=\"410\">Pr\u0105d zmienny 50 V-500 V<\/td>\n<\/tr>\n<tr style=\"height: 30.00pt;\">\n<td class=\"et2\" style=\"height: 30.00pt; width: 151.20pt;\" width=\"201\" height=\"40\">Aktualny zakres wy\u015bwietlania<\/td>\n<td class=\"et2\" style=\"width: 307.6pt; text-align: center;\" width=\"410\">1-63A\/1-100A<\/td>\n<\/tr>\n<tr style=\"height: 31.00pt;\">\n<td class=\"et2\" style=\"height: 31.00pt; width: 151.20pt;\" width=\"201\" height=\"41\">Wskazanie<\/td>\n<td class=\"et2\" style=\"width: 307.6pt; text-align: center;\" width=\"410\">V\/A Czerwony<\/td>\n<\/tr>\n<tr style=\"height: 30.00pt;\">\n<td class=\"et2\" style=\"height: 30.00pt; width: 151.20pt;\" width=\"201\" height=\"40\">Precyzja<\/td>\n<td class=\"et3\" style=\"width: 307.6pt; text-align: center;\" width=\"410\">\u00b12%<\/td>\n<\/tr>\n<tr style=\"height: 31.00pt;\">\n<td class=\"et2\" style=\"height: 31.00pt; width: 151.20pt;\" width=\"201\" height=\"41\">Znamionowe napi\u0119cie izolacji<\/td>\n<td class=\"et2\" style=\"width: 307.6pt; text-align: center;\" width=\"410\">660 V<\/td>\n<\/tr>\n<tr style=\"height: 30.00pt;\">\n<td class=\"et2\" style=\"height: 30.00pt; width: 151.20pt;\" width=\"201\" height=\"40\">Klasa ochrony<\/td>\n<td class=\"et2\" style=\"width: 307.6pt; text-align: center;\" width=\"410\">IP20<\/td>\n<\/tr>\n<tr style=\"height: 30.00pt;\">\n<td class=\"et2\" style=\"height: 30.00pt; width: 151.20pt;\" width=\"201\" height=\"40\">Wysoko\u015b\u0107<\/td>\n<td class=\"et4\" style=\"width: 307.6pt; text-align: center;\" width=\"410\">\u2264<span class=\"font0\">2000m<\/span><\/td>\n<\/tr>\n<tr style=\"height: 31.00pt;\">\n<td class=\"et2\" style=\"height: 31.00pt; width: 151.20pt;\" width=\"201\" height=\"41\">Temperatura otoczenia<\/td>\n<td class=\"et2\" style=\"width: 307.6pt; text-align: center;\" width=\"410\">-50\u00b0C~55\u00b0C<\/td>\n<\/tr>\n<tr style=\"height: 30.00pt;\">\n<td class=\"et2\" style=\"height: 30.00pt; width: 151.20pt;\" width=\"201\" height=\"40\">Wilgotno\u015b\u0107<\/td>\n<td class=\"et4\" style=\"width: 307.6pt; text-align: center;\" width=\"410\">\u2264<span class=\"font0\">50% 40<\/span><span class=\"font1\">\u00b0C<\/span><\/td>\n<\/tr>\n<tr style=\"height: 31.00pt;\">\n<td class=\"et2\" style=\"height: 31.00pt; width: 151.20pt;\" width=\"201\" height=\"41\">Temperatura przechowywania<\/td>\n<td class=\"et2\" style=\"width: 307.6pt; text-align: center;\" width=\"410\">-30\u00b0C~70\u00b0C<\/td>\n<\/tr>\n<\/tbody>\n<\/table>\n\n\n<p><strong>Wymiary<\/strong><\/p>\n\n\n\n<figure class=\"wp-block-image size-large is-resized\"><img fetchpriority=\"high\" decoding=\"async\" src=\"https:\/\/www.tosunlux.eu\/wp-content\/uploads\/2022\/09\/TDD2-2-1024x488.jpg\" alt=\"\" class=\"wp-image-5150\" width=\"768\" height=\"366\" srcset=\"https:\/\/www.tosunlux.eu\/wp-content\/uploads\/2022\/09\/TDD2-2-1024x488.jpg 1024w, https:\/\/www.tosunlux.eu\/wp-content\/uploads\/2022\/09\/TDD2-2-300x143.jpg 300w, https:\/\/www.tosunlux.eu\/wp-content\/uploads\/2022\/09\/TDD2-2-768x366.jpg 768w, https:\/\/www.tosunlux.eu\/wp-content\/uploads\/2022\/09\/TDD2-2.jpg 1037w\" sizes=\"(max-width: 768px) 100vw, 768px\" \/><\/figure>","protected":false},"parent":0,"template":"","product_category":[75,125],"class_list":["post-5055","product","type-product","status-publish","hentry","product_category-instruments","product_category-energy-meter"],"yoast_head":"<!-- This site is optimized with the Yoast SEO plugin v27.5 - https:\/\/yoast.com\/product\/yoast-seo-wordpress\/ -->\n<title>WholesaleTDD2 Modular Digital Meter - TOSUNlux Official Site - Electrical Circuit Breaker Manufacturer in China Low Voltage Electrical Supplier | TOSUNlux<\/title>\n<meta name=\"description\" content=\"TDD2 Modular Digital Meter Supplier - Wholesale direct from TOSUNlux, a trusted manufacturer since 1994. Get your B2B factory quote on our certified Low Voltage electrical products.\" \/>\n<meta name=\"robots\" content=\"index, follow, max-snippet:-1, max-image-preview:large, max-video-preview:-1\" \/>\n<link rel=\"canonical\" href=\"https:\/\/www.tosunlux.eu\/pl\/products\/tdd2-modular-digital-meter\/\" \/>\n<meta property=\"og:locale\" content=\"pl_PL\" \/>\n<meta property=\"og:type\" content=\"article\" \/>\n<meta property=\"og:title\" content=\"WholesaleTDD2 Modular Digital Meter - TOSUNlux Official Site - Electrical Circuit Breaker Manufacturer in China Low Voltage Electrical Supplier | TOSUNlux\" \/>\n<meta property=\"og:description\" content=\"TDD2 Modular Digital Meter Supplier - Wholesale direct from TOSUNlux, a trusted manufacturer since 1994. Get your B2B factory quote on our certified Low Voltage electrical products.\" \/>\n<meta property=\"og:url\" content=\"https:\/\/www.tosunlux.eu\/pl\/products\/tdd2-modular-digital-meter\/\" \/>\n<meta property=\"og:site_name\" content=\"TOSUNlux Official Site - Electrical Circuit Breaker Manufacturer in China\" \/>\n<meta property=\"article:publisher\" content=\"https:\/\/www.facebook.com\/TOSUNelectric\/\" \/>\n<meta property=\"article:modified_time\" content=\"2022-09-22T06:38:59+00:00\" \/>\n<meta property=\"og:image\" content=\"https:\/\/www.tosunlux.eu\/wp-content\/uploads\/2022\/09\/TDD2-2-1024x488.jpg\" \/>\n<meta name=\"twitter:card\" content=\"summary_large_image\" \/>\n<meta name=\"twitter:label1\" content=\"Szacowany czas czytania\" \/>\n\t<meta name=\"twitter:data1\" content=\"1 minuta\" \/>\n<script type=\"application\/ld+json\" class=\"yoast-schema-graph\">{\"@context\":\"https:\\\/\\\/schema.org\",\"@graph\":[{\"@type\":\"WebPage\",\"@id\":\"https:\\\/\\\/www.tosunlux.eu\\\/products\\\/tdd2-modular-digital-meter\\\/\",\"url\":\"https:\\\/\\\/www.tosunlux.eu\\\/products\\\/tdd2-modular-digital-meter\\\/\",\"name\":\"WholesaleTDD2 Modular Digital Meter - TOSUNlux Official Site - Electrical Circuit Breaker Manufacturer in China Low Voltage Electrical Supplier | TOSUNlux\",\"isPartOf\":{\"@id\":\"https:\\\/\\\/www.tosunlux.eu\\\/ru\\\/#website\"},\"primaryImageOfPage\":{\"@id\":\"https:\\\/\\\/www.tosunlux.eu\\\/products\\\/tdd2-modular-digital-meter\\\/#primaryimage\"},\"image\":{\"@id\":\"https:\\\/\\\/www.tosunlux.eu\\\/products\\\/tdd2-modular-digital-meter\\\/#primaryimage\"},\"thumbnailUrl\":\"https:\\\/\\\/www.tosunlux.eu\\\/wp-content\\\/uploads\\\/2022\\\/09\\\/TDD2-2-1024x488.jpg\",\"datePublished\":\"2022-09-12T09:23:28+00:00\",\"dateModified\":\"2022-09-22T06:38:59+00:00\",\"description\":\"TDD2 Modular Digital Meter Supplier - Wholesale direct from TOSUNlux, a trusted manufacturer since 1994. Get your B2B factory quote on our certified Low Voltage electrical products.\",\"breadcrumb\":{\"@id\":\"https:\\\/\\\/www.tosunlux.eu\\\/products\\\/tdd2-modular-digital-meter\\\/#breadcrumb\"},\"inLanguage\":\"pl-PL\",\"potentialAction\":[{\"@type\":\"ReadAction\",\"target\":[\"https:\\\/\\\/www.tosunlux.eu\\\/products\\\/tdd2-modular-digital-meter\\\/\"]}]},{\"@type\":\"ImageObject\",\"inLanguage\":\"pl-PL\",\"@id\":\"https:\\\/\\\/www.tosunlux.eu\\\/products\\\/tdd2-modular-digital-meter\\\/#primaryimage\",\"url\":\"https:\\\/\\\/www.tosunlux.eu\\\/wp-content\\\/uploads\\\/2022\\\/09\\\/TDD2-2-1024x488.jpg\",\"contentUrl\":\"https:\\\/\\\/www.tosunlux.eu\\\/wp-content\\\/uploads\\\/2022\\\/09\\\/TDD2-2-1024x488.jpg\"},{\"@type\":\"BreadcrumbList\",\"@id\":\"https:\\\/\\\/www.tosunlux.eu\\\/products\\\/tdd2-modular-digital-meter\\\/#breadcrumb\",\"itemListElement\":[{\"@type\":\"ListItem\",\"position\":1,\"name\":\"Home\",\"item\":\"https:\\\/\\\/www.tosunlux.eu\\\/ru\\\/\"},{\"@type\":\"ListItem\",\"position\":2,\"name\":\"Products\",\"item\":\"https:\\\/\\\/www.tosunlux.eu\\\/products\\\/\"},{\"@type\":\"ListItem\",\"position\":3,\"name\":\"TDD2 Modular Digital Meter\"}]},{\"@type\":\"WebSite\",\"@id\":\"https:\\\/\\\/www.tosunlux.eu\\\/ru\\\/#website\",\"url\":\"https:\\\/\\\/www.tosunlux.eu\\\/ru\\\/\",\"name\":\"TOSUNlux Official Site - Electrical Circuit Breaker Manufacturer in China\",\"description\":\"Power Distribution System Supplier\",\"publisher\":{\"@id\":\"https:\\\/\\\/www.tosunlux.eu\\\/ru\\\/#organization\"},\"alternateName\":\"TOSUNlux\",\"potentialAction\":[{\"@type\":\"SearchAction\",\"target\":{\"@type\":\"EntryPoint\",\"urlTemplate\":\"https:\\\/\\\/www.tosunlux.eu\\\/ru\\\/?s={search_term_string}\"},\"query-input\":{\"@type\":\"PropertyValueSpecification\",\"valueRequired\":true,\"valueName\":\"search_term_string\"}}],\"inLanguage\":\"pl-PL\"},{\"@type\":\"Organization\",\"@id\":\"https:\\\/\\\/www.tosunlux.eu\\\/ru\\\/#organization\",\"name\":\"TOSUNlux\",\"url\":\"https:\\\/\\\/www.tosunlux.eu\\\/ru\\\/\",\"logo\":{\"@type\":\"ImageObject\",\"inLanguage\":\"pl-PL\",\"@id\":\"https:\\\/\\\/www.tosunlux.eu\\\/ru\\\/#\\\/schema\\\/logo\\\/image\\\/\",\"url\":\"https:\\\/\\\/www.tosunlux.eu\\\/wp-content\\\/uploads\\\/2022\\\/01\\\/LOGOSYSM.71762f1.png\",\"contentUrl\":\"https:\\\/\\\/www.tosunlux.eu\\\/wp-content\\\/uploads\\\/2022\\\/01\\\/LOGOSYSM.71762f1.png\",\"width\":153,\"height\":55,\"caption\":\"TOSUNlux\"},\"image\":{\"@id\":\"https:\\\/\\\/www.tosunlux.eu\\\/ru\\\/#\\\/schema\\\/logo\\\/image\\\/\"},\"sameAs\":[\"https:\\\/\\\/www.facebook.com\\\/TOSUNelectric\\\/\",\"https:\\\/\\\/www.linkedin.com\\\/company\\\/wenzhou-tosun-electric-co.-ltd\\\/\"]}]}<\/script>\n<!-- \/ Yoast SEO plugin. -->","yoast_head_json":{"title":"Hurtowy modu\u0142owy miernik cyfrowy TDD2 - Oficjalna strona TOSUNlux - Producent wy\u0142\u0105cznik\u00f3w elektrycznych w Chinach Dostawca urz\u0105dze\u0144 niskonapi\u0119ciowych | TOSUNlux","description":"Dostawca modu\u0142owych licznik\u00f3w cyfrowych TDD2 \u2014 sprzeda\u017c hurtowa bezpo\u015brednio od TOSUNlux, zaufanego producenta od 1994 roku. Uzyskaj wycen\u0119 fabryczn\u0105 B2B na nasze certyfikowane produkty elektryczne niskiego napi\u0119cia.","robots":{"index":"index","follow":"follow","max-snippet":"max-snippet:-1","max-image-preview":"max-image-preview:large","max-video-preview":"max-video-preview:-1"},"canonical":"https:\/\/www.tosunlux.eu\/pl\/products\/tdd2-modular-digital-meter\/","og_locale":"pl_PL","og_type":"article","og_title":"WholesaleTDD2 Modular Digital Meter - TOSUNlux Official Site - Electrical Circuit Breaker Manufacturer in China Low Voltage Electrical Supplier | TOSUNlux","og_description":"TDD2 Modular Digital Meter Supplier - Wholesale direct from TOSUNlux, a trusted manufacturer since 1994. Get your B2B factory quote on our certified Low Voltage electrical products.","og_url":"https:\/\/www.tosunlux.eu\/pl\/products\/tdd2-modular-digital-meter\/","og_site_name":"TOSUNlux Official Site - Electrical Circuit Breaker Manufacturer in China","article_publisher":"https:\/\/www.facebook.com\/TOSUNelectric\/","article_modified_time":"2022-09-22T06:38:59+00:00","og_image":[{"url":"https:\/\/www.tosunlux.eu\/wp-content\/uploads\/2022\/09\/TDD2-2-1024x488.jpg","type":"","width":"","height":""}],"twitter_card":"summary_large_image","twitter_misc":{"Szacowany czas czytania":"1 minuta"},"schema":{"@context":"https:\/\/schema.org","@graph":[{"@type":"WebPage","@id":"https:\/\/www.tosunlux.eu\/products\/tdd2-modular-digital-meter\/","url":"https:\/\/www.tosunlux.eu\/products\/tdd2-modular-digital-meter\/","name":"Hurtowy modu\u0142owy miernik cyfrowy TDD2 - Oficjalna strona TOSUNlux - Producent wy\u0142\u0105cznik\u00f3w elektrycznych w Chinach Dostawca urz\u0105dze\u0144 niskonapi\u0119ciowych | TOSUNlux","isPartOf":{"@id":"https:\/\/www.tosunlux.eu\/ru\/#website"},"primaryImageOfPage":{"@id":"https:\/\/www.tosunlux.eu\/products\/tdd2-modular-digital-meter\/#primaryimage"},"image":{"@id":"https:\/\/www.tosunlux.eu\/products\/tdd2-modular-digital-meter\/#primaryimage"},"thumbnailUrl":"https:\/\/www.tosunlux.eu\/wp-content\/uploads\/2022\/09\/TDD2-2-1024x488.jpg","datePublished":"2022-09-12T09:23:28+00:00","dateModified":"2022-09-22T06:38:59+00:00","description":"Dostawca modu\u0142owych licznik\u00f3w cyfrowych TDD2 \u2014 sprzeda\u017c hurtowa bezpo\u015brednio od TOSUNlux, zaufanego producenta od 1994 roku. Uzyskaj wycen\u0119 fabryczn\u0105 B2B na nasze certyfikowane produkty elektryczne niskiego napi\u0119cia.","breadcrumb":{"@id":"https:\/\/www.tosunlux.eu\/products\/tdd2-modular-digital-meter\/#breadcrumb"},"inLanguage":"pl-PL","potentialAction":[{"@type":"ReadAction","target":["https:\/\/www.tosunlux.eu\/products\/tdd2-modular-digital-meter\/"]}]},{"@type":"ImageObject","inLanguage":"pl-PL","@id":"https:\/\/www.tosunlux.eu\/products\/tdd2-modular-digital-meter\/#primaryimage","url":"https:\/\/www.tosunlux.eu\/wp-content\/uploads\/2022\/09\/TDD2-2-1024x488.jpg","contentUrl":"https:\/\/www.tosunlux.eu\/wp-content\/uploads\/2022\/09\/TDD2-2-1024x488.jpg"},{"@type":"BreadcrumbList","@id":"https:\/\/www.tosunlux.eu\/products\/tdd2-modular-digital-meter\/#breadcrumb","itemListElement":[{"@type":"ListItem","position":1,"name":"Home","item":"https:\/\/www.tosunlux.eu\/ru\/"},{"@type":"ListItem","position":2,"name":"Products","item":"https:\/\/www.tosunlux.eu\/products\/"},{"@type":"ListItem","position":3,"name":"TDD2 Modular Digital Meter"}]},{"@type":"WebSite","@id":"https:\/\/www.tosunlux.eu\/ru\/#website","url":"https:\/\/www.tosunlux.eu\/ru\/","name":"Oficjalna strona TOSUNlux - Producent wy\u0142\u0105cznik\u00f3w elektrycznych w Chinach","description":"Dostawca system\u00f3w dystrybucji energii","publisher":{"@id":"https:\/\/www.tosunlux.eu\/ru\/#organization"},"alternateName":"TOSUNlux","potentialAction":[{"@type":"SearchAction","target":{"@type":"EntryPoint","urlTemplate":"https:\/\/www.tosunlux.eu\/ru\/?s={search_term_string}"},"query-input":{"@type":"PropertyValueSpecification","valueRequired":true,"valueName":"search_term_string"}}],"inLanguage":"pl-PL"},{"@type":"Organization","@id":"https:\/\/www.tosunlux.eu\/ru\/#organization","name":"TOSUNlux","url":"https:\/\/www.tosunlux.eu\/ru\/","logo":{"@type":"ImageObject","inLanguage":"pl-PL","@id":"https:\/\/www.tosunlux.eu\/ru\/#\/schema\/logo\/image\/","url":"https:\/\/www.tosunlux.eu\/wp-content\/uploads\/2022\/01\/LOGOSYSM.71762f1.png","contentUrl":"https:\/\/www.tosunlux.eu\/wp-content\/uploads\/2022\/01\/LOGOSYSM.71762f1.png","width":153,"height":55,"caption":"TOSUNlux"},"image":{"@id":"https:\/\/www.tosunlux.eu\/ru\/#\/schema\/logo\/image\/"},"sameAs":["https:\/\/www.facebook.com\/TOSUNelectric\/","https:\/\/www.linkedin.com\/company\/wenzhou-tosun-electric-co.-ltd\/"]}]}},"_links":{"self":[{"href":"https:\/\/www.tosunlux.eu\/pl\/wp-json\/wp\/v2\/product\/5055","targetHints":{"allow":["GET"]}}],"collection":[{"href":"https:\/\/www.tosunlux.eu\/pl\/wp-json\/wp\/v2\/product"}],"about":[{"href":"https:\/\/www.tosunlux.eu\/pl\/wp-json\/wp\/v2\/types\/product"}],"version-history":[{"count":0,"href":"https:\/\/www.tosunlux.eu\/pl\/wp-json\/wp\/v2\/product\/5055\/revisions"}],"wp:attachment":[{"href":"https:\/\/www.tosunlux.eu\/pl\/wp-json\/wp\/v2\/media?parent=5055"}],"wp:term":[{"taxonomy":"product_category","embeddable":true,"href":"https:\/\/www.tosunlux.eu\/pl\/wp-json\/wp\/v2\/product_category?post=5055"}],"curies":[{"name":"wp","href":"https:\/\/api.w.org\/{rel}","templated":true}]}}