{"id":5069,"date":"2022-09-16T17:01:14","date_gmt":"2022-09-16T09:01:14","guid":{"rendered":"https:\/\/www.tosunlux.eu\/?post_type=product&#038;p=5069"},"modified":"2022-09-19T10:27:27","modified_gmt":"2022-09-19T02:27:27","slug":"electronic-energy-meter","status":"publish","type":"product","link":"https:\/\/www.tosunlux.eu\/pl\/products\/electronic-energy-meter\/","title":{"rendered":"Elektroniczny licznik energii DDS3666\/DTS3666"},"content":{"rendered":"<p><strong>Aplikacja<\/strong><\/p>\n\n\n\n<p>Jednofazowy licznik energii elektrycznej DDS3666 wykorzystuje technologi\u0119 SMT i uk\u0142ad\u00f3w scalonych w stanie sta\u0142ym o bardzo niskim zu\u017cyciu energii. S\u0142u\u017cy do pomiaru czynnej energii elektrycznej jednofazowego pr\u0105du przemiennego 50\/60 Hz.<br>Tr\u00f3jfazowy elektroniczny licznik energii DTS3666 wykorzystuje technologi\u0119 mikroelektroniczn\u0105 do pomiaru tr\u00f3jfazowej energii czynnej AC o cz\u0119stotliwo\u015bci 50\/60 Hz i mierzy nie tylko energi\u0119 w kierunku do przodu, ale tak\u017ce energi\u0119 wsteczn\u0105. Ten licznik ma dwa tryby po\u0142\u0105czenia: po\u0142\u0105czenie bezpo\u015brednie i po\u0142\u0105czenie CT.<br>Produkty s\u0105 zgodne z normami IEC62053-21 i IEC62052-11.<\/p>\n\n\n\n<p><\/p>\n\n\n\n<p><strong>Specyfikacja<\/strong><\/p>\n\n\n<table width=\"893\">\n<tbody>\n<tr>\n<td style=\"text-align: center;\" width=\"217\">Typ<\/td>\n<td style=\"text-align: center;\" width=\"338\">DDS3666<\/td>\n<td style=\"text-align: center;\" width=\"338\">DTS3666<\/td>\n<\/tr>\n<tr>\n<td style=\"text-align: center;\">Indeks klas<\/td>\n<td style=\"text-align: center;\" colspan=\"2\">Klasa 1.Klasa 2<\/td>\n<\/tr>\n<tr>\n<td style=\"text-align: center;\">Pr\u0105d znamionowy (A)<\/td>\n<td style=\"text-align: center;\" width=\"338\">1,5(6)A, 5(20)A, 10(40)A, 15(60)A, 20(80)A, 30(100)A<\/td>\n<td style=\"text-align: center;\" width=\"338\">3\u00d71,5 (6)A, 3\u00d75(20)A, 3x10(40)A, 3\u00d715(60)A, 3\u00d720(80)A, 3\u00d730(100)A<\/td>\n<\/tr>\n<tr>\n<td style=\"text-align: center;\">Napi\u0119cie znamionowe (V)<\/td>\n<td style=\"text-align: center;\" width=\"338\">110\/120 V 220\/230\/240 V<\/td>\n<td style=\"text-align: center;\" width=\"338\">3x127\/220V 3x220\/380V<\/td>\n<\/tr>\n<tr>\n<td style=\"text-align: center;\">Cz\u0119stotliwo\u015b\u0107 znamionowa (Hz)<\/td>\n<td style=\"text-align: center;\" colspan=\"2\">50\/60Hz<\/td>\n<\/tr>\n<\/tbody>\n<\/table>\n\n\n<p><\/p>\n\n\n\n<p><strong>Wymiary<\/strong><\/p>\n\n\n\n<figure class=\"wp-block-image size-large is-resized\"><img fetchpriority=\"high\" decoding=\"async\" src=\"https:\/\/www.tosunlux.eu\/wp-content\/uploads\/2022\/09\/Meter-Instruments-2023-2024-1024x803.jpg\" alt=\"\" class=\"wp-image-5074\" width=\"774\" height=\"606\" srcset=\"https:\/\/www.tosunlux.eu\/wp-content\/uploads\/2022\/09\/Meter-Instruments-2023-2024-1024x803.jpg 1024w, https:\/\/www.tosunlux.eu\/wp-content\/uploads\/2022\/09\/Meter-Instruments-2023-2024-300x235.jpg 300w, https:\/\/www.tosunlux.eu\/wp-content\/uploads\/2022\/09\/Meter-Instruments-2023-2024-768x602.jpg 768w, https:\/\/www.tosunlux.eu\/wp-content\/uploads\/2022\/09\/Meter-Instruments-2023-2024.jpg 1147w\" sizes=\"(max-width: 774px) 100vw, 774px\" \/><\/figure>","protected":false},"parent":0,"template":"","product_category":[75,125],"class_list":["post-5069","product","type-product","status-publish","hentry","product_category-instruments","product_category-energy-meter"],"yoast_head":"<!-- This site is optimized with the Yoast SEO plugin v27.5 - https:\/\/yoast.com\/product\/yoast-seo-wordpress\/ -->\n<title>WholesaleElectronic Energy Meter DDS3666\/DTS3666 - TOSUNlux Official Site - Electrical Circuit Breaker Manufacturer in China Low Voltage Electrical Supplier | TOSUNlux<\/title>\n<meta name=\"description\" content=\"Electronic Energy Meter DDS3666\/DTS3666 Supplier - Wholesale direct from TOSUNlux, a trusted manufacturer since 1994. Get your B2B factory quote on our certified Low Voltage electrical products.\" \/>\n<meta name=\"robots\" content=\"index, follow, max-snippet:-1, max-image-preview:large, max-video-preview:-1\" \/>\n<link rel=\"canonical\" href=\"https:\/\/www.tosunlux.eu\/pl\/products\/electronic-energy-meter\/\" \/>\n<meta property=\"og:locale\" content=\"pl_PL\" \/>\n<meta property=\"og:type\" content=\"article\" \/>\n<meta property=\"og:title\" content=\"WholesaleElectronic Energy Meter DDS3666\/DTS3666 - TOSUNlux Official Site - Electrical Circuit Breaker Manufacturer in China Low Voltage Electrical Supplier | TOSUNlux\" \/>\n<meta property=\"og:description\" content=\"Electronic Energy Meter DDS3666\/DTS3666 Supplier - Wholesale direct from TOSUNlux, a trusted manufacturer since 1994. Get your B2B factory quote on our certified Low Voltage electrical products.\" \/>\n<meta property=\"og:url\" content=\"https:\/\/www.tosunlux.eu\/pl\/products\/electronic-energy-meter\/\" \/>\n<meta property=\"og:site_name\" content=\"TOSUNlux Official Site - Electrical Circuit Breaker Manufacturer in China\" \/>\n<meta property=\"article:publisher\" content=\"https:\/\/www.facebook.com\/TOSUNelectric\/\" \/>\n<meta property=\"article:modified_time\" content=\"2022-09-19T02:27:27+00:00\" \/>\n<meta property=\"og:image\" content=\"https:\/\/www.tosunlux.eu\/wp-content\/uploads\/2022\/09\/Meter-Instruments-2023-2024-1024x803.jpg\" \/>\n<meta name=\"twitter:card\" content=\"summary_large_image\" \/>\n<meta name=\"twitter:label1\" content=\"Szacowany czas czytania\" \/>\n\t<meta name=\"twitter:data1\" content=\"1 minuta\" \/>\n<script type=\"application\/ld+json\" class=\"yoast-schema-graph\">{\"@context\":\"https:\\\/\\\/schema.org\",\"@graph\":[{\"@type\":\"WebPage\",\"@id\":\"https:\\\/\\\/www.tosunlux.eu\\\/fa\\\/products\\\/electronic-energy-meter\\\/\",\"url\":\"https:\\\/\\\/www.tosunlux.eu\\\/fa\\\/products\\\/electronic-energy-meter\\\/\",\"name\":\"WholesaleElectronic Energy Meter DDS3666\\\/DTS3666 - TOSUNlux Official Site - Electrical Circuit Breaker Manufacturer in China Low Voltage Electrical Supplier | TOSUNlux\",\"isPartOf\":{\"@id\":\"https:\\\/\\\/www.tosunlux.eu\\\/ru\\\/#website\"},\"primaryImageOfPage\":{\"@id\":\"https:\\\/\\\/www.tosunlux.eu\\\/fa\\\/products\\\/electronic-energy-meter\\\/#primaryimage\"},\"image\":{\"@id\":\"https:\\\/\\\/www.tosunlux.eu\\\/fa\\\/products\\\/electronic-energy-meter\\\/#primaryimage\"},\"thumbnailUrl\":\"https:\\\/\\\/www.tosunlux.eu\\\/wp-content\\\/uploads\\\/2022\\\/09\\\/Meter-Instruments-2023-2024-1024x803.jpg\",\"datePublished\":\"2022-09-16T09:01:14+00:00\",\"dateModified\":\"2022-09-19T02:27:27+00:00\",\"description\":\"Electronic Energy Meter DDS3666\\\/DTS3666 Supplier - Wholesale direct from TOSUNlux, a trusted manufacturer since 1994. Get your B2B factory quote on our certified Low Voltage electrical products.\",\"breadcrumb\":{\"@id\":\"https:\\\/\\\/www.tosunlux.eu\\\/fa\\\/products\\\/electronic-energy-meter\\\/#breadcrumb\"},\"inLanguage\":\"pl-PL\",\"potentialAction\":[{\"@type\":\"ReadAction\",\"target\":[\"https:\\\/\\\/www.tosunlux.eu\\\/fa\\\/products\\\/electronic-energy-meter\\\/\"]}]},{\"@type\":\"ImageObject\",\"inLanguage\":\"pl-PL\",\"@id\":\"https:\\\/\\\/www.tosunlux.eu\\\/fa\\\/products\\\/electronic-energy-meter\\\/#primaryimage\",\"url\":\"https:\\\/\\\/www.tosunlux.eu\\\/wp-content\\\/uploads\\\/2022\\\/09\\\/Meter-Instruments-2023-2024-1024x803.jpg\",\"contentUrl\":\"https:\\\/\\\/www.tosunlux.eu\\\/wp-content\\\/uploads\\\/2022\\\/09\\\/Meter-Instruments-2023-2024-1024x803.jpg\"},{\"@type\":\"BreadcrumbList\",\"@id\":\"https:\\\/\\\/www.tosunlux.eu\\\/fa\\\/products\\\/electronic-energy-meter\\\/#breadcrumb\",\"itemListElement\":[{\"@type\":\"ListItem\",\"position\":1,\"name\":\"Home\",\"item\":\"https:\\\/\\\/www.tosunlux.eu\\\/ru\\\/\"},{\"@type\":\"ListItem\",\"position\":2,\"name\":\"Products\",\"item\":\"https:\\\/\\\/www.tosunlux.eu\\\/products\\\/\"},{\"@type\":\"ListItem\",\"position\":3,\"name\":\"Electronic Energy Meter DDS3666\\\/DTS3666\"}]},{\"@type\":\"WebSite\",\"@id\":\"https:\\\/\\\/www.tosunlux.eu\\\/ru\\\/#website\",\"url\":\"https:\\\/\\\/www.tosunlux.eu\\\/ru\\\/\",\"name\":\"TOSUNlux Official Site - Electrical Circuit Breaker Manufacturer in China\",\"description\":\"Power Distribution System Supplier\",\"publisher\":{\"@id\":\"https:\\\/\\\/www.tosunlux.eu\\\/ru\\\/#organization\"},\"alternateName\":\"TOSUNlux\",\"potentialAction\":[{\"@type\":\"SearchAction\",\"target\":{\"@type\":\"EntryPoint\",\"urlTemplate\":\"https:\\\/\\\/www.tosunlux.eu\\\/ru\\\/?s={search_term_string}\"},\"query-input\":{\"@type\":\"PropertyValueSpecification\",\"valueRequired\":true,\"valueName\":\"search_term_string\"}}],\"inLanguage\":\"pl-PL\"},{\"@type\":\"Organization\",\"@id\":\"https:\\\/\\\/www.tosunlux.eu\\\/ru\\\/#organization\",\"name\":\"TOSUNlux\",\"url\":\"https:\\\/\\\/www.tosunlux.eu\\\/ru\\\/\",\"logo\":{\"@type\":\"ImageObject\",\"inLanguage\":\"pl-PL\",\"@id\":\"https:\\\/\\\/www.tosunlux.eu\\\/ru\\\/#\\\/schema\\\/logo\\\/image\\\/\",\"url\":\"https:\\\/\\\/www.tosunlux.eu\\\/wp-content\\\/uploads\\\/2022\\\/01\\\/LOGOSYSM.71762f1.png\",\"contentUrl\":\"https:\\\/\\\/www.tosunlux.eu\\\/wp-content\\\/uploads\\\/2022\\\/01\\\/LOGOSYSM.71762f1.png\",\"width\":153,\"height\":55,\"caption\":\"TOSUNlux\"},\"image\":{\"@id\":\"https:\\\/\\\/www.tosunlux.eu\\\/ru\\\/#\\\/schema\\\/logo\\\/image\\\/\"},\"sameAs\":[\"https:\\\/\\\/www.facebook.com\\\/TOSUNelectric\\\/\",\"https:\\\/\\\/www.linkedin.com\\\/company\\\/wenzhou-tosun-electric-co.-ltd\\\/\"]}]}<\/script>\n<!-- \/ Yoast SEO plugin. -->","yoast_head_json":{"title":"WholesaleElectronic Energy Meter DDS3666\/DTS3666 - TOSUNlux Official Site - Electrical Circuit Breaker Manufacturer in China Low Voltage Electrical Supplier | TOSUNlux","description":"Electronic Energy Meter DDS3666\/DTS3666 Supplier - Wholesale direct from TOSUNlux, a trusted manufacturer since 1994. Get your B2B factory quote on our certified Low Voltage electrical products.","robots":{"index":"index","follow":"follow","max-snippet":"max-snippet:-1","max-image-preview":"max-image-preview:large","max-video-preview":"max-video-preview:-1"},"canonical":"https:\/\/www.tosunlux.eu\/pl\/products\/electronic-energy-meter\/","og_locale":"pl_PL","og_type":"article","og_title":"WholesaleElectronic Energy Meter DDS3666\/DTS3666 - TOSUNlux Official Site - Electrical Circuit Breaker Manufacturer in China Low Voltage Electrical Supplier | TOSUNlux","og_description":"Electronic Energy Meter DDS3666\/DTS3666 Supplier - Wholesale direct from TOSUNlux, a trusted manufacturer since 1994. Get your B2B factory quote on our certified Low Voltage electrical products.","og_url":"https:\/\/www.tosunlux.eu\/pl\/products\/electronic-energy-meter\/","og_site_name":"TOSUNlux Official Site - Electrical Circuit Breaker Manufacturer in China","article_publisher":"https:\/\/www.facebook.com\/TOSUNelectric\/","article_modified_time":"2022-09-19T02:27:27+00:00","og_image":[{"url":"https:\/\/www.tosunlux.eu\/wp-content\/uploads\/2022\/09\/Meter-Instruments-2023-2024-1024x803.jpg","type":"","width":"","height":""}],"twitter_card":"summary_large_image","twitter_misc":{"Szacowany czas czytania":"1 minuta"},"schema":{"@context":"https:\/\/schema.org","@graph":[{"@type":"WebPage","@id":"https:\/\/www.tosunlux.eu\/fa\/products\/electronic-energy-meter\/","url":"https:\/\/www.tosunlux.eu\/fa\/products\/electronic-energy-meter\/","name":"WholesaleElectronic Energy Meter DDS3666\/DTS3666 - TOSUNlux Official Site - Electrical Circuit Breaker Manufacturer in China Low Voltage Electrical Supplier | TOSUNlux","isPartOf":{"@id":"https:\/\/www.tosunlux.eu\/ru\/#website"},"primaryImageOfPage":{"@id":"https:\/\/www.tosunlux.eu\/fa\/products\/electronic-energy-meter\/#primaryimage"},"image":{"@id":"https:\/\/www.tosunlux.eu\/fa\/products\/electronic-energy-meter\/#primaryimage"},"thumbnailUrl":"https:\/\/www.tosunlux.eu\/wp-content\/uploads\/2022\/09\/Meter-Instruments-2023-2024-1024x803.jpg","datePublished":"2022-09-16T09:01:14+00:00","dateModified":"2022-09-19T02:27:27+00:00","description":"Electronic Energy Meter DDS3666\/DTS3666 Supplier - Wholesale direct from TOSUNlux, a trusted manufacturer since 1994. Get your B2B factory quote on our certified Low Voltage electrical products.","breadcrumb":{"@id":"https:\/\/www.tosunlux.eu\/fa\/products\/electronic-energy-meter\/#breadcrumb"},"inLanguage":"pl-PL","potentialAction":[{"@type":"ReadAction","target":["https:\/\/www.tosunlux.eu\/fa\/products\/electronic-energy-meter\/"]}]},{"@type":"ImageObject","inLanguage":"pl-PL","@id":"https:\/\/www.tosunlux.eu\/fa\/products\/electronic-energy-meter\/#primaryimage","url":"https:\/\/www.tosunlux.eu\/wp-content\/uploads\/2022\/09\/Meter-Instruments-2023-2024-1024x803.jpg","contentUrl":"https:\/\/www.tosunlux.eu\/wp-content\/uploads\/2022\/09\/Meter-Instruments-2023-2024-1024x803.jpg"},{"@type":"BreadcrumbList","@id":"https:\/\/www.tosunlux.eu\/fa\/products\/electronic-energy-meter\/#breadcrumb","itemListElement":[{"@type":"ListItem","position":1,"name":"Home","item":"https:\/\/www.tosunlux.eu\/ru\/"},{"@type":"ListItem","position":2,"name":"Products","item":"https:\/\/www.tosunlux.eu\/products\/"},{"@type":"ListItem","position":3,"name":"Electronic Energy Meter DDS3666\/DTS3666"}]},{"@type":"WebSite","@id":"https:\/\/www.tosunlux.eu\/ru\/#website","url":"https:\/\/www.tosunlux.eu\/ru\/","name":"Oficjalna strona TOSUNlux - Producent wy\u0142\u0105cznik\u00f3w elektrycznych w Chinach","description":"Dostawca system\u00f3w dystrybucji energii","publisher":{"@id":"https:\/\/www.tosunlux.eu\/ru\/#organization"},"alternateName":"TOSUNlux","potentialAction":[{"@type":"SearchAction","target":{"@type":"EntryPoint","urlTemplate":"https:\/\/www.tosunlux.eu\/ru\/?s={search_term_string}"},"query-input":{"@type":"PropertyValueSpecification","valueRequired":true,"valueName":"search_term_string"}}],"inLanguage":"pl-PL"},{"@type":"Organization","@id":"https:\/\/www.tosunlux.eu\/ru\/#organization","name":"TOSUNlux","url":"https:\/\/www.tosunlux.eu\/ru\/","logo":{"@type":"ImageObject","inLanguage":"pl-PL","@id":"https:\/\/www.tosunlux.eu\/ru\/#\/schema\/logo\/image\/","url":"https:\/\/www.tosunlux.eu\/wp-content\/uploads\/2022\/01\/LOGOSYSM.71762f1.png","contentUrl":"https:\/\/www.tosunlux.eu\/wp-content\/uploads\/2022\/01\/LOGOSYSM.71762f1.png","width":153,"height":55,"caption":"TOSUNlux"},"image":{"@id":"https:\/\/www.tosunlux.eu\/ru\/#\/schema\/logo\/image\/"},"sameAs":["https:\/\/www.facebook.com\/TOSUNelectric\/","https:\/\/www.linkedin.com\/company\/wenzhou-tosun-electric-co.-ltd\/"]}]}},"_links":{"self":[{"href":"https:\/\/www.tosunlux.eu\/pl\/wp-json\/wp\/v2\/product\/5069","targetHints":{"allow":["GET"]}}],"collection":[{"href":"https:\/\/www.tosunlux.eu\/pl\/wp-json\/wp\/v2\/product"}],"about":[{"href":"https:\/\/www.tosunlux.eu\/pl\/wp-json\/wp\/v2\/types\/product"}],"version-history":[{"count":0,"href":"https:\/\/www.tosunlux.eu\/pl\/wp-json\/wp\/v2\/product\/5069\/revisions"}],"wp:attachment":[{"href":"https:\/\/www.tosunlux.eu\/pl\/wp-json\/wp\/v2\/media?parent=5069"}],"wp:term":[{"taxonomy":"product_category","embeddable":true,"href":"https:\/\/www.tosunlux.eu\/pl\/wp-json\/wp\/v2\/product_category?post=5069"}],"curies":[{"name":"wp","href":"https:\/\/api.w.org\/{rel}","templated":true}]}}