{"id":5434,"date":"2023-03-14T12:38:54","date_gmt":"2023-03-14T04:38:54","guid":{"rendered":"https:\/\/www.tosunlux.eu\/?post_type=product&#038;p=5434"},"modified":"2023-04-15T14:03:09","modified_gmt":"2023-04-15T06:03:09","slug":"modular-changeover-switch","status":"publish","type":"product","link":"https:\/\/www.tosunlux.eu\/pl\/products\/modular-changeover-switch\/","title":{"rendered":"Prze\u0142\u0105cznik modu\u0142owy"},"content":{"rendered":"<div data-elementor-type=\"wp-post\" data-elementor-id=\"5434\" class=\"elementor elementor-5434\" data-elementor-post-type=\"product\">\n\t\t\t\t\t\t<section class=\"elementor-section elementor-top-section elementor-element elementor-element-1f9e13ab elementor-section-full_width elementor-section-height-default elementor-section-height-default\" data-id=\"1f9e13ab\" data-element_type=\"section\" data-e-type=\"section\">\n\t\t\t\t\t\t<div class=\"elementor-container elementor-column-gap-default\">\n\t\t\t\t\t<div class=\"elementor-column elementor-col-100 elementor-top-column elementor-element elementor-element-1c7b3424\" data-id=\"1c7b3424\" data-element_type=\"column\" data-e-type=\"column\">\n\t\t\t<div class=\"elementor-widget-wrap elementor-element-populated\">\n\t\t\t\t\t\t<div class=\"elementor-element elementor-element-4046739 elementor-widget elementor-widget-text-editor\" data-id=\"4046739\" data-element_type=\"widget\" data-e-type=\"widget\" data-widget_type=\"text-editor.default\">\n\t\t\t\t<div class=\"elementor-widget-container\">\n\t\t\t\t\t\t\t\t\t\n<p><strong>Aplikacja<\/strong><\/p>\n\n\n\n<p>Prze\u0142\u0105cznik mo\u017ce w\u0142\u0105cza\u0107, obci\u0105\u017ca\u0107 i roz\u0142\u0105cza\u0107 obw\u00f3d w normalnych warunkach, wykorzystuj\u0105c jako roz\u0142\u0105cznik izolacyjny.<\/p>\n\n\n\n<p><strong>Specyfikacja<\/strong><\/p>\n\n\n<table style=\"border-collapse: collapse; width: 726px; height: 912px;\" border=\"0\" width=\"1560\" cellspacing=\"0\" cellpadding=\"0\">\n<tbody>\n<tr style=\"height: 61.45pt;\">\n<td class=\"et2\" style=\"height: 61.45pt; width: 545.55pt;\" width=\"1053\" height=\"118\">Model<\/td>\n<td class=\"et2\" style=\"width: 262.95pt; text-align: center;\" width=\"507\">TSQ7-40<\/td>\n<\/tr>\n<tr style=\"height: 55.70pt;\">\n<td class=\"et2\" style=\"height: 55.70pt; width: 545.55pt;\" width=\"1053\" height=\"107\">Liczba biegun\u00f3w<\/td>\n<td class=\"et2\" style=\"width: 262.95pt; text-align: center;\" width=\"507\">1P, 2P, 3P, 4P<\/td>\n<\/tr>\n<tr style=\"height: 55.70pt;\">\n<td class=\"et2\" style=\"height: 55.70pt; width: 545.55pt;\" width=\"1053\" height=\"107\">Napi\u0119cie znamionowe robocze Ue<\/td>\n<td class=\"et2\" style=\"width: 262.95pt; text-align: center;\" width=\"507\">240V\/415V<\/td>\n<\/tr>\n<tr style=\"height: 57.85pt;\">\n<td class=\"et2\" style=\"height: 57.85pt; width: 545.55pt;\" width=\"1053\" height=\"111\">Cz\u0119stotliwo\u015b\u0107<\/td>\n<td class=\"et2\" style=\"width: 262.95pt; text-align: center;\" width=\"507\">50\/60Hz<\/td>\n<\/tr>\n<tr style=\"height: 57.15pt;\">\n<td class=\"et2\" style=\"height: 57.15pt; width: 545.55pt;\" width=\"1053\" height=\"110\">Pr\u0105d znamionowy (A)<\/td>\n<td class=\"et2\" style=\"width: 262.95pt; text-align: center;\" width=\"507\">16,25,32,40<\/td>\n<\/tr>\n<tr style=\"height: 58.55pt;\">\n<td class=\"et2\" style=\"height: 58.55pt; width: 545.55pt;\" width=\"1053\" height=\"113\">Standard<\/td>\n<td class=\"et2\" style=\"width: 262.95pt; text-align: center;\" width=\"507\">IEC60947-3<\/td>\n<\/tr>\n<tr style=\"height: 56.40pt;\">\n<td class=\"et2\" style=\"height: 56.40pt; width: 545.55pt;\" width=\"1053\" height=\"108\">Icw<\/td>\n<td class=\"et2\" style=\"width: 262.95pt; text-align: center;\" width=\"507\">1000A\/1s<\/td>\n<\/tr>\n<tr style=\"height: 55.70pt;\">\n<td class=\"et2\" style=\"height: 55.70pt; width: 545.55pt;\" width=\"1053\" height=\"107\">Icm<\/td>\n<td class=\"et2\" style=\"width: 262.95pt; text-align: center;\" width=\"507\">3000A<\/td>\n<\/tr>\n<tr style=\"height: 57.85pt;\">\n<td class=\"et2\" style=\"height: 57.85pt; width: 545.55pt;\" width=\"1053\" height=\"111\">Poziom ochrony<\/td>\n<td class=\"et2\" style=\"width: 262.95pt; text-align: center;\" width=\"507\">IP20<\/td>\n<\/tr>\n<tr style=\"height: 57.85pt;\">\n<td class=\"et2\" style=\"height: 57.85pt; width: 545.55pt;\" width=\"1053\" height=\"111\">Formularz kontaktowy<\/td>\n<td class=\"et2\" style=\"width: 262.95pt; text-align: center;\" width=\"507\">1-0-2<\/td>\n<\/tr>\n<tr style=\"height: 57.85pt;\">\n<td class=\"et2\" style=\"height: 57.85pt; width: 545.55pt;\" width=\"1053\" height=\"111\">Temperatura otoczenia<\/td>\n<td class=\"et2\" style=\"width: 262.95pt; text-align: center;\" width=\"507\">-5\u00b0C\u202640\u00b0C<\/td>\n<\/tr>\n<tr style=\"height: 56.40pt;\">\n<td class=\"et2\" style=\"height: 56.40pt; width: 545.55pt;\" width=\"1053\" height=\"108\">Montowanie<\/td>\n<td class=\"et2\" style=\"width: 262.95pt; text-align: center;\" width=\"507\">Szyna DIN EN60715 (35 mm)<\/td>\n<\/tr>\n<\/tbody>\n<\/table>\n<p><strong>Schemat obwodu<\/strong><\/p>\n\n\n<\/p>\n<p>\n\n\n<p><\/p>\n\n\n<figure class=\"wp-block-image size-large\"><img fetchpriority=\"high\" decoding=\"async\" width=\"1024\" height=\"205\" src=\"https:\/\/www.tosunlux.eu\/wp-content\/uploads\/2023\/03\/\u672a\u547d\u540d-1-1024x205.jpg\" alt=\"\" class=\"wp-image-5435\" srcset=\"https:\/\/www.tosunlux.eu\/wp-content\/uploads\/2023\/03\/\u672a\u547d\u540d-1-1024x205.jpg 1024w, https:\/\/www.tosunlux.eu\/wp-content\/uploads\/2023\/03\/\u672a\u547d\u540d-1-300x60.jpg 300w, https:\/\/www.tosunlux.eu\/wp-content\/uploads\/2023\/03\/\u672a\u547d\u540d-1-768x154.jpg 768w, https:\/\/www.tosunlux.eu\/wp-content\/uploads\/2023\/03\/\u672a\u547d\u540d-1-1536x307.jpg 1536w, https:\/\/www.tosunlux.eu\/wp-content\/uploads\/2023\/03\/\u672a\u547d\u540d-1.jpg 1601w\" sizes=\"(max-width: 1024px) 100vw, 1024px\" \/><\/figure>\n\n\n\n<p><strong>Wymiary<\/strong><\/p>\n\n\n\n<figure class=\"wp-block-image size-large\"><img decoding=\"async\" width=\"1024\" height=\"474\" src=\"https:\/\/www.tosunlux.eu\/wp-content\/uploads\/2023\/03\/1-1024x474.jpg\" alt=\"\" class=\"wp-image-5436\" srcset=\"https:\/\/www.tosunlux.eu\/wp-content\/uploads\/2023\/03\/1-1024x474.jpg 1024w, https:\/\/www.tosunlux.eu\/wp-content\/uploads\/2023\/03\/1-300x139.jpg 300w, https:\/\/www.tosunlux.eu\/wp-content\/uploads\/2023\/03\/1-768x355.jpg 768w, https:\/\/www.tosunlux.eu\/wp-content\/uploads\/2023\/03\/1-1536x710.jpg 1536w, https:\/\/www.tosunlux.eu\/wp-content\/uploads\/2023\/03\/1.jpg 1600w\" sizes=\"(max-width: 1024px) 100vw, 1024px\" \/><\/figure>\n\n\n\n<figure class=\"wp-block-image size-large is-resized\"><img decoding=\"async\" src=\"https:\/\/www.tosunlux.eu\/wp-content\/uploads\/2023\/03\/2023\u65b0\u80fd\u6e90\u76ee\u5f55-1-1024x348.jpg\" alt=\"\" class=\"wp-image-5437\" width=\"371\" height=\"126\" srcset=\"https:\/\/www.tosunlux.eu\/wp-content\/uploads\/2023\/03\/2023\u65b0\u80fd\u6e90\u76ee\u5f55-1-1024x348.jpg 1024w, https:\/\/www.tosunlux.eu\/wp-content\/uploads\/2023\/03\/2023\u65b0\u80fd\u6e90\u76ee\u5f55-1-300x102.jpg 300w, https:\/\/www.tosunlux.eu\/wp-content\/uploads\/2023\/03\/2023\u65b0\u80fd\u6e90\u76ee\u5f55-1-768x261.jpg 768w, https:\/\/www.tosunlux.eu\/wp-content\/uploads\/2023\/03\/2023\u65b0\u80fd\u6e90\u76ee\u5f55-1-1536x521.jpg 1536w, https:\/\/www.tosunlux.eu\/wp-content\/uploads\/2023\/03\/2023\u65b0\u80fd\u6e90\u76ee\u5f55-1.jpg 1600w\" sizes=\"(max-width: 371px) 100vw, 371px\" \/><\/figure>\n\n\n\n<div style=\"height:75px\" aria-hidden=\"true\" class=\"wp-block-spacer\"><\/div>\n\n\n<p><strong>Specyfikacja<\/strong><\/p>\n<table style=\"border-collapse: collapse; width: 725px; height: 767px;\" border=\"0\" width=\"1560\" cellspacing=\"0\" cellpadding=\"0\">\n<tbody>\n<tr style=\"height: 57.00pt;\">\n<td class=\"et2\" style=\"height: 57.00pt; width: 314.55pt;\" width=\"607\" height=\"110\">Model<\/td>\n<td class=\"et2\" style=\"width: 493.95pt; text-align: center;\" width=\"953\">TSQ7-125<\/td>\n<\/tr>\n<tr style=\"height: 48.50pt;\">\n<td class=\"et2\" style=\"height: 48.50pt; width: 314.55pt;\" width=\"607\" height=\"93\">Liczba biegun\u00f3w<\/td>\n<td class=\"et2\" style=\"width: 493.95pt; text-align: center;\" width=\"953\">1P, 2P, 3P, 4P<\/td>\n<\/tr>\n<tr style=\"height: 47.30pt;\">\n<td class=\"et2\" style=\"height: 47.30pt; width: 314.55pt;\" width=\"607\" height=\"91\">Napi\u0119cie znamionowe robocze Ue<\/td>\n<td class=\"et2\" style=\"width: 493.95pt; text-align: center;\" width=\"953\">240V\/415V<\/td>\n<\/tr>\n<tr style=\"height: 48.50pt;\">\n<td class=\"et2\" style=\"height: 48.50pt; width: 314.55pt;\" width=\"607\" height=\"93\">Cz\u0119stotliwo\u015b\u0107<\/td>\n<td class=\"et2\" style=\"width: 493.95pt; text-align: center;\" width=\"953\">50\/60Hz<\/td>\n<\/tr>\n<tr style=\"height: 47.90pt;\">\n<td class=\"et2\" style=\"height: 47.90pt; width: 314.55pt;\" width=\"607\" height=\"92\">Pr\u0105d znamionowy (A)<\/td>\n<td class=\"et2\" style=\"width: 493.95pt; text-align: center;\" width=\"953\">63,80,100,125<\/td>\n<\/tr>\n<tr style=\"height: 48.50pt;\">\n<td class=\"et2\" style=\"height: 48.50pt; width: 314.55pt;\" width=\"607\" height=\"93\">Standard<\/td>\n<td class=\"et2\" style=\"width: 493.95pt; text-align: center;\" width=\"953\">IEC60947-3<\/td>\n<\/tr>\n<tr style=\"height: 47.90pt;\">\n<td class=\"et2\" style=\"height: 47.90pt; width: 314.55pt;\" width=\"607\" height=\"92\">Icw<\/td>\n<td class=\"et2\" style=\"width: 493.95pt; text-align: center;\" width=\"953\">3000A\/1s<\/td>\n<\/tr>\n<tr style=\"height: 47.90pt;\">\n<td class=\"et2\" style=\"height: 47.90pt; width: 314.55pt;\" width=\"607\" height=\"92\">Icm<\/td>\n<td class=\"et2\" style=\"width: 493.95pt; text-align: center;\" width=\"953\">5000A<\/td>\n<\/tr>\n<tr style=\"height: 48.50pt;\">\n<td class=\"et2\" style=\"height: 48.50pt; width: 314.55pt;\" width=\"607\" height=\"93\">Poziom ochrony<\/td>\n<td class=\"et2\" style=\"width: 493.95pt; text-align: center;\" width=\"953\">IP20<\/td>\n<\/tr>\n<tr style=\"height: 47.90pt;\">\n<td class=\"et2\" style=\"height: 47.90pt; width: 314.55pt;\" width=\"607\" height=\"92\">Formularz kontaktowy<\/td>\n<td class=\"et2\" style=\"width: 493.95pt; text-align: center;\" width=\"953\">1-0-2(S-0-M)<\/td>\n<\/tr>\n<tr style=\"height: 47.90pt;\">\n<td class=\"et2\" style=\"height: 47.90pt; width: 314.55pt;\" width=\"607\" height=\"92\">Temperatura otoczenia<\/td>\n<td class=\"et2\" style=\"width: 493.95pt; text-align: center;\" width=\"953\">-5\u00b0C\u202640\u00b0C<\/td>\n<\/tr>\n<tr style=\"height: 48.50pt;\">\n<td class=\"et2\" style=\"height: 48.50pt; width: 314.55pt;\" width=\"607\" height=\"93\">Montowanie<\/td>\n<td class=\"et2\" style=\"width: 493.95pt; text-align: center;\" width=\"953\">Szyna DIN EN60715 (35 mm)<\/td>\n<\/tr>\n<\/tbody>\n<\/table>\n\n\n<p><strong>Schemat obwodu<\/strong><\/p>\n\n\n\n<figure class=\"wp-block-image size-large\"><img loading=\"lazy\" decoding=\"async\" width=\"1024\" height=\"205\" src=\"https:\/\/www.tosunlux.eu\/wp-content\/uploads\/2023\/03\/2-1024x205.jpg\" alt=\"\" class=\"wp-image-5438\" srcset=\"https:\/\/www.tosunlux.eu\/wp-content\/uploads\/2023\/03\/2-1024x205.jpg 1024w, https:\/\/www.tosunlux.eu\/wp-content\/uploads\/2023\/03\/2-300x60.jpg 300w, https:\/\/www.tosunlux.eu\/wp-content\/uploads\/2023\/03\/2-768x154.jpg 768w, https:\/\/www.tosunlux.eu\/wp-content\/uploads\/2023\/03\/2-1536x308.jpg 1536w, https:\/\/www.tosunlux.eu\/wp-content\/uploads\/2023\/03\/2.jpg 1601w\" sizes=\"(max-width: 1024px) 100vw, 1024px\" \/><\/figure>\n\n\n\n<p><strong>Wymiary<\/strong><\/p>\n\n\n\n<figure class=\"wp-block-image size-large\"><img loading=\"lazy\" decoding=\"async\" width=\"1024\" height=\"476\" src=\"https:\/\/www.tosunlux.eu\/wp-content\/uploads\/2023\/03\/21-1024x476.jpg\" alt=\"\" class=\"wp-image-5439\" srcset=\"https:\/\/www.tosunlux.eu\/wp-content\/uploads\/2023\/03\/21-1024x476.jpg 1024w, https:\/\/www.tosunlux.eu\/wp-content\/uploads\/2023\/03\/21-300x140.jpg 300w, https:\/\/www.tosunlux.eu\/wp-content\/uploads\/2023\/03\/21-768x357.jpg 768w, https:\/\/www.tosunlux.eu\/wp-content\/uploads\/2023\/03\/21-1536x714.jpg 1536w, https:\/\/www.tosunlux.eu\/wp-content\/uploads\/2023\/03\/21.jpg 1600w\" sizes=\"(max-width: 1024px) 100vw, 1024px\" \/><\/figure>\n\n\n\n<figure class=\"wp-block-image size-large is-resized\"><img loading=\"lazy\" decoding=\"async\" src=\"https:\/\/www.tosunlux.eu\/wp-content\/uploads\/2023\/03\/22jpg-1024x348.jpg\" alt=\"\" class=\"wp-image-5440\" width=\"372\" height=\"127\" srcset=\"https:\/\/www.tosunlux.eu\/wp-content\/uploads\/2023\/03\/22jpg-1024x348.jpg 1024w, https:\/\/www.tosunlux.eu\/wp-content\/uploads\/2023\/03\/22jpg-300x102.jpg 300w, https:\/\/www.tosunlux.eu\/wp-content\/uploads\/2023\/03\/22jpg-768x261.jpg 768w, https:\/\/www.tosunlux.eu\/wp-content\/uploads\/2023\/03\/22jpg-1536x521.jpg 1536w, https:\/\/www.tosunlux.eu\/wp-content\/uploads\/2023\/03\/22jpg.jpg 1600w\" sizes=\"(max-width: 372px) 100vw, 372px\" \/><\/figure>\n\t\t\t\t\t\t\t\t<\/div>\n\t\t\t\t<\/div>\n\t\t\t\t\t<\/div>\n\t\t<\/div>\n\t\t\t\t\t<\/div>\n\t\t<\/section>\n\t\t\t\t<\/div>","protected":false},"parent":0,"template":"","product_category":[37,189],"class_list":["post-5434","product","type-product","status-publish","hentry","product_category-new-energy-instruments","product_category-modular-changeover-switch"],"yoast_head":"<!-- This site is optimized with the Yoast SEO plugin v27.3 - https:\/\/yoast.com\/product\/yoast-seo-wordpress\/ -->\n<title>WholesaleModular Changeover Switch - TOSUNlux Official Site - Electrical Circuit Breaker Manufacturer in China Low Voltage Electrical Supplier | TOSUNlux<\/title>\n<meta name=\"description\" content=\"Modular Changeover Switch Supplier - Wholesale direct from TOSUNlux, a trusted manufacturer since 1994. Get your B2B factory quote on our certified Low Voltage electrical products.\" \/>\n<meta name=\"robots\" content=\"index, follow, max-snippet:-1, max-image-preview:large, max-video-preview:-1\" \/>\n<link rel=\"canonical\" href=\"https:\/\/www.tosunlux.eu\/pl\/products\/modular-changeover-switch\/\" \/>\n<meta property=\"og:locale\" content=\"pl_PL\" \/>\n<meta property=\"og:type\" content=\"article\" \/>\n<meta property=\"og:title\" content=\"WholesaleModular Changeover Switch - TOSUNlux Official Site - Electrical Circuit Breaker Manufacturer in China Low Voltage Electrical Supplier | TOSUNlux\" \/>\n<meta property=\"og:description\" content=\"Modular Changeover Switch Supplier - Wholesale direct from TOSUNlux, a trusted manufacturer since 1994. Get your B2B factory quote on our certified Low Voltage electrical products.\" \/>\n<meta property=\"og:url\" content=\"https:\/\/www.tosunlux.eu\/pl\/products\/modular-changeover-switch\/\" \/>\n<meta property=\"og:site_name\" content=\"TOSUNlux Official Site - Electrical Circuit Breaker Manufacturer in China\" \/>\n<meta property=\"article:publisher\" content=\"https:\/\/www.facebook.com\/TOSUNelectric\/\" \/>\n<meta property=\"article:modified_time\" content=\"2023-04-15T06:03:09+00:00\" \/>\n<meta property=\"og:image\" content=\"https:\/\/www.tosunlux.eu\/wp-content\/uploads\/2023\/03\/1-1024x474.jpg\" \/>\n<meta name=\"twitter:card\" content=\"summary_large_image\" \/>\n<meta name=\"twitter:label1\" content=\"Szacowany czas czytania\" \/>\n\t<meta name=\"twitter:data1\" content=\"2 minuty\" \/>\n<script type=\"application\/ld+json\" class=\"yoast-schema-graph\">{\"@context\":\"https:\\\/\\\/schema.org\",\"@graph\":[{\"@type\":\"WebPage\",\"@id\":\"https:\\\/\\\/www.tosunlux.eu\\\/ur\\\/products\\\/modular-changeover-switch\\\/\",\"url\":\"https:\\\/\\\/www.tosunlux.eu\\\/ur\\\/products\\\/modular-changeover-switch\\\/\",\"name\":\"WholesaleModular Changeover Switch - TOSUNlux Official Site - Electrical Circuit Breaker Manufacturer in China Low Voltage Electrical Supplier | TOSUNlux\",\"isPartOf\":{\"@id\":\"https:\\\/\\\/www.tosunlux.eu\\\/ru\\\/#website\"},\"primaryImageOfPage\":{\"@id\":\"https:\\\/\\\/www.tosunlux.eu\\\/ur\\\/products\\\/modular-changeover-switch\\\/#primaryimage\"},\"image\":{\"@id\":\"https:\\\/\\\/www.tosunlux.eu\\\/ur\\\/products\\\/modular-changeover-switch\\\/#primaryimage\"},\"thumbnailUrl\":\"https:\\\/\\\/www.tosunlux.eu\\\/wp-content\\\/uploads\\\/2023\\\/03\\\/1-1024x474.jpg\",\"datePublished\":\"2023-03-14T04:38:54+00:00\",\"dateModified\":\"2023-04-15T06:03:09+00:00\",\"description\":\"Modular Changeover Switch Supplier - Wholesale direct from TOSUNlux, a trusted manufacturer since 1994. Get your B2B factory quote on our certified Low Voltage electrical products.\",\"breadcrumb\":{\"@id\":\"https:\\\/\\\/www.tosunlux.eu\\\/ur\\\/products\\\/modular-changeover-switch\\\/#breadcrumb\"},\"inLanguage\":\"pl-PL\",\"potentialAction\":[{\"@type\":\"ReadAction\",\"target\":[\"https:\\\/\\\/www.tosunlux.eu\\\/ur\\\/products\\\/modular-changeover-switch\\\/\"]}]},{\"@type\":\"ImageObject\",\"inLanguage\":\"pl-PL\",\"@id\":\"https:\\\/\\\/www.tosunlux.eu\\\/ur\\\/products\\\/modular-changeover-switch\\\/#primaryimage\",\"url\":\"https:\\\/\\\/www.tosunlux.eu\\\/wp-content\\\/uploads\\\/2023\\\/03\\\/1-1024x474.jpg\",\"contentUrl\":\"https:\\\/\\\/www.tosunlux.eu\\\/wp-content\\\/uploads\\\/2023\\\/03\\\/1-1024x474.jpg\"},{\"@type\":\"BreadcrumbList\",\"@id\":\"https:\\\/\\\/www.tosunlux.eu\\\/ur\\\/products\\\/modular-changeover-switch\\\/#breadcrumb\",\"itemListElement\":[{\"@type\":\"ListItem\",\"position\":1,\"name\":\"Home\",\"item\":\"https:\\\/\\\/www.tosunlux.eu\\\/ru\\\/\"},{\"@type\":\"ListItem\",\"position\":2,\"name\":\"Products\",\"item\":\"https:\\\/\\\/www.tosunlux.eu\\\/products\\\/\"},{\"@type\":\"ListItem\",\"position\":3,\"name\":\"Modular Changeover Switch\"}]},{\"@type\":\"WebSite\",\"@id\":\"https:\\\/\\\/www.tosunlux.eu\\\/ru\\\/#website\",\"url\":\"https:\\\/\\\/www.tosunlux.eu\\\/ru\\\/\",\"name\":\"TOSUNlux Official Site - Electrical Circuit Breaker Manufacturer in China\",\"description\":\"Power Distribution System Supplier\",\"publisher\":{\"@id\":\"https:\\\/\\\/www.tosunlux.eu\\\/ru\\\/#organization\"},\"alternateName\":\"TOSUNlux\",\"potentialAction\":[{\"@type\":\"SearchAction\",\"target\":{\"@type\":\"EntryPoint\",\"urlTemplate\":\"https:\\\/\\\/www.tosunlux.eu\\\/ru\\\/?s={search_term_string}\"},\"query-input\":{\"@type\":\"PropertyValueSpecification\",\"valueRequired\":true,\"valueName\":\"search_term_string\"}}],\"inLanguage\":\"pl-PL\"},{\"@type\":\"Organization\",\"@id\":\"https:\\\/\\\/www.tosunlux.eu\\\/ru\\\/#organization\",\"name\":\"TOSUNlux\",\"url\":\"https:\\\/\\\/www.tosunlux.eu\\\/ru\\\/\",\"logo\":{\"@type\":\"ImageObject\",\"inLanguage\":\"pl-PL\",\"@id\":\"https:\\\/\\\/www.tosunlux.eu\\\/ru\\\/#\\\/schema\\\/logo\\\/image\\\/\",\"url\":\"https:\\\/\\\/www.tosunlux.eu\\\/wp-content\\\/uploads\\\/2022\\\/01\\\/LOGOSYSM.71762f1.png\",\"contentUrl\":\"https:\\\/\\\/www.tosunlux.eu\\\/wp-content\\\/uploads\\\/2022\\\/01\\\/LOGOSYSM.71762f1.png\",\"width\":153,\"height\":55,\"caption\":\"TOSUNlux\"},\"image\":{\"@id\":\"https:\\\/\\\/www.tosunlux.eu\\\/ru\\\/#\\\/schema\\\/logo\\\/image\\\/\"},\"sameAs\":[\"https:\\\/\\\/www.facebook.com\\\/TOSUNelectric\\\/\",\"https:\\\/\\\/www.linkedin.com\\\/company\\\/wenzhou-tosun-electric-co.-ltd\\\/\"]}]}<\/script>\n<!-- \/ Yoast SEO plugin. -->","yoast_head_json":{"title":"Hurtowy modu\u0142owy prze\u0142\u0105cznik prze\u0142\u0105czaj\u0105cy - Oficjalna strona TOSUNlux - Producent wy\u0142\u0105cznik\u00f3w elektrycznych w Chinach Dostawca urz\u0105dze\u0144 elektrycznych niskiego napi\u0119cia | TOSUNlux","description":"Dostawca modu\u0142owych prze\u0142\u0105cznik\u00f3w - sprzeda\u017c hurtowa bezpo\u015brednio od TOSUNlux, zaufanego producenta od 1994 r. Uzyskaj wycen\u0119 fabryczn\u0105 B2B na nasze certyfikowane produkty elektryczne niskiego napi\u0119cia.","robots":{"index":"index","follow":"follow","max-snippet":"max-snippet:-1","max-image-preview":"max-image-preview:large","max-video-preview":"max-video-preview:-1"},"canonical":"https:\/\/www.tosunlux.eu\/pl\/products\/modular-changeover-switch\/","og_locale":"pl_PL","og_type":"article","og_title":"WholesaleModular Changeover Switch - TOSUNlux Official Site - Electrical Circuit Breaker Manufacturer in China Low Voltage Electrical Supplier | TOSUNlux","og_description":"Modular Changeover Switch Supplier - Wholesale direct from TOSUNlux, a trusted manufacturer since 1994. Get your B2B factory quote on our certified Low Voltage electrical products.","og_url":"https:\/\/www.tosunlux.eu\/pl\/products\/modular-changeover-switch\/","og_site_name":"TOSUNlux Official Site - Electrical Circuit Breaker Manufacturer in China","article_publisher":"https:\/\/www.facebook.com\/TOSUNelectric\/","article_modified_time":"2023-04-15T06:03:09+00:00","og_image":[{"url":"https:\/\/www.tosunlux.eu\/wp-content\/uploads\/2023\/03\/1-1024x474.jpg","type":"","width":"","height":""}],"twitter_card":"summary_large_image","twitter_misc":{"Szacowany czas czytania":"2 minuty"},"schema":{"@context":"https:\/\/schema.org","@graph":[{"@type":"WebPage","@id":"https:\/\/www.tosunlux.eu\/ur\/products\/modular-changeover-switch\/","url":"https:\/\/www.tosunlux.eu\/ur\/products\/modular-changeover-switch\/","name":"Hurtowy modu\u0142owy prze\u0142\u0105cznik prze\u0142\u0105czaj\u0105cy - Oficjalna strona TOSUNlux - Producent wy\u0142\u0105cznik\u00f3w elektrycznych w Chinach Dostawca urz\u0105dze\u0144 elektrycznych niskiego napi\u0119cia | TOSUNlux","isPartOf":{"@id":"https:\/\/www.tosunlux.eu\/ru\/#website"},"primaryImageOfPage":{"@id":"https:\/\/www.tosunlux.eu\/ur\/products\/modular-changeover-switch\/#primaryimage"},"image":{"@id":"https:\/\/www.tosunlux.eu\/ur\/products\/modular-changeover-switch\/#primaryimage"},"thumbnailUrl":"https:\/\/www.tosunlux.eu\/wp-content\/uploads\/2023\/03\/1-1024x474.jpg","datePublished":"2023-03-14T04:38:54+00:00","dateModified":"2023-04-15T06:03:09+00:00","description":"Dostawca modu\u0142owych prze\u0142\u0105cznik\u00f3w - sprzeda\u017c hurtowa bezpo\u015brednio od TOSUNlux, zaufanego producenta od 1994 r. Uzyskaj wycen\u0119 fabryczn\u0105 B2B na nasze certyfikowane produkty elektryczne niskiego napi\u0119cia.","breadcrumb":{"@id":"https:\/\/www.tosunlux.eu\/ur\/products\/modular-changeover-switch\/#breadcrumb"},"inLanguage":"pl-PL","potentialAction":[{"@type":"ReadAction","target":["https:\/\/www.tosunlux.eu\/ur\/products\/modular-changeover-switch\/"]}]},{"@type":"ImageObject","inLanguage":"pl-PL","@id":"https:\/\/www.tosunlux.eu\/ur\/products\/modular-changeover-switch\/#primaryimage","url":"https:\/\/www.tosunlux.eu\/wp-content\/uploads\/2023\/03\/1-1024x474.jpg","contentUrl":"https:\/\/www.tosunlux.eu\/wp-content\/uploads\/2023\/03\/1-1024x474.jpg"},{"@type":"BreadcrumbList","@id":"https:\/\/www.tosunlux.eu\/ur\/products\/modular-changeover-switch\/#breadcrumb","itemListElement":[{"@type":"ListItem","position":1,"name":"Home","item":"https:\/\/www.tosunlux.eu\/ru\/"},{"@type":"ListItem","position":2,"name":"Products","item":"https:\/\/www.tosunlux.eu\/products\/"},{"@type":"ListItem","position":3,"name":"Modular Changeover Switch"}]},{"@type":"WebSite","@id":"https:\/\/www.tosunlux.eu\/ru\/#website","url":"https:\/\/www.tosunlux.eu\/ru\/","name":"Oficjalna strona TOSUNlux - Producent wy\u0142\u0105cznik\u00f3w elektrycznych w Chinach","description":"Dostawca system\u00f3w dystrybucji energii","publisher":{"@id":"https:\/\/www.tosunlux.eu\/ru\/#organization"},"alternateName":"TOSUNlux","potentialAction":[{"@type":"SearchAction","target":{"@type":"EntryPoint","urlTemplate":"https:\/\/www.tosunlux.eu\/ru\/?s={search_term_string}"},"query-input":{"@type":"PropertyValueSpecification","valueRequired":true,"valueName":"search_term_string"}}],"inLanguage":"pl-PL"},{"@type":"Organization","@id":"https:\/\/www.tosunlux.eu\/ru\/#organization","name":"TOSUNlux","url":"https:\/\/www.tosunlux.eu\/ru\/","logo":{"@type":"ImageObject","inLanguage":"pl-PL","@id":"https:\/\/www.tosunlux.eu\/ru\/#\/schema\/logo\/image\/","url":"https:\/\/www.tosunlux.eu\/wp-content\/uploads\/2022\/01\/LOGOSYSM.71762f1.png","contentUrl":"https:\/\/www.tosunlux.eu\/wp-content\/uploads\/2022\/01\/LOGOSYSM.71762f1.png","width":153,"height":55,"caption":"TOSUNlux"},"image":{"@id":"https:\/\/www.tosunlux.eu\/ru\/#\/schema\/logo\/image\/"},"sameAs":["https:\/\/www.facebook.com\/TOSUNelectric\/","https:\/\/www.linkedin.com\/company\/wenzhou-tosun-electric-co.-ltd\/"]}]}},"_links":{"self":[{"href":"https:\/\/www.tosunlux.eu\/pl\/wp-json\/wp\/v2\/product\/5434","targetHints":{"allow":["GET"]}}],"collection":[{"href":"https:\/\/www.tosunlux.eu\/pl\/wp-json\/wp\/v2\/product"}],"about":[{"href":"https:\/\/www.tosunlux.eu\/pl\/wp-json\/wp\/v2\/types\/product"}],"version-history":[{"count":4,"href":"https:\/\/www.tosunlux.eu\/pl\/wp-json\/wp\/v2\/product\/5434\/revisions"}],"predecessor-version":[{"id":10972,"href":"https:\/\/www.tosunlux.eu\/pl\/wp-json\/wp\/v2\/product\/5434\/revisions\/10972"}],"wp:attachment":[{"href":"https:\/\/www.tosunlux.eu\/pl\/wp-json\/wp\/v2\/media?parent=5434"}],"wp:term":[{"taxonomy":"product_category","embeddable":true,"href":"https:\/\/www.tosunlux.eu\/pl\/wp-json\/wp\/v2\/product_category?post=5434"}],"curies":[{"name":"wp","href":"https:\/\/api.w.org\/{rel}","templated":true}]}}