{"id":5448,"date":"2023-03-14T13:32:23","date_gmt":"2023-03-14T05:32:23","guid":{"rendered":"https:\/\/www.tosunlux.eu\/?post_type=product&#038;p=5448"},"modified":"2023-03-17T14:44:08","modified_gmt":"2023-03-17T06:44:08","slug":"dc-isolating-switch-3","status":"publish","type":"product","link":"https:\/\/www.tosunlux.eu\/pl\/products\/dc-isolating-switch-3\/","title":{"rendered":"Wy\u0142\u0105cznik izolacyjny DC"},"content":{"rendered":"<p><strong>Aplikacja<\/strong><\/p>\n\n\n\n<p>Wy\u0142\u0105cznik izolacyjny DC serii S32D jest stosowany w systemach fotowoltaicznych mieszkalnych lub komercyjnych o mocy 1~20 kW, umieszczonych mi\u0119dzy modu\u0142ami fotowoltaicznymi a falownikami. Czas \u0142uku elektrycznego wynosi mniej ni\u017c 8 ms, co zwi\u0119ksza bezpiecze\u0144stwo systemu solarnego. Maksymalne napi\u0119cie wynosi do 1200 V DC. Jest to bezpieczne rozwi\u0105zanie w\u015br\u00f3d podobnych produkt\u00f3w.<\/p>\n\n\n\n<p><strong>Specyfikacja<\/strong><\/p>\n\n\n<table style=\"border-collapse: collapse; width: 901px; height: 642px;\" border=\"0\" width=\"1560\" cellspacing=\"0\" cellpadding=\"0\">\n<tbody>\n<tr style=\"height: 25.70pt;\">\n<td class=\"et2\" style=\"height: 25.70pt; width: 491.15pt;\" width=\"948\" height=\"49\">Pr\u0105d znamionowy (A)<\/td>\n<td class=\"et2\" style=\"width: 317.35pt; text-align: center;\" width=\"612\">16, 25, 32<\/td>\n<\/tr>\n<tr style=\"height: 26.25pt;\">\n<td class=\"et2\" style=\"height: 26.25pt; width: 491.15pt;\" width=\"948\" height=\"50\">Standard<\/td>\n<td class=\"et2\" style=\"width: 317.35pt; text-align: center;\" width=\"612\">IEC60947-3<\/td>\n<\/tr>\n<tr style=\"height: 27.80pt;\">\n<td class=\"et2\" style=\"height: 27.80pt; width: 491.15pt;\" width=\"948\" height=\"53\">Kategoria wykorzystania<\/td>\n<td class=\"et2\" style=\"width: 317.35pt; text-align: center;\" width=\"612\">DC-PV2\/ DC-PV1\/ DC-21B<\/td>\n<\/tr>\n<tr style=\"height: 26.75pt;\">\n<td class=\"et2\" style=\"height: 26.75pt; width: 491.15pt;\" width=\"948\" height=\"51\">Polak<\/td>\n<td class=\"et2\" style=\"width: 317.35pt; text-align: center;\" width=\"612\">4P<\/td>\n<\/tr>\n<tr style=\"height: 27.25pt;\">\n<td class=\"et2\" style=\"height: 27.25pt; width: 491.15pt;\" width=\"948\" height=\"52\">Cz\u0119stotliwo\u015b\u0107 znamionowa<\/td>\n<td class=\"et2\" style=\"width: 317.35pt; text-align: center;\" width=\"612\">Pr\u0105d sta\u0142y<\/td>\n<\/tr>\n<tr style=\"height: 28.30pt;\">\n<td class=\"et2\" style=\"height: 28.30pt; width: 491.15pt;\" width=\"948\" height=\"54\">Znamionowe napi\u0119cie robocze (Ue)<\/td>\n<td class=\"et2\" style=\"width: 317.35pt; text-align: center;\" width=\"612\">300 V, 600 V, 800 V, 1000 V, 1200 V<\/td>\n<\/tr>\n<tr style=\"height: 26.25pt;\">\n<td class=\"et2\" style=\"height: 26.25pt; width: 491.15pt;\" width=\"948\" height=\"50\">Napi\u0119cie znamionowe izolacji (Ui)<\/td>\n<td class=\"et2\" style=\"width: 317.35pt; text-align: center;\" width=\"612\">1200 V<\/td>\n<\/tr>\n<tr style=\"height: 27.25pt;\">\n<td class=\"et2\" style=\"height: 27.25pt; width: 491.15pt;\" width=\"948\" height=\"52\">Pr\u0105d znamionowy kr\u00f3tkotrwa\u0142y wytrzymywany (lew)<\/td>\n<td class=\"et2\" style=\"width: 317.35pt; text-align: center;\" width=\"612\">1kA, 1s<\/td>\n<\/tr>\n<tr style=\"height: 26.25pt;\">\n<td class=\"et2\" style=\"height: 26.25pt; width: 491.15pt;\" width=\"948\" height=\"50\">Znamionowe napi\u0119cie udarowe wytrzymywane (Uimp)<\/td>\n<td class=\"et2\" style=\"width: 317.35pt; text-align: center;\" width=\"612\">8.0kV<\/td>\n<\/tr>\n<tr style=\"height: 29.85pt;\">\n<td class=\"et2\" style=\"height: 29.85pt; width: 491.15pt;\" width=\"948\" height=\"57\">Kategoria przepi\u0119ciowa<\/td>\n<td class=\"et2\" style=\"width: 317.35pt; text-align: center;\" width=\"612\">II<\/td>\n<\/tr>\n<tr style=\"height: 28.30pt;\">\n<td class=\"et2\" style=\"height: 28.30pt; width: 491.15pt;\" width=\"948\" height=\"54\">Przydatno\u015b\u0107 do izolacji<\/td>\n<td class=\"et2\" style=\"width: 317.35pt; text-align: center;\" width=\"612\">Tak<\/td>\n<\/tr>\n<tr style=\"height: 22.65pt;\">\n<td class=\"et2\" style=\"height: 22.65pt; width: 491.15pt;\" width=\"948\" height=\"43\">Biegunowo\u015b\u0107<\/td>\n<td class=\"et2\" style=\"width: 317.35pt; text-align: center;\" width=\"612\">Nie mo\u017cna zamienia\u0107 biegunowo\u015bci \u201e+\u201d i \u201e-\u201d<\/td>\n<\/tr>\n<tr style=\"height: 26.75pt;\">\n<td class=\"et2\" style=\"height: 26.75pt; width: 491.15pt;\" width=\"948\" height=\"51\">\u017bywotno\u015b\u0107 mechaniczna<\/td>\n<td class=\"et2\" style=\"width: 317.35pt; text-align: center;\" width=\"612\">18000 razy<\/td>\n<\/tr>\n<tr style=\"height: 27.25pt;\">\n<td class=\"et2\" style=\"height: 27.25pt; width: 491.15pt;\" width=\"948\" height=\"52\">\u017bycie elektryczne<\/td>\n<td class=\"et2\" style=\"width: 317.35pt; text-align: center;\" width=\"612\">2000 razy<\/td>\n<\/tr>\n<tr style=\"height: 27.25pt;\">\n<td class=\"et2\" style=\"height: 27.25pt; width: 491.15pt;\" width=\"948\" height=\"52\">Temperatura przechowywania<\/td>\n<td class=\"et2\" style=\"width: 317.35pt; text-align: center;\" width=\"612\">-10\u00b0C-+85\u00b0C<\/td>\n<\/tr>\n<tr style=\"height: 27.80pt;\">\n<td class=\"et2\" style=\"height: 27.80pt; width: 491.15pt;\" width=\"948\" height=\"53\">Typ monta\u017cu<\/td>\n<td class=\"et2\" style=\"width: 317.35pt; text-align: center;\" width=\"612\">Pionowo lub poziomo<\/td>\n<\/tr>\n<tr style=\"height: 27.25pt;\">\n<td class=\"et2\" style=\"height: 27.25pt; width: 491.15pt;\" width=\"948\" height=\"52\">Stopie\u0144 zanieczyszczenia<\/td>\n<td class=\"et2\" style=\"width: 317.35pt; text-align: center;\" width=\"612\">III<\/td>\n<\/tr>\n<\/tbody>\n<\/table>\n\n\n<p><strong>Konfiguracje prze\u0142\u0105czania<\/strong><\/p>\n\n\n\n<figure class=\"wp-block-image size-large\"><img fetchpriority=\"high\" decoding=\"async\" width=\"1024\" height=\"357\" src=\"https:\/\/www.tosunlux.eu\/wp-content\/uploads\/2023\/03\/2023\u65b0\u80fd\u6e90\u76ee\u5f55-2-1024x357.jpg\" alt=\"\" class=\"wp-image-5449\" srcset=\"https:\/\/www.tosunlux.eu\/wp-content\/uploads\/2023\/03\/2023\u65b0\u80fd\u6e90\u76ee\u5f55-2-1024x357.jpg 1024w, https:\/\/www.tosunlux.eu\/wp-content\/uploads\/2023\/03\/2023\u65b0\u80fd\u6e90\u76ee\u5f55-2-300x105.jpg 300w, https:\/\/www.tosunlux.eu\/wp-content\/uploads\/2023\/03\/2023\u65b0\u80fd\u6e90\u76ee\u5f55-2-768x268.jpg 768w, https:\/\/www.tosunlux.eu\/wp-content\/uploads\/2023\/03\/2023\u65b0\u80fd\u6e90\u76ee\u5f55-2-1536x535.jpg 1536w, https:\/\/www.tosunlux.eu\/wp-content\/uploads\/2023\/03\/2023\u65b0\u80fd\u6e90\u76ee\u5f55-2.jpg 1604w\" sizes=\"(max-width: 1024px) 100vw, 1024px\" \/><\/figure>\n\n\n\n<p><strong>Wymiary<\/strong><\/p>\n\n\n\n<figure class=\"wp-block-image size-large\"><img decoding=\"async\" width=\"1024\" height=\"255\" src=\"https:\/\/www.tosunlux.eu\/wp-content\/uploads\/2023\/03\/2023\u65b0\u80fd\u6e90\u76ee\u5f552-1024x255.jpg\" alt=\"\" class=\"wp-image-5450\" srcset=\"https:\/\/www.tosunlux.eu\/wp-content\/uploads\/2023\/03\/2023\u65b0\u80fd\u6e90\u76ee\u5f552-1024x255.jpg 1024w, https:\/\/www.tosunlux.eu\/wp-content\/uploads\/2023\/03\/2023\u65b0\u80fd\u6e90\u76ee\u5f552-300x75.jpg 300w, https:\/\/www.tosunlux.eu\/wp-content\/uploads\/2023\/03\/2023\u65b0\u80fd\u6e90\u76ee\u5f552-768x191.jpg 768w, https:\/\/www.tosunlux.eu\/wp-content\/uploads\/2023\/03\/2023\u65b0\u80fd\u6e90\u76ee\u5f552-1536x382.jpg 1536w, https:\/\/www.tosunlux.eu\/wp-content\/uploads\/2023\/03\/2023\u65b0\u80fd\u6e90\u76ee\u5f552.jpg 1599w\" sizes=\"(max-width: 1024px) 100vw, 1024px\" \/><\/figure>\n\n\n\n<p><strong>Funkcja<\/strong><\/p>\n\n\n\n<p>Stopie\u0144 ochrony IP66 i odporno\u015b\u0107 na promieniowanie UV<br>Uchwyt mo\u017cna zablokowa\u0107 k\u0142\u00f3dk\u0105 w pozycji \u201eWY\u0141\u0104CZONY\u201d<br>Mo\u017cna wybra\u0107 wtyczki MC4 z adapterem lub przepustami kablowymi<br>wygodne po\u0142\u0105czenie i oszcz\u0119dno\u015b\u0107 miejsca<br>Zaw\u00f3r powietrza lP66 wspomaga przep\u0142yw powietrza i obni\u017ca temperatur\u0119<br>Dost\u0119pne s\u0105 2-biegunowe i 4-biegunowe (pojedynczy i podw\u00f3jny sznur)<br>Norma: IEC60947-3,AS60947.3<br>DC-PV2, DC-PV1, DC-21B<br>16A, 25A, 32A, 1200 V pr\u0105du sta\u0142ego<\/p>\n\n\n\n<figure class=\"wp-block-image size-large is-resized\"><img decoding=\"async\" src=\"https:\/\/www.tosunlux.eu\/wp-content\/uploads\/2023\/03\/2023\u65b0\u80fd\u6e90\u76ee\u5f553-1024x380.jpg\" alt=\"\" class=\"wp-image-5451\" width=\"612\" height=\"226\" srcset=\"https:\/\/www.tosunlux.eu\/wp-content\/uploads\/2023\/03\/2023\u65b0\u80fd\u6e90\u76ee\u5f553-1024x380.jpg 1024w, https:\/\/www.tosunlux.eu\/wp-content\/uploads\/2023\/03\/2023\u65b0\u80fd\u6e90\u76ee\u5f553-300x111.jpg 300w, https:\/\/www.tosunlux.eu\/wp-content\/uploads\/2023\/03\/2023\u65b0\u80fd\u6e90\u76ee\u5f553-768x285.jpg 768w, https:\/\/www.tosunlux.eu\/wp-content\/uploads\/2023\/03\/2023\u65b0\u80fd\u6e90\u76ee\u5f553-1536x570.jpg 1536w, https:\/\/www.tosunlux.eu\/wp-content\/uploads\/2023\/03\/2023\u65b0\u80fd\u6e90\u76ee\u5f553.jpg 1599w\" sizes=\"(max-width: 612px) 100vw, 612px\" \/><\/figure>\n\n\n\n<p><strong>Wymiary<\/strong><\/p>\n\n\n\n<figure class=\"wp-block-image size-large\"><img loading=\"lazy\" decoding=\"async\" width=\"1024\" height=\"657\" src=\"https:\/\/www.tosunlux.eu\/wp-content\/uploads\/2023\/03\/2023\u65b0\u80fd\u6e90\u76ee\u5f554-1024x657.jpg\" alt=\"\" class=\"wp-image-5452\" srcset=\"https:\/\/www.tosunlux.eu\/wp-content\/uploads\/2023\/03\/2023\u65b0\u80fd\u6e90\u76ee\u5f554-1024x657.jpg 1024w, https:\/\/www.tosunlux.eu\/wp-content\/uploads\/2023\/03\/2023\u65b0\u80fd\u6e90\u76ee\u5f554-300x192.jpg 300w, https:\/\/www.tosunlux.eu\/wp-content\/uploads\/2023\/03\/2023\u65b0\u80fd\u6e90\u76ee\u5f554-768x493.jpg 768w, https:\/\/www.tosunlux.eu\/wp-content\/uploads\/2023\/03\/2023\u65b0\u80fd\u6e90\u76ee\u5f554-1536x986.jpg 1536w, https:\/\/www.tosunlux.eu\/wp-content\/uploads\/2023\/03\/2023\u65b0\u80fd\u6e90\u76ee\u5f554.jpg 1599w\" sizes=\"(max-width: 1024px) 100vw, 1024px\" \/><\/figure>","protected":false},"parent":0,"template":"","product_category":[37,153],"class_list":["post-5448","product","type-product","status-publish","hentry","product_category-new-energy-instruments","product_category-dc-fuse-and-isolating-switch"],"yoast_head":"<!-- This site is optimized with the Yoast SEO plugin v27.5 - https:\/\/yoast.com\/product\/yoast-seo-wordpress\/ -->\n<title>WholesaleDC Isolating Switch - TOSUNlux Official Site - Electrical Circuit Breaker Manufacturer in China Low Voltage Electrical Supplier | TOSUNlux<\/title>\n<meta name=\"description\" content=\"DC Isolating Switch Supplier - Wholesale direct from TOSUNlux, a trusted manufacturer since 1994. Get your B2B factory quote on our certified Low Voltage electrical products.\" \/>\n<meta name=\"robots\" content=\"index, follow, max-snippet:-1, max-image-preview:large, max-video-preview:-1\" \/>\n<link rel=\"canonical\" href=\"https:\/\/www.tosunlux.eu\/pl\/products\/dc-isolating-switch-3\/\" \/>\n<meta property=\"og:locale\" content=\"pl_PL\" \/>\n<meta property=\"og:type\" content=\"article\" \/>\n<meta property=\"og:title\" content=\"WholesaleDC Isolating Switch - TOSUNlux Official Site - Electrical Circuit Breaker Manufacturer in China Low Voltage Electrical Supplier | TOSUNlux\" \/>\n<meta property=\"og:description\" content=\"DC Isolating Switch Supplier - Wholesale direct from TOSUNlux, a trusted manufacturer since 1994. Get your B2B factory quote on our certified Low Voltage electrical products.\" \/>\n<meta property=\"og:url\" content=\"https:\/\/www.tosunlux.eu\/pl\/products\/dc-isolating-switch-3\/\" \/>\n<meta property=\"og:site_name\" content=\"TOSUNlux Official Site - Electrical Circuit Breaker Manufacturer in China\" \/>\n<meta property=\"article:publisher\" content=\"https:\/\/www.facebook.com\/TOSUNelectric\/\" \/>\n<meta property=\"article:modified_time\" content=\"2023-03-17T06:44:08+00:00\" \/>\n<meta property=\"og:image\" content=\"https:\/\/www.tosunlux.eu\/wp-content\/uploads\/2023\/04\/DSC08160_\u526f\u672c.jpg\" \/>\n\t<meta property=\"og:image:width\" content=\"1500\" \/>\n\t<meta property=\"og:image:height\" content=\"940\" \/>\n\t<meta property=\"og:image:type\" content=\"image\/jpeg\" \/>\n<meta name=\"twitter:card\" content=\"summary_large_image\" \/>\n<meta name=\"twitter:label1\" content=\"Szacowany czas czytania\" \/>\n\t<meta name=\"twitter:data1\" content=\"2 minuty\" \/>\n<script type=\"application\/ld+json\" class=\"yoast-schema-graph\">{\"@context\":\"https:\\\/\\\/schema.org\",\"@graph\":[{\"@type\":\"WebPage\",\"@id\":\"https:\\\/\\\/www.tosunlux.eu\\\/products\\\/dc-isolating-switch-3\\\/\",\"url\":\"https:\\\/\\\/www.tosunlux.eu\\\/products\\\/dc-isolating-switch-3\\\/\",\"name\":\"WholesaleDC Isolating Switch - TOSUNlux Official Site - Electrical Circuit Breaker Manufacturer in China Low Voltage Electrical Supplier | TOSUNlux\",\"isPartOf\":{\"@id\":\"https:\\\/\\\/www.tosunlux.eu\\\/ru\\\/#website\"},\"datePublished\":\"2023-03-14T05:32:23+00:00\",\"dateModified\":\"2023-03-17T06:44:08+00:00\",\"description\":\"DC Isolating Switch Supplier - Wholesale direct from TOSUNlux, a trusted manufacturer since 1994. Get your B2B factory quote on our certified Low Voltage electrical products.\",\"breadcrumb\":{\"@id\":\"https:\\\/\\\/www.tosunlux.eu\\\/products\\\/dc-isolating-switch-3\\\/#breadcrumb\"},\"inLanguage\":\"pl-PL\",\"potentialAction\":[{\"@type\":\"ReadAction\",\"target\":[\"https:\\\/\\\/www.tosunlux.eu\\\/products\\\/dc-isolating-switch-3\\\/\"]}]},{\"@type\":\"BreadcrumbList\",\"@id\":\"https:\\\/\\\/www.tosunlux.eu\\\/products\\\/dc-isolating-switch-3\\\/#breadcrumb\",\"itemListElement\":[{\"@type\":\"ListItem\",\"position\":1,\"name\":\"Home\",\"item\":\"https:\\\/\\\/www.tosunlux.eu\\\/ru\\\/\"},{\"@type\":\"ListItem\",\"position\":2,\"name\":\"Products\",\"item\":\"https:\\\/\\\/www.tosunlux.eu\\\/products\\\/\"},{\"@type\":\"ListItem\",\"position\":3,\"name\":\"DC Isolating Switch\"}]},{\"@type\":\"WebSite\",\"@id\":\"https:\\\/\\\/www.tosunlux.eu\\\/ru\\\/#website\",\"url\":\"https:\\\/\\\/www.tosunlux.eu\\\/ru\\\/\",\"name\":\"TOSUNlux Official Site - Electrical Circuit Breaker Manufacturer in China\",\"description\":\"Power Distribution System Supplier\",\"publisher\":{\"@id\":\"https:\\\/\\\/www.tosunlux.eu\\\/ru\\\/#organization\"},\"alternateName\":\"TOSUNlux\",\"potentialAction\":[{\"@type\":\"SearchAction\",\"target\":{\"@type\":\"EntryPoint\",\"urlTemplate\":\"https:\\\/\\\/www.tosunlux.eu\\\/ru\\\/?s={search_term_string}\"},\"query-input\":{\"@type\":\"PropertyValueSpecification\",\"valueRequired\":true,\"valueName\":\"search_term_string\"}}],\"inLanguage\":\"pl-PL\"},{\"@type\":\"Organization\",\"@id\":\"https:\\\/\\\/www.tosunlux.eu\\\/ru\\\/#organization\",\"name\":\"TOSUNlux\",\"url\":\"https:\\\/\\\/www.tosunlux.eu\\\/ru\\\/\",\"logo\":{\"@type\":\"ImageObject\",\"inLanguage\":\"pl-PL\",\"@id\":\"https:\\\/\\\/www.tosunlux.eu\\\/ru\\\/#\\\/schema\\\/logo\\\/image\\\/\",\"url\":\"https:\\\/\\\/www.tosunlux.eu\\\/wp-content\\\/uploads\\\/2022\\\/01\\\/LOGOSYSM.71762f1.png\",\"contentUrl\":\"https:\\\/\\\/www.tosunlux.eu\\\/wp-content\\\/uploads\\\/2022\\\/01\\\/LOGOSYSM.71762f1.png\",\"width\":153,\"height\":55,\"caption\":\"TOSUNlux\"},\"image\":{\"@id\":\"https:\\\/\\\/www.tosunlux.eu\\\/ru\\\/#\\\/schema\\\/logo\\\/image\\\/\"},\"sameAs\":[\"https:\\\/\\\/www.facebook.com\\\/TOSUNelectric\\\/\",\"https:\\\/\\\/www.linkedin.com\\\/company\\\/wenzhou-tosun-electric-co.-ltd\\\/\"]}]}<\/script>\n<!-- \/ Yoast SEO plugin. -->","yoast_head_json":{"title":"Hurtowy wy\u0142\u0105cznik izolacyjny DC - Oficjalna strona TOSUNlux - Producent wy\u0142\u0105cznik\u00f3w elektrycznych w Chinach Dostawca urz\u0105dze\u0144 elektrycznych niskiego napi\u0119cia | TOSUNlux","description":"Dostawca wy\u0142\u0105cznik\u00f3w izolacyjnych pr\u0105du sta\u0142ego \u2014 sprzeda\u017c hurtowa bezpo\u015brednio od TOSUNlux, zaufanego producenta od 1994 r. Uzyskaj wycen\u0119 fabryczn\u0105 B2B na nasze certyfikowane produkty elektryczne niskiego napi\u0119cia.","robots":{"index":"index","follow":"follow","max-snippet":"max-snippet:-1","max-image-preview":"max-image-preview:large","max-video-preview":"max-video-preview:-1"},"canonical":"https:\/\/www.tosunlux.eu\/pl\/products\/dc-isolating-switch-3\/","og_locale":"pl_PL","og_type":"article","og_title":"WholesaleDC Isolating Switch - TOSUNlux Official Site - Electrical Circuit Breaker Manufacturer in China Low Voltage Electrical Supplier | TOSUNlux","og_description":"DC Isolating Switch Supplier - Wholesale direct from TOSUNlux, a trusted manufacturer since 1994. Get your B2B factory quote on our certified Low Voltage electrical products.","og_url":"https:\/\/www.tosunlux.eu\/pl\/products\/dc-isolating-switch-3\/","og_site_name":"TOSUNlux Official Site - Electrical Circuit Breaker Manufacturer in China","article_publisher":"https:\/\/www.facebook.com\/TOSUNelectric\/","article_modified_time":"2023-03-17T06:44:08+00:00","og_image":[{"width":1500,"height":940,"url":"https:\/\/www.tosunlux.eu\/wp-content\/uploads\/2023\/04\/DSC08160_\u526f\u672c.jpg","type":"image\/jpeg"}],"twitter_card":"summary_large_image","twitter_misc":{"Szacowany czas czytania":"2 minuty"},"schema":{"@context":"https:\/\/schema.org","@graph":[{"@type":"WebPage","@id":"https:\/\/www.tosunlux.eu\/products\/dc-isolating-switch-3\/","url":"https:\/\/www.tosunlux.eu\/products\/dc-isolating-switch-3\/","name":"Hurtowy wy\u0142\u0105cznik izolacyjny DC - Oficjalna strona TOSUNlux - Producent wy\u0142\u0105cznik\u00f3w elektrycznych w Chinach Dostawca urz\u0105dze\u0144 elektrycznych niskiego napi\u0119cia | TOSUNlux","isPartOf":{"@id":"https:\/\/www.tosunlux.eu\/ru\/#website"},"datePublished":"2023-03-14T05:32:23+00:00","dateModified":"2023-03-17T06:44:08+00:00","description":"Dostawca wy\u0142\u0105cznik\u00f3w izolacyjnych pr\u0105du sta\u0142ego \u2014 sprzeda\u017c hurtowa bezpo\u015brednio od TOSUNlux, zaufanego producenta od 1994 r. Uzyskaj wycen\u0119 fabryczn\u0105 B2B na nasze certyfikowane produkty elektryczne niskiego napi\u0119cia.","breadcrumb":{"@id":"https:\/\/www.tosunlux.eu\/products\/dc-isolating-switch-3\/#breadcrumb"},"inLanguage":"pl-PL","potentialAction":[{"@type":"ReadAction","target":["https:\/\/www.tosunlux.eu\/products\/dc-isolating-switch-3\/"]}]},{"@type":"BreadcrumbList","@id":"https:\/\/www.tosunlux.eu\/products\/dc-isolating-switch-3\/#breadcrumb","itemListElement":[{"@type":"ListItem","position":1,"name":"Home","item":"https:\/\/www.tosunlux.eu\/ru\/"},{"@type":"ListItem","position":2,"name":"Products","item":"https:\/\/www.tosunlux.eu\/products\/"},{"@type":"ListItem","position":3,"name":"DC Isolating Switch"}]},{"@type":"WebSite","@id":"https:\/\/www.tosunlux.eu\/ru\/#website","url":"https:\/\/www.tosunlux.eu\/ru\/","name":"Oficjalna strona TOSUNlux - Producent wy\u0142\u0105cznik\u00f3w elektrycznych w Chinach","description":"Dostawca system\u00f3w dystrybucji energii","publisher":{"@id":"https:\/\/www.tosunlux.eu\/ru\/#organization"},"alternateName":"TOSUNlux","potentialAction":[{"@type":"SearchAction","target":{"@type":"EntryPoint","urlTemplate":"https:\/\/www.tosunlux.eu\/ru\/?s={search_term_string}"},"query-input":{"@type":"PropertyValueSpecification","valueRequired":true,"valueName":"search_term_string"}}],"inLanguage":"pl-PL"},{"@type":"Organization","@id":"https:\/\/www.tosunlux.eu\/ru\/#organization","name":"TOSUNlux","url":"https:\/\/www.tosunlux.eu\/ru\/","logo":{"@type":"ImageObject","inLanguage":"pl-PL","@id":"https:\/\/www.tosunlux.eu\/ru\/#\/schema\/logo\/image\/","url":"https:\/\/www.tosunlux.eu\/wp-content\/uploads\/2022\/01\/LOGOSYSM.71762f1.png","contentUrl":"https:\/\/www.tosunlux.eu\/wp-content\/uploads\/2022\/01\/LOGOSYSM.71762f1.png","width":153,"height":55,"caption":"TOSUNlux"},"image":{"@id":"https:\/\/www.tosunlux.eu\/ru\/#\/schema\/logo\/image\/"},"sameAs":["https:\/\/www.facebook.com\/TOSUNelectric\/","https:\/\/www.linkedin.com\/company\/wenzhou-tosun-electric-co.-ltd\/"]}]}},"_links":{"self":[{"href":"https:\/\/www.tosunlux.eu\/pl\/wp-json\/wp\/v2\/product\/5448","targetHints":{"allow":["GET"]}}],"collection":[{"href":"https:\/\/www.tosunlux.eu\/pl\/wp-json\/wp\/v2\/product"}],"about":[{"href":"https:\/\/www.tosunlux.eu\/pl\/wp-json\/wp\/v2\/types\/product"}],"version-history":[{"count":0,"href":"https:\/\/www.tosunlux.eu\/pl\/wp-json\/wp\/v2\/product\/5448\/revisions"}],"wp:attachment":[{"href":"https:\/\/www.tosunlux.eu\/pl\/wp-json\/wp\/v2\/media?parent=5448"}],"wp:term":[{"taxonomy":"product_category","embeddable":true,"href":"https:\/\/www.tosunlux.eu\/pl\/wp-json\/wp\/v2\/product_category?post=5448"}],"curies":[{"name":"wp","href":"https:\/\/api.w.org\/{rel}","templated":true}]}}