{"id":7196,"date":"2023-06-10T16:10:10","date_gmt":"2023-06-10T08:10:10","guid":{"rendered":"https:\/\/www.tosunlux.eu\/?post_type=product&#038;p=7196"},"modified":"2023-08-22T11:19:23","modified_gmt":"2023-08-22T03:19:23","slug":"tsb4-125-miniture-circuit-breaker","status":"publish","type":"product","link":"https:\/\/www.tosunlux.eu\/pl\/products\/tsb4-125-miniture-circuit-breaker\/","title":{"rendered":"Wy\u0142\u0105cznik nadpr\u0105dowy TSB4-125"},"content":{"rendered":"\n<p><strong>Application<\/strong><\/p>\n\n\n\n<p>B4-125 series MCB is suitable for AC 50\/60Hz rated voltage 400V and below, rated current to 125A circuit for overload, short circuit protection, can also be used as a line infrequent operation conversion. it is suitable for commercial office buildings and residential houses. The products comply with IEC60898-1.<\/p>\n\n\n\n<p><strong>Specification<\/strong><\/p>\n\n\n<table style=\"height: 516px;\" width=\"841\">\n<tbody>\n<tr>\n<td style=\"text-align: center;\" width=\"145\">Number of poles<\/td>\n<td style=\"text-align: center;\" width=\"139\">1P,2P,3P,4P<\/td>\n<\/tr>\n<tr>\n<td style=\"text-align: center;\" width=\"145\">Rated Current<\/td>\n<td style=\"text-align: center;\" width=\"139\">80A, 100A, 125A<\/td>\n<\/tr>\n<tr>\n<td style=\"text-align: center;\" width=\"145\">Breaking Capacity<\/td>\n<td style=\"text-align: center;\" width=\"139\">6000A<\/td>\n<\/tr>\n<tr>\n<td style=\"text-align: center;\" width=\"145\">Rated Voltage<\/td>\n<td style=\"text-align: center;\" width=\"139\">230V\/400V~ 240V\/415V~<\/td>\n<\/tr>\n<tr>\n<td style=\"text-align: center;\" width=\"145\">Trip Unit Technology<\/td>\n<td style=\"text-align: center;\" width=\"139\">Thermal-magnetic<\/td>\n<\/tr>\n<tr>\n<td style=\"text-align: center;\" width=\"145\">Curve Code<\/td>\n<td style=\"text-align: center;\" width=\"139\">C, D<\/td>\n<\/tr>\n<tr>\n<td style=\"text-align: center;\" width=\"145\">[Uimp] Rated Impulse<\/td>\n<td style=\"text-align: center;\" width=\"139\">4000V<\/td>\n<\/tr>\n<tr>\n<td style=\"text-align: center;\" width=\"145\">Mechanical Durability<\/td>\n<td style=\"text-align: center;\" width=\"139\">10000 cycles<\/td>\n<\/tr>\n<tr>\n<td style=\"text-align: center;\" width=\"145\">Electrical Durability<\/td>\n<td style=\"text-align: center;\" width=\"139\">6000 cycles<\/td>\n<\/tr>\n<tr>\n<td style=\"text-align: center;\" width=\"145\">Tightening Torque<\/td>\n<td style=\"text-align: center;\" width=\"139\">M7 3. .5N. mIl<\/td>\n<\/tr>\n<tr>\n<td style=\"text-align: center;\" width=\"145\">Endurance<\/td>\n<td style=\"text-align: center;\" width=\"139\">C 20000<\/td>\n<\/tr>\n<tr>\n<td style=\"text-align: center;\" width=\"145\">Circumstance Temperature<\/td>\n<td style=\"text-align: center;\" width=\"139\">-5\u00b0C~+40\u00b0C<\/td>\n<\/tr>\n<tr>\n<td style=\"text-align: center;\" width=\"145\">Protection Degree&nbsp;<\/td>\n<td style=\"text-align: center;\">P20<\/td>\n<\/tr>\n<\/tbody>\n<\/table>\n\n\n<p><strong>Characteristic Curve<\/strong><\/p>\n\n\n\n<figure class=\"wp-block-image size-full\"><img fetchpriority=\"high\" decoding=\"async\" width=\"521\" height=\"293\" src=\"https:\/\/www.tosunlux.eu\/wp-content\/uploads\/2023\/06\/\u7ebf\u5f62\u56fe.png\" alt=\"\" class=\"wp-image-7202\" srcset=\"https:\/\/www.tosunlux.eu\/wp-content\/uploads\/2023\/06\/\u7ebf\u5f62\u56fe.png 521w, https:\/\/www.tosunlux.eu\/wp-content\/uploads\/2023\/06\/\u7ebf\u5f62\u56fe-300x169.png 300w, https:\/\/www.tosunlux.eu\/wp-content\/uploads\/2023\/06\/\u7ebf\u5f62\u56fe-18x10.png 18w\" sizes=\"(max-width: 521px) 100vw, 521px\" \/><\/figure>\n\n\n\n<p><strong>Dimensions<\/strong><\/p>\n\n\n\n<figure class=\"wp-block-image size-large is-resized\"><img decoding=\"async\" src=\"https:\/\/www.tosunlux.eu\/wp-content\/uploads\/2023\/06\/TSB4-125-1024x520.jpg\" alt=\"\" class=\"wp-image-7203\" width=\"512\" height=\"260\" srcset=\"https:\/\/www.tosunlux.eu\/wp-content\/uploads\/2023\/06\/TSB4-125-1024x520.jpg 1024w, https:\/\/www.tosunlux.eu\/wp-content\/uploads\/2023\/06\/TSB4-125-300x152.jpg 300w, https:\/\/www.tosunlux.eu\/wp-content\/uploads\/2023\/06\/TSB4-125-768x390.jpg 768w, https:\/\/www.tosunlux.eu\/wp-content\/uploads\/2023\/06\/TSB4-125-1536x780.jpg 1536w, https:\/\/www.tosunlux.eu\/wp-content\/uploads\/2023\/06\/TSB4-125-18x9.jpg 18w, https:\/\/www.tosunlux.eu\/wp-content\/uploads\/2023\/06\/TSB4-125.jpg 1600w\" sizes=\"(max-width: 512px) 100vw, 512px\" \/><\/figure>\n","protected":false},"parent":0,"template":"","product_category":[24,76],"class_list":["post-7196","product","type-product","status-publish","hentry","product_category-power-distribution-system","product_category-mcb"],"yoast_head":"<!-- This site is optimized with the Yoast SEO plugin v27.3 - https:\/\/yoast.com\/product\/yoast-seo-wordpress\/ -->\n<title>WholesaleTSB4-125 Miniture Circuit Breaker - TOSUNlux Official Site - Electrical Circuit Breaker Manufacturer in China Low Voltage Electrical Supplier | TOSUNlux<\/title>\n<meta name=\"description\" content=\"TSB4-125 Miniture Circuit Breaker Supplier - Wholesale direct from TOSUNlux, a trusted manufacturer since 1994. Get your B2B factory quote on our certified Low Voltage electrical products.\" \/>\n<meta name=\"robots\" content=\"index, follow, max-snippet:-1, max-image-preview:large, max-video-preview:-1\" \/>\n<link rel=\"canonical\" href=\"https:\/\/www.tosunlux.eu\/pl\/products\/tsb4-125-miniture-circuit-breaker\/\" \/>\n<meta property=\"og:locale\" content=\"pl_PL\" \/>\n<meta property=\"og:type\" content=\"article\" \/>\n<meta property=\"og:title\" content=\"WholesaleTSB4-125 Miniture Circuit Breaker - TOSUNlux Official Site - Electrical Circuit Breaker Manufacturer in China Low Voltage Electrical Supplier | TOSUNlux\" \/>\n<meta property=\"og:description\" content=\"TSB4-125 Miniture Circuit Breaker Supplier - Wholesale direct from TOSUNlux, a trusted manufacturer since 1994. Get your B2B factory quote on our certified Low Voltage electrical products.\" \/>\n<meta property=\"og:url\" content=\"https:\/\/www.tosunlux.eu\/pl\/products\/tsb4-125-miniture-circuit-breaker\/\" \/>\n<meta property=\"og:site_name\" content=\"TOSUNlux Official Site - Electrical Circuit Breaker Manufacturer in China\" \/>\n<meta property=\"article:publisher\" content=\"https:\/\/www.facebook.com\/TOSUNelectric\/\" \/>\n<meta property=\"article:modified_time\" content=\"2023-08-22T03:19:23+00:00\" \/>\n<meta property=\"og:image\" content=\"https:\/\/www.tosunlux.eu\/wp-content\/uploads\/2023\/06\/TSB4-125-1024x520.jpg\" \/>\n<meta name=\"twitter:card\" content=\"summary_large_image\" \/>\n<meta name=\"twitter:label1\" content=\"Szacowany czas czytania\" \/>\n\t<meta name=\"twitter:data1\" content=\"1 minuta\" \/>\n<script type=\"application\/ld+json\" class=\"yoast-schema-graph\">{\"@context\":\"https:\\\/\\\/schema.org\",\"@graph\":[{\"@type\":\"WebPage\",\"@id\":\"https:\\\/\\\/www.tosunlux.eu\\\/tr\\\/products\\\/tsb4-125-miniture-circuit-breaker\\\/\",\"url\":\"https:\\\/\\\/www.tosunlux.eu\\\/tr\\\/products\\\/tsb4-125-miniture-circuit-breaker\\\/\",\"name\":\"WholesaleTSB4-125 Miniture Circuit Breaker - TOSUNlux Official Site - Electrical Circuit Breaker Manufacturer in China Low Voltage Electrical Supplier | TOSUNlux\",\"isPartOf\":{\"@id\":\"https:\\\/\\\/www.tosunlux.eu\\\/ru\\\/#website\"},\"primaryImageOfPage\":{\"@id\":\"https:\\\/\\\/www.tosunlux.eu\\\/tr\\\/products\\\/tsb4-125-miniture-circuit-breaker\\\/#primaryimage\"},\"image\":{\"@id\":\"https:\\\/\\\/www.tosunlux.eu\\\/tr\\\/products\\\/tsb4-125-miniture-circuit-breaker\\\/#primaryimage\"},\"thumbnailUrl\":\"https:\\\/\\\/www.tosunlux.eu\\\/wp-content\\\/uploads\\\/2023\\\/06\\\/TSB4-125-1024x520.jpg\",\"datePublished\":\"2023-06-10T08:10:10+00:00\",\"dateModified\":\"2023-08-22T03:19:23+00:00\",\"description\":\"TSB4-125 Miniture Circuit Breaker Supplier - Wholesale direct from TOSUNlux, a trusted manufacturer since 1994. Get your B2B factory quote on our certified Low Voltage electrical products.\",\"breadcrumb\":{\"@id\":\"https:\\\/\\\/www.tosunlux.eu\\\/tr\\\/products\\\/tsb4-125-miniture-circuit-breaker\\\/#breadcrumb\"},\"inLanguage\":\"pl-PL\",\"potentialAction\":[{\"@type\":\"ReadAction\",\"target\":[\"https:\\\/\\\/www.tosunlux.eu\\\/tr\\\/products\\\/tsb4-125-miniture-circuit-breaker\\\/\"]}]},{\"@type\":\"ImageObject\",\"inLanguage\":\"pl-PL\",\"@id\":\"https:\\\/\\\/www.tosunlux.eu\\\/tr\\\/products\\\/tsb4-125-miniture-circuit-breaker\\\/#primaryimage\",\"url\":\"https:\\\/\\\/www.tosunlux.eu\\\/wp-content\\\/uploads\\\/2023\\\/06\\\/TSB4-125-1024x520.jpg\",\"contentUrl\":\"https:\\\/\\\/www.tosunlux.eu\\\/wp-content\\\/uploads\\\/2023\\\/06\\\/TSB4-125-1024x520.jpg\"},{\"@type\":\"BreadcrumbList\",\"@id\":\"https:\\\/\\\/www.tosunlux.eu\\\/tr\\\/products\\\/tsb4-125-miniture-circuit-breaker\\\/#breadcrumb\",\"itemListElement\":[{\"@type\":\"ListItem\",\"position\":1,\"name\":\"Home\",\"item\":\"https:\\\/\\\/www.tosunlux.eu\\\/ru\\\/\"},{\"@type\":\"ListItem\",\"position\":2,\"name\":\"Products\",\"item\":\"https:\\\/\\\/www.tosunlux.eu\\\/products\\\/\"},{\"@type\":\"ListItem\",\"position\":3,\"name\":\"TSB4-125 Miniture Circuit Breaker\"}]},{\"@type\":\"WebSite\",\"@id\":\"https:\\\/\\\/www.tosunlux.eu\\\/ru\\\/#website\",\"url\":\"https:\\\/\\\/www.tosunlux.eu\\\/ru\\\/\",\"name\":\"TOSUNlux Official Site - Electrical Circuit Breaker Manufacturer in China\",\"description\":\"Power Distribution System Supplier\",\"publisher\":{\"@id\":\"https:\\\/\\\/www.tosunlux.eu\\\/ru\\\/#organization\"},\"alternateName\":\"TOSUNlux\",\"potentialAction\":[{\"@type\":\"SearchAction\",\"target\":{\"@type\":\"EntryPoint\",\"urlTemplate\":\"https:\\\/\\\/www.tosunlux.eu\\\/ru\\\/?s={search_term_string}\"},\"query-input\":{\"@type\":\"PropertyValueSpecification\",\"valueRequired\":true,\"valueName\":\"search_term_string\"}}],\"inLanguage\":\"pl-PL\"},{\"@type\":\"Organization\",\"@id\":\"https:\\\/\\\/www.tosunlux.eu\\\/ru\\\/#organization\",\"name\":\"TOSUNlux\",\"url\":\"https:\\\/\\\/www.tosunlux.eu\\\/ru\\\/\",\"logo\":{\"@type\":\"ImageObject\",\"inLanguage\":\"pl-PL\",\"@id\":\"https:\\\/\\\/www.tosunlux.eu\\\/ru\\\/#\\\/schema\\\/logo\\\/image\\\/\",\"url\":\"https:\\\/\\\/www.tosunlux.eu\\\/wp-content\\\/uploads\\\/2022\\\/01\\\/LOGOSYSM.71762f1.png\",\"contentUrl\":\"https:\\\/\\\/www.tosunlux.eu\\\/wp-content\\\/uploads\\\/2022\\\/01\\\/LOGOSYSM.71762f1.png\",\"width\":153,\"height\":55,\"caption\":\"TOSUNlux\"},\"image\":{\"@id\":\"https:\\\/\\\/www.tosunlux.eu\\\/ru\\\/#\\\/schema\\\/logo\\\/image\\\/\"},\"sameAs\":[\"https:\\\/\\\/www.facebook.com\\\/TOSUNelectric\\\/\",\"https:\\\/\\\/www.linkedin.com\\\/company\\\/wenzhou-tosun-electric-co.-ltd\\\/\"]}]}<\/script>\n<!-- \/ Yoast SEO plugin. -->","yoast_head_json":{"title":"Hurtowy wy\u0142\u0105cznik nadpr\u0105dowy TSB4-125 - Oficjalna strona TOSUNlux - Producent wy\u0142\u0105cznik\u00f3w nadpr\u0105dowych w Chinach Dostawca urz\u0105dze\u0144 elektrycznych niskiego napi\u0119cia | TOSUNlux","description":"Dostawca wy\u0142\u0105cznik\u00f3w nadpr\u0105dowych TSB4-125 - hurtowo bezpo\u015brednio od TOSUNlux, zaufanego producenta od 1994 roku. Uzyskaj wycen\u0119 fabryczn\u0105 B2B na nasze certyfikowane produkty elektryczne niskiego napi\u0119cia.","robots":{"index":"index","follow":"follow","max-snippet":"max-snippet:-1","max-image-preview":"max-image-preview:large","max-video-preview":"max-video-preview:-1"},"canonical":"https:\/\/www.tosunlux.eu\/pl\/products\/tsb4-125-miniture-circuit-breaker\/","og_locale":"pl_PL","og_type":"article","og_title":"WholesaleTSB4-125 Miniture Circuit Breaker - TOSUNlux Official Site - Electrical Circuit Breaker Manufacturer in China Low Voltage Electrical Supplier | TOSUNlux","og_description":"TSB4-125 Miniture Circuit Breaker Supplier - Wholesale direct from TOSUNlux, a trusted manufacturer since 1994. Get your B2B factory quote on our certified Low Voltage electrical products.","og_url":"https:\/\/www.tosunlux.eu\/pl\/products\/tsb4-125-miniture-circuit-breaker\/","og_site_name":"TOSUNlux Official Site - Electrical Circuit Breaker Manufacturer in China","article_publisher":"https:\/\/www.facebook.com\/TOSUNelectric\/","article_modified_time":"2023-08-22T03:19:23+00:00","og_image":[{"url":"https:\/\/www.tosunlux.eu\/wp-content\/uploads\/2023\/06\/TSB4-125-1024x520.jpg","type":"","width":"","height":""}],"twitter_card":"summary_large_image","twitter_misc":{"Szacowany czas czytania":"1 minuta"},"schema":{"@context":"https:\/\/schema.org","@graph":[{"@type":"WebPage","@id":"https:\/\/www.tosunlux.eu\/tr\/products\/tsb4-125-miniture-circuit-breaker\/","url":"https:\/\/www.tosunlux.eu\/tr\/products\/tsb4-125-miniture-circuit-breaker\/","name":"Hurtowy wy\u0142\u0105cznik nadpr\u0105dowy TSB4-125 - Oficjalna strona TOSUNlux - Producent wy\u0142\u0105cznik\u00f3w nadpr\u0105dowych w Chinach Dostawca urz\u0105dze\u0144 elektrycznych niskiego napi\u0119cia | TOSUNlux","isPartOf":{"@id":"https:\/\/www.tosunlux.eu\/ru\/#website"},"primaryImageOfPage":{"@id":"https:\/\/www.tosunlux.eu\/tr\/products\/tsb4-125-miniture-circuit-breaker\/#primaryimage"},"image":{"@id":"https:\/\/www.tosunlux.eu\/tr\/products\/tsb4-125-miniture-circuit-breaker\/#primaryimage"},"thumbnailUrl":"https:\/\/www.tosunlux.eu\/wp-content\/uploads\/2023\/06\/TSB4-125-1024x520.jpg","datePublished":"2023-06-10T08:10:10+00:00","dateModified":"2023-08-22T03:19:23+00:00","description":"Dostawca wy\u0142\u0105cznik\u00f3w nadpr\u0105dowych TSB4-125 - hurtowo bezpo\u015brednio od TOSUNlux, zaufanego producenta od 1994 roku. Uzyskaj wycen\u0119 fabryczn\u0105 B2B na nasze certyfikowane produkty elektryczne niskiego napi\u0119cia.","breadcrumb":{"@id":"https:\/\/www.tosunlux.eu\/tr\/products\/tsb4-125-miniture-circuit-breaker\/#breadcrumb"},"inLanguage":"pl-PL","potentialAction":[{"@type":"ReadAction","target":["https:\/\/www.tosunlux.eu\/tr\/products\/tsb4-125-miniture-circuit-breaker\/"]}]},{"@type":"ImageObject","inLanguage":"pl-PL","@id":"https:\/\/www.tosunlux.eu\/tr\/products\/tsb4-125-miniture-circuit-breaker\/#primaryimage","url":"https:\/\/www.tosunlux.eu\/wp-content\/uploads\/2023\/06\/TSB4-125-1024x520.jpg","contentUrl":"https:\/\/www.tosunlux.eu\/wp-content\/uploads\/2023\/06\/TSB4-125-1024x520.jpg"},{"@type":"BreadcrumbList","@id":"https:\/\/www.tosunlux.eu\/tr\/products\/tsb4-125-miniture-circuit-breaker\/#breadcrumb","itemListElement":[{"@type":"ListItem","position":1,"name":"Home","item":"https:\/\/www.tosunlux.eu\/ru\/"},{"@type":"ListItem","position":2,"name":"Products","item":"https:\/\/www.tosunlux.eu\/products\/"},{"@type":"ListItem","position":3,"name":"TSB4-125 Miniture Circuit Breaker"}]},{"@type":"WebSite","@id":"https:\/\/www.tosunlux.eu\/ru\/#website","url":"https:\/\/www.tosunlux.eu\/ru\/","name":"Oficjalna strona TOSUNlux - Producent wy\u0142\u0105cznik\u00f3w elektrycznych w Chinach","description":"Dostawca system\u00f3w dystrybucji energii","publisher":{"@id":"https:\/\/www.tosunlux.eu\/ru\/#organization"},"alternateName":"TOSUNlux","potentialAction":[{"@type":"SearchAction","target":{"@type":"EntryPoint","urlTemplate":"https:\/\/www.tosunlux.eu\/ru\/?s={search_term_string}"},"query-input":{"@type":"PropertyValueSpecification","valueRequired":true,"valueName":"search_term_string"}}],"inLanguage":"pl-PL"},{"@type":"Organization","@id":"https:\/\/www.tosunlux.eu\/ru\/#organization","name":"TOSUNlux","url":"https:\/\/www.tosunlux.eu\/ru\/","logo":{"@type":"ImageObject","inLanguage":"pl-PL","@id":"https:\/\/www.tosunlux.eu\/ru\/#\/schema\/logo\/image\/","url":"https:\/\/www.tosunlux.eu\/wp-content\/uploads\/2022\/01\/LOGOSYSM.71762f1.png","contentUrl":"https:\/\/www.tosunlux.eu\/wp-content\/uploads\/2022\/01\/LOGOSYSM.71762f1.png","width":153,"height":55,"caption":"TOSUNlux"},"image":{"@id":"https:\/\/www.tosunlux.eu\/ru\/#\/schema\/logo\/image\/"},"sameAs":["https:\/\/www.facebook.com\/TOSUNelectric\/","https:\/\/www.linkedin.com\/company\/wenzhou-tosun-electric-co.-ltd\/"]}]}},"_links":{"self":[{"href":"https:\/\/www.tosunlux.eu\/pl\/wp-json\/wp\/v2\/product\/7196","targetHints":{"allow":["GET"]}}],"collection":[{"href":"https:\/\/www.tosunlux.eu\/pl\/wp-json\/wp\/v2\/product"}],"about":[{"href":"https:\/\/www.tosunlux.eu\/pl\/wp-json\/wp\/v2\/types\/product"}],"version-history":[{"count":3,"href":"https:\/\/www.tosunlux.eu\/pl\/wp-json\/wp\/v2\/product\/7196\/revisions"}],"predecessor-version":[{"id":7810,"href":"https:\/\/www.tosunlux.eu\/pl\/wp-json\/wp\/v2\/product\/7196\/revisions\/7810"}],"wp:attachment":[{"href":"https:\/\/www.tosunlux.eu\/pl\/wp-json\/wp\/v2\/media?parent=7196"}],"wp:term":[{"taxonomy":"product_category","embeddable":true,"href":"https:\/\/www.tosunlux.eu\/pl\/wp-json\/wp\/v2\/product_category?post=7196"}],"curies":[{"name":"wp","href":"https:\/\/api.w.org\/{rel}","templated":true}]}}