{"id":7227,"date":"2023-06-12T11:13:28","date_gmt":"2023-06-12T03:13:28","guid":{"rendered":"https:\/\/www.tosunlux.eu\/?post_type=product&#038;p=7227"},"modified":"2023-06-12T11:13:29","modified_gmt":"2023-06-12T03:13:29","slug":"tpb1-modular-pushbutton","status":"publish","type":"product","link":"https:\/\/www.tosunlux.eu\/pl\/products\/tpb1-modular-pushbutton\/","title":{"rendered":"Przycisk modu\u0142owy TPB1"},"content":{"rendered":"<p><strong>Aplikacja<\/strong><\/p>\n\n\n\n<p>Modu\u0142owy przycisk TPB1 jest odpowiedni do uk\u0142adu sterowania obwodem o napi\u0119ciu znamionowym AC 50\/60Hz do 230V, np. do pracy z rozrusznikiem magnetycznym, stycznikiem i innym sterowaniem obwodem elektrycznym. Przycisk ze \u015bwiat\u0142em jest r\u00f3wnie\u017c odpowiedni do miejsc, w kt\u00f3rych wymagane s\u0105 r\u00f3\u017cne sygna\u0142y \u015bwietlne.<\/p>\n\n\n\n<p><strong>Specyfikacja<\/strong><\/p>\n\n\n<table style=\"height: 498px;\" width=\"840\">\n<tbody>\n<tr>\n<td style=\"text-align: center;\" width=\"191\">Napi\u0119cie znamionowe<\/td>\n<td style=\"text-align: center;\" width=\"192\">230V pr\u0105d zmienny\u00a0<\/td>\n<\/tr>\n<tr>\n<td style=\"text-align: center;\" width=\"191\">Kolor<\/td>\n<td style=\"text-align: center;\" width=\"192\">Czerwony, Zielony<\/td>\n<\/tr>\n<tr>\n<td style=\"text-align: center;\" width=\"191\">Pr\u0105d znamionowy<\/td>\n<td style=\"text-align: center;\" width=\"192\">6A<\/td>\n<\/tr>\n<tr>\n<td style=\"text-align: center;\" width=\"191\">Mechaniczne \u017bycie (razy)<\/td>\n<td style=\"text-align: center;\" width=\"192\">250000<\/td>\n<\/tr>\n<tr>\n<td style=\"text-align: center;\" width=\"191\">\u017bycie elektryczne (czasy)<\/td>\n<td style=\"text-align: center;\" width=\"192\">100000<\/td>\n<\/tr>\n<tr>\n<td style=\"text-align: center;\" width=\"191\">Tryb kombinacji kontakt\u00f3w<\/td>\n<td style=\"text-align: center;\" width=\"192\">1NO+2NC, 2NO+1NC, 3NO, 2NO+2NC<\/td>\n<\/tr>\n<tr>\n<td style=\"text-align: center;\" width=\"191\">Przew\u00f3d \u0142\u0105cz\u0105cy<\/td>\n<td style=\"text-align: center;\" width=\"192\">\u22646 mm2<\/td>\n<\/tr>\n<tr>\n<td style=\"text-align: center;\" width=\"191\">Moment dokr\u0119cania<\/td>\n<td style=\"text-align: center;\" width=\"192\">0,8 Nm<\/td>\n<\/tr>\n<tr>\n<td style=\"text-align: center;\" width=\"191\">U\u017cyj kategorii<\/td>\n<td style=\"text-align: center;\" width=\"192\">AC-14<\/td>\n<\/tr>\n<tr>\n<td style=\"text-align: center;\" width=\"191\">Stopie\u0144 ochrony<\/td>\n<td style=\"text-align: center;\" width=\"192\">IP20<\/td>\n<\/tr>\n<tr>\n<td style=\"text-align: center;\" width=\"191\">Napi\u0119cie znamionowe wska\u017anika<\/td>\n<td style=\"text-align: center;\" width=\"192\">6 V, 12 V, 24 V, 110 V, 230 V AC\/DC<\/td>\n<\/tr>\n<tr>\n<td style=\"text-align: center;\" width=\"191\">Pr\u0105d znamionowy roboczy<\/td>\n<td style=\"text-align: center;\" width=\"192\">\u226420mA<\/td>\n<\/tr>\n<tr>\n<td style=\"text-align: center;\" width=\"191\">\u017bycie zawodowe<\/td>\n<td style=\"text-align: center;\" width=\"192\">\u226530000 godz.<\/td>\n<\/tr>\n<tr>\n<td style=\"text-align: center;\" width=\"191\">Temperatura otoczenia<\/td>\n<td style=\"text-align: center;\" width=\"192\">-5\u00b0C~+40\u00b0C<\/td>\n<\/tr>\n<tr>\n<td style=\"text-align: center;\" width=\"191\">Wysoko\u015b\u0107<\/td>\n<td style=\"text-align: center;\" width=\"192\">\u22642000m<\/td>\n<\/tr>\n<tr>\n<td style=\"text-align: center;\" width=\"191\">Metoda instalacji<\/td>\n<td style=\"text-align: center;\" width=\"192\">Monta\u017c na szynie DIN 35mm<\/td>\n<\/tr>\n<\/tbody>\n<\/table>\n\n\n<p><strong>Wymiary<\/strong><\/p>\n\n\n\n<figure class=\"wp-block-image size-large is-resized\"><img fetchpriority=\"high\" decoding=\"async\" src=\"https:\/\/www.tosunlux.eu\/wp-content\/uploads\/2023\/06\/TPB-1024x594.jpg\" alt=\"\" class=\"wp-image-7228\" width=\"512\" height=\"297\" srcset=\"https:\/\/www.tosunlux.eu\/wp-content\/uploads\/2023\/06\/TPB-1024x594.jpg 1024w, https:\/\/www.tosunlux.eu\/wp-content\/uploads\/2023\/06\/TPB-300x174.jpg 300w, https:\/\/www.tosunlux.eu\/wp-content\/uploads\/2023\/06\/TPB-768x445.jpg 768w, https:\/\/www.tosunlux.eu\/wp-content\/uploads\/2023\/06\/TPB-1536x891.jpg 1536w, https:\/\/www.tosunlux.eu\/wp-content\/uploads\/2023\/06\/TPB-18x10.jpg 18w, https:\/\/www.tosunlux.eu\/wp-content\/uploads\/2023\/06\/TPB.jpg 1600w\" sizes=\"(max-width: 512px) 100vw, 512px\" \/><\/figure>","protected":false},"parent":0,"template":"","product_category":[24,76],"class_list":["post-7227","product","type-product","status-publish","hentry","product_category-power-distribution-system","product_category-mcb"],"yoast_head":"<!-- This site is optimized with the Yoast SEO plugin v27.5 - https:\/\/yoast.com\/product\/yoast-seo-wordpress\/ -->\n<title>WholesaleTPB1 Modular Pushbutton - TOSUNlux Official Site - Electrical Circuit Breaker Manufacturer in China Low Voltage Electrical Supplier | TOSUNlux<\/title>\n<meta name=\"description\" content=\"TPB1 Modular Pushbutton Supplier - Wholesale direct from TOSUNlux, a trusted manufacturer since 1994. Get your B2B factory quote on our certified Low Voltage electrical products.\" \/>\n<meta name=\"robots\" content=\"index, follow, max-snippet:-1, max-image-preview:large, max-video-preview:-1\" \/>\n<link rel=\"canonical\" href=\"https:\/\/www.tosunlux.eu\/pl\/products\/tpb1-modular-pushbutton\/\" \/>\n<meta property=\"og:locale\" content=\"pl_PL\" \/>\n<meta property=\"og:type\" content=\"article\" \/>\n<meta property=\"og:title\" content=\"WholesaleTPB1 Modular Pushbutton - TOSUNlux Official Site - Electrical Circuit Breaker Manufacturer in China Low Voltage Electrical Supplier | TOSUNlux\" \/>\n<meta property=\"og:description\" content=\"TPB1 Modular Pushbutton Supplier - Wholesale direct from TOSUNlux, a trusted manufacturer since 1994. Get your B2B factory quote on our certified Low Voltage electrical products.\" \/>\n<meta property=\"og:url\" content=\"https:\/\/www.tosunlux.eu\/pl\/products\/tpb1-modular-pushbutton\/\" \/>\n<meta property=\"og:site_name\" content=\"TOSUNlux Official Site - Electrical Circuit Breaker Manufacturer in China\" \/>\n<meta property=\"article:publisher\" content=\"https:\/\/www.facebook.com\/TOSUNelectric\/\" \/>\n<meta property=\"article:modified_time\" content=\"2023-06-12T03:13:29+00:00\" \/>\n<meta property=\"og:image\" content=\"https:\/\/www.tosunlux.eu\/wp-content\/uploads\/2023\/06\/TPB-1024x594.jpg\" \/>\n<meta name=\"twitter:card\" content=\"summary_large_image\" \/>\n<meta name=\"twitter:label1\" content=\"Szacowany czas czytania\" \/>\n\t<meta name=\"twitter:data1\" content=\"1 minuta\" \/>\n<script type=\"application\/ld+json\" class=\"yoast-schema-graph\">{\"@context\":\"https:\\\/\\\/schema.org\",\"@graph\":[{\"@type\":\"WebPage\",\"@id\":\"https:\\\/\\\/www.tosunlux.eu\\\/ur\\\/products\\\/tpb1-modular-pushbutton\\\/\",\"url\":\"https:\\\/\\\/www.tosunlux.eu\\\/ur\\\/products\\\/tpb1-modular-pushbutton\\\/\",\"name\":\"WholesaleTPB1 Modular Pushbutton - TOSUNlux Official Site - Electrical Circuit Breaker Manufacturer in China Low Voltage Electrical Supplier | TOSUNlux\",\"isPartOf\":{\"@id\":\"https:\\\/\\\/www.tosunlux.eu\\\/ru\\\/#website\"},\"primaryImageOfPage\":{\"@id\":\"https:\\\/\\\/www.tosunlux.eu\\\/ur\\\/products\\\/tpb1-modular-pushbutton\\\/#primaryimage\"},\"image\":{\"@id\":\"https:\\\/\\\/www.tosunlux.eu\\\/ur\\\/products\\\/tpb1-modular-pushbutton\\\/#primaryimage\"},\"thumbnailUrl\":\"https:\\\/\\\/www.tosunlux.eu\\\/wp-content\\\/uploads\\\/2023\\\/06\\\/TPB-1024x594.jpg\",\"datePublished\":\"2023-06-12T03:13:28+00:00\",\"dateModified\":\"2023-06-12T03:13:29+00:00\",\"description\":\"TPB1 Modular Pushbutton Supplier - Wholesale direct from TOSUNlux, a trusted manufacturer since 1994. Get your B2B factory quote on our certified Low Voltage electrical products.\",\"breadcrumb\":{\"@id\":\"https:\\\/\\\/www.tosunlux.eu\\\/ur\\\/products\\\/tpb1-modular-pushbutton\\\/#breadcrumb\"},\"inLanguage\":\"pl-PL\",\"potentialAction\":[{\"@type\":\"ReadAction\",\"target\":[\"https:\\\/\\\/www.tosunlux.eu\\\/ur\\\/products\\\/tpb1-modular-pushbutton\\\/\"]}]},{\"@type\":\"ImageObject\",\"inLanguage\":\"pl-PL\",\"@id\":\"https:\\\/\\\/www.tosunlux.eu\\\/ur\\\/products\\\/tpb1-modular-pushbutton\\\/#primaryimage\",\"url\":\"https:\\\/\\\/www.tosunlux.eu\\\/wp-content\\\/uploads\\\/2023\\\/06\\\/TPB-1024x594.jpg\",\"contentUrl\":\"https:\\\/\\\/www.tosunlux.eu\\\/wp-content\\\/uploads\\\/2023\\\/06\\\/TPB-1024x594.jpg\"},{\"@type\":\"BreadcrumbList\",\"@id\":\"https:\\\/\\\/www.tosunlux.eu\\\/ur\\\/products\\\/tpb1-modular-pushbutton\\\/#breadcrumb\",\"itemListElement\":[{\"@type\":\"ListItem\",\"position\":1,\"name\":\"Home\",\"item\":\"https:\\\/\\\/www.tosunlux.eu\\\/ru\\\/\"},{\"@type\":\"ListItem\",\"position\":2,\"name\":\"Products\",\"item\":\"https:\\\/\\\/www.tosunlux.eu\\\/products\\\/\"},{\"@type\":\"ListItem\",\"position\":3,\"name\":\"TPB1 Modular Pushbutton\"}]},{\"@type\":\"WebSite\",\"@id\":\"https:\\\/\\\/www.tosunlux.eu\\\/ru\\\/#website\",\"url\":\"https:\\\/\\\/www.tosunlux.eu\\\/ru\\\/\",\"name\":\"TOSUNlux Official Site - Electrical Circuit Breaker Manufacturer in China\",\"description\":\"Power Distribution System Supplier\",\"publisher\":{\"@id\":\"https:\\\/\\\/www.tosunlux.eu\\\/ru\\\/#organization\"},\"alternateName\":\"TOSUNlux\",\"potentialAction\":[{\"@type\":\"SearchAction\",\"target\":{\"@type\":\"EntryPoint\",\"urlTemplate\":\"https:\\\/\\\/www.tosunlux.eu\\\/ru\\\/?s={search_term_string}\"},\"query-input\":{\"@type\":\"PropertyValueSpecification\",\"valueRequired\":true,\"valueName\":\"search_term_string\"}}],\"inLanguage\":\"pl-PL\"},{\"@type\":\"Organization\",\"@id\":\"https:\\\/\\\/www.tosunlux.eu\\\/ru\\\/#organization\",\"name\":\"TOSUNlux\",\"url\":\"https:\\\/\\\/www.tosunlux.eu\\\/ru\\\/\",\"logo\":{\"@type\":\"ImageObject\",\"inLanguage\":\"pl-PL\",\"@id\":\"https:\\\/\\\/www.tosunlux.eu\\\/ru\\\/#\\\/schema\\\/logo\\\/image\\\/\",\"url\":\"https:\\\/\\\/www.tosunlux.eu\\\/wp-content\\\/uploads\\\/2022\\\/01\\\/LOGOSYSM.71762f1.png\",\"contentUrl\":\"https:\\\/\\\/www.tosunlux.eu\\\/wp-content\\\/uploads\\\/2022\\\/01\\\/LOGOSYSM.71762f1.png\",\"width\":153,\"height\":55,\"caption\":\"TOSUNlux\"},\"image\":{\"@id\":\"https:\\\/\\\/www.tosunlux.eu\\\/ru\\\/#\\\/schema\\\/logo\\\/image\\\/\"},\"sameAs\":[\"https:\\\/\\\/www.facebook.com\\\/TOSUNelectric\\\/\",\"https:\\\/\\\/www.linkedin.com\\\/company\\\/wenzhou-tosun-electric-co.-ltd\\\/\"]}]}<\/script>\n<!-- \/ Yoast SEO plugin. -->","yoast_head_json":{"title":"WholesaleTPB1 Modular Pushbutton - TOSUNlux Official Site - Electrical Circuit Breaker Manufacturer in China Low Voltage Electrical Supplier | TOSUNlux","description":"TPB1 Modular Pushbutton Supplier - Wholesale direct from TOSUNlux, a trusted manufacturer since 1994. Get your B2B factory quote on our certified Low Voltage electrical products.","robots":{"index":"index","follow":"follow","max-snippet":"max-snippet:-1","max-image-preview":"max-image-preview:large","max-video-preview":"max-video-preview:-1"},"canonical":"https:\/\/www.tosunlux.eu\/pl\/products\/tpb1-modular-pushbutton\/","og_locale":"pl_PL","og_type":"article","og_title":"WholesaleTPB1 Modular Pushbutton - TOSUNlux Official Site - Electrical Circuit Breaker Manufacturer in China Low Voltage Electrical Supplier | TOSUNlux","og_description":"TPB1 Modular Pushbutton Supplier - Wholesale direct from TOSUNlux, a trusted manufacturer since 1994. Get your B2B factory quote on our certified Low Voltage electrical products.","og_url":"https:\/\/www.tosunlux.eu\/pl\/products\/tpb1-modular-pushbutton\/","og_site_name":"TOSUNlux Official Site - Electrical Circuit Breaker Manufacturer in China","article_publisher":"https:\/\/www.facebook.com\/TOSUNelectric\/","article_modified_time":"2023-06-12T03:13:29+00:00","og_image":[{"url":"https:\/\/www.tosunlux.eu\/wp-content\/uploads\/2023\/06\/TPB-1024x594.jpg","type":"","width":"","height":""}],"twitter_card":"summary_large_image","twitter_misc":{"Szacowany czas czytania":"1 minuta"},"schema":{"@context":"https:\/\/schema.org","@graph":[{"@type":"WebPage","@id":"https:\/\/www.tosunlux.eu\/ur\/products\/tpb1-modular-pushbutton\/","url":"https:\/\/www.tosunlux.eu\/ur\/products\/tpb1-modular-pushbutton\/","name":"WholesaleTPB1 Modular Pushbutton - TOSUNlux Official Site - Electrical Circuit Breaker Manufacturer in China Low Voltage Electrical Supplier | TOSUNlux","isPartOf":{"@id":"https:\/\/www.tosunlux.eu\/ru\/#website"},"primaryImageOfPage":{"@id":"https:\/\/www.tosunlux.eu\/ur\/products\/tpb1-modular-pushbutton\/#primaryimage"},"image":{"@id":"https:\/\/www.tosunlux.eu\/ur\/products\/tpb1-modular-pushbutton\/#primaryimage"},"thumbnailUrl":"https:\/\/www.tosunlux.eu\/wp-content\/uploads\/2023\/06\/TPB-1024x594.jpg","datePublished":"2023-06-12T03:13:28+00:00","dateModified":"2023-06-12T03:13:29+00:00","description":"TPB1 Modular Pushbutton Supplier - Wholesale direct from TOSUNlux, a trusted manufacturer since 1994. Get your B2B factory quote on our certified Low Voltage electrical products.","breadcrumb":{"@id":"https:\/\/www.tosunlux.eu\/ur\/products\/tpb1-modular-pushbutton\/#breadcrumb"},"inLanguage":"pl-PL","potentialAction":[{"@type":"ReadAction","target":["https:\/\/www.tosunlux.eu\/ur\/products\/tpb1-modular-pushbutton\/"]}]},{"@type":"ImageObject","inLanguage":"pl-PL","@id":"https:\/\/www.tosunlux.eu\/ur\/products\/tpb1-modular-pushbutton\/#primaryimage","url":"https:\/\/www.tosunlux.eu\/wp-content\/uploads\/2023\/06\/TPB-1024x594.jpg","contentUrl":"https:\/\/www.tosunlux.eu\/wp-content\/uploads\/2023\/06\/TPB-1024x594.jpg"},{"@type":"BreadcrumbList","@id":"https:\/\/www.tosunlux.eu\/ur\/products\/tpb1-modular-pushbutton\/#breadcrumb","itemListElement":[{"@type":"ListItem","position":1,"name":"Home","item":"https:\/\/www.tosunlux.eu\/ru\/"},{"@type":"ListItem","position":2,"name":"Products","item":"https:\/\/www.tosunlux.eu\/products\/"},{"@type":"ListItem","position":3,"name":"TPB1 Modular Pushbutton"}]},{"@type":"WebSite","@id":"https:\/\/www.tosunlux.eu\/ru\/#website","url":"https:\/\/www.tosunlux.eu\/ru\/","name":"Oficjalna strona TOSUNlux - Producent wy\u0142\u0105cznik\u00f3w elektrycznych w Chinach","description":"Dostawca system\u00f3w dystrybucji energii","publisher":{"@id":"https:\/\/www.tosunlux.eu\/ru\/#organization"},"alternateName":"TOSUNlux","potentialAction":[{"@type":"SearchAction","target":{"@type":"EntryPoint","urlTemplate":"https:\/\/www.tosunlux.eu\/ru\/?s={search_term_string}"},"query-input":{"@type":"PropertyValueSpecification","valueRequired":true,"valueName":"search_term_string"}}],"inLanguage":"pl-PL"},{"@type":"Organization","@id":"https:\/\/www.tosunlux.eu\/ru\/#organization","name":"TOSUNlux","url":"https:\/\/www.tosunlux.eu\/ru\/","logo":{"@type":"ImageObject","inLanguage":"pl-PL","@id":"https:\/\/www.tosunlux.eu\/ru\/#\/schema\/logo\/image\/","url":"https:\/\/www.tosunlux.eu\/wp-content\/uploads\/2022\/01\/LOGOSYSM.71762f1.png","contentUrl":"https:\/\/www.tosunlux.eu\/wp-content\/uploads\/2022\/01\/LOGOSYSM.71762f1.png","width":153,"height":55,"caption":"TOSUNlux"},"image":{"@id":"https:\/\/www.tosunlux.eu\/ru\/#\/schema\/logo\/image\/"},"sameAs":["https:\/\/www.facebook.com\/TOSUNelectric\/","https:\/\/www.linkedin.com\/company\/wenzhou-tosun-electric-co.-ltd\/"]}]}},"_links":{"self":[{"href":"https:\/\/www.tosunlux.eu\/pl\/wp-json\/wp\/v2\/product\/7227","targetHints":{"allow":["GET"]}}],"collection":[{"href":"https:\/\/www.tosunlux.eu\/pl\/wp-json\/wp\/v2\/product"}],"about":[{"href":"https:\/\/www.tosunlux.eu\/pl\/wp-json\/wp\/v2\/types\/product"}],"version-history":[{"count":2,"href":"https:\/\/www.tosunlux.eu\/pl\/wp-json\/wp\/v2\/product\/7227\/revisions"}],"predecessor-version":[{"id":7919,"href":"https:\/\/www.tosunlux.eu\/pl\/wp-json\/wp\/v2\/product\/7227\/revisions\/7919"}],"wp:attachment":[{"href":"https:\/\/www.tosunlux.eu\/pl\/wp-json\/wp\/v2\/media?parent=7227"}],"wp:term":[{"taxonomy":"product_category","embeddable":true,"href":"https:\/\/www.tosunlux.eu\/pl\/wp-json\/wp\/v2\/product_category?post=7227"}],"curies":[{"name":"wp","href":"https:\/\/api.w.org\/{rel}","templated":true}]}}