{"id":7263,"date":"2023-06-12T15:57:20","date_gmt":"2023-06-12T07:57:20","guid":{"rendered":"https:\/\/www.tosunlux.eu\/?post_type=product&#038;p=7263"},"modified":"2025-02-10T13:25:55","modified_gmt":"2025-02-10T05:25:55","slug":"tsmq2-125-double-power-automatic-changeover-switch","status":"publish","type":"product","link":"https:\/\/www.tosunlux.eu\/pl\/products\/tsmq2-125-double-power-automatic-changeover-switch\/","title":{"rendered":"TSMQ1-100 Podw\u00f3jny automatyczny prze\u0142\u0105cznik zasilania"},"content":{"rendered":"<p><strong>Aplikacja<\/strong><\/p>\n\n\n\n<p>Modu\u0142owy podw\u00f3jny automatyczny prze\u0142\u0105cznik zasilania TSM12-100 s\u0142u\u017cy do ci\u0105g\u0142ego zasilania obwodu, gdy g\u0142\u00f3wne \u017ar\u00f3d\u0142o zasilania nagle nie jest dost\u0119pne. Prze\u0142\u0105cznik jest odpowiedni do systemu zasilania 50\/60 Hz, napi\u0119cie znamionowe do 415 V i nat\u0119\u017cenie znamionowe do 125 A.<br>Gdy produkt dzia\u0142a w trybie automatycznym, prze\u0142\u0105cznik automatycznie prze\u0142\u0105cza obw\u00f3d z g\u0142\u00f3wnego \u017ar\u00f3d\u0142a zasilania (\u2160) na zasilanie awaryjne (\u2161) w przypadku wy\u0142\u0105czenia zasilania g\u0142\u00f3wnego (lub zaniku fazy). Gdy g\u0142\u00f3wne \u017ar\u00f3d\u0142o zasilania (\u2160) zostanie wznowione, prze\u0142\u0105cznik automatycznie prze\u0142\u0105cza obw\u00f3d z powrotem na g\u0142\u00f3wne \u017ar\u00f3d\u0142o zasilania (\u2160) z zasilania awaryjnego (\u2161).<br>Gdy produkt pracuje w trybie r\u0119cznym, prze\u0142\u0105czanie obwodu mi\u0119dzy zasilaniem g\u0142\u00f3wnym (I) a zasilaniem zapasowym (II) nale\u017cy wykonywa\u0107 r\u0119cznie.<br>Prze\u0142\u0105cznik charakteryzuje si\u0119 ma\u0142ymi gabarytami, szybk\u0105 reakcj\u0105, niezawodno\u015bci\u0105 prze\u0142\u0105czania, wygod\u0105 monta\u017cu i d\u0142ug\u0105 \u017cywotno\u015bci\u0105.<\/p>\n\n\n\n<p><strong>Specyfikacja<\/strong><\/p>\n\n\n<table style=\"height: 506px;\" width=\"840\">\n<tbody>\n<tr>\n<td style=\"text-align: center;\" width=\"314\">Liczba biegun\u00f3w&nbsp;<\/td>\n<td style=\"text-align: center;\" width=\"332\">2P, 4P<\/td>\n<\/tr>\n<tr>\n<td style=\"text-align: center;\" width=\"314\">Pr\u0105d znamionowy<\/td>\n<td style=\"text-align: center;\" width=\"332\">20A, 32A, 40A, 50A, 63A, 80A, 100A, 125A<\/td>\n<\/tr>\n<tr>\n<td style=\"text-align: center;\" width=\"314\">Kategoria u\u017cytkowania<\/td>\n<td style=\"text-align: center;\" width=\"332\">AC-33iB<\/td>\n<\/tr>\n<tr>\n<td style=\"text-align: center;\" width=\"314\">Znamionowe napi\u0119cie robocze (Ue)<\/td>\n<td style=\"text-align: center;\" width=\"332\">2P 230\/240V\/50Hz; 4P 400\/415V\/50Hz<\/td>\n<\/tr>\n<tr>\n<td style=\"text-align: center;\" width=\"314\">Napi\u0119cie znamionowe izolacji (Ui)<\/td>\n<td style=\"text-align: center;\" width=\"332\">AC690V\/50Hz<\/td>\n<\/tr>\n<tr>\n<td style=\"text-align: center;\" width=\"314\">Znamionowe napi\u0119cie udarowe wytrzymywane<\/td>\n<td style=\"text-align: center;\" width=\"332\">8kV<\/td>\n<\/tr>\n<tr>\n<td style=\"text-align: center;\" width=\"314\">Pr\u0105d zwarciowy o warto\u015bci granicznej<\/td>\n<td style=\"text-align: center;\" width=\"332\">50kA<\/td>\n<\/tr>\n<tr>\n<td style=\"text-align: center;\" width=\"314\">\u017bywotno\u015b\u0107 mechaniczna<\/td>\n<td style=\"text-align: center;\" width=\"332\">5000 razy<\/td>\n<\/tr>\n<tr>\n<td style=\"text-align: center;\" width=\"314\">\u017bycie elektryczne<\/td>\n<td style=\"text-align: center;\" width=\"332\">2000 razy<\/td>\n<\/tr>\n<tr>\n<td style=\"text-align: center;\" width=\"314\">Klasyfikacja<\/td>\n<td style=\"text-align: center;\" width=\"332\">Klasa PC: mo\u017ce by\u0107 produkowana i wytrzyma\u0142a bez pr\u0105du zwarciowego<\/td>\n<\/tr>\n<tr>\n<td style=\"text-align: center;\" width=\"314\">Obw\u00f3d sterowania<\/td>\n<td style=\"text-align: center;\" width=\"332\">Napi\u0119cie steruj\u0105ce znamionowe Us: AC220V, 50Hz Normalne warunki pracy: 85%Us-110%Us<\/td>\n<\/tr>\n<tr>\n<td style=\"text-align: center;\" width=\"314\">Pomocniczy<\/td>\n<td style=\"text-align: center;\" width=\"332\">Pojemno\u015b\u0107 styku styku: AC220V 50Hz le=5y<\/td>\n<\/tr>\n<tr>\n<td style=\"text-align: center;\" width=\"314\">Czas konwersji operacji<\/td>\n<td style=\"text-align: center;\" rowspan=\"3\" width=\"332\">&lt;30ms<\/td>\n<\/tr>\n<tr>\n<td style=\"text-align: center;\" width=\"314\">Czas konwersji zwrotu<\/td>\n<\/tr>\n<tr>\n<td style=\"text-align: center;\" width=\"314\">Czas wy\u0142\u0105czenia zasilania<\/td>\n<\/tr>\n<\/tbody>\n<\/table>\n\n\n<p><strong>Wymiary<\/strong><\/p>\n\n\n\n<figure class=\"wp-block-image size-large is-resized\"><img fetchpriority=\"high\" decoding=\"async\" src=\"https:\/\/www.tosunlux.eu\/wp-content\/uploads\/2023\/06\/TSMQ-1024x268.jpg\" alt=\"\" class=\"wp-image-7269\" width=\"768\" height=\"201\" srcset=\"https:\/\/www.tosunlux.eu\/wp-content\/uploads\/2023\/06\/TSMQ-1024x268.jpg 1024w, https:\/\/www.tosunlux.eu\/wp-content\/uploads\/2023\/06\/TSMQ-300x78.jpg 300w, https:\/\/www.tosunlux.eu\/wp-content\/uploads\/2023\/06\/TSMQ-768x201.jpg 768w, https:\/\/www.tosunlux.eu\/wp-content\/uploads\/2023\/06\/TSMQ-1536x401.jpg 1536w, https:\/\/www.tosunlux.eu\/wp-content\/uploads\/2023\/06\/TSMQ-18x5.jpg 18w, https:\/\/www.tosunlux.eu\/wp-content\/uploads\/2023\/06\/TSMQ.jpg 1600w\" sizes=\"(max-width: 768px) 100vw, 768px\" \/><\/figure>","protected":false},"parent":0,"template":"","product_category":[24,86],"class_list":["post-7263","product","type-product","status-publish","hentry","product_category-power-distribution-system","product_category-automatic-changeover-switch"],"yoast_head":"<!-- This site is optimized with the Yoast SEO plugin v27.5 - https:\/\/yoast.com\/product\/yoast-seo-wordpress\/ -->\n<title>WholesaleTSMQ1-100 Dual Power Automatic Changeover Switch - TOSUNlux Official Site - Electrical Circuit Breaker Manufacturer in China Low Voltage Electrical Supplier | TOSUNlux<\/title>\n<meta name=\"description\" content=\"TSMQ1-100 Dual Power Automatic Changeover Switch Supplier - Wholesale direct from TOSUNlux, a trusted manufacturer since 1994. Get your B2B factory quote on our certified Low Voltage electrical products.\" \/>\n<meta name=\"robots\" content=\"index, follow, max-snippet:-1, max-image-preview:large, max-video-preview:-1\" \/>\n<link rel=\"canonical\" href=\"https:\/\/www.tosunlux.eu\/pl\/products\/tsmq2-125-double-power-automatic-changeover-switch\/\" \/>\n<meta property=\"og:locale\" content=\"pl_PL\" \/>\n<meta property=\"og:type\" content=\"article\" \/>\n<meta property=\"og:title\" content=\"WholesaleTSMQ1-100 Dual Power Automatic Changeover Switch - TOSUNlux Official Site - Electrical Circuit Breaker Manufacturer in China Low Voltage Electrical Supplier | TOSUNlux\" \/>\n<meta property=\"og:description\" content=\"TSMQ1-100 Dual Power Automatic Changeover Switch Supplier - Wholesale direct from TOSUNlux, a trusted manufacturer since 1994. Get your B2B factory quote on our certified Low Voltage electrical products.\" \/>\n<meta property=\"og:url\" content=\"https:\/\/www.tosunlux.eu\/pl\/products\/tsmq2-125-double-power-automatic-changeover-switch\/\" \/>\n<meta property=\"og:site_name\" content=\"TOSUNlux Official Site - Electrical Circuit Breaker Manufacturer in China\" \/>\n<meta property=\"article:publisher\" content=\"https:\/\/www.facebook.com\/TOSUNelectric\/\" \/>\n<meta property=\"article:modified_time\" content=\"2025-02-10T05:25:55+00:00\" \/>\n<meta property=\"og:image\" content=\"https:\/\/www.tosunlux.eu\/wp-content\/uploads\/2023\/06\/TSMQ-1024x268.jpg\" \/>\n<meta name=\"twitter:card\" content=\"summary_large_image\" \/>\n<meta name=\"twitter:label1\" content=\"Szacowany czas czytania\" \/>\n\t<meta name=\"twitter:data1\" content=\"2 minuty\" \/>\n<script type=\"application\/ld+json\" class=\"yoast-schema-graph\">{\"@context\":\"https:\\\/\\\/schema.org\",\"@graph\":[{\"@type\":\"WebPage\",\"@id\":\"https:\\\/\\\/www.tosunlux.eu\\\/products\\\/tsmq2-125-double-power-automatic-changeover-switch\\\/\",\"url\":\"https:\\\/\\\/www.tosunlux.eu\\\/products\\\/tsmq2-125-double-power-automatic-changeover-switch\\\/\",\"name\":\"WholesaleTSMQ1-100 Dual Power Automatic Changeover Switch - TOSUNlux Official Site - Electrical Circuit Breaker Manufacturer in China Low Voltage Electrical Supplier | TOSUNlux\",\"isPartOf\":{\"@id\":\"https:\\\/\\\/www.tosunlux.eu\\\/ru\\\/#website\"},\"primaryImageOfPage\":{\"@id\":\"https:\\\/\\\/www.tosunlux.eu\\\/products\\\/tsmq2-125-double-power-automatic-changeover-switch\\\/#primaryimage\"},\"image\":{\"@id\":\"https:\\\/\\\/www.tosunlux.eu\\\/products\\\/tsmq2-125-double-power-automatic-changeover-switch\\\/#primaryimage\"},\"thumbnailUrl\":\"https:\\\/\\\/www.tosunlux.eu\\\/wp-content\\\/uploads\\\/2023\\\/06\\\/TSMQ-1024x268.jpg\",\"datePublished\":\"2023-06-12T07:57:20+00:00\",\"dateModified\":\"2025-02-10T05:25:55+00:00\",\"description\":\"TSMQ1-100 Dual Power Automatic Changeover Switch Supplier - Wholesale direct from TOSUNlux, a trusted manufacturer since 1994. Get your B2B factory quote on our certified Low Voltage electrical products.\",\"breadcrumb\":{\"@id\":\"https:\\\/\\\/www.tosunlux.eu\\\/products\\\/tsmq2-125-double-power-automatic-changeover-switch\\\/#breadcrumb\"},\"inLanguage\":\"pl-PL\",\"potentialAction\":[{\"@type\":\"ReadAction\",\"target\":[\"https:\\\/\\\/www.tosunlux.eu\\\/products\\\/tsmq2-125-double-power-automatic-changeover-switch\\\/\"]}]},{\"@type\":\"ImageObject\",\"inLanguage\":\"pl-PL\",\"@id\":\"https:\\\/\\\/www.tosunlux.eu\\\/products\\\/tsmq2-125-double-power-automatic-changeover-switch\\\/#primaryimage\",\"url\":\"https:\\\/\\\/www.tosunlux.eu\\\/wp-content\\\/uploads\\\/2023\\\/06\\\/TSMQ-1024x268.jpg\",\"contentUrl\":\"https:\\\/\\\/www.tosunlux.eu\\\/wp-content\\\/uploads\\\/2023\\\/06\\\/TSMQ-1024x268.jpg\"},{\"@type\":\"BreadcrumbList\",\"@id\":\"https:\\\/\\\/www.tosunlux.eu\\\/products\\\/tsmq2-125-double-power-automatic-changeover-switch\\\/#breadcrumb\",\"itemListElement\":[{\"@type\":\"ListItem\",\"position\":1,\"name\":\"Home\",\"item\":\"https:\\\/\\\/www.tosunlux.eu\\\/ru\\\/\"},{\"@type\":\"ListItem\",\"position\":2,\"name\":\"Products\",\"item\":\"https:\\\/\\\/www.tosunlux.eu\\\/products\\\/\"},{\"@type\":\"ListItem\",\"position\":3,\"name\":\"TSMQ1-100 Dual Power Automatic Changeover Switch\"}]},{\"@type\":\"WebSite\",\"@id\":\"https:\\\/\\\/www.tosunlux.eu\\\/ru\\\/#website\",\"url\":\"https:\\\/\\\/www.tosunlux.eu\\\/ru\\\/\",\"name\":\"TOSUNlux Official Site - Electrical Circuit Breaker Manufacturer in China\",\"description\":\"Power Distribution System Supplier\",\"publisher\":{\"@id\":\"https:\\\/\\\/www.tosunlux.eu\\\/ru\\\/#organization\"},\"alternateName\":\"TOSUNlux\",\"potentialAction\":[{\"@type\":\"SearchAction\",\"target\":{\"@type\":\"EntryPoint\",\"urlTemplate\":\"https:\\\/\\\/www.tosunlux.eu\\\/ru\\\/?s={search_term_string}\"},\"query-input\":{\"@type\":\"PropertyValueSpecification\",\"valueRequired\":true,\"valueName\":\"search_term_string\"}}],\"inLanguage\":\"pl-PL\"},{\"@type\":\"Organization\",\"@id\":\"https:\\\/\\\/www.tosunlux.eu\\\/ru\\\/#organization\",\"name\":\"TOSUNlux\",\"url\":\"https:\\\/\\\/www.tosunlux.eu\\\/ru\\\/\",\"logo\":{\"@type\":\"ImageObject\",\"inLanguage\":\"pl-PL\",\"@id\":\"https:\\\/\\\/www.tosunlux.eu\\\/ru\\\/#\\\/schema\\\/logo\\\/image\\\/\",\"url\":\"https:\\\/\\\/www.tosunlux.eu\\\/wp-content\\\/uploads\\\/2022\\\/01\\\/LOGOSYSM.71762f1.png\",\"contentUrl\":\"https:\\\/\\\/www.tosunlux.eu\\\/wp-content\\\/uploads\\\/2022\\\/01\\\/LOGOSYSM.71762f1.png\",\"width\":153,\"height\":55,\"caption\":\"TOSUNlux\"},\"image\":{\"@id\":\"https:\\\/\\\/www.tosunlux.eu\\\/ru\\\/#\\\/schema\\\/logo\\\/image\\\/\"},\"sameAs\":[\"https:\\\/\\\/www.facebook.com\\\/TOSUNelectric\\\/\",\"https:\\\/\\\/www.linkedin.com\\\/company\\\/wenzhou-tosun-electric-co.-ltd\\\/\"]}]}<\/script>\n<!-- \/ Yoast SEO plugin. -->","yoast_head_json":{"title":"Hurtowy automatyczny prze\u0142\u0105cznik prze\u0142\u0105czaj\u0105cy TSMQ1-100 Dual Power - Oficjalna strona TOSUNlux - Producent wy\u0142\u0105cznik\u00f3w elektrycznych w Chinach Dostawca urz\u0105dze\u0144 niskonapi\u0119ciowych | TOSUNlux","description":"Dostawca automatycznych prze\u0142\u0105cznik\u00f3w dwuzakresowych TSMQ1-100 \u2014 sprzeda\u017c hurtowa bezpo\u015brednio od TOSUNlux, zaufanego producenta od 1994 r. Uzyskaj wycen\u0119 fabryczn\u0105 B2B na nasze certyfikowane produkty elektryczne niskiego napi\u0119cia.","robots":{"index":"index","follow":"follow","max-snippet":"max-snippet:-1","max-image-preview":"max-image-preview:large","max-video-preview":"max-video-preview:-1"},"canonical":"https:\/\/www.tosunlux.eu\/pl\/products\/tsmq2-125-double-power-automatic-changeover-switch\/","og_locale":"pl_PL","og_type":"article","og_title":"WholesaleTSMQ1-100 Dual Power Automatic Changeover Switch - TOSUNlux Official Site - Electrical Circuit Breaker Manufacturer in China Low Voltage Electrical Supplier | TOSUNlux","og_description":"TSMQ1-100 Dual Power Automatic Changeover Switch Supplier - Wholesale direct from TOSUNlux, a trusted manufacturer since 1994. Get your B2B factory quote on our certified Low Voltage electrical products.","og_url":"https:\/\/www.tosunlux.eu\/pl\/products\/tsmq2-125-double-power-automatic-changeover-switch\/","og_site_name":"TOSUNlux Official Site - Electrical Circuit Breaker Manufacturer in China","article_publisher":"https:\/\/www.facebook.com\/TOSUNelectric\/","article_modified_time":"2025-02-10T05:25:55+00:00","og_image":[{"url":"https:\/\/www.tosunlux.eu\/wp-content\/uploads\/2023\/06\/TSMQ-1024x268.jpg","type":"","width":"","height":""}],"twitter_card":"summary_large_image","twitter_misc":{"Szacowany czas czytania":"2 minuty"},"schema":{"@context":"https:\/\/schema.org","@graph":[{"@type":"WebPage","@id":"https:\/\/www.tosunlux.eu\/products\/tsmq2-125-double-power-automatic-changeover-switch\/","url":"https:\/\/www.tosunlux.eu\/products\/tsmq2-125-double-power-automatic-changeover-switch\/","name":"Hurtowy automatyczny prze\u0142\u0105cznik prze\u0142\u0105czaj\u0105cy TSMQ1-100 Dual Power - Oficjalna strona TOSUNlux - Producent wy\u0142\u0105cznik\u00f3w elektrycznych w Chinach Dostawca urz\u0105dze\u0144 niskonapi\u0119ciowych | TOSUNlux","isPartOf":{"@id":"https:\/\/www.tosunlux.eu\/ru\/#website"},"primaryImageOfPage":{"@id":"https:\/\/www.tosunlux.eu\/products\/tsmq2-125-double-power-automatic-changeover-switch\/#primaryimage"},"image":{"@id":"https:\/\/www.tosunlux.eu\/products\/tsmq2-125-double-power-automatic-changeover-switch\/#primaryimage"},"thumbnailUrl":"https:\/\/www.tosunlux.eu\/wp-content\/uploads\/2023\/06\/TSMQ-1024x268.jpg","datePublished":"2023-06-12T07:57:20+00:00","dateModified":"2025-02-10T05:25:55+00:00","description":"Dostawca automatycznych prze\u0142\u0105cznik\u00f3w dwuzakresowych TSMQ1-100 \u2014 sprzeda\u017c hurtowa bezpo\u015brednio od TOSUNlux, zaufanego producenta od 1994 r. Uzyskaj wycen\u0119 fabryczn\u0105 B2B na nasze certyfikowane produkty elektryczne niskiego napi\u0119cia.","breadcrumb":{"@id":"https:\/\/www.tosunlux.eu\/products\/tsmq2-125-double-power-automatic-changeover-switch\/#breadcrumb"},"inLanguage":"pl-PL","potentialAction":[{"@type":"ReadAction","target":["https:\/\/www.tosunlux.eu\/products\/tsmq2-125-double-power-automatic-changeover-switch\/"]}]},{"@type":"ImageObject","inLanguage":"pl-PL","@id":"https:\/\/www.tosunlux.eu\/products\/tsmq2-125-double-power-automatic-changeover-switch\/#primaryimage","url":"https:\/\/www.tosunlux.eu\/wp-content\/uploads\/2023\/06\/TSMQ-1024x268.jpg","contentUrl":"https:\/\/www.tosunlux.eu\/wp-content\/uploads\/2023\/06\/TSMQ-1024x268.jpg"},{"@type":"BreadcrumbList","@id":"https:\/\/www.tosunlux.eu\/products\/tsmq2-125-double-power-automatic-changeover-switch\/#breadcrumb","itemListElement":[{"@type":"ListItem","position":1,"name":"Home","item":"https:\/\/www.tosunlux.eu\/ru\/"},{"@type":"ListItem","position":2,"name":"Products","item":"https:\/\/www.tosunlux.eu\/products\/"},{"@type":"ListItem","position":3,"name":"TSMQ1-100 Dual Power Automatic Changeover Switch"}]},{"@type":"WebSite","@id":"https:\/\/www.tosunlux.eu\/ru\/#website","url":"https:\/\/www.tosunlux.eu\/ru\/","name":"Oficjalna strona TOSUNlux - Producent wy\u0142\u0105cznik\u00f3w elektrycznych w Chinach","description":"Dostawca system\u00f3w dystrybucji energii","publisher":{"@id":"https:\/\/www.tosunlux.eu\/ru\/#organization"},"alternateName":"TOSUNlux","potentialAction":[{"@type":"SearchAction","target":{"@type":"EntryPoint","urlTemplate":"https:\/\/www.tosunlux.eu\/ru\/?s={search_term_string}"},"query-input":{"@type":"PropertyValueSpecification","valueRequired":true,"valueName":"search_term_string"}}],"inLanguage":"pl-PL"},{"@type":"Organization","@id":"https:\/\/www.tosunlux.eu\/ru\/#organization","name":"TOSUNlux","url":"https:\/\/www.tosunlux.eu\/ru\/","logo":{"@type":"ImageObject","inLanguage":"pl-PL","@id":"https:\/\/www.tosunlux.eu\/ru\/#\/schema\/logo\/image\/","url":"https:\/\/www.tosunlux.eu\/wp-content\/uploads\/2022\/01\/LOGOSYSM.71762f1.png","contentUrl":"https:\/\/www.tosunlux.eu\/wp-content\/uploads\/2022\/01\/LOGOSYSM.71762f1.png","width":153,"height":55,"caption":"TOSUNlux"},"image":{"@id":"https:\/\/www.tosunlux.eu\/ru\/#\/schema\/logo\/image\/"},"sameAs":["https:\/\/www.facebook.com\/TOSUNelectric\/","https:\/\/www.linkedin.com\/company\/wenzhou-tosun-electric-co.-ltd\/"]}]}},"_links":{"self":[{"href":"https:\/\/www.tosunlux.eu\/pl\/wp-json\/wp\/v2\/product\/7263","targetHints":{"allow":["GET"]}}],"collection":[{"href":"https:\/\/www.tosunlux.eu\/pl\/wp-json\/wp\/v2\/product"}],"about":[{"href":"https:\/\/www.tosunlux.eu\/pl\/wp-json\/wp\/v2\/types\/product"}],"version-history":[{"count":6,"href":"https:\/\/www.tosunlux.eu\/pl\/wp-json\/wp\/v2\/product\/7263\/revisions"}],"predecessor-version":[{"id":12508,"href":"https:\/\/www.tosunlux.eu\/pl\/wp-json\/wp\/v2\/product\/7263\/revisions\/12508"}],"wp:attachment":[{"href":"https:\/\/www.tosunlux.eu\/pl\/wp-json\/wp\/v2\/media?parent=7263"}],"wp:term":[{"taxonomy":"product_category","embeddable":true,"href":"https:\/\/www.tosunlux.eu\/pl\/wp-json\/wp\/v2\/product_category?post=7263"}],"curies":[{"name":"wp","href":"https:\/\/api.w.org\/{rel}","templated":true}]}}