{"id":7958,"date":"2023-09-12T10:35:19","date_gmt":"2023-09-12T02:35:19","guid":{"rendered":"https:\/\/www.tosunlux.eu\/?post_type=product&#038;p=7958"},"modified":"2025-01-09T13:55:55","modified_gmt":"2025-01-09T05:55:55","slug":"tsm4l-residual-current-operated-mouldedcase-circuit-breaker","status":"publish","type":"product","link":"https:\/\/www.tosunlux.eu\/pl\/products\/tsm4l-residual-current-operated-mouldedcase-circuit-breaker\/","title":{"rendered":"TSM4L wy\u0142\u0105cznik r\u00f3\u017cnicowopr\u0105dowy formowany<br>Wy\u0142\u0105cznik obwodu obudowy"},"content":{"rendered":"<p><strong>Aplikacja<\/strong><\/p>\n\n\n\n<p>Wy\u0142\u0105cznik r\u00f3\u017cnicowopr\u0105dowy w obudowie formowanej TSM4L jest stosowany w obwodach:&nbsp;<br>znamionowe napi\u0119cie izolacji do 1000 V, znamionowe napi\u0119cie pracy do 400 V, znamionowy pr\u0105d pracy do 800 A, pr\u0105d przemienny 50\/60 Hz, do stosowania w celu rzadkiego prze\u0142\u0105czania obwodu i rzadkiego rozruchu silnika.&nbsp;<br>Wy\u0142\u0105czniki chroni\u0105 obw\u00f3d i urz\u0105dzenia w obwodzie przed uszkodzeniem poprzez zabezpieczenie przeci\u0105\u017ceniowe, zabezpieczenie zwarciowe, zabezpieczenie podnapi\u0119ciowe i zabezpieczenie r\u00f3\u017cnicowopr\u0105dowe.<br>Produkty spe\u0142niaj\u0105 norm\u0119 IEC60947-2.<\/p>\n\n\n\n<p><strong>Funkcja<\/strong><\/p>\n\n\n\n<ul class=\"wp-block-list\"><li>Produkt mo\u017ce pracowa\u0107 normalnie w przypadku awarii jednej z faz.<\/li><li>Produkt mo\u017ce pracowa\u0107 normalnie nawet po obni\u017ceniu napi\u0119cia do 85 V.<\/li><li>U\u017cytkownik mo\u017ce dostosowa\u0107 znamionowy pr\u0105d r\u00f3\u017cnicowy I\u0394n i maksymalny czas zadzia\u0142ania zale\u017cnie od konkretnej sytuacji.<\/li><li>Dost\u0119pny jest sygna\u0142 wyj\u015bciowy alarmu przed pr\u0105dem szcz\u0105tkowym.<\/li><\/ul>\n\n\n\n<p><strong>Specyfikacja<\/strong><\/p>\n\n\n<table style=\"border-collapse: collapse; width: 744px; height: 346px;\" border=\"0\" width=\"489\" cellspacing=\"0\" cellpadding=\"0\">\n<tbody>\n<tr style=\"height: 20.50pt;\">\n<td class=\"et2\" style=\"height: 20.50pt; width: 93.00pt;\" width=\"124\" height=\"27\"><span class=\"font4\">Model<\/span><\/td>\n<td class=\"et3\" style=\"width: 68pt; text-align: center;\" width=\"90\"><span class=\"font4\">TSM4L-125<\/span><\/td>\n<td class=\"et3\" style=\"width: 69pt; text-align: center;\" width=\"92\"><span class=\"font4\">TSM4L-250<\/span><\/td>\n<td class=\"et3\" style=\"width: 68pt; text-align: center;\" width=\"90\"><span class=\"font4\">TSM4L-400<\/span><\/td>\n<td class=\"et4\" style=\"width: 69pt; text-align: center;\" width=\"92\"><span class=\"font4\">TSM4L-800<\/span><\/td>\n<\/tr>\n<tr style=\"height: 16.25pt;\">\n<td class=\"et2\" style=\"height: 16.25pt; width: 93.00pt;\" width=\"124\" height=\"21\"><span class=\"font4\">Typ<\/span><\/td>\n<td class=\"et3\" style=\"width: 68pt; text-align: center;\" width=\"90\"><span class=\"font4\">L<\/span><\/td>\n<td class=\"et3\" style=\"width: 69pt; text-align: center;\" width=\"92\"><span class=\"font4\">L<\/span><\/td>\n<td class=\"et3\" style=\"width: 68pt; text-align: center;\" width=\"90\"><span class=\"font4\">M<\/span><\/td>\n<td class=\"et4\" style=\"width: 69pt; text-align: center;\" width=\"92\"><span class=\"font4\">M<\/span><\/td>\n<\/tr>\n<tr style=\"height: 16.25pt;\">\n<td class=\"et5\" style=\"height: 16.25pt; width: 93.00pt;\" width=\"124\" height=\"21\"><span class=\"font3\">Polak<\/span><\/td>\n<td class=\"et6\" style=\"text-align: center;\">4<\/td>\n<td class=\"et6\" style=\"text-align: center;\">4<\/td>\n<td class=\"et6\" style=\"text-align: center;\">4<\/td>\n<td class=\"et7\" style=\"text-align: center;\">4<\/td>\n<\/tr>\n<tr style=\"height: 33.75pt;\">\n<td class=\"et8\" style=\"height: 33.75pt; width: 93.00pt;\" width=\"124\" height=\"45\"><span class=\"font4\">Pr\u0105d znamionowy (A)<\/span><\/td>\n<td class=\"et9\" style=\"width: 68pt; text-align: center;\" width=\"90\"><span class=\"font4\">16,20,25,<br \/><\/span><span class=\"font4\">32,40,50,<br \/><\/span><span class=\"font4\">63,80,100,125<\/span><\/td>\n<td class=\"et9\" style=\"width: 69pt; text-align: center;\" width=\"92\"><span class=\"font5\">100,125,<br \/><\/span><span class=\"font5\">140,160,180,<br \/><\/span><span class=\"font5\">200,225,250<\/span><\/td>\n<td class=\"et10\" style=\"width: 68pt; text-align: center;\" width=\"90\"><span class=\"font4\">200,225,250,<br \/><\/span><span class=\"font4\">315,350,400<\/span><\/td>\n<td class=\"et11\" style=\"width: 69pt; text-align: center;\" width=\"92\"><span class=\"font5\">400,500,<br \/><\/span><span class=\"font5\">630,700,800<\/span><\/td>\n<\/tr>\n<tr style=\"height: 16.25pt;\">\n<td class=\"et2\" style=\"height: 16.25pt; width: 93.00pt;\" width=\"124\" height=\"21\"><span class=\"font4\">Ics (kA)<\/span><\/td>\n<td class=\"et12\" style=\"text-align: center;\">18<\/td>\n<td class=\"et12\" style=\"text-align: center;\">20<\/td>\n<td class=\"et12\" style=\"text-align: center;\">35<\/td>\n<td class=\"et13\" style=\"text-align: center;\">35<\/td>\n<\/tr>\n<tr style=\"height: 16.25pt;\">\n<td class=\"et2\" style=\"height: 16.25pt; width: 93.00pt;\" width=\"124\" height=\"21\"><span class=\"font4\">OIOM (oddzia\u0142 intensywnej terapii)<\/span><\/td>\n<td class=\"et12\" style=\"text-align: center;\">25<\/td>\n<td class=\"et12\" style=\"text-align: center;\">25<\/td>\n<td class=\"et12\" style=\"text-align: center;\">50<\/td>\n<td class=\"et13\" style=\"text-align: center;\">50<\/td>\n<\/tr>\n<tr style=\"height: 16.25pt;\">\n<td class=\"et2\" style=\"height: 16.25pt; width: 93.00pt;\" width=\"124\" height=\"21\"><span class=\"font4\">Odleg\u0142o\u015b\u0107 \u0142uku<\/span><\/td>\n<td class=\"et3\" style=\"width: 68pt; text-align: center;\" width=\"90\"><span class=\"font4\">\u226450<\/span><\/td>\n<td class=\"et3\" style=\"width: 69pt; text-align: center;\" width=\"92\"><span class=\"font4\">\u226450<\/span><\/td>\n<td class=\"et3\" style=\"width: 68pt; text-align: center;\" width=\"90\"><span class=\"font4\">\u2264100<\/span><\/td>\n<td class=\"et4\" style=\"width: 69pt; text-align: center;\" width=\"92\"><span class=\"font4\">\u2264100<\/span><\/td>\n<\/tr>\n<tr style=\"height: 23.50pt;\">\n<td class=\"et2\" style=\"height: 23.50pt; width: 93.00pt;\" width=\"124\" height=\"31\"><span class=\"font4\">Pr\u0105d znamionowy r\u00f3\u017cnicowy I\u0394n (mA)<\/span><\/td>\n<td class=\"et14\" style=\"width: 274pt; text-align: center;\" colspan=\"4\" width=\"365\"><span class=\"font4\">100,300,500 (opcjonalnie)<\/span><\/td>\n<\/tr>\n<\/tbody>\n<\/table>","protected":false},"parent":0,"template":"","product_category":[24,79],"class_list":["post-7958","product","type-product","status-publish","hentry","product_category-power-distribution-system","product_category-mccb"],"yoast_head":"<!-- This site is optimized with the Yoast SEO plugin v27.5 - https:\/\/yoast.com\/product\/yoast-seo-wordpress\/ -->\n<title>WholesaleTSM4L Residual Current Operated MouldedCase Circuit Breaker - TOSUNlux Official Site - Electrical Circuit Breaker Manufacturer in China Low Voltage Electrical Supplier | TOSUNlux<\/title>\n<meta name=\"description\" content=\"TSM4L Residual Current Operated MouldedCase Circuit Breaker Supplier - Wholesale direct from TOSUNlux, a trusted manufacturer since 1994. Get your B2B factory quote on our certified Low Voltage electrical products.\" \/>\n<meta name=\"robots\" content=\"index, follow, max-snippet:-1, max-image-preview:large, max-video-preview:-1\" \/>\n<link rel=\"canonical\" href=\"https:\/\/www.tosunlux.eu\/pl\/products\/tsm4l-residual-current-operated-mouldedcase-circuit-breaker\/\" \/>\n<meta property=\"og:locale\" content=\"pl_PL\" \/>\n<meta property=\"og:type\" content=\"article\" \/>\n<meta property=\"og:title\" content=\"WholesaleTSM4L Residual Current Operated MouldedCase Circuit Breaker - TOSUNlux Official Site - Electrical Circuit Breaker Manufacturer in China Low Voltage Electrical Supplier | TOSUNlux\" \/>\n<meta property=\"og:description\" content=\"TSM4L Residual Current Operated MouldedCase Circuit Breaker Supplier - Wholesale direct from TOSUNlux, a trusted manufacturer since 1994. Get your B2B factory quote on our certified Low Voltage electrical products.\" \/>\n<meta property=\"og:url\" content=\"https:\/\/www.tosunlux.eu\/pl\/products\/tsm4l-residual-current-operated-mouldedcase-circuit-breaker\/\" \/>\n<meta property=\"og:site_name\" content=\"TOSUNlux Official Site - Electrical Circuit Breaker Manufacturer in China\" \/>\n<meta property=\"article:publisher\" content=\"https:\/\/www.facebook.com\/TOSUNelectric\/\" \/>\n<meta property=\"article:modified_time\" content=\"2025-01-09T05:55:55+00:00\" \/>\n<meta property=\"og:image\" content=\"https:\/\/www.tosunlux.eu\/wp-content\/uploads\/2023\/04\/DSC08160_\u526f\u672c.jpg\" \/>\n\t<meta property=\"og:image:width\" content=\"1500\" \/>\n\t<meta property=\"og:image:height\" content=\"940\" \/>\n\t<meta property=\"og:image:type\" content=\"image\/jpeg\" \/>\n<meta name=\"twitter:card\" content=\"summary_large_image\" \/>\n<meta name=\"twitter:label1\" content=\"Szacowany czas czytania\" \/>\n\t<meta name=\"twitter:data1\" content=\"1 minuta\" \/>\n<script type=\"application\/ld+json\" class=\"yoast-schema-graph\">{\"@context\":\"https:\\\/\\\/schema.org\",\"@graph\":[{\"@type\":\"WebPage\",\"@id\":\"https:\\\/\\\/www.tosunlux.eu\\\/id\\\/products\\\/tsm4l-residual-current-operated-mouldedcase-circuit-breaker\\\/\",\"url\":\"https:\\\/\\\/www.tosunlux.eu\\\/id\\\/products\\\/tsm4l-residual-current-operated-mouldedcase-circuit-breaker\\\/\",\"name\":\"WholesaleTSM4L Residual Current Operated Moulded Case Circuit Breaker - TOSUNlux Official Site - Electrical Circuit Breaker Manufacturer in China Low Voltage Electrical Supplier | TOSUNlux\",\"isPartOf\":{\"@id\":\"https:\\\/\\\/www.tosunlux.eu\\\/ru\\\/#website\"},\"datePublished\":\"2023-09-12T02:35:19+00:00\",\"dateModified\":\"2025-01-09T05:55:55+00:00\",\"description\":\"TSM4L Residual Current Operated Moulded Case Circuit Breaker Supplier - Wholesale direct from TOSUNlux, a trusted manufacturer since 1994. Get your B2B factory quote on our certified Low Voltage electrical products.\",\"breadcrumb\":{\"@id\":\"https:\\\/\\\/www.tosunlux.eu\\\/id\\\/products\\\/tsm4l-residual-current-operated-mouldedcase-circuit-breaker\\\/#breadcrumb\"},\"inLanguage\":\"pl-PL\",\"potentialAction\":[{\"@type\":\"ReadAction\",\"target\":[\"https:\\\/\\\/www.tosunlux.eu\\\/id\\\/products\\\/tsm4l-residual-current-operated-mouldedcase-circuit-breaker\\\/\"]}]},{\"@type\":\"BreadcrumbList\",\"@id\":\"https:\\\/\\\/www.tosunlux.eu\\\/id\\\/products\\\/tsm4l-residual-current-operated-mouldedcase-circuit-breaker\\\/#breadcrumb\",\"itemListElement\":[{\"@type\":\"ListItem\",\"position\":1,\"name\":\"Home\",\"item\":\"https:\\\/\\\/www.tosunlux.eu\\\/ru\\\/\"},{\"@type\":\"ListItem\",\"position\":2,\"name\":\"Products\",\"item\":\"https:\\\/\\\/www.tosunlux.eu\\\/products\\\/\"},{\"@type\":\"ListItem\",\"position\":3,\"name\":\"TSM4L Residual Current Operated MouldedCase Circuit Breaker\"}]},{\"@type\":\"WebSite\",\"@id\":\"https:\\\/\\\/www.tosunlux.eu\\\/ru\\\/#website\",\"url\":\"https:\\\/\\\/www.tosunlux.eu\\\/ru\\\/\",\"name\":\"TOSUNlux Official Site - Electrical Circuit Breaker Manufacturer in China\",\"description\":\"Power Distribution System Supplier\",\"publisher\":{\"@id\":\"https:\\\/\\\/www.tosunlux.eu\\\/ru\\\/#organization\"},\"alternateName\":\"TOSUNlux\",\"potentialAction\":[{\"@type\":\"SearchAction\",\"target\":{\"@type\":\"EntryPoint\",\"urlTemplate\":\"https:\\\/\\\/www.tosunlux.eu\\\/ru\\\/?s={search_term_string}\"},\"query-input\":{\"@type\":\"PropertyValueSpecification\",\"valueRequired\":true,\"valueName\":\"search_term_string\"}}],\"inLanguage\":\"pl-PL\"},{\"@type\":\"Organization\",\"@id\":\"https:\\\/\\\/www.tosunlux.eu\\\/ru\\\/#organization\",\"name\":\"TOSUNlux\",\"url\":\"https:\\\/\\\/www.tosunlux.eu\\\/ru\\\/\",\"logo\":{\"@type\":\"ImageObject\",\"inLanguage\":\"pl-PL\",\"@id\":\"https:\\\/\\\/www.tosunlux.eu\\\/ru\\\/#\\\/schema\\\/logo\\\/image\\\/\",\"url\":\"https:\\\/\\\/www.tosunlux.eu\\\/wp-content\\\/uploads\\\/2022\\\/01\\\/LOGOSYSM.71762f1.png\",\"contentUrl\":\"https:\\\/\\\/www.tosunlux.eu\\\/wp-content\\\/uploads\\\/2022\\\/01\\\/LOGOSYSM.71762f1.png\",\"width\":153,\"height\":55,\"caption\":\"TOSUNlux\"},\"image\":{\"@id\":\"https:\\\/\\\/www.tosunlux.eu\\\/ru\\\/#\\\/schema\\\/logo\\\/image\\\/\"},\"sameAs\":[\"https:\\\/\\\/www.facebook.com\\\/TOSUNelectric\\\/\",\"https:\\\/\\\/www.linkedin.com\\\/company\\\/wenzhou-tosun-electric-co.-ltd\\\/\"]}]}<\/script>\n<!-- \/ Yoast SEO plugin. -->","yoast_head_json":{"title":"Hurtowy wy\u0142\u0105cznik r\u00f3\u017cnicowopr\u0105dowy TSM4L w obudowie formowanej - Oficjalna strona TOSUNlux - Producent wy\u0142\u0105cznik\u00f3w elektrycznych w Chinach Dostawca urz\u0105dze\u0144 niskonapi\u0119ciowych | TOSUNlux","description":"Dostawca wy\u0142\u0105cznik\u00f3w r\u00f3\u017cnicowopr\u0105dowych TSM4L w obudowie formowanej - sprzeda\u017c hurtowa bezpo\u015brednio od TOSUNlux, zaufanego producenta od 1994 roku. Uzyskaj wycen\u0119 fabryczn\u0105 B2B na nasze certyfikowane produkty elektryczne niskiego napi\u0119cia.","robots":{"index":"index","follow":"follow","max-snippet":"max-snippet:-1","max-image-preview":"max-image-preview:large","max-video-preview":"max-video-preview:-1"},"canonical":"https:\/\/www.tosunlux.eu\/pl\/products\/tsm4l-residual-current-operated-mouldedcase-circuit-breaker\/","og_locale":"pl_PL","og_type":"article","og_title":"WholesaleTSM4L Residual Current Operated MouldedCase Circuit Breaker - TOSUNlux Official Site - Electrical Circuit Breaker Manufacturer in China Low Voltage Electrical Supplier | TOSUNlux","og_description":"TSM4L Residual Current Operated MouldedCase Circuit Breaker Supplier - Wholesale direct from TOSUNlux, a trusted manufacturer since 1994. Get your B2B factory quote on our certified Low Voltage electrical products.","og_url":"https:\/\/www.tosunlux.eu\/pl\/products\/tsm4l-residual-current-operated-mouldedcase-circuit-breaker\/","og_site_name":"TOSUNlux Official Site - Electrical Circuit Breaker Manufacturer in China","article_publisher":"https:\/\/www.facebook.com\/TOSUNelectric\/","article_modified_time":"2025-01-09T05:55:55+00:00","og_image":[{"width":1500,"height":940,"url":"https:\/\/www.tosunlux.eu\/wp-content\/uploads\/2023\/04\/DSC08160_\u526f\u672c.jpg","type":"image\/jpeg"}],"twitter_card":"summary_large_image","twitter_misc":{"Szacowany czas czytania":"1 minuta"},"schema":{"@context":"https:\/\/schema.org","@graph":[{"@type":"WebPage","@id":"https:\/\/www.tosunlux.eu\/id\/products\/tsm4l-residual-current-operated-mouldedcase-circuit-breaker\/","url":"https:\/\/www.tosunlux.eu\/id\/products\/tsm4l-residual-current-operated-mouldedcase-circuit-breaker\/","name":"Hurtowy wy\u0142\u0105cznik r\u00f3\u017cnicowopr\u0105dowy TSM4L w obudowie formowanej - Oficjalna strona TOSUNlux - Producent wy\u0142\u0105cznik\u00f3w elektrycznych w Chinach Dostawca urz\u0105dze\u0144 niskonapi\u0119ciowych | TOSUNlux","isPartOf":{"@id":"https:\/\/www.tosunlux.eu\/ru\/#website"},"datePublished":"2023-09-12T02:35:19+00:00","dateModified":"2025-01-09T05:55:55+00:00","description":"Dostawca wy\u0142\u0105cznik\u00f3w r\u00f3\u017cnicowopr\u0105dowych TSM4L w obudowach formowanych - hurtowo bezpo\u015brednio od TOSUNlux, zaufanego producenta od 1994 roku. Uzyskaj wycen\u0119 fabryczn\u0105 B2B na nasze certyfikowane produkty elektryczne niskiego napi\u0119cia.","breadcrumb":{"@id":"https:\/\/www.tosunlux.eu\/id\/products\/tsm4l-residual-current-operated-mouldedcase-circuit-breaker\/#breadcrumb"},"inLanguage":"pl-PL","potentialAction":[{"@type":"ReadAction","target":["https:\/\/www.tosunlux.eu\/id\/products\/tsm4l-residual-current-operated-mouldedcase-circuit-breaker\/"]}]},{"@type":"BreadcrumbList","@id":"https:\/\/www.tosunlux.eu\/id\/products\/tsm4l-residual-current-operated-mouldedcase-circuit-breaker\/#breadcrumb","itemListElement":[{"@type":"ListItem","position":1,"name":"Home","item":"https:\/\/www.tosunlux.eu\/ru\/"},{"@type":"ListItem","position":2,"name":"Products","item":"https:\/\/www.tosunlux.eu\/products\/"},{"@type":"ListItem","position":3,"name":"TSM4L Residual Current Operated MouldedCase Circuit Breaker"}]},{"@type":"WebSite","@id":"https:\/\/www.tosunlux.eu\/ru\/#website","url":"https:\/\/www.tosunlux.eu\/ru\/","name":"Oficjalna strona TOSUNlux - Producent wy\u0142\u0105cznik\u00f3w elektrycznych w Chinach","description":"Dostawca system\u00f3w dystrybucji energii","publisher":{"@id":"https:\/\/www.tosunlux.eu\/ru\/#organization"},"alternateName":"TOSUNlux","potentialAction":[{"@type":"SearchAction","target":{"@type":"EntryPoint","urlTemplate":"https:\/\/www.tosunlux.eu\/ru\/?s={search_term_string}"},"query-input":{"@type":"PropertyValueSpecification","valueRequired":true,"valueName":"search_term_string"}}],"inLanguage":"pl-PL"},{"@type":"Organization","@id":"https:\/\/www.tosunlux.eu\/ru\/#organization","name":"TOSUNlux","url":"https:\/\/www.tosunlux.eu\/ru\/","logo":{"@type":"ImageObject","inLanguage":"pl-PL","@id":"https:\/\/www.tosunlux.eu\/ru\/#\/schema\/logo\/image\/","url":"https:\/\/www.tosunlux.eu\/wp-content\/uploads\/2022\/01\/LOGOSYSM.71762f1.png","contentUrl":"https:\/\/www.tosunlux.eu\/wp-content\/uploads\/2022\/01\/LOGOSYSM.71762f1.png","width":153,"height":55,"caption":"TOSUNlux"},"image":{"@id":"https:\/\/www.tosunlux.eu\/ru\/#\/schema\/logo\/image\/"},"sameAs":["https:\/\/www.facebook.com\/TOSUNelectric\/","https:\/\/www.linkedin.com\/company\/wenzhou-tosun-electric-co.-ltd\/"]}]}},"_links":{"self":[{"href":"https:\/\/www.tosunlux.eu\/pl\/wp-json\/wp\/v2\/product\/7958","targetHints":{"allow":["GET"]}}],"collection":[{"href":"https:\/\/www.tosunlux.eu\/pl\/wp-json\/wp\/v2\/product"}],"about":[{"href":"https:\/\/www.tosunlux.eu\/pl\/wp-json\/wp\/v2\/types\/product"}],"version-history":[{"count":3,"href":"https:\/\/www.tosunlux.eu\/pl\/wp-json\/wp\/v2\/product\/7958\/revisions"}],"predecessor-version":[{"id":12228,"href":"https:\/\/www.tosunlux.eu\/pl\/wp-json\/wp\/v2\/product\/7958\/revisions\/12228"}],"wp:attachment":[{"href":"https:\/\/www.tosunlux.eu\/pl\/wp-json\/wp\/v2\/media?parent=7958"}],"wp:term":[{"taxonomy":"product_category","embeddable":true,"href":"https:\/\/www.tosunlux.eu\/pl\/wp-json\/wp\/v2\/product_category?post=7958"}],"curies":[{"name":"wp","href":"https:\/\/api.w.org\/{rel}","templated":true}]}}