{"id":979,"date":"2022-04-12T16:04:39","date_gmt":"2022-04-12T08:04:39","guid":{"rendered":"https:\/\/www.tosunlux.eu\/?post_type=product&#038;p=979"},"modified":"2023-03-17T14:45:23","modified_gmt":"2023-03-17T06:45:23","slug":"single-phase-servo-voltage-stabilizer-svc","status":"publish","type":"product","link":"https:\/\/www.tosunlux.eu\/pl\/products\/single-phase-servo-voltage-stabilizer-svc\/","title":{"rendered":"Jednofazowy serwo stabilizator napi\u0119cia SVC"},"content":{"rendered":"<p>Aplikacja<\/p>\n\n\n\n<p>W pe\u0142ni automatyczny stabilizator napi\u0119cia serwo SVC sk\u0142ada si\u0119 z regulatora napi\u0119cia stykowego, obwodu sterowania pr\u00f3bkowaniem i silnika serwo. Gdy napi\u0119cie wej\u015bciowe lub obci\u0105\u017cenie si\u0119 zmienia, obw\u00f3d sterowania pr\u00f3bkowaniem b\u0119dzie pr\u00f3bkowa\u0107 i wzmacnia\u0107 napi\u0119cie, a silnik serwo b\u0119dzie si\u0119 obraca\u0142 w po\u017c\u0105danym kierunku, co spowoduje obr\u00f3t ramienia, reguluj\u0105c napi\u0119cie, a\u017c napi\u0119cie wyj\u015bciowe zostanie uregulowane do znamionowego napi\u0119cia wyj\u015bciowego.<\/p>\n\n\n\n<p>Produkt ma niewielkie rozmiary, jest lekki, ma mniejsze zniekszta\u0142cenia kszta\u0142tu fali wyj\u015bciowej i niezawodn\u0105 wydajno\u015b\u0107. Aby zagwarantowa\u0107 jego jako\u015b\u0107, wprowadzane i importowane s\u0105 zagraniczne zaawansowane technologie i g\u0142\u00f3wne cz\u0119\u015bci. Jest szeroko stosowany w urz\u0105dzeniach elektrycznych, kt\u00f3re wymagaj\u0105 sta\u0142ego napi\u0119cia zasilania, a tak\u017ce w dziedzinach produkcji przemys\u0142owej, bada\u0144 naukowych i higieny medycznej.<\/p>\n\n\n\n<p>Produkt sam w sobie jest ma\u0142o ch\u0142onny i mo\u017cna go stosowa\u0107 nieprzerwanie przez d\u0142ugi czas.<\/p>\n\n\n\n<p><\/p>\n\n\n\n<p>Specyfikacja<\/p>\n\n\n<table style=\"height: 265px;\" width=\"469\">\n<tbody>\n<tr>\n<td width=\"171\">Moc znamionowa (VA)<\/td>\n<td width=\"560\">500, 1000, 1500, 2000, 3000, 5000, 8000, 10000, 15000, 20000, 30000<\/td>\n<\/tr>\n<tr>\n<td>Napi\u0119cie wej\u015bciowe<\/td>\n<td>130V~250V 160V~250V<\/td>\n<\/tr>\n<tr>\n<td>Napi\u0119cie wyj\u015bciowe<\/td>\n<td>220\u00b13% z 110V\u00b13%<\/td>\n<\/tr>\n<tr>\n<td>Faza<\/td>\n<td>Jednofazowy<\/td>\n<\/tr>\n<tr>\n<td>Cz\u0119stotliwo\u015b\u0107<\/td>\n<td>50\/60Hz<\/td>\n<\/tr>\n<tr>\n<td>Czas reakcji<\/td>\n<td>w ci\u0105gu 1 sek. w stosunku do odchylenia napi\u0119cia wej\u015bciowego 10%<\/td>\n<\/tr>\n<tr>\n<td>Efektywno\u015b\u0107<\/td>\n<td>&gt; 90%<\/td>\n<\/tr>\n<tr>\n<td>Temperatura otoczenia<\/td>\n<td>-5\u2103~+40\u2103<\/td>\n<\/tr>\n<tr>\n<td>Wilgotno\u015b\u0107 wzgl\u0119dna<\/td>\n<td>&lt; 95%<\/td>\n<\/tr>\n<tr>\n<td>Zniekszta\u0142cenie przebiegu<\/td>\n<td>Brak braku wierno\u015bci w przebiegu<\/td>\n<\/tr>\n<\/tbody>\n<\/table>","protected":false},"parent":0,"template":"","product_category":[75,122],"class_list":["post-979","product","type-product","status-publish","hentry","product_category-instruments","product_category-voltage-stabilizer-regulator"],"yoast_head":"<!-- This site is optimized with the Yoast SEO plugin v27.4 - https:\/\/yoast.com\/product\/yoast-seo-wordpress\/ -->\n<title>123123123<\/title>\n<meta name=\"description\" content=\"Single Phase Servo Voltage Stabilizer SVC\" \/>\n<meta name=\"robots\" content=\"index, follow, max-snippet:-1, max-image-preview:large, max-video-preview:-1\" \/>\n<link rel=\"canonical\" href=\"https:\/\/www.tosunlux.eu\/pl\/products\/single-phase-servo-voltage-stabilizer-svc\/\" \/>\n<meta property=\"og:locale\" content=\"pl_PL\" \/>\n<meta property=\"og:type\" content=\"article\" \/>\n<meta property=\"og:title\" content=\"123123123\" \/>\n<meta property=\"og:description\" content=\"Single Phase Servo Voltage Stabilizer SVC\" \/>\n<meta property=\"og:url\" content=\"https:\/\/www.tosunlux.eu\/pl\/products\/single-phase-servo-voltage-stabilizer-svc\/\" \/>\n<meta property=\"og:site_name\" content=\"TOSUNlux Official Site - Electrical Circuit Breaker Manufacturer in China\" \/>\n<meta property=\"article:publisher\" content=\"https:\/\/www.facebook.com\/TOSUNelectric\/\" \/>\n<meta property=\"article:modified_time\" content=\"2023-03-17T06:45:23+00:00\" \/>\n<meta property=\"og:image\" content=\"https:\/\/www.tosunlux.eu\/wp-content\/uploads\/2023\/04\/DSC08160_\u526f\u672c.jpg\" \/>\n\t<meta property=\"og:image:width\" content=\"1500\" \/>\n\t<meta property=\"og:image:height\" content=\"940\" \/>\n\t<meta property=\"og:image:type\" content=\"image\/jpeg\" \/>\n<meta name=\"twitter:card\" content=\"summary_large_image\" \/>\n<meta name=\"twitter:label1\" content=\"Szacowany czas czytania\" \/>\n\t<meta name=\"twitter:data1\" content=\"1 minuta\" \/>\n<script type=\"application\/ld+json\" class=\"yoast-schema-graph\">{\"@context\":\"https:\\\/\\\/schema.org\",\"@graph\":[{\"@type\":\"WebPage\",\"@id\":\"https:\\\/\\\/www.tosunlux.eu\\\/es\\\/products\\\/single-phase-servo-voltage-stabilizer-svc\\\/\",\"url\":\"https:\\\/\\\/www.tosunlux.eu\\\/es\\\/products\\\/single-phase-servo-voltage-stabilizer-svc\\\/\",\"name\":\"123123123\",\"isPartOf\":{\"@id\":\"https:\\\/\\\/www.tosunlux.eu\\\/ru\\\/#website\"},\"datePublished\":\"2022-04-12T08:04:39+00:00\",\"dateModified\":\"2023-03-17T06:45:23+00:00\",\"description\":\"Single Phase Servo Voltage Stabilizer SVC\",\"breadcrumb\":{\"@id\":\"https:\\\/\\\/www.tosunlux.eu\\\/es\\\/products\\\/single-phase-servo-voltage-stabilizer-svc\\\/#breadcrumb\"},\"inLanguage\":\"pl-PL\",\"potentialAction\":[{\"@type\":\"ReadAction\",\"target\":[\"https:\\\/\\\/www.tosunlux.eu\\\/es\\\/products\\\/single-phase-servo-voltage-stabilizer-svc\\\/\"]}]},{\"@type\":\"BreadcrumbList\",\"@id\":\"https:\\\/\\\/www.tosunlux.eu\\\/es\\\/products\\\/single-phase-servo-voltage-stabilizer-svc\\\/#breadcrumb\",\"itemListElement\":[{\"@type\":\"ListItem\",\"position\":1,\"name\":\"Home\",\"item\":\"https:\\\/\\\/www.tosunlux.eu\\\/ru\\\/\"},{\"@type\":\"ListItem\",\"position\":2,\"name\":\"Products\",\"item\":\"https:\\\/\\\/www.tosunlux.eu\\\/products\\\/\"},{\"@type\":\"ListItem\",\"position\":3,\"name\":\"Single Phase Servo Voltage Stabilizer SVC\"}]},{\"@type\":\"WebSite\",\"@id\":\"https:\\\/\\\/www.tosunlux.eu\\\/ru\\\/#website\",\"url\":\"https:\\\/\\\/www.tosunlux.eu\\\/ru\\\/\",\"name\":\"TOSUNlux Official Site - Electrical Circuit Breaker Manufacturer in China\",\"description\":\"Power Distribution System Supplier\",\"publisher\":{\"@id\":\"https:\\\/\\\/www.tosunlux.eu\\\/ru\\\/#organization\"},\"alternateName\":\"TOSUNlux\",\"potentialAction\":[{\"@type\":\"SearchAction\",\"target\":{\"@type\":\"EntryPoint\",\"urlTemplate\":\"https:\\\/\\\/www.tosunlux.eu\\\/ru\\\/?s={search_term_string}\"},\"query-input\":{\"@type\":\"PropertyValueSpecification\",\"valueRequired\":true,\"valueName\":\"search_term_string\"}}],\"inLanguage\":\"pl-PL\"},{\"@type\":\"Organization\",\"@id\":\"https:\\\/\\\/www.tosunlux.eu\\\/ru\\\/#organization\",\"name\":\"TOSUNlux\",\"url\":\"https:\\\/\\\/www.tosunlux.eu\\\/ru\\\/\",\"logo\":{\"@type\":\"ImageObject\",\"inLanguage\":\"pl-PL\",\"@id\":\"https:\\\/\\\/www.tosunlux.eu\\\/ru\\\/#\\\/schema\\\/logo\\\/image\\\/\",\"url\":\"https:\\\/\\\/www.tosunlux.eu\\\/wp-content\\\/uploads\\\/2022\\\/01\\\/LOGOSYSM.71762f1.png\",\"contentUrl\":\"https:\\\/\\\/www.tosunlux.eu\\\/wp-content\\\/uploads\\\/2022\\\/01\\\/LOGOSYSM.71762f1.png\",\"width\":153,\"height\":55,\"caption\":\"TOSUNlux\"},\"image\":{\"@id\":\"https:\\\/\\\/www.tosunlux.eu\\\/ru\\\/#\\\/schema\\\/logo\\\/image\\\/\"},\"sameAs\":[\"https:\\\/\\\/www.facebook.com\\\/TOSUNelectric\\\/\",\"https:\\\/\\\/www.linkedin.com\\\/company\\\/wenzhou-tosun-electric-co.-ltd\\\/\"]}]}<\/script>\n<!-- \/ Yoast SEO plugin. -->","yoast_head_json":{"title":"123123123","description":"Jednofazowy serwo stabilizator napi\u0119cia SVC","robots":{"index":"index","follow":"follow","max-snippet":"max-snippet:-1","max-image-preview":"max-image-preview:large","max-video-preview":"max-video-preview:-1"},"canonical":"https:\/\/www.tosunlux.eu\/pl\/products\/single-phase-servo-voltage-stabilizer-svc\/","og_locale":"pl_PL","og_type":"article","og_title":"123123123","og_description":"Single Phase Servo Voltage Stabilizer SVC","og_url":"https:\/\/www.tosunlux.eu\/pl\/products\/single-phase-servo-voltage-stabilizer-svc\/","og_site_name":"TOSUNlux Official Site - Electrical Circuit Breaker Manufacturer in China","article_publisher":"https:\/\/www.facebook.com\/TOSUNelectric\/","article_modified_time":"2023-03-17T06:45:23+00:00","og_image":[{"width":1500,"height":940,"url":"https:\/\/www.tosunlux.eu\/wp-content\/uploads\/2023\/04\/DSC08160_\u526f\u672c.jpg","type":"image\/jpeg"}],"twitter_card":"summary_large_image","twitter_misc":{"Szacowany czas czytania":"1 minuta"},"schema":{"@context":"https:\/\/schema.org","@graph":[{"@type":"WebPage","@id":"https:\/\/www.tosunlux.eu\/es\/products\/single-phase-servo-voltage-stabilizer-svc\/","url":"https:\/\/www.tosunlux.eu\/es\/products\/single-phase-servo-voltage-stabilizer-svc\/","name":"123123123","isPartOf":{"@id":"https:\/\/www.tosunlux.eu\/ru\/#website"},"datePublished":"2022-04-12T08:04:39+00:00","dateModified":"2023-03-17T06:45:23+00:00","description":"Jednofazowy serwo stabilizator napi\u0119cia SVC","breadcrumb":{"@id":"https:\/\/www.tosunlux.eu\/es\/products\/single-phase-servo-voltage-stabilizer-svc\/#breadcrumb"},"inLanguage":"pl-PL","potentialAction":[{"@type":"ReadAction","target":["https:\/\/www.tosunlux.eu\/es\/products\/single-phase-servo-voltage-stabilizer-svc\/"]}]},{"@type":"BreadcrumbList","@id":"https:\/\/www.tosunlux.eu\/es\/products\/single-phase-servo-voltage-stabilizer-svc\/#breadcrumb","itemListElement":[{"@type":"ListItem","position":1,"name":"Home","item":"https:\/\/www.tosunlux.eu\/ru\/"},{"@type":"ListItem","position":2,"name":"Products","item":"https:\/\/www.tosunlux.eu\/products\/"},{"@type":"ListItem","position":3,"name":"Single Phase Servo Voltage Stabilizer SVC"}]},{"@type":"WebSite","@id":"https:\/\/www.tosunlux.eu\/ru\/#website","url":"https:\/\/www.tosunlux.eu\/ru\/","name":"Oficjalna strona TOSUNlux - Producent wy\u0142\u0105cznik\u00f3w elektrycznych w Chinach","description":"Dostawca system\u00f3w dystrybucji energii","publisher":{"@id":"https:\/\/www.tosunlux.eu\/ru\/#organization"},"alternateName":"TOSUNlux","potentialAction":[{"@type":"SearchAction","target":{"@type":"EntryPoint","urlTemplate":"https:\/\/www.tosunlux.eu\/ru\/?s={search_term_string}"},"query-input":{"@type":"PropertyValueSpecification","valueRequired":true,"valueName":"search_term_string"}}],"inLanguage":"pl-PL"},{"@type":"Organization","@id":"https:\/\/www.tosunlux.eu\/ru\/#organization","name":"TOSUNlux","url":"https:\/\/www.tosunlux.eu\/ru\/","logo":{"@type":"ImageObject","inLanguage":"pl-PL","@id":"https:\/\/www.tosunlux.eu\/ru\/#\/schema\/logo\/image\/","url":"https:\/\/www.tosunlux.eu\/wp-content\/uploads\/2022\/01\/LOGOSYSM.71762f1.png","contentUrl":"https:\/\/www.tosunlux.eu\/wp-content\/uploads\/2022\/01\/LOGOSYSM.71762f1.png","width":153,"height":55,"caption":"TOSUNlux"},"image":{"@id":"https:\/\/www.tosunlux.eu\/ru\/#\/schema\/logo\/image\/"},"sameAs":["https:\/\/www.facebook.com\/TOSUNelectric\/","https:\/\/www.linkedin.com\/company\/wenzhou-tosun-electric-co.-ltd\/"]}]}},"_links":{"self":[{"href":"https:\/\/www.tosunlux.eu\/pl\/wp-json\/wp\/v2\/product\/979","targetHints":{"allow":["GET"]}}],"collection":[{"href":"https:\/\/www.tosunlux.eu\/pl\/wp-json\/wp\/v2\/product"}],"about":[{"href":"https:\/\/www.tosunlux.eu\/pl\/wp-json\/wp\/v2\/types\/product"}],"version-history":[{"count":0,"href":"https:\/\/www.tosunlux.eu\/pl\/wp-json\/wp\/v2\/product\/979\/revisions"}],"wp:attachment":[{"href":"https:\/\/www.tosunlux.eu\/pl\/wp-json\/wp\/v2\/media?parent=979"}],"wp:term":[{"taxonomy":"product_category","embeddable":true,"href":"https:\/\/www.tosunlux.eu\/pl\/wp-json\/wp\/v2\/product_category?post=979"}],"curies":[{"name":"wp","href":"https:\/\/api.w.org\/{rel}","templated":true}]}}