{"id":10216,"date":"2024-05-27T17:41:00","date_gmt":"2024-05-27T09:41:00","guid":{"rendered":"https:\/\/www.tosunlux.eu\/?post_type=product&#038;p=10216"},"modified":"2024-05-27T17:41:02","modified_gmt":"2024-05-27T09:41:02","slug":"temperature-controller","status":"publish","type":"product","link":"https:\/\/www.tosunlux.eu\/pt\/products\/temperature-controller\/","title":{"rendered":"Controlador de temperatura"},"content":{"rendered":"<p><strong>Especifica\u00e7\u00e3o<\/strong><\/p>\n\n\n<table width=\"712\">\n<tbody>\n<tr>\n<td style=\"text-align: center;\" colspan=\"2\" width=\"225\">Tens\u00e3o nominal<\/td>\n<td style=\"text-align: center;\" width=\"486\">100-240 VCA\/CC, 24 VCA\/CC<\/td>\n<\/tr>\n<tr>\n<td style=\"text-align: center;\" colspan=\"2\" width=\"225\">Faixa de tens\u00e3o permitida<\/td>\n<td style=\"text-align: center;\" width=\"486\">90-110% de tens\u00e3o nominal<\/td>\n<\/tr>\n<tr>\n<td style=\"text-align: center;\" colspan=\"2\" width=\"225\">Consumo de energia<\/td>\n<td style=\"text-align: center;\" width=\"486\">\u22648VA<\/td>\n<\/tr>\n<tr>\n<td style=\"text-align: center;\" rowspan=\"2\" width=\"153\">Tipo de entrada<\/td>\n<td style=\"text-align: center;\" width=\"72\">CT<\/td>\n<td style=\"text-align: center;\" width=\"486\">KEJNTSRB<\/td>\n<\/tr>\n<tr>\n<td style=\"text-align: center;\" width=\"72\">IDT<\/td>\n<td style=\"text-align: center;\" width=\"486\">Pt100 Cu50<\/td>\n<\/tr>\n<tr>\n<td style=\"text-align: center;\" colspan=\"2\" width=\"225\">Precis\u00e3o de exibi\u00e7\u00e3o<\/td>\n<td style=\"text-align: center;\" width=\"486\">\u00b10,5%<\/td>\n<\/tr>\n<tr>\n<td style=\"text-align: center;\" rowspan=\"2\" width=\"153\">Tipo de sa\u00edda<\/td>\n<td style=\"text-align: center;\" width=\"72\">Retransmiss\u00e3o<\/td>\n<td style=\"text-align: center;\" width=\"486\">250 VCA~3A 30VCC 3A 1NA 1NC<\/td>\n<\/tr>\n<tr>\n<td style=\"text-align: center;\" width=\"72\">RSS<\/td>\n<td style=\"text-align: center;\" width=\"486\">12VCC \u00b12V, \u226420mA<\/td>\n<\/tr>\n<tr>\n<td style=\"text-align: center;\" width=\"153\">Sa\u00edda de alarme<\/td>\n<td style=\"text-align: center;\" width=\"72\">Retransmiss\u00e3o<\/td>\n<td style=\"text-align: center;\" width=\"486\">\u00a0\u00a0\u00a0\u00a0\u00a0\u00a0\u00a0\u00a0\u00a0\u00a0\u00a0\u00a0\u00a0\u00a0\u00a0\u00a0\u00a0\u00a0\u00a0\u00a0\u00a0\u00a0\u00a0\u00a0\u00a0\u00a0\u00a0\u00a0\u00a0\u00a0\u00a0\u00a0\u00a0\u00a0\u00a0\u00a0\u00a0\u00a0\u00a0\u00a0\u00a0\u00a0\u00a0\u00a0\u00a0\u00a0\u00a0\u00a0\u00a0\u00a0Alarme l: 250VAC ~ 3A 1NA\u00a0\u00a0\u00a0\u00a0\u00a0\u00a0\u00a0\u00a0\u00a0\u00a0\u00a0\u00a0\u00a0\u00a0\u00a0\u00a0\u00a0\u00a0\u00a0\u00a0\u00a0\u00a0\u00a0\u00a0\u00a0\u00a0\u00a0\u00a0\u00a0\u00a0\u00a0\u00a0\u00a0\u00a0\u00a0\u00a0\u00a0\u00a0\u00a0\u00a0\u00a0\u00a0\u00a0\u00a0\u00a0\u00a0\u00a0\u00a0\u00a0\u00a0\u00a0<br \/>2Alarme 1\/2: 250VAC~3A 2NA<\/td>\n<\/tr>\n<tr>\n<td style=\"text-align: center;\" colspan=\"2\" width=\"225\">Tipo de controlo<\/td>\n<td style=\"text-align: center;\" width=\"486\">LIGAR\/DESLIGAR, Controle PID<\/td>\n<\/tr>\n<tr>\n<td style=\"text-align: center;\" colspan=\"2\" width=\"225\">Per\u00edodo de amostragem<\/td>\n<td style=\"text-align: center;\" width=\"486\">100ms<\/td>\n<\/tr>\n<tr>\n<td style=\"text-align: center;\" rowspan=\"2\" width=\"153\">Ciclo de vida do rel\u00e9<\/td>\n<td style=\"text-align: center;\" width=\"72\">Mec\u00e2nico<\/td>\n<td style=\"text-align: center;\" width=\"486\">\u22652.500.000 opera\u00e7\u00f5es<\/td>\n<\/tr>\n<tr>\n<td style=\"text-align: center;\" width=\"72\">El\u00e9trico<\/td>\n<td style=\"text-align: center;\" width=\"486\">\u2265100.000 opera\u00e7\u00f5es (carga de resist\u00eancia: 250VAC~3A)<\/td>\n<\/tr>\n<tr>\n<td style=\"text-align: center;\" colspan=\"2\" width=\"225\">Rigidez diel\u00e9trica<\/td>\n<td style=\"text-align: center;\" width=\"486\">Entre todos os terminais e a caixa: 3000VAC ~ 50\/60Hz por 1 min<\/td>\n<\/tr>\n<tr>\n<td style=\"text-align: center;\" colspan=\"2\" width=\"225\">Vibra\u00e7\u00e3o<\/td>\n<td style=\"text-align: center;\" width=\"486\">Amplitude de 0,75 mm na frequ\u00eancia de 5 a 55 Hz (por 1 min.) em cada dire\u00e7\u00e3o X, Y, Z por 2 horas<\/td>\n<\/tr>\n<tr>\n<td style=\"text-align: center;\" colspan=\"2\" width=\"225\">Resist\u00eancia ao Isolamento<\/td>\n<td style=\"text-align: center;\" width=\"486\">\u2265100M (500VDC meg\u00f4metro)<\/td>\n<\/tr>\n<tr>\n<td style=\"text-align: center;\" colspan=\"2\" width=\"225\">Imunidade a ru\u00eddos<\/td>\n<td style=\"text-align: center;\" width=\"486\">Ru\u00eddo em formato quadrado de \u00b1 2kv (largura de pulso lus) por simulador de ru\u00eddo fase R, fase S<\/td>\n<\/tr>\n<tr>\n<td style=\"text-align: center;\" colspan=\"2\" width=\"225\">Reten\u00e7\u00e3o de mem\u00f3ria<\/td>\n<td style=\"text-align: center;\" width=\"486\">10 anos (tipo de mem\u00f3ria semicondutora n\u00e3o vol\u00e1til)<\/td>\n<\/tr>\n<tr>\n<td style=\"text-align: center;\" colspan=\"2\" width=\"225\">Temperatura ambiente<\/td>\n<td style=\"text-align: center;\" width=\"486\">-10 ~50 \u00b0C, armazenamento: -20~ 60 \u00b0C (sem congelamento ou condensa\u00e7\u00e3o)<\/td>\n<\/tr>\n<tr>\n<td style=\"text-align: center;\" colspan=\"2\" width=\"225\">Umidade ambiente<\/td>\n<td style=\"text-align: center;\" width=\"486\">35%~85%RH, armazenamento: 35%~85%RH (sem congelamento ou condensa\u00e7\u00e3o)<\/td>\n<\/tr>\n<\/tbody>\n<\/table>\n\n\n<p><strong>Dimens\u00e3o<\/strong><\/p>\n\n\n\n<figure class=\"wp-block-image size-full\"><img fetchpriority=\"high\" decoding=\"async\" width=\"518\" height=\"529\" src=\"https:\/\/www.tosunlux.eu\/wp-content\/uploads\/2024\/05\/2.jpg\" alt=\"\" class=\"wp-image-10217\" srcset=\"https:\/\/www.tosunlux.eu\/wp-content\/uploads\/2024\/05\/2.jpg 518w, https:\/\/www.tosunlux.eu\/wp-content\/uploads\/2024\/05\/2-294x300.jpg 294w, https:\/\/www.tosunlux.eu\/wp-content\/uploads\/2024\/05\/2-12x12.jpg 12w\" sizes=\"(max-width: 518px) 100vw, 518px\" \/><\/figure>\n\n\n<table style=\"border-collapse: collapse; width: 842px; height: 210px;\" border=\"0\" width=\"504\" cellspacing=\"0\" cellpadding=\"0\">\n<tbody>\n<tr style=\"height: 17.25pt;\">\n<td class=\"et2\" style=\"height: 17.25pt; width: 56.00pt;\" width=\"74\" height=\"23\">\u00a0<\/td>\n<td class=\"et3\" style=\"width: 179pt; border-right: 0.5pt solid #231916; text-align: center;\" colspan=\"5\" width=\"238\"><span class=\"font2\">Corpo<\/span><\/td>\n<td class=\"et6\" style=\"width: 143pt; border-right: 0.5pt solid #231916; text-align: center;\" colspan=\"4\" width=\"190\"><span class=\"font2\">Recorte do painel<\/span><\/td>\n<\/tr>\n<tr style=\"height: 17.25pt;\">\n<td class=\"et2\" style=\"height: 17.25pt; width: 56pt; text-align: center;\" width=\"74\" height=\"23\">\u00a0<\/td>\n<td class=\"et8\" style=\"width: 36pt; text-align: center;\" width=\"48\"><span class=\"font2\">A<\/span><\/td>\n<td class=\"et8\" style=\"width: 36pt; text-align: center;\" width=\"48\"><span class=\"font2\">B<\/span><\/td>\n<td class=\"et8\" style=\"width: 35pt; text-align: center;\" width=\"46\"><span class=\"font2\">C<\/span><\/td>\n<td class=\"et8\" style=\"width: 36pt; text-align: center;\" width=\"48\"><span class=\"font2\">D<\/span><\/td>\n<td class=\"et8\" style=\"width: 36pt; text-align: center;\" width=\"48\"><span class=\"font2\">E<\/span><\/td>\n<td class=\"et9\" style=\"width: 36pt; text-align: center;\" width=\"48\"><span class=\"font2\">F<\/span><\/td>\n<td class=\"et8\" style=\"width: 35pt; text-align: center;\" width=\"46\"><span class=\"font2\">G<\/span><\/td>\n<td class=\"et8\" style=\"width: 36pt; text-align: center;\" width=\"48\"><span class=\"font2\">H<\/span><\/td>\n<td class=\"et8\" style=\"width: 36pt; text-align: center;\" width=\"48\"><span class=\"font2\">EU<\/span><\/td>\n<\/tr>\n<tr style=\"height: 17.25pt;\">\n<td class=\"et10\" style=\"height: 17.25pt; width: 56.00pt;\" width=\"74\" height=\"23\"><span class=\"font2\">TX4-S<\/span><\/td>\n<td class=\"et11\" style=\"text-align: center;\">48<\/td>\n<td class=\"et11\" style=\"text-align: center;\">48<\/td>\n<td class=\"et11\" style=\"text-align: center;\">3<\/td>\n<td class=\"et11\" style=\"text-align: center;\">50<\/td>\n<td class=\"et12\" style=\"text-align: center;\">44.5<\/td>\n<td class=\"et13\" style=\"text-align: center;\">\u226570<\/td>\n<td class=\"et11\" style=\"text-align: center;\">\u00a0\u226570<\/td>\n<td class=\"et11\" style=\"text-align: center;\">45<\/td>\n<td class=\"et11\" style=\"text-align: center;\">45<\/td>\n<\/tr>\n<tr style=\"height: 17.25pt;\">\n<td class=\"et10\" style=\"height: 17.25pt; width: 56.00pt;\" width=\"74\" height=\"23\"><span class=\"font2\">TX4-H<\/span><\/td>\n<td class=\"et11\" style=\"text-align: center;\">48<\/td>\n<td class=\"et11\" style=\"text-align: center;\">96<\/td>\n<td class=\"et11\" style=\"text-align: center;\">3<\/td>\n<td class=\"et11\" style=\"text-align: center;\">50<\/td>\n<td class=\"et11\" style=\"text-align: center;\">91<\/td>\n<td class=\"et13\" style=\"text-align: center;\">\u00a0\u226570<\/td>\n<td class=\"et11\" style=\"text-align: center;\">\u00a0\u2265120<\/td>\n<td class=\"et11\" style=\"text-align: center;\">45<\/td>\n<td class=\"et11\" style=\"text-align: center;\">92<\/td>\n<\/tr>\n<tr style=\"height: 17.25pt;\">\n<td class=\"et10\" style=\"height: 17.25pt; width: 56pt; text-align: left;\" width=\"74\" height=\"23\"><span class=\"font2\">TX4-W<\/span><\/td>\n<td class=\"et11\" style=\"text-align: center;\">96<\/td>\n<td class=\"et11\" style=\"text-align: center;\">48<\/td>\n<td class=\"et11\" style=\"text-align: center;\">3<\/td>\n<td class=\"et11\" style=\"text-align: center;\">50<\/td>\n<td class=\"et12\" style=\"text-align: center;\">44.5<\/td>\n<td class=\"et14\" style=\"text-align: center;\">\u00a0\u2265120<\/td>\n<td class=\"et11\" style=\"text-align: center;\">\u00a0\u226570<\/td>\n<td class=\"et11\" style=\"text-align: center;\">92<\/td>\n<td class=\"et11\" style=\"text-align: center;\">45<\/td>\n<\/tr>\n<tr style=\"height: 17.25pt;\">\n<td class=\"et10\" style=\"height: 17.25pt; width: 56.00pt;\" width=\"74\" height=\"23\"><span class=\"font2\">TX4-M<\/span><\/td>\n<td class=\"et11\" style=\"text-align: center;\">72<\/td>\n<td class=\"et11\" style=\"text-align: center;\">72<\/td>\n<td class=\"et11\" style=\"text-align: center;\">3<\/td>\n<td class=\"et11\" style=\"text-align: center;\">50<\/td>\n<td class=\"et11\" style=\"text-align: center;\">67<\/td>\n<td class=\"et13\" style=\"text-align: center;\">\u00a0\u226595<\/td>\n<td class=\"et11\" style=\"text-align: center;\">\u00a0\u226595<\/td>\n<td class=\"et11\" style=\"text-align: center;\">68<\/td>\n<td class=\"et11\" style=\"text-align: center;\">68<\/td>\n<\/tr>\n<tr style=\"height: 17.25pt;\">\n<td class=\"et10\" style=\"height: 17.25pt; width: 56pt; text-align: left;\" width=\"74\" height=\"23\"><span class=\"font2\">TX4-L<\/span><\/td>\n<td class=\"et11\" style=\"text-align: center;\">96<\/td>\n<td class=\"et11\" style=\"text-align: center;\">96<\/td>\n<td class=\"et11\" style=\"text-align: center;\">3<\/td>\n<td class=\"et11\" style=\"text-align: center;\">50<\/td>\n<td class=\"et11\" style=\"text-align: center;\">91<\/td>\n<td class=\"et14\" style=\"text-align: center;\">\u00a0\u2265120<\/td>\n<td class=\"et11\" style=\"text-align: center;\">\u00a0\u2265120<\/td>\n<td class=\"et11\" style=\"text-align: center;\">92<\/td>\n<td class=\"et11\" style=\"text-align: center;\">92<\/td>\n<\/tr>\n<\/tbody>\n<\/table>","protected":false},"parent":0,"template":"","product_category":[75,127],"class_list":["post-10216","product","type-product","status-publish","hentry","product_category-instruments","product_category-temperature-controller"],"yoast_head":"<!-- This site is optimized with the Yoast SEO plugin v27.5 - https:\/\/yoast.com\/product\/yoast-seo-wordpress\/ -->\n<title>WholesaleTemperature Controller - TOSUNlux Official Site - Electrical Circuit Breaker Manufacturer in China Low Voltage Electrical Supplier | TOSUNlux<\/title>\n<meta name=\"description\" content=\"Temperature Controller Supplier - Wholesale direct from TOSUNlux, a trusted manufacturer since 1994. Get your B2B factory quote on our certified Low Voltage electrical products.\" \/>\n<meta name=\"robots\" content=\"index, follow, max-snippet:-1, max-image-preview:large, max-video-preview:-1\" \/>\n<link rel=\"canonical\" href=\"https:\/\/www.tosunlux.eu\/pt\/products\/temperature-controller\/\" \/>\n<meta property=\"og:locale\" content=\"pt_BR\" \/>\n<meta property=\"og:type\" content=\"article\" \/>\n<meta property=\"og:title\" content=\"WholesaleTemperature Controller - TOSUNlux Official Site - Electrical Circuit Breaker Manufacturer in China Low Voltage Electrical Supplier | TOSUNlux\" \/>\n<meta property=\"og:description\" content=\"Temperature Controller Supplier - Wholesale direct from TOSUNlux, a trusted manufacturer since 1994. Get your B2B factory quote on our certified Low Voltage electrical products.\" \/>\n<meta property=\"og:url\" content=\"https:\/\/www.tosunlux.eu\/pt\/products\/temperature-controller\/\" \/>\n<meta property=\"og:site_name\" content=\"TOSUNlux Official Site - Electrical Circuit Breaker Manufacturer in China\" \/>\n<meta property=\"article:publisher\" content=\"https:\/\/www.facebook.com\/TOSUNelectric\/\" \/>\n<meta property=\"article:modified_time\" content=\"2024-05-27T09:41:02+00:00\" \/>\n<meta property=\"og:image\" content=\"https:\/\/www.tosunlux.eu\/wp-content\/uploads\/2024\/05\/2.jpg\" \/>\n<meta name=\"twitter:card\" content=\"summary_large_image\" \/>\n<meta name=\"twitter:label1\" content=\"Est. tempo de leitura\" \/>\n\t<meta name=\"twitter:data1\" content=\"2 minutos\" \/>\n<script type=\"application\/ld+json\" class=\"yoast-schema-graph\">{\"@context\":\"https:\\\/\\\/schema.org\",\"@graph\":[{\"@type\":\"WebPage\",\"@id\":\"https:\\\/\\\/www.tosunlux.eu\\\/products\\\/temperature-controller\\\/\",\"url\":\"https:\\\/\\\/www.tosunlux.eu\\\/products\\\/temperature-controller\\\/\",\"name\":\"WholesaleTemperature Controller - TOSUNlux Official Site - Electrical Circuit Breaker Manufacturer in China Low Voltage Electrical Supplier | TOSUNlux\",\"isPartOf\":{\"@id\":\"https:\\\/\\\/www.tosunlux.eu\\\/ru\\\/#website\"},\"primaryImageOfPage\":{\"@id\":\"https:\\\/\\\/www.tosunlux.eu\\\/products\\\/temperature-controller\\\/#primaryimage\"},\"image\":{\"@id\":\"https:\\\/\\\/www.tosunlux.eu\\\/products\\\/temperature-controller\\\/#primaryimage\"},\"thumbnailUrl\":\"https:\\\/\\\/www.tosunlux.eu\\\/wp-content\\\/uploads\\\/2024\\\/05\\\/2.jpg\",\"datePublished\":\"2024-05-27T09:41:00+00:00\",\"dateModified\":\"2024-05-27T09:41:02+00:00\",\"description\":\"Temperature Controller Supplier - Wholesale direct from TOSUNlux, a trusted manufacturer since 1994. Get your B2B factory quote on our certified Low Voltage electrical products.\",\"breadcrumb\":{\"@id\":\"https:\\\/\\\/www.tosunlux.eu\\\/products\\\/temperature-controller\\\/#breadcrumb\"},\"inLanguage\":\"pt-BR\",\"potentialAction\":[{\"@type\":\"ReadAction\",\"target\":[\"https:\\\/\\\/www.tosunlux.eu\\\/products\\\/temperature-controller\\\/\"]}]},{\"@type\":\"ImageObject\",\"inLanguage\":\"pt-BR\",\"@id\":\"https:\\\/\\\/www.tosunlux.eu\\\/products\\\/temperature-controller\\\/#primaryimage\",\"url\":\"https:\\\/\\\/www.tosunlux.eu\\\/wp-content\\\/uploads\\\/2024\\\/05\\\/2.jpg\",\"contentUrl\":\"https:\\\/\\\/www.tosunlux.eu\\\/wp-content\\\/uploads\\\/2024\\\/05\\\/2.jpg\"},{\"@type\":\"BreadcrumbList\",\"@id\":\"https:\\\/\\\/www.tosunlux.eu\\\/products\\\/temperature-controller\\\/#breadcrumb\",\"itemListElement\":[{\"@type\":\"ListItem\",\"position\":1,\"name\":\"Home\",\"item\":\"https:\\\/\\\/www.tosunlux.eu\\\/ru\\\/\"},{\"@type\":\"ListItem\",\"position\":2,\"name\":\"Products\",\"item\":\"https:\\\/\\\/www.tosunlux.eu\\\/products\\\/\"},{\"@type\":\"ListItem\",\"position\":3,\"name\":\"Temperature Controller\"}]},{\"@type\":\"WebSite\",\"@id\":\"https:\\\/\\\/www.tosunlux.eu\\\/ru\\\/#website\",\"url\":\"https:\\\/\\\/www.tosunlux.eu\\\/ru\\\/\",\"name\":\"TOSUNlux Official Site - Electrical Circuit Breaker Manufacturer in China\",\"description\":\"Power Distribution System Supplier\",\"publisher\":{\"@id\":\"https:\\\/\\\/www.tosunlux.eu\\\/ru\\\/#organization\"},\"alternateName\":\"TOSUNlux\",\"potentialAction\":[{\"@type\":\"SearchAction\",\"target\":{\"@type\":\"EntryPoint\",\"urlTemplate\":\"https:\\\/\\\/www.tosunlux.eu\\\/ru\\\/?s={search_term_string}\"},\"query-input\":{\"@type\":\"PropertyValueSpecification\",\"valueRequired\":true,\"valueName\":\"search_term_string\"}}],\"inLanguage\":\"pt-BR\"},{\"@type\":\"Organization\",\"@id\":\"https:\\\/\\\/www.tosunlux.eu\\\/ru\\\/#organization\",\"name\":\"TOSUNlux\",\"url\":\"https:\\\/\\\/www.tosunlux.eu\\\/ru\\\/\",\"logo\":{\"@type\":\"ImageObject\",\"inLanguage\":\"pt-BR\",\"@id\":\"https:\\\/\\\/www.tosunlux.eu\\\/ru\\\/#\\\/schema\\\/logo\\\/image\\\/\",\"url\":\"https:\\\/\\\/www.tosunlux.eu\\\/wp-content\\\/uploads\\\/2022\\\/01\\\/LOGOSYSM.71762f1.png\",\"contentUrl\":\"https:\\\/\\\/www.tosunlux.eu\\\/wp-content\\\/uploads\\\/2022\\\/01\\\/LOGOSYSM.71762f1.png\",\"width\":153,\"height\":55,\"caption\":\"TOSUNlux\"},\"image\":{\"@id\":\"https:\\\/\\\/www.tosunlux.eu\\\/ru\\\/#\\\/schema\\\/logo\\\/image\\\/\"},\"sameAs\":[\"https:\\\/\\\/www.facebook.com\\\/TOSUNelectric\\\/\",\"https:\\\/\\\/www.linkedin.com\\\/company\\\/wenzhou-tosun-electric-co.-ltd\\\/\"]}]}<\/script>\n<!-- \/ Yoast SEO plugin. -->","yoast_head_json":{"title":"Controlador de Temperatura por Atacado - Site Oficial da TOSUNlux - Fabricante de Disjuntores El\u00e9tricos na China - Fornecedor de Equipamentos El\u00e9tricos de Baixa Tens\u00e3o | TOSUNlux","description":"Fornecedor de controladores de temperatura - Venda por atacado diretamente da TOSUNlux, um fabricante confi\u00e1vel desde 1994. Obtenha seu or\u00e7amento de f\u00e1brica B2B para nossos produtos el\u00e9tricos de baixa tens\u00e3o certificados.","robots":{"index":"index","follow":"follow","max-snippet":"max-snippet:-1","max-image-preview":"max-image-preview:large","max-video-preview":"max-video-preview:-1"},"canonical":"https:\/\/www.tosunlux.eu\/pt\/products\/temperature-controller\/","og_locale":"pt_BR","og_type":"article","og_title":"WholesaleTemperature Controller - TOSUNlux Official Site - Electrical Circuit Breaker Manufacturer in China Low Voltage Electrical Supplier | TOSUNlux","og_description":"Temperature Controller Supplier - Wholesale direct from TOSUNlux, a trusted manufacturer since 1994. Get your B2B factory quote on our certified Low Voltage electrical products.","og_url":"https:\/\/www.tosunlux.eu\/pt\/products\/temperature-controller\/","og_site_name":"TOSUNlux Official Site - Electrical Circuit Breaker Manufacturer in China","article_publisher":"https:\/\/www.facebook.com\/TOSUNelectric\/","article_modified_time":"2024-05-27T09:41:02+00:00","og_image":[{"url":"https:\/\/www.tosunlux.eu\/wp-content\/uploads\/2024\/05\/2.jpg","type":"","width":"","height":""}],"twitter_card":"summary_large_image","twitter_misc":{"Est. tempo de leitura":"2 minutos"},"schema":{"@context":"https:\/\/schema.org","@graph":[{"@type":"WebPage","@id":"https:\/\/www.tosunlux.eu\/products\/temperature-controller\/","url":"https:\/\/www.tosunlux.eu\/products\/temperature-controller\/","name":"Controlador de Temperatura por Atacado - Site Oficial da TOSUNlux - Fabricante de Disjuntores El\u00e9tricos na China - Fornecedor de Equipamentos El\u00e9tricos de Baixa Tens\u00e3o | TOSUNlux","isPartOf":{"@id":"https:\/\/www.tosunlux.eu\/ru\/#website"},"primaryImageOfPage":{"@id":"https:\/\/www.tosunlux.eu\/products\/temperature-controller\/#primaryimage"},"image":{"@id":"https:\/\/www.tosunlux.eu\/products\/temperature-controller\/#primaryimage"},"thumbnailUrl":"https:\/\/www.tosunlux.eu\/wp-content\/uploads\/2024\/05\/2.jpg","datePublished":"2024-05-27T09:41:00+00:00","dateModified":"2024-05-27T09:41:02+00:00","description":"Fornecedor de controladores de temperatura - Venda por atacado diretamente da TOSUNlux, um fabricante confi\u00e1vel desde 1994. Obtenha seu or\u00e7amento de f\u00e1brica B2B para nossos produtos el\u00e9tricos de baixa tens\u00e3o certificados.","breadcrumb":{"@id":"https:\/\/www.tosunlux.eu\/products\/temperature-controller\/#breadcrumb"},"inLanguage":"pt-BR","potentialAction":[{"@type":"ReadAction","target":["https:\/\/www.tosunlux.eu\/products\/temperature-controller\/"]}]},{"@type":"ImageObject","inLanguage":"pt-BR","@id":"https:\/\/www.tosunlux.eu\/products\/temperature-controller\/#primaryimage","url":"https:\/\/www.tosunlux.eu\/wp-content\/uploads\/2024\/05\/2.jpg","contentUrl":"https:\/\/www.tosunlux.eu\/wp-content\/uploads\/2024\/05\/2.jpg"},{"@type":"BreadcrumbList","@id":"https:\/\/www.tosunlux.eu\/products\/temperature-controller\/#breadcrumb","itemListElement":[{"@type":"ListItem","position":1,"name":"Home","item":"https:\/\/www.tosunlux.eu\/ru\/"},{"@type":"ListItem","position":2,"name":"Products","item":"https:\/\/www.tosunlux.eu\/products\/"},{"@type":"ListItem","position":3,"name":"Temperature Controller"}]},{"@type":"WebSite","@id":"https:\/\/www.tosunlux.eu\/ru\/#website","url":"https:\/\/www.tosunlux.eu\/ru\/","name":"Site Oficial TOSUNlux - Fabricante de Disjuntores El\u00e9tricos na China","description":"Fornecedor de sistema de distribui\u00e7\u00e3o de energia","publisher":{"@id":"https:\/\/www.tosunlux.eu\/ru\/#organization"},"alternateName":"TOSUNlux","potentialAction":[{"@type":"SearchAction","target":{"@type":"EntryPoint","urlTemplate":"https:\/\/www.tosunlux.eu\/ru\/?s={search_term_string}"},"query-input":{"@type":"PropertyValueSpecification","valueRequired":true,"valueName":"search_term_string"}}],"inLanguage":"pt-BR"},{"@type":"Organization","@id":"https:\/\/www.tosunlux.eu\/ru\/#organization","name":"TOSUNlux","url":"https:\/\/www.tosunlux.eu\/ru\/","logo":{"@type":"ImageObject","inLanguage":"pt-BR","@id":"https:\/\/www.tosunlux.eu\/ru\/#\/schema\/logo\/image\/","url":"https:\/\/www.tosunlux.eu\/wp-content\/uploads\/2022\/01\/LOGOSYSM.71762f1.png","contentUrl":"https:\/\/www.tosunlux.eu\/wp-content\/uploads\/2022\/01\/LOGOSYSM.71762f1.png","width":153,"height":55,"caption":"TOSUNlux"},"image":{"@id":"https:\/\/www.tosunlux.eu\/ru\/#\/schema\/logo\/image\/"},"sameAs":["https:\/\/www.facebook.com\/TOSUNelectric\/","https:\/\/www.linkedin.com\/company\/wenzhou-tosun-electric-co.-ltd\/"]}]}},"_links":{"self":[{"href":"https:\/\/www.tosunlux.eu\/pt\/wp-json\/wp\/v2\/product\/10216","targetHints":{"allow":["GET"]}}],"collection":[{"href":"https:\/\/www.tosunlux.eu\/pt\/wp-json\/wp\/v2\/product"}],"about":[{"href":"https:\/\/www.tosunlux.eu\/pt\/wp-json\/wp\/v2\/types\/product"}],"version-history":[{"count":1,"href":"https:\/\/www.tosunlux.eu\/pt\/wp-json\/wp\/v2\/product\/10216\/revisions"}],"predecessor-version":[{"id":10223,"href":"https:\/\/www.tosunlux.eu\/pt\/wp-json\/wp\/v2\/product\/10216\/revisions\/10223"}],"wp:attachment":[{"href":"https:\/\/www.tosunlux.eu\/pt\/wp-json\/wp\/v2\/media?parent=10216"}],"wp:term":[{"taxonomy":"product_category","embeddable":true,"href":"https:\/\/www.tosunlux.eu\/pt\/wp-json\/wp\/v2\/product_category?post=10216"}],"curies":[{"name":"wp","href":"https:\/\/api.w.org\/{rel}","templated":true}]}}