{"id":10975,"date":"2024-07-15T11:24:09","date_gmt":"2024-07-15T03:24:09","guid":{"rendered":"https:\/\/www.tosunlux.eu\/?post_type=product&#038;p=10975"},"modified":"2024-07-15T11:24:11","modified_gmt":"2024-07-15T03:24:11","slug":"modular-digital-voltage-current-protector-2","status":"publish","type":"product","link":"https:\/\/www.tosunlux.eu\/pt\/products\/modular-digital-voltage-current-protector-2\/","title":{"rendered":"Protetor digital modular de tens\u00e3o e corrente"},"content":{"rendered":"<p><strong>Aplicativo<\/strong><\/p>\n\n\n\n<p>O protetor digital modular de tens\u00e3o e corrente TDP4 pode desconectar o circuito para proteger os aparelhos automaticamente caso ocorra uma situa\u00e7\u00e3o anormal na fonte de alimenta\u00e7\u00e3o. Quando a fonte de alimenta\u00e7\u00e3o \u00e9 recuperada, o protetor liga o circuito automaticamente ap\u00f3s um atraso de 1-2 minutos. Indicadores no painel mostram o estado de funcionamento do protetor.<\/p>\n\n\n\n<p><strong>Especifica\u00e7\u00e3o<\/strong><\/p>\n\n\n<table style=\"border-collapse: collapse; width: 531.77pt;\" border=\"0\" width=\"709\" cellspacing=\"0\" cellpadding=\"0\">\n<tbody>\n<tr style=\"height: 15.00pt;\">\n<td class=\"et2\" style=\"height: 15.00pt; width: 198.00pt;\" width=\"264\" height=\"20\"><span class=\"font3\">Modelo<\/span><\/td>\n<td class=\"et3\" style=\"width: 168pt; text-align: center;\" width=\"224\"><span class=\"font4\">TDP4-1<\/span><\/td>\n<td class=\"et4\" style=\"width: 166pt; text-align: center;\" width=\"221\"><span class=\"font4\">TDP4-3<\/span><\/td>\n<\/tr>\n<tr style=\"height: 13.75pt;\">\n<td class=\"et2\" style=\"height: 13.75pt; width: 198.00pt;\" width=\"264\" height=\"18\"><span class=\"font3\">Tens\u00e3o nominal de trabalho<\/span><\/td>\n<td class=\"et5\" style=\"width: 168pt; text-align: center;\" width=\"224\"><span class=\"font3\">220V<\/span><\/td>\n<td class=\"et6\" style=\"width: 166pt; text-align: center;\" width=\"221\"><span class=\"font3\">380V<\/span><\/td>\n<\/tr>\n<tr style=\"height: 13.75pt;\">\n<td class=\"et2\" style=\"height: 13.75pt; width: 198.00pt;\" width=\"264\" height=\"18\"><span class=\"font3\">Faixa de Tens\u00e3o de Opera\u00e7\u00e3o<\/span><\/td>\n<td class=\"et5\" style=\"width: 168pt; text-align: center;\" width=\"224\"><span class=\"font3\">AC80V-400V (Monof\u00e1sico)<\/span><\/td>\n<td class=\"et6\" style=\"width: 166pt; text-align: center;\" width=\"221\"><span class=\"font3\">140-650V<\/span><\/td>\n<\/tr>\n<tr style=\"height: 13.75pt;\">\n<td class=\"et2\" style=\"height: 13.75pt; width: 198.00pt;\" width=\"264\" height=\"18\"><span class=\"font3\">frequ\u00eancia nominal<\/span><\/td>\n<td class=\"et6\" style=\"width: 334pt; text-align: center;\" colspan=\"2\" width=\"445\"><span class=\"font3\">50\/60 Hz<\/span><\/td>\n<\/tr>\n<tr style=\"height: 13.75pt;\">\n<td class=\"et2\" style=\"height: 13.75pt; width: 198.00pt;\" width=\"264\" height=\"18\"><span class=\"font3\">Corrente nominal de trabalho<\/span><\/td>\n<td class=\"et6\" style=\"width: 334pt; text-align: center;\" colspan=\"2\" width=\"445\"><span class=\"font3\">32A\/40A\/63A\/80A<\/span><\/td>\n<\/tr>\n<tr style=\"height: 13.75pt;\">\n<td class=\"et2\" style=\"height: 13.75pt; width: 198.00pt;\" width=\"264\" height=\"18\"><span class=\"font3\">Valor de prote\u00e7\u00e3o contra sobretens\u00e3o<\/span><\/td>\n<td class=\"et6\" style=\"width: 334pt; text-align: center;\" colspan=\"2\" width=\"445\"><span class=\"font3\">AC230V-AC300V<\/span><\/td>\n<\/tr>\n<tr style=\"height: 13.75pt;\">\n<td class=\"et2\" style=\"height: 13.75pt; width: 198.00pt;\" width=\"264\" height=\"18\"><span class=\"font3\">Valor de prote\u00e7\u00e3o de subtens\u00e3o<\/span><\/td>\n<td class=\"et6\" style=\"width: 334pt; text-align: center;\" colspan=\"2\" width=\"445\"><span class=\"font3\">AC120V-AC210V<\/span><\/td>\n<\/tr>\n<tr style=\"height: 13.75pt;\">\n<td class=\"et2\" style=\"height: 13.75pt; width: 198.00pt;\" width=\"264\" height=\"18\"><span class=\"font3\">Tempo de desligamento de tens\u00e3o<\/span><\/td>\n<td class=\"et6\" style=\"width: 334pt; text-align: center;\" colspan=\"2\" width=\"445\"><span class=\"font3\">0,4s<\/span><\/td>\n<\/tr>\n<tr style=\"height: 11.75pt;\">\n<td class=\"et2\" style=\"height: 11.75pt; width: 198.00pt;\" width=\"264\" height=\"15\"><span class=\"font3\">Valor de prote\u00e7\u00e3o contra sobrecorrente<\/span><\/td>\n<td class=\"et6\" style=\"width: 334pt; text-align: center;\" colspan=\"2\" width=\"445\"><span class=\"font3\">1-32A\/1-40A\/1-63A\/1-80A<\/span><\/td>\n<\/tr>\n<tr style=\"height: 12.00pt;\">\n<td class=\"et2\" style=\"height: 12.00pt; width: 198.00pt;\" width=\"264\" height=\"16\"><span class=\"font3\">Tempo de desligamento de sobrecorrente<\/span><\/td>\n<td class=\"et6\" style=\"width: 334pt; text-align: center;\" colspan=\"2\" width=\"445\"><span class=\"font3\">1-60 anos<\/span><\/td>\n<\/tr>\n<tr style=\"height: 14.00pt;\">\n<td class=\"et2\" style=\"height: 14.00pt; width: 198.00pt;\" width=\"264\" height=\"18\"><span class=\"font3\">Tempo de recupera\u00e7\u00e3o (Tempo de atraso inicial)<\/span><\/td>\n<td class=\"et6\" style=\"width: 334pt; text-align: center;\" colspan=\"2\" width=\"445\"><span class=\"font3\">10-999\/80<\/span><\/td>\n<\/tr>\n<tr style=\"height: 13.50pt;\">\n<td class=\"et2\" style=\"height: 13.50pt; width: 198.00pt;\" width=\"264\" height=\"18\"><span class=\"font3\">Consumo de energia pr\u00f3pria<\/span><\/td>\n<td class=\"et6\" style=\"width: 334pt; text-align: center;\" colspan=\"2\" width=\"445\"><span class=\"font3\">\u22641,5W<\/span><\/td>\n<\/tr>\n<tr style=\"height: 12.00pt;\">\n<td class=\"et2\" style=\"height: 12.00pt; width: 198.00pt;\" width=\"264\" height=\"16\"><span class=\"font3\">Vida Mec\u00e2nica do Motor<\/span><\/td>\n<td class=\"et6\" style=\"width: 334pt; text-align: center;\" colspan=\"2\" width=\"445\"><span class=\"font3\">\u2265100.000 vezes<\/span><\/td>\n<\/tr>\n<tr style=\"height: 13.75pt;\">\n<td class=\"et2\" style=\"height: 13.75pt; width: 198.00pt;\" width=\"264\" height=\"18\"><span class=\"font3\">Humidade relativa<\/span><\/td>\n<td class=\"et6\" style=\"width: 334pt; text-align: center;\" colspan=\"2\" width=\"445\"><span class=\"font3\">45-90%RH<\/span><\/td>\n<\/tr>\n<tr style=\"height: 11.75pt;\">\n<td class=\"et2\" style=\"height: 11.75pt; width: 198.00pt;\" width=\"264\" height=\"15\"><span class=\"font3\">Temperatura<\/span><\/td>\n<td class=\"et6\" style=\"width: 334pt; text-align: center;\" colspan=\"2\" width=\"445\"><span class=\"font3\">40\u00baC<\/span><\/td>\n<\/tr>\n<tr style=\"height: 11.75pt;\">\n<td class=\"et2\" style=\"height: 11.75pt; width: 198.00pt;\" width=\"264\" height=\"15\"><span class=\"font3\">Altitude<\/span><\/td>\n<td class=\"et6\" style=\"width: 334pt; text-align: center;\" colspan=\"2\" width=\"445\"><span class=\"font3\">\u22642000M<\/span><\/td>\n<\/tr>\n<\/tbody>\n<\/table>\n<p>\u00a0<\/p>\n\n\n<p><strong>Dimens\u00f5es<\/strong><\/p>\n\n\n\n<figure class=\"wp-block-image size-large\"><img fetchpriority=\"high\" decoding=\"async\" width=\"1024\" height=\"230\" src=\"https:\/\/www.tosunlux.eu\/wp-content\/uploads\/2024\/07\/1-1024x230.jpg\" alt=\"\" class=\"wp-image-10976\" srcset=\"https:\/\/www.tosunlux.eu\/wp-content\/uploads\/2024\/07\/1-1024x230.jpg 1024w, https:\/\/www.tosunlux.eu\/wp-content\/uploads\/2024\/07\/1-300x67.jpg 300w, https:\/\/www.tosunlux.eu\/wp-content\/uploads\/2024\/07\/1-768x172.jpg 768w, https:\/\/www.tosunlux.eu\/wp-content\/uploads\/2024\/07\/1-1536x345.jpg 1536w, https:\/\/www.tosunlux.eu\/wp-content\/uploads\/2024\/07\/1-18x4.jpg 18w, https:\/\/www.tosunlux.eu\/wp-content\/uploads\/2024\/07\/1.jpg 1938w\" sizes=\"(max-width: 1024px) 100vw, 1024px\" \/><\/figure>","protected":false},"parent":0,"template":"","product_category":[24,82],"class_list":["post-10975","product","type-product","status-publish","hentry","product_category-power-distribution-system","product_category-voltage-protector"],"yoast_head":"<!-- This site is optimized with the Yoast SEO plugin v27.4 - https:\/\/yoast.com\/product\/yoast-seo-wordpress\/ -->\n<title>WholesaleModular Digital Voltage &amp; Current Protector - TOSUNlux Official Site - Electrical Circuit Breaker Manufacturer in China Low Voltage Electrical Supplier | TOSUNlux<\/title>\n<meta name=\"description\" content=\"Modular Digital Voltage &amp; Current Protector Supplier - Wholesale direct from TOSUNlux, a trusted manufacturer since 1994. Get your B2B factory quote on our certified Low Voltage electrical products.\" \/>\n<meta name=\"robots\" content=\"index, follow, max-snippet:-1, max-image-preview:large, max-video-preview:-1\" \/>\n<link rel=\"canonical\" href=\"https:\/\/www.tosunlux.eu\/pt\/products\/modular-digital-voltage-current-protector-2\/\" \/>\n<meta property=\"og:locale\" content=\"pt_BR\" \/>\n<meta property=\"og:type\" content=\"article\" \/>\n<meta property=\"og:title\" content=\"WholesaleModular Digital Voltage &amp; Current Protector - TOSUNlux Official Site - Electrical Circuit Breaker Manufacturer in China Low Voltage Electrical Supplier | TOSUNlux\" \/>\n<meta property=\"og:description\" content=\"Modular Digital Voltage &amp; Current Protector Supplier - Wholesale direct from TOSUNlux, a trusted manufacturer since 1994. Get your B2B factory quote on our certified Low Voltage electrical products.\" \/>\n<meta property=\"og:url\" content=\"https:\/\/www.tosunlux.eu\/pt\/products\/modular-digital-voltage-current-protector-2\/\" \/>\n<meta property=\"og:site_name\" content=\"TOSUNlux Official Site - Electrical Circuit Breaker Manufacturer in China\" \/>\n<meta property=\"article:publisher\" content=\"https:\/\/www.facebook.com\/TOSUNelectric\/\" \/>\n<meta property=\"article:modified_time\" content=\"2024-07-15T03:24:11+00:00\" \/>\n<meta property=\"og:image\" content=\"https:\/\/www.tosunlux.eu\/wp-content\/uploads\/2024\/07\/1-1024x230.jpg\" \/>\n<meta name=\"twitter:card\" content=\"summary_large_image\" \/>\n<meta name=\"twitter:label1\" content=\"Est. tempo de leitura\" \/>\n\t<meta name=\"twitter:data1\" content=\"1 minuto\" \/>\n<script type=\"application\/ld+json\" class=\"yoast-schema-graph\">{\"@context\":\"https:\\\/\\\/schema.org\",\"@graph\":[{\"@type\":\"WebPage\",\"@id\":\"https:\\\/\\\/www.tosunlux.eu\\\/ar\\\/products\\\/modular-digital-voltage-current-protector-2\\\/\",\"url\":\"https:\\\/\\\/www.tosunlux.eu\\\/ar\\\/products\\\/modular-digital-voltage-current-protector-2\\\/\",\"name\":\"WholesaleModular Digital Voltage & Current Protector - TOSUNlux Official Site - Electrical Circuit Breaker Manufacturer in China Low Voltage Electrical Supplier | TOSUNlux\",\"isPartOf\":{\"@id\":\"https:\\\/\\\/www.tosunlux.eu\\\/ru\\\/#website\"},\"primaryImageOfPage\":{\"@id\":\"https:\\\/\\\/www.tosunlux.eu\\\/ar\\\/products\\\/modular-digital-voltage-current-protector-2\\\/#primaryimage\"},\"image\":{\"@id\":\"https:\\\/\\\/www.tosunlux.eu\\\/ar\\\/products\\\/modular-digital-voltage-current-protector-2\\\/#primaryimage\"},\"thumbnailUrl\":\"https:\\\/\\\/www.tosunlux.eu\\\/wp-content\\\/uploads\\\/2024\\\/07\\\/1-1024x230.jpg\",\"datePublished\":\"2024-07-15T03:24:09+00:00\",\"dateModified\":\"2024-07-15T03:24:11+00:00\",\"description\":\"Modular Digital Voltage & Current Protector Supplier - Wholesale direct from TOSUNlux, a trusted manufacturer since 1994. Get your B2B factory quote on our certified Low Voltage electrical products.\",\"breadcrumb\":{\"@id\":\"https:\\\/\\\/www.tosunlux.eu\\\/ar\\\/products\\\/modular-digital-voltage-current-protector-2\\\/#breadcrumb\"},\"inLanguage\":\"pt-BR\",\"potentialAction\":[{\"@type\":\"ReadAction\",\"target\":[\"https:\\\/\\\/www.tosunlux.eu\\\/ar\\\/products\\\/modular-digital-voltage-current-protector-2\\\/\"]}]},{\"@type\":\"ImageObject\",\"inLanguage\":\"pt-BR\",\"@id\":\"https:\\\/\\\/www.tosunlux.eu\\\/ar\\\/products\\\/modular-digital-voltage-current-protector-2\\\/#primaryimage\",\"url\":\"https:\\\/\\\/www.tosunlux.eu\\\/wp-content\\\/uploads\\\/2024\\\/07\\\/1-1024x230.jpg\",\"contentUrl\":\"https:\\\/\\\/www.tosunlux.eu\\\/wp-content\\\/uploads\\\/2024\\\/07\\\/1-1024x230.jpg\"},{\"@type\":\"BreadcrumbList\",\"@id\":\"https:\\\/\\\/www.tosunlux.eu\\\/ar\\\/products\\\/modular-digital-voltage-current-protector-2\\\/#breadcrumb\",\"itemListElement\":[{\"@type\":\"ListItem\",\"position\":1,\"name\":\"Home\",\"item\":\"https:\\\/\\\/www.tosunlux.eu\\\/ru\\\/\"},{\"@type\":\"ListItem\",\"position\":2,\"name\":\"Products\",\"item\":\"https:\\\/\\\/www.tosunlux.eu\\\/products\\\/\"},{\"@type\":\"ListItem\",\"position\":3,\"name\":\"Modular Digital Voltage &#038; Current Protector\"}]},{\"@type\":\"WebSite\",\"@id\":\"https:\\\/\\\/www.tosunlux.eu\\\/ru\\\/#website\",\"url\":\"https:\\\/\\\/www.tosunlux.eu\\\/ru\\\/\",\"name\":\"TOSUNlux Official Site - Electrical Circuit Breaker Manufacturer in China\",\"description\":\"Power Distribution System Supplier\",\"publisher\":{\"@id\":\"https:\\\/\\\/www.tosunlux.eu\\\/ru\\\/#organization\"},\"alternateName\":\"TOSUNlux\",\"potentialAction\":[{\"@type\":\"SearchAction\",\"target\":{\"@type\":\"EntryPoint\",\"urlTemplate\":\"https:\\\/\\\/www.tosunlux.eu\\\/ru\\\/?s={search_term_string}\"},\"query-input\":{\"@type\":\"PropertyValueSpecification\",\"valueRequired\":true,\"valueName\":\"search_term_string\"}}],\"inLanguage\":\"pt-BR\"},{\"@type\":\"Organization\",\"@id\":\"https:\\\/\\\/www.tosunlux.eu\\\/ru\\\/#organization\",\"name\":\"TOSUNlux\",\"url\":\"https:\\\/\\\/www.tosunlux.eu\\\/ru\\\/\",\"logo\":{\"@type\":\"ImageObject\",\"inLanguage\":\"pt-BR\",\"@id\":\"https:\\\/\\\/www.tosunlux.eu\\\/ru\\\/#\\\/schema\\\/logo\\\/image\\\/\",\"url\":\"https:\\\/\\\/www.tosunlux.eu\\\/wp-content\\\/uploads\\\/2022\\\/01\\\/LOGOSYSM.71762f1.png\",\"contentUrl\":\"https:\\\/\\\/www.tosunlux.eu\\\/wp-content\\\/uploads\\\/2022\\\/01\\\/LOGOSYSM.71762f1.png\",\"width\":153,\"height\":55,\"caption\":\"TOSUNlux\"},\"image\":{\"@id\":\"https:\\\/\\\/www.tosunlux.eu\\\/ru\\\/#\\\/schema\\\/logo\\\/image\\\/\"},\"sameAs\":[\"https:\\\/\\\/www.facebook.com\\\/TOSUNelectric\\\/\",\"https:\\\/\\\/www.linkedin.com\\\/company\\\/wenzhou-tosun-electric-co.-ltd\\\/\"]}]}<\/script>\n<!-- \/ Yoast SEO plugin. -->","yoast_head_json":{"title":"Protetor de Tens\u00e3o e Corrente Digital Modular por Atacado - Site Oficial da TOSUNlux - Fabricante de Disjuntores El\u00e9tricos na China - Fornecedor de Eletricidade de Baixa Tens\u00e3o | TOSUNlux","description":"Fornecedor de protetor de tens\u00e3o e corrente digital modular - Venda por atacado direto da TOSUNlux, um fabricante confi\u00e1vel desde 1994. Obtenha seu or\u00e7amento de f\u00e1brica B2B para nossos produtos el\u00e9tricos de baixa tens\u00e3o certificados.","robots":{"index":"index","follow":"follow","max-snippet":"max-snippet:-1","max-image-preview":"max-image-preview:large","max-video-preview":"max-video-preview:-1"},"canonical":"https:\/\/www.tosunlux.eu\/pt\/products\/modular-digital-voltage-current-protector-2\/","og_locale":"pt_BR","og_type":"article","og_title":"WholesaleModular Digital Voltage & Current Protector - TOSUNlux Official Site - Electrical Circuit Breaker Manufacturer in China Low Voltage Electrical Supplier | TOSUNlux","og_description":"Modular Digital Voltage & Current Protector Supplier - Wholesale direct from TOSUNlux, a trusted manufacturer since 1994. Get your B2B factory quote on our certified Low Voltage electrical products.","og_url":"https:\/\/www.tosunlux.eu\/pt\/products\/modular-digital-voltage-current-protector-2\/","og_site_name":"TOSUNlux Official Site - Electrical Circuit Breaker Manufacturer in China","article_publisher":"https:\/\/www.facebook.com\/TOSUNelectric\/","article_modified_time":"2024-07-15T03:24:11+00:00","og_image":[{"url":"https:\/\/www.tosunlux.eu\/wp-content\/uploads\/2024\/07\/1-1024x230.jpg","type":"","width":"","height":""}],"twitter_card":"summary_large_image","twitter_misc":{"Est. tempo de leitura":"1 minuto"},"schema":{"@context":"https:\/\/schema.org","@graph":[{"@type":"WebPage","@id":"https:\/\/www.tosunlux.eu\/ar\/products\/modular-digital-voltage-current-protector-2\/","url":"https:\/\/www.tosunlux.eu\/ar\/products\/modular-digital-voltage-current-protector-2\/","name":"Protetor de Tens\u00e3o e Corrente Digital Modular por Atacado - Site Oficial da TOSUNlux - Fabricante de Disjuntores El\u00e9tricos na China - Fornecedor de Eletricidade de Baixa Tens\u00e3o | TOSUNlux","isPartOf":{"@id":"https:\/\/www.tosunlux.eu\/ru\/#website"},"primaryImageOfPage":{"@id":"https:\/\/www.tosunlux.eu\/ar\/products\/modular-digital-voltage-current-protector-2\/#primaryimage"},"image":{"@id":"https:\/\/www.tosunlux.eu\/ar\/products\/modular-digital-voltage-current-protector-2\/#primaryimage"},"thumbnailUrl":"https:\/\/www.tosunlux.eu\/wp-content\/uploads\/2024\/07\/1-1024x230.jpg","datePublished":"2024-07-15T03:24:09+00:00","dateModified":"2024-07-15T03:24:11+00:00","description":"Fornecedor de protetor de tens\u00e3o e corrente digital modular - Venda por atacado direto da TOSUNlux, um fabricante confi\u00e1vel desde 1994. Obtenha seu or\u00e7amento de f\u00e1brica B2B para nossos produtos el\u00e9tricos de baixa tens\u00e3o certificados.","breadcrumb":{"@id":"https:\/\/www.tosunlux.eu\/ar\/products\/modular-digital-voltage-current-protector-2\/#breadcrumb"},"inLanguage":"pt-BR","potentialAction":[{"@type":"ReadAction","target":["https:\/\/www.tosunlux.eu\/ar\/products\/modular-digital-voltage-current-protector-2\/"]}]},{"@type":"ImageObject","inLanguage":"pt-BR","@id":"https:\/\/www.tosunlux.eu\/ar\/products\/modular-digital-voltage-current-protector-2\/#primaryimage","url":"https:\/\/www.tosunlux.eu\/wp-content\/uploads\/2024\/07\/1-1024x230.jpg","contentUrl":"https:\/\/www.tosunlux.eu\/wp-content\/uploads\/2024\/07\/1-1024x230.jpg"},{"@type":"BreadcrumbList","@id":"https:\/\/www.tosunlux.eu\/ar\/products\/modular-digital-voltage-current-protector-2\/#breadcrumb","itemListElement":[{"@type":"ListItem","position":1,"name":"Home","item":"https:\/\/www.tosunlux.eu\/ru\/"},{"@type":"ListItem","position":2,"name":"Products","item":"https:\/\/www.tosunlux.eu\/products\/"},{"@type":"ListItem","position":3,"name":"Modular Digital Voltage &#038; Current Protector"}]},{"@type":"WebSite","@id":"https:\/\/www.tosunlux.eu\/ru\/#website","url":"https:\/\/www.tosunlux.eu\/ru\/","name":"Site Oficial TOSUNlux - Fabricante de Disjuntores El\u00e9tricos na China","description":"Fornecedor de sistema de distribui\u00e7\u00e3o de energia","publisher":{"@id":"https:\/\/www.tosunlux.eu\/ru\/#organization"},"alternateName":"TOSUNlux","potentialAction":[{"@type":"SearchAction","target":{"@type":"EntryPoint","urlTemplate":"https:\/\/www.tosunlux.eu\/ru\/?s={search_term_string}"},"query-input":{"@type":"PropertyValueSpecification","valueRequired":true,"valueName":"search_term_string"}}],"inLanguage":"pt-BR"},{"@type":"Organization","@id":"https:\/\/www.tosunlux.eu\/ru\/#organization","name":"TOSUNlux","url":"https:\/\/www.tosunlux.eu\/ru\/","logo":{"@type":"ImageObject","inLanguage":"pt-BR","@id":"https:\/\/www.tosunlux.eu\/ru\/#\/schema\/logo\/image\/","url":"https:\/\/www.tosunlux.eu\/wp-content\/uploads\/2022\/01\/LOGOSYSM.71762f1.png","contentUrl":"https:\/\/www.tosunlux.eu\/wp-content\/uploads\/2022\/01\/LOGOSYSM.71762f1.png","width":153,"height":55,"caption":"TOSUNlux"},"image":{"@id":"https:\/\/www.tosunlux.eu\/ru\/#\/schema\/logo\/image\/"},"sameAs":["https:\/\/www.facebook.com\/TOSUNelectric\/","https:\/\/www.linkedin.com\/company\/wenzhou-tosun-electric-co.-ltd\/"]}]}},"_links":{"self":[{"href":"https:\/\/www.tosunlux.eu\/pt\/wp-json\/wp\/v2\/product\/10975","targetHints":{"allow":["GET"]}}],"collection":[{"href":"https:\/\/www.tosunlux.eu\/pt\/wp-json\/wp\/v2\/product"}],"about":[{"href":"https:\/\/www.tosunlux.eu\/pt\/wp-json\/wp\/v2\/types\/product"}],"version-history":[{"count":2,"href":"https:\/\/www.tosunlux.eu\/pt\/wp-json\/wp\/v2\/product\/10975\/revisions"}],"predecessor-version":[{"id":12185,"href":"https:\/\/www.tosunlux.eu\/pt\/wp-json\/wp\/v2\/product\/10975\/revisions\/12185"}],"wp:attachment":[{"href":"https:\/\/www.tosunlux.eu\/pt\/wp-json\/wp\/v2\/media?parent=10975"}],"wp:term":[{"taxonomy":"product_category","embeddable":true,"href":"https:\/\/www.tosunlux.eu\/pt\/wp-json\/wp\/v2\/product_category?post=10975"}],"curies":[{"name":"wp","href":"https:\/\/api.w.org\/{rel}","templated":true}]}}