{"id":1108,"date":"2022-04-14T14:05:32","date_gmt":"2022-04-14T06:05:32","guid":{"rendered":"https:\/\/www.tosunlux.eu\/?post_type=product&#038;p=1108"},"modified":"2023-09-13T10:58:16","modified_gmt":"2023-09-13T02:58:16","slug":"single-function-time-relay-trt8","status":"publish","type":"product","link":"https:\/\/www.tosunlux.eu\/pt\/products\/single-function-time-relay-trt8\/","title":{"rendered":"Rel\u00e9 de tempo de fun\u00e7\u00e3o \u00fanica TRT8"},"content":{"rendered":"<pre class=\"wp-block-verse\"><strong>Recurso<\/strong>\n\nRel\u00e9 monofuncional com possibilidade de ajuste de tempo por potenci\u00f4metro. Escolha de 2 fun\u00e7\u00f5es: A: Atraso ON OB: Atraso FF Escala de tempo 0,1s-10 dias divididos em 10 intervalos. O status do rel\u00e9 \u00e9 indicado por LED. 1-M\u00d3DULO, montagem em trilho DIN.\n\n\n<strong>Par\u00e2metros t\u00e9cnicos<\/strong><\/pre>\n\n\n<table style=\"height: 913px;\" width=\"649\">\n<tbody>\n<tr>\n<td style=\"text-align: center;\" colspan=\"2\" width=\"144\">Modelo<\/td>\n<td style=\"text-align: center;\" width=\"141\">TRT8-A1\/B1<\/td>\n<td style=\"text-align: center;\" width=\"168\">TRT8-A2\/B2<\/td>\n<\/tr>\n<tr>\n<td style=\"text-align: center;\" colspan=\"2\" width=\"144\">Fun\u00e7\u00e3o<\/td>\n<td style=\"text-align: center;\" colspan=\"2\" width=\"309\">A:atraso LIGADO;B:atraso DESLIGADO<\/td>\n<\/tr>\n<tr>\n<td style=\"text-align: center;\" colspan=\"2\" width=\"144\">Terminais de alimenta\u00e7\u00e3o<\/td>\n<td style=\"text-align: center;\" colspan=\"2\" width=\"309\">A1-A2<\/td>\n<\/tr>\n<tr>\n<td style=\"text-align: center;\" width=\"72\">Alcance de voltagem<\/td>\n<td style=\"text-align: center;\" rowspan=\"2\" width=\"72\">W240<\/td>\n<td style=\"text-align: center;\" colspan=\"2\" width=\"309\">CA\/CC 12-240 V (50-60 Hz)<\/td>\n<\/tr>\n<tr>\n<td style=\"text-align: center;\" width=\"72\">Fardo<\/td>\n<td style=\"text-align: center;\" colspan=\"2\" width=\"309\">CA 0,09-3VA\/CC 0,05-1,7W<\/td>\n<\/tr>\n<tr>\n<td style=\"text-align: center;\" width=\"72\">Alcance de voltagem<\/td>\n<td style=\"text-align: center;\" rowspan=\"2\" width=\"72\">A230<\/td>\n<td style=\"text-align: center;\" colspan=\"2\" width=\"309\">CA 230 V (50-60 Hz)<\/td>\n<\/tr>\n<tr>\n<td style=\"text-align: center;\" width=\"72\">Entrada de energia<\/td>\n<td style=\"text-align: center;\">CA m\u00e1x.6VA\/1,3W<\/td>\n<td style=\"text-align: center;\">CA m\u00e1x.6VA\/1,9W<\/td>\n<\/tr>\n<tr>\n<td style=\"text-align: center;\" colspan=\"2\" width=\"144\">Toler\u00e2ncia de tens\u00e3o de alimenta\u00e7\u00e3o<\/td>\n<td style=\"text-align: center;\" colspan=\"2\" width=\"309\">-15%;+10%<\/td>\n<\/tr>\n<tr>\n<td style=\"text-align: center;\" colspan=\"2\" width=\"144\">indica\u00e7\u00e3o de abastecimento<\/td>\n<td style=\"text-align: center;\" colspan=\"2\" width=\"309\">LED verde<\/td>\n<\/tr>\n<tr>\n<td style=\"text-align: center;\" colspan=\"2\" width=\"144\">intervalos de tempo<\/td>\n<td style=\"text-align: center;\" colspan=\"2\" width=\"309\">0,1 s-10 dias, LIGADO, DESLIGADO<\/td>\n<\/tr>\n<tr>\n<td style=\"text-align: center;\" colspan=\"2\" width=\"144\">Configura\u00e7\u00e3o de tempo<\/td>\n<td style=\"text-align: center;\" colspan=\"2\" width=\"309\">potenci\u00f4metro<\/td>\n<\/tr>\n<tr>\n<td style=\"text-align: center;\" colspan=\"2\" width=\"144\">desvio de tempo<\/td>\n<td style=\"text-align: center;\" colspan=\"2\" width=\"309\">10%-configura\u00e7\u00e3o mec\u00e2nica<\/td>\n<\/tr>\n<tr>\n<td style=\"text-align: center;\" colspan=\"2\" width=\"144\">Repetir precis\u00e3o<\/td>\n<td style=\"text-align: center;\" colspan=\"2\" width=\"309\">0,2%-estabilidade do valor definido<\/td>\n<\/tr>\n<tr>\n<td style=\"text-align: center;\" colspan=\"2\" width=\"144\">Coeficiente de temperatura<\/td>\n<td style=\"text-align: center;\" colspan=\"2\" width=\"309\">0,05%\/\u00b0C,at=20\u2103(0,05%\u00b0F,at=68\u00b0F)<\/td>\n<\/tr>\n<tr>\n<td style=\"text-align: center;\" colspan=\"2\" width=\"144\">Sa\u00edda<\/td>\n<td style=\"text-align: center;\" width=\"141\">1xSPDT<\/td>\n<td style=\"text-align: center;\" width=\"168\">2xSPDT<\/td>\n<\/tr>\n<tr>\n<td style=\"text-align: center;\" colspan=\"2\" width=\"144\">Avalia\u00e7\u00e3o atual<\/td>\n<td style=\"text-align: center;\" width=\"141\">1x16A(AC1)<\/td>\n<td style=\"text-align: center;\" width=\"168\">2x16A(AC1)<\/td>\n<\/tr>\n<tr>\n<td style=\"text-align: center;\" colspan=\"2\" width=\"144\">Tens\u00e3o de comuta\u00e7\u00e3o<\/td>\n<td style=\"text-align: center;\" colspan=\"2\" width=\"309\">250VAC\/24VCC<\/td>\n<\/tr>\n<tr>\n<td style=\"text-align: center;\" colspan=\"2\" width=\"144\">Capacidade m\u00ednima de interrup\u00e7\u00e3o DC<\/td>\n<td style=\"text-align: center;\" colspan=\"2\" width=\"309\">500mW<\/td>\n<\/tr>\n<tr>\n<td style=\"text-align: center;\" colspan=\"2\" width=\"144\">indica\u00e7\u00e3o de sa\u00edda<\/td>\n<td style=\"text-align: center;\" colspan=\"2\" width=\"309\">LED vermelho<\/td>\n<\/tr>\n<tr>\n<td style=\"text-align: center;\" colspan=\"2\" width=\"144\">Vida mec\u00e2nica<\/td>\n<td style=\"text-align: center;\" colspan=\"2\" width=\"309\">1&#215;10000000<\/td>\n<\/tr>\n<tr>\n<td style=\"text-align: center;\" colspan=\"2\" width=\"144\">Vida el\u00e9trica (AC1)<\/td>\n<td style=\"text-align: center;\" colspan=\"2\" width=\"309\">1&#215;100000<\/td>\n<\/tr>\n<tr>\n<td style=\"text-align: center;\" colspan=\"2\" width=\"144\">Redefinir hora<\/td>\n<td style=\"text-align: center;\" colspan=\"2\" width=\"309\">m\u00e1x. 200ms<\/td>\n<\/tr>\n<tr>\n<td style=\"text-align: center;\" colspan=\"2\" width=\"144\">Temperatura de opera\u00e7\u00e3o<\/td>\n<td style=\"text-align: center;\" colspan=\"2\" width=\"309\">-20\u2103 a +55\u2103(-4F a 131\u00b0F)<\/td>\n<\/tr>\n<tr>\n<td style=\"text-align: center;\" colspan=\"2\" width=\"144\">Temperatura de armazenamento<\/td>\n<td style=\"text-align: center;\" colspan=\"2\" width=\"309\">\u00a0-35\u00b0C a +75\u00b0C(-22\u00b0\u2109 a 158\u00b0\u2109)<\/td>\n<\/tr>\n<tr>\n<td style=\"text-align: center;\" colspan=\"2\" width=\"144\">Padr\u00f5es<\/td>\n<td style=\"text-align: center;\" colspan=\"2\" width=\"309\">EN 61812-1,IEC6947-5-1<\/td>\n<\/tr>\n<\/tbody>\n<\/table>\n<p><strong>Dimens\u00e3o<\/strong><\/p>\n<p>\u00a0<\/p>\n\n\n<figure class=\"wp-block-image size-large is-resized\"><img fetchpriority=\"high\" decoding=\"async\" src=\"https:\/\/www.tosunlux.eu\/wp-content\/uploads\/2022\/04\/TRT8-1024x493.jpg\" alt=\"\" class=\"wp-image-1109\" width=\"606\" height=\"292\" srcset=\"https:\/\/www.tosunlux.eu\/wp-content\/uploads\/2022\/04\/TRT8-1024x493.jpg 1024w, https:\/\/www.tosunlux.eu\/wp-content\/uploads\/2022\/04\/TRT8-300x144.jpg 300w, https:\/\/www.tosunlux.eu\/wp-content\/uploads\/2022\/04\/TRT8-768x370.jpg 768w, https:\/\/www.tosunlux.eu\/wp-content\/uploads\/2022\/04\/TRT8-1536x740.jpg 1536w, https:\/\/www.tosunlux.eu\/wp-content\/uploads\/2022\/04\/TRT8.jpg 1599w\" sizes=\"(max-width: 606px) 100vw, 606px\" \/><\/figure>","protected":false},"parent":0,"template":"","product_category":[35,92],"class_list":["post-1108","product","type-product","status-publish","hentry","product_category-industrial-control-devices","product_category-timer-relay"],"yoast_head":"<!-- This site is optimized with the Yoast SEO plugin v27.5 - https:\/\/yoast.com\/product\/yoast-seo-wordpress\/ -->\n<title>WholesaleSingle-Function Time Relay TRT8 - TOSUNlux Official Site - Electrical Circuit Breaker Manufacturer in China Low Voltage Electrical Supplier | TOSUNlux<\/title>\n<meta name=\"description\" content=\"Single-Function Time Relay TRT8 Supplier - Wholesale direct from TOSUNlux, a trusted manufacturer since 1994. Get your B2B factory quote on our certified Low Voltage electrical products.\" \/>\n<meta name=\"robots\" content=\"index, follow, max-snippet:-1, max-image-preview:large, max-video-preview:-1\" \/>\n<link rel=\"canonical\" href=\"https:\/\/www.tosunlux.eu\/pt\/products\/single-function-time-relay-trt8\/\" \/>\n<meta property=\"og:locale\" content=\"pt_BR\" \/>\n<meta property=\"og:type\" content=\"article\" \/>\n<meta property=\"og:title\" content=\"WholesaleSingle-Function Time Relay TRT8 - TOSUNlux Official Site - Electrical Circuit Breaker Manufacturer in China Low Voltage Electrical Supplier | TOSUNlux\" \/>\n<meta property=\"og:description\" content=\"Single-Function Time Relay TRT8 Supplier - Wholesale direct from TOSUNlux, a trusted manufacturer since 1994. Get your B2B factory quote on our certified Low Voltage electrical products.\" \/>\n<meta property=\"og:url\" content=\"https:\/\/www.tosunlux.eu\/pt\/products\/single-function-time-relay-trt8\/\" \/>\n<meta property=\"og:site_name\" content=\"TOSUNlux Official Site - Electrical Circuit Breaker Manufacturer in China\" \/>\n<meta property=\"article:publisher\" content=\"https:\/\/www.facebook.com\/TOSUNelectric\/\" \/>\n<meta property=\"article:modified_time\" content=\"2023-09-13T02:58:16+00:00\" \/>\n<meta property=\"og:image\" content=\"https:\/\/www.tosunlux.eu\/wp-content\/uploads\/2022\/04\/TRT8-1024x493.jpg\" \/>\n<meta name=\"twitter:card\" content=\"summary_large_image\" \/>\n<meta name=\"twitter:label1\" content=\"Est. tempo de leitura\" \/>\n\t<meta name=\"twitter:data1\" content=\"1 minuto\" \/>\n<script type=\"application\/ld+json\" class=\"yoast-schema-graph\">{\"@context\":\"https:\\\/\\\/schema.org\",\"@graph\":[{\"@type\":\"WebPage\",\"@id\":\"https:\\\/\\\/www.tosunlux.eu\\\/products\\\/single-function-time-relay-trt8\\\/\",\"url\":\"https:\\\/\\\/www.tosunlux.eu\\\/products\\\/single-function-time-relay-trt8\\\/\",\"name\":\"WholesaleSingle-Function Time Relay TRT8 - TOSUNlux Official Site - Electrical Circuit Breaker Manufacturer in China Low Voltage Electrical Supplier | TOSUNlux\",\"isPartOf\":{\"@id\":\"https:\\\/\\\/www.tosunlux.eu\\\/ru\\\/#website\"},\"primaryImageOfPage\":{\"@id\":\"https:\\\/\\\/www.tosunlux.eu\\\/products\\\/single-function-time-relay-trt8\\\/#primaryimage\"},\"image\":{\"@id\":\"https:\\\/\\\/www.tosunlux.eu\\\/products\\\/single-function-time-relay-trt8\\\/#primaryimage\"},\"thumbnailUrl\":\"https:\\\/\\\/www.tosunlux.eu\\\/wp-content\\\/uploads\\\/2022\\\/04\\\/TRT8-1024x493.jpg\",\"datePublished\":\"2022-04-14T06:05:32+00:00\",\"dateModified\":\"2023-09-13T02:58:16+00:00\",\"description\":\"Single-Function Time Relay TRT8 Supplier - Wholesale direct from TOSUNlux, a trusted manufacturer since 1994. Get your B2B factory quote on our certified Low Voltage electrical products.\",\"breadcrumb\":{\"@id\":\"https:\\\/\\\/www.tosunlux.eu\\\/products\\\/single-function-time-relay-trt8\\\/#breadcrumb\"},\"inLanguage\":\"pt-BR\",\"potentialAction\":[{\"@type\":\"ReadAction\",\"target\":[\"https:\\\/\\\/www.tosunlux.eu\\\/products\\\/single-function-time-relay-trt8\\\/\"]}]},{\"@type\":\"ImageObject\",\"inLanguage\":\"pt-BR\",\"@id\":\"https:\\\/\\\/www.tosunlux.eu\\\/products\\\/single-function-time-relay-trt8\\\/#primaryimage\",\"url\":\"https:\\\/\\\/www.tosunlux.eu\\\/wp-content\\\/uploads\\\/2022\\\/04\\\/TRT8-1024x493.jpg\",\"contentUrl\":\"https:\\\/\\\/www.tosunlux.eu\\\/wp-content\\\/uploads\\\/2022\\\/04\\\/TRT8-1024x493.jpg\"},{\"@type\":\"BreadcrumbList\",\"@id\":\"https:\\\/\\\/www.tosunlux.eu\\\/products\\\/single-function-time-relay-trt8\\\/#breadcrumb\",\"itemListElement\":[{\"@type\":\"ListItem\",\"position\":1,\"name\":\"Home\",\"item\":\"https:\\\/\\\/www.tosunlux.eu\\\/ru\\\/\"},{\"@type\":\"ListItem\",\"position\":2,\"name\":\"Products\",\"item\":\"https:\\\/\\\/www.tosunlux.eu\\\/products\\\/\"},{\"@type\":\"ListItem\",\"position\":3,\"name\":\"Single-Function Time Relay TRT8\"}]},{\"@type\":\"WebSite\",\"@id\":\"https:\\\/\\\/www.tosunlux.eu\\\/ru\\\/#website\",\"url\":\"https:\\\/\\\/www.tosunlux.eu\\\/ru\\\/\",\"name\":\"TOSUNlux Official Site - Electrical Circuit Breaker Manufacturer in China\",\"description\":\"Power Distribution System Supplier\",\"publisher\":{\"@id\":\"https:\\\/\\\/www.tosunlux.eu\\\/ru\\\/#organization\"},\"alternateName\":\"TOSUNlux\",\"potentialAction\":[{\"@type\":\"SearchAction\",\"target\":{\"@type\":\"EntryPoint\",\"urlTemplate\":\"https:\\\/\\\/www.tosunlux.eu\\\/ru\\\/?s={search_term_string}\"},\"query-input\":{\"@type\":\"PropertyValueSpecification\",\"valueRequired\":true,\"valueName\":\"search_term_string\"}}],\"inLanguage\":\"pt-BR\"},{\"@type\":\"Organization\",\"@id\":\"https:\\\/\\\/www.tosunlux.eu\\\/ru\\\/#organization\",\"name\":\"TOSUNlux\",\"url\":\"https:\\\/\\\/www.tosunlux.eu\\\/ru\\\/\",\"logo\":{\"@type\":\"ImageObject\",\"inLanguage\":\"pt-BR\",\"@id\":\"https:\\\/\\\/www.tosunlux.eu\\\/ru\\\/#\\\/schema\\\/logo\\\/image\\\/\",\"url\":\"https:\\\/\\\/www.tosunlux.eu\\\/wp-content\\\/uploads\\\/2022\\\/01\\\/LOGOSYSM.71762f1.png\",\"contentUrl\":\"https:\\\/\\\/www.tosunlux.eu\\\/wp-content\\\/uploads\\\/2022\\\/01\\\/LOGOSYSM.71762f1.png\",\"width\":153,\"height\":55,\"caption\":\"TOSUNlux\"},\"image\":{\"@id\":\"https:\\\/\\\/www.tosunlux.eu\\\/ru\\\/#\\\/schema\\\/logo\\\/image\\\/\"},\"sameAs\":[\"https:\\\/\\\/www.facebook.com\\\/TOSUNelectric\\\/\",\"https:\\\/\\\/www.linkedin.com\\\/company\\\/wenzhou-tosun-electric-co.-ltd\\\/\"]}]}<\/script>\n<!-- \/ Yoast SEO plugin. -->","yoast_head_json":{"title":"WholesaleSingle-Function Time Relay TRT8 - TOSUNlux Official Site - Electrical Circuit Breaker Manufacturer in China Low Voltage Electrical Supplier | TOSUNlux","description":"Single-Function Time Relay TRT8 Supplier - Wholesale direct from TOSUNlux, a trusted manufacturer since 1994. Get your B2B factory quote on our certified Low Voltage electrical products.","robots":{"index":"index","follow":"follow","max-snippet":"max-snippet:-1","max-image-preview":"max-image-preview:large","max-video-preview":"max-video-preview:-1"},"canonical":"https:\/\/www.tosunlux.eu\/pt\/products\/single-function-time-relay-trt8\/","og_locale":"pt_BR","og_type":"article","og_title":"WholesaleSingle-Function Time Relay TRT8 - TOSUNlux Official Site - Electrical Circuit Breaker Manufacturer in China Low Voltage Electrical Supplier | TOSUNlux","og_description":"Single-Function Time Relay TRT8 Supplier - Wholesale direct from TOSUNlux, a trusted manufacturer since 1994. Get your B2B factory quote on our certified Low Voltage electrical products.","og_url":"https:\/\/www.tosunlux.eu\/pt\/products\/single-function-time-relay-trt8\/","og_site_name":"TOSUNlux Official Site - Electrical Circuit Breaker Manufacturer in China","article_publisher":"https:\/\/www.facebook.com\/TOSUNelectric\/","article_modified_time":"2023-09-13T02:58:16+00:00","og_image":[{"url":"https:\/\/www.tosunlux.eu\/wp-content\/uploads\/2022\/04\/TRT8-1024x493.jpg","type":"","width":"","height":""}],"twitter_card":"summary_large_image","twitter_misc":{"Est. tempo de leitura":"1 minuto"},"schema":{"@context":"https:\/\/schema.org","@graph":[{"@type":"WebPage","@id":"https:\/\/www.tosunlux.eu\/products\/single-function-time-relay-trt8\/","url":"https:\/\/www.tosunlux.eu\/products\/single-function-time-relay-trt8\/","name":"WholesaleSingle-Function Time Relay TRT8 - TOSUNlux Official Site - Electrical Circuit Breaker Manufacturer in China Low Voltage Electrical Supplier | TOSUNlux","isPartOf":{"@id":"https:\/\/www.tosunlux.eu\/ru\/#website"},"primaryImageOfPage":{"@id":"https:\/\/www.tosunlux.eu\/products\/single-function-time-relay-trt8\/#primaryimage"},"image":{"@id":"https:\/\/www.tosunlux.eu\/products\/single-function-time-relay-trt8\/#primaryimage"},"thumbnailUrl":"https:\/\/www.tosunlux.eu\/wp-content\/uploads\/2022\/04\/TRT8-1024x493.jpg","datePublished":"2022-04-14T06:05:32+00:00","dateModified":"2023-09-13T02:58:16+00:00","description":"Single-Function Time Relay TRT8 Supplier - Wholesale direct from TOSUNlux, a trusted manufacturer since 1994. Get your B2B factory quote on our certified Low Voltage electrical products.","breadcrumb":{"@id":"https:\/\/www.tosunlux.eu\/products\/single-function-time-relay-trt8\/#breadcrumb"},"inLanguage":"pt-BR","potentialAction":[{"@type":"ReadAction","target":["https:\/\/www.tosunlux.eu\/products\/single-function-time-relay-trt8\/"]}]},{"@type":"ImageObject","inLanguage":"pt-BR","@id":"https:\/\/www.tosunlux.eu\/products\/single-function-time-relay-trt8\/#primaryimage","url":"https:\/\/www.tosunlux.eu\/wp-content\/uploads\/2022\/04\/TRT8-1024x493.jpg","contentUrl":"https:\/\/www.tosunlux.eu\/wp-content\/uploads\/2022\/04\/TRT8-1024x493.jpg"},{"@type":"BreadcrumbList","@id":"https:\/\/www.tosunlux.eu\/products\/single-function-time-relay-trt8\/#breadcrumb","itemListElement":[{"@type":"ListItem","position":1,"name":"Home","item":"https:\/\/www.tosunlux.eu\/ru\/"},{"@type":"ListItem","position":2,"name":"Products","item":"https:\/\/www.tosunlux.eu\/products\/"},{"@type":"ListItem","position":3,"name":"Single-Function Time Relay TRT8"}]},{"@type":"WebSite","@id":"https:\/\/www.tosunlux.eu\/ru\/#website","url":"https:\/\/www.tosunlux.eu\/ru\/","name":"Site Oficial TOSUNlux - Fabricante de Disjuntores El\u00e9tricos na China","description":"Fornecedor de sistema de distribui\u00e7\u00e3o de energia","publisher":{"@id":"https:\/\/www.tosunlux.eu\/ru\/#organization"},"alternateName":"TOSUNlux","potentialAction":[{"@type":"SearchAction","target":{"@type":"EntryPoint","urlTemplate":"https:\/\/www.tosunlux.eu\/ru\/?s={search_term_string}"},"query-input":{"@type":"PropertyValueSpecification","valueRequired":true,"valueName":"search_term_string"}}],"inLanguage":"pt-BR"},{"@type":"Organization","@id":"https:\/\/www.tosunlux.eu\/ru\/#organization","name":"TOSUNlux","url":"https:\/\/www.tosunlux.eu\/ru\/","logo":{"@type":"ImageObject","inLanguage":"pt-BR","@id":"https:\/\/www.tosunlux.eu\/ru\/#\/schema\/logo\/image\/","url":"https:\/\/www.tosunlux.eu\/wp-content\/uploads\/2022\/01\/LOGOSYSM.71762f1.png","contentUrl":"https:\/\/www.tosunlux.eu\/wp-content\/uploads\/2022\/01\/LOGOSYSM.71762f1.png","width":153,"height":55,"caption":"TOSUNlux"},"image":{"@id":"https:\/\/www.tosunlux.eu\/ru\/#\/schema\/logo\/image\/"},"sameAs":["https:\/\/www.facebook.com\/TOSUNelectric\/","https:\/\/www.linkedin.com\/company\/wenzhou-tosun-electric-co.-ltd\/"]}]}},"_links":{"self":[{"href":"https:\/\/www.tosunlux.eu\/pt\/wp-json\/wp\/v2\/product\/1108","targetHints":{"allow":["GET"]}}],"collection":[{"href":"https:\/\/www.tosunlux.eu\/pt\/wp-json\/wp\/v2\/product"}],"about":[{"href":"https:\/\/www.tosunlux.eu\/pt\/wp-json\/wp\/v2\/types\/product"}],"version-history":[{"count":1,"href":"https:\/\/www.tosunlux.eu\/pt\/wp-json\/wp\/v2\/product\/1108\/revisions"}],"predecessor-version":[{"id":8034,"href":"https:\/\/www.tosunlux.eu\/pt\/wp-json\/wp\/v2\/product\/1108\/revisions\/8034"}],"wp:attachment":[{"href":"https:\/\/www.tosunlux.eu\/pt\/wp-json\/wp\/v2\/media?parent=1108"}],"wp:term":[{"taxonomy":"product_category","embeddable":true,"href":"https:\/\/www.tosunlux.eu\/pt\/wp-json\/wp\/v2\/product_category?post=1108"}],"curies":[{"name":"wp","href":"https:\/\/api.w.org\/{rel}","templated":true}]}}