{"id":1113,"date":"2022-04-14T15:19:47","date_gmt":"2022-04-14T07:19:47","guid":{"rendered":"https:\/\/www.tosunlux.eu\/?post_type=product&#038;p=1113"},"modified":"2024-07-23T09:06:45","modified_gmt":"2024-07-23T01:06:45","slug":"multifunction-time-relay-trt8","status":"publish","type":"product","link":"https:\/\/www.tosunlux.eu\/pt\/products\/multifunction-time-relay-trt8\/","title":{"rendered":"Rel\u00e9 Temporizador Multifuncional TRT8"},"content":{"rendered":"<meta charset=\"utf-8\">\n\t\t\t<title><\/title>\n\t\t\t<style type=\"text\/css\">\n\t\t\t\t.wzf-icon2 {\n\t\t\t\t\tmargin-left: auto;\n\t\t\t\t}\n\n\t\t\t\t.wzf-catalogueName {\n\t\t\t\t\tmargin-left: 5%;\n\t\t\t\t}\n\n\t\t\t\t.wzf-catalogueName:hover {\n\t\t\t\t\tcolor: #1fc2db;\n\t\t\t\t}\n\n\t\t\t\t.wzf-catalogueTime {\n\t\t\t\t\tmargin-left: 20%;\n\t\t\t\t}\n\n\t\t\t\t.wzf-catalogueDownload {\n\t\t\t\t\tdisplay: flex;\n\t\t\t\t\talign-items: center;\n\t\t\t\t\twidth: 100%;\n\t\t\t\t\t\/* Adjust width if needed *\/\n\t\t\t\t\tpadding: 5px;\n\t\t\t\t\tborder: 0.5px solid gray;\n                                        margin-top:1%;\n                                        margin-botton:100%;\n\t\t\t\t}\n\t\t\t<\/style>\n\t\t\n\t\t\n\t\t\t<div class=\"wzf-catalogueDownload\">\n\t\t\t\t<div class=\"wzf-icon1\">\n\t\t\t\t\t<svg t=\"1712644465367\" viewbox=\"0 0 1024 1024\" version=\"1.1\" xmlns=\"http:\/\/www.w3.org\/2000\/svg\" p-id=\"4313\" width=\"25\" height=\"25\">\n\t\t\t\t\t\t<path d=\"M679.814 62.381H128.692v897.177h768.434V255.079L679.814 62.381zM203.758 890.606V131.333h414.026v188.205H822.06v571.068H203.758z\" fill=\"#1fc2db\" p-id=\"4314\"><\/path>\n\t\t\t\t\t\t<path d=\"M293.825 417.364H746.64v67.229H293.825zM293.825 577.709H746.64v67.229H293.825zM293.825 738.054H746.64v67.229H293.825z\" fill=\"#1fc2db\" p-id=\"4315\"><\/path>\n\t\t\t\t\t<\/svg>\n\t\t\t\t<\/div>\n\t\t\t\t<div class=\"wzf-catalogueName\">\n\t\t\t\t\t<a target=\"_blank\" href=\"https:\/\/www.tosunlux.eu\/wp-content\/uploads\/2022\/05\/230200374SHA-V1.pdf\" rel=\"noopener\">Nome<\/a>\n\t\t\t\t<\/div>\n\t\t\t\t<div class=\"wzf-catalogueTime\">\n\t\t\t\t\tTempo\n\t\t\t\t<\/div>\n\t\t\t\t<div class=\"wzf-icon2\">\n\t\t\t\t\t<a target=\"_blank\" href=\"https:\/\/www.tosunlux.eu\/wp-content\/uploads\/2022\/05\/230200374SHA-V1.pdf\" rel=\"noopener\"><svg t=\"1712644684655\" viewbox=\"0 0 1024 1024\" version=\"1.1\" xmlns=\"http:\/\/www.w3.org\/2000\/svg\" p-id=\"6258\" width=\"25\" height=\"25\">\n\t\t\t\t\t\t\t<path d=\"M512 32C246.4 32 32 246.4 32 512s214.4 480 480 480 480-214.4 480-480S777.6 32 512 32z m-134.4 390.4c12.8-12.8 32-12.8 44.8 0l54.4 54.4V224c0-19.2 12.8-32 32-32s32 12.8 32 32v249.6l54.4-54.4c12.8-12.8 32-12.8 44.8 0 12.8 12.8 12.8 32 0 44.8L531.2 576c-6.4 6.4-16 9.6-22.4 9.6-9.6 0-16-3.2-22.4-9.6l-108.8-108.8c-9.6-12.8-9.6-32 0-44.8zM800 697.6c0 38.4-32 70.4-67.2 70.4H291.2C256 768 224 736 224 697.6V544c0-19.2 12.8-32 32-32s32 12.8 32 32v153.6c0 3.2 3.2 6.4 3.2 6.4h438.4c3.2 0 3.2-3.2 3.2-6.4V544c0-19.2 12.8-32 32-32s32 12.8 32 32v153.6z\" p-id=\"6259\" fill=\"#1fc2db\"><\/path>\n\t\t\t\t\t\t<\/svg><\/a>\n\t\t\t\t<\/div>\n\t\t\t<\/div>\n\n\n\n<pre class=\"wp-block-verse\"><strong>Formul\u00e1rios<\/strong>\nO rel\u00e9 de tempo multifuncional pode ser usado para aparelhos el\u00e9tricos, controle de luzes, aquecimento, motores, bombas e ventiladores (10 fun\u00e7\u00f5es, 10 faixas de tempo multivoltagem).\n<strong>Caracter\u00edsticas<\/strong>\n10 fun\u00e7\u00f5es: - 5 fun\u00e7\u00f5es de tempo controladas pela tens\u00e3o de alimenta\u00e7\u00e3o - 4 fun\u00e7\u00f5es de tempo controladas pela entrada de controle - 1 fun\u00e7\u00e3o de rel\u00e9 de travamento Fun\u00e7\u00e3o confort\u00e1vel e bem organizada e ajuste de faixa de tempo por interruptores rotativos. Escala de tempo 0,1s-10 dias divididos em 10 intervalos. O status do rel\u00e9 \u00e9 indicado por LED. 1-M\u00d3DULO, montagem em trilho DIN.\n<strong>Par\u00e2metros t\u00e9cnicos<\/strong>\n<\/pre>\n\n\n<table style=\"height: 823px;\" width=\"588\">\n<tbody>\n<tr>\n<td style=\"text-align: center;\" colspan=\"2\" width=\"175\"><span style=\"vertical-align: inherit;\"><span style=\"vertical-align: inherit;\">Modelo<\/span><\/span><\/td>\n<td style=\"text-align: center;\" colspan=\"2\" width=\"159\"><span style=\"vertical-align: inherit;\"><span style=\"vertical-align: inherit;\">TRT8-M1<\/span><\/span><\/td>\n<td style=\"text-align: center;\" colspan=\"2\" width=\"200\"><span style=\"vertical-align: inherit;\"><span style=\"vertical-align: inherit;\">TRT8-M2<\/span><\/span><\/td>\n<\/tr>\n<tr>\n<td style=\"text-align: center;\" colspan=\"2\" width=\"175\"><span style=\"vertical-align: inherit;\"><span style=\"vertical-align: inherit;\">Fun\u00e7\u00e3o<\/span><\/span><\/td>\n<td style=\"text-align: center;\" colspan=\"4\" width=\"359\"><span style=\"vertical-align: inherit;\"><span style=\"vertical-align: inherit;\">A, B, C, D, E, F, G, H, I, J<\/span><\/span><\/td>\n<\/tr>\n<tr>\n<td style=\"text-align: center;\" colspan=\"2\" width=\"175\">Terminais de Abastecimento<\/td>\n<td style=\"text-align: center;\" colspan=\"4\" width=\"359\"><span style=\"vertical-align: inherit;\"><span style=\"vertical-align: inherit;\">A1-A2<\/span><\/span><\/td>\n<\/tr>\n<tr>\n<td style=\"text-align: center;\">Alcance de voltagem<\/td>\n<td style=\"text-align: center;\" rowspan=\"2\" width=\"72\"><span style=\"vertical-align: inherit;\"><span style=\"vertical-align: inherit;\">W240<\/span><\/span><\/td>\n<td style=\"text-align: center;\" colspan=\"4\" width=\"359\"><span style=\"vertical-align: inherit;\"><span style=\"vertical-align: inherit;\">CA\/CC 12-240 V (50-60 Hz)<\/span><\/span><\/td>\n<\/tr>\n<tr>\n<td style=\"text-align: center;\" width=\"103\">Fardo&nbsp;<\/td>\n<td style=\"text-align: center;\" colspan=\"4\" width=\"359\"><span style=\"vertical-align: inherit;\"><span style=\"vertical-align: inherit;\">CA 0,09-3VA\/CC 0,05-1,7W<\/span><\/span><\/td>\n<\/tr>\n<tr>\n<td style=\"text-align: center;\">Entrada de energia<\/td>\n<td style=\"text-align: center;\" rowspan=\"2\" width=\"72\"><span style=\"vertical-align: inherit;\"><span style=\"vertical-align: inherit;\">A230<\/span><\/span><\/td>\n<td style=\"text-align: center;\" colspan=\"4\" width=\"359\"><span style=\"vertical-align: inherit;\"><span style=\"vertical-align: inherit;\">CA 230 V (50-60 Hz)<\/span><\/span><\/td>\n<\/tr>\n<tr>\n<td style=\"text-align: center;\">Alcance de voltagem<\/td>\n<td style=\"text-align: center;\" colspan=\"3\" width=\"231\"><span style=\"vertical-align: inherit;\"><span style=\"vertical-align: inherit;\">CA m\u00e1x.6VA\/1,3W<\/span><\/span><\/td>\n<td style=\"text-align: center;\"><span style=\"vertical-align: inherit;\"><span style=\"vertical-align: inherit;\">CA m\u00e1x.6VA\/1,9W<\/span><\/span><\/td>\n<\/tr>\n<tr>\n<td style=\"text-align: center;\" colspan=\"2\" width=\"175\">Toler\u00e2ncia de tens\u00e3o de alimenta\u00e7\u00e3o<\/td>\n<td style=\"text-align: center;\" colspan=\"4\" width=\"359\"><span style=\"vertical-align: inherit;\"><span style=\"vertical-align: inherit;\">-15%;+10%<\/span><\/span><\/td>\n<\/tr>\n<tr>\n<td style=\"text-align: center;\" colspan=\"2\" width=\"175\">Indica\u00e7\u00e3o de Abastecimento<\/td>\n<td style=\"text-align: center;\" colspan=\"4\" width=\"359\"><span style=\"vertical-align: inherit;\"><span style=\"vertical-align: inherit;\">&nbsp;LED verde<\/span><\/span><\/td>\n<\/tr>\n<tr>\n<td style=\"text-align: center;\" colspan=\"2\" width=\"175\">Intervalos de tempo<\/td>\n<td style=\"text-align: center;\" colspan=\"4\" width=\"359\">0,1 s-10 dias, LIGADO, DESLIGADO<\/td>\n<\/tr>\n<tr>\n<td style=\"text-align: center;\" colspan=\"2\" width=\"175\">Configura\u00e7\u00e3o de hora<\/td>\n<td style=\"text-align: center;\" colspan=\"4\" width=\"359\">potenci\u00f4metro<\/td>\n<\/tr>\n<tr>\n<td style=\"text-align: center;\" colspan=\"2\" width=\"175\">Desvio de tempo<\/td>\n<td style=\"text-align: center;\" colspan=\"4\" width=\"359\"><span style=\"vertical-align: inherit;\"><span style=\"vertical-align: inherit;\">10%-configura\u00e7\u00e3o mec\u00e2nica<\/span><\/span><\/td>\n<\/tr>\n<tr>\n<td style=\"text-align: center;\" colspan=\"2\" width=\"175\">Precis\u00e3o de repeti\u00e7\u00e3o<\/td>\n<td style=\"text-align: center;\" colspan=\"4\" width=\"359\"><span style=\"vertical-align: inherit;\"><span style=\"vertical-align: inherit;\">0,2%-estabilidade do valor definido<\/span><\/span><\/td>\n<\/tr>\n<tr>\n<td style=\"text-align: center;\" colspan=\"2\" width=\"175\">Coeficiente de temperatura<\/td>\n<td style=\"text-align: center;\" colspan=\"4\" width=\"359\"><span style=\"vertical-align: inherit;\"><span style=\"vertical-align: inherit;\">&nbsp;0,05%\/\u2103,at=20\u00b0C(0,05%\u00b0F,at=68\u00b0F)<\/span><\/span><\/td>\n<\/tr>\n<tr>\n<td style=\"text-align: center;\" colspan=\"2\" width=\"175\">Sa\u00edda<\/td>\n<td style=\"text-align: center;\" width=\"87\">1xSPDT<\/td>\n<td style=\"text-align: center;\" colspan=\"3\" width=\"272\">2xSPDT<\/td>\n<\/tr>\n<tr>\n<td style=\"text-align: center;\" colspan=\"2\" width=\"175\">Avalia\u00e7\u00e3o atual<\/td>\n<td style=\"text-align: center;\"><span style=\"vertical-align: inherit;\"><span style=\"vertical-align: inherit;\">1x16A(AC1)<\/span><\/span><\/td>\n<td style=\"text-align: center;\" colspan=\"3\" width=\"272\"><span style=\"vertical-align: inherit;\"><span style=\"vertical-align: inherit;\">2x16A(AC1)<\/span><\/span><\/td>\n<\/tr>\n<tr>\n<td style=\"text-align: center;\" colspan=\"2\" width=\"175\">Tens\u00e3o de comuta\u00e7\u00e3o<\/td>\n<td style=\"text-align: center;\" colspan=\"4\" width=\"359\"><span style=\"vertical-align: inherit;\"><span style=\"vertical-align: inherit;\">250VAC\/24VCC<\/span><\/span><\/td>\n<\/tr>\n<tr>\n<td style=\"text-align: center;\" colspan=\"2\" width=\"175\">Capacidade m\u00ednima de interrup\u00e7\u00e3o DC<\/td>\n<td style=\"text-align: center;\" colspan=\"4\" width=\"359\"><span style=\"vertical-align: inherit;\"><span style=\"vertical-align: inherit;\">500 mW<\/span><\/span><\/td>\n<\/tr>\n<tr>\n<td style=\"text-align: center;\" colspan=\"2\" width=\"175\">Indica\u00e7\u00e3o de Sa\u00edda<\/td>\n<td style=\"text-align: center;\" colspan=\"4\" width=\"359\"><span style=\"vertical-align: inherit;\"><span style=\"vertical-align: inherit;\">LED vermelho<\/span><\/span><\/td>\n<\/tr>\n<tr>\n<td style=\"text-align: center;\" colspan=\"2\" width=\"175\">Vida Mec\u00e2nica<\/td>\n<td style=\"text-align: center;\" colspan=\"4\" width=\"359\"><span style=\"vertical-align: inherit;\"><span style=\"vertical-align: inherit;\">1\u00d710000000 vezes<\/span><\/span><\/td>\n<\/tr>\n<tr>\n<td style=\"text-align: center;\" colspan=\"2\" width=\"175\">Vida El\u00e9trica (AC1)<\/td>\n<td style=\"text-align: center;\" colspan=\"4\" width=\"359\"><span style=\"vertical-align: inherit;\"><span style=\"vertical-align: inherit;\">1\u00d7100.000 vezes<\/span><\/span><\/td>\n<\/tr>\n<tr>\n<td style=\"text-align: center;\" colspan=\"2\" width=\"175\">Redefinir hora<\/td>\n<td style=\"text-align: center;\" colspan=\"4\" width=\"359\"><span style=\"vertical-align: inherit;\"><span style=\"vertical-align: inherit;\">m\u00e1x. 200ms<\/span><\/span><\/td>\n<\/tr>\n<tr>\n<td style=\"text-align: center;\" colspan=\"2\" width=\"175\">Temperatura de opera\u00e7\u00e3o<\/td>\n<td style=\"text-align: center;\" colspan=\"4\" width=\"359\"><span style=\"vertical-align: inherit;\"><span style=\"vertical-align: inherit;\">&nbsp;-20\u00b0C a +55\u00b0C\uff08-4\u00b0F a 131\u00b0F\uff09<\/span><\/span><\/td>\n<\/tr>\n<tr>\n<td style=\"text-align: center;\" colspan=\"2\" width=\"175\">Temperatura de armazenamento<\/td>\n<td style=\"text-align: center;\" colspan=\"4\" width=\"359\"><span style=\"vertical-align: inherit;\"><span style=\"vertical-align: inherit;\">&nbsp;-35\u00b0C a +75\u00b0C\uff08-22\u00b0C a 158\u00b0C\uff09<\/span><\/span><\/td>\n<\/tr>\n<tr>\n<td style=\"text-align: center;\" colspan=\"2\" width=\"175\">Padr\u00f5es<\/td>\n<td style=\"text-align: center;\" colspan=\"4\" width=\"359\"><span style=\"vertical-align: inherit;\"><span style=\"vertical-align: inherit;\">EN 61812-1\u3001IEC6947-5-1<\/span><\/span><\/td>\n<\/tr>\n<\/tbody>\n<\/table>\n\n\n<figure><img fetchpriority=\"high\" decoding=\"async\" src=\"https:\/\/www.tosunlux.eu\/wp-content\/uploads\/2022\/04\/TRT8-1-1024x493.jpg\" alt=\"\" width=\"549\" height=\"264\"\/><\/figure>","protected":false},"parent":0,"template":"","product_category":[35,92],"class_list":["post-1113","product","type-product","status-publish","hentry","product_category-industrial-control-devices","product_category-timer-relay"],"yoast_head":"<!-- This site is optimized with the Yoast SEO plugin v27.3 - https:\/\/yoast.com\/product\/yoast-seo-wordpress\/ -->\n<title>WholesaleMultifunction Time Relay TRT8 - TOSUNlux Official Site - Electrical Circuit Breaker Manufacturer in China Low Voltage Electrical Supplier | TOSUNlux<\/title>\n<meta name=\"description\" content=\"Multifunction Time Relay TRT8 Supplier - Wholesale direct from TOSUNlux, a trusted manufacturer since 1994. Get your B2B factory quote on our certified Low Voltage electrical products.\" \/>\n<meta name=\"robots\" content=\"index, follow, max-snippet:-1, max-image-preview:large, max-video-preview:-1\" \/>\n<link rel=\"canonical\" href=\"https:\/\/www.tosunlux.eu\/pt\/products\/multifunction-time-relay-trt8\/\" \/>\n<meta property=\"og:locale\" content=\"pt_BR\" \/>\n<meta property=\"og:type\" content=\"article\" \/>\n<meta property=\"og:title\" content=\"WholesaleMultifunction Time Relay TRT8 - TOSUNlux Official Site - Electrical Circuit Breaker Manufacturer in China Low Voltage Electrical Supplier | TOSUNlux\" \/>\n<meta property=\"og:description\" content=\"Multifunction Time Relay TRT8 Supplier - Wholesale direct from TOSUNlux, a trusted manufacturer since 1994. Get your B2B factory quote on our certified Low Voltage electrical products.\" \/>\n<meta property=\"og:url\" content=\"https:\/\/www.tosunlux.eu\/pt\/products\/multifunction-time-relay-trt8\/\" \/>\n<meta property=\"og:site_name\" content=\"TOSUNlux Official Site - Electrical Circuit Breaker Manufacturer in China\" \/>\n<meta property=\"article:publisher\" content=\"https:\/\/www.facebook.com\/TOSUNelectric\/\" \/>\n<meta property=\"article:modified_time\" content=\"2024-07-23T01:06:45+00:00\" \/>\n<meta property=\"og:image\" content=\"https:\/\/www.tosunlux.eu\/wp-content\/uploads\/2022\/04\/TRT8-1-1024x493.jpg\" \/>\n<meta name=\"twitter:card\" content=\"summary_large_image\" \/>\n<meta name=\"twitter:label1\" content=\"Est. tempo de leitura\" \/>\n\t<meta name=\"twitter:data1\" content=\"2 minutos\" \/>\n<script type=\"application\/ld+json\" class=\"yoast-schema-graph\">{\"@context\":\"https:\\\/\\\/schema.org\",\"@graph\":[{\"@type\":\"WebPage\",\"@id\":\"https:\\\/\\\/www.tosunlux.eu\\\/tr\\\/products\\\/multifunction-time-relay-trt8\\\/\",\"url\":\"https:\\\/\\\/www.tosunlux.eu\\\/tr\\\/products\\\/multifunction-time-relay-trt8\\\/\",\"name\":\"WholesaleMultifunction Time Relay TRT8 - TOSUNlux Official Site - Electrical Circuit Breaker Manufacturer in China Low Voltage Electrical Supplier | TOSUNlux\",\"isPartOf\":{\"@id\":\"https:\\\/\\\/www.tosunlux.eu\\\/ru\\\/#website\"},\"primaryImageOfPage\":{\"@id\":\"https:\\\/\\\/www.tosunlux.eu\\\/tr\\\/products\\\/multifunction-time-relay-trt8\\\/#primaryimage\"},\"image\":{\"@id\":\"https:\\\/\\\/www.tosunlux.eu\\\/tr\\\/products\\\/multifunction-time-relay-trt8\\\/#primaryimage\"},\"thumbnailUrl\":\"https:\\\/\\\/www.tosunlux.eu\\\/wp-content\\\/uploads\\\/2022\\\/04\\\/TRT8-1-1024x493.jpg\",\"datePublished\":\"2022-04-14T07:19:47+00:00\",\"dateModified\":\"2024-07-23T01:06:45+00:00\",\"description\":\"Multifunction Time Relay TRT8 Supplier - Wholesale direct from TOSUNlux, a trusted manufacturer since 1994. Get your B2B factory quote on our certified Low Voltage electrical products.\",\"breadcrumb\":{\"@id\":\"https:\\\/\\\/www.tosunlux.eu\\\/tr\\\/products\\\/multifunction-time-relay-trt8\\\/#breadcrumb\"},\"inLanguage\":\"pt-BR\",\"potentialAction\":[{\"@type\":\"ReadAction\",\"target\":[\"https:\\\/\\\/www.tosunlux.eu\\\/tr\\\/products\\\/multifunction-time-relay-trt8\\\/\"]}]},{\"@type\":\"ImageObject\",\"inLanguage\":\"pt-BR\",\"@id\":\"https:\\\/\\\/www.tosunlux.eu\\\/tr\\\/products\\\/multifunction-time-relay-trt8\\\/#primaryimage\",\"url\":\"https:\\\/\\\/www.tosunlux.eu\\\/wp-content\\\/uploads\\\/2022\\\/04\\\/TRT8-1-1024x493.jpg\",\"contentUrl\":\"https:\\\/\\\/www.tosunlux.eu\\\/wp-content\\\/uploads\\\/2022\\\/04\\\/TRT8-1-1024x493.jpg\"},{\"@type\":\"BreadcrumbList\",\"@id\":\"https:\\\/\\\/www.tosunlux.eu\\\/tr\\\/products\\\/multifunction-time-relay-trt8\\\/#breadcrumb\",\"itemListElement\":[{\"@type\":\"ListItem\",\"position\":1,\"name\":\"Home\",\"item\":\"https:\\\/\\\/www.tosunlux.eu\\\/ru\\\/\"},{\"@type\":\"ListItem\",\"position\":2,\"name\":\"Products\",\"item\":\"https:\\\/\\\/www.tosunlux.eu\\\/products\\\/\"},{\"@type\":\"ListItem\",\"position\":3,\"name\":\"Multifunction Time Relay TRT8\"}]},{\"@type\":\"WebSite\",\"@id\":\"https:\\\/\\\/www.tosunlux.eu\\\/ru\\\/#website\",\"url\":\"https:\\\/\\\/www.tosunlux.eu\\\/ru\\\/\",\"name\":\"TOSUNlux Official Site - Electrical Circuit Breaker Manufacturer in China\",\"description\":\"Power Distribution System Supplier\",\"publisher\":{\"@id\":\"https:\\\/\\\/www.tosunlux.eu\\\/ru\\\/#organization\"},\"alternateName\":\"TOSUNlux\",\"potentialAction\":[{\"@type\":\"SearchAction\",\"target\":{\"@type\":\"EntryPoint\",\"urlTemplate\":\"https:\\\/\\\/www.tosunlux.eu\\\/ru\\\/?s={search_term_string}\"},\"query-input\":{\"@type\":\"PropertyValueSpecification\",\"valueRequired\":true,\"valueName\":\"search_term_string\"}}],\"inLanguage\":\"pt-BR\"},{\"@type\":\"Organization\",\"@id\":\"https:\\\/\\\/www.tosunlux.eu\\\/ru\\\/#organization\",\"name\":\"TOSUNlux\",\"url\":\"https:\\\/\\\/www.tosunlux.eu\\\/ru\\\/\",\"logo\":{\"@type\":\"ImageObject\",\"inLanguage\":\"pt-BR\",\"@id\":\"https:\\\/\\\/www.tosunlux.eu\\\/ru\\\/#\\\/schema\\\/logo\\\/image\\\/\",\"url\":\"https:\\\/\\\/www.tosunlux.eu\\\/wp-content\\\/uploads\\\/2022\\\/01\\\/LOGOSYSM.71762f1.png\",\"contentUrl\":\"https:\\\/\\\/www.tosunlux.eu\\\/wp-content\\\/uploads\\\/2022\\\/01\\\/LOGOSYSM.71762f1.png\",\"width\":153,\"height\":55,\"caption\":\"TOSUNlux\"},\"image\":{\"@id\":\"https:\\\/\\\/www.tosunlux.eu\\\/ru\\\/#\\\/schema\\\/logo\\\/image\\\/\"},\"sameAs\":[\"https:\\\/\\\/www.facebook.com\\\/TOSUNelectric\\\/\",\"https:\\\/\\\/www.linkedin.com\\\/company\\\/wenzhou-tosun-electric-co.-ltd\\\/\"]}]}<\/script>\n<!-- \/ Yoast SEO plugin. -->","yoast_head_json":{"title":"Rel\u00e9 de Tempo Multifuncional TRT8 - Site Oficial da TOSUNlux - Fabricante de Disjuntores El\u00e9tricos na China - Fornecedor de Eletricidade de Baixa Tens\u00e3o | TOSUNlux","description":"Fornecedor de rel\u00e9 de tempo multifuncional TRT8 - Venda por atacado direto da TOSUNlux, um fabricante confi\u00e1vel desde 1994. Obtenha seu or\u00e7amento de f\u00e1brica B2B para nossos produtos el\u00e9tricos de baixa tens\u00e3o certificados.","robots":{"index":"index","follow":"follow","max-snippet":"max-snippet:-1","max-image-preview":"max-image-preview:large","max-video-preview":"max-video-preview:-1"},"canonical":"https:\/\/www.tosunlux.eu\/pt\/products\/multifunction-time-relay-trt8\/","og_locale":"pt_BR","og_type":"article","og_title":"WholesaleMultifunction Time Relay TRT8 - TOSUNlux Official Site - Electrical Circuit Breaker Manufacturer in China Low Voltage Electrical Supplier | TOSUNlux","og_description":"Multifunction Time Relay TRT8 Supplier - Wholesale direct from TOSUNlux, a trusted manufacturer since 1994. Get your B2B factory quote on our certified Low Voltage electrical products.","og_url":"https:\/\/www.tosunlux.eu\/pt\/products\/multifunction-time-relay-trt8\/","og_site_name":"TOSUNlux Official Site - Electrical Circuit Breaker Manufacturer in China","article_publisher":"https:\/\/www.facebook.com\/TOSUNelectric\/","article_modified_time":"2024-07-23T01:06:45+00:00","og_image":[{"url":"https:\/\/www.tosunlux.eu\/wp-content\/uploads\/2022\/04\/TRT8-1-1024x493.jpg","type":"","width":"","height":""}],"twitter_card":"summary_large_image","twitter_misc":{"Est. tempo de leitura":"2 minutos"},"schema":{"@context":"https:\/\/schema.org","@graph":[{"@type":"WebPage","@id":"https:\/\/www.tosunlux.eu\/tr\/products\/multifunction-time-relay-trt8\/","url":"https:\/\/www.tosunlux.eu\/tr\/products\/multifunction-time-relay-trt8\/","name":"Rel\u00e9 de Tempo Multifuncional TRT8 - Site Oficial da TOSUNlux - Fabricante de Disjuntores El\u00e9tricos na China - Fornecedor de Eletricidade de Baixa Tens\u00e3o | TOSUNlux","isPartOf":{"@id":"https:\/\/www.tosunlux.eu\/ru\/#website"},"primaryImageOfPage":{"@id":"https:\/\/www.tosunlux.eu\/tr\/products\/multifunction-time-relay-trt8\/#primaryimage"},"image":{"@id":"https:\/\/www.tosunlux.eu\/tr\/products\/multifunction-time-relay-trt8\/#primaryimage"},"thumbnailUrl":"https:\/\/www.tosunlux.eu\/wp-content\/uploads\/2022\/04\/TRT8-1-1024x493.jpg","datePublished":"2022-04-14T07:19:47+00:00","dateModified":"2024-07-23T01:06:45+00:00","description":"Fornecedor de rel\u00e9 de tempo multifuncional TRT8 - Venda por atacado direto da TOSUNlux, um fabricante confi\u00e1vel desde 1994. Obtenha seu or\u00e7amento de f\u00e1brica B2B para nossos produtos el\u00e9tricos de baixa tens\u00e3o certificados.","breadcrumb":{"@id":"https:\/\/www.tosunlux.eu\/tr\/products\/multifunction-time-relay-trt8\/#breadcrumb"},"inLanguage":"pt-BR","potentialAction":[{"@type":"ReadAction","target":["https:\/\/www.tosunlux.eu\/tr\/products\/multifunction-time-relay-trt8\/"]}]},{"@type":"ImageObject","inLanguage":"pt-BR","@id":"https:\/\/www.tosunlux.eu\/tr\/products\/multifunction-time-relay-trt8\/#primaryimage","url":"https:\/\/www.tosunlux.eu\/wp-content\/uploads\/2022\/04\/TRT8-1-1024x493.jpg","contentUrl":"https:\/\/www.tosunlux.eu\/wp-content\/uploads\/2022\/04\/TRT8-1-1024x493.jpg"},{"@type":"BreadcrumbList","@id":"https:\/\/www.tosunlux.eu\/tr\/products\/multifunction-time-relay-trt8\/#breadcrumb","itemListElement":[{"@type":"ListItem","position":1,"name":"Home","item":"https:\/\/www.tosunlux.eu\/ru\/"},{"@type":"ListItem","position":2,"name":"Products","item":"https:\/\/www.tosunlux.eu\/products\/"},{"@type":"ListItem","position":3,"name":"Multifunction Time Relay TRT8"}]},{"@type":"WebSite","@id":"https:\/\/www.tosunlux.eu\/ru\/#website","url":"https:\/\/www.tosunlux.eu\/ru\/","name":"Site Oficial TOSUNlux - Fabricante de Disjuntores El\u00e9tricos na China","description":"Fornecedor de sistema de distribui\u00e7\u00e3o de energia","publisher":{"@id":"https:\/\/www.tosunlux.eu\/ru\/#organization"},"alternateName":"TOSUNlux","potentialAction":[{"@type":"SearchAction","target":{"@type":"EntryPoint","urlTemplate":"https:\/\/www.tosunlux.eu\/ru\/?s={search_term_string}"},"query-input":{"@type":"PropertyValueSpecification","valueRequired":true,"valueName":"search_term_string"}}],"inLanguage":"pt-BR"},{"@type":"Organization","@id":"https:\/\/www.tosunlux.eu\/ru\/#organization","name":"TOSUNlux","url":"https:\/\/www.tosunlux.eu\/ru\/","logo":{"@type":"ImageObject","inLanguage":"pt-BR","@id":"https:\/\/www.tosunlux.eu\/ru\/#\/schema\/logo\/image\/","url":"https:\/\/www.tosunlux.eu\/wp-content\/uploads\/2022\/01\/LOGOSYSM.71762f1.png","contentUrl":"https:\/\/www.tosunlux.eu\/wp-content\/uploads\/2022\/01\/LOGOSYSM.71762f1.png","width":153,"height":55,"caption":"TOSUNlux"},"image":{"@id":"https:\/\/www.tosunlux.eu\/ru\/#\/schema\/logo\/image\/"},"sameAs":["https:\/\/www.facebook.com\/TOSUNelectric\/","https:\/\/www.linkedin.com\/company\/wenzhou-tosun-electric-co.-ltd\/"]}]}},"_links":{"self":[{"href":"https:\/\/www.tosunlux.eu\/pt\/wp-json\/wp\/v2\/product\/1113","targetHints":{"allow":["GET"]}}],"collection":[{"href":"https:\/\/www.tosunlux.eu\/pt\/wp-json\/wp\/v2\/product"}],"about":[{"href":"https:\/\/www.tosunlux.eu\/pt\/wp-json\/wp\/v2\/types\/product"}],"version-history":[{"count":32,"href":"https:\/\/www.tosunlux.eu\/pt\/wp-json\/wp\/v2\/product\/1113\/revisions"}],"predecessor-version":[{"id":13038,"href":"https:\/\/www.tosunlux.eu\/pt\/wp-json\/wp\/v2\/product\/1113\/revisions\/13038"}],"wp:attachment":[{"href":"https:\/\/www.tosunlux.eu\/pt\/wp-json\/wp\/v2\/media?parent=1113"}],"wp:term":[{"taxonomy":"product_category","embeddable":true,"href":"https:\/\/www.tosunlux.eu\/pt\/wp-json\/wp\/v2\/product_category?post=1113"}],"curies":[{"name":"wp","href":"https:\/\/api.w.org\/{rel}","templated":true}]}}