{"id":1131,"date":"2022-04-14T16:49:38","date_gmt":"2022-04-14T08:49:38","guid":{"rendered":"https:\/\/www.tosunlux.eu\/?post_type=product&#038;p=1131"},"modified":"2023-09-13T11:10:20","modified_gmt":"2023-09-13T03:10:20","slug":"asymmetric-cycler-time-relay-trt8","status":"publish","type":"product","link":"https:\/\/www.tosunlux.eu\/pt\/products\/asymmetric-cycler-time-relay-trt8\/","title":{"rendered":"Rel\u00e9 de tempo ciclador assim\u00e9trico TRT8"},"content":{"rendered":"<pre class=\"wp-block-verse\"><strong>Formul\u00e1rios<\/strong>\nPara comuta\u00e7\u00e3o gradual de pot\u00eancias pesadas (egel.heating), evita golpes de corrente no principal.\n\n<strong>Recurso<\/strong>\n\n2x Delay ON (2 rel\u00e9s de tempo em um) Escala de tempo 0,1s-100 dias divididos em 10 faixas de tempo: 0,1s-1s\/1s-10s\/0,1min-1min\/1min-10min\/0,1h-1h\/1h-10hrs\/ 0,1 dia-1 dia\/1 dia-10 dias\/LIGADO\/DESLIGADO. Os tempos t1 e t2 s\u00e3o ajust\u00e1veis independentemente. t1 e t2 s\u00e3o ligados ap\u00f3s a conex\u00e3o da tens\u00e3o de alimenta\u00e7\u00e3o. O status do rel\u00e9 \u00e9 indicado por LED. 1-M\u00d3DULO, montagem em trilho DIN.\n\n\n<strong>Par\u00e2metros t\u00e9cnicos<\/strong><\/pre>\n\n\n<p>\u00a0<\/p>\n<table style=\"height: 893px;\" width=\"516\">\n<tbody>\n<tr>\n<td style=\"text-align: center;\" colspan=\"2\" width=\"144\">Modelo<\/td>\n<td style=\"text-align: center;\" colspan=\"2\" width=\"144\">TRT8-S1<\/td>\n<td style=\"text-align: center;\" width=\"149\">TRT8-S2<\/td>\n<\/tr>\n<tr>\n<td style=\"text-align: center;\" colspan=\"2\" width=\"144\">Fun\u00e7\u00e3o<\/td>\n<td style=\"text-align: center;\" colspan=\"3\" width=\"293\">Rel\u00e9 de tempo do ciclador assim\u00e9trico<\/td>\n<\/tr>\n<tr>\n<td style=\"text-align: center;\" colspan=\"2\" width=\"144\">Terminais de alimenta\u00e7\u00e3o<\/td>\n<td style=\"text-align: center;\" colspan=\"3\" width=\"293\">A1-A2<\/td>\n<\/tr>\n<tr>\n<td style=\"text-align: center;\" width=\"72\">Alcance de voltagem<\/td>\n<td style=\"text-align: center;\" rowspan=\"2\" width=\"72\">W240<\/td>\n<td style=\"text-align: center;\" colspan=\"3\" width=\"293\">CA\/CC 12-240 V (50-60 Hz)<\/td>\n<\/tr>\n<tr>\n<td style=\"text-align: center;\" width=\"72\">uaping<\/td>\n<td style=\"text-align: center;\" colspan=\"3\" width=\"293\">CA 0,09-3VA\/CC 0,05-1,7W<\/td>\n<\/tr>\n<tr>\n<td style=\"text-align: center;\" width=\"72\">Alcance de voltagem<\/td>\n<td style=\"text-align: center;\" rowspan=\"2\" width=\"72\">A230<\/td>\n<td style=\"text-align: center;\" colspan=\"3\" width=\"293\">CA 230 V (50-60 Hz)<\/td>\n<\/tr>\n<tr>\n<td style=\"text-align: center;\" width=\"72\">Entrada de energia<\/td>\n<td style=\"text-align: center;\" colspan=\"2\" width=\"144\">CA m\u00e1x.6VA\/1,3W<\/td>\n<td style=\"text-align: center;\" width=\"149\">CA m\u00e1x.6VA\/1,9W<\/td>\n<\/tr>\n<tr>\n<td style=\"text-align: center;\" colspan=\"2\" width=\"144\">Toler\u00e2ncia de tens\u00e3o de alimenta\u00e7\u00e3o<\/td>\n<td style=\"text-align: center;\" colspan=\"3\" width=\"293\">-15%;+10%<\/td>\n<\/tr>\n<tr>\n<td style=\"text-align: center;\" colspan=\"2\" width=\"144\">indica\u00e7\u00e3o de abastecimento<\/td>\n<td style=\"text-align: center;\" colspan=\"3\" width=\"293\">LED verde<\/td>\n<\/tr>\n<tr>\n<td style=\"text-align: center;\" colspan=\"2\" width=\"144\">intervalos de tempo<\/td>\n<td style=\"text-align: center;\" colspan=\"3\" width=\"293\">0,1 s-100 dias<\/td>\n<\/tr>\n<tr>\n<td style=\"text-align: center;\" colspan=\"2\" width=\"144\">Configura\u00e7\u00e3o de tempo<\/td>\n<td style=\"text-align: center;\" colspan=\"3\" width=\"293\">potenci\u00f4metro<\/td>\n<\/tr>\n<tr>\n<td style=\"text-align: center;\" colspan=\"2\" width=\"144\">desvio de tempo<\/td>\n<td style=\"text-align: center;\" colspan=\"3\" width=\"293\">10%-configura\u00e7\u00e3o mec\u00e2nica<\/td>\n<\/tr>\n<tr>\n<td style=\"text-align: center;\" colspan=\"2\" width=\"144\">Repetir precis\u00e3o<\/td>\n<td style=\"text-align: center;\" colspan=\"3\" width=\"293\">0,2%-estabilidade do valor definido<\/td>\n<\/tr>\n<tr>\n<td style=\"text-align: center;\" colspan=\"2\" width=\"144\">Coeficiente de temperatura<\/td>\n<td style=\"text-align: center;\" colspan=\"3\" width=\"293\">\u00a00,05%\/\u2103,at=20\u00b0C(0,05%\u00b0F,at=68\u00b0F)<\/td>\n<\/tr>\n<tr>\n<td style=\"text-align: center;\" colspan=\"2\" width=\"144\">Sa\u00edda<\/td>\n<td style=\"text-align: center;\" width=\"72\">1xSPDT<\/td>\n<td style=\"text-align: center;\" colspan=\"2\" width=\"221\">2xSPDT<\/td>\n<\/tr>\n<tr>\n<td style=\"text-align: center;\" colspan=\"2\" width=\"144\">Avalia\u00e7\u00e3o atual<\/td>\n<td style=\"text-align: center;\" width=\"72\">1x16A(AC1)<\/td>\n<td style=\"text-align: center;\" colspan=\"2\" width=\"221\">2x16A(AC1)<\/td>\n<\/tr>\n<tr>\n<td style=\"text-align: center;\" colspan=\"2\" width=\"144\">Tens\u00e3o de comuta\u00e7\u00e3o<\/td>\n<td style=\"text-align: center;\" colspan=\"3\" width=\"293\">250VAC\/24VCC<\/td>\n<\/tr>\n<tr>\n<td style=\"text-align: center;\" colspan=\"2\" width=\"144\">Capacidade m\u00ednima de interrup\u00e7\u00e3o DC<\/td>\n<td style=\"text-align: center;\" colspan=\"3\" width=\"293\">500mW<\/td>\n<\/tr>\n<tr>\n<td style=\"text-align: center;\" colspan=\"2\" width=\"144\">indica\u00e7\u00e3o de sa\u00edda<\/td>\n<td style=\"text-align: center;\" colspan=\"3\" width=\"293\">LED vermelho<\/td>\n<\/tr>\n<tr>\n<td style=\"text-align: center;\" colspan=\"2\" width=\"144\">Vida mec\u00e2nica<\/td>\n<td style=\"text-align: center;\" colspan=\"3\" width=\"293\">1&#215;10000000<\/td>\n<\/tr>\n<tr>\n<td style=\"text-align: center;\" colspan=\"2\" width=\"144\">Vida el\u00e9trica (AC1)<\/td>\n<td style=\"text-align: center;\" colspan=\"3\" width=\"293\">1&#215;100000<\/td>\n<\/tr>\n<tr>\n<td style=\"text-align: center;\" colspan=\"2\" width=\"144\">Redefinir hora<\/td>\n<td style=\"text-align: center;\" colspan=\"3\" width=\"293\">m\u00e1x. 200ms<\/td>\n<\/tr>\n<tr>\n<td style=\"text-align: center;\" colspan=\"2\" width=\"144\">Temperatura de opera\u00e7\u00e3o<\/td>\n<td style=\"text-align: center;\" colspan=\"3\" width=\"293\">\u00a0-20 \u2103 a +55 \u2103 (-4 \u2109 a 131 \u2109)<\/td>\n<\/tr>\n<tr>\n<td style=\"text-align: center;\" colspan=\"2\" width=\"144\">Temperatura de armazenamento<\/td>\n<td style=\"text-align: center;\" colspan=\"3\" width=\"293\">\u00a0-35\u00b0\u2103 a +75\u00b0C (-22\u2109 a 158\u2109)<\/td>\n<\/tr>\n<tr>\n<td style=\"text-align: center;\" colspan=\"2\" width=\"144\">Padr\u00f5es<\/td>\n<td style=\"text-align: center;\" colspan=\"3\" width=\"293\">EN 61812-1,IEC6947-5-1<\/td>\n<\/tr>\n<\/tbody>\n<\/table>\n<p><strong>Dimens\u00e3o<\/strong><\/p>\n<p>\u00a0<\/p>\n\n\n<figure class=\"wp-block-image size-large is-resized\"><img fetchpriority=\"high\" decoding=\"async\" src=\"https:\/\/www.tosunlux.eu\/wp-content\/uploads\/2022\/04\/DIMENSION-S2-1024x468.jpg\" alt=\"\" class=\"wp-image-1136\" width=\"528\" height=\"240\" srcset=\"https:\/\/www.tosunlux.eu\/wp-content\/uploads\/2022\/04\/DIMENSION-S2-1024x468.jpg 1024w, https:\/\/www.tosunlux.eu\/wp-content\/uploads\/2022\/04\/DIMENSION-S2-300x137.jpg 300w, https:\/\/www.tosunlux.eu\/wp-content\/uploads\/2022\/04\/DIMENSION-S2-768x351.jpg 768w, https:\/\/www.tosunlux.eu\/wp-content\/uploads\/2022\/04\/DIMENSION-S2-1536x702.jpg 1536w, https:\/\/www.tosunlux.eu\/wp-content\/uploads\/2022\/04\/DIMENSION-S2.jpg 1600w\" sizes=\"(max-width: 528px) 100vw, 528px\" \/><\/figure>\n\n\n\n<p><\/p>","protected":false},"parent":0,"template":"","product_category":[35,92],"class_list":["post-1131","product","type-product","status-publish","hentry","product_category-industrial-control-devices","product_category-timer-relay"],"yoast_head":"<!-- This site is optimized with the Yoast SEO plugin v27.4 - https:\/\/yoast.com\/product\/yoast-seo-wordpress\/ -->\n<title>WholesaleAsymmetric Cycler Time Relay TRT8 - TOSUNlux Official Site - Electrical Circuit Breaker Manufacturer in China Low Voltage Electrical Supplier | TOSUNlux<\/title>\n<meta name=\"description\" content=\"Asymmetric Cycler Time Relay TRT8 Supplier - Wholesale direct from TOSUNlux, a trusted manufacturer since 1994. Get your B2B factory quote on our certified Low Voltage electrical products.\" \/>\n<meta name=\"robots\" content=\"index, follow, max-snippet:-1, max-image-preview:large, max-video-preview:-1\" \/>\n<link rel=\"canonical\" href=\"https:\/\/www.tosunlux.eu\/pt\/products\/asymmetric-cycler-time-relay-trt8\/\" \/>\n<meta property=\"og:locale\" content=\"pt_BR\" \/>\n<meta property=\"og:type\" content=\"article\" \/>\n<meta property=\"og:title\" content=\"WholesaleAsymmetric Cycler Time Relay TRT8 - TOSUNlux Official Site - Electrical Circuit Breaker Manufacturer in China Low Voltage Electrical Supplier | TOSUNlux\" \/>\n<meta property=\"og:description\" content=\"Asymmetric Cycler Time Relay TRT8 Supplier - Wholesale direct from TOSUNlux, a trusted manufacturer since 1994. Get your B2B factory quote on our certified Low Voltage electrical products.\" \/>\n<meta property=\"og:url\" content=\"https:\/\/www.tosunlux.eu\/pt\/products\/asymmetric-cycler-time-relay-trt8\/\" \/>\n<meta property=\"og:site_name\" content=\"TOSUNlux Official Site - Electrical Circuit Breaker Manufacturer in China\" \/>\n<meta property=\"article:publisher\" content=\"https:\/\/www.facebook.com\/TOSUNelectric\/\" \/>\n<meta property=\"article:modified_time\" content=\"2023-09-13T03:10:20+00:00\" \/>\n<meta property=\"og:image\" content=\"https:\/\/www.tosunlux.eu\/wp-content\/uploads\/2022\/04\/DIMENSION-S2-1024x468.jpg\" \/>\n<meta name=\"twitter:card\" content=\"summary_large_image\" \/>\n<meta name=\"twitter:label1\" content=\"Est. tempo de leitura\" \/>\n\t<meta name=\"twitter:data1\" content=\"1 minuto\" \/>\n<script type=\"application\/ld+json\" class=\"yoast-schema-graph\">{\"@context\":\"https:\\\/\\\/schema.org\",\"@graph\":[{\"@type\":\"WebPage\",\"@id\":\"https:\\\/\\\/www.tosunlux.eu\\\/tr\\\/products\\\/asymmetric-cycler-time-relay-trt8\\\/\",\"url\":\"https:\\\/\\\/www.tosunlux.eu\\\/tr\\\/products\\\/asymmetric-cycler-time-relay-trt8\\\/\",\"name\":\"WholesaleAsymmetric Cycler Time Relay TRT8 - TOSUNlux Official Site - Electrical Circuit Breaker Manufacturer in China Low Voltage Electrical Supplier | TOSUNlux\",\"isPartOf\":{\"@id\":\"https:\\\/\\\/www.tosunlux.eu\\\/ru\\\/#website\"},\"primaryImageOfPage\":{\"@id\":\"https:\\\/\\\/www.tosunlux.eu\\\/tr\\\/products\\\/asymmetric-cycler-time-relay-trt8\\\/#primaryimage\"},\"image\":{\"@id\":\"https:\\\/\\\/www.tosunlux.eu\\\/tr\\\/products\\\/asymmetric-cycler-time-relay-trt8\\\/#primaryimage\"},\"thumbnailUrl\":\"https:\\\/\\\/www.tosunlux.eu\\\/wp-content\\\/uploads\\\/2022\\\/04\\\/DIMENSION-S2-1024x468.jpg\",\"datePublished\":\"2022-04-14T08:49:38+00:00\",\"dateModified\":\"2023-09-13T03:10:20+00:00\",\"description\":\"Asymmetric Cycler Time Relay TRT8 Supplier - Wholesale direct from TOSUNlux, a trusted manufacturer since 1994. Get your B2B factory quote on our certified Low Voltage electrical products.\",\"breadcrumb\":{\"@id\":\"https:\\\/\\\/www.tosunlux.eu\\\/tr\\\/products\\\/asymmetric-cycler-time-relay-trt8\\\/#breadcrumb\"},\"inLanguage\":\"pt-BR\",\"potentialAction\":[{\"@type\":\"ReadAction\",\"target\":[\"https:\\\/\\\/www.tosunlux.eu\\\/tr\\\/products\\\/asymmetric-cycler-time-relay-trt8\\\/\"]}]},{\"@type\":\"ImageObject\",\"inLanguage\":\"pt-BR\",\"@id\":\"https:\\\/\\\/www.tosunlux.eu\\\/tr\\\/products\\\/asymmetric-cycler-time-relay-trt8\\\/#primaryimage\",\"url\":\"https:\\\/\\\/www.tosunlux.eu\\\/wp-content\\\/uploads\\\/2022\\\/04\\\/DIMENSION-S2-1024x468.jpg\",\"contentUrl\":\"https:\\\/\\\/www.tosunlux.eu\\\/wp-content\\\/uploads\\\/2022\\\/04\\\/DIMENSION-S2-1024x468.jpg\"},{\"@type\":\"BreadcrumbList\",\"@id\":\"https:\\\/\\\/www.tosunlux.eu\\\/tr\\\/products\\\/asymmetric-cycler-time-relay-trt8\\\/#breadcrumb\",\"itemListElement\":[{\"@type\":\"ListItem\",\"position\":1,\"name\":\"Home\",\"item\":\"https:\\\/\\\/www.tosunlux.eu\\\/ru\\\/\"},{\"@type\":\"ListItem\",\"position\":2,\"name\":\"Products\",\"item\":\"https:\\\/\\\/www.tosunlux.eu\\\/products\\\/\"},{\"@type\":\"ListItem\",\"position\":3,\"name\":\"Asymmetric Cycler Time Relay TRT8\"}]},{\"@type\":\"WebSite\",\"@id\":\"https:\\\/\\\/www.tosunlux.eu\\\/ru\\\/#website\",\"url\":\"https:\\\/\\\/www.tosunlux.eu\\\/ru\\\/\",\"name\":\"TOSUNlux Official Site - Electrical Circuit Breaker Manufacturer in China\",\"description\":\"Power Distribution System Supplier\",\"publisher\":{\"@id\":\"https:\\\/\\\/www.tosunlux.eu\\\/ru\\\/#organization\"},\"alternateName\":\"TOSUNlux\",\"potentialAction\":[{\"@type\":\"SearchAction\",\"target\":{\"@type\":\"EntryPoint\",\"urlTemplate\":\"https:\\\/\\\/www.tosunlux.eu\\\/ru\\\/?s={search_term_string}\"},\"query-input\":{\"@type\":\"PropertyValueSpecification\",\"valueRequired\":true,\"valueName\":\"search_term_string\"}}],\"inLanguage\":\"pt-BR\"},{\"@type\":\"Organization\",\"@id\":\"https:\\\/\\\/www.tosunlux.eu\\\/ru\\\/#organization\",\"name\":\"TOSUNlux\",\"url\":\"https:\\\/\\\/www.tosunlux.eu\\\/ru\\\/\",\"logo\":{\"@type\":\"ImageObject\",\"inLanguage\":\"pt-BR\",\"@id\":\"https:\\\/\\\/www.tosunlux.eu\\\/ru\\\/#\\\/schema\\\/logo\\\/image\\\/\",\"url\":\"https:\\\/\\\/www.tosunlux.eu\\\/wp-content\\\/uploads\\\/2022\\\/01\\\/LOGOSYSM.71762f1.png\",\"contentUrl\":\"https:\\\/\\\/www.tosunlux.eu\\\/wp-content\\\/uploads\\\/2022\\\/01\\\/LOGOSYSM.71762f1.png\",\"width\":153,\"height\":55,\"caption\":\"TOSUNlux\"},\"image\":{\"@id\":\"https:\\\/\\\/www.tosunlux.eu\\\/ru\\\/#\\\/schema\\\/logo\\\/image\\\/\"},\"sameAs\":[\"https:\\\/\\\/www.facebook.com\\\/TOSUNelectric\\\/\",\"https:\\\/\\\/www.linkedin.com\\\/company\\\/wenzhou-tosun-electric-co.-ltd\\\/\"]}]}<\/script>\n<!-- \/ Yoast SEO plugin. -->","yoast_head_json":{"title":"Rel\u00e9 de Tempo Ciclador Assim\u00e9trico TRT8 - Site Oficial da TOSUNlux - Fabricante de Disjuntores El\u00e9tricos na China, Fornecedor de Eletricidade de Baixa Tens\u00e3o | TOSUNlux","description":"Fornecedor de rel\u00e9 de tempo ciclador assim\u00e9trico TRT8 - Venda por atacado direto da TOSUNlux, um fabricante confi\u00e1vel desde 1994. Obtenha seu or\u00e7amento de f\u00e1brica B2B para nossos produtos el\u00e9tricos de baixa tens\u00e3o certificados.","robots":{"index":"index","follow":"follow","max-snippet":"max-snippet:-1","max-image-preview":"max-image-preview:large","max-video-preview":"max-video-preview:-1"},"canonical":"https:\/\/www.tosunlux.eu\/pt\/products\/asymmetric-cycler-time-relay-trt8\/","og_locale":"pt_BR","og_type":"article","og_title":"WholesaleAsymmetric Cycler Time Relay TRT8 - TOSUNlux Official Site - Electrical Circuit Breaker Manufacturer in China Low Voltage Electrical Supplier | TOSUNlux","og_description":"Asymmetric Cycler Time Relay TRT8 Supplier - Wholesale direct from TOSUNlux, a trusted manufacturer since 1994. Get your B2B factory quote on our certified Low Voltage electrical products.","og_url":"https:\/\/www.tosunlux.eu\/pt\/products\/asymmetric-cycler-time-relay-trt8\/","og_site_name":"TOSUNlux Official Site - Electrical Circuit Breaker Manufacturer in China","article_publisher":"https:\/\/www.facebook.com\/TOSUNelectric\/","article_modified_time":"2023-09-13T03:10:20+00:00","og_image":[{"url":"https:\/\/www.tosunlux.eu\/wp-content\/uploads\/2022\/04\/DIMENSION-S2-1024x468.jpg","type":"","width":"","height":""}],"twitter_card":"summary_large_image","twitter_misc":{"Est. tempo de leitura":"1 minuto"},"schema":{"@context":"https:\/\/schema.org","@graph":[{"@type":"WebPage","@id":"https:\/\/www.tosunlux.eu\/tr\/products\/asymmetric-cycler-time-relay-trt8\/","url":"https:\/\/www.tosunlux.eu\/tr\/products\/asymmetric-cycler-time-relay-trt8\/","name":"Rel\u00e9 de Tempo Ciclador Assim\u00e9trico TRT8 - Site Oficial da TOSUNlux - Fabricante de Disjuntores El\u00e9tricos na China, Fornecedor de Eletricidade de Baixa Tens\u00e3o | TOSUNlux","isPartOf":{"@id":"https:\/\/www.tosunlux.eu\/ru\/#website"},"primaryImageOfPage":{"@id":"https:\/\/www.tosunlux.eu\/tr\/products\/asymmetric-cycler-time-relay-trt8\/#primaryimage"},"image":{"@id":"https:\/\/www.tosunlux.eu\/tr\/products\/asymmetric-cycler-time-relay-trt8\/#primaryimage"},"thumbnailUrl":"https:\/\/www.tosunlux.eu\/wp-content\/uploads\/2022\/04\/DIMENSION-S2-1024x468.jpg","datePublished":"2022-04-14T08:49:38+00:00","dateModified":"2023-09-13T03:10:20+00:00","description":"Fornecedor de rel\u00e9 de tempo ciclador assim\u00e9trico TRT8 - Venda por atacado direto da TOSUNlux, um fabricante confi\u00e1vel desde 1994. Obtenha seu or\u00e7amento de f\u00e1brica B2B para nossos produtos el\u00e9tricos de baixa tens\u00e3o certificados.","breadcrumb":{"@id":"https:\/\/www.tosunlux.eu\/tr\/products\/asymmetric-cycler-time-relay-trt8\/#breadcrumb"},"inLanguage":"pt-BR","potentialAction":[{"@type":"ReadAction","target":["https:\/\/www.tosunlux.eu\/tr\/products\/asymmetric-cycler-time-relay-trt8\/"]}]},{"@type":"ImageObject","inLanguage":"pt-BR","@id":"https:\/\/www.tosunlux.eu\/tr\/products\/asymmetric-cycler-time-relay-trt8\/#primaryimage","url":"https:\/\/www.tosunlux.eu\/wp-content\/uploads\/2022\/04\/DIMENSION-S2-1024x468.jpg","contentUrl":"https:\/\/www.tosunlux.eu\/wp-content\/uploads\/2022\/04\/DIMENSION-S2-1024x468.jpg"},{"@type":"BreadcrumbList","@id":"https:\/\/www.tosunlux.eu\/tr\/products\/asymmetric-cycler-time-relay-trt8\/#breadcrumb","itemListElement":[{"@type":"ListItem","position":1,"name":"Home","item":"https:\/\/www.tosunlux.eu\/ru\/"},{"@type":"ListItem","position":2,"name":"Products","item":"https:\/\/www.tosunlux.eu\/products\/"},{"@type":"ListItem","position":3,"name":"Asymmetric Cycler Time Relay TRT8"}]},{"@type":"WebSite","@id":"https:\/\/www.tosunlux.eu\/ru\/#website","url":"https:\/\/www.tosunlux.eu\/ru\/","name":"Site Oficial TOSUNlux - Fabricante de Disjuntores El\u00e9tricos na China","description":"Fornecedor de sistema de distribui\u00e7\u00e3o de energia","publisher":{"@id":"https:\/\/www.tosunlux.eu\/ru\/#organization"},"alternateName":"TOSUNlux","potentialAction":[{"@type":"SearchAction","target":{"@type":"EntryPoint","urlTemplate":"https:\/\/www.tosunlux.eu\/ru\/?s={search_term_string}"},"query-input":{"@type":"PropertyValueSpecification","valueRequired":true,"valueName":"search_term_string"}}],"inLanguage":"pt-BR"},{"@type":"Organization","@id":"https:\/\/www.tosunlux.eu\/ru\/#organization","name":"TOSUNlux","url":"https:\/\/www.tosunlux.eu\/ru\/","logo":{"@type":"ImageObject","inLanguage":"pt-BR","@id":"https:\/\/www.tosunlux.eu\/ru\/#\/schema\/logo\/image\/","url":"https:\/\/www.tosunlux.eu\/wp-content\/uploads\/2022\/01\/LOGOSYSM.71762f1.png","contentUrl":"https:\/\/www.tosunlux.eu\/wp-content\/uploads\/2022\/01\/LOGOSYSM.71762f1.png","width":153,"height":55,"caption":"TOSUNlux"},"image":{"@id":"https:\/\/www.tosunlux.eu\/ru\/#\/schema\/logo\/image\/"},"sameAs":["https:\/\/www.facebook.com\/TOSUNelectric\/","https:\/\/www.linkedin.com\/company\/wenzhou-tosun-electric-co.-ltd\/"]}]}},"_links":{"self":[{"href":"https:\/\/www.tosunlux.eu\/pt\/wp-json\/wp\/v2\/product\/1131","targetHints":{"allow":["GET"]}}],"collection":[{"href":"https:\/\/www.tosunlux.eu\/pt\/wp-json\/wp\/v2\/product"}],"about":[{"href":"https:\/\/www.tosunlux.eu\/pt\/wp-json\/wp\/v2\/types\/product"}],"version-history":[{"count":1,"href":"https:\/\/www.tosunlux.eu\/pt\/wp-json\/wp\/v2\/product\/1131\/revisions"}],"predecessor-version":[{"id":8038,"href":"https:\/\/www.tosunlux.eu\/pt\/wp-json\/wp\/v2\/product\/1131\/revisions\/8038"}],"wp:attachment":[{"href":"https:\/\/www.tosunlux.eu\/pt\/wp-json\/wp\/v2\/media?parent=1131"}],"wp:term":[{"taxonomy":"product_category","embeddable":true,"href":"https:\/\/www.tosunlux.eu\/pt\/wp-json\/wp\/v2\/product_category?post=1131"}],"curies":[{"name":"wp","href":"https:\/\/api.w.org\/{rel}","templated":true}]}}