{"id":1139,"date":"2022-04-14T17:29:49","date_gmt":"2022-04-14T09:29:49","guid":{"rendered":"https:\/\/www.tosunlux.eu\/?post_type=product&#038;p=1139"},"modified":"2023-09-13T11:16:47","modified_gmt":"2023-09-13T03:16:47","slug":"level-control-relay-trl8","status":"publish","type":"product","link":"https:\/\/www.tosunlux.eu\/pt\/products\/level-control-relay-trl8\/","title":{"rendered":"Rel\u00e9 de controle de n\u00edvel TRL8"},"content":{"rendered":"<pre class=\"wp-block-verse\"><strong>Formul\u00e1rios<\/strong>\n\nProjetado para monitoramento de n\u00edvel em po\u00e7os , bacias , reservat\u00f3rios , tanques ......\n\n<strong>Recurso<\/strong>\n\nEm um dispositivo voc\u00ea pode escolher as seguintes configura\u00e7\u00f5es: Modo de controle de 2 n\u00edveis Modo de controle de 1 n\u00edvel Escolha da fun\u00e7\u00e3o PUMP UP , PUMP DOWM. Sensibilidade ajust\u00e1vel por um potenci\u00f4metro (5-100k\u03a9) Tens\u00e3o de alimenta\u00e7\u00e3o separada galvanicamente AC\/DC 24-240V O status do rel\u00e9 \u00e9 indicado por LED. 1-M\u00d3DULO, montagem em trilho DIN.\n\n<strong>Par\u00e2metros t\u00e9cnicos<\/strong>\n\n\n<\/pre>\n\n\n<table style=\"height: 894px;\" width=\"581\">\n<tbody>\n<tr>\n<td style=\"text-align: center;\" width=\"196\">Modelo<\/td>\n<td style=\"text-align: center;\" width=\"128\">TRL8-01<\/td>\n<td style=\"text-align: center;\" width=\"171\">TRL8-02<\/td>\n<\/tr>\n<tr>\n<td style=\"text-align: center;\" width=\"196\">Fun\u00e7\u00e3o<\/td>\n<td style=\"text-align: center;\" width=\"128\">Modo de controle de 2 n\u00edveis<\/td>\n<td style=\"text-align: center;\" width=\"171\">Modo de controle de 2 ou 1 n\u00edvel<\/td>\n<\/tr>\n<tr>\n<td style=\"text-align: center;\" width=\"196\">Terminais de alimenta\u00e7\u00e3o<\/td>\n<td style=\"text-align: center;\" colspan=\"2\" width=\"299\">A1-A2<\/td>\n<\/tr>\n<tr>\n<td style=\"text-align: center;\" width=\"196\">Alcance de voltagem<\/td>\n<td style=\"text-align: center;\" colspan=\"2\" width=\"299\">CA\/CC 12-240 V (50-60 Hz)<\/td>\n<\/tr>\n<tr>\n<td style=\"text-align: center;\" width=\"196\">Entrada<\/td>\n<td style=\"text-align: center;\" colspan=\"2\" width=\"299\">m\u00e1x.2VA<\/td>\n<\/tr>\n<tr>\n<td style=\"text-align: center;\" width=\"196\">Toler\u00e2ncia de tens\u00e3o de alimenta\u00e7\u00e3o<\/td>\n<td style=\"text-align: center;\" colspan=\"2\" width=\"299\">-15%;+10%<\/td>\n<\/tr>\n<tr>\n<td style=\"text-align: center;\" width=\"196\">Sensibilidade (resist\u00eancia de entrada)<\/td>\n<td style=\"text-align: center;\" colspan=\"2\" width=\"299\">Ajust\u00e1vel na faixa de 5 k\u03a9-100k\u03a9<\/td>\n<\/tr>\n<tr>\n<td style=\"text-align: center;\" width=\"196\">Tens\u00e3o nos eletrodos<\/td>\n<td style=\"text-align: center;\" colspan=\"2\" width=\"299\">m\u00e1x. CA 5V<\/td>\n<\/tr>\n<tr>\n<td style=\"text-align: center;\" width=\"196\">Corrente na sonda<\/td>\n<td style=\"text-align: center;\" colspan=\"2\" width=\"299\">AC&lt;0,1mA<\/td>\n<\/tr>\n<tr>\n<td style=\"text-align: center;\" width=\"196\">Tempo de resposta<\/td>\n<td style=\"text-align: center;\" colspan=\"2\" width=\"299\">m\u00e1x.400ms<\/td>\n<\/tr>\n<tr>\n<td style=\"text-align: center;\" width=\"196\">Comprimento m\u00e1ximo da capacidade<\/td>\n<td style=\"text-align: center;\" colspan=\"2\" width=\"299\">800 m(sensibilidade 25k\u03a9),200 m(sensibilidade 100k\u03a9)<\/td>\n<\/tr>\n<tr>\n<td style=\"text-align: center;\" width=\"196\">Max.capacity do cabo da sonda<\/td>\n<td style=\"text-align: center;\" colspan=\"2\" width=\"299\">400 nF(sensibilidade 25k\u03a9),100 nF(sensibilidade 100k\u03a9)<\/td>\n<\/tr>\n<tr>\n<td style=\"text-align: center;\" width=\"196\">Atraso de tempo(t)<\/td>\n<td style=\"text-align: center;\" colspan=\"2\" width=\"299\">Ajust\u00e1vel, 0,1-10s<\/td>\n<\/tr>\n<tr>\n<td style=\"text-align: center;\" width=\"196\">Precis\u00e3o na configura\u00e7\u00e3o (mec\u00e2nica)<\/td>\n<td style=\"text-align: center;\" colspan=\"2\" width=\"299\">\u00b110%<\/td>\n<\/tr>\n<tr>\n<td style=\"text-align: center;\" width=\"196\">Coeficiente de temperatura<\/td>\n<td style=\"text-align: center;\" colspan=\"2\" width=\"299\">0,05%\/\u00b0C,at=20\u2103(0,05%\u00b0F,at=68\u00b0F)<\/td>\n<\/tr>\n<tr>\n<td style=\"text-align: center;\" width=\"196\">Sa\u00edda\u00a0<\/td>\n<td style=\"text-align: center;\" colspan=\"2\" width=\"299\">1XSPDT<\/td>\n<\/tr>\n<tr>\n<td style=\"text-align: center;\" width=\"196\">Avalia\u00e7\u00e3o atual<\/td>\n<td style=\"text-align: center;\" colspan=\"2\" width=\"299\">10A\/AC1<\/td>\n<\/tr>\n<tr>\n<td style=\"text-align: center;\" width=\"196\">Tens\u00e3o de comuta\u00e7\u00e3o<\/td>\n<td style=\"text-align: center;\" colspan=\"2\" width=\"299\">250VAC\/24VCC<\/td>\n<\/tr>\n<tr>\n<td style=\"text-align: center;\" width=\"196\">Capacidade m\u00ednima de interrup\u00e7\u00e3o DC<\/td>\n<td style=\"text-align: center;\" colspan=\"2\" width=\"299\">500mW<\/td>\n<\/tr>\n<tr>\n<td style=\"text-align: center;\" width=\"196\">indica\u00e7\u00e3o de sa\u00edda<\/td>\n<td style=\"text-align: center;\" colspan=\"2\" width=\"299\">LED vermelho<\/td>\n<\/tr>\n<tr>\n<td style=\"text-align: center;\" width=\"196\">Vida mec\u00e2nica<\/td>\n<td style=\"text-align: center;\" colspan=\"2\" width=\"299\">1&#215;10000000<\/td>\n<\/tr>\n<tr>\n<td style=\"text-align: center;\" width=\"196\">Vida el\u00e9trica (AC1)<\/td>\n<td style=\"text-align: center;\" colspan=\"2\" width=\"299\">1&#215;100000<\/td>\n<\/tr>\n<tr>\n<td style=\"text-align: center;\" width=\"196\">Redefinir hora<\/td>\n<td style=\"text-align: center;\" colspan=\"2\" width=\"299\">m\u00e1x. 200ms<\/td>\n<\/tr>\n<tr>\n<td style=\"text-align: center;\" width=\"196\">Temperatura de opera\u00e7\u00e3o<\/td>\n<td style=\"text-align: center;\" colspan=\"2\" width=\"299\">-20\u00b0C a+55\u00b0C(-4\u00b0F a 131\u00b0F)<\/td>\n<\/tr>\n<tr>\n<td style=\"text-align: center;\" width=\"196\">Temperatura de armazenamento<\/td>\n<td style=\"text-align: center;\" colspan=\"2\" width=\"299\">\u00a0-35\u00b0C a +75\u00b0C(-22\u00b0\u2109 a 158\u00b0\u2109)<\/td>\n<\/tr>\n<tr>\n<td style=\"text-align: center;\" width=\"196\">Padr\u00f5es<\/td>\n<td style=\"text-align: center;\" colspan=\"2\" width=\"299\">EN 60255-1<\/td>\n<\/tr>\n<\/tbody>\n<\/table>\n<p>Dimens\u00e3o<\/p>\n<p>\u00a0<\/p>\n\n\n<figure class=\"wp-block-image size-large is-resized\"><img fetchpriority=\"high\" decoding=\"async\" src=\"https:\/\/www.tosunlux.eu\/wp-content\/uploads\/2022\/04\/DIMENSION-S2-1-1024x488.jpg\" alt=\"\" class=\"wp-image-1140\" width=\"575\" height=\"274\" srcset=\"https:\/\/www.tosunlux.eu\/wp-content\/uploads\/2022\/04\/DIMENSION-S2-1-1024x488.jpg 1024w, https:\/\/www.tosunlux.eu\/wp-content\/uploads\/2022\/04\/DIMENSION-S2-1-300x143.jpg 300w, https:\/\/www.tosunlux.eu\/wp-content\/uploads\/2022\/04\/DIMENSION-S2-1-768x366.jpg 768w, https:\/\/www.tosunlux.eu\/wp-content\/uploads\/2022\/04\/DIMENSION-S2-1-1536x732.jpg 1536w, https:\/\/www.tosunlux.eu\/wp-content\/uploads\/2022\/04\/DIMENSION-S2-1.jpg 1600w\" sizes=\"(max-width: 575px) 100vw, 575px\" \/><\/figure>","protected":false},"parent":0,"template":"","product_category":[35,92],"class_list":["post-1139","product","type-product","status-publish","hentry","product_category-industrial-control-devices","product_category-timer-relay"],"yoast_head":"<!-- This site is optimized with the Yoast SEO plugin v27.5 - https:\/\/yoast.com\/product\/yoast-seo-wordpress\/ -->\n<title>WholesaleLevel Control Relay TRL8 - TOSUNlux Official Site - Electrical Circuit Breaker Manufacturer in China Low Voltage Electrical Supplier | TOSUNlux<\/title>\n<meta name=\"description\" content=\"Level Control Relay TRL8 Supplier - Wholesale direct from TOSUNlux, a trusted manufacturer since 1994. Get your B2B factory quote on our certified Low Voltage electrical products.\" \/>\n<meta name=\"robots\" content=\"index, follow, max-snippet:-1, max-image-preview:large, max-video-preview:-1\" \/>\n<link rel=\"canonical\" href=\"https:\/\/www.tosunlux.eu\/pt\/products\/level-control-relay-trl8\/\" \/>\n<meta property=\"og:locale\" content=\"pt_BR\" \/>\n<meta property=\"og:type\" content=\"article\" \/>\n<meta property=\"og:title\" content=\"WholesaleLevel Control Relay TRL8 - TOSUNlux Official Site - Electrical Circuit Breaker Manufacturer in China Low Voltage Electrical Supplier | TOSUNlux\" \/>\n<meta property=\"og:description\" content=\"Level Control Relay TRL8 Supplier - Wholesale direct from TOSUNlux, a trusted manufacturer since 1994. Get your B2B factory quote on our certified Low Voltage electrical products.\" \/>\n<meta property=\"og:url\" content=\"https:\/\/www.tosunlux.eu\/pt\/products\/level-control-relay-trl8\/\" \/>\n<meta property=\"og:site_name\" content=\"TOSUNlux Official Site - Electrical Circuit Breaker Manufacturer in China\" \/>\n<meta property=\"article:publisher\" content=\"https:\/\/www.facebook.com\/TOSUNelectric\/\" \/>\n<meta property=\"article:modified_time\" content=\"2023-09-13T03:16:47+00:00\" \/>\n<meta property=\"og:image\" content=\"https:\/\/www.tosunlux.eu\/wp-content\/uploads\/2022\/04\/DIMENSION-S2-1-1024x488.jpg\" \/>\n<meta name=\"twitter:card\" content=\"summary_large_image\" \/>\n<meta name=\"twitter:label1\" content=\"Est. tempo de leitura\" \/>\n\t<meta name=\"twitter:data1\" content=\"1 minuto\" \/>\n<script type=\"application\/ld+json\" class=\"yoast-schema-graph\">{\"@context\":\"https:\\\/\\\/schema.org\",\"@graph\":[{\"@type\":\"WebPage\",\"@id\":\"https:\\\/\\\/www.tosunlux.eu\\\/products\\\/level-control-relay-trl8\\\/\",\"url\":\"https:\\\/\\\/www.tosunlux.eu\\\/products\\\/level-control-relay-trl8\\\/\",\"name\":\"WholesaleLevel Control Relay TRL8 - TOSUNlux Official Site - Electrical Circuit Breaker Manufacturer in China Low Voltage Electrical Supplier | TOSUNlux\",\"isPartOf\":{\"@id\":\"https:\\\/\\\/www.tosunlux.eu\\\/ru\\\/#website\"},\"primaryImageOfPage\":{\"@id\":\"https:\\\/\\\/www.tosunlux.eu\\\/products\\\/level-control-relay-trl8\\\/#primaryimage\"},\"image\":{\"@id\":\"https:\\\/\\\/www.tosunlux.eu\\\/products\\\/level-control-relay-trl8\\\/#primaryimage\"},\"thumbnailUrl\":\"https:\\\/\\\/www.tosunlux.eu\\\/wp-content\\\/uploads\\\/2022\\\/04\\\/DIMENSION-S2-1-1024x488.jpg\",\"datePublished\":\"2022-04-14T09:29:49+00:00\",\"dateModified\":\"2023-09-13T03:16:47+00:00\",\"description\":\"Level Control Relay TRL8 Supplier - Wholesale direct from TOSUNlux, a trusted manufacturer since 1994. Get your B2B factory quote on our certified Low Voltage electrical products.\",\"breadcrumb\":{\"@id\":\"https:\\\/\\\/www.tosunlux.eu\\\/products\\\/level-control-relay-trl8\\\/#breadcrumb\"},\"inLanguage\":\"pt-BR\",\"potentialAction\":[{\"@type\":\"ReadAction\",\"target\":[\"https:\\\/\\\/www.tosunlux.eu\\\/products\\\/level-control-relay-trl8\\\/\"]}]},{\"@type\":\"ImageObject\",\"inLanguage\":\"pt-BR\",\"@id\":\"https:\\\/\\\/www.tosunlux.eu\\\/products\\\/level-control-relay-trl8\\\/#primaryimage\",\"url\":\"https:\\\/\\\/www.tosunlux.eu\\\/wp-content\\\/uploads\\\/2022\\\/04\\\/DIMENSION-S2-1-1024x488.jpg\",\"contentUrl\":\"https:\\\/\\\/www.tosunlux.eu\\\/wp-content\\\/uploads\\\/2022\\\/04\\\/DIMENSION-S2-1-1024x488.jpg\"},{\"@type\":\"BreadcrumbList\",\"@id\":\"https:\\\/\\\/www.tosunlux.eu\\\/products\\\/level-control-relay-trl8\\\/#breadcrumb\",\"itemListElement\":[{\"@type\":\"ListItem\",\"position\":1,\"name\":\"Home\",\"item\":\"https:\\\/\\\/www.tosunlux.eu\\\/ru\\\/\"},{\"@type\":\"ListItem\",\"position\":2,\"name\":\"Products\",\"item\":\"https:\\\/\\\/www.tosunlux.eu\\\/products\\\/\"},{\"@type\":\"ListItem\",\"position\":3,\"name\":\"Level Control Relay TRL8\"}]},{\"@type\":\"WebSite\",\"@id\":\"https:\\\/\\\/www.tosunlux.eu\\\/ru\\\/#website\",\"url\":\"https:\\\/\\\/www.tosunlux.eu\\\/ru\\\/\",\"name\":\"TOSUNlux Official Site - Electrical Circuit Breaker Manufacturer in China\",\"description\":\"Power Distribution System Supplier\",\"publisher\":{\"@id\":\"https:\\\/\\\/www.tosunlux.eu\\\/ru\\\/#organization\"},\"alternateName\":\"TOSUNlux\",\"potentialAction\":[{\"@type\":\"SearchAction\",\"target\":{\"@type\":\"EntryPoint\",\"urlTemplate\":\"https:\\\/\\\/www.tosunlux.eu\\\/ru\\\/?s={search_term_string}\"},\"query-input\":{\"@type\":\"PropertyValueSpecification\",\"valueRequired\":true,\"valueName\":\"search_term_string\"}}],\"inLanguage\":\"pt-BR\"},{\"@type\":\"Organization\",\"@id\":\"https:\\\/\\\/www.tosunlux.eu\\\/ru\\\/#organization\",\"name\":\"TOSUNlux\",\"url\":\"https:\\\/\\\/www.tosunlux.eu\\\/ru\\\/\",\"logo\":{\"@type\":\"ImageObject\",\"inLanguage\":\"pt-BR\",\"@id\":\"https:\\\/\\\/www.tosunlux.eu\\\/ru\\\/#\\\/schema\\\/logo\\\/image\\\/\",\"url\":\"https:\\\/\\\/www.tosunlux.eu\\\/wp-content\\\/uploads\\\/2022\\\/01\\\/LOGOSYSM.71762f1.png\",\"contentUrl\":\"https:\\\/\\\/www.tosunlux.eu\\\/wp-content\\\/uploads\\\/2022\\\/01\\\/LOGOSYSM.71762f1.png\",\"width\":153,\"height\":55,\"caption\":\"TOSUNlux\"},\"image\":{\"@id\":\"https:\\\/\\\/www.tosunlux.eu\\\/ru\\\/#\\\/schema\\\/logo\\\/image\\\/\"},\"sameAs\":[\"https:\\\/\\\/www.facebook.com\\\/TOSUNelectric\\\/\",\"https:\\\/\\\/www.linkedin.com\\\/company\\\/wenzhou-tosun-electric-co.-ltd\\\/\"]}]}<\/script>\n<!-- \/ Yoast SEO plugin. -->","yoast_head_json":{"title":"WholesaleLevel Control Relay TRL8 - TOSUNlux Official Site - Electrical Circuit Breaker Manufacturer in China Low Voltage Electrical Supplier | TOSUNlux","description":"Level Control Relay TRL8 Supplier - Wholesale direct from TOSUNlux, a trusted manufacturer since 1994. Get your B2B factory quote on our certified Low Voltage electrical products.","robots":{"index":"index","follow":"follow","max-snippet":"max-snippet:-1","max-image-preview":"max-image-preview:large","max-video-preview":"max-video-preview:-1"},"canonical":"https:\/\/www.tosunlux.eu\/pt\/products\/level-control-relay-trl8\/","og_locale":"pt_BR","og_type":"article","og_title":"WholesaleLevel Control Relay TRL8 - TOSUNlux Official Site - Electrical Circuit Breaker Manufacturer in China Low Voltage Electrical Supplier | TOSUNlux","og_description":"Level Control Relay TRL8 Supplier - Wholesale direct from TOSUNlux, a trusted manufacturer since 1994. Get your B2B factory quote on our certified Low Voltage electrical products.","og_url":"https:\/\/www.tosunlux.eu\/pt\/products\/level-control-relay-trl8\/","og_site_name":"TOSUNlux Official Site - Electrical Circuit Breaker Manufacturer in China","article_publisher":"https:\/\/www.facebook.com\/TOSUNelectric\/","article_modified_time":"2023-09-13T03:16:47+00:00","og_image":[{"url":"https:\/\/www.tosunlux.eu\/wp-content\/uploads\/2022\/04\/DIMENSION-S2-1-1024x488.jpg","type":"","width":"","height":""}],"twitter_card":"summary_large_image","twitter_misc":{"Est. tempo de leitura":"1 minuto"},"schema":{"@context":"https:\/\/schema.org","@graph":[{"@type":"WebPage","@id":"https:\/\/www.tosunlux.eu\/products\/level-control-relay-trl8\/","url":"https:\/\/www.tosunlux.eu\/products\/level-control-relay-trl8\/","name":"WholesaleLevel Control Relay TRL8 - TOSUNlux Official Site - Electrical Circuit Breaker Manufacturer in China Low Voltage Electrical Supplier | TOSUNlux","isPartOf":{"@id":"https:\/\/www.tosunlux.eu\/ru\/#website"},"primaryImageOfPage":{"@id":"https:\/\/www.tosunlux.eu\/products\/level-control-relay-trl8\/#primaryimage"},"image":{"@id":"https:\/\/www.tosunlux.eu\/products\/level-control-relay-trl8\/#primaryimage"},"thumbnailUrl":"https:\/\/www.tosunlux.eu\/wp-content\/uploads\/2022\/04\/DIMENSION-S2-1-1024x488.jpg","datePublished":"2022-04-14T09:29:49+00:00","dateModified":"2023-09-13T03:16:47+00:00","description":"Level Control Relay TRL8 Supplier - Wholesale direct from TOSUNlux, a trusted manufacturer since 1994. Get your B2B factory quote on our certified Low Voltage electrical products.","breadcrumb":{"@id":"https:\/\/www.tosunlux.eu\/products\/level-control-relay-trl8\/#breadcrumb"},"inLanguage":"pt-BR","potentialAction":[{"@type":"ReadAction","target":["https:\/\/www.tosunlux.eu\/products\/level-control-relay-trl8\/"]}]},{"@type":"ImageObject","inLanguage":"pt-BR","@id":"https:\/\/www.tosunlux.eu\/products\/level-control-relay-trl8\/#primaryimage","url":"https:\/\/www.tosunlux.eu\/wp-content\/uploads\/2022\/04\/DIMENSION-S2-1-1024x488.jpg","contentUrl":"https:\/\/www.tosunlux.eu\/wp-content\/uploads\/2022\/04\/DIMENSION-S2-1-1024x488.jpg"},{"@type":"BreadcrumbList","@id":"https:\/\/www.tosunlux.eu\/products\/level-control-relay-trl8\/#breadcrumb","itemListElement":[{"@type":"ListItem","position":1,"name":"Home","item":"https:\/\/www.tosunlux.eu\/ru\/"},{"@type":"ListItem","position":2,"name":"Products","item":"https:\/\/www.tosunlux.eu\/products\/"},{"@type":"ListItem","position":3,"name":"Level Control Relay TRL8"}]},{"@type":"WebSite","@id":"https:\/\/www.tosunlux.eu\/ru\/#website","url":"https:\/\/www.tosunlux.eu\/ru\/","name":"Site Oficial TOSUNlux - Fabricante de Disjuntores El\u00e9tricos na China","description":"Fornecedor de sistema de distribui\u00e7\u00e3o de energia","publisher":{"@id":"https:\/\/www.tosunlux.eu\/ru\/#organization"},"alternateName":"TOSUNlux","potentialAction":[{"@type":"SearchAction","target":{"@type":"EntryPoint","urlTemplate":"https:\/\/www.tosunlux.eu\/ru\/?s={search_term_string}"},"query-input":{"@type":"PropertyValueSpecification","valueRequired":true,"valueName":"search_term_string"}}],"inLanguage":"pt-BR"},{"@type":"Organization","@id":"https:\/\/www.tosunlux.eu\/ru\/#organization","name":"TOSUNlux","url":"https:\/\/www.tosunlux.eu\/ru\/","logo":{"@type":"ImageObject","inLanguage":"pt-BR","@id":"https:\/\/www.tosunlux.eu\/ru\/#\/schema\/logo\/image\/","url":"https:\/\/www.tosunlux.eu\/wp-content\/uploads\/2022\/01\/LOGOSYSM.71762f1.png","contentUrl":"https:\/\/www.tosunlux.eu\/wp-content\/uploads\/2022\/01\/LOGOSYSM.71762f1.png","width":153,"height":55,"caption":"TOSUNlux"},"image":{"@id":"https:\/\/www.tosunlux.eu\/ru\/#\/schema\/logo\/image\/"},"sameAs":["https:\/\/www.facebook.com\/TOSUNelectric\/","https:\/\/www.linkedin.com\/company\/wenzhou-tosun-electric-co.-ltd\/"]}]}},"_links":{"self":[{"href":"https:\/\/www.tosunlux.eu\/pt\/wp-json\/wp\/v2\/product\/1139","targetHints":{"allow":["GET"]}}],"collection":[{"href":"https:\/\/www.tosunlux.eu\/pt\/wp-json\/wp\/v2\/product"}],"about":[{"href":"https:\/\/www.tosunlux.eu\/pt\/wp-json\/wp\/v2\/types\/product"}],"version-history":[{"count":1,"href":"https:\/\/www.tosunlux.eu\/pt\/wp-json\/wp\/v2\/product\/1139\/revisions"}],"predecessor-version":[{"id":8040,"href":"https:\/\/www.tosunlux.eu\/pt\/wp-json\/wp\/v2\/product\/1139\/revisions\/8040"}],"wp:attachment":[{"href":"https:\/\/www.tosunlux.eu\/pt\/wp-json\/wp\/v2\/media?parent=1139"}],"wp:term":[{"taxonomy":"product_category","embeddable":true,"href":"https:\/\/www.tosunlux.eu\/pt\/wp-json\/wp\/v2\/product_category?post=1139"}],"curies":[{"name":"wp","href":"https:\/\/api.w.org\/{rel}","templated":true}]}}