{"id":1147,"date":"2022-04-15T11:20:21","date_gmt":"2022-04-15T03:20:21","guid":{"rendered":"https:\/\/www.tosunlux.eu\/?post_type=product&#038;p=1147"},"modified":"2025-04-01T17:24:01","modified_gmt":"2025-04-01T09:24:01","slug":"monitoring-voltage-relay-trv8","status":"publish","type":"product","link":"https:\/\/www.tosunlux.eu\/pt\/products\/monitoring-voltage-relay-trv8\/","title":{"rendered":"Rel\u00e9 de Tens\u00e3o de Monitoramento TRV8"},"content":{"rendered":"<pre class=\"wp-block-verse\"><strong>Formul\u00e1rios<\/strong>\n\n\u25cf Proteger equipamentos el\u00e9tricos e motores contra sobretens\u00e3o e subtens\u00e3o. \u25cfComuta\u00e7\u00e3o de fonte de alimenta\u00e7\u00e3o normal\/emerg\u00eancia.\n<\/pre>\n\n\n\n<pre class=\"wp-block-verse\"><strong>Recurso<\/strong>\n\nControla sua pr\u00f3pria tens\u00e3o de alimenta\u00e7\u00e3o (medi\u00e7\u00e3o True RMS) O usu\u00e1rio pode selecionar o modo de opera\u00e7\u00e3o atrav\u00e9s do bot\u00e3o. Precis\u00e3o de medi\u00e7\u00e3o de tens\u00e3o &lt;1%. O status do rel\u00e9 \u00e9 indicado por LED. 1-M\u00d3DULO, montagem em trilho DIN.\n\n<strong>Par\u00e2metros t\u00e9cnicos<\/strong>\n<\/pre>\n\n\n<table style=\"height: 766px;\" width=\"540\">\n<tbody>\n<tr>\n<td style=\"text-align: center;\" width=\"211\">Modelo<\/td>\n<td style=\"text-align: center;\" colspan=\"3\" width=\"235\">TRV8-01 \/ TRV8-02<\/td>\n<\/tr>\n<tr>\n<td style=\"text-align: center;\" width=\"211\">Terminais de alimenta\u00e7\u00e3o de fun\u00e7\u00e3o<\/td>\n<td style=\"text-align: center;\" colspan=\"3\" width=\"235\">Tens\u00e3o de monitoramento<\/td>\n<\/tr>\n<tr>\n<td style=\"text-align: center;\" width=\"211\">Terminais de alimenta\u00e7\u00e3o<\/td>\n<td style=\"text-align: center;\" colspan=\"3\" width=\"235\">A1-A2<\/td>\n<\/tr>\n<tr>\n<td style=\"text-align: center;\" width=\"211\">Tens\u00e3o de alimenta\u00e7\u00e3o nominal<\/td>\n<td style=\"text-align: center;\" colspan=\"3\" width=\"235\">DC12V,AC\/DC24V-48V,AC\/DC110V-240V,AC220V<\/td>\n<\/tr>\n<tr>\n<td style=\"text-align: center;\" width=\"211\">Frequ\u00eancia de alimenta\u00e7\u00e3o nominal<\/td>\n<td style=\"text-align: center;\" colspan=\"3\" width=\"235\">45Hz-65Hz<\/td>\n<\/tr>\n<tr>\n<td style=\"text-align: center;\" width=\"211\">Histerese<\/td>\n<td style=\"text-align: center;\" colspan=\"3\" width=\"235\">5%-20% \/ 3%fixo<\/td>\n<\/tr>\n<tr>\n<td style=\"text-align: center;\" width=\"211\">indica\u00e7\u00e3o de abastecimento<\/td>\n<td style=\"text-align: center;\" colspan=\"3\" width=\"235\">LED verde<\/td>\n<\/tr>\n<tr>\n<td style=\"text-align: center;\" width=\"211\">atraso de tempo<\/td>\n<td style=\"text-align: center;\" colspan=\"3\" width=\"235\">Ajust\u00e1vel 0,1s-10s,10%<\/td>\n<\/tr>\n<tr>\n<td style=\"text-align: center;\" width=\"211\">Erro de medi\u00e7\u00e3o<\/td>\n<td style=\"text-align: center;\" colspan=\"3\" width=\"235\">\u22641%<\/td>\n<\/tr>\n<tr>\n<td style=\"text-align: center;\" width=\"211\">Atraso na ativa\u00e7\u00e3o<\/td>\n<td style=\"text-align: center;\" colspan=\"3\" width=\"235\">0,5s de atraso<\/td>\n<\/tr>\n<tr>\n<td style=\"text-align: center;\" width=\"211\">Precis\u00e3o de ajuste do bot\u00e3o<\/td>\n<td style=\"text-align: center;\" colspan=\"3\" width=\"235\">10% do valor da escala<\/td>\n<\/tr>\n<tr>\n<td style=\"text-align: center;\" width=\"211\">Redefinir hora<\/td>\n<td style=\"text-align: center;\" colspan=\"3\" width=\"235\">1000ms<\/td>\n<\/tr>\n<tr>\n<td style=\"text-align: center;\" width=\"211\">Coeficiente de temperatura<\/td>\n<td style=\"text-align: center;\" colspan=\"3\" width=\"235\">&nbsp;0,05%\/\u2103,at=20\u00b0C(0,05%\u00b0F,at=68\u00b0F)<\/td>\n<\/tr>\n<tr>\n<td style=\"text-align: center;\" width=\"211\">Sa\u00edda<\/td>\n<td style=\"text-align: center;\" colspan=\"3\" width=\"235\">1XSPDT<\/td>\n<\/tr>\n<tr>\n<td style=\"text-align: center;\" width=\"211\">Avalia\u00e7\u00e3o atual<\/td>\n<td style=\"text-align: center;\" colspan=\"3\" width=\"235\">10A\/AC1<\/td>\n<\/tr>\n<tr>\n<td style=\"text-align: center;\" width=\"211\">Tens\u00e3o de comuta\u00e7\u00e3o<\/td>\n<td style=\"text-align: center;\" colspan=\"3\" width=\"235\">250VAC\/24VCC<\/td>\n<\/tr>\n<tr>\n<td style=\"text-align: center;\" width=\"211\">Capacidade m\u00ednima de interrup\u00e7\u00e3o DC<\/td>\n<td style=\"text-align: center;\" colspan=\"3\" width=\"235\">500mW<\/td>\n<\/tr>\n<tr>\n<td style=\"text-align: center;\" width=\"211\">indica\u00e7\u00e3o de sa\u00edda<\/td>\n<td style=\"text-align: center;\" colspan=\"3\" width=\"235\">LED vermelho<\/td>\n<\/tr>\n<tr>\n<td style=\"text-align: center;\" width=\"211\">Vida mec\u00e2nica<\/td>\n<td style=\"text-align: center;\" colspan=\"3\" width=\"235\">1&#215;10000000<\/td>\n<\/tr>\n<tr>\n<td style=\"text-align: center;\" width=\"211\">Vida el\u00e9trica (AC1)<\/td>\n<td style=\"text-align: center;\" colspan=\"3\" width=\"235\">1&#215;100000<\/td>\n<\/tr>\n<tr>\n<td style=\"text-align: center;\" width=\"211\">Temperatura de opera\u00e7\u00e3o<\/td>\n<td style=\"text-align: center;\" colspan=\"3\" width=\"235\">&nbsp;-20 \u2103 a +55 \u2103 (-4 \u2109 a 131 \u2109)<\/td>\n<\/tr>\n<tr>\n<td style=\"text-align: center;\" width=\"211\">Temperatura de armazenamento<\/td>\n<td style=\"text-align: center;\" colspan=\"3\" width=\"235\">&nbsp;-35\u00b0\u2103 a +75\u00b0C (-22\u2109 a 158\u2109)<\/td>\n<\/tr>\n<tr>\n<td style=\"text-align: center;\" width=\"211\">Padr\u00f5es<\/td>\n<td style=\"text-align: center;\" colspan=\"3\" width=\"235\">EN 60255-1,IEC60947-5-1<\/td>\n<\/tr>\n<\/tbody>\n<\/table>","protected":false},"parent":0,"template":"","product_category":[35,92],"class_list":["post-1147","product","type-product","status-publish","hentry","product_category-industrial-control-devices","product_category-timer-relay"],"yoast_head":"<!-- This site is optimized with the Yoast SEO plugin v27.5 - https:\/\/yoast.com\/product\/yoast-seo-wordpress\/ -->\n<title>WholesaleMonitoring Voltage Relay TRV8 - TOSUNlux Official Site - Electrical Circuit Breaker Manufacturer in China Low Voltage Electrical Supplier | TOSUNlux<\/title>\n<meta name=\"description\" content=\"Monitoring Voltage Relay TRV8 Supplier - Wholesale direct from TOSUNlux, a trusted manufacturer since 1994. Get your B2B factory quote on our certified Low Voltage electrical products.\" \/>\n<meta name=\"robots\" content=\"index, follow, max-snippet:-1, max-image-preview:large, max-video-preview:-1\" \/>\n<link rel=\"canonical\" href=\"https:\/\/www.tosunlux.eu\/pt\/products\/monitoring-voltage-relay-trv8\/\" \/>\n<meta property=\"og:locale\" content=\"pt_BR\" \/>\n<meta property=\"og:type\" content=\"article\" \/>\n<meta property=\"og:title\" content=\"WholesaleMonitoring Voltage Relay TRV8 - TOSUNlux Official Site - Electrical Circuit Breaker Manufacturer in China Low Voltage Electrical Supplier | TOSUNlux\" \/>\n<meta property=\"og:description\" content=\"Monitoring Voltage Relay TRV8 Supplier - Wholesale direct from TOSUNlux, a trusted manufacturer since 1994. Get your B2B factory quote on our certified Low Voltage electrical products.\" \/>\n<meta property=\"og:url\" content=\"https:\/\/www.tosunlux.eu\/pt\/products\/monitoring-voltage-relay-trv8\/\" \/>\n<meta property=\"og:site_name\" content=\"TOSUNlux Official Site - Electrical Circuit Breaker Manufacturer in China\" \/>\n<meta property=\"article:publisher\" content=\"https:\/\/www.facebook.com\/TOSUNelectric\/\" \/>\n<meta property=\"article:modified_time\" content=\"2025-04-01T09:24:01+00:00\" \/>\n<meta property=\"og:image\" content=\"https:\/\/www.tosunlux.eu\/wp-content\/uploads\/2023\/04\/DSC08160_\u526f\u672c.jpg\" \/>\n\t<meta property=\"og:image:width\" content=\"1500\" \/>\n\t<meta property=\"og:image:height\" content=\"940\" \/>\n\t<meta property=\"og:image:type\" content=\"image\/jpeg\" \/>\n<meta name=\"twitter:card\" content=\"summary_large_image\" \/>\n<meta name=\"twitter:label1\" content=\"Est. tempo de leitura\" \/>\n\t<meta name=\"twitter:data1\" content=\"1 minuto\" \/>\n<script type=\"application\/ld+json\" class=\"yoast-schema-graph\">{\"@context\":\"https:\\\/\\\/schema.org\",\"@graph\":[{\"@type\":\"WebPage\",\"@id\":\"https:\\\/\\\/www.tosunlux.eu\\\/sq\\\/products\\\/monitoring-voltage-relay-trv8\\\/\",\"url\":\"https:\\\/\\\/www.tosunlux.eu\\\/sq\\\/products\\\/monitoring-voltage-relay-trv8\\\/\",\"name\":\"WholesaleMonitoring Voltage Relay TRV8 - TOSUNlux Official Site - Electrical Circuit Breaker Manufacturer in China Low Voltage Electrical Supplier | TOSUNlux\",\"isPartOf\":{\"@id\":\"https:\\\/\\\/www.tosunlux.eu\\\/ru\\\/#website\"},\"datePublished\":\"2022-04-15T03:20:21+00:00\",\"dateModified\":\"2025-04-01T09:24:01+00:00\",\"description\":\"Monitoring Voltage Relay TRV8 Supplier - Wholesale direct from TOSUNlux, a trusted manufacturer since 1994. Get your B2B factory quote on our certified Low Voltage electrical products.\",\"breadcrumb\":{\"@id\":\"https:\\\/\\\/www.tosunlux.eu\\\/sq\\\/products\\\/monitoring-voltage-relay-trv8\\\/#breadcrumb\"},\"inLanguage\":\"pt-BR\",\"potentialAction\":[{\"@type\":\"ReadAction\",\"target\":[\"https:\\\/\\\/www.tosunlux.eu\\\/sq\\\/products\\\/monitoring-voltage-relay-trv8\\\/\"]}]},{\"@type\":\"BreadcrumbList\",\"@id\":\"https:\\\/\\\/www.tosunlux.eu\\\/sq\\\/products\\\/monitoring-voltage-relay-trv8\\\/#breadcrumb\",\"itemListElement\":[{\"@type\":\"ListItem\",\"position\":1,\"name\":\"Home\",\"item\":\"https:\\\/\\\/www.tosunlux.eu\\\/ru\\\/\"},{\"@type\":\"ListItem\",\"position\":2,\"name\":\"Products\",\"item\":\"https:\\\/\\\/www.tosunlux.eu\\\/products\\\/\"},{\"@type\":\"ListItem\",\"position\":3,\"name\":\"Monitoring Voltage Relay TRV8\"}]},{\"@type\":\"WebSite\",\"@id\":\"https:\\\/\\\/www.tosunlux.eu\\\/ru\\\/#website\",\"url\":\"https:\\\/\\\/www.tosunlux.eu\\\/ru\\\/\",\"name\":\"TOSUNlux Official Site - Electrical Circuit Breaker Manufacturer in China\",\"description\":\"Power Distribution System Supplier\",\"publisher\":{\"@id\":\"https:\\\/\\\/www.tosunlux.eu\\\/ru\\\/#organization\"},\"alternateName\":\"TOSUNlux\",\"potentialAction\":[{\"@type\":\"SearchAction\",\"target\":{\"@type\":\"EntryPoint\",\"urlTemplate\":\"https:\\\/\\\/www.tosunlux.eu\\\/ru\\\/?s={search_term_string}\"},\"query-input\":{\"@type\":\"PropertyValueSpecification\",\"valueRequired\":true,\"valueName\":\"search_term_string\"}}],\"inLanguage\":\"pt-BR\"},{\"@type\":\"Organization\",\"@id\":\"https:\\\/\\\/www.tosunlux.eu\\\/ru\\\/#organization\",\"name\":\"TOSUNlux\",\"url\":\"https:\\\/\\\/www.tosunlux.eu\\\/ru\\\/\",\"logo\":{\"@type\":\"ImageObject\",\"inLanguage\":\"pt-BR\",\"@id\":\"https:\\\/\\\/www.tosunlux.eu\\\/ru\\\/#\\\/schema\\\/logo\\\/image\\\/\",\"url\":\"https:\\\/\\\/www.tosunlux.eu\\\/wp-content\\\/uploads\\\/2022\\\/01\\\/LOGOSYSM.71762f1.png\",\"contentUrl\":\"https:\\\/\\\/www.tosunlux.eu\\\/wp-content\\\/uploads\\\/2022\\\/01\\\/LOGOSYSM.71762f1.png\",\"width\":153,\"height\":55,\"caption\":\"TOSUNlux\"},\"image\":{\"@id\":\"https:\\\/\\\/www.tosunlux.eu\\\/ru\\\/#\\\/schema\\\/logo\\\/image\\\/\"},\"sameAs\":[\"https:\\\/\\\/www.facebook.com\\\/TOSUNelectric\\\/\",\"https:\\\/\\\/www.linkedin.com\\\/company\\\/wenzhou-tosun-electric-co.-ltd\\\/\"]}]}<\/script>\n<!-- \/ Yoast SEO plugin. -->","yoast_head_json":{"title":"Rel\u00e9 de Monitoramento de Tens\u00e3o TRV8 - Site Oficial da TOSUNlux - Fabricante de Disjuntores El\u00e9tricos na China - Fornecedor de Eletricidade de Baixa Tens\u00e3o | TOSUNlux","description":"Fornecedor de rel\u00e9 de monitoramento de tens\u00e3o TRV8 - Venda por atacado direto da TOSUNlux, um fabricante confi\u00e1vel desde 1994. Obtenha seu or\u00e7amento de f\u00e1brica B2B para nossos produtos el\u00e9tricos de baixa tens\u00e3o certificados.","robots":{"index":"index","follow":"follow","max-snippet":"max-snippet:-1","max-image-preview":"max-image-preview:large","max-video-preview":"max-video-preview:-1"},"canonical":"https:\/\/www.tosunlux.eu\/pt\/products\/monitoring-voltage-relay-trv8\/","og_locale":"pt_BR","og_type":"article","og_title":"WholesaleMonitoring Voltage Relay TRV8 - TOSUNlux Official Site - Electrical Circuit Breaker Manufacturer in China Low Voltage Electrical Supplier | TOSUNlux","og_description":"Monitoring Voltage Relay TRV8 Supplier - Wholesale direct from TOSUNlux, a trusted manufacturer since 1994. Get your B2B factory quote on our certified Low Voltage electrical products.","og_url":"https:\/\/www.tosunlux.eu\/pt\/products\/monitoring-voltage-relay-trv8\/","og_site_name":"TOSUNlux Official Site - Electrical Circuit Breaker Manufacturer in China","article_publisher":"https:\/\/www.facebook.com\/TOSUNelectric\/","article_modified_time":"2025-04-01T09:24:01+00:00","og_image":[{"width":1500,"height":940,"url":"https:\/\/www.tosunlux.eu\/wp-content\/uploads\/2023\/04\/DSC08160_\u526f\u672c.jpg","type":"image\/jpeg"}],"twitter_card":"summary_large_image","twitter_misc":{"Est. tempo de leitura":"1 minuto"},"schema":{"@context":"https:\/\/schema.org","@graph":[{"@type":"WebPage","@id":"https:\/\/www.tosunlux.eu\/sq\/products\/monitoring-voltage-relay-trv8\/","url":"https:\/\/www.tosunlux.eu\/sq\/products\/monitoring-voltage-relay-trv8\/","name":"Rel\u00e9 de Monitoramento de Tens\u00e3o TRV8 - Site Oficial da TOSUNlux - Fabricante de Disjuntores El\u00e9tricos na China - Fornecedor de Eletricidade de Baixa Tens\u00e3o | TOSUNlux","isPartOf":{"@id":"https:\/\/www.tosunlux.eu\/ru\/#website"},"datePublished":"2022-04-15T03:20:21+00:00","dateModified":"2025-04-01T09:24:01+00:00","description":"Fornecedor de rel\u00e9 de monitoramento de tens\u00e3o TRV8 - Venda por atacado direto da TOSUNlux, um fabricante confi\u00e1vel desde 1994. Obtenha seu or\u00e7amento de f\u00e1brica B2B para nossos produtos el\u00e9tricos de baixa tens\u00e3o certificados.","breadcrumb":{"@id":"https:\/\/www.tosunlux.eu\/sq\/products\/monitoring-voltage-relay-trv8\/#breadcrumb"},"inLanguage":"pt-BR","potentialAction":[{"@type":"ReadAction","target":["https:\/\/www.tosunlux.eu\/sq\/products\/monitoring-voltage-relay-trv8\/"]}]},{"@type":"BreadcrumbList","@id":"https:\/\/www.tosunlux.eu\/sq\/products\/monitoring-voltage-relay-trv8\/#breadcrumb","itemListElement":[{"@type":"ListItem","position":1,"name":"Home","item":"https:\/\/www.tosunlux.eu\/ru\/"},{"@type":"ListItem","position":2,"name":"Products","item":"https:\/\/www.tosunlux.eu\/products\/"},{"@type":"ListItem","position":3,"name":"Monitoring Voltage Relay TRV8"}]},{"@type":"WebSite","@id":"https:\/\/www.tosunlux.eu\/ru\/#website","url":"https:\/\/www.tosunlux.eu\/ru\/","name":"Site Oficial TOSUNlux - Fabricante de Disjuntores El\u00e9tricos na China","description":"Fornecedor de sistema de distribui\u00e7\u00e3o de energia","publisher":{"@id":"https:\/\/www.tosunlux.eu\/ru\/#organization"},"alternateName":"TOSUNlux","potentialAction":[{"@type":"SearchAction","target":{"@type":"EntryPoint","urlTemplate":"https:\/\/www.tosunlux.eu\/ru\/?s={search_term_string}"},"query-input":{"@type":"PropertyValueSpecification","valueRequired":true,"valueName":"search_term_string"}}],"inLanguage":"pt-BR"},{"@type":"Organization","@id":"https:\/\/www.tosunlux.eu\/ru\/#organization","name":"TOSUNlux","url":"https:\/\/www.tosunlux.eu\/ru\/","logo":{"@type":"ImageObject","inLanguage":"pt-BR","@id":"https:\/\/www.tosunlux.eu\/ru\/#\/schema\/logo\/image\/","url":"https:\/\/www.tosunlux.eu\/wp-content\/uploads\/2022\/01\/LOGOSYSM.71762f1.png","contentUrl":"https:\/\/www.tosunlux.eu\/wp-content\/uploads\/2022\/01\/LOGOSYSM.71762f1.png","width":153,"height":55,"caption":"TOSUNlux"},"image":{"@id":"https:\/\/www.tosunlux.eu\/ru\/#\/schema\/logo\/image\/"},"sameAs":["https:\/\/www.facebook.com\/TOSUNelectric\/","https:\/\/www.linkedin.com\/company\/wenzhou-tosun-electric-co.-ltd\/"]}]}},"_links":{"self":[{"href":"https:\/\/www.tosunlux.eu\/pt\/wp-json\/wp\/v2\/product\/1147","targetHints":{"allow":["GET"]}}],"collection":[{"href":"https:\/\/www.tosunlux.eu\/pt\/wp-json\/wp\/v2\/product"}],"about":[{"href":"https:\/\/www.tosunlux.eu\/pt\/wp-json\/wp\/v2\/types\/product"}],"version-history":[{"count":2,"href":"https:\/\/www.tosunlux.eu\/pt\/wp-json\/wp\/v2\/product\/1147\/revisions"}],"predecessor-version":[{"id":13139,"href":"https:\/\/www.tosunlux.eu\/pt\/wp-json\/wp\/v2\/product\/1147\/revisions\/13139"}],"wp:attachment":[{"href":"https:\/\/www.tosunlux.eu\/pt\/wp-json\/wp\/v2\/media?parent=1147"}],"wp:term":[{"taxonomy":"product_category","embeddable":true,"href":"https:\/\/www.tosunlux.eu\/pt\/wp-json\/wp\/v2\/product_category?post=1147"}],"curies":[{"name":"wp","href":"https:\/\/api.w.org\/{rel}","templated":true}]}}