{"id":1154,"date":"2022-04-15T13:54:21","date_gmt":"2022-04-15T05:54:21","guid":{"rendered":"https:\/\/www.tosunlux.eu\/?post_type=product&#038;p=1154"},"modified":"2022-04-19T13:34:57","modified_gmt":"2022-04-19T05:34:57","slug":"dual-function-time-relay-trt8-ec","status":"publish","type":"product","link":"https:\/\/www.tosunlux.eu\/pt\/products\/dual-function-time-relay-trt8-ec\/","title":{"rendered":"Rel\u00e9 de tempo de dupla fun\u00e7\u00e3o TRT8-EC"},"content":{"rendered":"<pre class=\"wp-block-verse\"><strong>Formul\u00e1rios<\/strong>\n\nO rel\u00e9 de tempo de fun\u00e7\u00e3o dupla pode ser usado para equipamentos industriais, controle de ilumina\u00e7\u00e3o, controle de elemento de aquecimento, controle de motor e ventilador, com dois modos de atraso, e a faixa de atraso cobre 0,1 segundos a 10 dias.\n\n<\/pre>\n\n\n\n<pre class=\"wp-block-verse\"><strong>Recurso<\/strong>\n\nDois modos de atraso podem ser definidos. Suporta AC230V, AC\/DC24V dois tipos de tens\u00e3o de trabalho. Faixa de atraso ultra ampla, 0,1 segundos - 10 dias pode ser definido. O estado de funcionamento do rel\u00e9 \u00e9 indicado pelo indicador LED. Tamanho ultra pequeno, apenas 18 mm de largura, instala\u00e7\u00e3o em trilho de 35 mm.\n\n<strong>Par\u00e2metros t\u00e9cnicos<\/strong>\n\n<\/pre>\n\n\n\n<figure class=\"wp-block-table\"><table><tbody><tr><td>Modelo<\/td><td>TRT8-CE<\/td><\/tr><tr><td>Fun\u00e7\u00e3o<\/td><td>Atraso na ativa\u00e7\u00e3o, atraso na desativa\u00e7\u00e3o<\/td><\/tr><tr><td>Terminais de alimenta\u00e7\u00e3o<\/td><td>A1-A2(AC230V),A1-A3(AC\/DC24V)<\/td><\/tr><tr><td>Alcance de voltagem<\/td><td>CA 230 V (50-60 Hz), CA\/CC 24 V<\/td><\/tr><tr><td>Entrada de energia<\/td><td>CA m\u00e1x.6VA\/1,3W<\/td><\/tr><tr><td>Toler\u00e2ncia de tens\u00e3o de alimenta\u00e7\u00e3o<\/td><td>-15%;+10%<\/td><\/tr><tr><td>indica\u00e7\u00e3o de abastecimento<\/td><td>led verde<\/td><\/tr><tr><td>intervalos de tempo<\/td><td>0,1 s-10 dias<\/td><\/tr><tr><td>Configura\u00e7\u00e3o de tempo<\/td><td>potenci\u00f4metro<\/td><\/tr><tr><td>desvio de tempo<\/td><td>\u226410%<\/td><\/tr><tr><td>Repetir precis\u00e3o<\/td><td>0,2%-estabilidade do valor definido<\/td><\/tr><tr><td>Coeficiente de temperatura<\/td><td>0,05%\/C,at=20\u2103(0,05%\u00b0F,at=68\u00b0F)<\/td><\/tr><tr><td>Sa\u00edda<\/td><td>1xSPDT<\/td><\/tr><tr><td>Avalia\u00e7\u00e3o atual<\/td><td>1x10A(AC1)<\/td><\/tr><tr><td>Tens\u00e3o de comuta\u00e7\u00e3o<\/td><td>250VAC\/24VCC<\/td><\/tr><tr><td>Capacidade m\u00ednima de interrup\u00e7\u00e3o DC<\/td><td>500mW<\/td><\/tr><tr><td>indica\u00e7\u00e3o de sa\u00edda<\/td><td>LED vermelho<\/td><\/tr><tr><td>Vida mec\u00e2nica<\/td><td>1&#215;10000000<\/td><\/tr><tr><td>Vida el\u00e9trica (AC1)<\/td><td>1&#215;100000<\/td><\/tr><tr><td>Redefinir hora<\/td><td>m\u00e1x. 200ms<\/td><\/tr><tr><td>Temperatura de opera\u00e7\u00e3o<\/td><td>&nbsp;-20 \u2103 a +55 \u2103 (-4 \u2109 a 131 \u2109)<\/td><\/tr><tr><td>Temperatura de armazenamento<\/td><td>&nbsp;-35\u00b0\u2103 a +75\u00b0C (-22\u2109 a 158\u2109)<\/td><\/tr><\/tbody><\/table><\/figure>\n\n\n\n<p><\/p>\n\n\n<p><strong>Dimens\u00e3o<\/strong><\/p>\n\n\n<figure class=\"wp-block-image size-large is-resized\"><img fetchpriority=\"high\" decoding=\"async\" src=\"https:\/\/www.tosunlux.eu\/wp-content\/uploads\/2022\/04\/DIMENSION-S2-2-1024x513.jpg\" alt=\"\" class=\"wp-image-1158\" width=\"554\" height=\"276\" srcset=\"https:\/\/www.tosunlux.eu\/wp-content\/uploads\/2022\/04\/DIMENSION-S2-2-300x150.jpg 300w, https:\/\/www.tosunlux.eu\/wp-content\/uploads\/2022\/04\/DIMENSION-S2-2-1536x769.jpg 1536w\" sizes=\"(max-width: 554px) 100vw, 554px\" \/><\/figure>\n\n\n\n<p><\/p>","protected":false},"parent":0,"template":"","product_category":[35,92],"class_list":["post-1154","product","type-product","status-publish","hentry","product_category-industrial-control-devices","product_category-timer-relay"],"yoast_head":"<!-- This site is optimized with the Yoast SEO plugin v27.4 - https:\/\/yoast.com\/product\/yoast-seo-wordpress\/ -->\n<title>WholesaleDual Function Time Relay TRT8-EC - TOSUNlux Official Site - Electrical Circuit Breaker Manufacturer in China Low Voltage Electrical Supplier | TOSUNlux<\/title>\n<meta name=\"description\" content=\"Dual Function Time Relay TRT8-EC Supplier - Wholesale direct from TOSUNlux, a trusted manufacturer since 1994. Get your B2B factory quote on our certified Low Voltage electrical products.\" \/>\n<meta name=\"robots\" content=\"index, follow, max-snippet:-1, max-image-preview:large, max-video-preview:-1\" \/>\n<link rel=\"canonical\" href=\"https:\/\/www.tosunlux.eu\/pt\/products\/dual-function-time-relay-trt8-ec\/\" \/>\n<meta property=\"og:locale\" content=\"pt_BR\" \/>\n<meta property=\"og:type\" content=\"article\" \/>\n<meta property=\"og:title\" content=\"WholesaleDual Function Time Relay TRT8-EC - TOSUNlux Official Site - Electrical Circuit Breaker Manufacturer in China Low Voltage Electrical Supplier | TOSUNlux\" \/>\n<meta property=\"og:description\" content=\"Dual Function Time Relay TRT8-EC Supplier - Wholesale direct from TOSUNlux, a trusted manufacturer since 1994. Get your B2B factory quote on our certified Low Voltage electrical products.\" \/>\n<meta property=\"og:url\" content=\"https:\/\/www.tosunlux.eu\/pt\/products\/dual-function-time-relay-trt8-ec\/\" \/>\n<meta property=\"og:site_name\" content=\"TOSUNlux Official Site - Electrical Circuit Breaker Manufacturer in China\" \/>\n<meta property=\"article:publisher\" content=\"https:\/\/www.facebook.com\/TOSUNelectric\/\" \/>\n<meta property=\"article:modified_time\" content=\"2022-04-19T05:34:57+00:00\" \/>\n<meta property=\"og:image\" content=\"https:\/\/www.tosunlux.eu\/wp-content\/uploads\/2022\/04\/DIMENSION-S2-2-1024x513.jpg\" \/>\n<meta name=\"twitter:card\" content=\"summary_large_image\" \/>\n<meta name=\"twitter:label1\" content=\"Est. tempo de leitura\" \/>\n\t<meta name=\"twitter:data1\" content=\"1 minuto\" \/>\n<script type=\"application\/ld+json\" class=\"yoast-schema-graph\">{\"@context\":\"https:\\\/\\\/schema.org\",\"@graph\":[{\"@type\":\"WebPage\",\"@id\":\"https:\\\/\\\/www.tosunlux.eu\\\/ar\\\/products\\\/dual-function-time-relay-trt8-ec\\\/\",\"url\":\"https:\\\/\\\/www.tosunlux.eu\\\/ar\\\/products\\\/dual-function-time-relay-trt8-ec\\\/\",\"name\":\"WholesaleDual Function Time Relay TRT8-EC - TOSUNlux Official Site - Electrical Circuit Breaker Manufacturer in China Low Voltage Electrical Supplier | TOSUNlux\",\"isPartOf\":{\"@id\":\"https:\\\/\\\/www.tosunlux.eu\\\/ru\\\/#website\"},\"primaryImageOfPage\":{\"@id\":\"https:\\\/\\\/www.tosunlux.eu\\\/ar\\\/products\\\/dual-function-time-relay-trt8-ec\\\/#primaryimage\"},\"image\":{\"@id\":\"https:\\\/\\\/www.tosunlux.eu\\\/ar\\\/products\\\/dual-function-time-relay-trt8-ec\\\/#primaryimage\"},\"thumbnailUrl\":\"https:\\\/\\\/www.tosunlux.eu\\\/wp-content\\\/uploads\\\/2022\\\/04\\\/DIMENSION-S2-2-1024x513.jpg\",\"datePublished\":\"2022-04-15T05:54:21+00:00\",\"dateModified\":\"2022-04-19T05:34:57+00:00\",\"description\":\"Dual Function Time Relay TRT8-EC Supplier - Wholesale direct from TOSUNlux, a trusted manufacturer since 1994. Get your B2B factory quote on our certified Low Voltage electrical products.\",\"breadcrumb\":{\"@id\":\"https:\\\/\\\/www.tosunlux.eu\\\/ar\\\/products\\\/dual-function-time-relay-trt8-ec\\\/#breadcrumb\"},\"inLanguage\":\"pt-BR\",\"potentialAction\":[{\"@type\":\"ReadAction\",\"target\":[\"https:\\\/\\\/www.tosunlux.eu\\\/ar\\\/products\\\/dual-function-time-relay-trt8-ec\\\/\"]}]},{\"@type\":\"ImageObject\",\"inLanguage\":\"pt-BR\",\"@id\":\"https:\\\/\\\/www.tosunlux.eu\\\/ar\\\/products\\\/dual-function-time-relay-trt8-ec\\\/#primaryimage\",\"url\":\"https:\\\/\\\/www.tosunlux.eu\\\/wp-content\\\/uploads\\\/2022\\\/04\\\/DIMENSION-S2-2-1024x513.jpg\",\"contentUrl\":\"https:\\\/\\\/www.tosunlux.eu\\\/wp-content\\\/uploads\\\/2022\\\/04\\\/DIMENSION-S2-2-1024x513.jpg\"},{\"@type\":\"BreadcrumbList\",\"@id\":\"https:\\\/\\\/www.tosunlux.eu\\\/ar\\\/products\\\/dual-function-time-relay-trt8-ec\\\/#breadcrumb\",\"itemListElement\":[{\"@type\":\"ListItem\",\"position\":1,\"name\":\"Home\",\"item\":\"https:\\\/\\\/www.tosunlux.eu\\\/ru\\\/\"},{\"@type\":\"ListItem\",\"position\":2,\"name\":\"Products\",\"item\":\"https:\\\/\\\/www.tosunlux.eu\\\/products\\\/\"},{\"@type\":\"ListItem\",\"position\":3,\"name\":\"Dual Function Time Relay TRT8-EC\"}]},{\"@type\":\"WebSite\",\"@id\":\"https:\\\/\\\/www.tosunlux.eu\\\/ru\\\/#website\",\"url\":\"https:\\\/\\\/www.tosunlux.eu\\\/ru\\\/\",\"name\":\"TOSUNlux Official Site - Electrical Circuit Breaker Manufacturer in China\",\"description\":\"Power Distribution System Supplier\",\"publisher\":{\"@id\":\"https:\\\/\\\/www.tosunlux.eu\\\/ru\\\/#organization\"},\"alternateName\":\"TOSUNlux\",\"potentialAction\":[{\"@type\":\"SearchAction\",\"target\":{\"@type\":\"EntryPoint\",\"urlTemplate\":\"https:\\\/\\\/www.tosunlux.eu\\\/ru\\\/?s={search_term_string}\"},\"query-input\":{\"@type\":\"PropertyValueSpecification\",\"valueRequired\":true,\"valueName\":\"search_term_string\"}}],\"inLanguage\":\"pt-BR\"},{\"@type\":\"Organization\",\"@id\":\"https:\\\/\\\/www.tosunlux.eu\\\/ru\\\/#organization\",\"name\":\"TOSUNlux\",\"url\":\"https:\\\/\\\/www.tosunlux.eu\\\/ru\\\/\",\"logo\":{\"@type\":\"ImageObject\",\"inLanguage\":\"pt-BR\",\"@id\":\"https:\\\/\\\/www.tosunlux.eu\\\/ru\\\/#\\\/schema\\\/logo\\\/image\\\/\",\"url\":\"https:\\\/\\\/www.tosunlux.eu\\\/wp-content\\\/uploads\\\/2022\\\/01\\\/LOGOSYSM.71762f1.png\",\"contentUrl\":\"https:\\\/\\\/www.tosunlux.eu\\\/wp-content\\\/uploads\\\/2022\\\/01\\\/LOGOSYSM.71762f1.png\",\"width\":153,\"height\":55,\"caption\":\"TOSUNlux\"},\"image\":{\"@id\":\"https:\\\/\\\/www.tosunlux.eu\\\/ru\\\/#\\\/schema\\\/logo\\\/image\\\/\"},\"sameAs\":[\"https:\\\/\\\/www.facebook.com\\\/TOSUNelectric\\\/\",\"https:\\\/\\\/www.linkedin.com\\\/company\\\/wenzhou-tosun-electric-co.-ltd\\\/\"]}]}<\/script>\n<!-- \/ Yoast SEO plugin. -->","yoast_head_json":{"title":"Rel\u00e9 de tempo de dupla fun\u00e7\u00e3o TRT8-EC - Site oficial da TOSUNlux - Fabricante de disjuntores el\u00e9tricos na China, fornecedor de equipamentos el\u00e9tricos de baixa tens\u00e3o | TOSUNlux","description":"Fornecedor de rel\u00e9 de tempo de dupla fun\u00e7\u00e3o TRT8-EC - Venda por atacado direto da TOSUNlux, um fabricante confi\u00e1vel desde 1994. Obtenha seu or\u00e7amento de f\u00e1brica B2B para nossos produtos el\u00e9tricos de baixa tens\u00e3o certificados.","robots":{"index":"index","follow":"follow","max-snippet":"max-snippet:-1","max-image-preview":"max-image-preview:large","max-video-preview":"max-video-preview:-1"},"canonical":"https:\/\/www.tosunlux.eu\/pt\/products\/dual-function-time-relay-trt8-ec\/","og_locale":"pt_BR","og_type":"article","og_title":"WholesaleDual Function Time Relay TRT8-EC - TOSUNlux Official Site - Electrical Circuit Breaker Manufacturer in China Low Voltage Electrical Supplier | TOSUNlux","og_description":"Dual Function Time Relay TRT8-EC Supplier - Wholesale direct from TOSUNlux, a trusted manufacturer since 1994. Get your B2B factory quote on our certified Low Voltage electrical products.","og_url":"https:\/\/www.tosunlux.eu\/pt\/products\/dual-function-time-relay-trt8-ec\/","og_site_name":"TOSUNlux Official Site - Electrical Circuit Breaker Manufacturer in China","article_publisher":"https:\/\/www.facebook.com\/TOSUNelectric\/","article_modified_time":"2022-04-19T05:34:57+00:00","og_image":[{"url":"https:\/\/www.tosunlux.eu\/wp-content\/uploads\/2022\/04\/DIMENSION-S2-2-1024x513.jpg","type":"","width":"","height":""}],"twitter_card":"summary_large_image","twitter_misc":{"Est. tempo de leitura":"1 minuto"},"schema":{"@context":"https:\/\/schema.org","@graph":[{"@type":"WebPage","@id":"https:\/\/www.tosunlux.eu\/ar\/products\/dual-function-time-relay-trt8-ec\/","url":"https:\/\/www.tosunlux.eu\/ar\/products\/dual-function-time-relay-trt8-ec\/","name":"Rel\u00e9 de tempo de dupla fun\u00e7\u00e3o TRT8-EC - Site oficial da TOSUNlux - Fabricante de disjuntores el\u00e9tricos na China, fornecedor de equipamentos el\u00e9tricos de baixa tens\u00e3o | TOSUNlux","isPartOf":{"@id":"https:\/\/www.tosunlux.eu\/ru\/#website"},"primaryImageOfPage":{"@id":"https:\/\/www.tosunlux.eu\/ar\/products\/dual-function-time-relay-trt8-ec\/#primaryimage"},"image":{"@id":"https:\/\/www.tosunlux.eu\/ar\/products\/dual-function-time-relay-trt8-ec\/#primaryimage"},"thumbnailUrl":"https:\/\/www.tosunlux.eu\/wp-content\/uploads\/2022\/04\/DIMENSION-S2-2-1024x513.jpg","datePublished":"2022-04-15T05:54:21+00:00","dateModified":"2022-04-19T05:34:57+00:00","description":"Fornecedor de rel\u00e9 de tempo de dupla fun\u00e7\u00e3o TRT8-EC - Venda por atacado direto da TOSUNlux, um fabricante confi\u00e1vel desde 1994. Obtenha seu or\u00e7amento de f\u00e1brica B2B para nossos produtos el\u00e9tricos de baixa tens\u00e3o certificados.","breadcrumb":{"@id":"https:\/\/www.tosunlux.eu\/ar\/products\/dual-function-time-relay-trt8-ec\/#breadcrumb"},"inLanguage":"pt-BR","potentialAction":[{"@type":"ReadAction","target":["https:\/\/www.tosunlux.eu\/ar\/products\/dual-function-time-relay-trt8-ec\/"]}]},{"@type":"ImageObject","inLanguage":"pt-BR","@id":"https:\/\/www.tosunlux.eu\/ar\/products\/dual-function-time-relay-trt8-ec\/#primaryimage","url":"https:\/\/www.tosunlux.eu\/wp-content\/uploads\/2022\/04\/DIMENSION-S2-2-1024x513.jpg","contentUrl":"https:\/\/www.tosunlux.eu\/wp-content\/uploads\/2022\/04\/DIMENSION-S2-2-1024x513.jpg"},{"@type":"BreadcrumbList","@id":"https:\/\/www.tosunlux.eu\/ar\/products\/dual-function-time-relay-trt8-ec\/#breadcrumb","itemListElement":[{"@type":"ListItem","position":1,"name":"Home","item":"https:\/\/www.tosunlux.eu\/ru\/"},{"@type":"ListItem","position":2,"name":"Products","item":"https:\/\/www.tosunlux.eu\/products\/"},{"@type":"ListItem","position":3,"name":"Dual Function Time Relay TRT8-EC"}]},{"@type":"WebSite","@id":"https:\/\/www.tosunlux.eu\/ru\/#website","url":"https:\/\/www.tosunlux.eu\/ru\/","name":"Site Oficial TOSUNlux - Fabricante de Disjuntores El\u00e9tricos na China","description":"Fornecedor de sistema de distribui\u00e7\u00e3o de energia","publisher":{"@id":"https:\/\/www.tosunlux.eu\/ru\/#organization"},"alternateName":"TOSUNlux","potentialAction":[{"@type":"SearchAction","target":{"@type":"EntryPoint","urlTemplate":"https:\/\/www.tosunlux.eu\/ru\/?s={search_term_string}"},"query-input":{"@type":"PropertyValueSpecification","valueRequired":true,"valueName":"search_term_string"}}],"inLanguage":"pt-BR"},{"@type":"Organization","@id":"https:\/\/www.tosunlux.eu\/ru\/#organization","name":"TOSUNlux","url":"https:\/\/www.tosunlux.eu\/ru\/","logo":{"@type":"ImageObject","inLanguage":"pt-BR","@id":"https:\/\/www.tosunlux.eu\/ru\/#\/schema\/logo\/image\/","url":"https:\/\/www.tosunlux.eu\/wp-content\/uploads\/2022\/01\/LOGOSYSM.71762f1.png","contentUrl":"https:\/\/www.tosunlux.eu\/wp-content\/uploads\/2022\/01\/LOGOSYSM.71762f1.png","width":153,"height":55,"caption":"TOSUNlux"},"image":{"@id":"https:\/\/www.tosunlux.eu\/ru\/#\/schema\/logo\/image\/"},"sameAs":["https:\/\/www.facebook.com\/TOSUNelectric\/","https:\/\/www.linkedin.com\/company\/wenzhou-tosun-electric-co.-ltd\/"]}]}},"_links":{"self":[{"href":"https:\/\/www.tosunlux.eu\/pt\/wp-json\/wp\/v2\/product\/1154","targetHints":{"allow":["GET"]}}],"collection":[{"href":"https:\/\/www.tosunlux.eu\/pt\/wp-json\/wp\/v2\/product"}],"about":[{"href":"https:\/\/www.tosunlux.eu\/pt\/wp-json\/wp\/v2\/types\/product"}],"version-history":[{"count":1,"href":"https:\/\/www.tosunlux.eu\/pt\/wp-json\/wp\/v2\/product\/1154\/revisions"}],"predecessor-version":[{"id":8044,"href":"https:\/\/www.tosunlux.eu\/pt\/wp-json\/wp\/v2\/product\/1154\/revisions\/8044"}],"wp:attachment":[{"href":"https:\/\/www.tosunlux.eu\/pt\/wp-json\/wp\/v2\/media?parent=1154"}],"wp:term":[{"taxonomy":"product_category","embeddable":true,"href":"https:\/\/www.tosunlux.eu\/pt\/wp-json\/wp\/v2\/product_category?post=1154"}],"curies":[{"name":"wp","href":"https:\/\/api.w.org\/{rel}","templated":true}]}}